{"id":7304,"date":"2020-08-15T17:16:25","date_gmt":"2020-08-15T16:16:25","guid":{"rendered":"https:\/\/blumiz.com\/produkt\/chocolate-fleurs-de-cbd-9\/"},"modified":"2025-02-06T21:39:25","modified_gmt":"2025-02-06T20:39:25","slug":"chocolate-cbd","status":"publish","type":"product","link":"https:\/\/blumiz.com\/fr\/produit\/chocolate-cbd\/","title":{"rendered":"Chocolate &#8211; Fleur CBD 9%."},"content":{"rendered":"<h2><span style=\"color: #107d85;\">Fleur CBD <\/span><span style=\"color: #107d85;\">Chocolate Outdoor 9% (en anglais)<\/span><\/h2>\n<h4><span style=\"color: #ff6600;\">D\u00e9couvre le Chocolate CBD<\/span><\/h4>\n<p>La vari\u00e9t\u00e9 Chocolate CBD est une \u00e9volution d&#8217;une vari\u00e9t\u00e9 Sativa populaire, issue du croisement entre la Chocolate Thai et la Cannalope Haze.<br \/>\nElle est comme un hommage aux doux ar\u00f4mes de chocolat des vari\u00e9t\u00e9s de cannabis THC des ann\u00e9es 1980.<\/p>\n<h4><span style=\"color: #ff6600;\">Description des Fleur CBD <strong>Chocolate<\/strong> <\/span><\/h4>\n<p>Notre &#8220;chocolat&#8221; se compose de <strong>fleurs d&#8217;ext\u00e9rieur<\/strong> r\u00e9sistantes dans leur forme naturelle.<br \/>\nElle vous s\u00e9duira imm\u00e9diatement par son ar\u00f4me sucr\u00e9 caract\u00e9ristique de caf\u00e9 et de chocolat et ses notes terreuses.<br \/>\nLes bourgeons de &#8220;Chocolate&#8221;, coup\u00e9s \u00e0 la main, ont une coloration claire passionnante avec de nombreux poils orang\u00e9s et des nuances fonc\u00e9es.<\/p>\n<h4><span style=\"color: #ff6600;\">Fabrication de Chocolate<\/span><\/h4>\n<p>Nos<strong> fleurs<\/strong> <strong>&#8220;Chocolate&#8221;<\/strong> de haute qualit\u00e9 proviennent de cultures suisses contr\u00f4l\u00e9es en serre, o\u00f9 elles sont produites par une \u00e9quipe exp\u00e9riment\u00e9e et soucieuse du d\u00e9tail. Comme la culture de ces <strong>fleurs CBD<\/strong> se fait sans utilisation de pesticides, d&#8217;herbicides et d&#8217;engrais chimiques, et qu&#8217;elle se termine en outre par un <strong>processus de fermentation de quatre semaines<\/strong>, les ar\u00f4mes <strong>de caf\u00e9 et de chocolat <\/strong>caract\u00e9ristiques de cette souche CBD peuvent \u00eatre mis en valeur de mani\u00e8re optimale. Bien entendu, toutes nos<strong> fleurs<\/strong> <strong>&#8220;Chocolate&#8221;<\/strong> sont \u00e9galement r\u00e9colt\u00e9es \u00e0 la main et tri\u00e9es \u00e0 sec avant d&#8217;\u00eatre affin\u00e9es avec des cristaux de CBD de haute qualit\u00e9. C&#8217;est en effet la seule fa\u00e7on de donner \u00e0 cette vari\u00e9t\u00e9 exceptionnelle de <strong>Fleur CBD<\/strong> une apparence appropri\u00e9e.<\/p>\n<p>Si vous recherchez d&#8217;autres vari\u00e9t\u00e9s \u00e0 un bon prix, nous vous recommandons \u00e9galement d&#8217;essayer notre <a href=\"https:\/\/blumiz.com\/produit\/skunk-cbd-original\/\">Skunk Original<\/a> ou notre <a href=\"https:\/\/blumiz.com\/produit\/cbd-small-bud-indoor-mix-9\/\">Small Buds Mix Indoor<\/a>.<\/p>\n<p>Si vous recherchez une vari\u00e9t\u00e9 de qualit\u00e9 sup\u00e9rieure, nous vous recommandons <a href=\"https:\/\/blumiz.com\/produit\/ivory-cbd\/\">Ivory<\/a> ou <a href=\"https:\/\/blumiz.com\/produit\/amnesia-cbd\/\">Amnesia<\/a>.<\/p>\n<h4><span style=\"color: #ff6600;\">Une diversit\u00e9 pleine d&#8217;\u00e9nergie !<\/span><\/h4>\n<p>Gr\u00e2ce \u00e0 sa teneur en CBD, les effets de Chocolate CBD sont imm\u00e9diatement perceptibles : \u00e9nergie, optimisme, bonne humeur, motivation, cr\u00e9ativit\u00e9&#8230; Les consommateurs de cette vari\u00e9t\u00e9 sont unanimes, c&#8217;est un chanvre qui vous pousse \u00e0 aller de l&#8217;avant et \u00e0 exprimer vos id\u00e9es claires. Il pourrait donc \u00eatre efficace dans la lutte contre l&#8217;anxi\u00e9t\u00e9 et les \u00e9tats d\u00e9pressifs comme le Moonrock CBD.<\/p>\n<p>C&#8217;est une excellente alternative \u00e0 votre caf\u00e9 du matin : en plus des bienfaits du cannabis CBD, il ne vous rend pas nerveux ou anxieux comme la caf\u00e9ine.<\/p>\n<p>Alors, qu&#8217;attendez-vous pour essayer ?<\/p>\n<h4><span style=\"color: #ff6600;\">Notre <a style=\"color: #ff6600;\" href=\"\/?product_cat=cbd-blueten\">boutique de Fleur CBD<\/a> est synonyme de normes de qualit\u00e9 \u00e9lev\u00e9es et de produits tri\u00e9s sur le volet.<\/span><\/h4>\n<p>Les Fleur CBD sont disponibles en diff\u00e9rents ar\u00f4mes et concentrations de CBD. Nos Fleur CBD sont soumises \u00e0 des crit\u00e8res de qualit\u00e9 externes stricts. Nos produits sont aussi vendus en tant que mati\u00e8res premi\u00e8res et sont exempts d&#8217;additifs chimiques et d&#8217;impuret\u00e9s.<\/p>\n<p>D\u00e9couvrez ici \u00e9galement notre <a href=\"https:\/\/blumiz.com\/fr\/category\/hash-et-concentres\/\">HASH CBD<\/a><\/p>\n<p>Une question, vous avez besoin d&#8217;aide ? <a href=\"https:\/\/blumiz.com\/hilfe-und-faqs\/\">Cliquez ici pour d\u00e9couvrir notre centre d&#8217;aide.<\/a><\/p>\n<p>D\u00e9couvrez nos <a href=\"https:\/\/blumiz.com\/fr\/category\/headshop\/\">produits et accessoires Headshop<\/a> pour profiter de vos vari\u00e9t\u00e9s pr\u00e9f\u00e9r\u00e9es<\/p>\n<h4><span style=\"color: #ff6600;\">Commander chez Blumiz signifie<\/span><\/h4>\n<p>&#8211; Livraison rapide, discr\u00e8te et inodore<br \/>\n&#8211; Produits certifi\u00e9s de qualit\u00e9 et en laboratoire<br \/>\n&#8211; Des prix imbattables, car nous fabriquons nos propres produits<\/p>\n","protected":false},"excerpt":{"rendered":"<h4><span style=\"color: #107d85;\">Fleur CBD Chocolate Outdoor 9%<\/span><\/h4>\n<p>Commencez la journ\u00e9e du bon pied avec Chocolate !<\/p>\n<p>Appr\u00e9ci\u00e9 pour ses effets \u00e9nergisants et ses ar\u00f4mes gourmands, Chocolate CBD vous aide \u00e0 prendre de l&#8217;\u00e9lan !<br \/>\nVari\u00e9t\u00e9 cultiv\u00e9e en plein air \u00e0 un prix avantageux.<\/p>\n","protected":false},"featured_media":6674,"comment_status":"open","ping_status":"closed","template":"","meta":{"site-sidebar-layout":"default","site-content-layout":"default","ast-site-content-layout":"default","site-content-style":"default","site-sidebar-style":"default","ast-global-header-display":"","ast-banner-title-visibility":"","ast-main-header-display":"","ast-hfb-above-header-display":"","ast-hfb-below-header-display":"","ast-hfb-mobile-header-display":"","site-post-title":"","ast-breadcrumbs-content":"","ast-featured-img":"","footer-sml-layout":"","ast-disable-related-posts":"","theme-transparent-header-meta":"default","adv-header-id-meta":"","stick-header-meta":"default","header-above-stick-meta":"","header-main-stick-meta":"","header-below-stick-meta":"","astra-migrate-meta-layouts":"default","ast-page-background-enabled":"default","ast-page-background-meta":{"desktop":{"background-color":"","background-image":"","background-repeat":"repeat","background-position":"center center","background-size":"auto","background-attachment":"scroll","background-type":"","background-media":"","overlay-type":"","overlay-color":"","overlay-opacity":"","overlay-gradient":""},"tablet":{"background-color":"","background-image":"","background-repeat":"repeat","background-position":"center center","background-size":"auto","background-attachment":"scroll","background-type":"","background-media":"","overlay-type":"","overlay-color":"","overlay-opacity":"","overlay-gradient":""},"mobile":{"background-color":"","background-image":"","background-repeat":"repeat","background-position":"center center","background-size":"auto","background-attachment":"scroll","background-type":"","background-media":"","overlay-type":"","overlay-color":"","overlay-opacity":"","overlay-gradient":""}},"ast-content-background-meta":{"desktop":{"background-color":"var(--ast-global-color-5)","background-image":"","background-repeat":"repeat","background-position":"center center","background-size":"auto","background-attachment":"scroll","background-type":"","background-media":"","overlay-type":"","overlay-color":"","overlay-opacity":"","overlay-gradient":""},"tablet":{"background-color":"var(--ast-global-color-5)","background-image":"","background-repeat":"repeat","background-position":"center center","background-size":"auto","background-attachment":"scroll","background-type":"","background-media":"","overlay-type":"","overlay-color":"","overlay-opacity":"","overlay-gradient":""},"mobile":{"background-color":"var(--ast-global-color-5)","background-image":"","background-repeat":"repeat","background-position":"center center","background-size":"auto","background-attachment":"scroll","background-type":"","background-media":"","overlay-type":"","overlay-color":"","overlay-opacity":"","overlay-gradient":""}}},"product_brand":[],"product_cat":[304,164,161,166],"product_tag":[201,205],"class_list":{"0":"post-7304","1":"product","2":"type-product","3":"status-publish","4":"has-post-thumbnail","6":"product_cat-cbd-fr","7":"product_cat-fleur-cbd-pas-cher","8":"product_cat-fleurs-de-cbd","9":"product_cat-fleur-cbd-outdoor","10":"product_tag-fleurs-cbd-pas-cher","11":"product_tag-outdoor-cbd-fr","12":"pa_cbd-rate-0-a-10-cbd","13":"pa_kategorie-fleur-cbd-pas-cher","14":"pa_kategorie-outdoor-fr","15":"desktop-align-left","16":"tablet-align-center","17":"mobile-align-left","18":"ast-product-gallery-layout-vertical","19":"ast-magnify-disabled","20":"ast-product-single-variable","21":"ast-product-tabs-layout-horizontal","23":"first","24":"instock","25":"taxable","26":"shipping-taxable","27":"purchasable","28":"product-type-variable"},"yoast_head":"<!-- This site is optimized with the Yoast SEO Premium plugin v27.2 (Yoast SEO v27.5) - https:\/\/yoast.com\/product\/yoast-seo-premium-wordpress\/ -->\n<title>Chocolate CBD 9% Outdoor \u00e0 partir de1,6\u20ac\/g.Fleur CBD pas cher Blumiz<\/title>\n<meta name=\"description\" content=\"Chocolate CBD 9% Outdoor \u00e0 partir de 1,6\u20ac\/g - Fleur CBD pas cher de BlumizSorte saveur chocolat....livraison rapide et discr\u00e8te en France....cannabis legal\" \/>\n<meta name=\"robots\" content=\"index, follow, max-snippet:-1, max-image-preview:large, max-video-preview:-1\" \/>\n<link rel=\"canonical\" href=\"https:\/\/blumiz.com\/fr\/produit\/chocolate-cbd\/\" \/>\n<meta property=\"og:locale\" content=\"fr_FR\" \/>\n<meta property=\"og:type\" content=\"article\" \/>\n<meta property=\"og:title\" content=\"Chocolate - Fleur CBD 9%.\" \/>\n<meta property=\"og:description\" content=\"Chocolate - Fleur CBD 9%. Blumiz - Premium CBD\" \/>\n<meta property=\"og:url\" content=\"https:\/\/blumiz.com\/fr\/produit\/chocolate-cbd\/\" \/>\n<meta property=\"og:site_name\" content=\"Blumiz - Premium CBD\" \/>\n<meta property=\"article:modified_time\" content=\"2025-02-06T20:39:25+00:00\" \/>\n<meta property=\"og:image\" content=\"https:\/\/blumiz.com\/wp-content\/uploads\/2022\/08\/CHOCOLATE-BAG-BLUMIZ.webp\" \/>\n\t<meta property=\"og:image:width\" content=\"600\" \/>\n\t<meta property=\"og:image:height\" content=\"600\" \/>\n\t<meta property=\"og:image:type\" content=\"image\/webp\" \/>\n<meta name=\"twitter:card\" content=\"summary_large_image\" \/>\n<meta name=\"twitter:label1\" content=\"Disponibilit\u00e9\" \/>\n\t<meta name=\"twitter:data1\" content=\"En stock\" \/>\n<script type=\"application\/ld+json\" class=\"yoast-schema-graph\">{\"@context\":\"https:\\\/\\\/schema.org\",\"@graph\":[{\"@type\":\"WebPage\",\"@id\":\"https:\\\/\\\/blumiz.com\\\/fr\\\/produit\\\/chocolate-cbd\\\/\",\"url\":\"https:\\\/\\\/blumiz.com\\\/fr\\\/produit\\\/chocolate-cbd\\\/\",\"name\":\"Chocolate CBD 9% Outdoor \u00e0 partir de1,6\u20ac\\\/g.Fleur CBD pas cher Blumiz\",\"isPartOf\":{\"@id\":\"https:\\\/\\\/blumiz.com\\\/fr\\\/#website\"},\"primaryImageOfPage\":{\"@id\":\"https:\\\/\\\/blumiz.com\\\/fr\\\/produit\\\/chocolate-cbd\\\/#primaryimage\"},\"image\":{\"@id\":\"https:\\\/\\\/blumiz.com\\\/fr\\\/produit\\\/chocolate-cbd\\\/#primaryimage\"},\"thumbnailUrl\":\"https:\\\/\\\/blumiz.com\\\/wp-content\\\/uploads\\\/2022\\\/08\\\/CHOCOLATE-BAG-BLUMIZ.webp\",\"datePublished\":\"2020-08-15T16:16:25+00:00\",\"dateModified\":\"2025-02-06T20:39:25+00:00\",\"description\":\"Chocolate CBD 9% Outdoor \u00e0 partir de 1,6\u20ac\\\/g - Fleur CBD pas cher de BlumizSorte saveur chocolat....livraison rapide et discr\u00e8te en France....cannabis legal\",\"breadcrumb\":{\"@id\":\"https:\\\/\\\/blumiz.com\\\/fr\\\/produit\\\/chocolate-cbd\\\/#breadcrumb\"},\"inLanguage\":\"fr-FR\",\"potentialAction\":[{\"@type\":\"ReadAction\",\"target\":[\"https:\\\/\\\/blumiz.com\\\/fr\\\/produit\\\/chocolate-cbd\\\/\"]}]},{\"@type\":\"ImageObject\",\"inLanguage\":\"fr-FR\",\"@id\":\"https:\\\/\\\/blumiz.com\\\/fr\\\/produit\\\/chocolate-cbd\\\/#primaryimage\",\"url\":\"https:\\\/\\\/blumiz.com\\\/wp-content\\\/uploads\\\/2022\\\/08\\\/CHOCOLATE-BAG-BLUMIZ.webp\",\"contentUrl\":\"https:\\\/\\\/blumiz.com\\\/wp-content\\\/uploads\\\/2022\\\/08\\\/CHOCOLATE-BAG-BLUMIZ.webp\",\"width\":600,\"height\":600},{\"@type\":\"BreadcrumbList\",\"@id\":\"https:\\\/\\\/blumiz.com\\\/fr\\\/produit\\\/chocolate-cbd\\\/#breadcrumb\",\"itemListElement\":[{\"@type\":\"ListItem\",\"position\":1,\"name\":\"Blumiz\",\"item\":\"https:\\\/\\\/blumiz.com\\\/fr\\\/\"},{\"@type\":\"ListItem\",\"position\":2,\"name\":\"CBD Shop\",\"item\":\"https:\\\/\\\/blumiz.com\\\/fr\\\/acheter-cbd-shop\\\/\"},{\"@type\":\"ListItem\",\"position\":3,\"name\":\"Fleurs de CBD\",\"item\":\"https:\\\/\\\/blumiz.com\\\/fr\\\/category\\\/fleurs-de-cbd\\\/\"},{\"@type\":\"ListItem\",\"position\":4,\"name\":\"Chocolate &#8211; Fleur CBD 9%.\"}]},{\"@type\":\"WebSite\",\"@id\":\"https:\\\/\\\/blumiz.com\\\/fr\\\/#website\",\"url\":\"https:\\\/\\\/blumiz.com\\\/fr\\\/\",\"name\":\"Blumiz - Premium CBD\",\"description\":\"Blumiz, Cannabis specialist\",\"publisher\":{\"@id\":\"https:\\\/\\\/blumiz.com\\\/fr\\\/#organization\"},\"alternateName\":\"Blumiz\",\"potentialAction\":[{\"@type\":\"SearchAction\",\"target\":{\"@type\":\"EntryPoint\",\"urlTemplate\":\"https:\\\/\\\/blumiz.com\\\/fr\\\/?s={search_term_string}\"},\"query-input\":{\"@type\":\"PropertyValueSpecification\",\"valueRequired\":true,\"valueName\":\"search_term_string\"}}],\"inLanguage\":\"fr-FR\"},{\"@type\":\"Organization\",\"@id\":\"https:\\\/\\\/blumiz.com\\\/fr\\\/#organization\",\"name\":\"Blumiz CBD\",\"alternateName\":\"Blumiz\",\"url\":\"https:\\\/\\\/blumiz.com\\\/fr\\\/\",\"logo\":{\"@type\":\"ImageObject\",\"inLanguage\":\"fr-FR\",\"@id\":\"https:\\\/\\\/blumiz.com\\\/fr\\\/#\\\/schema\\\/logo\\\/image\\\/\",\"url\":\"https:\\\/\\\/blumiz.com\\\/wp-content\\\/uploads\\\/2026\\\/02\\\/cropped-Blumiz-CBD-logo.webp\",\"contentUrl\":\"https:\\\/\\\/blumiz.com\\\/wp-content\\\/uploads\\\/2026\\\/02\\\/cropped-Blumiz-CBD-logo.webp\",\"width\":2547,\"height\":778,\"caption\":\"Blumiz CBD\"},\"image\":{\"@id\":\"https:\\\/\\\/blumiz.com\\\/fr\\\/#\\\/schema\\\/logo\\\/image\\\/\"}}]}<\/script>\n<meta property=\"og:availability\" content=\"instock\" \/>\n<meta property=\"product:availability\" content=\"instock\" \/>\n<meta property=\"product:retailer_item_id\" content=\"757391\" \/>\n<meta property=\"product:condition\" content=\"new\" \/>\n<!-- \/ Yoast SEO Premium plugin. -->","yoast_head_json":{"title":"Chocolate CBD 9% Outdoor \u00e0 partir de1,6\u20ac\/g.Fleur CBD pas cher Blumiz","description":"Chocolate CBD 9% Outdoor \u00e0 partir de 1,6\u20ac\/g - Fleur CBD pas cher de BlumizSorte saveur chocolat....livraison rapide et discr\u00e8te en France....cannabis legal","robots":{"index":"index","follow":"follow","max-snippet":"max-snippet:-1","max-image-preview":"max-image-preview:large","max-video-preview":"max-video-preview:-1"},"canonical":"https:\/\/blumiz.com\/fr\/produit\/chocolate-cbd\/","og_locale":"fr_FR","og_type":"article","og_title":"Chocolate - Fleur CBD 9%.","og_description":"Chocolate - Fleur CBD 9%. Blumiz - Premium CBD","og_url":"https:\/\/blumiz.com\/fr\/produit\/chocolate-cbd\/","og_site_name":"Blumiz - Premium CBD","article_modified_time":"2025-02-06T20:39:25+00:00","og_image":[{"width":600,"height":600,"url":"https:\/\/blumiz.com\/wp-content\/uploads\/2022\/08\/CHOCOLATE-BAG-BLUMIZ.webp","type":"image\/webp"}],"twitter_card":"summary_large_image","twitter_misc":{"Disponibilit\u00e9":"En stock"},"schema":{"@context":"https:\/\/schema.org","@graph":[{"@type":"WebPage","@id":"https:\/\/blumiz.com\/fr\/produit\/chocolate-cbd\/","url":"https:\/\/blumiz.com\/fr\/produit\/chocolate-cbd\/","name":"Chocolate CBD 9% Outdoor \u00e0 partir de1,6\u20ac\/g.Fleur CBD pas cher Blumiz","isPartOf":{"@id":"https:\/\/blumiz.com\/fr\/#website"},"primaryImageOfPage":{"@id":"https:\/\/blumiz.com\/fr\/produit\/chocolate-cbd\/#primaryimage"},"image":{"@id":"https:\/\/blumiz.com\/fr\/produit\/chocolate-cbd\/#primaryimage"},"thumbnailUrl":"https:\/\/blumiz.com\/wp-content\/uploads\/2022\/08\/CHOCOLATE-BAG-BLUMIZ.webp","datePublished":"2020-08-15T16:16:25+00:00","dateModified":"2025-02-06T20:39:25+00:00","description":"Chocolate CBD 9% Outdoor \u00e0 partir de 1,6\u20ac\/g - Fleur CBD pas cher de BlumizSorte saveur chocolat....livraison rapide et discr\u00e8te en France....cannabis legal","breadcrumb":{"@id":"https:\/\/blumiz.com\/fr\/produit\/chocolate-cbd\/#breadcrumb"},"inLanguage":"fr-FR","potentialAction":[{"@type":"ReadAction","target":["https:\/\/blumiz.com\/fr\/produit\/chocolate-cbd\/"]}]},{"@type":"ImageObject","inLanguage":"fr-FR","@id":"https:\/\/blumiz.com\/fr\/produit\/chocolate-cbd\/#primaryimage","url":"https:\/\/blumiz.com\/wp-content\/uploads\/2022\/08\/CHOCOLATE-BAG-BLUMIZ.webp","contentUrl":"https:\/\/blumiz.com\/wp-content\/uploads\/2022\/08\/CHOCOLATE-BAG-BLUMIZ.webp","width":600,"height":600},{"@type":"BreadcrumbList","@id":"https:\/\/blumiz.com\/fr\/produit\/chocolate-cbd\/#breadcrumb","itemListElement":[{"@type":"ListItem","position":1,"name":"Blumiz","item":"https:\/\/blumiz.com\/fr\/"},{"@type":"ListItem","position":2,"name":"CBD Shop","item":"https:\/\/blumiz.com\/fr\/acheter-cbd-shop\/"},{"@type":"ListItem","position":3,"name":"Fleurs de CBD","item":"https:\/\/blumiz.com\/fr\/category\/fleurs-de-cbd\/"},{"@type":"ListItem","position":4,"name":"Chocolate &#8211; Fleur CBD 9%."}]},{"@type":"WebSite","@id":"https:\/\/blumiz.com\/fr\/#website","url":"https:\/\/blumiz.com\/fr\/","name":"Blumiz - Premium CBD","description":"Blumiz, Cannabis specialist","publisher":{"@id":"https:\/\/blumiz.com\/fr\/#organization"},"alternateName":"Blumiz","potentialAction":[{"@type":"SearchAction","target":{"@type":"EntryPoint","urlTemplate":"https:\/\/blumiz.com\/fr\/?s={search_term_string}"},"query-input":{"@type":"PropertyValueSpecification","valueRequired":true,"valueName":"search_term_string"}}],"inLanguage":"fr-FR"},{"@type":"Organization","@id":"https:\/\/blumiz.com\/fr\/#organization","name":"Blumiz CBD","alternateName":"Blumiz","url":"https:\/\/blumiz.com\/fr\/","logo":{"@type":"ImageObject","inLanguage":"fr-FR","@id":"https:\/\/blumiz.com\/fr\/#\/schema\/logo\/image\/","url":"https:\/\/blumiz.com\/wp-content\/uploads\/2026\/02\/cropped-Blumiz-CBD-logo.webp","contentUrl":"https:\/\/blumiz.com\/wp-content\/uploads\/2026\/02\/cropped-Blumiz-CBD-logo.webp","width":2547,"height":778,"caption":"Blumiz CBD"},"image":{"@id":"https:\/\/blumiz.com\/fr\/#\/schema\/logo\/image\/"}}]},"og_availability":"instock","product_availability":"instock","product_retailer_item_id":"757391","product_condition":"new"},"_links":{"self":[{"href":"https:\/\/blumiz.com\/fr\/wp-json\/wp\/v2\/product\/7304","targetHints":{"allow":["GET"]}}],"collection":[{"href":"https:\/\/blumiz.com\/fr\/wp-json\/wp\/v2\/product"}],"about":[{"href":"https:\/\/blumiz.com\/fr\/wp-json\/wp\/v2\/types\/product"}],"replies":[{"embeddable":true,"href":"https:\/\/blumiz.com\/fr\/wp-json\/wp\/v2\/comments?post=7304"}],"version-history":[{"count":0,"href":"https:\/\/blumiz.com\/fr\/wp-json\/wp\/v2\/product\/7304\/revisions"}],"wp:featuredmedia":[{"embeddable":true,"href":"https:\/\/blumiz.com\/fr\/wp-json\/wp\/v2\/media\/6674"}],"wp:attachment":[{"href":"https:\/\/blumiz.com\/fr\/wp-json\/wp\/v2\/media?parent=7304"}],"wp:term":[{"taxonomy":"product_brand","embeddable":true,"href":"https:\/\/blumiz.com\/fr\/wp-json\/wp\/v2\/product_brand?post=7304"},{"taxonomy":"product_cat","embeddable":true,"href":"https:\/\/blumiz.com\/fr\/wp-json\/wp\/v2\/product_cat?post=7304"},{"taxonomy":"product_tag","embeddable":true,"href":"https:\/\/blumiz.com\/fr\/wp-json\/wp\/v2\/product_tag?post=7304"}],"curies":[{"name":"wp","href":"https:\/\/api.w.org\/{rel}","templated":true}]}}