{"id":7306,"date":"2020-05-28T16:59:44","date_gmt":"2020-05-28T16:59:44","guid":{"rendered":"https:\/\/blumiz.com\/produkt\/extrait-de-cbd-pur-99-cbd-herdol\/"},"modified":"2025-10-07T10:05:56","modified_gmt":"2025-10-07T09:05:56","slug":"pur-cbd-extrait-99-cbd-herdol","status":"publish","type":"product","link":"https:\/\/blumiz.com\/fr\/produit\/pur-cbd-extrait-99-cbd-herdol\/","title":{"rendered":"EXTRAIT DE CBD PUR 99% CBD herdol"},"content":{"rendered":"<h2>D\u00c9SIGNATION<\/h2>\n<p>L&#8217;isolat est un produit CBD \u00e0 haute concentration (99,9 %) car il a \u00e9t\u00e9 isol\u00e9 de tous les autres mat\u00e9riaux (cannabino\u00efdes, terp\u00e8nes et flavono\u00efdes).. L&#8217;isolat se pr\u00e9sente sous la forme d&#8217;une poudre, elle-m\u00eame issue de cristaux obtenus apr\u00e8s extraction. L&#8217;isolat de CBD \u00e0 99,9 % peut \u00eatre utilis\u00e9 pour ajuster la quantit\u00e9 d&#8217;ingr\u00e9dient actif ou pour cr\u00e9er des produits CBD qui n&#8217;ont ni le go\u00fbt ni l&#8217;odeur du chanvre. Il est notamment utilis\u00e9 par les personnes sensibles \u00e0 certains cannabino\u00efdes et dans l&#8217;industrie pharmaceutique. Sa forte teneur en CBD aura des effets extraordinaires sur votre organisme.<\/p>\n<h2>Effets<\/h2>\n<ul>\n<li>Relaxant<\/li>\n<li>D\u00e9tendeur<\/li>\n<li>Soulage la douleur<\/li>\n<li>Am\u00e9liore l&#8217;humeur<\/li>\n<li>R\u00e9duit les sympt\u00f4mes du stress, de l&#8217;anxi\u00e9t\u00e9 et de la d\u00e9pression l\u00e9g\u00e8re<\/li>\n<li>Aide \u00e0 l&#8217;endormissement pour un meilleur sommeil<\/li>\n<\/ul>\n<h2>CONSEILS D&#8217;UTILISATION<\/h2>\n<p>En cas d&#8217;absorption sublinguale : laissez-le fondre sous la langue et attendez 30 secondes avant de l&#8217;avaler.<br \/>\nEn dilution : ajoutez quelques cristaux dans une substance grasse (huile alimentaire, huile d&#8217;olive, avocat, huile de palme) et utilisez-la par absorption sublinguale ou dans un autre aliment de votre choix pour la pr\u00e9paration des repas.<br \/>\nM\u00e9lang\u00e9 dans une cr\u00e8me ou une pommade<br \/>\nZUSAMMENSETZUNG VON CBD-ISOLAT 99,9 %<\/p>\n<p>Taux CBD : +- 99,9 %<br \/>\nTaux de THC : 0<\/p>\n<p>Quantit\u00e9 : 1g<\/p>\n<p>Remarque : nos extractions sont r\u00e9alis\u00e9es avec du CO2 supercritique, ce qui garantit une qualit\u00e9 optimale et une puret\u00e9 parfaite des extraits.<\/p>\n","protected":false},"excerpt":{"rendered":"<p>L&#8217;extrait de CBD pur se pr\u00e9sente sous la forme d&#8217;une fine poudre blanche qui contient du CBD sous sa forme la plus pure et la plus concentr\u00e9e appel\u00e9e isolat.<br \/>\nL&#8217;isolat a \u00e9t\u00e9 raffin\u00e9 pour \u00e9liminer toutes les huiles, cires, cannabino\u00efdes, terp\u00e8nes, flavono\u00efdes et autres substances v\u00e9g\u00e9tales, ne laissant que 99 % de cannabidiol.<\/p>\n<p>Quantit\u00e9 : 1g<\/p>\n","protected":false},"featured_media":6690,"comment_status":"open","ping_status":"closed","template":"","meta":{"site-sidebar-layout":"default","site-content-layout":"default","ast-site-content-layout":"default","site-content-style":"default","site-sidebar-style":"default","ast-global-header-display":"","ast-banner-title-visibility":"","ast-main-header-display":"","ast-hfb-above-header-display":"","ast-hfb-below-header-display":"","ast-hfb-mobile-header-display":"","site-post-title":"","ast-breadcrumbs-content":"","ast-featured-img":"","footer-sml-layout":"","ast-disable-related-posts":"","theme-transparent-header-meta":"default","adv-header-id-meta":"","stick-header-meta":"default","header-above-stick-meta":"","header-main-stick-meta":"","header-below-stick-meta":"","astra-migrate-meta-layouts":"default","ast-page-background-enabled":"default","ast-page-background-meta":{"desktop":{"background-color":"","background-image":"","background-repeat":"repeat","background-position":"center center","background-size":"auto","background-attachment":"scroll","background-type":"","background-media":"","overlay-type":"","overlay-color":"","overlay-opacity":"","overlay-gradient":""},"tablet":{"background-color":"","background-image":"","background-repeat":"repeat","background-position":"center center","background-size":"auto","background-attachment":"scroll","background-type":"","background-media":"","overlay-type":"","overlay-color":"","overlay-opacity":"","overlay-gradient":""},"mobile":{"background-color":"","background-image":"","background-repeat":"repeat","background-position":"center center","background-size":"auto","background-attachment":"scroll","background-type":"","background-media":"","overlay-type":"","overlay-color":"","overlay-opacity":"","overlay-gradient":""}},"ast-content-background-meta":{"desktop":{"background-color":"var(--ast-global-color-5)","background-image":"","background-repeat":"repeat","background-position":"center center","background-size":"auto","background-attachment":"scroll","background-type":"","background-media":"","overlay-type":"","overlay-color":"","overlay-opacity":"","overlay-gradient":""},"tablet":{"background-color":"var(--ast-global-color-5)","background-image":"","background-repeat":"repeat","background-position":"center center","background-size":"auto","background-attachment":"scroll","background-type":"","background-media":"","overlay-type":"","overlay-color":"","overlay-opacity":"","overlay-gradient":""},"mobile":{"background-color":"var(--ast-global-color-5)","background-image":"","background-repeat":"repeat","background-position":"center center","background-size":"auto","background-attachment":"scroll","background-type":"","background-media":"","overlay-type":"","overlay-color":"","overlay-opacity":"","overlay-gradient":""}}},"product_brand":[],"product_cat":[304,176,174],"product_tag":[],"class_list":{"0":"post-7306","1":"product","2":"type-product","3":"status-publish","4":"has-post-thumbnail","6":"product_cat-cbd-fr","7":"product_cat-concentres-cbd","8":"product_cat-hash-et-concentres","9":"desktop-align-left","10":"tablet-align-center","11":"mobile-align-left","12":"ast-product-gallery-layout-vertical","13":"ast-product-gallery-with-no-image","14":"ast-magnify-disabled","15":"ast-product-tabs-layout-horizontal","17":"first","18":"instock","19":"taxable","20":"shipping-taxable","21":"purchasable","22":"product-type-simple"},"yoast_head":"<!-- This site is optimized with the Yoast SEO Premium plugin v27.2 (Yoast SEO v27.5) - https:\/\/yoast.com\/product\/yoast-seo-premium-wordpress\/ -->\n<title>EXTRAIT DE CBD PUR 99% CBD herdol - Blumiz - Premium CBD<\/title>\n<meta name=\"description\" content=\"EXTRAIT DE CBD PUR 99% CBD herdol - Blumiz - Premium CBD\" \/>\n<meta name=\"robots\" content=\"index, follow, max-snippet:-1, max-image-preview:large, max-video-preview:-1\" \/>\n<link rel=\"canonical\" href=\"https:\/\/blumiz.com\/fr\/produit\/pur-cbd-extrait-99-cbd-herdol\/\" \/>\n<meta property=\"og:locale\" content=\"fr_FR\" \/>\n<meta property=\"og:type\" content=\"article\" \/>\n<meta property=\"og:title\" content=\"EXTRAIT DE CBD PUR 99% CBD herdol\" \/>\n<meta property=\"og:description\" content=\"EXTRAIT DE CBD PUR 99% CBD herdol Blumiz - Premium CBD\" \/>\n<meta property=\"og:url\" content=\"https:\/\/blumiz.com\/fr\/produit\/pur-cbd-extrait-99-cbd-herdol\/\" \/>\n<meta property=\"og:site_name\" content=\"Blumiz - Premium CBD\" \/>\n<meta property=\"article:modified_time\" content=\"2025-10-07T09:05:56+00:00\" \/>\n<meta property=\"og:image\" content=\"https:\/\/blumiz.com\/wp-content\/uploads\/2022\/08\/CBD-ISOLAT-99-HERDOL.webp\" \/>\n\t<meta property=\"og:image:width\" content=\"600\" \/>\n\t<meta property=\"og:image:height\" content=\"600\" \/>\n\t<meta property=\"og:image:type\" content=\"image\/webp\" \/>\n<meta name=\"twitter:card\" content=\"summary_large_image\" \/>\n<meta name=\"twitter:label1\" content=\"Prix\" \/>\n\t<meta name=\"twitter:data1\" content=\"14,90&nbsp;&euro;\" \/>\n\t<meta name=\"twitter:label2\" content=\"Disponibilit\u00e9\" \/>\n\t<meta name=\"twitter:data2\" content=\"En stock\" \/>\n<script type=\"application\/ld+json\" class=\"yoast-schema-graph\">{\"@context\":\"https:\\\/\\\/schema.org\",\"@graph\":[{\"@type\":\"WebPage\",\"@id\":\"https:\\\/\\\/blumiz.com\\\/fr\\\/produit\\\/pur-cbd-extrait-99-cbd-herdol\\\/\",\"url\":\"https:\\\/\\\/blumiz.com\\\/fr\\\/produit\\\/pur-cbd-extrait-99-cbd-herdol\\\/\",\"name\":\"EXTRAIT DE CBD PUR 99% CBD herdol - Blumiz - Premium CBD\",\"isPartOf\":{\"@id\":\"https:\\\/\\\/blumiz.com\\\/fr\\\/#website\"},\"primaryImageOfPage\":{\"@id\":\"https:\\\/\\\/blumiz.com\\\/fr\\\/produit\\\/pur-cbd-extrait-99-cbd-herdol\\\/#primaryimage\"},\"image\":{\"@id\":\"https:\\\/\\\/blumiz.com\\\/fr\\\/produit\\\/pur-cbd-extrait-99-cbd-herdol\\\/#primaryimage\"},\"thumbnailUrl\":\"https:\\\/\\\/blumiz.com\\\/wp-content\\\/uploads\\\/2022\\\/08\\\/CBD-ISOLAT-99-HERDOL.webp\",\"datePublished\":\"2020-05-28T16:59:44+00:00\",\"dateModified\":\"2025-10-07T09:05:56+00:00\",\"description\":\"EXTRAIT DE CBD PUR 99% CBD herdol - Blumiz - Premium CBD\",\"breadcrumb\":{\"@id\":\"https:\\\/\\\/blumiz.com\\\/fr\\\/produit\\\/pur-cbd-extrait-99-cbd-herdol\\\/#breadcrumb\"},\"inLanguage\":\"fr-FR\",\"potentialAction\":[{\"@type\":\"ReadAction\",\"target\":[\"https:\\\/\\\/blumiz.com\\\/fr\\\/produit\\\/pur-cbd-extrait-99-cbd-herdol\\\/\"]}]},{\"@type\":\"ImageObject\",\"inLanguage\":\"fr-FR\",\"@id\":\"https:\\\/\\\/blumiz.com\\\/fr\\\/produit\\\/pur-cbd-extrait-99-cbd-herdol\\\/#primaryimage\",\"url\":\"https:\\\/\\\/blumiz.com\\\/wp-content\\\/uploads\\\/2022\\\/08\\\/CBD-ISOLAT-99-HERDOL.webp\",\"contentUrl\":\"https:\\\/\\\/blumiz.com\\\/wp-content\\\/uploads\\\/2022\\\/08\\\/CBD-ISOLAT-99-HERDOL.webp\",\"width\":600,\"height\":600},{\"@type\":\"BreadcrumbList\",\"@id\":\"https:\\\/\\\/blumiz.com\\\/fr\\\/produit\\\/pur-cbd-extrait-99-cbd-herdol\\\/#breadcrumb\",\"itemListElement\":[{\"@type\":\"ListItem\",\"position\":1,\"name\":\"Blumiz\",\"item\":\"https:\\\/\\\/blumiz.com\\\/fr\\\/\"},{\"@type\":\"ListItem\",\"position\":2,\"name\":\"CBD Shop\",\"item\":\"https:\\\/\\\/blumiz.com\\\/fr\\\/acheter-cbd-shop\\\/\"},{\"@type\":\"ListItem\",\"position\":3,\"name\":\"Hash et concentr\u00e9s\",\"item\":\"https:\\\/\\\/blumiz.com\\\/fr\\\/category\\\/hash-et-concentres\\\/\"},{\"@type\":\"ListItem\",\"position\":4,\"name\":\"Concentr\u00e9s CBD\",\"item\":\"https:\\\/\\\/blumiz.com\\\/fr\\\/category\\\/hash-et-concentres\\\/concentres-cbd\\\/\"},{\"@type\":\"ListItem\",\"position\":5,\"name\":\"EXTRAIT DE CBD PUR 99% CBD herdol\"}]},{\"@type\":\"WebSite\",\"@id\":\"https:\\\/\\\/blumiz.com\\\/fr\\\/#website\",\"url\":\"https:\\\/\\\/blumiz.com\\\/fr\\\/\",\"name\":\"Blumiz - Premium CBD\",\"description\":\"Blumiz, Cannabis specialist\",\"publisher\":{\"@id\":\"https:\\\/\\\/blumiz.com\\\/fr\\\/#organization\"},\"alternateName\":\"Blumiz\",\"potentialAction\":[{\"@type\":\"SearchAction\",\"target\":{\"@type\":\"EntryPoint\",\"urlTemplate\":\"https:\\\/\\\/blumiz.com\\\/fr\\\/?s={search_term_string}\"},\"query-input\":{\"@type\":\"PropertyValueSpecification\",\"valueRequired\":true,\"valueName\":\"search_term_string\"}}],\"inLanguage\":\"fr-FR\"},{\"@type\":\"Organization\",\"@id\":\"https:\\\/\\\/blumiz.com\\\/fr\\\/#organization\",\"name\":\"Blumiz CBD\",\"alternateName\":\"Blumiz\",\"url\":\"https:\\\/\\\/blumiz.com\\\/fr\\\/\",\"logo\":{\"@type\":\"ImageObject\",\"inLanguage\":\"fr-FR\",\"@id\":\"https:\\\/\\\/blumiz.com\\\/fr\\\/#\\\/schema\\\/logo\\\/image\\\/\",\"url\":\"https:\\\/\\\/blumiz.com\\\/wp-content\\\/uploads\\\/2026\\\/02\\\/cropped-Blumiz-CBD-logo.webp\",\"contentUrl\":\"https:\\\/\\\/blumiz.com\\\/wp-content\\\/uploads\\\/2026\\\/02\\\/cropped-Blumiz-CBD-logo.webp\",\"width\":2547,\"height\":778,\"caption\":\"Blumiz CBD\"},\"image\":{\"@id\":\"https:\\\/\\\/blumiz.com\\\/fr\\\/#\\\/schema\\\/logo\\\/image\\\/\"}}]}<\/script>\n<meta property=\"product:price:amount\" content=\"14.90\" \/>\n<meta property=\"product:price:currency\" content=\"EUR\" \/>\n<meta property=\"og:availability\" content=\"instock\" \/>\n<meta property=\"product:availability\" content=\"instock\" \/>\n<meta property=\"product:retailer_item_id\" content=\"5576866\" \/>\n<meta property=\"product:condition\" content=\"new\" \/>\n<!-- \/ Yoast SEO Premium plugin. -->","yoast_head_json":{"title":"EXTRAIT DE CBD PUR 99% CBD herdol - Blumiz - Premium CBD","description":"EXTRAIT DE CBD PUR 99% CBD herdol - Blumiz - Premium CBD","robots":{"index":"index","follow":"follow","max-snippet":"max-snippet:-1","max-image-preview":"max-image-preview:large","max-video-preview":"max-video-preview:-1"},"canonical":"https:\/\/blumiz.com\/fr\/produit\/pur-cbd-extrait-99-cbd-herdol\/","og_locale":"fr_FR","og_type":"article","og_title":"EXTRAIT DE CBD PUR 99% CBD herdol","og_description":"EXTRAIT DE CBD PUR 99% CBD herdol Blumiz - Premium CBD","og_url":"https:\/\/blumiz.com\/fr\/produit\/pur-cbd-extrait-99-cbd-herdol\/","og_site_name":"Blumiz - Premium CBD","article_modified_time":"2025-10-07T09:05:56+00:00","og_image":[{"width":600,"height":600,"url":"https:\/\/blumiz.com\/wp-content\/uploads\/2022\/08\/CBD-ISOLAT-99-HERDOL.webp","type":"image\/webp"}],"twitter_card":"summary_large_image","twitter_misc":{"Prix":"14,90&nbsp;&euro;","Disponibilit\u00e9":"En stock"},"schema":{"@context":"https:\/\/schema.org","@graph":[{"@type":"WebPage","@id":"https:\/\/blumiz.com\/fr\/produit\/pur-cbd-extrait-99-cbd-herdol\/","url":"https:\/\/blumiz.com\/fr\/produit\/pur-cbd-extrait-99-cbd-herdol\/","name":"EXTRAIT DE CBD PUR 99% CBD herdol - Blumiz - Premium CBD","isPartOf":{"@id":"https:\/\/blumiz.com\/fr\/#website"},"primaryImageOfPage":{"@id":"https:\/\/blumiz.com\/fr\/produit\/pur-cbd-extrait-99-cbd-herdol\/#primaryimage"},"image":{"@id":"https:\/\/blumiz.com\/fr\/produit\/pur-cbd-extrait-99-cbd-herdol\/#primaryimage"},"thumbnailUrl":"https:\/\/blumiz.com\/wp-content\/uploads\/2022\/08\/CBD-ISOLAT-99-HERDOL.webp","datePublished":"2020-05-28T16:59:44+00:00","dateModified":"2025-10-07T09:05:56+00:00","description":"EXTRAIT DE CBD PUR 99% CBD herdol - Blumiz - Premium CBD","breadcrumb":{"@id":"https:\/\/blumiz.com\/fr\/produit\/pur-cbd-extrait-99-cbd-herdol\/#breadcrumb"},"inLanguage":"fr-FR","potentialAction":[{"@type":"ReadAction","target":["https:\/\/blumiz.com\/fr\/produit\/pur-cbd-extrait-99-cbd-herdol\/"]}]},{"@type":"ImageObject","inLanguage":"fr-FR","@id":"https:\/\/blumiz.com\/fr\/produit\/pur-cbd-extrait-99-cbd-herdol\/#primaryimage","url":"https:\/\/blumiz.com\/wp-content\/uploads\/2022\/08\/CBD-ISOLAT-99-HERDOL.webp","contentUrl":"https:\/\/blumiz.com\/wp-content\/uploads\/2022\/08\/CBD-ISOLAT-99-HERDOL.webp","width":600,"height":600},{"@type":"BreadcrumbList","@id":"https:\/\/blumiz.com\/fr\/produit\/pur-cbd-extrait-99-cbd-herdol\/#breadcrumb","itemListElement":[{"@type":"ListItem","position":1,"name":"Blumiz","item":"https:\/\/blumiz.com\/fr\/"},{"@type":"ListItem","position":2,"name":"CBD Shop","item":"https:\/\/blumiz.com\/fr\/acheter-cbd-shop\/"},{"@type":"ListItem","position":3,"name":"Hash et concentr\u00e9s","item":"https:\/\/blumiz.com\/fr\/category\/hash-et-concentres\/"},{"@type":"ListItem","position":4,"name":"Concentr\u00e9s CBD","item":"https:\/\/blumiz.com\/fr\/category\/hash-et-concentres\/concentres-cbd\/"},{"@type":"ListItem","position":5,"name":"EXTRAIT DE CBD PUR 99% CBD herdol"}]},{"@type":"WebSite","@id":"https:\/\/blumiz.com\/fr\/#website","url":"https:\/\/blumiz.com\/fr\/","name":"Blumiz - Premium CBD","description":"Blumiz, Cannabis specialist","publisher":{"@id":"https:\/\/blumiz.com\/fr\/#organization"},"alternateName":"Blumiz","potentialAction":[{"@type":"SearchAction","target":{"@type":"EntryPoint","urlTemplate":"https:\/\/blumiz.com\/fr\/?s={search_term_string}"},"query-input":{"@type":"PropertyValueSpecification","valueRequired":true,"valueName":"search_term_string"}}],"inLanguage":"fr-FR"},{"@type":"Organization","@id":"https:\/\/blumiz.com\/fr\/#organization","name":"Blumiz CBD","alternateName":"Blumiz","url":"https:\/\/blumiz.com\/fr\/","logo":{"@type":"ImageObject","inLanguage":"fr-FR","@id":"https:\/\/blumiz.com\/fr\/#\/schema\/logo\/image\/","url":"https:\/\/blumiz.com\/wp-content\/uploads\/2026\/02\/cropped-Blumiz-CBD-logo.webp","contentUrl":"https:\/\/blumiz.com\/wp-content\/uploads\/2026\/02\/cropped-Blumiz-CBD-logo.webp","width":2547,"height":778,"caption":"Blumiz CBD"},"image":{"@id":"https:\/\/blumiz.com\/fr\/#\/schema\/logo\/image\/"}}]},"product_price_amount":"14.90","product_price_currency":"EUR","og_availability":"instock","product_availability":"instock","product_retailer_item_id":"5576866","product_condition":"new"},"_links":{"self":[{"href":"https:\/\/blumiz.com\/fr\/wp-json\/wp\/v2\/product\/7306","targetHints":{"allow":["GET"]}}],"collection":[{"href":"https:\/\/blumiz.com\/fr\/wp-json\/wp\/v2\/product"}],"about":[{"href":"https:\/\/blumiz.com\/fr\/wp-json\/wp\/v2\/types\/product"}],"replies":[{"embeddable":true,"href":"https:\/\/blumiz.com\/fr\/wp-json\/wp\/v2\/comments?post=7306"}],"version-history":[{"count":0,"href":"https:\/\/blumiz.com\/fr\/wp-json\/wp\/v2\/product\/7306\/revisions"}],"wp:featuredmedia":[{"embeddable":true,"href":"https:\/\/blumiz.com\/fr\/wp-json\/wp\/v2\/media\/6690"}],"wp:attachment":[{"href":"https:\/\/blumiz.com\/fr\/wp-json\/wp\/v2\/media?parent=7306"}],"wp:term":[{"taxonomy":"product_brand","embeddable":true,"href":"https:\/\/blumiz.com\/fr\/wp-json\/wp\/v2\/product_brand?post=7306"},{"taxonomy":"product_cat","embeddable":true,"href":"https:\/\/blumiz.com\/fr\/wp-json\/wp\/v2\/product_cat?post=7306"},{"taxonomy":"product_tag","embeddable":true,"href":"https:\/\/blumiz.com\/fr\/wp-json\/wp\/v2\/product_tag?post=7306"}],"curies":[{"name":"wp","href":"https:\/\/api.w.org\/{rel}","templated":true}]}}