{"id":7310,"date":"2020-09-06T06:51:28","date_gmt":"2020-09-06T06:51:28","guid":{"rendered":"https:\/\/blumiz.com\/produkt\/charas-amnesia-25\/"},"modified":"2025-10-07T09:56:07","modified_gmt":"2025-10-07T08:56:07","slug":"charas-cbd-hash-amnesia-25","status":"publish","type":"product","link":"https:\/\/blumiz.com\/fr\/produit\/charas-cbd-hash-amnesia-25\/","title":{"rendered":"Charas Amnesia 25%"},"content":{"rendered":"<h2><span style=\"color: #107d85;\">Hash CBD Charas Amnesia 25 %.<\/span><\/h2>\n<h4><span style=\"color: #ff6600;\">D\u00e9tendez-vous avec un Charas Hash CBD Amnesia hautement concentr\u00e9.<\/span><\/h4>\n<p>Ce Charas Hash CBD Amnesia 25% est compos\u00e9 de pollen de chanvre et est vendu en sachets de 2 grammes ou de 10 grammes. Tr\u00e8s facile \u00e0 utiliser, gr\u00e2ce \u00e0 sa texture mall\u00e9able. Tu peux l&#8217;ajouter absolument \u00e0 tes recettes, le consommer en infusion ou m\u00eame le vaporiser. Cette r\u00e9sine ne contient pas plus de 0,2 % de THC et n&#8217;a aucun effet psychotrope.<\/p>\n<p>Ce haschisch CBD est tr\u00e8s concentr\u00e9 en cannabidiol et poss\u00e8de des ar\u00f4mes puissants qui s\u00e9duisent les amateurs de consommation de chanvre.<\/p>\n<h4><span style=\"color: #ff6600;\">Propri\u00e9t\u00e9s de Charas Hash CBD Amnesia 25 %.<\/span><\/h4>\n<p>A des propri\u00e9t\u00e9s apaisantes<br \/>\nFormul\u00e9 avec moins de 0,2 % de THC<br \/>\nUtiliser pour vaporiser, infuser ou cuisiner<br \/>\nUn parfum puissant<br \/>\nContient 25 % de CBD<br \/>\nTr\u00e8s mall\u00e9able et donc facile \u00e0 travailler<\/p>\n<h4><span style=\"color: #ff6600;\">Avantages du haschisch Charas Amnesia 25% CBD<\/span><\/h4>\n<p>Ce haschisch deCharas amnesia 25 % CBD est destin\u00e9 aux consommateurs r\u00e9guliers de CBD. Formul\u00e9 avec 50 % de CBD, il vous permet de profiter des bienfaits de la mol\u00e9cule de chanvre. Ce produit peut vous aider \u00e0 soulager votre stress ou certaines douleurs. Il peut \u00e9galement faciliter votre sommeil.<\/p>\n<h4><span style=\"color: #ff6600;\">Conseils d&#8217;utilisation de ce Charas Hash CBD Amnesia hautement concentr\u00e9<\/span><\/h4>\n<p>Pour consommer ce hash, plusieurs possibilit\u00e9s s&#8217;offrent \u00e0 vous. Vous pouvez simplement pr\u00e9parer une infusion. Pour ce faire, faites chauffer un peu d&#8217;eau et laissez un peu de votre r\u00e9sine s&#8217;infiltrer dans le liquide. Envisager d&#8217;ajouter une substance grasse comme de la cr\u00e8me, du lait ou de l&#8217;huile pour profiter de tous les avantages du CBD. Tu peux aussi consommer ton haschisch sous forme de vape. Tout ce que vous avez \u00e0 faire, c&#8217;est de pr\u00e9lever un peu de votre produit et de le mettre dans le r\u00e9servoir de votre vaporisateur.<\/p>\n<p>Liste des ingr\u00e9dients Charas Amnesia<br \/>\nExtrait de cannabis<br \/>\n25 % CBD<br \/>\nVous pouvez aussi d\u00e9couvrir le m\u00eame Charas au <a href=\"https:\/\/blumiz.com\/produit\/charas-mango-cbd-20\/\">go\u00fbt MANGO<\/a> ou dans sa <a href=\"https:\/\/blumiz.com\/produit\/charas-cbd-hash-30\/\">version classique<\/a><\/p>\n<h4><span style=\"color: #ff6600;\">D\u00e9couvrez aussi notre <a style=\"color: #ff6600;\" href=\"\/?product_cat=cbd-blueten\">CBD Flower Shop<\/a> pour compl\u00e9ter votre haschisch<\/span><\/h4>\n<p>Fleur CBD sont disponibles en diff\u00e9rentes saveurs et concentrations de CBD. Nos fleurs de CBD sont soumises \u00e0 des crit\u00e8res de qualit\u00e9 externes stricts. Nos produits sont aussi vendus en tant que mati\u00e8res premi\u00e8res et sont exempts d&#8217;additifs chimiques et d&#8217;impuret\u00e9s.<\/p>\n<p>D\u00e9couvrez nos <a href=\"https:\/\/blumiz.com\/fr\/category\/headshop\/\">produits et accessoires Headshop<\/a> pour profiter de vos vari\u00e9t\u00e9s pr\u00e9f\u00e9r\u00e9es<\/p>\n<h4><span style=\"color: #ff6600;\">Commander chez Blumiz signifie<\/span><\/h4>\n<p>&#8211; Livraison rapide, discr\u00e8te et inodore<br \/>\n&#8211; Produits certifi\u00e9s de qualit\u00e9 et en laboratoire<br \/>\n&#8211; Des prix imbattables, car nous fabriquons nous-m\u00eames nos produits<\/p>\n<p>D\u00e9couvrez ici \u00e9galement nos <a href=\"\/?product_cat=cbd-blueten\">Fleurs de CBD!<\/a><\/p>\n<p>Une question, vous avez besoin d&#8217;aide ? <a href=\"https:\/\/blumiz.com\/hilfe-und-faqs\/\">Cliquez ici pour d\u00e9couvrir notre centre d&#8217;aide.<\/a><\/p>\n","protected":false},"excerpt":{"rendered":"<h4><span style=\"color: #107d85;\">Hash CBD Charas Amnesia 25 %.<\/span><\/h4>\n<p>Charas Amnesia 25% Hash CBD : une r\u00e9sine hautement concentr\u00e9e<\/p>\n<p>Texture tr\u00e8s mall\u00e9able, concentration intense en cannabidiol, parfum tr\u00e8s prononc\u00e9 : Charas Amnesia 25% CBD a tout pour s\u00e9duire les habitu\u00e9s de la consommation de CBD ! En infusion ou en vaporisation, elle vous aide \u00e0 vous d\u00e9tendre.<\/p>\n","protected":false},"featured_media":6720,"comment_status":"open","ping_status":"closed","template":"","meta":{"site-sidebar-layout":"default","site-content-layout":"default","ast-site-content-layout":"default","site-content-style":"default","site-sidebar-style":"default","ast-global-header-display":"","ast-banner-title-visibility":"","ast-main-header-display":"","ast-hfb-above-header-display":"","ast-hfb-below-header-display":"","ast-hfb-mobile-header-display":"","site-post-title":"","ast-breadcrumbs-content":"","ast-featured-img":"","footer-sml-layout":"","ast-disable-related-posts":"","theme-transparent-header-meta":"default","adv-header-id-meta":"","stick-header-meta":"default","header-above-stick-meta":"","header-main-stick-meta":"","header-below-stick-meta":"","astra-migrate-meta-layouts":"default","ast-page-background-enabled":"default","ast-page-background-meta":{"desktop":{"background-color":"","background-image":"","background-repeat":"repeat","background-position":"center center","background-size":"auto","background-attachment":"scroll","background-type":"","background-media":"","overlay-type":"","overlay-color":"","overlay-opacity":"","overlay-gradient":""},"tablet":{"background-color":"","background-image":"","background-repeat":"repeat","background-position":"center center","background-size":"auto","background-attachment":"scroll","background-type":"","background-media":"","overlay-type":"","overlay-color":"","overlay-opacity":"","overlay-gradient":""},"mobile":{"background-color":"","background-image":"","background-repeat":"repeat","background-position":"center center","background-size":"auto","background-attachment":"scroll","background-type":"","background-media":"","overlay-type":"","overlay-color":"","overlay-opacity":"","overlay-gradient":""}},"ast-content-background-meta":{"desktop":{"background-color":"var(--ast-global-color-5)","background-image":"","background-repeat":"repeat","background-position":"center center","background-size":"auto","background-attachment":"scroll","background-type":"","background-media":"","overlay-type":"","overlay-color":"","overlay-opacity":"","overlay-gradient":""},"tablet":{"background-color":"var(--ast-global-color-5)","background-image":"","background-repeat":"repeat","background-position":"center center","background-size":"auto","background-attachment":"scroll","background-type":"","background-media":"","overlay-type":"","overlay-color":"","overlay-opacity":"","overlay-gradient":""},"mobile":{"background-color":"var(--ast-global-color-5)","background-image":"","background-repeat":"repeat","background-position":"center center","background-size":"auto","background-attachment":"scroll","background-type":"","background-media":"","overlay-type":"","overlay-color":"","overlay-opacity":"","overlay-gradient":""}}},"product_brand":[],"product_cat":[304,175,174],"product_tag":[201,202],"class_list":{"0":"post-7310","1":"product","2":"type-product","3":"status-publish","4":"has-post-thumbnail","6":"product_cat-cbd-fr","7":"product_cat-hash-cbd","8":"product_cat-hash-et-concentres","9":"product_tag-fleurs-cbd-pas-cher","10":"product_tag-fleurs-cbd-puissantes","11":"pa_cbd-rate-plus-de-20-cbd","12":"pa_kategorie-greenhouse-fr","13":"desktop-align-left","14":"tablet-align-center","15":"mobile-align-left","16":"ast-product-gallery-layout-vertical","17":"ast-product-gallery-with-no-image","18":"ast-magnify-disabled","19":"ast-product-single-variable","20":"ast-product-tabs-layout-horizontal","22":"first","23":"outofstock","24":"taxable","25":"shipping-taxable","26":"purchasable","27":"product-type-variable"},"yoast_head":"<!-- This site is optimized with the Yoast SEO Premium plugin v27.2 (Yoast SEO v27.4) - https:\/\/yoast.com\/product\/yoast-seo-premium-wordpress\/ -->\n<title>Charas CBD hash Amnesia 25% \u00e0 partir de3,4\u20ac\/g..Puissant CBD<\/title>\n<meta name=\"description\" content=\"Charas CBD hash Amnesia 25% \u00e0 partir de 3,4\u20ac\/g....Charas Amnesia est un haschisch CBD tr\u00e8s puissant..appr\u00e9ci\u00e9 pour son ar\u00f4me Amnesia..L\u00e9gal en France Prem\" \/>\n<meta name=\"robots\" content=\"index, follow, max-snippet:-1, max-image-preview:large, max-video-preview:-1\" \/>\n<link rel=\"canonical\" href=\"https:\/\/blumiz.com\/fr\/produit\/charas-cbd-hash-amnesia-25\/\" \/>\n<meta property=\"og:locale\" content=\"fr_FR\" \/>\n<meta property=\"og:type\" content=\"article\" \/>\n<meta property=\"og:title\" content=\"Charas Amnesia 25%\" \/>\n<meta property=\"og:description\" content=\"Charas Amnesia 25% Blumiz - Premium CBD\" \/>\n<meta property=\"og:url\" content=\"https:\/\/blumiz.com\/fr\/produit\/charas-cbd-hash-amnesia-25\/\" \/>\n<meta property=\"og:site_name\" content=\"Blumiz - Premium CBD\" \/>\n<meta property=\"article:modified_time\" content=\"2025-10-07T08:56:07+00:00\" \/>\n<meta property=\"og:image\" content=\"https:\/\/blumiz.com\/wp-content\/uploads\/2022\/09\/Charas-amnesia-Blumiz.webp\" \/>\n\t<meta property=\"og:image:width\" content=\"600\" \/>\n\t<meta property=\"og:image:height\" content=\"600\" \/>\n\t<meta property=\"og:image:type\" content=\"image\/webp\" \/>\n<meta name=\"twitter:card\" content=\"summary_large_image\" \/>\n<meta name=\"twitter:label1\" content=\"Disponibilit\u00e9\" \/>\n\t<meta name=\"twitter:data1\" content=\"Rupture de stock\" \/>\n<script type=\"application\/ld+json\" class=\"yoast-schema-graph\">{\"@context\":\"https:\\\/\\\/schema.org\",\"@graph\":[{\"@type\":\"WebPage\",\"@id\":\"https:\\\/\\\/blumiz.com\\\/fr\\\/produit\\\/charas-cbd-hash-amnesia-25\\\/\",\"url\":\"https:\\\/\\\/blumiz.com\\\/fr\\\/produit\\\/charas-cbd-hash-amnesia-25\\\/\",\"name\":\"Charas CBD hash Amnesia 25% \u00e0 partir de3,4\u20ac\\\/g..Puissant CBD\",\"isPartOf\":{\"@id\":\"https:\\\/\\\/blumiz.com\\\/fr\\\/#website\"},\"primaryImageOfPage\":{\"@id\":\"https:\\\/\\\/blumiz.com\\\/fr\\\/produit\\\/charas-cbd-hash-amnesia-25\\\/#primaryimage\"},\"image\":{\"@id\":\"https:\\\/\\\/blumiz.com\\\/fr\\\/produit\\\/charas-cbd-hash-amnesia-25\\\/#primaryimage\"},\"thumbnailUrl\":\"https:\\\/\\\/blumiz.com\\\/wp-content\\\/uploads\\\/2022\\\/09\\\/Charas-amnesia-Blumiz.webp\",\"datePublished\":\"2020-09-06T06:51:28+00:00\",\"dateModified\":\"2025-10-07T08:56:07+00:00\",\"description\":\"Charas CBD hash Amnesia 25% \u00e0 partir de 3,4\u20ac\\\/g....Charas Amnesia est un haschisch CBD tr\u00e8s puissant..appr\u00e9ci\u00e9 pour son ar\u00f4me Amnesia..L\u00e9gal en France Prem\",\"breadcrumb\":{\"@id\":\"https:\\\/\\\/blumiz.com\\\/fr\\\/produit\\\/charas-cbd-hash-amnesia-25\\\/#breadcrumb\"},\"inLanguage\":\"fr-FR\",\"potentialAction\":[{\"@type\":\"ReadAction\",\"target\":[\"https:\\\/\\\/blumiz.com\\\/fr\\\/produit\\\/charas-cbd-hash-amnesia-25\\\/\"]}]},{\"@type\":\"ImageObject\",\"inLanguage\":\"fr-FR\",\"@id\":\"https:\\\/\\\/blumiz.com\\\/fr\\\/produit\\\/charas-cbd-hash-amnesia-25\\\/#primaryimage\",\"url\":\"https:\\\/\\\/blumiz.com\\\/wp-content\\\/uploads\\\/2022\\\/09\\\/Charas-amnesia-Blumiz.webp\",\"contentUrl\":\"https:\\\/\\\/blumiz.com\\\/wp-content\\\/uploads\\\/2022\\\/09\\\/Charas-amnesia-Blumiz.webp\",\"width\":600,\"height\":600},{\"@type\":\"BreadcrumbList\",\"@id\":\"https:\\\/\\\/blumiz.com\\\/fr\\\/produit\\\/charas-cbd-hash-amnesia-25\\\/#breadcrumb\",\"itemListElement\":[{\"@type\":\"ListItem\",\"position\":1,\"name\":\"Blumiz\",\"item\":\"https:\\\/\\\/blumiz.com\\\/fr\\\/\"},{\"@type\":\"ListItem\",\"position\":2,\"name\":\"CBD Shop\",\"item\":\"https:\\\/\\\/blumiz.com\\\/fr\\\/acheter-cbd-shop\\\/\"},{\"@type\":\"ListItem\",\"position\":3,\"name\":\"Hash et concentr\u00e9s\",\"item\":\"https:\\\/\\\/blumiz.com\\\/fr\\\/category\\\/hash-et-concentres\\\/\"},{\"@type\":\"ListItem\",\"position\":4,\"name\":\"Charas Amnesia 25%\"}]},{\"@type\":\"WebSite\",\"@id\":\"https:\\\/\\\/blumiz.com\\\/fr\\\/#website\",\"url\":\"https:\\\/\\\/blumiz.com\\\/fr\\\/\",\"name\":\"Blumiz - Premium CBD\",\"description\":\"Blumiz, Cannabis specialist\",\"publisher\":{\"@id\":\"https:\\\/\\\/blumiz.com\\\/fr\\\/#organization\"},\"alternateName\":\"Blumiz\",\"potentialAction\":[{\"@type\":\"SearchAction\",\"target\":{\"@type\":\"EntryPoint\",\"urlTemplate\":\"https:\\\/\\\/blumiz.com\\\/fr\\\/?s={search_term_string}\"},\"query-input\":{\"@type\":\"PropertyValueSpecification\",\"valueRequired\":true,\"valueName\":\"search_term_string\"}}],\"inLanguage\":\"fr-FR\"},{\"@type\":\"Organization\",\"@id\":\"https:\\\/\\\/blumiz.com\\\/fr\\\/#organization\",\"name\":\"Blumiz CBD\",\"alternateName\":\"Blumiz\",\"url\":\"https:\\\/\\\/blumiz.com\\\/fr\\\/\",\"logo\":{\"@type\":\"ImageObject\",\"inLanguage\":\"fr-FR\",\"@id\":\"https:\\\/\\\/blumiz.com\\\/fr\\\/#\\\/schema\\\/logo\\\/image\\\/\",\"url\":\"https:\\\/\\\/blumiz.com\\\/wp-content\\\/uploads\\\/2026\\\/02\\\/cropped-Blumiz-CBD-logo.webp\",\"contentUrl\":\"https:\\\/\\\/blumiz.com\\\/wp-content\\\/uploads\\\/2026\\\/02\\\/cropped-Blumiz-CBD-logo.webp\",\"width\":2547,\"height\":778,\"caption\":\"Blumiz CBD\"},\"image\":{\"@id\":\"https:\\\/\\\/blumiz.com\\\/fr\\\/#\\\/schema\\\/logo\\\/image\\\/\"}}]}<\/script>\n<meta property=\"og:availability\" content=\"out of stock\" \/>\n<meta property=\"product:availability\" content=\"out of stock\" \/>\n<meta property=\"product:retailer_item_id\" content=\"91841\" \/>\n<meta property=\"product:condition\" content=\"new\" \/>\n<!-- \/ Yoast SEO Premium plugin. -->","yoast_head_json":{"title":"Charas CBD hash Amnesia 25% \u00e0 partir de3,4\u20ac\/g..Puissant CBD","description":"Charas CBD hash Amnesia 25% \u00e0 partir de 3,4\u20ac\/g....Charas Amnesia est un haschisch CBD tr\u00e8s puissant..appr\u00e9ci\u00e9 pour son ar\u00f4me Amnesia..L\u00e9gal en France Prem","robots":{"index":"index","follow":"follow","max-snippet":"max-snippet:-1","max-image-preview":"max-image-preview:large","max-video-preview":"max-video-preview:-1"},"canonical":"https:\/\/blumiz.com\/fr\/produit\/charas-cbd-hash-amnesia-25\/","og_locale":"fr_FR","og_type":"article","og_title":"Charas Amnesia 25%","og_description":"Charas Amnesia 25% Blumiz - Premium CBD","og_url":"https:\/\/blumiz.com\/fr\/produit\/charas-cbd-hash-amnesia-25\/","og_site_name":"Blumiz - Premium CBD","article_modified_time":"2025-10-07T08:56:07+00:00","og_image":[{"width":600,"height":600,"url":"https:\/\/blumiz.com\/wp-content\/uploads\/2022\/09\/Charas-amnesia-Blumiz.webp","type":"image\/webp"}],"twitter_card":"summary_large_image","twitter_misc":{"Disponibilit\u00e9":"Rupture de stock"},"schema":{"@context":"https:\/\/schema.org","@graph":[{"@type":"WebPage","@id":"https:\/\/blumiz.com\/fr\/produit\/charas-cbd-hash-amnesia-25\/","url":"https:\/\/blumiz.com\/fr\/produit\/charas-cbd-hash-amnesia-25\/","name":"Charas CBD hash Amnesia 25% \u00e0 partir de3,4\u20ac\/g..Puissant CBD","isPartOf":{"@id":"https:\/\/blumiz.com\/fr\/#website"},"primaryImageOfPage":{"@id":"https:\/\/blumiz.com\/fr\/produit\/charas-cbd-hash-amnesia-25\/#primaryimage"},"image":{"@id":"https:\/\/blumiz.com\/fr\/produit\/charas-cbd-hash-amnesia-25\/#primaryimage"},"thumbnailUrl":"https:\/\/blumiz.com\/wp-content\/uploads\/2022\/09\/Charas-amnesia-Blumiz.webp","datePublished":"2020-09-06T06:51:28+00:00","dateModified":"2025-10-07T08:56:07+00:00","description":"Charas CBD hash Amnesia 25% \u00e0 partir de 3,4\u20ac\/g....Charas Amnesia est un haschisch CBD tr\u00e8s puissant..appr\u00e9ci\u00e9 pour son ar\u00f4me Amnesia..L\u00e9gal en France Prem","breadcrumb":{"@id":"https:\/\/blumiz.com\/fr\/produit\/charas-cbd-hash-amnesia-25\/#breadcrumb"},"inLanguage":"fr-FR","potentialAction":[{"@type":"ReadAction","target":["https:\/\/blumiz.com\/fr\/produit\/charas-cbd-hash-amnesia-25\/"]}]},{"@type":"ImageObject","inLanguage":"fr-FR","@id":"https:\/\/blumiz.com\/fr\/produit\/charas-cbd-hash-amnesia-25\/#primaryimage","url":"https:\/\/blumiz.com\/wp-content\/uploads\/2022\/09\/Charas-amnesia-Blumiz.webp","contentUrl":"https:\/\/blumiz.com\/wp-content\/uploads\/2022\/09\/Charas-amnesia-Blumiz.webp","width":600,"height":600},{"@type":"BreadcrumbList","@id":"https:\/\/blumiz.com\/fr\/produit\/charas-cbd-hash-amnesia-25\/#breadcrumb","itemListElement":[{"@type":"ListItem","position":1,"name":"Blumiz","item":"https:\/\/blumiz.com\/fr\/"},{"@type":"ListItem","position":2,"name":"CBD Shop","item":"https:\/\/blumiz.com\/fr\/acheter-cbd-shop\/"},{"@type":"ListItem","position":3,"name":"Hash et concentr\u00e9s","item":"https:\/\/blumiz.com\/fr\/category\/hash-et-concentres\/"},{"@type":"ListItem","position":4,"name":"Charas Amnesia 25%"}]},{"@type":"WebSite","@id":"https:\/\/blumiz.com\/fr\/#website","url":"https:\/\/blumiz.com\/fr\/","name":"Blumiz - Premium CBD","description":"Blumiz, Cannabis specialist","publisher":{"@id":"https:\/\/blumiz.com\/fr\/#organization"},"alternateName":"Blumiz","potentialAction":[{"@type":"SearchAction","target":{"@type":"EntryPoint","urlTemplate":"https:\/\/blumiz.com\/fr\/?s={search_term_string}"},"query-input":{"@type":"PropertyValueSpecification","valueRequired":true,"valueName":"search_term_string"}}],"inLanguage":"fr-FR"},{"@type":"Organization","@id":"https:\/\/blumiz.com\/fr\/#organization","name":"Blumiz CBD","alternateName":"Blumiz","url":"https:\/\/blumiz.com\/fr\/","logo":{"@type":"ImageObject","inLanguage":"fr-FR","@id":"https:\/\/blumiz.com\/fr\/#\/schema\/logo\/image\/","url":"https:\/\/blumiz.com\/wp-content\/uploads\/2026\/02\/cropped-Blumiz-CBD-logo.webp","contentUrl":"https:\/\/blumiz.com\/wp-content\/uploads\/2026\/02\/cropped-Blumiz-CBD-logo.webp","width":2547,"height":778,"caption":"Blumiz CBD"},"image":{"@id":"https:\/\/blumiz.com\/fr\/#\/schema\/logo\/image\/"}}]},"og_availability":"out of stock","product_availability":"out of stock","product_retailer_item_id":"91841","product_condition":"new"},"_links":{"self":[{"href":"https:\/\/blumiz.com\/fr\/wp-json\/wp\/v2\/product\/7310","targetHints":{"allow":["GET"]}}],"collection":[{"href":"https:\/\/blumiz.com\/fr\/wp-json\/wp\/v2\/product"}],"about":[{"href":"https:\/\/blumiz.com\/fr\/wp-json\/wp\/v2\/types\/product"}],"replies":[{"embeddable":true,"href":"https:\/\/blumiz.com\/fr\/wp-json\/wp\/v2\/comments?post=7310"}],"version-history":[{"count":0,"href":"https:\/\/blumiz.com\/fr\/wp-json\/wp\/v2\/product\/7310\/revisions"}],"wp:featuredmedia":[{"embeddable":true,"href":"https:\/\/blumiz.com\/fr\/wp-json\/wp\/v2\/media\/6720"}],"wp:attachment":[{"href":"https:\/\/blumiz.com\/fr\/wp-json\/wp\/v2\/media?parent=7310"}],"wp:term":[{"taxonomy":"product_brand","embeddable":true,"href":"https:\/\/blumiz.com\/fr\/wp-json\/wp\/v2\/product_brand?post=7310"},{"taxonomy":"product_cat","embeddable":true,"href":"https:\/\/blumiz.com\/fr\/wp-json\/wp\/v2\/product_cat?post=7310"},{"taxonomy":"product_tag","embeddable":true,"href":"https:\/\/blumiz.com\/fr\/wp-json\/wp\/v2\/product_tag?post=7310"}],"curies":[{"name":"wp","href":"https:\/\/api.w.org\/{rel}","templated":true}]}}