{"id":7311,"date":"2020-09-06T06:47:33","date_gmt":"2020-09-06T05:47:33","guid":{"rendered":"https:\/\/blumiz.com\/produkt\/mangue-de-charas-20\/"},"modified":"2025-10-07T09:59:21","modified_gmt":"2025-10-07T08:59:21","slug":"charas-mango-cbd-20","status":"publish","type":"product","link":"https:\/\/blumiz.com\/fr\/produit\/charas-mango-cbd-20\/","title":{"rendered":"Charas Mango 20%"},"content":{"rendered":"<h2><span style=\"color: #107d85;\">Hash CBD Mango 20 % <\/span><\/h2>\n<h4><span style=\"color: #ff6600;\">Le hash Charas Mango 20% CBD, un des meilleurs hash au go\u00fbt fruit\u00e9 !<\/span><\/h4>\n<p>Sa m\u00e9thode de fabrication traditionnelle et unique en fait une r\u00e9sine authentique aux ar\u00f4mes de chanvre prononc\u00e9s.Sa richesse en terp\u00e8nes s\u00e9duira sans aucun doute les amateurs, mais aussi la plupart des connaisseurs. Il faut dire que ce petit concentr\u00e9 de CBD a tout pour plaire : C&#8217;est l&#8217;une des meilleures r\u00e9sines du march\u00e9, \u00e0 laquelle nous avons ajout\u00e9 des terp\u00e8nes de notre vari\u00e9t\u00e9 Mango Kush.La Charas Mango est id\u00e9ale pour vous accompagner dans vos moments de d\u00e9tente, loin du stress.<\/p>\n<p>Produit \u00e0 base de plante d&#8217;int\u00e9rieur 100% naturelle, sans pesticides ni additifs !<\/p>\n<p>Visuellement : la r\u00e9sine de CBD de Mango Hash se pr\u00e9sente sous la forme de petites olives vitrifi\u00e9es de couleur orange-brun, mais lorsqu&#8217;elles sont coup\u00e9es en deux, elles sont plut\u00f4t jaunes. C&#8217;est un produit homog\u00e8ne, qui n&#8217;a pas de rugosit\u00e9, qui est tr\u00e8s lisse au toucher, sans gaspillage, sans pollen visible.<\/p>\n<p>Texture : les olives sont tr\u00e8s grasses, tr\u00e8s difficiles \u00e0 \u00e9mietter et \u00e0 malaxer en petites boules, la meilleure solution est de faire des filaments. C&#8217;est la couche de distillat qui l&#8217;enveloppe qui le vitrifie et lui donne cet aspect tr\u00e8s gras.<\/p>\n<p>Go\u00fbt : Les premi\u00e8res notes olfactives sont celles de la mangue tr\u00e8s fra\u00eeche et des agrumes. Au go\u00fbt, le produit est doux avec des notes d&#8217;agrumes, ce qui donne une fum\u00e9e l\u00e9g\u00e8re et tr\u00e8s fra\u00eeche en bouche.<\/p>\n<p>Puissance : la teneur en CBD de 20% de Mango Hash est obtenue par l&#8217;ajout de distillat et de terp\u00e8nes naturels. L&#8217;effet d&#8217;entourage ainsi cr\u00e9\u00e9 offre au fumeur une multitude de cannabino\u00efdes pour d\u00e9clencher des effets th\u00e9rapeutiques de qualit\u00e9.<\/p>\n<p>Vous pouvez \u00e9galement d\u00e9couvrir le m\u00eame Charas au <a href=\"https:\/\/blumiz.com\/produit\/charas-cbd-hash-amnesia-25\/\">go\u00fbt AMNESIA<\/a> ou dans sa <a href=\"https:\/\/blumiz.com\/produit\/charas-cbd-hash-30\/\">version classique<\/a>.<\/p>\n<h4><span style=\"color: #ff6600;\">D\u00e9couvrez aussi notre <a style=\"color: #ff6600;\" href=\"\/?product_cat=cbd-blueten\">CBD Flower Shop<\/a> pour compl\u00e9ter votre haschisch<\/span><\/h4>\n<p>Fleur CBD sont disponibles en diff\u00e9rentes saveurs et concentrations de CBD. Nos fleurs de CBD sont soumises \u00e0 des crit\u00e8res de qualit\u00e9 externes stricts. Nos produits sont aussi vendus en tant que mati\u00e8res premi\u00e8res et sont exempts d&#8217;additifs chimiques et d&#8217;impuret\u00e9s.<\/p>\n<p>Ce charas a une consistance tr\u00e8s molle et collante. La consistance est comparable \u00e0 celle d&#8217;un mastic de fen\u00eatre. Ce charas est unique et ne peut pas \u00eatre compar\u00e9 aux autres charas CBD sur le march\u00e9. L&#8217;ar\u00f4me est tr\u00e8s fin de mangue. Nous garantissons avec ce produit, une satisfaction totale. La Charas a au moins 18-22 % de CBD et est inf\u00e9rieure \u00e0 0,1 % de THC. Ce produit fait battre le c\u0153ur de tous les amateurs de CBD.<\/p>\n<p>D\u00e9couvrez nos <a href=\"https:\/\/blumiz.com\/fr\/category\/headshop\/\">produits et accessoires Headshop<\/a> pour profiter de vos vari\u00e9t\u00e9s pr\u00e9f\u00e9r\u00e9es<\/p>\n<h4><span style=\"color: #ff6600;\">Commander chez Blumiz signifie<\/span><\/h4>\n<p>&#8211; Livraison rapide, discr\u00e8te et inodore<br \/>\n&#8211; Produits certifi\u00e9s de qualit\u00e9 et en laboratoire<br \/>\n&#8211; Des prix imbattables, car nous fabriquons nous-m\u00eames nos produits<\/p>\n<p>D\u00e9couvrez ici \u00e9galement nos <a href=\"\/?product_cat=cbd-blueten\">Fleurs de CBD!<\/a><\/p>\n<p>Une question, vous avez besoin d&#8217;aide ? <a href=\"https:\/\/blumiz.com\/hilfe-und-faqs\/\">Cliquez ici pour d\u00e9couvrir notre centre d&#8217;aide.<\/a><\/p>\n","protected":false},"excerpt":{"rendered":"<h4><span style=\"color: #107d85;\">Hash CBD Mango 20 % <\/span><\/h4>\n<p>La r\u00e9sine de mangue Charas 20% est une extraction de tr\u00e8s haute qualit\u00e9<\/p>\n<p>&nbsp;<\/p>\n","protected":false},"featured_media":6723,"comment_status":"open","ping_status":"closed","template":"","meta":{"site-sidebar-layout":"default","site-content-layout":"default","ast-site-content-layout":"default","site-content-style":"default","site-sidebar-style":"default","ast-global-header-display":"","ast-banner-title-visibility":"","ast-main-header-display":"","ast-hfb-above-header-display":"","ast-hfb-below-header-display":"","ast-hfb-mobile-header-display":"","site-post-title":"","ast-breadcrumbs-content":"","ast-featured-img":"","footer-sml-layout":"","ast-disable-related-posts":"","theme-transparent-header-meta":"default","adv-header-id-meta":"","stick-header-meta":"default","header-above-stick-meta":"","header-main-stick-meta":"","header-below-stick-meta":"","astra-migrate-meta-layouts":"default","ast-page-background-enabled":"default","ast-page-background-meta":{"desktop":{"background-color":"","background-image":"","background-repeat":"repeat","background-position":"center center","background-size":"auto","background-attachment":"scroll","background-type":"","background-media":"","overlay-type":"","overlay-color":"","overlay-opacity":"","overlay-gradient":""},"tablet":{"background-color":"","background-image":"","background-repeat":"repeat","background-position":"center center","background-size":"auto","background-attachment":"scroll","background-type":"","background-media":"","overlay-type":"","overlay-color":"","overlay-opacity":"","overlay-gradient":""},"mobile":{"background-color":"","background-image":"","background-repeat":"repeat","background-position":"center center","background-size":"auto","background-attachment":"scroll","background-type":"","background-media":"","overlay-type":"","overlay-color":"","overlay-opacity":"","overlay-gradient":""}},"ast-content-background-meta":{"desktop":{"background-color":"var(--ast-global-color-5)","background-image":"","background-repeat":"repeat","background-position":"center center","background-size":"auto","background-attachment":"scroll","background-type":"","background-media":"","overlay-type":"","overlay-color":"","overlay-opacity":"","overlay-gradient":""},"tablet":{"background-color":"var(--ast-global-color-5)","background-image":"","background-repeat":"repeat","background-position":"center center","background-size":"auto","background-attachment":"scroll","background-type":"","background-media":"","overlay-type":"","overlay-color":"","overlay-opacity":"","overlay-gradient":""},"mobile":{"background-color":"var(--ast-global-color-5)","background-image":"","background-repeat":"repeat","background-position":"center center","background-size":"auto","background-attachment":"scroll","background-type":"","background-media":"","overlay-type":"","overlay-color":"","overlay-opacity":"","overlay-gradient":""}}},"product_brand":[],"product_cat":[304,175,174],"product_tag":[201,202],"class_list":{"0":"post-7311","1":"product","2":"type-product","3":"status-publish","4":"has-post-thumbnail","6":"product_cat-cbd-fr","7":"product_cat-hash-cbd","8":"product_cat-hash-et-concentres","9":"product_tag-fleurs-cbd-pas-cher","10":"product_tag-fleurs-cbd-puissantes","11":"pa_cbd-rate-plus-de-20-cbd","12":"pa_kategorie-greenhouse-fr","13":"desktop-align-left","14":"tablet-align-center","15":"mobile-align-left","16":"ast-product-gallery-layout-vertical","17":"ast-product-gallery-with-no-image","18":"ast-magnify-disabled","19":"ast-product-single-variable","20":"ast-product-tabs-layout-horizontal","22":"first","23":"outofstock","24":"taxable","25":"shipping-taxable","26":"purchasable","27":"product-type-variable"},"yoast_head":"<!-- This site is optimized with the Yoast SEO Premium plugin v27.2 (Yoast SEO v27.3) - https:\/\/yoast.com\/product\/yoast-seo-premium-wordpress\/ -->\n<title>Charas mango CBD 2,8\u20ac\/g - Blumiz - Premium CBD<\/title>\n<meta name=\"description\" content=\"Charas Mango CBD 25% \u00e0 partir de 2,8\u20ac\/g....Charas Mango est un haschisch CBD tr\u00e8s puissant..appr\u00e9ci\u00e9 pour son ar\u00f4me de mangue..L\u00e9gal en France Prem\" \/>\n<meta name=\"robots\" content=\"index, follow, max-snippet:-1, max-image-preview:large, max-video-preview:-1\" \/>\n<link rel=\"canonical\" href=\"https:\/\/blumiz.com\/fr\/produit\/charas-mango-cbd-20\/\" \/>\n<meta property=\"og:locale\" content=\"fr_FR\" \/>\n<meta property=\"og:type\" content=\"article\" \/>\n<meta property=\"og:title\" content=\"Charas Mango 20%\" \/>\n<meta property=\"og:description\" content=\"Charas Mango 20% Blumiz - Premium CBD\" \/>\n<meta property=\"og:url\" content=\"https:\/\/blumiz.com\/fr\/produit\/charas-mango-cbd-20\/\" \/>\n<meta property=\"og:site_name\" content=\"Blumiz - Premium CBD\" \/>\n<meta property=\"article:modified_time\" content=\"2025-10-07T08:59:21+00:00\" \/>\n<meta property=\"og:image\" content=\"https:\/\/blumiz.com\/wp-content\/uploads\/2022\/09\/Charas-Mango-20-blumiz.webp\" \/>\n\t<meta property=\"og:image:width\" content=\"600\" \/>\n\t<meta property=\"og:image:height\" content=\"600\" \/>\n\t<meta property=\"og:image:type\" content=\"image\/webp\" \/>\n<meta name=\"twitter:card\" content=\"summary_large_image\" \/>\n<meta name=\"twitter:label1\" content=\"Disponibilit\u00e9\" \/>\n\t<meta name=\"twitter:data1\" content=\"Rupture de stock\" \/>\n<script type=\"application\/ld+json\" class=\"yoast-schema-graph\">{\"@context\":\"https:\\\/\\\/schema.org\",\"@graph\":[{\"@type\":\"WebPage\",\"@id\":\"https:\\\/\\\/blumiz.com\\\/fr\\\/produit\\\/charas-mango-cbd-20\\\/\",\"url\":\"https:\\\/\\\/blumiz.com\\\/fr\\\/produit\\\/charas-mango-cbd-20\\\/\",\"name\":\"Charas mango CBD 2,8\u20ac\\\/g - Blumiz - Premium CBD\",\"isPartOf\":{\"@id\":\"https:\\\/\\\/blumiz.com\\\/fr\\\/#website\"},\"primaryImageOfPage\":{\"@id\":\"https:\\\/\\\/blumiz.com\\\/fr\\\/produit\\\/charas-mango-cbd-20\\\/#primaryimage\"},\"image\":{\"@id\":\"https:\\\/\\\/blumiz.com\\\/fr\\\/produit\\\/charas-mango-cbd-20\\\/#primaryimage\"},\"thumbnailUrl\":\"https:\\\/\\\/blumiz.com\\\/wp-content\\\/uploads\\\/2022\\\/09\\\/Charas-Mango-20-blumiz.webp\",\"datePublished\":\"2020-09-06T05:47:33+00:00\",\"dateModified\":\"2025-10-07T08:59:21+00:00\",\"description\":\"Charas Mango CBD 25% \u00e0 partir de 2,8\u20ac\\\/g....Charas Mango est un haschisch CBD tr\u00e8s puissant..appr\u00e9ci\u00e9 pour son ar\u00f4me de mangue..L\u00e9gal en France Prem\",\"breadcrumb\":{\"@id\":\"https:\\\/\\\/blumiz.com\\\/fr\\\/produit\\\/charas-mango-cbd-20\\\/#breadcrumb\"},\"inLanguage\":\"fr-FR\",\"potentialAction\":[{\"@type\":\"ReadAction\",\"target\":[\"https:\\\/\\\/blumiz.com\\\/fr\\\/produit\\\/charas-mango-cbd-20\\\/\"]}]},{\"@type\":\"ImageObject\",\"inLanguage\":\"fr-FR\",\"@id\":\"https:\\\/\\\/blumiz.com\\\/fr\\\/produit\\\/charas-mango-cbd-20\\\/#primaryimage\",\"url\":\"https:\\\/\\\/blumiz.com\\\/wp-content\\\/uploads\\\/2022\\\/09\\\/Charas-Mango-20-blumiz.webp\",\"contentUrl\":\"https:\\\/\\\/blumiz.com\\\/wp-content\\\/uploads\\\/2022\\\/09\\\/Charas-Mango-20-blumiz.webp\",\"width\":600,\"height\":600},{\"@type\":\"BreadcrumbList\",\"@id\":\"https:\\\/\\\/blumiz.com\\\/fr\\\/produit\\\/charas-mango-cbd-20\\\/#breadcrumb\",\"itemListElement\":[{\"@type\":\"ListItem\",\"position\":1,\"name\":\"Blumiz\",\"item\":\"https:\\\/\\\/blumiz.com\\\/fr\\\/\"},{\"@type\":\"ListItem\",\"position\":2,\"name\":\"CBD Shop\",\"item\":\"https:\\\/\\\/blumiz.com\\\/fr\\\/acheter-cbd-shop\\\/\"},{\"@type\":\"ListItem\",\"position\":3,\"name\":\"Hash et concentr\u00e9s\",\"item\":\"https:\\\/\\\/blumiz.com\\\/fr\\\/category\\\/hash-et-concentres\\\/\"},{\"@type\":\"ListItem\",\"position\":4,\"name\":\"Charas Mango 20%\"}]},{\"@type\":\"WebSite\",\"@id\":\"https:\\\/\\\/blumiz.com\\\/fr\\\/#website\",\"url\":\"https:\\\/\\\/blumiz.com\\\/fr\\\/\",\"name\":\"Blumiz - Premium CBD\",\"description\":\"Blumiz, Cannabis specialist\",\"publisher\":{\"@id\":\"https:\\\/\\\/blumiz.com\\\/fr\\\/#organization\"},\"alternateName\":\"Blumiz\",\"potentialAction\":[{\"@type\":\"SearchAction\",\"target\":{\"@type\":\"EntryPoint\",\"urlTemplate\":\"https:\\\/\\\/blumiz.com\\\/fr\\\/?s={search_term_string}\"},\"query-input\":{\"@type\":\"PropertyValueSpecification\",\"valueRequired\":true,\"valueName\":\"search_term_string\"}}],\"inLanguage\":\"fr-FR\"},{\"@type\":\"Organization\",\"@id\":\"https:\\\/\\\/blumiz.com\\\/fr\\\/#organization\",\"name\":\"Blumiz CBD\",\"alternateName\":\"Blumiz\",\"url\":\"https:\\\/\\\/blumiz.com\\\/fr\\\/\",\"logo\":{\"@type\":\"ImageObject\",\"inLanguage\":\"fr-FR\",\"@id\":\"https:\\\/\\\/blumiz.com\\\/fr\\\/#\\\/schema\\\/logo\\\/image\\\/\",\"url\":\"https:\\\/\\\/blumiz.com\\\/wp-content\\\/uploads\\\/2026\\\/02\\\/cropped-Blumiz-CBD-logo.webp\",\"contentUrl\":\"https:\\\/\\\/blumiz.com\\\/wp-content\\\/uploads\\\/2026\\\/02\\\/cropped-Blumiz-CBD-logo.webp\",\"width\":2547,\"height\":778,\"caption\":\"Blumiz CBD\"},\"image\":{\"@id\":\"https:\\\/\\\/blumiz.com\\\/fr\\\/#\\\/schema\\\/logo\\\/image\\\/\"}}]}<\/script>\n<meta property=\"og:availability\" content=\"out of stock\" \/>\n<meta property=\"product:availability\" content=\"out of stock\" \/>\n<meta property=\"product:retailer_item_id\" content=\"18795\" \/>\n<meta property=\"product:condition\" content=\"new\" \/>\n<!-- \/ Yoast SEO Premium plugin. -->","yoast_head_json":{"title":"Charas mango CBD 2,8\u20ac\/g - Blumiz - Premium CBD","description":"Charas Mango CBD 25% \u00e0 partir de 2,8\u20ac\/g....Charas Mango est un haschisch CBD tr\u00e8s puissant..appr\u00e9ci\u00e9 pour son ar\u00f4me de mangue..L\u00e9gal en France Prem","robots":{"index":"index","follow":"follow","max-snippet":"max-snippet:-1","max-image-preview":"max-image-preview:large","max-video-preview":"max-video-preview:-1"},"canonical":"https:\/\/blumiz.com\/fr\/produit\/charas-mango-cbd-20\/","og_locale":"fr_FR","og_type":"article","og_title":"Charas Mango 20%","og_description":"Charas Mango 20% Blumiz - Premium CBD","og_url":"https:\/\/blumiz.com\/fr\/produit\/charas-mango-cbd-20\/","og_site_name":"Blumiz - Premium CBD","article_modified_time":"2025-10-07T08:59:21+00:00","og_image":[{"width":600,"height":600,"url":"https:\/\/blumiz.com\/wp-content\/uploads\/2022\/09\/Charas-Mango-20-blumiz.webp","type":"image\/webp"}],"twitter_card":"summary_large_image","twitter_misc":{"Disponibilit\u00e9":"Rupture de stock"},"schema":{"@context":"https:\/\/schema.org","@graph":[{"@type":"WebPage","@id":"https:\/\/blumiz.com\/fr\/produit\/charas-mango-cbd-20\/","url":"https:\/\/blumiz.com\/fr\/produit\/charas-mango-cbd-20\/","name":"Charas mango CBD 2,8\u20ac\/g - Blumiz - Premium CBD","isPartOf":{"@id":"https:\/\/blumiz.com\/fr\/#website"},"primaryImageOfPage":{"@id":"https:\/\/blumiz.com\/fr\/produit\/charas-mango-cbd-20\/#primaryimage"},"image":{"@id":"https:\/\/blumiz.com\/fr\/produit\/charas-mango-cbd-20\/#primaryimage"},"thumbnailUrl":"https:\/\/blumiz.com\/wp-content\/uploads\/2022\/09\/Charas-Mango-20-blumiz.webp","datePublished":"2020-09-06T05:47:33+00:00","dateModified":"2025-10-07T08:59:21+00:00","description":"Charas Mango CBD 25% \u00e0 partir de 2,8\u20ac\/g....Charas Mango est un haschisch CBD tr\u00e8s puissant..appr\u00e9ci\u00e9 pour son ar\u00f4me de mangue..L\u00e9gal en France Prem","breadcrumb":{"@id":"https:\/\/blumiz.com\/fr\/produit\/charas-mango-cbd-20\/#breadcrumb"},"inLanguage":"fr-FR","potentialAction":[{"@type":"ReadAction","target":["https:\/\/blumiz.com\/fr\/produit\/charas-mango-cbd-20\/"]}]},{"@type":"ImageObject","inLanguage":"fr-FR","@id":"https:\/\/blumiz.com\/fr\/produit\/charas-mango-cbd-20\/#primaryimage","url":"https:\/\/blumiz.com\/wp-content\/uploads\/2022\/09\/Charas-Mango-20-blumiz.webp","contentUrl":"https:\/\/blumiz.com\/wp-content\/uploads\/2022\/09\/Charas-Mango-20-blumiz.webp","width":600,"height":600},{"@type":"BreadcrumbList","@id":"https:\/\/blumiz.com\/fr\/produit\/charas-mango-cbd-20\/#breadcrumb","itemListElement":[{"@type":"ListItem","position":1,"name":"Blumiz","item":"https:\/\/blumiz.com\/fr\/"},{"@type":"ListItem","position":2,"name":"CBD Shop","item":"https:\/\/blumiz.com\/fr\/acheter-cbd-shop\/"},{"@type":"ListItem","position":3,"name":"Hash et concentr\u00e9s","item":"https:\/\/blumiz.com\/fr\/category\/hash-et-concentres\/"},{"@type":"ListItem","position":4,"name":"Charas Mango 20%"}]},{"@type":"WebSite","@id":"https:\/\/blumiz.com\/fr\/#website","url":"https:\/\/blumiz.com\/fr\/","name":"Blumiz - Premium CBD","description":"Blumiz, Cannabis specialist","publisher":{"@id":"https:\/\/blumiz.com\/fr\/#organization"},"alternateName":"Blumiz","potentialAction":[{"@type":"SearchAction","target":{"@type":"EntryPoint","urlTemplate":"https:\/\/blumiz.com\/fr\/?s={search_term_string}"},"query-input":{"@type":"PropertyValueSpecification","valueRequired":true,"valueName":"search_term_string"}}],"inLanguage":"fr-FR"},{"@type":"Organization","@id":"https:\/\/blumiz.com\/fr\/#organization","name":"Blumiz CBD","alternateName":"Blumiz","url":"https:\/\/blumiz.com\/fr\/","logo":{"@type":"ImageObject","inLanguage":"fr-FR","@id":"https:\/\/blumiz.com\/fr\/#\/schema\/logo\/image\/","url":"https:\/\/blumiz.com\/wp-content\/uploads\/2026\/02\/cropped-Blumiz-CBD-logo.webp","contentUrl":"https:\/\/blumiz.com\/wp-content\/uploads\/2026\/02\/cropped-Blumiz-CBD-logo.webp","width":2547,"height":778,"caption":"Blumiz CBD"},"image":{"@id":"https:\/\/blumiz.com\/fr\/#\/schema\/logo\/image\/"}}]},"og_availability":"out of stock","product_availability":"out of stock","product_retailer_item_id":"18795","product_condition":"new"},"_links":{"self":[{"href":"https:\/\/blumiz.com\/fr\/wp-json\/wp\/v2\/product\/7311","targetHints":{"allow":["GET"]}}],"collection":[{"href":"https:\/\/blumiz.com\/fr\/wp-json\/wp\/v2\/product"}],"about":[{"href":"https:\/\/blumiz.com\/fr\/wp-json\/wp\/v2\/types\/product"}],"replies":[{"embeddable":true,"href":"https:\/\/blumiz.com\/fr\/wp-json\/wp\/v2\/comments?post=7311"}],"version-history":[{"count":0,"href":"https:\/\/blumiz.com\/fr\/wp-json\/wp\/v2\/product\/7311\/revisions"}],"wp:featuredmedia":[{"embeddable":true,"href":"https:\/\/blumiz.com\/fr\/wp-json\/wp\/v2\/media\/6723"}],"wp:attachment":[{"href":"https:\/\/blumiz.com\/fr\/wp-json\/wp\/v2\/media?parent=7311"}],"wp:term":[{"taxonomy":"product_brand","embeddable":true,"href":"https:\/\/blumiz.com\/fr\/wp-json\/wp\/v2\/product_brand?post=7311"},{"taxonomy":"product_cat","embeddable":true,"href":"https:\/\/blumiz.com\/fr\/wp-json\/wp\/v2\/product_cat?post=7311"},{"taxonomy":"product_tag","embeddable":true,"href":"https:\/\/blumiz.com\/fr\/wp-json\/wp\/v2\/product_tag?post=7311"}],"curies":[{"name":"wp","href":"https:\/\/api.w.org\/{rel}","templated":true}]}}