{"id":7378,"date":"2022-10-20T12:20:16","date_gmt":"2022-10-20T11:20:16","guid":{"rendered":"https:\/\/blumiz.com\/produkt\/harmony-serumony-huile-apaisante-pour-le-visage-137mg-cbd-15ml\/"},"modified":"2025-02-11T13:28:59","modified_gmt":"2025-02-11T12:28:59","slug":"harmony-serumony-huile-visage-apaisante-137mg-cbd-15ml","status":"publish","type":"product","link":"https:\/\/blumiz.com\/fr\/produit\/harmony-serumony-huile-visage-apaisante-137mg-cbd-15ml\/","title":{"rendered":"Harmony Serumony Huile apaisante pour le visage 137mg CBD (15ml)"},"content":{"rendered":"<p><strong>Huile visage Harmony riche en antioxydants<\/strong><\/p>\n<p>Serumony contient une riche concentration de CBD, compl\u00e9t\u00e9e par un m\u00e9lange nourrissant d&#8217;huile de chanvre, d&#8217;huile de graines de grenade press\u00e9e \u00e0 froid et d&#8217;huile de carthame, pour adoucir, apaiser et augmenter la luminosit\u00e9 naturelle de la peau. Le s\u00e9rum est l\u00e9ger et p\u00e9n\u00e8tre rapidement Toutes les huiles Harmony sont non com\u00e9dog\u00e8nes (c&#8217;est-\u00e0-dire qu&#8217;elles n&#8217;obstruent pas les pores) &#8211; elles ne sont pas non plus grasses ou collantes.<\/p>\n<p><strong>Ingr\u00e9dients principaux<\/strong><\/p>\n<p>CBD &#8211; antioxydant et antis\u00e9borrh\u00e9ique, apaise<br \/>\nHuile de grenade &#8211; riche en vitamines, compl\u00e9ments alimentaires<br \/>\nHuile de chanvre &#8211; acide linol\u00e9nique et ol\u00e9ique, nourrit<br \/>\nHuile de carthame &#8211; acides gras essentiels, hydrate<br \/>\nVitamine E &#8211; anti-inflammatoire, favorise la sant\u00e9 de la peau<\/p>\n<p>V\u00e9g\u00e9talien \/ Sans sucre \/ Sans gluten \/ Sans alcool \/ Sans colorant<\/p>\n<p>&nbsp;<\/p>\n<div>\n<div>\n<div>\n<div>\n<div>\n<div>\n<div>\n<p><strong>Tous les ingr\u00e9dients :<\/strong> Huile de graines de Carthamus Tinctorius (carthame), huile de graines de Punica Granatum (grenade), huile de graines de Cannabis Sativa (chanvre), cannabidiol (CBD), tocoph\u00e9rol (vitamine E), huile de graines de Helianthus Annuus (tournesol), linalol.<br \/>\nHarmonie est contre les tests sur les animaux. Tous nos produits sont fabriqu\u00e9s en Europe.<\/p>\n<p>On a constat\u00e9 que le CBD avait des propri\u00e9t\u00e9s tr\u00e8s impressionnantes dans les soins de la peau<\/p>\n<p><strong>1 \/ Antioxydant<\/strong><br \/>\nLe CBD pourrait aider \u00e0 lutter contre les radicaux libres caus\u00e9s par des facteurs quotidiens tels que la pollution de l&#8217;air, l&#8217;alcool et la fum\u00e9e, qui sont associ\u00e9s au vieillissement.<\/p>\n<p><strong>2 \/ Nutrition de la peau<\/strong><br \/>\nLe CBD am\u00e9liore l&#8217;apparence de la peau et contribue \u00e0 lui donner un aspect doux, lisse, souple et sain.<\/p>\n<p><strong>3 \/ Anti-s\u00e9borrh\u00e9ique<\/strong><br \/>\nLe CBD aide \u00e0 harmoniser les niveaux d&#8217;hydratation et de s\u00e9bum de la peau. Cela est possible gr\u00e2ce \u00e0 l&#8217;\u00e9quilibre du s\u00e9bum naturel, une substance grasse normalement produite par notre peau.<\/p>\n<p><strong>4 \/ Protection de la peau<\/strong><br \/>\nLes propri\u00e9t\u00e9s protectrices du CBD sur la peau peuvent contribuer \u00e0 lui donner un aspect sain et \u00e0 la prot\u00e9ger contre les rougeurs, la s\u00e9cheresse et l&#8217;inconfort.<\/p>\n<p>&nbsp;<\/p>\n<p>Harmony CBD est pur \u00e0 99% au moins, sans d\u00e9tection de THC, comme l&#8217;ont confirm\u00e9 des laboratoires tiers ind\u00e9pendants. Il ne provoque pas d'&#8221;intoxication&#8221;, mais soigne et \u00e9quilibre la peau. De la nutrition \u00e0 la r\u00e9g\u00e9n\u00e9ration en passant par le contr\u00f4le des radicaux libres, il est clair que le CBD est un ingr\u00e9dient puissant qui pr\u00e9sente de nombreux avantages convaincants pour les soins de la peau. C&#8217;est pourquoi Harmony a ajout\u00e9 \u00e0 ses propres produits de soin la concentration parfaite du CBD le plus pur.<\/p>\n<\/div>\n<\/div>\n<\/div>\n<\/div>\n<\/div>\n<\/div>\n<\/div>\n","protected":false},"excerpt":{"rendered":"<p>137 mg de CBD + huile de p\u00e9pins de grenade, Huile CBD apaisante pour le visage. Pas de colorant, de phtalates, de silicone, d&#8217;huile min\u00e9rale ou d&#8217;huile de palme.<\/p>\n","protected":false},"featured_media":7238,"comment_status":"open","ping_status":"closed","template":"","meta":{"site-sidebar-layout":"default","site-content-layout":"default","ast-site-content-layout":"default","site-content-style":"default","site-sidebar-style":"default","ast-global-header-display":"","ast-banner-title-visibility":"","ast-main-header-display":"","ast-hfb-above-header-display":"","ast-hfb-below-header-display":"","ast-hfb-mobile-header-display":"","site-post-title":"","ast-breadcrumbs-content":"","ast-featured-img":"","footer-sml-layout":"","ast-disable-related-posts":"","theme-transparent-header-meta":"default","adv-header-id-meta":"","stick-header-meta":"default","header-above-stick-meta":"","header-main-stick-meta":"","header-below-stick-meta":"","astra-migrate-meta-layouts":"default","ast-page-background-enabled":"default","ast-page-background-meta":{"desktop":{"background-color":"","background-image":"","background-repeat":"repeat","background-position":"center center","background-size":"auto","background-attachment":"scroll","background-type":"","background-media":"","overlay-type":"","overlay-color":"","overlay-opacity":"","overlay-gradient":""},"tablet":{"background-color":"","background-image":"","background-repeat":"repeat","background-position":"center center","background-size":"auto","background-attachment":"scroll","background-type":"","background-media":"","overlay-type":"","overlay-color":"","overlay-opacity":"","overlay-gradient":""},"mobile":{"background-color":"","background-image":"","background-repeat":"repeat","background-position":"center center","background-size":"auto","background-attachment":"scroll","background-type":"","background-media":"","overlay-type":"","overlay-color":"","overlay-opacity":"","overlay-gradient":""}},"ast-content-background-meta":{"desktop":{"background-color":"var(--ast-global-color-5)","background-image":"","background-repeat":"repeat","background-position":"center center","background-size":"auto","background-attachment":"scroll","background-type":"","background-media":"","overlay-type":"","overlay-color":"","overlay-opacity":"","overlay-gradient":""},"tablet":{"background-color":"var(--ast-global-color-5)","background-image":"","background-repeat":"repeat","background-position":"center center","background-size":"auto","background-attachment":"scroll","background-type":"","background-media":"","overlay-type":"","overlay-color":"","overlay-opacity":"","overlay-gradient":""},"mobile":{"background-color":"var(--ast-global-color-5)","background-image":"","background-repeat":"repeat","background-position":"center center","background-size":"auto","background-attachment":"scroll","background-type":"","background-media":"","overlay-type":"","overlay-color":"","overlay-opacity":"","overlay-gradient":""}}},"product_brand":[],"product_cat":[169,304,173],"product_tag":[],"class_list":{"0":"post-7378","1":"product","2":"type-product","3":"status-publish","4":"has-post-thumbnail","6":"product_cat-bien-etre-cbd","7":"product_cat-cbd-fr","8":"product_cat-huiles-et-gelules-cbd","9":"pa_cbd-rate-plus-de-20-cbd","10":"desktop-align-left","11":"tablet-align-center","12":"mobile-align-left","13":"ast-product-gallery-layout-vertical","14":"ast-product-gallery-with-no-image","15":"ast-magnify-disabled","16":"ast-product-tabs-layout-horizontal","18":"first","19":"outofstock","20":"taxable","21":"shipping-taxable","22":"purchasable","23":"product-type-simple"},"yoast_head":"<!-- This site is optimized with the Yoast SEO Premium plugin v27.2 (Yoast SEO v27.5) - https:\/\/yoast.com\/product\/yoast-seo-premium-wordpress\/ -->\n<title>Harmony Serumony Huile apaisante pour le visage 137mg CBD (15ml) - Blumiz - Premium CBD<\/title>\n<meta name=\"description\" content=\"Am\u00e9liorez l&#039;apparence de votre peau avec Harmony CBD, un s\u00e9rum riche en antioxydants de Blumiz CBD - Livraison rapide\" \/>\n<meta name=\"robots\" content=\"index, follow, max-snippet:-1, max-image-preview:large, max-video-preview:-1\" \/>\n<link rel=\"canonical\" href=\"https:\/\/blumiz.com\/fr\/produit\/harmony-serumony-huile-visage-apaisante-137mg-cbd-15ml\/\" \/>\n<meta property=\"og:locale\" content=\"fr_FR\" \/>\n<meta property=\"og:type\" content=\"article\" \/>\n<meta property=\"og:title\" content=\"Harmony Serumony Huile apaisante pour le visage 137mg CBD (15ml)\" \/>\n<meta property=\"og:description\" content=\"Harmony Serumony Huile apaisante pour le visage 137mg CBD (15ml) Blumiz - Premium CBD\" \/>\n<meta property=\"og:url\" content=\"https:\/\/blumiz.com\/fr\/produit\/harmony-serumony-huile-visage-apaisante-137mg-cbd-15ml\/\" \/>\n<meta property=\"og:site_name\" content=\"Blumiz - Premium CBD\" \/>\n<meta property=\"article:modified_time\" content=\"2025-02-11T12:28:59+00:00\" \/>\n<meta property=\"og:image\" content=\"https:\/\/blumiz.com\/wp-content\/uploads\/2022\/10\/Harmony-Serumony-Calming-Facial-Oil-137mg-CBD-15ml.webp\" \/>\n\t<meta property=\"og:image:width\" content=\"600\" \/>\n\t<meta property=\"og:image:height\" content=\"600\" \/>\n\t<meta property=\"og:image:type\" content=\"image\/webp\" \/>\n<meta name=\"twitter:card\" content=\"summary_large_image\" \/>\n<meta name=\"twitter:label1\" content=\"Prix\" \/>\n\t<meta name=\"twitter:data1\" content=\"17,99&nbsp;&euro;\" \/>\n\t<meta name=\"twitter:label2\" content=\"Disponibilit\u00e9\" \/>\n\t<meta name=\"twitter:data2\" content=\"Rupture de stock\" \/>\n<script type=\"application\/ld+json\" class=\"yoast-schema-graph\">{\"@context\":\"https:\\\/\\\/schema.org\",\"@graph\":[{\"@type\":\"WebPage\",\"@id\":\"https:\\\/\\\/blumiz.com\\\/fr\\\/produit\\\/harmony-serumony-huile-visage-apaisante-137mg-cbd-15ml\\\/\",\"url\":\"https:\\\/\\\/blumiz.com\\\/fr\\\/produit\\\/harmony-serumony-huile-visage-apaisante-137mg-cbd-15ml\\\/\",\"name\":\"Harmony Serumony Huile apaisante pour le visage 137mg CBD (15ml) - Blumiz - Premium CBD\",\"isPartOf\":{\"@id\":\"https:\\\/\\\/blumiz.com\\\/fr\\\/#website\"},\"primaryImageOfPage\":{\"@id\":\"https:\\\/\\\/blumiz.com\\\/fr\\\/produit\\\/harmony-serumony-huile-visage-apaisante-137mg-cbd-15ml\\\/#primaryimage\"},\"image\":{\"@id\":\"https:\\\/\\\/blumiz.com\\\/fr\\\/produit\\\/harmony-serumony-huile-visage-apaisante-137mg-cbd-15ml\\\/#primaryimage\"},\"thumbnailUrl\":\"https:\\\/\\\/blumiz.com\\\/wp-content\\\/uploads\\\/2022\\\/10\\\/Harmony-Serumony-Calming-Facial-Oil-137mg-CBD-15ml.webp\",\"datePublished\":\"2022-10-20T11:20:16+00:00\",\"dateModified\":\"2025-02-11T12:28:59+00:00\",\"description\":\"Am\u00e9liorez l'apparence de votre peau avec Harmony CBD, un s\u00e9rum riche en antioxydants de Blumiz CBD - Livraison rapide\",\"breadcrumb\":{\"@id\":\"https:\\\/\\\/blumiz.com\\\/fr\\\/produit\\\/harmony-serumony-huile-visage-apaisante-137mg-cbd-15ml\\\/#breadcrumb\"},\"inLanguage\":\"fr-FR\",\"potentialAction\":[{\"@type\":\"ReadAction\",\"target\":[\"https:\\\/\\\/blumiz.com\\\/fr\\\/produit\\\/harmony-serumony-huile-visage-apaisante-137mg-cbd-15ml\\\/\"]}]},{\"@type\":\"ImageObject\",\"inLanguage\":\"fr-FR\",\"@id\":\"https:\\\/\\\/blumiz.com\\\/fr\\\/produit\\\/harmony-serumony-huile-visage-apaisante-137mg-cbd-15ml\\\/#primaryimage\",\"url\":\"https:\\\/\\\/blumiz.com\\\/wp-content\\\/uploads\\\/2022\\\/10\\\/Harmony-Serumony-Calming-Facial-Oil-137mg-CBD-15ml.webp\",\"contentUrl\":\"https:\\\/\\\/blumiz.com\\\/wp-content\\\/uploads\\\/2022\\\/10\\\/Harmony-Serumony-Calming-Facial-Oil-137mg-CBD-15ml.webp\",\"width\":600,\"height\":600},{\"@type\":\"BreadcrumbList\",\"@id\":\"https:\\\/\\\/blumiz.com\\\/fr\\\/produit\\\/harmony-serumony-huile-visage-apaisante-137mg-cbd-15ml\\\/#breadcrumb\",\"itemListElement\":[{\"@type\":\"ListItem\",\"position\":1,\"name\":\"Blumiz\",\"item\":\"https:\\\/\\\/blumiz.com\\\/fr\\\/\"},{\"@type\":\"ListItem\",\"position\":2,\"name\":\"CBD Shop\",\"item\":\"https:\\\/\\\/blumiz.com\\\/fr\\\/acheter-cbd-shop\\\/\"},{\"@type\":\"ListItem\",\"position\":3,\"name\":\"Bien \u00eatre CBD\",\"item\":\"https:\\\/\\\/blumiz.com\\\/fr\\\/category\\\/bien-etre-cbd\\\/\"},{\"@type\":\"ListItem\",\"position\":4,\"name\":\"Huiles et g\u00e9lules CBD\",\"item\":\"https:\\\/\\\/blumiz.com\\\/fr\\\/category\\\/bien-etre-cbd\\\/huiles-et-gelules-cbd\\\/\"},{\"@type\":\"ListItem\",\"position\":5,\"name\":\"Harmony Serumony Huile apaisante pour le visage 137mg CBD (15ml)\"}]},{\"@type\":\"WebSite\",\"@id\":\"https:\\\/\\\/blumiz.com\\\/fr\\\/#website\",\"url\":\"https:\\\/\\\/blumiz.com\\\/fr\\\/\",\"name\":\"Blumiz - Premium CBD\",\"description\":\"Blumiz, Cannabis specialist\",\"publisher\":{\"@id\":\"https:\\\/\\\/blumiz.com\\\/fr\\\/#organization\"},\"alternateName\":\"Blumiz\",\"potentialAction\":[{\"@type\":\"SearchAction\",\"target\":{\"@type\":\"EntryPoint\",\"urlTemplate\":\"https:\\\/\\\/blumiz.com\\\/fr\\\/?s={search_term_string}\"},\"query-input\":{\"@type\":\"PropertyValueSpecification\",\"valueRequired\":true,\"valueName\":\"search_term_string\"}}],\"inLanguage\":\"fr-FR\"},{\"@type\":\"Organization\",\"@id\":\"https:\\\/\\\/blumiz.com\\\/fr\\\/#organization\",\"name\":\"Blumiz CBD\",\"alternateName\":\"Blumiz\",\"url\":\"https:\\\/\\\/blumiz.com\\\/fr\\\/\",\"logo\":{\"@type\":\"ImageObject\",\"inLanguage\":\"fr-FR\",\"@id\":\"https:\\\/\\\/blumiz.com\\\/fr\\\/#\\\/schema\\\/logo\\\/image\\\/\",\"url\":\"https:\\\/\\\/blumiz.com\\\/wp-content\\\/uploads\\\/2026\\\/02\\\/cropped-Blumiz-CBD-logo.webp\",\"contentUrl\":\"https:\\\/\\\/blumiz.com\\\/wp-content\\\/uploads\\\/2026\\\/02\\\/cropped-Blumiz-CBD-logo.webp\",\"width\":2547,\"height\":778,\"caption\":\"Blumiz CBD\"},\"image\":{\"@id\":\"https:\\\/\\\/blumiz.com\\\/fr\\\/#\\\/schema\\\/logo\\\/image\\\/\"}}]}<\/script>\n<meta property=\"product:price:amount\" content=\"17.99\" \/>\n<meta property=\"product:price:currency\" content=\"EUR\" \/>\n<meta property=\"og:availability\" content=\"out of stock\" \/>\n<meta property=\"product:availability\" content=\"out of stock\" \/>\n<meta property=\"product:retailer_item_id\" content=\"574466\" \/>\n<meta property=\"product:condition\" content=\"new\" \/>\n<!-- \/ Yoast SEO Premium plugin. -->","yoast_head_json":{"title":"Harmony Serumony Huile apaisante pour le visage 137mg CBD (15ml) - Blumiz - Premium CBD","description":"Am\u00e9liorez l'apparence de votre peau avec Harmony CBD, un s\u00e9rum riche en antioxydants de Blumiz CBD - Livraison rapide","robots":{"index":"index","follow":"follow","max-snippet":"max-snippet:-1","max-image-preview":"max-image-preview:large","max-video-preview":"max-video-preview:-1"},"canonical":"https:\/\/blumiz.com\/fr\/produit\/harmony-serumony-huile-visage-apaisante-137mg-cbd-15ml\/","og_locale":"fr_FR","og_type":"article","og_title":"Harmony Serumony Huile apaisante pour le visage 137mg CBD (15ml)","og_description":"Harmony Serumony Huile apaisante pour le visage 137mg CBD (15ml) Blumiz - Premium CBD","og_url":"https:\/\/blumiz.com\/fr\/produit\/harmony-serumony-huile-visage-apaisante-137mg-cbd-15ml\/","og_site_name":"Blumiz - Premium CBD","article_modified_time":"2025-02-11T12:28:59+00:00","og_image":[{"width":600,"height":600,"url":"https:\/\/blumiz.com\/wp-content\/uploads\/2022\/10\/Harmony-Serumony-Calming-Facial-Oil-137mg-CBD-15ml.webp","type":"image\/webp"}],"twitter_card":"summary_large_image","twitter_misc":{"Prix":"17,99&nbsp;&euro;","Disponibilit\u00e9":"Rupture de stock"},"schema":{"@context":"https:\/\/schema.org","@graph":[{"@type":"WebPage","@id":"https:\/\/blumiz.com\/fr\/produit\/harmony-serumony-huile-visage-apaisante-137mg-cbd-15ml\/","url":"https:\/\/blumiz.com\/fr\/produit\/harmony-serumony-huile-visage-apaisante-137mg-cbd-15ml\/","name":"Harmony Serumony Huile apaisante pour le visage 137mg CBD (15ml) - Blumiz - Premium CBD","isPartOf":{"@id":"https:\/\/blumiz.com\/fr\/#website"},"primaryImageOfPage":{"@id":"https:\/\/blumiz.com\/fr\/produit\/harmony-serumony-huile-visage-apaisante-137mg-cbd-15ml\/#primaryimage"},"image":{"@id":"https:\/\/blumiz.com\/fr\/produit\/harmony-serumony-huile-visage-apaisante-137mg-cbd-15ml\/#primaryimage"},"thumbnailUrl":"https:\/\/blumiz.com\/wp-content\/uploads\/2022\/10\/Harmony-Serumony-Calming-Facial-Oil-137mg-CBD-15ml.webp","datePublished":"2022-10-20T11:20:16+00:00","dateModified":"2025-02-11T12:28:59+00:00","description":"Am\u00e9liorez l'apparence de votre peau avec Harmony CBD, un s\u00e9rum riche en antioxydants de Blumiz CBD - Livraison rapide","breadcrumb":{"@id":"https:\/\/blumiz.com\/fr\/produit\/harmony-serumony-huile-visage-apaisante-137mg-cbd-15ml\/#breadcrumb"},"inLanguage":"fr-FR","potentialAction":[{"@type":"ReadAction","target":["https:\/\/blumiz.com\/fr\/produit\/harmony-serumony-huile-visage-apaisante-137mg-cbd-15ml\/"]}]},{"@type":"ImageObject","inLanguage":"fr-FR","@id":"https:\/\/blumiz.com\/fr\/produit\/harmony-serumony-huile-visage-apaisante-137mg-cbd-15ml\/#primaryimage","url":"https:\/\/blumiz.com\/wp-content\/uploads\/2022\/10\/Harmony-Serumony-Calming-Facial-Oil-137mg-CBD-15ml.webp","contentUrl":"https:\/\/blumiz.com\/wp-content\/uploads\/2022\/10\/Harmony-Serumony-Calming-Facial-Oil-137mg-CBD-15ml.webp","width":600,"height":600},{"@type":"BreadcrumbList","@id":"https:\/\/blumiz.com\/fr\/produit\/harmony-serumony-huile-visage-apaisante-137mg-cbd-15ml\/#breadcrumb","itemListElement":[{"@type":"ListItem","position":1,"name":"Blumiz","item":"https:\/\/blumiz.com\/fr\/"},{"@type":"ListItem","position":2,"name":"CBD Shop","item":"https:\/\/blumiz.com\/fr\/acheter-cbd-shop\/"},{"@type":"ListItem","position":3,"name":"Bien \u00eatre CBD","item":"https:\/\/blumiz.com\/fr\/category\/bien-etre-cbd\/"},{"@type":"ListItem","position":4,"name":"Huiles et g\u00e9lules CBD","item":"https:\/\/blumiz.com\/fr\/category\/bien-etre-cbd\/huiles-et-gelules-cbd\/"},{"@type":"ListItem","position":5,"name":"Harmony Serumony Huile apaisante pour le visage 137mg CBD (15ml)"}]},{"@type":"WebSite","@id":"https:\/\/blumiz.com\/fr\/#website","url":"https:\/\/blumiz.com\/fr\/","name":"Blumiz - Premium CBD","description":"Blumiz, Cannabis specialist","publisher":{"@id":"https:\/\/blumiz.com\/fr\/#organization"},"alternateName":"Blumiz","potentialAction":[{"@type":"SearchAction","target":{"@type":"EntryPoint","urlTemplate":"https:\/\/blumiz.com\/fr\/?s={search_term_string}"},"query-input":{"@type":"PropertyValueSpecification","valueRequired":true,"valueName":"search_term_string"}}],"inLanguage":"fr-FR"},{"@type":"Organization","@id":"https:\/\/blumiz.com\/fr\/#organization","name":"Blumiz CBD","alternateName":"Blumiz","url":"https:\/\/blumiz.com\/fr\/","logo":{"@type":"ImageObject","inLanguage":"fr-FR","@id":"https:\/\/blumiz.com\/fr\/#\/schema\/logo\/image\/","url":"https:\/\/blumiz.com\/wp-content\/uploads\/2026\/02\/cropped-Blumiz-CBD-logo.webp","contentUrl":"https:\/\/blumiz.com\/wp-content\/uploads\/2026\/02\/cropped-Blumiz-CBD-logo.webp","width":2547,"height":778,"caption":"Blumiz CBD"},"image":{"@id":"https:\/\/blumiz.com\/fr\/#\/schema\/logo\/image\/"}}]},"product_price_amount":"17.99","product_price_currency":"EUR","og_availability":"out of stock","product_availability":"out of stock","product_retailer_item_id":"574466","product_condition":"new"},"_links":{"self":[{"href":"https:\/\/blumiz.com\/fr\/wp-json\/wp\/v2\/product\/7378","targetHints":{"allow":["GET"]}}],"collection":[{"href":"https:\/\/blumiz.com\/fr\/wp-json\/wp\/v2\/product"}],"about":[{"href":"https:\/\/blumiz.com\/fr\/wp-json\/wp\/v2\/types\/product"}],"replies":[{"embeddable":true,"href":"https:\/\/blumiz.com\/fr\/wp-json\/wp\/v2\/comments?post=7378"}],"version-history":[{"count":0,"href":"https:\/\/blumiz.com\/fr\/wp-json\/wp\/v2\/product\/7378\/revisions"}],"wp:featuredmedia":[{"embeddable":true,"href":"https:\/\/blumiz.com\/fr\/wp-json\/wp\/v2\/media\/7238"}],"wp:attachment":[{"href":"https:\/\/blumiz.com\/fr\/wp-json\/wp\/v2\/media?parent=7378"}],"wp:term":[{"taxonomy":"product_brand","embeddable":true,"href":"https:\/\/blumiz.com\/fr\/wp-json\/wp\/v2\/product_brand?post=7378"},{"taxonomy":"product_cat","embeddable":true,"href":"https:\/\/blumiz.com\/fr\/wp-json\/wp\/v2\/product_cat?post=7378"},{"taxonomy":"product_tag","embeddable":true,"href":"https:\/\/blumiz.com\/fr\/wp-json\/wp\/v2\/product_tag?post=7378"}],"curies":[{"name":"wp","href":"https:\/\/api.w.org\/{rel}","templated":true}]}}