{"id":7381,"date":"2022-10-20T16:23:25","date_gmt":"2022-10-20T16:23:25","guid":{"rendered":"https:\/\/blumiz.com\/produkt\/papier-a-cigarettes-raw-organic-king-size-slim-32-feuilles-x1\/"},"modified":"2025-10-07T09:50:31","modified_gmt":"2025-10-07T08:50:31","slug":"papier-a-rouler-raw-kingsize-supreme-slim-blaettchen","status":"publish","type":"product","link":"https:\/\/blumiz.com\/fr\/produit\/papier-a-rouler-raw-kingsize-supreme-slim-blaettchen\/","title":{"rendered":"Papier \u00e0 rouler &#8211; RAW Organic Hemp King Size Slim &#8211; 32 feuilles X1"},"content":{"rendered":"<h2>Papier \u00e0 rouler &#8211; Raw Organic Hemp King Size Slim<\/h2>\n<p>Raw Organic Hemp King Size Slim est destin\u00e9 \u00e0 ceux d&#8217;entre nous qui aiment les cigarettes plus fortes. Il mesure 110 mm de long et \u00e0 peu pr\u00e8s la hauteur d&#8217;un papier 1 1\/4.<br \/>\nRaw Organic Hemp King Size Slim est absolument parfait, car il roule une belle fum\u00e9e longue, mais n&#8217;a pas trop de largeur de papier restante comme les anciennes King Sizes.<\/p>\n","protected":false},"excerpt":{"rendered":"<h2 class=\"fn product-title\">Hemp organique brut King Size Slim<\/h2>\n<p>Forts de leur exp\u00e9rience, ils lancent leur gamme de papiers rotatifs sur le march\u00e9 ! Avis aux connaisseurs !<\/p>\n<p>Taille : Kingsize Slim (108 x 44 mm)<\/p>\n<p>Papier fabriqu\u00e9 en Europe.<\/p>\n<p>&nbsp;<\/p>\n","protected":false},"featured_media":13044,"comment_status":"open","ping_status":"closed","template":"","meta":{"site-sidebar-layout":"default","site-content-layout":"default","ast-site-content-layout":"default","site-content-style":"default","site-sidebar-style":"default","ast-global-header-display":"","ast-banner-title-visibility":"","ast-main-header-display":"","ast-hfb-above-header-display":"","ast-hfb-below-header-display":"","ast-hfb-mobile-header-display":"","site-post-title":"","ast-breadcrumbs-content":"","ast-featured-img":"","footer-sml-layout":"","ast-disable-related-posts":"","theme-transparent-header-meta":"default","adv-header-id-meta":"","stick-header-meta":"default","header-above-stick-meta":"","header-main-stick-meta":"","header-below-stick-meta":"","astra-migrate-meta-layouts":"default","ast-page-background-enabled":"default","ast-page-background-meta":{"desktop":{"background-color":"","background-image":"","background-repeat":"repeat","background-position":"center center","background-size":"auto","background-attachment":"scroll","background-type":"","background-media":"","overlay-type":"","overlay-color":"","overlay-opacity":"","overlay-gradient":""},"tablet":{"background-color":"","background-image":"","background-repeat":"repeat","background-position":"center center","background-size":"auto","background-attachment":"scroll","background-type":"","background-media":"","overlay-type":"","overlay-color":"","overlay-opacity":"","overlay-gradient":""},"mobile":{"background-color":"","background-image":"","background-repeat":"repeat","background-position":"center center","background-size":"auto","background-attachment":"scroll","background-type":"","background-media":"","overlay-type":"","overlay-color":"","overlay-opacity":"","overlay-gradient":""}},"ast-content-background-meta":{"desktop":{"background-color":"var(--ast-global-color-5)","background-image":"","background-repeat":"repeat","background-position":"center center","background-size":"auto","background-attachment":"scroll","background-type":"","background-media":"","overlay-type":"","overlay-color":"","overlay-opacity":"","overlay-gradient":""},"tablet":{"background-color":"var(--ast-global-color-5)","background-image":"","background-repeat":"repeat","background-position":"center center","background-size":"auto","background-attachment":"scroll","background-type":"","background-media":"","overlay-type":"","overlay-color":"","overlay-opacity":"","overlay-gradient":""},"mobile":{"background-color":"var(--ast-global-color-5)","background-image":"","background-repeat":"repeat","background-position":"center center","background-size":"auto","background-attachment":"scroll","background-type":"","background-media":"","overlay-type":"","overlay-color":"","overlay-opacity":"","overlay-gradient":""}}},"product_brand":[],"product_cat":[177],"product_tag":[],"class_list":{"0":"post-7381","1":"product","2":"type-product","3":"status-publish","4":"has-post-thumbnail","6":"product_cat-headshop","7":"desktop-align-left","8":"tablet-align-center","9":"mobile-align-left","10":"ast-product-gallery-layout-vertical","11":"ast-product-gallery-with-no-image","12":"ast-magnify-disabled","13":"ast-product-tabs-layout-horizontal","15":"first","16":"outofstock","17":"taxable","18":"shipping-taxable","19":"purchasable","20":"product-type-simple"},"yoast_head":"<!-- This site is optimized with the Yoast SEO Premium plugin v27.2 (Yoast SEO v27.4) - https:\/\/yoast.com\/product\/yoast-seo-premium-wordpress\/ -->\n<title>Papier \u00e0 cigarettes RAW - Chanvre organique<\/title>\n<meta name=\"description\" content=\"Papier \u00e0 rouler - RAW Organic Hemp King Size Slim - 32 feuilles X1 %%page% - Blumiz - Premium CBD - Meilleur prix Head Shop de Blumiz CBD\" \/>\n<meta name=\"robots\" content=\"index, follow, max-snippet:-1, max-image-preview:large, max-video-preview:-1\" \/>\n<link rel=\"canonical\" href=\"https:\/\/blumiz.com\/fr\/produit\/papier-a-rouler-raw-kingsize-supreme-slim-blaettchen\/\" \/>\n<meta property=\"og:locale\" content=\"fr_FR\" \/>\n<meta property=\"og:type\" content=\"article\" \/>\n<meta property=\"og:title\" content=\"Papier \u00e0 rouler - RAW Organic Hemp King Size Slim - 32 feuilles X1\" \/>\n<meta property=\"og:description\" content=\"Papier \u00e0 rouler - RAW Organic Hemp King Size Slim - 32 feuilles X1 Blumiz - Premium CBD\" \/>\n<meta property=\"og:url\" content=\"https:\/\/blumiz.com\/fr\/produit\/papier-a-rouler-raw-kingsize-supreme-slim-blaettchen\/\" \/>\n<meta property=\"og:site_name\" content=\"Blumiz - Premium CBD\" \/>\n<meta property=\"article:modified_time\" content=\"2025-10-07T08:50:31+00:00\" \/>\n<meta property=\"og:image\" content=\"https:\/\/blumiz.com\/wp-content\/uploads\/2022\/10\/Zigarettenpapier-Raw-Organic-King-Size.webp\" \/>\n\t<meta property=\"og:image:width\" content=\"600\" \/>\n\t<meta property=\"og:image:height\" content=\"600\" \/>\n\t<meta property=\"og:image:type\" content=\"image\/webp\" \/>\n<meta name=\"twitter:card\" content=\"summary_large_image\" \/>\n<meta name=\"twitter:label1\" content=\"Prix\" \/>\n\t<meta name=\"twitter:data1\" content=\"1,50&nbsp;&euro;\" \/>\n\t<meta name=\"twitter:label2\" content=\"Disponibilit\u00e9\" \/>\n\t<meta name=\"twitter:data2\" content=\"Rupture de stock\" \/>\n<script type=\"application\/ld+json\" class=\"yoast-schema-graph\">{\"@context\":\"https:\\\/\\\/schema.org\",\"@graph\":[{\"@type\":\"WebPage\",\"@id\":\"https:\\\/\\\/blumiz.com\\\/fr\\\/produit\\\/papier-a-rouler-raw-kingsize-supreme-slim-blaettchen\\\/\",\"url\":\"https:\\\/\\\/blumiz.com\\\/fr\\\/produit\\\/papier-a-rouler-raw-kingsize-supreme-slim-blaettchen\\\/\",\"name\":\"Papier \u00e0 cigarettes RAW - Chanvre organique\",\"isPartOf\":{\"@id\":\"https:\\\/\\\/blumiz.com\\\/fr\\\/#website\"},\"primaryImageOfPage\":{\"@id\":\"https:\\\/\\\/blumiz.com\\\/fr\\\/produit\\\/papier-a-rouler-raw-kingsize-supreme-slim-blaettchen\\\/#primaryimage\"},\"image\":{\"@id\":\"https:\\\/\\\/blumiz.com\\\/fr\\\/produit\\\/papier-a-rouler-raw-kingsize-supreme-slim-blaettchen\\\/#primaryimage\"},\"thumbnailUrl\":\"https:\\\/\\\/blumiz.com\\\/wp-content\\\/uploads\\\/2022\\\/10\\\/Zigarettenpapier-Raw-Organic-King-Size.webp\",\"datePublished\":\"2022-10-20T16:23:25+00:00\",\"dateModified\":\"2025-10-07T08:50:31+00:00\",\"description\":\"Papier \u00e0 rouler - RAW Organic Hemp King Size Slim - 32 feuilles X1 %%page% - Blumiz - Premium CBD - Meilleur prix Head Shop de Blumiz CBD\",\"breadcrumb\":{\"@id\":\"https:\\\/\\\/blumiz.com\\\/fr\\\/produit\\\/papier-a-rouler-raw-kingsize-supreme-slim-blaettchen\\\/#breadcrumb\"},\"inLanguage\":\"fr-FR\",\"potentialAction\":[{\"@type\":\"ReadAction\",\"target\":[\"https:\\\/\\\/blumiz.com\\\/fr\\\/produit\\\/papier-a-rouler-raw-kingsize-supreme-slim-blaettchen\\\/\"]}]},{\"@type\":\"ImageObject\",\"inLanguage\":\"fr-FR\",\"@id\":\"https:\\\/\\\/blumiz.com\\\/fr\\\/produit\\\/papier-a-rouler-raw-kingsize-supreme-slim-blaettchen\\\/#primaryimage\",\"url\":\"https:\\\/\\\/blumiz.com\\\/wp-content\\\/uploads\\\/2022\\\/10\\\/Zigarettenpapier-Raw-Organic-King-Size.webp\",\"contentUrl\":\"https:\\\/\\\/blumiz.com\\\/wp-content\\\/uploads\\\/2022\\\/10\\\/Zigarettenpapier-Raw-Organic-King-Size.webp\",\"width\":600,\"height\":600,\"caption\":\"Zigarettenpapier Raw Organic King Size\"},{\"@type\":\"BreadcrumbList\",\"@id\":\"https:\\\/\\\/blumiz.com\\\/fr\\\/produit\\\/papier-a-rouler-raw-kingsize-supreme-slim-blaettchen\\\/#breadcrumb\",\"itemListElement\":[{\"@type\":\"ListItem\",\"position\":1,\"name\":\"Blumiz\",\"item\":\"https:\\\/\\\/blumiz.com\\\/fr\\\/\"},{\"@type\":\"ListItem\",\"position\":2,\"name\":\"CBD Shop\",\"item\":\"https:\\\/\\\/blumiz.com\\\/fr\\\/acheter-cbd-shop\\\/\"},{\"@type\":\"ListItem\",\"position\":3,\"name\":\"HeadShop\",\"item\":\"https:\\\/\\\/blumiz.com\\\/fr\\\/category\\\/headshop\\\/\"},{\"@type\":\"ListItem\",\"position\":4,\"name\":\"Papier \u00e0 rouler &#8211; RAW Organic Hemp King Size Slim &#8211; 32 feuilles X1\"}]},{\"@type\":\"WebSite\",\"@id\":\"https:\\\/\\\/blumiz.com\\\/fr\\\/#website\",\"url\":\"https:\\\/\\\/blumiz.com\\\/fr\\\/\",\"name\":\"Blumiz - Premium CBD\",\"description\":\"Blumiz, Cannabis specialist\",\"publisher\":{\"@id\":\"https:\\\/\\\/blumiz.com\\\/fr\\\/#organization\"},\"alternateName\":\"Blumiz\",\"potentialAction\":[{\"@type\":\"SearchAction\",\"target\":{\"@type\":\"EntryPoint\",\"urlTemplate\":\"https:\\\/\\\/blumiz.com\\\/fr\\\/?s={search_term_string}\"},\"query-input\":{\"@type\":\"PropertyValueSpecification\",\"valueRequired\":true,\"valueName\":\"search_term_string\"}}],\"inLanguage\":\"fr-FR\"},{\"@type\":\"Organization\",\"@id\":\"https:\\\/\\\/blumiz.com\\\/fr\\\/#organization\",\"name\":\"Blumiz CBD\",\"alternateName\":\"Blumiz\",\"url\":\"https:\\\/\\\/blumiz.com\\\/fr\\\/\",\"logo\":{\"@type\":\"ImageObject\",\"inLanguage\":\"fr-FR\",\"@id\":\"https:\\\/\\\/blumiz.com\\\/fr\\\/#\\\/schema\\\/logo\\\/image\\\/\",\"url\":\"https:\\\/\\\/blumiz.com\\\/wp-content\\\/uploads\\\/2026\\\/02\\\/cropped-Blumiz-CBD-logo.webp\",\"contentUrl\":\"https:\\\/\\\/blumiz.com\\\/wp-content\\\/uploads\\\/2026\\\/02\\\/cropped-Blumiz-CBD-logo.webp\",\"width\":2547,\"height\":778,\"caption\":\"Blumiz CBD\"},\"image\":{\"@id\":\"https:\\\/\\\/blumiz.com\\\/fr\\\/#\\\/schema\\\/logo\\\/image\\\/\"}}]}<\/script>\n<meta property=\"product:price:amount\" content=\"1.50\" \/>\n<meta property=\"product:price:currency\" content=\"EUR\" \/>\n<meta property=\"og:availability\" content=\"out of stock\" \/>\n<meta property=\"product:availability\" content=\"out of stock\" \/>\n<meta property=\"product:retailer_item_id\" content=\"8179\" \/>\n<meta property=\"product:condition\" content=\"new\" \/>\n<!-- \/ Yoast SEO Premium plugin. -->","yoast_head_json":{"title":"Papier \u00e0 cigarettes RAW - Chanvre organique","description":"Papier \u00e0 rouler - RAW Organic Hemp King Size Slim - 32 feuilles X1 %%page% - Blumiz - Premium CBD - Meilleur prix Head Shop de Blumiz CBD","robots":{"index":"index","follow":"follow","max-snippet":"max-snippet:-1","max-image-preview":"max-image-preview:large","max-video-preview":"max-video-preview:-1"},"canonical":"https:\/\/blumiz.com\/fr\/produit\/papier-a-rouler-raw-kingsize-supreme-slim-blaettchen\/","og_locale":"fr_FR","og_type":"article","og_title":"Papier \u00e0 rouler - RAW Organic Hemp King Size Slim - 32 feuilles X1","og_description":"Papier \u00e0 rouler - RAW Organic Hemp King Size Slim - 32 feuilles X1 Blumiz - Premium CBD","og_url":"https:\/\/blumiz.com\/fr\/produit\/papier-a-rouler-raw-kingsize-supreme-slim-blaettchen\/","og_site_name":"Blumiz - Premium CBD","article_modified_time":"2025-10-07T08:50:31+00:00","og_image":[{"width":600,"height":600,"url":"https:\/\/blumiz.com\/wp-content\/uploads\/2022\/10\/Zigarettenpapier-Raw-Organic-King-Size.webp","type":"image\/webp"}],"twitter_card":"summary_large_image","twitter_misc":{"Prix":"1,50&nbsp;&euro;","Disponibilit\u00e9":"Rupture de stock"},"schema":{"@context":"https:\/\/schema.org","@graph":[{"@type":"WebPage","@id":"https:\/\/blumiz.com\/fr\/produit\/papier-a-rouler-raw-kingsize-supreme-slim-blaettchen\/","url":"https:\/\/blumiz.com\/fr\/produit\/papier-a-rouler-raw-kingsize-supreme-slim-blaettchen\/","name":"Papier \u00e0 cigarettes RAW - Chanvre organique","isPartOf":{"@id":"https:\/\/blumiz.com\/fr\/#website"},"primaryImageOfPage":{"@id":"https:\/\/blumiz.com\/fr\/produit\/papier-a-rouler-raw-kingsize-supreme-slim-blaettchen\/#primaryimage"},"image":{"@id":"https:\/\/blumiz.com\/fr\/produit\/papier-a-rouler-raw-kingsize-supreme-slim-blaettchen\/#primaryimage"},"thumbnailUrl":"https:\/\/blumiz.com\/wp-content\/uploads\/2022\/10\/Zigarettenpapier-Raw-Organic-King-Size.webp","datePublished":"2022-10-20T16:23:25+00:00","dateModified":"2025-10-07T08:50:31+00:00","description":"Papier \u00e0 rouler - RAW Organic Hemp King Size Slim - 32 feuilles X1 %%page% - Blumiz - Premium CBD - Meilleur prix Head Shop de Blumiz CBD","breadcrumb":{"@id":"https:\/\/blumiz.com\/fr\/produit\/papier-a-rouler-raw-kingsize-supreme-slim-blaettchen\/#breadcrumb"},"inLanguage":"fr-FR","potentialAction":[{"@type":"ReadAction","target":["https:\/\/blumiz.com\/fr\/produit\/papier-a-rouler-raw-kingsize-supreme-slim-blaettchen\/"]}]},{"@type":"ImageObject","inLanguage":"fr-FR","@id":"https:\/\/blumiz.com\/fr\/produit\/papier-a-rouler-raw-kingsize-supreme-slim-blaettchen\/#primaryimage","url":"https:\/\/blumiz.com\/wp-content\/uploads\/2022\/10\/Zigarettenpapier-Raw-Organic-King-Size.webp","contentUrl":"https:\/\/blumiz.com\/wp-content\/uploads\/2022\/10\/Zigarettenpapier-Raw-Organic-King-Size.webp","width":600,"height":600,"caption":"Zigarettenpapier Raw Organic King Size"},{"@type":"BreadcrumbList","@id":"https:\/\/blumiz.com\/fr\/produit\/papier-a-rouler-raw-kingsize-supreme-slim-blaettchen\/#breadcrumb","itemListElement":[{"@type":"ListItem","position":1,"name":"Blumiz","item":"https:\/\/blumiz.com\/fr\/"},{"@type":"ListItem","position":2,"name":"CBD Shop","item":"https:\/\/blumiz.com\/fr\/acheter-cbd-shop\/"},{"@type":"ListItem","position":3,"name":"HeadShop","item":"https:\/\/blumiz.com\/fr\/category\/headshop\/"},{"@type":"ListItem","position":4,"name":"Papier \u00e0 rouler &#8211; RAW Organic Hemp King Size Slim &#8211; 32 feuilles X1"}]},{"@type":"WebSite","@id":"https:\/\/blumiz.com\/fr\/#website","url":"https:\/\/blumiz.com\/fr\/","name":"Blumiz - Premium CBD","description":"Blumiz, Cannabis specialist","publisher":{"@id":"https:\/\/blumiz.com\/fr\/#organization"},"alternateName":"Blumiz","potentialAction":[{"@type":"SearchAction","target":{"@type":"EntryPoint","urlTemplate":"https:\/\/blumiz.com\/fr\/?s={search_term_string}"},"query-input":{"@type":"PropertyValueSpecification","valueRequired":true,"valueName":"search_term_string"}}],"inLanguage":"fr-FR"},{"@type":"Organization","@id":"https:\/\/blumiz.com\/fr\/#organization","name":"Blumiz CBD","alternateName":"Blumiz","url":"https:\/\/blumiz.com\/fr\/","logo":{"@type":"ImageObject","inLanguage":"fr-FR","@id":"https:\/\/blumiz.com\/fr\/#\/schema\/logo\/image\/","url":"https:\/\/blumiz.com\/wp-content\/uploads\/2026\/02\/cropped-Blumiz-CBD-logo.webp","contentUrl":"https:\/\/blumiz.com\/wp-content\/uploads\/2026\/02\/cropped-Blumiz-CBD-logo.webp","width":2547,"height":778,"caption":"Blumiz CBD"},"image":{"@id":"https:\/\/blumiz.com\/fr\/#\/schema\/logo\/image\/"}}]},"product_price_amount":"1.50","product_price_currency":"EUR","og_availability":"out of stock","product_availability":"out of stock","product_retailer_item_id":"8179","product_condition":"new"},"_links":{"self":[{"href":"https:\/\/blumiz.com\/fr\/wp-json\/wp\/v2\/product\/7381","targetHints":{"allow":["GET"]}}],"collection":[{"href":"https:\/\/blumiz.com\/fr\/wp-json\/wp\/v2\/product"}],"about":[{"href":"https:\/\/blumiz.com\/fr\/wp-json\/wp\/v2\/types\/product"}],"replies":[{"embeddable":true,"href":"https:\/\/blumiz.com\/fr\/wp-json\/wp\/v2\/comments?post=7381"}],"version-history":[{"count":0,"href":"https:\/\/blumiz.com\/fr\/wp-json\/wp\/v2\/product\/7381\/revisions"}],"wp:featuredmedia":[{"embeddable":true,"href":"https:\/\/blumiz.com\/fr\/wp-json\/wp\/v2\/media\/13044"}],"wp:attachment":[{"href":"https:\/\/blumiz.com\/fr\/wp-json\/wp\/v2\/media?parent=7381"}],"wp:term":[{"taxonomy":"product_brand","embeddable":true,"href":"https:\/\/blumiz.com\/fr\/wp-json\/wp\/v2\/product_brand?post=7381"},{"taxonomy":"product_cat","embeddable":true,"href":"https:\/\/blumiz.com\/fr\/wp-json\/wp\/v2\/product_cat?post=7381"},{"taxonomy":"product_tag","embeddable":true,"href":"https:\/\/blumiz.com\/fr\/wp-json\/wp\/v2\/product_tag?post=7381"}],"curies":[{"name":"wp","href":"https:\/\/api.w.org\/{rel}","templated":true}]}}