{"id":7382,"date":"2022-09-19T07:46:05","date_gmt":"2022-09-19T06:46:05","guid":{"rendered":"https:\/\/blumiz.com\/produkt\/trim-cbd-mix-fleurs-de-cbd-5\/"},"modified":"2025-02-06T21:35:50","modified_gmt":"2025-02-06T20:35:50","slug":"trim-cbd","status":"publish","type":"product","link":"https:\/\/blumiz.com\/fr\/produit\/trim-cbd\/","title":{"rendered":"Trim CBD mix &#8211; Fleur CBD 5%."},"content":{"rendered":"<h2><span style=\"color: #107f85;\">Fleur CBD TRIM MIX 5<\/span><\/h2>\n<h3><span style=\"color: #ff6600;\">Ce m\u00e9lange de trims est compos\u00e9 de TOUTES nos vari\u00e9t\u00e9s indoor, outdoor et de serre.<\/span><\/h3>\n<p dir=\"ltr\">D\u00e9couvrez la Fleur CBD TRIM. Elle est riche en CBD avec une teneur estim\u00e9e \u00e0 5%.  De plus, c&#8217;est un produit tout \u00e0 fait l\u00e9gal qui r\u00e9pond aux normes de qualit\u00e9 les plus \u00e9lev\u00e9es. Elle est disponible en plusieurs quantit\u00e9s et contient du THC \u00e0 une concentration inf\u00e9rieure \u00e0 0,3%. De plus, elle poss\u00e8de les nombreux effets th\u00e9rapeutiques du CBD. Si vous voulez tester le cannabidiol, TRIM est une bonne option \u00e0 un prix raisonnable.<\/p>\n<h4><span style=\"color: #ff6600;\">Description du m\u00e9lange Trim Mix<\/span><\/h4>\n<p>Nos <strong>fleurs de CBD &#8220;TRIM Mix&#8221;<\/strong> sont un superbe m\u00e9lange de petits buds, de petites fleurs et de pollen de haute qualit\u00e9, qui peut presque \u00eatre d\u00e9crit comme du CBD kief. Le <strong>CBD<\/strong> <strong>&#8220;Trim Mix CBD&#8221; contient les proportions de toutes les vari\u00e9t\u00e9s de CBD de notre catalogue. <\/strong>En m\u00e9langeant diff\u00e9rentes<strong> fleurs de CBD<\/strong> avec <strong>diff\u00e9rents profils de terp\u00e8nes<\/strong> et <strong>des compositions individuelles de cannabino\u00efdes<\/strong>, on obtient un produit fantastique qui ne se distingue pas seulement par un ar\u00f4me formidable, mais aussi par un m\u00e9lange particulier d&#8217;ingr\u00e9dients actifs. Les analyses de laboratoire effectu\u00e9es sur les <strong>fleurs de CBD &#8220;Trim Mix&#8221; <\/strong>ont confirm\u00e9 que le <strong>m\u00e9lange<\/strong> des diff\u00e9rentes <strong>fleurs de CBD<\/strong> produisait un <strong>spectre de principes actifs particuli\u00e8rement large<\/strong>, qu&#8217;aucune autre vari\u00e9t\u00e9 de fleurs de CBD ne peut \u00e9galer.  <\/p>\n<p>Si vous recherchez des fleurs CBD moins ch\u00e8res, vous aimerez aussi notre <a href=\"https:\/\/blumiz.com\/produit\/trim-cbd-indoor-mix-7\/\">Trim en version Premium<\/a> ou nos vari\u00e9t\u00e9s Outdoor comme <a href=\"https:\/\/blumiz.com\/produit\/skunk-cbd-original\/\">la Skunk Original<\/a>.<\/p>\n<p>Ou notre <a href=\"https:\/\/blumiz.com\/produit\/cbd-small-bud-indoor-mix-9\/\">Indoor Small buds.<\/a><\/p>\n<h4><span style=\"color: #ff6600;\">Pr\u00e9paration du CBD Trim 5%<\/span><\/h4>\n<p>Les m\u00eames caract\u00e9ristiques de qualit\u00e9 s&#8217;appliquent bien s\u00fbr \u00e0 nos <strong>fleurs de CBD &#8220;TRIM 5%&#8221; <\/strong>. En raison de nos propres exigences en mati\u00e8re d&#8217;apparence de nos fleurs de CBD, nous avons d\u00e9cid\u00e9 de ne pas vendre dans nos pots de 2 grammes et de 5 grammes les fleurs plus petites, ainsi que les petits morceaux de fleur et le pollen r\u00e9sultant de l&#8217;abrasion pendant l&#8217;emballage ou le transport. Ces r\u00e9sidus ne sont pas aussi attrayants qu&#8217;une fleur intacte, mais ils contiennent un <strong>large spectre d&#8217;ingr\u00e9dients actifs,<\/strong> un <strong>fantastique m\u00e9lange d&#8217;ar\u00f4mes<\/strong> et, dans certains cas, un <strong>taux de CBD extr\u00eamement \u00e9lev\u00e9<\/strong>, car les <strong>cristaux de CBD<\/strong> et <strong>autres cannabino\u00efdes<\/strong> tomb\u00e9s s&#8217;accumulent toujours dans les petites fleurs utilis\u00e9es ici.  <\/p>\n<h4><span style=\"color: #ff6600;\">Notre <a style=\"color: #ff6600;\" href=\"\/?product_cat=cbd-blueten\">boutique de Fleur CBD<\/a> est synonyme de normes de qualit\u00e9 \u00e9lev\u00e9es et de produits tri\u00e9s sur le volet.<\/span><\/h4>\n<p>Les Fleur CBD sont disponibles en diff\u00e9rents ar\u00f4mes et concentrations de CBD. Nos Fleur CBD sont soumises \u00e0 des crit\u00e8res de qualit\u00e9 externes stricts. Nos produits sont aussi vendus comme mati\u00e8res premi\u00e8res et sont exempts d&#8217;additifs chimiques et de m\u00e9taux lourds.<\/p>\n<p>D\u00e9couvrez ici \u00e9galement notre <a href=\"https:\/\/blumiz.com\/fr\/category\/hash-et-concentres\/\">HASH CBD<\/a><\/p>\n<p>Une question, vous avez besoin d&#8217;aide ? <a href=\"https:\/\/blumiz.com\/hilfe-und-faqs\/\">Cliquez ici pour d\u00e9couvrir notre centre d&#8217;aide.<\/a><\/p>\n<p>D\u00e9couvrez nos <a href=\"https:\/\/blumiz.com\/fr\/category\/headshop\/\">produits et accessoires Headshop<\/a> pour profiter de vos vari\u00e9t\u00e9s pr\u00e9f\u00e9r\u00e9es<\/p>\n<h4><span style=\"color: #ff6600;\">Commander chez Blumiz signifie<\/span><\/h4>\n<p>&#8211; Livraison rapide, discr\u00e8te et inodore<br \/>\n&#8211; Produits certifi\u00e9s de qualit\u00e9 et en laboratoire<br \/>\n&#8211; Des prix imbattables, car nous fabriquons nos propres produits<\/p>\n","protected":false},"excerpt":{"rendered":"<h1><span style=\"color: #107d85;\">CBD-<\/span><span style=\"color: #107f85;\">Fleurs <\/span><span style=\"color: #107d85;\">TRIM MIX 5<\/span><\/h1>\n<p>La parure est un m\u00e9lange des fleurs qui restent apr\u00e8s le s\u00e9chage et la mise en sachet. Il s&#8217;agit d&#8217;un assemblage de petites t\u00eates encore bien remplies de trichomes et contenant une grande partie des substances actives.<\/p>\n","protected":false},"featured_media":6904,"comment_status":"open","ping_status":"closed","template":"","meta":{"site-sidebar-layout":"default","site-content-layout":"default","ast-site-content-layout":"default","site-content-style":"default","site-sidebar-style":"default","ast-global-header-display":"","ast-banner-title-visibility":"","ast-main-header-display":"","ast-hfb-above-header-display":"","ast-hfb-below-header-display":"","ast-hfb-mobile-header-display":"","site-post-title":"","ast-breadcrumbs-content":"","ast-featured-img":"","footer-sml-layout":"","ast-disable-related-posts":"","theme-transparent-header-meta":"default","adv-header-id-meta":"","stick-header-meta":"default","header-above-stick-meta":"","header-main-stick-meta":"","header-below-stick-meta":"","astra-migrate-meta-layouts":"default","ast-page-background-enabled":"default","ast-page-background-meta":{"desktop":{"background-color":"","background-image":"","background-repeat":"repeat","background-position":"center center","background-size":"auto","background-attachment":"scroll","background-type":"","background-media":"","overlay-type":"","overlay-color":"","overlay-opacity":"","overlay-gradient":""},"tablet":{"background-color":"","background-image":"","background-repeat":"repeat","background-position":"center center","background-size":"auto","background-attachment":"scroll","background-type":"","background-media":"","overlay-type":"","overlay-color":"","overlay-opacity":"","overlay-gradient":""},"mobile":{"background-color":"","background-image":"","background-repeat":"repeat","background-position":"center center","background-size":"auto","background-attachment":"scroll","background-type":"","background-media":"","overlay-type":"","overlay-color":"","overlay-opacity":"","overlay-gradient":""}},"ast-content-background-meta":{"desktop":{"background-color":"var(--ast-global-color-5)","background-image":"","background-repeat":"repeat","background-position":"center center","background-size":"auto","background-attachment":"scroll","background-type":"","background-media":"","overlay-type":"","overlay-color":"","overlay-opacity":"","overlay-gradient":""},"tablet":{"background-color":"var(--ast-global-color-5)","background-image":"","background-repeat":"repeat","background-position":"center center","background-size":"auto","background-attachment":"scroll","background-type":"","background-media":"","overlay-type":"","overlay-color":"","overlay-opacity":"","overlay-gradient":""},"mobile":{"background-color":"var(--ast-global-color-5)","background-image":"","background-repeat":"repeat","background-position":"center center","background-size":"auto","background-attachment":"scroll","background-type":"","background-media":"","overlay-type":"","overlay-color":"","overlay-opacity":"","overlay-gradient":""}}},"product_brand":[],"product_cat":[304,164,161,162],"product_tag":[201,205],"class_list":{"0":"post-7382","1":"product","2":"type-product","3":"status-publish","4":"has-post-thumbnail","6":"product_cat-cbd-fr","7":"product_cat-fleur-cbd-pas-cher","8":"product_cat-fleurs-de-cbd","9":"product_cat-small-bud-trim-cbd","10":"product_tag-fleurs-cbd-pas-cher","11":"product_tag-outdoor-cbd-fr","12":"pa_cbd-rate-0-a-10-cbd","13":"pa_kategorie-fleur-cbd-pas-cher","14":"pa_kategorie-greenhouse-fr","15":"pa_kategorie-indoor-fr","16":"pa_kategorie-outdoor-fr","17":"pa_kategorie-small-buds-trim","18":"desktop-align-left","19":"tablet-align-center","20":"mobile-align-left","21":"ast-product-gallery-layout-vertical","22":"ast-product-gallery-with-no-image","23":"ast-magnify-disabled","24":"ast-product-single-variable","25":"ast-product-tabs-layout-horizontal","27":"first","28":"instock","29":"taxable","30":"shipping-taxable","31":"purchasable","32":"product-type-variable"},"yoast_head":"<!-- This site is optimized with the Yoast SEO Premium plugin v27.2 (Yoast SEO v27.4) - https:\/\/yoast.com\/product\/yoast-seo-premium-wordpress\/ -->\n<title>Trim cbd \u00e0 partir de 0,- Fleur CBD pas cher Blumiz<\/title>\n<meta name=\"description\" content=\"Trim cbd \u00e0 partir de 0.99\u20ac\/g - Fleur CBD pas cher de BlumizSorte saveur chocolat....livraison rapide et discr\u00e8te en France....cannabis legal\" \/>\n<meta name=\"robots\" content=\"index, follow, max-snippet:-1, max-image-preview:large, max-video-preview:-1\" \/>\n<link rel=\"canonical\" href=\"https:\/\/blumiz.com\/fr\/produit\/trim-cbd\/\" \/>\n<meta property=\"og:locale\" content=\"fr_FR\" \/>\n<meta property=\"og:type\" content=\"article\" \/>\n<meta property=\"og:title\" content=\"Trim CBD mix - Fleur CBD 5%.\" \/>\n<meta property=\"og:description\" content=\"Trim CBD mix - Fleur CBD 5%. Blumiz - Premium CBD\" \/>\n<meta property=\"og:url\" content=\"https:\/\/blumiz.com\/fr\/produit\/trim-cbd\/\" \/>\n<meta property=\"og:site_name\" content=\"Blumiz - Premium CBD\" \/>\n<meta property=\"article:modified_time\" content=\"2025-02-06T20:35:50+00:00\" \/>\n<meta property=\"og:image\" content=\"https:\/\/blumiz.com\/wp-content\/uploads\/2022\/09\/TRIM-CBD-MIX-gu\u0308nstig-Deutschland-1.webp\" \/>\n\t<meta property=\"og:image:width\" content=\"600\" \/>\n\t<meta property=\"og:image:height\" content=\"600\" \/>\n\t<meta property=\"og:image:type\" content=\"image\/webp\" \/>\n<meta name=\"twitter:card\" content=\"summary_large_image\" \/>\n<meta name=\"twitter:label1\" content=\"Disponibilit\u00e9\" \/>\n\t<meta name=\"twitter:data1\" content=\"En stock\" \/>\n<script type=\"application\/ld+json\" class=\"yoast-schema-graph\">{\"@context\":\"https:\\\/\\\/schema.org\",\"@graph\":[{\"@type\":\"WebPage\",\"@id\":\"https:\\\/\\\/blumiz.com\\\/fr\\\/produit\\\/trim-cbd\\\/\",\"url\":\"https:\\\/\\\/blumiz.com\\\/fr\\\/produit\\\/trim-cbd\\\/\",\"name\":\"Trim cbd \u00e0 partir de 0,- Fleur CBD pas cher Blumiz\",\"isPartOf\":{\"@id\":\"https:\\\/\\\/blumiz.com\\\/fr\\\/#website\"},\"primaryImageOfPage\":{\"@id\":\"https:\\\/\\\/blumiz.com\\\/fr\\\/produit\\\/trim-cbd\\\/#primaryimage\"},\"image\":{\"@id\":\"https:\\\/\\\/blumiz.com\\\/fr\\\/produit\\\/trim-cbd\\\/#primaryimage\"},\"thumbnailUrl\":\"https:\\\/\\\/blumiz.com\\\/wp-content\\\/uploads\\\/2022\\\/09\\\/TRIM-CBD-MIX-gu\u0308nstig-Deutschland-1.webp\",\"datePublished\":\"2022-09-19T06:46:05+00:00\",\"dateModified\":\"2025-02-06T20:35:50+00:00\",\"description\":\"Trim cbd \u00e0 partir de 0.99\u20ac\\\/g - Fleur CBD pas cher de BlumizSorte saveur chocolat....livraison rapide et discr\u00e8te en France....cannabis legal\",\"breadcrumb\":{\"@id\":\"https:\\\/\\\/blumiz.com\\\/fr\\\/produit\\\/trim-cbd\\\/#breadcrumb\"},\"inLanguage\":\"fr-FR\",\"potentialAction\":[{\"@type\":\"ReadAction\",\"target\":[\"https:\\\/\\\/blumiz.com\\\/fr\\\/produit\\\/trim-cbd\\\/\"]}]},{\"@type\":\"ImageObject\",\"inLanguage\":\"fr-FR\",\"@id\":\"https:\\\/\\\/blumiz.com\\\/fr\\\/produit\\\/trim-cbd\\\/#primaryimage\",\"url\":\"https:\\\/\\\/blumiz.com\\\/wp-content\\\/uploads\\\/2022\\\/09\\\/TRIM-CBD-MIX-gu\u0308nstig-Deutschland-1.webp\",\"contentUrl\":\"https:\\\/\\\/blumiz.com\\\/wp-content\\\/uploads\\\/2022\\\/09\\\/TRIM-CBD-MIX-gu\u0308nstig-Deutschland-1.webp\",\"width\":600,\"height\":600},{\"@type\":\"BreadcrumbList\",\"@id\":\"https:\\\/\\\/blumiz.com\\\/fr\\\/produit\\\/trim-cbd\\\/#breadcrumb\",\"itemListElement\":[{\"@type\":\"ListItem\",\"position\":1,\"name\":\"Blumiz\",\"item\":\"https:\\\/\\\/blumiz.com\\\/fr\\\/\"},{\"@type\":\"ListItem\",\"position\":2,\"name\":\"CBD Shop\",\"item\":\"https:\\\/\\\/blumiz.com\\\/fr\\\/acheter-cbd-shop\\\/\"},{\"@type\":\"ListItem\",\"position\":3,\"name\":\"Fleurs de CBD\",\"item\":\"https:\\\/\\\/blumiz.com\\\/fr\\\/category\\\/fleurs-de-cbd\\\/\"},{\"@type\":\"ListItem\",\"position\":4,\"name\":\"Trim CBD mix &#8211; Fleur CBD 5%.\"}]},{\"@type\":\"WebSite\",\"@id\":\"https:\\\/\\\/blumiz.com\\\/fr\\\/#website\",\"url\":\"https:\\\/\\\/blumiz.com\\\/fr\\\/\",\"name\":\"Blumiz - Premium CBD\",\"description\":\"Blumiz, Cannabis specialist\",\"publisher\":{\"@id\":\"https:\\\/\\\/blumiz.com\\\/fr\\\/#organization\"},\"alternateName\":\"Blumiz\",\"potentialAction\":[{\"@type\":\"SearchAction\",\"target\":{\"@type\":\"EntryPoint\",\"urlTemplate\":\"https:\\\/\\\/blumiz.com\\\/fr\\\/?s={search_term_string}\"},\"query-input\":{\"@type\":\"PropertyValueSpecification\",\"valueRequired\":true,\"valueName\":\"search_term_string\"}}],\"inLanguage\":\"fr-FR\"},{\"@type\":\"Organization\",\"@id\":\"https:\\\/\\\/blumiz.com\\\/fr\\\/#organization\",\"name\":\"Blumiz CBD\",\"alternateName\":\"Blumiz\",\"url\":\"https:\\\/\\\/blumiz.com\\\/fr\\\/\",\"logo\":{\"@type\":\"ImageObject\",\"inLanguage\":\"fr-FR\",\"@id\":\"https:\\\/\\\/blumiz.com\\\/fr\\\/#\\\/schema\\\/logo\\\/image\\\/\",\"url\":\"https:\\\/\\\/blumiz.com\\\/wp-content\\\/uploads\\\/2026\\\/02\\\/cropped-Blumiz-CBD-logo.webp\",\"contentUrl\":\"https:\\\/\\\/blumiz.com\\\/wp-content\\\/uploads\\\/2026\\\/02\\\/cropped-Blumiz-CBD-logo.webp\",\"width\":2547,\"height\":778,\"caption\":\"Blumiz CBD\"},\"image\":{\"@id\":\"https:\\\/\\\/blumiz.com\\\/fr\\\/#\\\/schema\\\/logo\\\/image\\\/\"}}]}<\/script>\n<meta property=\"og:availability\" content=\"instock\" \/>\n<meta property=\"product:availability\" content=\"instock\" \/>\n<meta property=\"product:retailer_item_id\" content=\"259466\" \/>\n<meta property=\"product:condition\" content=\"new\" \/>\n<!-- \/ Yoast SEO Premium plugin. -->","yoast_head_json":{"title":"Trim cbd \u00e0 partir de 0,- Fleur CBD pas cher Blumiz","description":"Trim cbd \u00e0 partir de 0.99\u20ac\/g - Fleur CBD pas cher de BlumizSorte saveur chocolat....livraison rapide et discr\u00e8te en France....cannabis legal","robots":{"index":"index","follow":"follow","max-snippet":"max-snippet:-1","max-image-preview":"max-image-preview:large","max-video-preview":"max-video-preview:-1"},"canonical":"https:\/\/blumiz.com\/fr\/produit\/trim-cbd\/","og_locale":"fr_FR","og_type":"article","og_title":"Trim CBD mix - Fleur CBD 5%.","og_description":"Trim CBD mix - Fleur CBD 5%. Blumiz - Premium CBD","og_url":"https:\/\/blumiz.com\/fr\/produit\/trim-cbd\/","og_site_name":"Blumiz - Premium CBD","article_modified_time":"2025-02-06T20:35:50+00:00","og_image":[{"width":600,"height":600,"url":"https:\/\/blumiz.com\/wp-content\/uploads\/2022\/09\/TRIM-CBD-MIX-gu\u0308nstig-Deutschland-1.webp","type":"image\/webp"}],"twitter_card":"summary_large_image","twitter_misc":{"Disponibilit\u00e9":"En stock"},"schema":{"@context":"https:\/\/schema.org","@graph":[{"@type":"WebPage","@id":"https:\/\/blumiz.com\/fr\/produit\/trim-cbd\/","url":"https:\/\/blumiz.com\/fr\/produit\/trim-cbd\/","name":"Trim cbd \u00e0 partir de 0,- Fleur CBD pas cher Blumiz","isPartOf":{"@id":"https:\/\/blumiz.com\/fr\/#website"},"primaryImageOfPage":{"@id":"https:\/\/blumiz.com\/fr\/produit\/trim-cbd\/#primaryimage"},"image":{"@id":"https:\/\/blumiz.com\/fr\/produit\/trim-cbd\/#primaryimage"},"thumbnailUrl":"https:\/\/blumiz.com\/wp-content\/uploads\/2022\/09\/TRIM-CBD-MIX-gu\u0308nstig-Deutschland-1.webp","datePublished":"2022-09-19T06:46:05+00:00","dateModified":"2025-02-06T20:35:50+00:00","description":"Trim cbd \u00e0 partir de 0.99\u20ac\/g - Fleur CBD pas cher de BlumizSorte saveur chocolat....livraison rapide et discr\u00e8te en France....cannabis legal","breadcrumb":{"@id":"https:\/\/blumiz.com\/fr\/produit\/trim-cbd\/#breadcrumb"},"inLanguage":"fr-FR","potentialAction":[{"@type":"ReadAction","target":["https:\/\/blumiz.com\/fr\/produit\/trim-cbd\/"]}]},{"@type":"ImageObject","inLanguage":"fr-FR","@id":"https:\/\/blumiz.com\/fr\/produit\/trim-cbd\/#primaryimage","url":"https:\/\/blumiz.com\/wp-content\/uploads\/2022\/09\/TRIM-CBD-MIX-gu\u0308nstig-Deutschland-1.webp","contentUrl":"https:\/\/blumiz.com\/wp-content\/uploads\/2022\/09\/TRIM-CBD-MIX-gu\u0308nstig-Deutschland-1.webp","width":600,"height":600},{"@type":"BreadcrumbList","@id":"https:\/\/blumiz.com\/fr\/produit\/trim-cbd\/#breadcrumb","itemListElement":[{"@type":"ListItem","position":1,"name":"Blumiz","item":"https:\/\/blumiz.com\/fr\/"},{"@type":"ListItem","position":2,"name":"CBD Shop","item":"https:\/\/blumiz.com\/fr\/acheter-cbd-shop\/"},{"@type":"ListItem","position":3,"name":"Fleurs de CBD","item":"https:\/\/blumiz.com\/fr\/category\/fleurs-de-cbd\/"},{"@type":"ListItem","position":4,"name":"Trim CBD mix &#8211; Fleur CBD 5%."}]},{"@type":"WebSite","@id":"https:\/\/blumiz.com\/fr\/#website","url":"https:\/\/blumiz.com\/fr\/","name":"Blumiz - Premium CBD","description":"Blumiz, Cannabis specialist","publisher":{"@id":"https:\/\/blumiz.com\/fr\/#organization"},"alternateName":"Blumiz","potentialAction":[{"@type":"SearchAction","target":{"@type":"EntryPoint","urlTemplate":"https:\/\/blumiz.com\/fr\/?s={search_term_string}"},"query-input":{"@type":"PropertyValueSpecification","valueRequired":true,"valueName":"search_term_string"}}],"inLanguage":"fr-FR"},{"@type":"Organization","@id":"https:\/\/blumiz.com\/fr\/#organization","name":"Blumiz CBD","alternateName":"Blumiz","url":"https:\/\/blumiz.com\/fr\/","logo":{"@type":"ImageObject","inLanguage":"fr-FR","@id":"https:\/\/blumiz.com\/fr\/#\/schema\/logo\/image\/","url":"https:\/\/blumiz.com\/wp-content\/uploads\/2026\/02\/cropped-Blumiz-CBD-logo.webp","contentUrl":"https:\/\/blumiz.com\/wp-content\/uploads\/2026\/02\/cropped-Blumiz-CBD-logo.webp","width":2547,"height":778,"caption":"Blumiz CBD"},"image":{"@id":"https:\/\/blumiz.com\/fr\/#\/schema\/logo\/image\/"}}]},"og_availability":"instock","product_availability":"instock","product_retailer_item_id":"259466","product_condition":"new"},"_links":{"self":[{"href":"https:\/\/blumiz.com\/fr\/wp-json\/wp\/v2\/product\/7382","targetHints":{"allow":["GET"]}}],"collection":[{"href":"https:\/\/blumiz.com\/fr\/wp-json\/wp\/v2\/product"}],"about":[{"href":"https:\/\/blumiz.com\/fr\/wp-json\/wp\/v2\/types\/product"}],"replies":[{"embeddable":true,"href":"https:\/\/blumiz.com\/fr\/wp-json\/wp\/v2\/comments?post=7382"}],"version-history":[{"count":0,"href":"https:\/\/blumiz.com\/fr\/wp-json\/wp\/v2\/product\/7382\/revisions"}],"wp:featuredmedia":[{"embeddable":true,"href":"https:\/\/blumiz.com\/fr\/wp-json\/wp\/v2\/media\/6904"}],"wp:attachment":[{"href":"https:\/\/blumiz.com\/fr\/wp-json\/wp\/v2\/media?parent=7382"}],"wp:term":[{"taxonomy":"product_brand","embeddable":true,"href":"https:\/\/blumiz.com\/fr\/wp-json\/wp\/v2\/product_brand?post=7382"},{"taxonomy":"product_cat","embeddable":true,"href":"https:\/\/blumiz.com\/fr\/wp-json\/wp\/v2\/product_cat?post=7382"},{"taxonomy":"product_tag","embeddable":true,"href":"https:\/\/blumiz.com\/fr\/wp-json\/wp\/v2\/product_tag?post=7382"}],"curies":[{"name":"wp","href":"https:\/\/api.w.org\/{rel}","templated":true}]}}