{"id":7383,"date":"2020-09-15T16:46:47","date_gmt":"2020-09-15T15:46:47","guid":{"rendered":"https:\/\/blumiz.com\/produkt\/petite-lune-fleurs-de-cbd-18\/"},"modified":"2025-02-06T21:39:16","modified_gmt":"2025-02-06T20:39:16","slug":"fleur-cbd-indoor-pas-cher-petite-lune","status":"publish","type":"product","link":"https:\/\/blumiz.com\/fr\/produit\/fleur-cbd-indoor-pas-cher-petite-lune\/","title":{"rendered":"Petite lune &#8211; Fleur CBD 18%."},"content":{"rendered":"<div class=\"woo-description-section\">\n<h2><span style=\"color: #107d85;\">Fleur CBD Petite lune Indoor 18% :<\/span><\/h2>\n<h4><span style=\"color: #ff6600;\">  Fleur CBD de qualit\u00e9 sup\u00e9rieure cultiv\u00e9e en Indoor Bio<\/span><\/h4>\n<p>Petite lune : Indoor Fleur de CBD \u00e0 un prix avantageux<\/p>\n<p>La vari\u00e9t\u00e9 CBD Petite Lune est une fleur tr\u00e8s aromatique avec une note terreuse &#8211; fruit\u00e9e.<\/p>\n<p><strong>Indoor-Production en France : Une production par un partenaire en France !<\/strong><\/p>\n<p>Petite lune : des Fleur CBD puissantes \u00e0 un prix abordable<\/p>\n<p>Sa <b>forte teneur en CBD &amp; CBDa<\/b> (17-20%) conf\u00e8re \u00e0 cette <b>g\u00e9n\u00e9tique de cannabis sativa<\/b> une qualit\u00e9 sup\u00e9rieure.<\/p>\n<p>Les fleurs CBD de la vari\u00e9t\u00e9 Petite Lune sont les bourgeons de la plante de chanvre qui, lorsqu&#8217;ils sont consomm\u00e9s, apportent les bienfaits du cannabidiol cannaino\u00efde, ou CBD en abr\u00e9g\u00e9, sans provoquer l&#8217;\u00e9tat d&#8217;ivresse provoqu\u00e9 par le THC.<\/p>\n<h4><span style=\"color: #ff6600;\">Les avantages de la Petite Lune Pas Cher Fleur de CBD Indoor<\/span><\/h4>\n<p>Le CBD poss\u00e8de de nombreuses propri\u00e9t\u00e9s th\u00e9rapeutiques et n&#8217;est en outre pas une mol\u00e9cule psychoactive. On pense que le CBD peut avoir un effet anti-inflammatoire, antioxydant et neuroprotecteur. De plus, le CBD produit naturellement, comme le n\u00f4tre, ne provoque pas d&#8217;effets secondaires.  <\/p>\n<h4><span style=\"color: #ff6600;\">Petite lune Fleur de CBD indoor bon march\u00e9 offrant des concentrations \u00e9lev\u00e9es de CBD sans THC<\/span><\/h4>\n<p>Les Fleur CBD sont un choix id\u00e9al pour ceux qui pr\u00e9f\u00e8rent un produit \u00e0 forte teneur en cannabidiol et presque sans TCH. Elles contiennent un grand nombre des cannabino\u00efdes et terp\u00e8nes utiles que l&#8217;on trouve \u00e9galement dans l&#8217;Huile CBD.  Les plantes de chanvre industriel ont \u00e9t\u00e9 cultiv\u00e9es par des \u00e9leveurs et ont naturellement une faible teneur en THC (&lt;0,2%), ce qui signifie que leurs fleurs contiennent \u00e9galement des quantit\u00e9s minimales de THC. Pour cette raison, les plantes produisent des t\u00eates riches en CBD qui ne produisent pas les effets d&#8217;alt\u00e9ration de l&#8217;esprit g\u00e9n\u00e9ralement associ\u00e9s \u00e0 une teneur \u00e9lev\u00e9e en THC.<\/p>\n<p>Si vous recherchez d&#8217;autres vari\u00e9t\u00e9s \u00e0 un bon prix, nous vous recommandons \u00e9galement d&#8217;essayer notre <a href=\"https:\/\/blumiz.com\/produit\/skunk-cbd-original\/\">Skunk Original<\/a> ou notre <a href=\"https:\/\/blumiz.com\/produit\/cbd-small-bud-indoor-mix-9\/\">Small Buds Mix Indoor<\/a>.<\/p>\n<p>Si vous recherchez une vari\u00e9t\u00e9 de qualit\u00e9 sup\u00e9rieure, nous vous recommandons <a href=\"https:\/\/blumiz.com\/produit\/ivory-cbd\/\">Ivory<\/a> ou <a href=\"https:\/\/blumiz.com\/produit\/amnesia-cbd\/\">Amnesia<\/a>.<\/p>\n<h4><span style=\"color: #ff6600;\">Plusieurs modes de consommation comme l&#8217;\u00e9vaporation<\/span><\/h4>\n<p>Les personnes qui ont des probl\u00e8mes de douleur chronique et d&#8217;anxi\u00e9t\u00e9 peuvent b\u00e9n\u00e9ficier des fleurs de CBD Petite Lune. Les Fleur CBD peuvent \u00eatre utilis\u00e9es comme des fleurs de cannabis normales et offrent des options vari\u00e9es pour tous les types de consommateurs.  Il existe diff\u00e9rentes mani\u00e8res de consommer les fleurs. Fumer est la forme d&#8217;utilisation la plus populaire pour de nombreux utilisateurs.<\/p>\n<h4><span style=\"color: #ff6600;\">Notre <a style=\"color: #ff6600;\" href=\"\/?product_cat=cbd-blueten\">boutique de Fleur CBD<\/a> est synonyme de normes de qualit\u00e9 \u00e9lev\u00e9es et de produits tri\u00e9s sur le volet.<\/span><\/h4>\n<p>Les Fleur CBD sont disponibles en diff\u00e9rents ar\u00f4mes et concentrations de CBD. Nos Fleur CBD sont soumises \u00e0 des crit\u00e8res de qualit\u00e9 externes stricts. Nos produits sont aussi vendus en tant que mati\u00e8res premi\u00e8res et sont exempts d&#8217;additifs chimiques et d&#8217;impuret\u00e9s.<\/p>\n<p>D\u00e9couvrez ici \u00e9galement notre <a href=\"https:\/\/blumiz.com\/fr\/category\/hash-et-concentres\/\">HASH CBD<\/a><\/p>\n<p>Une question, vous avez besoin d&#8217;aide ? <a href=\"https:\/\/blumiz.com\/hilfe-und-faqs\/\">Cliquez ici pour d\u00e9couvrir notre centre d&#8217;aide.<\/a><\/p>\n<p>D\u00e9couvrez nos <a href=\"https:\/\/blumiz.com\/fr\/category\/headshop\/\">produits et accessoires Headshop<\/a> pour profiter de vos vari\u00e9t\u00e9s pr\u00e9f\u00e9r\u00e9es<\/p>\n<\/div>\n<div class=\"woo-information-section\"><\/div>\n","protected":false},"excerpt":{"rendered":"<h4><span style=\"color: #107d85;\">Fleur CBD Petite lune Indoor 18<\/span><\/h4>\n","protected":false},"featured_media":6681,"comment_status":"open","ping_status":"closed","template":"","meta":{"site-sidebar-layout":"default","site-content-layout":"default","ast-site-content-layout":"default","site-content-style":"default","site-sidebar-style":"default","ast-global-header-display":"","ast-banner-title-visibility":"","ast-main-header-display":"","ast-hfb-above-header-display":"","ast-hfb-below-header-display":"","ast-hfb-mobile-header-display":"","site-post-title":"","ast-breadcrumbs-content":"","ast-featured-img":"","footer-sml-layout":"","ast-disable-related-posts":"","theme-transparent-header-meta":"default","adv-header-id-meta":"","stick-header-meta":"default","header-above-stick-meta":"","header-main-stick-meta":"","header-below-stick-meta":"","astra-migrate-meta-layouts":"default","ast-page-background-enabled":"default","ast-page-background-meta":{"desktop":{"background-color":"","background-image":"","background-repeat":"repeat","background-position":"center center","background-size":"auto","background-attachment":"scroll","background-type":"","background-media":"","overlay-type":"","overlay-color":"","overlay-opacity":"","overlay-gradient":""},"tablet":{"background-color":"","background-image":"","background-repeat":"repeat","background-position":"center center","background-size":"auto","background-attachment":"scroll","background-type":"","background-media":"","overlay-type":"","overlay-color":"","overlay-opacity":"","overlay-gradient":""},"mobile":{"background-color":"","background-image":"","background-repeat":"repeat","background-position":"center center","background-size":"auto","background-attachment":"scroll","background-type":"","background-media":"","overlay-type":"","overlay-color":"","overlay-opacity":"","overlay-gradient":""}},"ast-content-background-meta":{"desktop":{"background-color":"var(--ast-global-color-5)","background-image":"","background-repeat":"repeat","background-position":"center center","background-size":"auto","background-attachment":"scroll","background-type":"","background-media":"","overlay-type":"","overlay-color":"","overlay-opacity":"","overlay-gradient":""},"tablet":{"background-color":"var(--ast-global-color-5)","background-image":"","background-repeat":"repeat","background-position":"center center","background-size":"auto","background-attachment":"scroll","background-type":"","background-media":"","overlay-type":"","overlay-color":"","overlay-opacity":"","overlay-gradient":""},"mobile":{"background-color":"var(--ast-global-color-5)","background-image":"","background-repeat":"repeat","background-position":"center center","background-size":"auto","background-attachment":"scroll","background-type":"","background-media":"","overlay-type":"","overlay-color":"","overlay-opacity":"","overlay-gradient":""}}},"product_brand":[],"product_cat":[304,167,161,165],"product_tag":[202,204],"class_list":{"0":"post-7383","1":"product","2":"type-product","3":"status-publish","4":"has-post-thumbnail","6":"product_cat-cbd-fr","7":"product_cat-fleur-cbd-puissante","8":"product_cat-fleurs-de-cbd","9":"product_cat-fleur-cbd-indoor","10":"product_tag-fleurs-cbd-puissantes","11":"product_tag-indoor-cbd-fr","12":"pa_cbd-rate-10-a-20-cbd","13":"pa_kategorie-fleur-cbd-puissante","14":"pa_kategorie-greenhouse-fr","15":"desktop-align-left","16":"tablet-align-center","17":"mobile-align-left","18":"ast-product-gallery-layout-vertical","19":"ast-magnify-disabled","20":"ast-product-single-variable","21":"ast-product-tabs-layout-horizontal","23":"first","24":"outofstock","25":"taxable","26":"shipping-taxable","27":"purchasable","28":"product-type-variable"},"yoast_head":"<!-- This site is optimized with the Yoast SEO Premium plugin v27.2 (Yoast SEO v27.4) - https:\/\/yoast.com\/product\/yoast-seo-premium-wordpress\/ -->\n<title>Fleur CBD indoor pas cher - Petite lune - 18% \u00e0 partir de 3\u20ac\/g<\/title>\n<meta name=\"description\" content=\"Fleur CBD Indoor pas cher - Achetez des Fleur CBD de qualit\u00e9 sup\u00e9rieure en indoor pas cher pour la France...Profitez du go\u00fbt fruit\u00e9 du cannabis l\u00e9gal.\" \/>\n<meta name=\"robots\" content=\"index, follow, max-snippet:-1, max-image-preview:large, max-video-preview:-1\" \/>\n<link rel=\"canonical\" href=\"https:\/\/blumiz.com\/fr\/produit\/fleur-cbd-indoor-pas-cher-petite-lune\/\" \/>\n<meta property=\"og:locale\" content=\"fr_FR\" \/>\n<meta property=\"og:type\" content=\"article\" \/>\n<meta property=\"og:title\" content=\"Petite lune - Fleur CBD 18%.\" \/>\n<meta property=\"og:description\" content=\"Petite lune - Fleur CBD 18%. Blumiz - Premium CBD\" \/>\n<meta property=\"og:url\" content=\"https:\/\/blumiz.com\/fr\/produit\/fleur-cbd-indoor-pas-cher-petite-lune\/\" \/>\n<meta property=\"og:site_name\" content=\"Blumiz - Premium CBD\" \/>\n<meta property=\"article:modified_time\" content=\"2025-02-06T20:39:16+00:00\" \/>\n<meta property=\"og:image\" content=\"https:\/\/blumiz.com\/wp-content\/uploads\/2022\/08\/KLEINER-MOND-BAG-BLUMIZ.webp\" \/>\n\t<meta property=\"og:image:width\" content=\"600\" \/>\n\t<meta property=\"og:image:height\" content=\"600\" \/>\n\t<meta property=\"og:image:type\" content=\"image\/webp\" \/>\n<meta name=\"twitter:card\" content=\"summary_large_image\" \/>\n<meta name=\"twitter:label1\" content=\"Disponibilit\u00e9\" \/>\n\t<meta name=\"twitter:data1\" content=\"Rupture de stock\" \/>\n<script type=\"application\/ld+json\" class=\"yoast-schema-graph\">{\"@context\":\"https:\\\/\\\/schema.org\",\"@graph\":[{\"@type\":\"WebPage\",\"@id\":\"https:\\\/\\\/blumiz.com\\\/fr\\\/produit\\\/fleur-cbd-indoor-pas-cher-petite-lune\\\/\",\"url\":\"https:\\\/\\\/blumiz.com\\\/fr\\\/produit\\\/fleur-cbd-indoor-pas-cher-petite-lune\\\/\",\"name\":\"Fleur CBD indoor pas cher - Petite lune - 18% \u00e0 partir de 3\u20ac\\\/g\",\"isPartOf\":{\"@id\":\"https:\\\/\\\/blumiz.com\\\/fr\\\/#website\"},\"primaryImageOfPage\":{\"@id\":\"https:\\\/\\\/blumiz.com\\\/fr\\\/produit\\\/fleur-cbd-indoor-pas-cher-petite-lune\\\/#primaryimage\"},\"image\":{\"@id\":\"https:\\\/\\\/blumiz.com\\\/fr\\\/produit\\\/fleur-cbd-indoor-pas-cher-petite-lune\\\/#primaryimage\"},\"thumbnailUrl\":\"https:\\\/\\\/blumiz.com\\\/wp-content\\\/uploads\\\/2022\\\/08\\\/KLEINER-MOND-BAG-BLUMIZ.webp\",\"datePublished\":\"2020-09-15T15:46:47+00:00\",\"dateModified\":\"2025-02-06T20:39:16+00:00\",\"description\":\"Fleur CBD Indoor pas cher - Achetez des Fleur CBD de qualit\u00e9 sup\u00e9rieure en indoor pas cher pour la France...Profitez du go\u00fbt fruit\u00e9 du cannabis l\u00e9gal.\",\"breadcrumb\":{\"@id\":\"https:\\\/\\\/blumiz.com\\\/fr\\\/produit\\\/fleur-cbd-indoor-pas-cher-petite-lune\\\/#breadcrumb\"},\"inLanguage\":\"fr-FR\",\"potentialAction\":[{\"@type\":\"ReadAction\",\"target\":[\"https:\\\/\\\/blumiz.com\\\/fr\\\/produit\\\/fleur-cbd-indoor-pas-cher-petite-lune\\\/\"]}]},{\"@type\":\"ImageObject\",\"inLanguage\":\"fr-FR\",\"@id\":\"https:\\\/\\\/blumiz.com\\\/fr\\\/produit\\\/fleur-cbd-indoor-pas-cher-petite-lune\\\/#primaryimage\",\"url\":\"https:\\\/\\\/blumiz.com\\\/wp-content\\\/uploads\\\/2022\\\/08\\\/KLEINER-MOND-BAG-BLUMIZ.webp\",\"contentUrl\":\"https:\\\/\\\/blumiz.com\\\/wp-content\\\/uploads\\\/2022\\\/08\\\/KLEINER-MOND-BAG-BLUMIZ.webp\",\"width\":600,\"height\":600},{\"@type\":\"BreadcrumbList\",\"@id\":\"https:\\\/\\\/blumiz.com\\\/fr\\\/produit\\\/fleur-cbd-indoor-pas-cher-petite-lune\\\/#breadcrumb\",\"itemListElement\":[{\"@type\":\"ListItem\",\"position\":1,\"name\":\"Blumiz\",\"item\":\"https:\\\/\\\/blumiz.com\\\/fr\\\/\"},{\"@type\":\"ListItem\",\"position\":2,\"name\":\"CBD Shop\",\"item\":\"https:\\\/\\\/blumiz.com\\\/fr\\\/acheter-cbd-shop\\\/\"},{\"@type\":\"ListItem\",\"position\":3,\"name\":\"Fleurs de CBD\",\"item\":\"https:\\\/\\\/blumiz.com\\\/fr\\\/category\\\/fleurs-de-cbd\\\/\"},{\"@type\":\"ListItem\",\"position\":4,\"name\":\"Petite lune &#8211; Fleur CBD 18%.\"}]},{\"@type\":\"WebSite\",\"@id\":\"https:\\\/\\\/blumiz.com\\\/fr\\\/#website\",\"url\":\"https:\\\/\\\/blumiz.com\\\/fr\\\/\",\"name\":\"Blumiz - Premium CBD\",\"description\":\"Blumiz, Cannabis specialist\",\"publisher\":{\"@id\":\"https:\\\/\\\/blumiz.com\\\/fr\\\/#organization\"},\"alternateName\":\"Blumiz\",\"potentialAction\":[{\"@type\":\"SearchAction\",\"target\":{\"@type\":\"EntryPoint\",\"urlTemplate\":\"https:\\\/\\\/blumiz.com\\\/fr\\\/?s={search_term_string}\"},\"query-input\":{\"@type\":\"PropertyValueSpecification\",\"valueRequired\":true,\"valueName\":\"search_term_string\"}}],\"inLanguage\":\"fr-FR\"},{\"@type\":\"Organization\",\"@id\":\"https:\\\/\\\/blumiz.com\\\/fr\\\/#organization\",\"name\":\"Blumiz CBD\",\"alternateName\":\"Blumiz\",\"url\":\"https:\\\/\\\/blumiz.com\\\/fr\\\/\",\"logo\":{\"@type\":\"ImageObject\",\"inLanguage\":\"fr-FR\",\"@id\":\"https:\\\/\\\/blumiz.com\\\/fr\\\/#\\\/schema\\\/logo\\\/image\\\/\",\"url\":\"https:\\\/\\\/blumiz.com\\\/wp-content\\\/uploads\\\/2026\\\/02\\\/cropped-Blumiz-CBD-logo.webp\",\"contentUrl\":\"https:\\\/\\\/blumiz.com\\\/wp-content\\\/uploads\\\/2026\\\/02\\\/cropped-Blumiz-CBD-logo.webp\",\"width\":2547,\"height\":778,\"caption\":\"Blumiz CBD\"},\"image\":{\"@id\":\"https:\\\/\\\/blumiz.com\\\/fr\\\/#\\\/schema\\\/logo\\\/image\\\/\"}}]}<\/script>\n<meta property=\"og:availability\" content=\"out of stock\" \/>\n<meta property=\"product:availability\" content=\"out of stock\" \/>\n<meta property=\"product:retailer_item_id\" content=\"4959\" \/>\n<meta property=\"product:condition\" content=\"new\" \/>\n<!-- \/ Yoast SEO Premium plugin. -->","yoast_head_json":{"title":"Fleur CBD indoor pas cher - Petite lune - 18% \u00e0 partir de 3\u20ac\/g","description":"Fleur CBD Indoor pas cher - Achetez des Fleur CBD de qualit\u00e9 sup\u00e9rieure en indoor pas cher pour la France...Profitez du go\u00fbt fruit\u00e9 du cannabis l\u00e9gal.","robots":{"index":"index","follow":"follow","max-snippet":"max-snippet:-1","max-image-preview":"max-image-preview:large","max-video-preview":"max-video-preview:-1"},"canonical":"https:\/\/blumiz.com\/fr\/produit\/fleur-cbd-indoor-pas-cher-petite-lune\/","og_locale":"fr_FR","og_type":"article","og_title":"Petite lune - Fleur CBD 18%.","og_description":"Petite lune - Fleur CBD 18%. Blumiz - Premium CBD","og_url":"https:\/\/blumiz.com\/fr\/produit\/fleur-cbd-indoor-pas-cher-petite-lune\/","og_site_name":"Blumiz - Premium CBD","article_modified_time":"2025-02-06T20:39:16+00:00","og_image":[{"width":600,"height":600,"url":"https:\/\/blumiz.com\/wp-content\/uploads\/2022\/08\/KLEINER-MOND-BAG-BLUMIZ.webp","type":"image\/webp"}],"twitter_card":"summary_large_image","twitter_misc":{"Disponibilit\u00e9":"Rupture de stock"},"schema":{"@context":"https:\/\/schema.org","@graph":[{"@type":"WebPage","@id":"https:\/\/blumiz.com\/fr\/produit\/fleur-cbd-indoor-pas-cher-petite-lune\/","url":"https:\/\/blumiz.com\/fr\/produit\/fleur-cbd-indoor-pas-cher-petite-lune\/","name":"Fleur CBD indoor pas cher - Petite lune - 18% \u00e0 partir de 3\u20ac\/g","isPartOf":{"@id":"https:\/\/blumiz.com\/fr\/#website"},"primaryImageOfPage":{"@id":"https:\/\/blumiz.com\/fr\/produit\/fleur-cbd-indoor-pas-cher-petite-lune\/#primaryimage"},"image":{"@id":"https:\/\/blumiz.com\/fr\/produit\/fleur-cbd-indoor-pas-cher-petite-lune\/#primaryimage"},"thumbnailUrl":"https:\/\/blumiz.com\/wp-content\/uploads\/2022\/08\/KLEINER-MOND-BAG-BLUMIZ.webp","datePublished":"2020-09-15T15:46:47+00:00","dateModified":"2025-02-06T20:39:16+00:00","description":"Fleur CBD Indoor pas cher - Achetez des Fleur CBD de qualit\u00e9 sup\u00e9rieure en indoor pas cher pour la France...Profitez du go\u00fbt fruit\u00e9 du cannabis l\u00e9gal.","breadcrumb":{"@id":"https:\/\/blumiz.com\/fr\/produit\/fleur-cbd-indoor-pas-cher-petite-lune\/#breadcrumb"},"inLanguage":"fr-FR","potentialAction":[{"@type":"ReadAction","target":["https:\/\/blumiz.com\/fr\/produit\/fleur-cbd-indoor-pas-cher-petite-lune\/"]}]},{"@type":"ImageObject","inLanguage":"fr-FR","@id":"https:\/\/blumiz.com\/fr\/produit\/fleur-cbd-indoor-pas-cher-petite-lune\/#primaryimage","url":"https:\/\/blumiz.com\/wp-content\/uploads\/2022\/08\/KLEINER-MOND-BAG-BLUMIZ.webp","contentUrl":"https:\/\/blumiz.com\/wp-content\/uploads\/2022\/08\/KLEINER-MOND-BAG-BLUMIZ.webp","width":600,"height":600},{"@type":"BreadcrumbList","@id":"https:\/\/blumiz.com\/fr\/produit\/fleur-cbd-indoor-pas-cher-petite-lune\/#breadcrumb","itemListElement":[{"@type":"ListItem","position":1,"name":"Blumiz","item":"https:\/\/blumiz.com\/fr\/"},{"@type":"ListItem","position":2,"name":"CBD Shop","item":"https:\/\/blumiz.com\/fr\/acheter-cbd-shop\/"},{"@type":"ListItem","position":3,"name":"Fleurs de CBD","item":"https:\/\/blumiz.com\/fr\/category\/fleurs-de-cbd\/"},{"@type":"ListItem","position":4,"name":"Petite lune &#8211; Fleur CBD 18%."}]},{"@type":"WebSite","@id":"https:\/\/blumiz.com\/fr\/#website","url":"https:\/\/blumiz.com\/fr\/","name":"Blumiz - Premium CBD","description":"Blumiz, Cannabis specialist","publisher":{"@id":"https:\/\/blumiz.com\/fr\/#organization"},"alternateName":"Blumiz","potentialAction":[{"@type":"SearchAction","target":{"@type":"EntryPoint","urlTemplate":"https:\/\/blumiz.com\/fr\/?s={search_term_string}"},"query-input":{"@type":"PropertyValueSpecification","valueRequired":true,"valueName":"search_term_string"}}],"inLanguage":"fr-FR"},{"@type":"Organization","@id":"https:\/\/blumiz.com\/fr\/#organization","name":"Blumiz CBD","alternateName":"Blumiz","url":"https:\/\/blumiz.com\/fr\/","logo":{"@type":"ImageObject","inLanguage":"fr-FR","@id":"https:\/\/blumiz.com\/fr\/#\/schema\/logo\/image\/","url":"https:\/\/blumiz.com\/wp-content\/uploads\/2026\/02\/cropped-Blumiz-CBD-logo.webp","contentUrl":"https:\/\/blumiz.com\/wp-content\/uploads\/2026\/02\/cropped-Blumiz-CBD-logo.webp","width":2547,"height":778,"caption":"Blumiz CBD"},"image":{"@id":"https:\/\/blumiz.com\/fr\/#\/schema\/logo\/image\/"}}]},"og_availability":"out of stock","product_availability":"out of stock","product_retailer_item_id":"4959","product_condition":"new"},"_links":{"self":[{"href":"https:\/\/blumiz.com\/fr\/wp-json\/wp\/v2\/product\/7383","targetHints":{"allow":["GET"]}}],"collection":[{"href":"https:\/\/blumiz.com\/fr\/wp-json\/wp\/v2\/product"}],"about":[{"href":"https:\/\/blumiz.com\/fr\/wp-json\/wp\/v2\/types\/product"}],"replies":[{"embeddable":true,"href":"https:\/\/blumiz.com\/fr\/wp-json\/wp\/v2\/comments?post=7383"}],"version-history":[{"count":0,"href":"https:\/\/blumiz.com\/fr\/wp-json\/wp\/v2\/product\/7383\/revisions"}],"wp:featuredmedia":[{"embeddable":true,"href":"https:\/\/blumiz.com\/fr\/wp-json\/wp\/v2\/media\/6681"}],"wp:attachment":[{"href":"https:\/\/blumiz.com\/fr\/wp-json\/wp\/v2\/media?parent=7383"}],"wp:term":[{"taxonomy":"product_brand","embeddable":true,"href":"https:\/\/blumiz.com\/fr\/wp-json\/wp\/v2\/product_brand?post=7383"},{"taxonomy":"product_cat","embeddable":true,"href":"https:\/\/blumiz.com\/fr\/wp-json\/wp\/v2\/product_cat?post=7383"},{"taxonomy":"product_tag","embeddable":true,"href":"https:\/\/blumiz.com\/fr\/wp-json\/wp\/v2\/product_tag?post=7383"}],"curies":[{"name":"wp","href":"https:\/\/api.w.org\/{rel}","templated":true}]}}