{"id":7384,"date":"2022-10-20T13:40:06","date_gmt":"2022-10-20T12:40:06","guid":{"rendered":"https:\/\/blumiz.com\/produkt\/stylo-cbd-jetable-pomme-500-mg-cbdcbg-puff-orange-county-cbd\/"},"modified":"2025-02-24T11:06:17","modified_gmt":"2025-02-24T10:06:17","slug":"cbd-vape-pen-unique-sour-apple-500-mg-cbdcbg-puff-orange-county-cbd","status":"publish","type":"product","link":"https:\/\/blumiz.com\/fr\/produit\/cbd-vape-pen-unique-sour-apple-500-mg-cbdcbg-puff-orange-county-cbd\/","title":{"rendered":"CBD Vape Pen jetable &#8211; Sour Apple &#8211; 500 mg (CBD+CBG) &#8211; Puff &#8211; Orange County CBD"},"content":{"rendered":"<h2>CBD VAPE PEN JETABLE SOUR APPLE<\/h2>\n<p>Essayez notre CBD-Vape-Pen jetable au go\u00fbt de pomme. Destin\u00e9e \u00e0 devenir la pomme de vos yeux, la pomme acidul\u00e9e est la pr\u00e9f\u00e9r\u00e9e des confiseurs, revaloris\u00e9e pour les adultes. Cet article jetable a le m\u00e9lange de sucr\u00e9 et d&#8217;acide que nous savons que vous aimez, dans un stylo vert gazon qui est vif mais frais. Comment trouves-tu ces pommes ?<\/p>\n<p>En termes de go\u00fbt et d&#8217;ar\u00f4me, elle est \u00e0 la hauteur de la vari\u00e9t\u00e9 originale de pomme acide, elle est verte, mais elle ne vous fera pas planer.<\/p>\n<p>Le CBD et le CBG forment ici le couple parfait qui travaille ensemble pour augmenter l&#8217;efficacit\u00e9 par rapport \u00e0 un trajet en solo. C&#8217;est la prochaine grande chose en mati\u00e8re de cannabino\u00efdes, qui cr\u00e9era une exp\u00e9rience qui fera ressortir les vapoteurs aux yeux verts.<\/p>\n<p>La vape jetable Sour Apple CBD\/CBG est pr\u00e9-remplie avec 2 ml de notre e-liquide prim\u00e9. Tout ce que vous avez \u00e0 faire, c&#8217;est d\u00e9baller et commencer \u00e0 vaper. Simple comme une tarte aux pommes.<\/p>\n<p>Fabriqu\u00e9 pour vous apporter 600 bouff\u00e9es juteuses.<\/p>\n<p>AVERTISSEMENT<br \/>\nNe d\u00e9passez pas 70 mg par jour. En cas de malaise, consulter un m\u00e9decin et si possible lui montrer l&#8217;\u00e9tiquette. Tenir hors de port\u00e9e des enfants et des animaux domestiques. \u00c9liminer le contenu et le r\u00e9cipient conform\u00e9ment \u00e0 la r\u00e9glementation locale. Ne pas utiliser si vous \u00eates enceinte ou si vous allaitez. Si vous prenez des m\u00e9dicaments sur une longue p\u00e9riode, consultez un m\u00e9decin avant de les utiliser. Ce produit n&#8217;est pas non plus destin\u00e9 au diagnostic, au traitement, \u00e0 la gu\u00e9rison ou \u00e0 la pr\u00e9vention de maladies.<\/p>\n<p>UTILISATION MAXIMALE<br \/>\n88 trains en 24 heures.<\/p>\n<p>INGR\u00c9DIENTS<br \/>\nPropyl\u00e8ne glycol (70 %), glyc\u00e9rine v\u00e9g\u00e9tale (30 %), ar\u00f4mes et CBD \u00e0 large spectre CBG pur \u00e0 99,7 %.<\/p>\n","protected":false},"excerpt":{"rendered":"<h2>CBD VAPE PEN JETABLE SOUR APPLE<\/h2>\n<p>Go\u00fbt : Sour Apple<br \/>\nCBD : 250 mg<br \/>\nCBG : 250 mg<br \/>\ncapacit\u00e9 : 2ml<\/p>\n","protected":false},"featured_media":7248,"comment_status":"open","ping_status":"closed","template":"","meta":{"site-sidebar-layout":"default","site-content-layout":"default","ast-site-content-layout":"default","site-content-style":"default","site-sidebar-style":"default","ast-global-header-display":"","ast-banner-title-visibility":"","ast-main-header-display":"","ast-hfb-above-header-display":"","ast-hfb-below-header-display":"","ast-hfb-mobile-header-display":"","site-post-title":"","ast-breadcrumbs-content":"","ast-featured-img":"","footer-sml-layout":"","ast-disable-related-posts":"","theme-transparent-header-meta":"default","adv-header-id-meta":"","stick-header-meta":"default","header-above-stick-meta":"","header-main-stick-meta":"","header-below-stick-meta":"","astra-migrate-meta-layouts":"default","ast-page-background-enabled":"default","ast-page-background-meta":{"desktop":{"background-color":"","background-image":"","background-repeat":"repeat","background-position":"center center","background-size":"auto","background-attachment":"scroll","background-type":"","background-media":"","overlay-type":"","overlay-color":"","overlay-opacity":"","overlay-gradient":""},"tablet":{"background-color":"","background-image":"","background-repeat":"repeat","background-position":"center center","background-size":"auto","background-attachment":"scroll","background-type":"","background-media":"","overlay-type":"","overlay-color":"","overlay-opacity":"","overlay-gradient":""},"mobile":{"background-color":"","background-image":"","background-repeat":"repeat","background-position":"center center","background-size":"auto","background-attachment":"scroll","background-type":"","background-media":"","overlay-type":"","overlay-color":"","overlay-opacity":"","overlay-gradient":""}},"ast-content-background-meta":{"desktop":{"background-color":"var(--ast-global-color-5)","background-image":"","background-repeat":"repeat","background-position":"center center","background-size":"auto","background-attachment":"scroll","background-type":"","background-media":"","overlay-type":"","overlay-color":"","overlay-opacity":"","overlay-gradient":""},"tablet":{"background-color":"var(--ast-global-color-5)","background-image":"","background-repeat":"repeat","background-position":"center center","background-size":"auto","background-attachment":"scroll","background-type":"","background-media":"","overlay-type":"","overlay-color":"","overlay-opacity":"","overlay-gradient":""},"mobile":{"background-color":"var(--ast-global-color-5)","background-image":"","background-repeat":"repeat","background-position":"center center","background-size":"auto","background-attachment":"scroll","background-type":"","background-media":"","overlay-type":"","overlay-color":"","overlay-opacity":"","overlay-gradient":""}}},"product_brand":[],"product_cat":[304,168],"product_tag":[],"class_list":{"0":"post-7384","1":"product","2":"type-product","3":"status-publish","4":"has-post-thumbnail","6":"product_cat-cbd-fr","7":"product_cat-vape-cbd","8":"desktop-align-left","9":"tablet-align-center","10":"mobile-align-left","11":"ast-product-gallery-layout-vertical","12":"ast-product-gallery-with-no-image","13":"ast-magnify-disabled","14":"ast-product-tabs-layout-horizontal","16":"first","17":"instock","18":"taxable","19":"shipping-taxable","20":"purchasable","21":"product-type-simple"},"yoast_head":"<!-- This site is optimized with the Yoast SEO Premium plugin v27.2 (Yoast SEO v27.4) - https:\/\/yoast.com\/product\/yoast-seo-premium-wordpress\/ -->\n<title>CBD Vape Pen jetable- Sour Apple 500mg - Livraison rapide<\/title>\n<meta name=\"description\" content=\"CBD Vape Pen jetable - Sour Apple - 500 mg (CBD+CBG) - Puff - Orange County CBD %%page% - Blumiz - Premium CBD - Lefierung rapide\" \/>\n<meta name=\"robots\" content=\"index, follow, max-snippet:-1, max-image-preview:large, max-video-preview:-1\" \/>\n<link rel=\"canonical\" href=\"https:\/\/blumiz.com\/fr\/produit\/cbd-vape-pen-unique-sour-apple-500-mg-cbdcbg-puff-orange-county-cbd\/\" \/>\n<meta property=\"og:locale\" content=\"fr_FR\" \/>\n<meta property=\"og:type\" content=\"article\" \/>\n<meta property=\"og:title\" content=\"CBD Vape Pen jetable - Sour Apple - 500 mg (CBD+CBG) - Puff - Orange County CBD\" \/>\n<meta property=\"og:description\" content=\"CBD Vape Pen jetable - Sour Apple - 500 mg (CBD+CBG) - Puff - Orange County CBD Blumiz - Premium CBD\" \/>\n<meta property=\"og:url\" content=\"https:\/\/blumiz.com\/fr\/produit\/cbd-vape-pen-unique-sour-apple-500-mg-cbdcbg-puff-orange-county-cbd\/\" \/>\n<meta property=\"og:site_name\" content=\"Blumiz - Premium CBD\" \/>\n<meta property=\"article:modified_time\" content=\"2025-02-24T10:06:17+00:00\" \/>\n<meta property=\"og:image\" content=\"https:\/\/blumiz.com\/wp-content\/uploads\/2022\/10\/Einweg-CBD-Stift-Apfel-500-mg-CBDCBG-Orange-County-CBD-.webp\" \/>\n\t<meta property=\"og:image:width\" content=\"600\" \/>\n\t<meta property=\"og:image:height\" content=\"600\" \/>\n\t<meta property=\"og:image:type\" content=\"image\/webp\" \/>\n<meta name=\"twitter:card\" content=\"summary_large_image\" \/>\n<meta name=\"twitter:label1\" content=\"Prix\" \/>\n\t<meta name=\"twitter:data1\" content=\"14,90&nbsp;&euro;\" \/>\n\t<meta name=\"twitter:label2\" content=\"Disponibilit\u00e9\" \/>\n\t<meta name=\"twitter:data2\" content=\"En stock\" \/>\n<script type=\"application\/ld+json\" class=\"yoast-schema-graph\">{\"@context\":\"https:\\\/\\\/schema.org\",\"@graph\":[{\"@type\":\"WebPage\",\"@id\":\"https:\\\/\\\/blumiz.com\\\/fr\\\/produit\\\/cbd-vape-pen-unique-sour-apple-500-mg-cbdcbg-puff-orange-county-cbd\\\/\",\"url\":\"https:\\\/\\\/blumiz.com\\\/fr\\\/produit\\\/cbd-vape-pen-unique-sour-apple-500-mg-cbdcbg-puff-orange-county-cbd\\\/\",\"name\":\"CBD Vape Pen jetable- Sour Apple 500mg - Livraison rapide\",\"isPartOf\":{\"@id\":\"https:\\\/\\\/blumiz.com\\\/fr\\\/#website\"},\"primaryImageOfPage\":{\"@id\":\"https:\\\/\\\/blumiz.com\\\/fr\\\/produit\\\/cbd-vape-pen-unique-sour-apple-500-mg-cbdcbg-puff-orange-county-cbd\\\/#primaryimage\"},\"image\":{\"@id\":\"https:\\\/\\\/blumiz.com\\\/fr\\\/produit\\\/cbd-vape-pen-unique-sour-apple-500-mg-cbdcbg-puff-orange-county-cbd\\\/#primaryimage\"},\"thumbnailUrl\":\"https:\\\/\\\/blumiz.com\\\/wp-content\\\/uploads\\\/2022\\\/10\\\/Einweg-CBD-Stift-Apfel-500-mg-CBDCBG-Orange-County-CBD-.webp\",\"datePublished\":\"2022-10-20T12:40:06+00:00\",\"dateModified\":\"2025-02-24T10:06:17+00:00\",\"description\":\"CBD Vape Pen jetable - Sour Apple - 500 mg (CBD+CBG) - Puff - Orange County CBD %%page% - Blumiz - Premium CBD - Lefierung rapide\",\"breadcrumb\":{\"@id\":\"https:\\\/\\\/blumiz.com\\\/fr\\\/produit\\\/cbd-vape-pen-unique-sour-apple-500-mg-cbdcbg-puff-orange-county-cbd\\\/#breadcrumb\"},\"inLanguage\":\"fr-FR\",\"potentialAction\":[{\"@type\":\"ReadAction\",\"target\":[\"https:\\\/\\\/blumiz.com\\\/fr\\\/produit\\\/cbd-vape-pen-unique-sour-apple-500-mg-cbdcbg-puff-orange-county-cbd\\\/\"]}]},{\"@type\":\"ImageObject\",\"inLanguage\":\"fr-FR\",\"@id\":\"https:\\\/\\\/blumiz.com\\\/fr\\\/produit\\\/cbd-vape-pen-unique-sour-apple-500-mg-cbdcbg-puff-orange-county-cbd\\\/#primaryimage\",\"url\":\"https:\\\/\\\/blumiz.com\\\/wp-content\\\/uploads\\\/2022\\\/10\\\/Einweg-CBD-Stift-Apfel-500-mg-CBDCBG-Orange-County-CBD-.webp\",\"contentUrl\":\"https:\\\/\\\/blumiz.com\\\/wp-content\\\/uploads\\\/2022\\\/10\\\/Einweg-CBD-Stift-Apfel-500-mg-CBDCBG-Orange-County-CBD-.webp\",\"width\":600,\"height\":600},{\"@type\":\"BreadcrumbList\",\"@id\":\"https:\\\/\\\/blumiz.com\\\/fr\\\/produit\\\/cbd-vape-pen-unique-sour-apple-500-mg-cbdcbg-puff-orange-county-cbd\\\/#breadcrumb\",\"itemListElement\":[{\"@type\":\"ListItem\",\"position\":1,\"name\":\"Blumiz\",\"item\":\"https:\\\/\\\/blumiz.com\\\/fr\\\/\"},{\"@type\":\"ListItem\",\"position\":2,\"name\":\"CBD Shop\",\"item\":\"https:\\\/\\\/blumiz.com\\\/fr\\\/acheter-cbd-shop\\\/\"},{\"@type\":\"ListItem\",\"position\":3,\"name\":\"Vape CBD\",\"item\":\"https:\\\/\\\/blumiz.com\\\/fr\\\/category\\\/vape-cbd\\\/\"},{\"@type\":\"ListItem\",\"position\":4,\"name\":\"CBD Vape Pen jetable &#8211; Sour Apple &#8211; 500 mg (CBD+CBG) &#8211; Puff &#8211; Orange County CBD\"}]},{\"@type\":\"WebSite\",\"@id\":\"https:\\\/\\\/blumiz.com\\\/fr\\\/#website\",\"url\":\"https:\\\/\\\/blumiz.com\\\/fr\\\/\",\"name\":\"Blumiz - Premium CBD\",\"description\":\"Blumiz, Cannabis specialist\",\"publisher\":{\"@id\":\"https:\\\/\\\/blumiz.com\\\/fr\\\/#organization\"},\"alternateName\":\"Blumiz\",\"potentialAction\":[{\"@type\":\"SearchAction\",\"target\":{\"@type\":\"EntryPoint\",\"urlTemplate\":\"https:\\\/\\\/blumiz.com\\\/fr\\\/?s={search_term_string}\"},\"query-input\":{\"@type\":\"PropertyValueSpecification\",\"valueRequired\":true,\"valueName\":\"search_term_string\"}}],\"inLanguage\":\"fr-FR\"},{\"@type\":\"Organization\",\"@id\":\"https:\\\/\\\/blumiz.com\\\/fr\\\/#organization\",\"name\":\"Blumiz CBD\",\"alternateName\":\"Blumiz\",\"url\":\"https:\\\/\\\/blumiz.com\\\/fr\\\/\",\"logo\":{\"@type\":\"ImageObject\",\"inLanguage\":\"fr-FR\",\"@id\":\"https:\\\/\\\/blumiz.com\\\/fr\\\/#\\\/schema\\\/logo\\\/image\\\/\",\"url\":\"https:\\\/\\\/blumiz.com\\\/wp-content\\\/uploads\\\/2026\\\/02\\\/cropped-Blumiz-CBD-logo.webp\",\"contentUrl\":\"https:\\\/\\\/blumiz.com\\\/wp-content\\\/uploads\\\/2026\\\/02\\\/cropped-Blumiz-CBD-logo.webp\",\"width\":2547,\"height\":778,\"caption\":\"Blumiz CBD\"},\"image\":{\"@id\":\"https:\\\/\\\/blumiz.com\\\/fr\\\/#\\\/schema\\\/logo\\\/image\\\/\"}}]}<\/script>\n<meta property=\"product:price:amount\" content=\"14.90\" \/>\n<meta property=\"product:price:currency\" content=\"EUR\" \/>\n<meta property=\"og:availability\" content=\"instock\" \/>\n<meta property=\"product:availability\" content=\"instock\" \/>\n<meta property=\"product:retailer_item_id\" content=\"6822868\" \/>\n<meta property=\"product:condition\" content=\"new\" \/>\n<!-- \/ Yoast SEO Premium plugin. -->","yoast_head_json":{"title":"CBD Vape Pen jetable- Sour Apple 500mg - Livraison rapide","description":"CBD Vape Pen jetable - Sour Apple - 500 mg (CBD+CBG) - Puff - Orange County CBD %%page% - Blumiz - Premium CBD - Lefierung rapide","robots":{"index":"index","follow":"follow","max-snippet":"max-snippet:-1","max-image-preview":"max-image-preview:large","max-video-preview":"max-video-preview:-1"},"canonical":"https:\/\/blumiz.com\/fr\/produit\/cbd-vape-pen-unique-sour-apple-500-mg-cbdcbg-puff-orange-county-cbd\/","og_locale":"fr_FR","og_type":"article","og_title":"CBD Vape Pen jetable - Sour Apple - 500 mg (CBD+CBG) - Puff - Orange County CBD","og_description":"CBD Vape Pen jetable - Sour Apple - 500 mg (CBD+CBG) - Puff - Orange County CBD Blumiz - Premium CBD","og_url":"https:\/\/blumiz.com\/fr\/produit\/cbd-vape-pen-unique-sour-apple-500-mg-cbdcbg-puff-orange-county-cbd\/","og_site_name":"Blumiz - Premium CBD","article_modified_time":"2025-02-24T10:06:17+00:00","og_image":[{"width":600,"height":600,"url":"https:\/\/blumiz.com\/wp-content\/uploads\/2022\/10\/Einweg-CBD-Stift-Apfel-500-mg-CBDCBG-Orange-County-CBD-.webp","type":"image\/webp"}],"twitter_card":"summary_large_image","twitter_misc":{"Prix":"14,90&nbsp;&euro;","Disponibilit\u00e9":"En stock"},"schema":{"@context":"https:\/\/schema.org","@graph":[{"@type":"WebPage","@id":"https:\/\/blumiz.com\/fr\/produit\/cbd-vape-pen-unique-sour-apple-500-mg-cbdcbg-puff-orange-county-cbd\/","url":"https:\/\/blumiz.com\/fr\/produit\/cbd-vape-pen-unique-sour-apple-500-mg-cbdcbg-puff-orange-county-cbd\/","name":"CBD Vape Pen jetable- Sour Apple 500mg - Livraison rapide","isPartOf":{"@id":"https:\/\/blumiz.com\/fr\/#website"},"primaryImageOfPage":{"@id":"https:\/\/blumiz.com\/fr\/produit\/cbd-vape-pen-unique-sour-apple-500-mg-cbdcbg-puff-orange-county-cbd\/#primaryimage"},"image":{"@id":"https:\/\/blumiz.com\/fr\/produit\/cbd-vape-pen-unique-sour-apple-500-mg-cbdcbg-puff-orange-county-cbd\/#primaryimage"},"thumbnailUrl":"https:\/\/blumiz.com\/wp-content\/uploads\/2022\/10\/Einweg-CBD-Stift-Apfel-500-mg-CBDCBG-Orange-County-CBD-.webp","datePublished":"2022-10-20T12:40:06+00:00","dateModified":"2025-02-24T10:06:17+00:00","description":"CBD Vape Pen jetable - Sour Apple - 500 mg (CBD+CBG) - Puff - Orange County CBD %%page% - Blumiz - Premium CBD - Lefierung rapide","breadcrumb":{"@id":"https:\/\/blumiz.com\/fr\/produit\/cbd-vape-pen-unique-sour-apple-500-mg-cbdcbg-puff-orange-county-cbd\/#breadcrumb"},"inLanguage":"fr-FR","potentialAction":[{"@type":"ReadAction","target":["https:\/\/blumiz.com\/fr\/produit\/cbd-vape-pen-unique-sour-apple-500-mg-cbdcbg-puff-orange-county-cbd\/"]}]},{"@type":"ImageObject","inLanguage":"fr-FR","@id":"https:\/\/blumiz.com\/fr\/produit\/cbd-vape-pen-unique-sour-apple-500-mg-cbdcbg-puff-orange-county-cbd\/#primaryimage","url":"https:\/\/blumiz.com\/wp-content\/uploads\/2022\/10\/Einweg-CBD-Stift-Apfel-500-mg-CBDCBG-Orange-County-CBD-.webp","contentUrl":"https:\/\/blumiz.com\/wp-content\/uploads\/2022\/10\/Einweg-CBD-Stift-Apfel-500-mg-CBDCBG-Orange-County-CBD-.webp","width":600,"height":600},{"@type":"BreadcrumbList","@id":"https:\/\/blumiz.com\/fr\/produit\/cbd-vape-pen-unique-sour-apple-500-mg-cbdcbg-puff-orange-county-cbd\/#breadcrumb","itemListElement":[{"@type":"ListItem","position":1,"name":"Blumiz","item":"https:\/\/blumiz.com\/fr\/"},{"@type":"ListItem","position":2,"name":"CBD Shop","item":"https:\/\/blumiz.com\/fr\/acheter-cbd-shop\/"},{"@type":"ListItem","position":3,"name":"Vape CBD","item":"https:\/\/blumiz.com\/fr\/category\/vape-cbd\/"},{"@type":"ListItem","position":4,"name":"CBD Vape Pen jetable &#8211; Sour Apple &#8211; 500 mg (CBD+CBG) &#8211; Puff &#8211; Orange County CBD"}]},{"@type":"WebSite","@id":"https:\/\/blumiz.com\/fr\/#website","url":"https:\/\/blumiz.com\/fr\/","name":"Blumiz - Premium CBD","description":"Blumiz, Cannabis specialist","publisher":{"@id":"https:\/\/blumiz.com\/fr\/#organization"},"alternateName":"Blumiz","potentialAction":[{"@type":"SearchAction","target":{"@type":"EntryPoint","urlTemplate":"https:\/\/blumiz.com\/fr\/?s={search_term_string}"},"query-input":{"@type":"PropertyValueSpecification","valueRequired":true,"valueName":"search_term_string"}}],"inLanguage":"fr-FR"},{"@type":"Organization","@id":"https:\/\/blumiz.com\/fr\/#organization","name":"Blumiz CBD","alternateName":"Blumiz","url":"https:\/\/blumiz.com\/fr\/","logo":{"@type":"ImageObject","inLanguage":"fr-FR","@id":"https:\/\/blumiz.com\/fr\/#\/schema\/logo\/image\/","url":"https:\/\/blumiz.com\/wp-content\/uploads\/2026\/02\/cropped-Blumiz-CBD-logo.webp","contentUrl":"https:\/\/blumiz.com\/wp-content\/uploads\/2026\/02\/cropped-Blumiz-CBD-logo.webp","width":2547,"height":778,"caption":"Blumiz CBD"},"image":{"@id":"https:\/\/blumiz.com\/fr\/#\/schema\/logo\/image\/"}}]},"product_price_amount":"14.90","product_price_currency":"EUR","og_availability":"instock","product_availability":"instock","product_retailer_item_id":"6822868","product_condition":"new"},"_links":{"self":[{"href":"https:\/\/blumiz.com\/fr\/wp-json\/wp\/v2\/product\/7384","targetHints":{"allow":["GET"]}}],"collection":[{"href":"https:\/\/blumiz.com\/fr\/wp-json\/wp\/v2\/product"}],"about":[{"href":"https:\/\/blumiz.com\/fr\/wp-json\/wp\/v2\/types\/product"}],"replies":[{"embeddable":true,"href":"https:\/\/blumiz.com\/fr\/wp-json\/wp\/v2\/comments?post=7384"}],"version-history":[{"count":0,"href":"https:\/\/blumiz.com\/fr\/wp-json\/wp\/v2\/product\/7384\/revisions"}],"wp:featuredmedia":[{"embeddable":true,"href":"https:\/\/blumiz.com\/fr\/wp-json\/wp\/v2\/media\/7248"}],"wp:attachment":[{"href":"https:\/\/blumiz.com\/fr\/wp-json\/wp\/v2\/media?parent=7384"}],"wp:term":[{"taxonomy":"product_brand","embeddable":true,"href":"https:\/\/blumiz.com\/fr\/wp-json\/wp\/v2\/product_brand?post=7384"},{"taxonomy":"product_cat","embeddable":true,"href":"https:\/\/blumiz.com\/fr\/wp-json\/wp\/v2\/product_cat?post=7384"},{"taxonomy":"product_tag","embeddable":true,"href":"https:\/\/blumiz.com\/fr\/wp-json\/wp\/v2\/product_tag?post=7384"}],"curies":[{"name":"wp","href":"https:\/\/api.w.org\/{rel}","templated":true}]}}