{"id":7387,"date":"2022-12-16T11:15:11","date_gmt":"2022-12-16T10:15:11","guid":{"rendered":"https:\/\/blumiz.com\/produkt\/purple-cbd-haze-greenhouse-fleurs-de-cbd-15-disponible-uniquement-en-25-et-100-g\/"},"modified":"2025-02-06T21:33:44","modified_gmt":"2025-02-06T20:33:44","slug":"purple-cbd-haze-greenhouse-fleur-cbd","status":"publish","type":"product","link":"https:\/\/blumiz.com\/fr\/produit\/purple-cbd-haze-greenhouse-fleur-cbd\/","title":{"rendered":"Purple CBD Haze Greenhouse &#8211; Fleur CBD 15 %."},"content":{"rendered":"<h2>Description Fleur CBD Purple Haze 15%.<\/h2>\n<p>Purple Haze est une herbe CBD douce et tr\u00e8s populaire dans le monde du cannabis. Gr\u00e2ce \u00e0 sa forte concentration en CBD de 15%, elle est tout \u00e0 fait \u00e0 la hauteur de sa r\u00e9putation et promet une d\u00e9tente royale \u00e0 tout moment de la journ\u00e9e ! \ud83d\ude4c<\/p>\n<h3>CBD Purple Haze Greenhouse Flower Description<\/h3>\n<p>La fameuse fleur de CBD Purple Haze, issue d&#8217;une vari\u00e9t\u00e9 de chanvre sativa, a des origines difficiles \u00e0 d\u00e9finir.<\/p>\n<p>Cette fleur, tr\u00e8s populaire dans le monde du cannabis, est de grande qualit\u00e9, tant au niveau de sa culture que des sensations et des bienfaits th\u00e9rapeutiques qu&#8217;elle procure. Sa teneur \u00e9lev\u00e9e en CBD (15 %) est remarquable et assez rare. \ud83c\udf3f<\/p>\n<p>Cultiv\u00e9s en serre (Greenhouse), leurs bourgeons fins mais longs, dot\u00e9s d&#8217;une belle couche de trichomes collants, vous poussent \u00e0 une d\u00e9tente incomparable.<\/p>\n<p>Toutes les c\u00e9l\u00e9brit\u00e9s du rap am\u00e9ricain en ont d\u00e9j\u00e0 parl\u00e9 dans leur chanson, la Purple Haze est une plante mythique aux teintes violettes qu&#8217;il faut absolument tester pour se faire sa propre opinion.<\/p>\n<h3>Le go\u00fbt unique de la fleur de CBD Purple Haze Greenhouse<\/h3>\n<p>La Purple Haze est embl\u00e9matique. Cette vari\u00e9t\u00e9 de chanvre est incontournable dans le monde du cannabis et est consid\u00e9r\u00e9e par l&#8217;industrie comme la reine des Haze. \ud83c\udf3f<\/p>\n<p>Elle offre des ar\u00f4mes floraux tr\u00e8s doux et frais en bouche, comme la lavande. Si tu les testes, tu ressentiras \u00e9galement un fort go\u00fbt de fruit, notamment de m\u00fbre et de raisin, qui provient de leurs beaux bourgeons violets.<\/p>\n<p>Elle est \u00e9galement riche en r\u00e9sine et en trichomes orang\u00e9s. Ces derniers lui conf\u00e8rent une agr\u00e9able sensation bois\u00e9e et terreuse, qui t\u00e9moigne de son c\u00f4t\u00e9 naturel. \ud83c\udf3f<\/p>\n<p>Ce m\u00e9lange de parfums est unique et vaut la peine d&#8217;\u00eatre vu.<br \/>\nLa Purple Haze est in\u00e9gal\u00e9e en termes d&#8217;apparence, mais aussi en termes d&#8217;ar\u00f4mes.<br \/>\nToutefois, si vous souhaitez essayer une autre vari\u00e9t\u00e9 aux ar\u00f4mes similaires, nous vous recommandons la<a href=\"https:\/\/blumiz.com\/produit\/mango-kush-cbd\/\"> Mango Kush.<\/a><\/p>\n<h3>Les effets du CBD Purple Haze Greenhouse<\/h3>\n<p>La Purple Haze est r\u00e9put\u00e9e pour son c\u00f4t\u00e9 relaxant. Elle est id\u00e9ale pour lutter contre les \u00e9tats de stress, l&#8217;anxi\u00e9t\u00e9, la d\u00e9pression et le manque de confiance en soi. Cette fleur puissante offre des avantages th\u00e9rapeutiques et stimulants pour l&#8217;activit\u00e9 c\u00e9r\u00e9brale, y compris la m\u00e9moire, la concentration et la cr\u00e9ativit\u00e9. Pas \u00e9tonnant que les musiciens et autres artistes l&#8217;adorent. \ud83d\udcaa<\/p>\n<p>De plus, la Purple Haze est id\u00e9ale pour se d\u00e9tendre. Si vous \u00eates en col\u00e8re ou de mauvaise humeur, n&#8217;h\u00e9sitez pas \u00e0 vous adresser \u00e0 essayer. Cela vous rendra plus conciliant, plus doux et moins sur la d\u00e9fensive. La Purple Haze te fait voir les choses du bon c\u00f4t\u00e9. La fleur de CBD Purple Haze est consomm\u00e9e en infusion ou en vaporisation.<\/p>\n<p>D\u00e9couvrez ici \u00e9galement notre <a href=\"https:\/\/blumiz.com\/fr\/category\/hash-et-concentres\/\">HASH CBD<\/a><\/p>\n<p>Une question, vous avez besoin d&#8217;aide ? <a href=\"https:\/\/blumiz.com\/hilfe-und-faqs\/\">Cliquez ici pour d\u00e9couvrir notre centre d&#8217;aide.<\/a><\/p>\n<p>D\u00e9couvrez nos <a href=\"https:\/\/blumiz.com\/fr\/category\/headshop\/\">produits et accessoires Headshop<\/a> pour profiter de vos vari\u00e9t\u00e9s pr\u00e9f\u00e9r\u00e9es<\/p>\n","protected":false},"excerpt":{"rendered":"<h2>Fleur CBD Purple Haze Greenhouse 15 % (en %)<\/h2>\n<p>Un violet incroyable et des ar\u00f4mes atypiques<\/p>\n","protected":false},"featured_media":7273,"comment_status":"open","ping_status":"closed","template":"","meta":{"site-sidebar-layout":"default","site-content-layout":"default","ast-site-content-layout":"default","site-content-style":"default","site-sidebar-style":"default","ast-global-header-display":"","ast-banner-title-visibility":"","ast-main-header-display":"","ast-hfb-above-header-display":"","ast-hfb-below-header-display":"","ast-hfb-mobile-header-display":"","site-post-title":"","ast-breadcrumbs-content":"","ast-featured-img":"","footer-sml-layout":"","ast-disable-related-posts":"","theme-transparent-header-meta":"default","adv-header-id-meta":"","stick-header-meta":"default","header-above-stick-meta":"","header-main-stick-meta":"","header-below-stick-meta":"","astra-migrate-meta-layouts":"default","ast-page-background-enabled":"default","ast-page-background-meta":{"desktop":{"background-color":"","background-image":"","background-repeat":"repeat","background-position":"center center","background-size":"auto","background-attachment":"scroll","background-type":"","background-media":"","overlay-type":"","overlay-color":"","overlay-opacity":"","overlay-gradient":""},"tablet":{"background-color":"","background-image":"","background-repeat":"repeat","background-position":"center center","background-size":"auto","background-attachment":"scroll","background-type":"","background-media":"","overlay-type":"","overlay-color":"","overlay-opacity":"","overlay-gradient":""},"mobile":{"background-color":"","background-image":"","background-repeat":"repeat","background-position":"center center","background-size":"auto","background-attachment":"scroll","background-type":"","background-media":"","overlay-type":"","overlay-color":"","overlay-opacity":"","overlay-gradient":""}},"ast-content-background-meta":{"desktop":{"background-color":"var(--ast-global-color-5)","background-image":"","background-repeat":"repeat","background-position":"center center","background-size":"auto","background-attachment":"scroll","background-type":"","background-media":"","overlay-type":"","overlay-color":"","overlay-opacity":"","overlay-gradient":""},"tablet":{"background-color":"var(--ast-global-color-5)","background-image":"","background-repeat":"repeat","background-position":"center center","background-size":"auto","background-attachment":"scroll","background-type":"","background-media":"","overlay-type":"","overlay-color":"","overlay-opacity":"","overlay-gradient":""},"mobile":{"background-color":"var(--ast-global-color-5)","background-image":"","background-repeat":"repeat","background-position":"center center","background-size":"auto","background-attachment":"scroll","background-type":"","background-media":"","overlay-type":"","overlay-color":"","overlay-opacity":"","overlay-gradient":""}}},"product_brand":[],"product_cat":[304,161,163],"product_tag":[],"class_list":{"0":"post-7387","1":"product","2":"type-product","3":"status-publish","4":"has-post-thumbnail","6":"product_cat-cbd-fr","7":"product_cat-fleurs-de-cbd","8":"product_cat-fleur-cbd-greenhouse","9":"pa_cbd-rate-10-a-20-cbd","10":"desktop-align-left","11":"tablet-align-center","12":"mobile-align-left","13":"ast-product-gallery-layout-vertical","14":"ast-magnify-disabled","15":"ast-product-single-variable","16":"ast-product-tabs-layout-horizontal","18":"first","19":"instock","20":"taxable","21":"shipping-taxable","22":"purchasable","23":"product-type-variable"},"yoast_head":"<!-- This site is optimized with the Yoast SEO Premium plugin v27.2 (Yoast SEO v27.4) - https:\/\/yoast.com\/product\/yoast-seo-premium-wordpress\/ -->\n<title>Purple CBD Haze Greenhouse 15<\/title>\n<meta name=\"description\" content=\"Purple CBD Haze Greenhouse 15% - Vari\u00e9t\u00e9 de fleurs de CBD tr\u00e8s appr\u00e9ci\u00e9e pour son go\u00fbt, \u00e0 la fois tr\u00e8s doux et plein d&#039;ar\u00f4mes.\" \/>\n<meta name=\"robots\" content=\"index, follow, max-snippet:-1, max-image-preview:large, max-video-preview:-1\" \/>\n<link rel=\"canonical\" href=\"https:\/\/blumiz.com\/fr\/produit\/purple-cbd-haze-greenhouse-fleur-cbd\/\" \/>\n<meta property=\"og:locale\" content=\"fr_FR\" \/>\n<meta property=\"og:type\" content=\"article\" \/>\n<meta property=\"og:title\" content=\"Purple CBD Haze Greenhouse - Fleur CBD 15 %.\" \/>\n<meta property=\"og:description\" content=\"Purple CBD Haze Greenhouse - Fleur CBD 15 %. Blumiz - Premium CBD\" \/>\n<meta property=\"og:url\" content=\"https:\/\/blumiz.com\/fr\/produit\/purple-cbd-haze-greenhouse-fleur-cbd\/\" \/>\n<meta property=\"og:site_name\" content=\"Blumiz - Premium CBD\" \/>\n<meta property=\"article:modified_time\" content=\"2025-02-06T20:33:44+00:00\" \/>\n<meta property=\"og:image\" content=\"https:\/\/blumiz.com\/wp-content\/uploads\/2022\/12\/PURPLE-GH-CBD-BLUeTEN.webp\" \/>\n\t<meta property=\"og:image:width\" content=\"600\" \/>\n\t<meta property=\"og:image:height\" content=\"600\" \/>\n\t<meta property=\"og:image:type\" content=\"image\/webp\" \/>\n<meta name=\"twitter:card\" content=\"summary_large_image\" \/>\n<meta name=\"twitter:label1\" content=\"Disponibilit\u00e9\" \/>\n\t<meta name=\"twitter:data1\" content=\"En stock\" \/>\n<script type=\"application\/ld+json\" class=\"yoast-schema-graph\">{\"@context\":\"https:\\\/\\\/schema.org\",\"@graph\":[{\"@type\":\"WebPage\",\"@id\":\"https:\\\/\\\/blumiz.com\\\/fr\\\/produit\\\/purple-cbd-haze-greenhouse-fleur-cbd\\\/\",\"url\":\"https:\\\/\\\/blumiz.com\\\/fr\\\/produit\\\/purple-cbd-haze-greenhouse-fleur-cbd\\\/\",\"name\":\"Purple CBD Haze Greenhouse 15\",\"isPartOf\":{\"@id\":\"https:\\\/\\\/blumiz.com\\\/fr\\\/#website\"},\"primaryImageOfPage\":{\"@id\":\"https:\\\/\\\/blumiz.com\\\/fr\\\/produit\\\/purple-cbd-haze-greenhouse-fleur-cbd\\\/#primaryimage\"},\"image\":{\"@id\":\"https:\\\/\\\/blumiz.com\\\/fr\\\/produit\\\/purple-cbd-haze-greenhouse-fleur-cbd\\\/#primaryimage\"},\"thumbnailUrl\":\"https:\\\/\\\/blumiz.com\\\/wp-content\\\/uploads\\\/2022\\\/12\\\/PURPLE-GH-CBD-BLUeTEN.webp\",\"datePublished\":\"2022-12-16T10:15:11+00:00\",\"dateModified\":\"2025-02-06T20:33:44+00:00\",\"description\":\"Purple CBD Haze Greenhouse 15% - Vari\u00e9t\u00e9 de fleurs de CBD tr\u00e8s appr\u00e9ci\u00e9e pour son go\u00fbt, \u00e0 la fois tr\u00e8s doux et plein d'ar\u00f4mes.\",\"breadcrumb\":{\"@id\":\"https:\\\/\\\/blumiz.com\\\/fr\\\/produit\\\/purple-cbd-haze-greenhouse-fleur-cbd\\\/#breadcrumb\"},\"inLanguage\":\"fr-FR\",\"potentialAction\":[{\"@type\":\"ReadAction\",\"target\":[\"https:\\\/\\\/blumiz.com\\\/fr\\\/produit\\\/purple-cbd-haze-greenhouse-fleur-cbd\\\/\"]}]},{\"@type\":\"ImageObject\",\"inLanguage\":\"fr-FR\",\"@id\":\"https:\\\/\\\/blumiz.com\\\/fr\\\/produit\\\/purple-cbd-haze-greenhouse-fleur-cbd\\\/#primaryimage\",\"url\":\"https:\\\/\\\/blumiz.com\\\/wp-content\\\/uploads\\\/2022\\\/12\\\/PURPLE-GH-CBD-BLUeTEN.webp\",\"contentUrl\":\"https:\\\/\\\/blumiz.com\\\/wp-content\\\/uploads\\\/2022\\\/12\\\/PURPLE-GH-CBD-BLUeTEN.webp\",\"width\":600,\"height\":600},{\"@type\":\"BreadcrumbList\",\"@id\":\"https:\\\/\\\/blumiz.com\\\/fr\\\/produit\\\/purple-cbd-haze-greenhouse-fleur-cbd\\\/#breadcrumb\",\"itemListElement\":[{\"@type\":\"ListItem\",\"position\":1,\"name\":\"Blumiz\",\"item\":\"https:\\\/\\\/blumiz.com\\\/fr\\\/\"},{\"@type\":\"ListItem\",\"position\":2,\"name\":\"CBD Shop\",\"item\":\"https:\\\/\\\/blumiz.com\\\/fr\\\/acheter-cbd-shop\\\/\"},{\"@type\":\"ListItem\",\"position\":3,\"name\":\"Fleurs de CBD\",\"item\":\"https:\\\/\\\/blumiz.com\\\/fr\\\/category\\\/fleurs-de-cbd\\\/\"},{\"@type\":\"ListItem\",\"position\":4,\"name\":\"Purple CBD Haze Greenhouse &#8211; Fleur CBD 15 %.\"}]},{\"@type\":\"WebSite\",\"@id\":\"https:\\\/\\\/blumiz.com\\\/fr\\\/#website\",\"url\":\"https:\\\/\\\/blumiz.com\\\/fr\\\/\",\"name\":\"Blumiz - Premium CBD\",\"description\":\"Blumiz, Cannabis specialist\",\"publisher\":{\"@id\":\"https:\\\/\\\/blumiz.com\\\/fr\\\/#organization\"},\"alternateName\":\"Blumiz\",\"potentialAction\":[{\"@type\":\"SearchAction\",\"target\":{\"@type\":\"EntryPoint\",\"urlTemplate\":\"https:\\\/\\\/blumiz.com\\\/fr\\\/?s={search_term_string}\"},\"query-input\":{\"@type\":\"PropertyValueSpecification\",\"valueRequired\":true,\"valueName\":\"search_term_string\"}}],\"inLanguage\":\"fr-FR\"},{\"@type\":\"Organization\",\"@id\":\"https:\\\/\\\/blumiz.com\\\/fr\\\/#organization\",\"name\":\"Blumiz CBD\",\"alternateName\":\"Blumiz\",\"url\":\"https:\\\/\\\/blumiz.com\\\/fr\\\/\",\"logo\":{\"@type\":\"ImageObject\",\"inLanguage\":\"fr-FR\",\"@id\":\"https:\\\/\\\/blumiz.com\\\/fr\\\/#\\\/schema\\\/logo\\\/image\\\/\",\"url\":\"https:\\\/\\\/blumiz.com\\\/wp-content\\\/uploads\\\/2026\\\/02\\\/cropped-Blumiz-CBD-logo.webp\",\"contentUrl\":\"https:\\\/\\\/blumiz.com\\\/wp-content\\\/uploads\\\/2026\\\/02\\\/cropped-Blumiz-CBD-logo.webp\",\"width\":2547,\"height\":778,\"caption\":\"Blumiz CBD\"},\"image\":{\"@id\":\"https:\\\/\\\/blumiz.com\\\/fr\\\/#\\\/schema\\\/logo\\\/image\\\/\"}}]}<\/script>\n<meta property=\"og:availability\" content=\"instock\" \/>\n<meta property=\"product:availability\" content=\"instock\" \/>\n<meta property=\"product:retailer_item_id\" content=\"51399\" \/>\n<meta property=\"product:condition\" content=\"new\" \/>\n<!-- \/ Yoast SEO Premium plugin. -->","yoast_head_json":{"title":"Purple CBD Haze Greenhouse 15","description":"Purple CBD Haze Greenhouse 15% - Vari\u00e9t\u00e9 de fleurs de CBD tr\u00e8s appr\u00e9ci\u00e9e pour son go\u00fbt, \u00e0 la fois tr\u00e8s doux et plein d'ar\u00f4mes.","robots":{"index":"index","follow":"follow","max-snippet":"max-snippet:-1","max-image-preview":"max-image-preview:large","max-video-preview":"max-video-preview:-1"},"canonical":"https:\/\/blumiz.com\/fr\/produit\/purple-cbd-haze-greenhouse-fleur-cbd\/","og_locale":"fr_FR","og_type":"article","og_title":"Purple CBD Haze Greenhouse - Fleur CBD 15 %.","og_description":"Purple CBD Haze Greenhouse - Fleur CBD 15 %. Blumiz - Premium CBD","og_url":"https:\/\/blumiz.com\/fr\/produit\/purple-cbd-haze-greenhouse-fleur-cbd\/","og_site_name":"Blumiz - Premium CBD","article_modified_time":"2025-02-06T20:33:44+00:00","og_image":[{"width":600,"height":600,"url":"https:\/\/blumiz.com\/wp-content\/uploads\/2022\/12\/PURPLE-GH-CBD-BLUeTEN.webp","type":"image\/webp"}],"twitter_card":"summary_large_image","twitter_misc":{"Disponibilit\u00e9":"En stock"},"schema":{"@context":"https:\/\/schema.org","@graph":[{"@type":"WebPage","@id":"https:\/\/blumiz.com\/fr\/produit\/purple-cbd-haze-greenhouse-fleur-cbd\/","url":"https:\/\/blumiz.com\/fr\/produit\/purple-cbd-haze-greenhouse-fleur-cbd\/","name":"Purple CBD Haze Greenhouse 15","isPartOf":{"@id":"https:\/\/blumiz.com\/fr\/#website"},"primaryImageOfPage":{"@id":"https:\/\/blumiz.com\/fr\/produit\/purple-cbd-haze-greenhouse-fleur-cbd\/#primaryimage"},"image":{"@id":"https:\/\/blumiz.com\/fr\/produit\/purple-cbd-haze-greenhouse-fleur-cbd\/#primaryimage"},"thumbnailUrl":"https:\/\/blumiz.com\/wp-content\/uploads\/2022\/12\/PURPLE-GH-CBD-BLUeTEN.webp","datePublished":"2022-12-16T10:15:11+00:00","dateModified":"2025-02-06T20:33:44+00:00","description":"Purple CBD Haze Greenhouse 15% - Vari\u00e9t\u00e9 de fleurs de CBD tr\u00e8s appr\u00e9ci\u00e9e pour son go\u00fbt, \u00e0 la fois tr\u00e8s doux et plein d'ar\u00f4mes.","breadcrumb":{"@id":"https:\/\/blumiz.com\/fr\/produit\/purple-cbd-haze-greenhouse-fleur-cbd\/#breadcrumb"},"inLanguage":"fr-FR","potentialAction":[{"@type":"ReadAction","target":["https:\/\/blumiz.com\/fr\/produit\/purple-cbd-haze-greenhouse-fleur-cbd\/"]}]},{"@type":"ImageObject","inLanguage":"fr-FR","@id":"https:\/\/blumiz.com\/fr\/produit\/purple-cbd-haze-greenhouse-fleur-cbd\/#primaryimage","url":"https:\/\/blumiz.com\/wp-content\/uploads\/2022\/12\/PURPLE-GH-CBD-BLUeTEN.webp","contentUrl":"https:\/\/blumiz.com\/wp-content\/uploads\/2022\/12\/PURPLE-GH-CBD-BLUeTEN.webp","width":600,"height":600},{"@type":"BreadcrumbList","@id":"https:\/\/blumiz.com\/fr\/produit\/purple-cbd-haze-greenhouse-fleur-cbd\/#breadcrumb","itemListElement":[{"@type":"ListItem","position":1,"name":"Blumiz","item":"https:\/\/blumiz.com\/fr\/"},{"@type":"ListItem","position":2,"name":"CBD Shop","item":"https:\/\/blumiz.com\/fr\/acheter-cbd-shop\/"},{"@type":"ListItem","position":3,"name":"Fleurs de CBD","item":"https:\/\/blumiz.com\/fr\/category\/fleurs-de-cbd\/"},{"@type":"ListItem","position":4,"name":"Purple CBD Haze Greenhouse &#8211; Fleur CBD 15 %."}]},{"@type":"WebSite","@id":"https:\/\/blumiz.com\/fr\/#website","url":"https:\/\/blumiz.com\/fr\/","name":"Blumiz - Premium CBD","description":"Blumiz, Cannabis specialist","publisher":{"@id":"https:\/\/blumiz.com\/fr\/#organization"},"alternateName":"Blumiz","potentialAction":[{"@type":"SearchAction","target":{"@type":"EntryPoint","urlTemplate":"https:\/\/blumiz.com\/fr\/?s={search_term_string}"},"query-input":{"@type":"PropertyValueSpecification","valueRequired":true,"valueName":"search_term_string"}}],"inLanguage":"fr-FR"},{"@type":"Organization","@id":"https:\/\/blumiz.com\/fr\/#organization","name":"Blumiz CBD","alternateName":"Blumiz","url":"https:\/\/blumiz.com\/fr\/","logo":{"@type":"ImageObject","inLanguage":"fr-FR","@id":"https:\/\/blumiz.com\/fr\/#\/schema\/logo\/image\/","url":"https:\/\/blumiz.com\/wp-content\/uploads\/2026\/02\/cropped-Blumiz-CBD-logo.webp","contentUrl":"https:\/\/blumiz.com\/wp-content\/uploads\/2026\/02\/cropped-Blumiz-CBD-logo.webp","width":2547,"height":778,"caption":"Blumiz CBD"},"image":{"@id":"https:\/\/blumiz.com\/fr\/#\/schema\/logo\/image\/"}}]},"og_availability":"instock","product_availability":"instock","product_retailer_item_id":"51399","product_condition":"new"},"_links":{"self":[{"href":"https:\/\/blumiz.com\/fr\/wp-json\/wp\/v2\/product\/7387","targetHints":{"allow":["GET"]}}],"collection":[{"href":"https:\/\/blumiz.com\/fr\/wp-json\/wp\/v2\/product"}],"about":[{"href":"https:\/\/blumiz.com\/fr\/wp-json\/wp\/v2\/types\/product"}],"replies":[{"embeddable":true,"href":"https:\/\/blumiz.com\/fr\/wp-json\/wp\/v2\/comments?post=7387"}],"version-history":[{"count":0,"href":"https:\/\/blumiz.com\/fr\/wp-json\/wp\/v2\/product\/7387\/revisions"}],"wp:featuredmedia":[{"embeddable":true,"href":"https:\/\/blumiz.com\/fr\/wp-json\/wp\/v2\/media\/7273"}],"wp:attachment":[{"href":"https:\/\/blumiz.com\/fr\/wp-json\/wp\/v2\/media?parent=7387"}],"wp:term":[{"taxonomy":"product_brand","embeddable":true,"href":"https:\/\/blumiz.com\/fr\/wp-json\/wp\/v2\/product_brand?post=7387"},{"taxonomy":"product_cat","embeddable":true,"href":"https:\/\/blumiz.com\/fr\/wp-json\/wp\/v2\/product_cat?post=7387"},{"taxonomy":"product_tag","embeddable":true,"href":"https:\/\/blumiz.com\/fr\/wp-json\/wp\/v2\/product_tag?post=7387"}],"curies":[{"name":"wp","href":"https:\/\/api.w.org\/{rel}","templated":true}]}}