{"id":7395,"date":"2020-10-07T11:58:56","date_gmt":"2020-10-07T10:58:56","guid":{"rendered":"https:\/\/blumiz.com\/produkt\/cbd-softgel-10-mg-x30-herdol\/"},"modified":"2025-02-11T13:33:36","modified_gmt":"2025-02-11T12:33:36","slug":"cbd-softgel-10-mg-x30-herdol","status":"publish","type":"product","link":"https:\/\/blumiz.com\/fr\/produit\/cbd-softgel-10-mg-x30-herdol\/","title":{"rendered":"G\u00e9lules CBD 10 mg x30 herdol"},"content":{"rendered":"<h2><span class=\"\">G\u00e9lules de CBD BIO &#8211; CONCENTR\u00c9ES 10mg avec 30 g\u00e9lules &#8211; QUALIT\u00c9 PREMIUM<\/span><\/h2>\n<h3>Les capsules de CBD aident \u00e0 lutter contre l&#8217;anxi\u00e9t\u00e9, la d\u00e9pression, l&#8217;acn\u00e9 et les maladies cardiaques.<\/h3>\n<p>Le CBD a \u00e9t\u00e9 \u00e9tudi\u00e9 pour son r\u00f4le potentiel dans le traitement de nombreux probl\u00e8mes de sant\u00e9 courants. Pour les personnes atteintes d&#8217;un cancer, il peut m\u00eame s&#8217;agir d&#8217;une alternative naturelle pour soulager la douleur et les sympt\u00f4mes.<\/p>\n<p>La recherche sur les avantages potentiels du CBD pour la sant\u00e9 est en cours, de sorte que de nouvelles applications th\u00e9rapeutiques seront certainement d\u00e9couvertes pour ce rem\u00e8de naturel.<\/p>\n<p>&nbsp;<\/p>\n<h3>Relaxant et apaisant, herdol a d\u00e9velopp\u00e9 des capsules Full Spectrum CBD 100% naturelles.<\/h3>\n<p>Bien qu&#8217;il reste encore beaucoup \u00e0 apprendre sur l&#8217;efficacit\u00e9 et la s\u00e9curit\u00e9 du CBD, les r\u00e9sultats d&#8217;\u00e9tudes r\u00e9centes indiquent que le CBD peut constituer un traitement naturel s\u00fbr et efficace pour de nombreux probl\u00e8mes de sant\u00e9. La g\u00e9lule de CBD est fabriqu\u00e9e en extrayant \u00e0 froid les cannabino\u00efdes de la plante de cannabis, puis en les diluant avec une huile de support comme l&#8217;huile de noix de coco ou de graines de chanvre, et en les enfermant dans une g\u00e9lule de gel.<\/p>\n<p>L&#8217;avantage de l&#8217;huile de chanvre est qu&#8217;elle a de nombreuses propri\u00e9t\u00e9s. En fait, l&#8217;huile de chanvre est riche en vitamines E, OMEGA 6 et 3. Toutes nos huiles sont compos\u00e9es de 1 % de CBD avec un go\u00fbt naturel de chanvre qui varie selon vos besoins et vos envies.<\/p>\n<h3>Profitez au maximum des bienfaits du CBD :<\/h3>\n<p>Pour profiter efficacement des bienfaits du CBD, il faut suivre des instructions tr\u00e8s sp\u00e9cifiques. Assurez-vous d&#8217;\u00eatre \u00e0 jeun 10 minutes avant et apr\u00e8s la prise. Laissez agir les capsules de CBD pendant 90 secondes pour qu&#8217;elles aient le meilleur effet sur votre corps.<\/p>\n<h3>Une g\u00e9lule de CBD contre&#8230;<\/h3>\n<p><strong>Anti-inflammatoire<\/strong>: le CBD aide \u00e0 r\u00e9duire l&#8217;inflammation. Gr\u00e2ce aux acides gras om\u00e9ga-3, l&#8217;huile de chanvre CBD contribue \u00e0 r\u00e9duire le taux de cholest\u00e9rol, \u00e0 renforcer le syst\u00e8me immunitaire et \u00e0 prot\u00e9ger le c\u0153ur.<\/p>\n<p><strong>Anti-anxi\u00e9t\u00e9<\/strong>: le CBD r\u00e9gule les sautes d&#8217;humeur et aide \u00e0 soulager la d\u00e9pression par la stimulation et la lib\u00e9ration de s\u00e9rotonine et de dopamine.<\/p>\n<p><strong>Antipsychotique<\/strong>: De nombreuses recherches ont \u00e9t\u00e9 men\u00e9es sur des personnes atteintes de psychose. Des chercheurs ont pu montrer que le CBD cible pr\u00e9cis\u00e9ment une partie du cerveau impliqu\u00e9e dans les psychoses.<\/p>\n<p><strong>Antioxydant<\/strong>: le CBD est un excellent antioxydant, il emp\u00eache les radicaux libres de se lier entre eux et de provoquer des probl\u00e8mes de peau, comme le vieillissement pr\u00e9matur\u00e9 d\u00fb au stress oxydatif ou l&#8217;apparition de certaines pathologies. Nous avons tous des antioxydants naturels pour lutter contre ces complications, mais il est important de les renforcer, notamment \u00e0 l&#8217;aide du CBD.<\/p>\n<p><strong>Capacit\u00e9<\/strong>: 30 g\u00e9lules de 10 mg de CBD chacune<\/p>\n<p>&nbsp;<\/p>\n<h3>INFO ET COMPOSITION :<\/h3>\n<p>Ingr\u00e9dients : Huile de chanvre, extrait de Cannabis sativa L. riche en cannabidiol (CBD), gel neutre<\/p>\n<p>Recommandation : 1 capsule 1 \u00e0 3 fois par jour<\/p>\n<p>M\u00e9thode d&#8217;extraction : CO2 supercritique Huile certifi\u00e9e : Huile de chanvre certifi\u00e9e Label AB Consommation<\/p>\n<p>Type de CBD : spectre complet<\/p>\n<p>Concentration de cannabino\u00efdes : 10 mg par g\u00e9lule \/ 300 mg \/ Concentration de CBD dans une g\u00e9lule : 10 mg CBD<\/p>\n<p>Nombre de g\u00e9lules par bo\u00eete : 30<\/p>\n<p>Fabriqu\u00e9 en France<\/p>\n","protected":false},"excerpt":{"rendered":"<p>Les gels mous au CBD vont r\u00e9volutionner votre prise quotidienne de CBD. Avec la m\u00eame formule efficace que nos c\u00e9l\u00e8bres Huiles CBD, ce nouveau produit emballe de puissants cannabino\u00efdes dans un gel au go\u00fbt neutre, facile \u00e0 avaler, portable et plus facile \u00e0 doser que jamais. Chaque bo\u00eete contient 300 mg de CBD, 30 g\u00e9lules avec 10 mg de CBD par g\u00e9lule.<\/p>\n<h2>G\u00e9lules CBD 10 mg bio \u2013 30 g\u00e9lules<span style=\"font-size: 27.200000762939453px;\"><\/span><\/h2>\n<ul>\n<li>Spectre complet, contient du CBD et d&#8217;autres cannabino\u00efdes.<\/li>\n<li>Test\u00e9 en laboratoire. Garanti sans THC.<\/li>\n<li>Bo\u00eete de 30 g\u00e9lules<\/li>\n<li>Une g\u00e9lule contient 10 mg de CBD<\/li>\n<li>1 capsule 1 \u00e0 3 fois par jour<\/li>\n<\/ul>\n<p>&nbsp;<\/p>\n","protected":false},"featured_media":7258,"comment_status":"open","ping_status":"closed","template":"","meta":{"site-sidebar-layout":"default","site-content-layout":"default","ast-site-content-layout":"default","site-content-style":"default","site-sidebar-style":"default","ast-global-header-display":"","ast-banner-title-visibility":"","ast-main-header-display":"","ast-hfb-above-header-display":"","ast-hfb-below-header-display":"","ast-hfb-mobile-header-display":"","site-post-title":"","ast-breadcrumbs-content":"","ast-featured-img":"","footer-sml-layout":"","ast-disable-related-posts":"","theme-transparent-header-meta":"default","adv-header-id-meta":"","stick-header-meta":"default","header-above-stick-meta":"","header-main-stick-meta":"","header-below-stick-meta":"","astra-migrate-meta-layouts":"default","ast-page-background-enabled":"default","ast-page-background-meta":{"desktop":{"background-color":"","background-image":"","background-repeat":"repeat","background-position":"center center","background-size":"auto","background-attachment":"scroll","background-type":"","background-media":"","overlay-type":"","overlay-color":"","overlay-opacity":"","overlay-gradient":""},"tablet":{"background-color":"","background-image":"","background-repeat":"repeat","background-position":"center center","background-size":"auto","background-attachment":"scroll","background-type":"","background-media":"","overlay-type":"","overlay-color":"","overlay-opacity":"","overlay-gradient":""},"mobile":{"background-color":"","background-image":"","background-repeat":"repeat","background-position":"center center","background-size":"auto","background-attachment":"scroll","background-type":"","background-media":"","overlay-type":"","overlay-color":"","overlay-opacity":"","overlay-gradient":""}},"ast-content-background-meta":{"desktop":{"background-color":"var(--ast-global-color-5)","background-image":"","background-repeat":"repeat","background-position":"center center","background-size":"auto","background-attachment":"scroll","background-type":"","background-media":"","overlay-type":"","overlay-color":"","overlay-opacity":"","overlay-gradient":""},"tablet":{"background-color":"var(--ast-global-color-5)","background-image":"","background-repeat":"repeat","background-position":"center center","background-size":"auto","background-attachment":"scroll","background-type":"","background-media":"","overlay-type":"","overlay-color":"","overlay-opacity":"","overlay-gradient":""},"mobile":{"background-color":"var(--ast-global-color-5)","background-image":"","background-repeat":"repeat","background-position":"center center","background-size":"auto","background-attachment":"scroll","background-type":"","background-media":"","overlay-type":"","overlay-color":"","overlay-opacity":"","overlay-gradient":""}}},"product_brand":[],"product_cat":[169,304,173],"product_tag":[],"class_list":{"0":"post-7395","1":"product","2":"type-product","3":"status-publish","4":"has-post-thumbnail","6":"product_cat-bien-etre-cbd","7":"product_cat-cbd-fr","8":"product_cat-huiles-et-gelules-cbd","9":"desktop-align-left","10":"tablet-align-center","11":"mobile-align-left","12":"ast-product-gallery-layout-vertical","13":"ast-product-gallery-with-no-image","14":"ast-magnify-disabled","15":"ast-product-tabs-layout-horizontal","17":"first","18":"instock","19":"taxable","20":"shipping-taxable","21":"purchasable","22":"product-type-simple"},"yoast_head":"<!-- This site is optimized with the Yoast SEO Premium plugin v27.2 (Yoast SEO v27.4) - https:\/\/yoast.com\/product\/yoast-seo-premium-wordpress\/ -->\n<title>G\u00e9lules CBD 10 mg x30 herdol - Blumiz - Premium CBD<\/title>\n<meta name=\"description\" content=\"G\u00e9lules CBD 10 mg x30 herdol - Blumiz - Premium CBD\" \/>\n<meta name=\"robots\" content=\"index, follow, max-snippet:-1, max-image-preview:large, max-video-preview:-1\" \/>\n<link rel=\"canonical\" href=\"https:\/\/blumiz.com\/fr\/produit\/cbd-softgel-10-mg-x30-herdol\/\" \/>\n<meta property=\"og:locale\" content=\"fr_FR\" \/>\n<meta property=\"og:type\" content=\"article\" \/>\n<meta property=\"og:title\" content=\"G\u00e9lules CBD 10 mg x30 herdol\" \/>\n<meta property=\"og:description\" content=\"G\u00e9lules CBD 10 mg x30 herdol Blumiz - Premium CBD\" \/>\n<meta property=\"og:url\" content=\"https:\/\/blumiz.com\/fr\/produit\/cbd-softgel-10-mg-x30-herdol\/\" \/>\n<meta property=\"og:site_name\" content=\"Blumiz - Premium CBD\" \/>\n<meta property=\"article:modified_time\" content=\"2025-02-11T12:33:36+00:00\" \/>\n<meta property=\"og:image\" content=\"https:\/\/blumiz.com\/wp-content\/uploads\/2022\/10\/CBD-SOFTGEL-HERDOL-10MG-300MG-BLANC.webp\" \/>\n\t<meta property=\"og:image:width\" content=\"600\" \/>\n\t<meta property=\"og:image:height\" content=\"600\" \/>\n\t<meta property=\"og:image:type\" content=\"image\/webp\" \/>\n<meta name=\"twitter:card\" content=\"summary_large_image\" \/>\n<meta name=\"twitter:label1\" content=\"Prix\" \/>\n\t<meta name=\"twitter:data1\" content=\"14,90&nbsp;&euro;\" \/>\n\t<meta name=\"twitter:label2\" content=\"Disponibilit\u00e9\" \/>\n\t<meta name=\"twitter:data2\" content=\"En stock\" \/>\n<script type=\"application\/ld+json\" class=\"yoast-schema-graph\">{\"@context\":\"https:\\\/\\\/schema.org\",\"@graph\":[{\"@type\":\"WebPage\",\"@id\":\"https:\\\/\\\/blumiz.com\\\/fr\\\/produit\\\/cbd-softgel-10-mg-x30-herdol\\\/\",\"url\":\"https:\\\/\\\/blumiz.com\\\/fr\\\/produit\\\/cbd-softgel-10-mg-x30-herdol\\\/\",\"name\":\"G\u00e9lules CBD 10 mg x30 herdol - Blumiz - Premium CBD\",\"isPartOf\":{\"@id\":\"https:\\\/\\\/blumiz.com\\\/fr\\\/#website\"},\"primaryImageOfPage\":{\"@id\":\"https:\\\/\\\/blumiz.com\\\/fr\\\/produit\\\/cbd-softgel-10-mg-x30-herdol\\\/#primaryimage\"},\"image\":{\"@id\":\"https:\\\/\\\/blumiz.com\\\/fr\\\/produit\\\/cbd-softgel-10-mg-x30-herdol\\\/#primaryimage\"},\"thumbnailUrl\":\"https:\\\/\\\/blumiz.com\\\/wp-content\\\/uploads\\\/2022\\\/10\\\/CBD-SOFTGEL-HERDOL-10MG-300MG-BLANC.webp\",\"datePublished\":\"2020-10-07T10:58:56+00:00\",\"dateModified\":\"2025-02-11T12:33:36+00:00\",\"description\":\"G\u00e9lules CBD 10 mg x30 herdol - Blumiz - Premium CBD\",\"breadcrumb\":{\"@id\":\"https:\\\/\\\/blumiz.com\\\/fr\\\/produit\\\/cbd-softgel-10-mg-x30-herdol\\\/#breadcrumb\"},\"inLanguage\":\"fr-FR\",\"potentialAction\":[{\"@type\":\"ReadAction\",\"target\":[\"https:\\\/\\\/blumiz.com\\\/fr\\\/produit\\\/cbd-softgel-10-mg-x30-herdol\\\/\"]}]},{\"@type\":\"ImageObject\",\"inLanguage\":\"fr-FR\",\"@id\":\"https:\\\/\\\/blumiz.com\\\/fr\\\/produit\\\/cbd-softgel-10-mg-x30-herdol\\\/#primaryimage\",\"url\":\"https:\\\/\\\/blumiz.com\\\/wp-content\\\/uploads\\\/2022\\\/10\\\/CBD-SOFTGEL-HERDOL-10MG-300MG-BLANC.webp\",\"contentUrl\":\"https:\\\/\\\/blumiz.com\\\/wp-content\\\/uploads\\\/2022\\\/10\\\/CBD-SOFTGEL-HERDOL-10MG-300MG-BLANC.webp\",\"width\":600,\"height\":600},{\"@type\":\"BreadcrumbList\",\"@id\":\"https:\\\/\\\/blumiz.com\\\/fr\\\/produit\\\/cbd-softgel-10-mg-x30-herdol\\\/#breadcrumb\",\"itemListElement\":[{\"@type\":\"ListItem\",\"position\":1,\"name\":\"Blumiz\",\"item\":\"https:\\\/\\\/blumiz.com\\\/fr\\\/\"},{\"@type\":\"ListItem\",\"position\":2,\"name\":\"CBD Shop\",\"item\":\"https:\\\/\\\/blumiz.com\\\/fr\\\/acheter-cbd-shop\\\/\"},{\"@type\":\"ListItem\",\"position\":3,\"name\":\"Bien \u00eatre CBD\",\"item\":\"https:\\\/\\\/blumiz.com\\\/fr\\\/category\\\/bien-etre-cbd\\\/\"},{\"@type\":\"ListItem\",\"position\":4,\"name\":\"Huiles et g\u00e9lules CBD\",\"item\":\"https:\\\/\\\/blumiz.com\\\/fr\\\/category\\\/bien-etre-cbd\\\/huiles-et-gelules-cbd\\\/\"},{\"@type\":\"ListItem\",\"position\":5,\"name\":\"G\u00e9lules CBD 10 mg x30 herdol\"}]},{\"@type\":\"WebSite\",\"@id\":\"https:\\\/\\\/blumiz.com\\\/fr\\\/#website\",\"url\":\"https:\\\/\\\/blumiz.com\\\/fr\\\/\",\"name\":\"Blumiz - Premium CBD\",\"description\":\"Blumiz, Cannabis specialist\",\"publisher\":{\"@id\":\"https:\\\/\\\/blumiz.com\\\/fr\\\/#organization\"},\"alternateName\":\"Blumiz\",\"potentialAction\":[{\"@type\":\"SearchAction\",\"target\":{\"@type\":\"EntryPoint\",\"urlTemplate\":\"https:\\\/\\\/blumiz.com\\\/fr\\\/?s={search_term_string}\"},\"query-input\":{\"@type\":\"PropertyValueSpecification\",\"valueRequired\":true,\"valueName\":\"search_term_string\"}}],\"inLanguage\":\"fr-FR\"},{\"@type\":\"Organization\",\"@id\":\"https:\\\/\\\/blumiz.com\\\/fr\\\/#organization\",\"name\":\"Blumiz CBD\",\"alternateName\":\"Blumiz\",\"url\":\"https:\\\/\\\/blumiz.com\\\/fr\\\/\",\"logo\":{\"@type\":\"ImageObject\",\"inLanguage\":\"fr-FR\",\"@id\":\"https:\\\/\\\/blumiz.com\\\/fr\\\/#\\\/schema\\\/logo\\\/image\\\/\",\"url\":\"https:\\\/\\\/blumiz.com\\\/wp-content\\\/uploads\\\/2026\\\/02\\\/cropped-Blumiz-CBD-logo.webp\",\"contentUrl\":\"https:\\\/\\\/blumiz.com\\\/wp-content\\\/uploads\\\/2026\\\/02\\\/cropped-Blumiz-CBD-logo.webp\",\"width\":2547,\"height\":778,\"caption\":\"Blumiz CBD\"},\"image\":{\"@id\":\"https:\\\/\\\/blumiz.com\\\/fr\\\/#\\\/schema\\\/logo\\\/image\\\/\"}}]}<\/script>\n<meta property=\"product:price:amount\" content=\"14.90\" \/>\n<meta property=\"product:price:currency\" content=\"EUR\" \/>\n<meta property=\"og:availability\" content=\"instock\" \/>\n<meta property=\"product:availability\" content=\"instock\" \/>\n<meta property=\"product:retailer_item_id\" content=\"22-176\" \/>\n<meta property=\"product:condition\" content=\"new\" \/>\n<!-- \/ Yoast SEO Premium plugin. -->","yoast_head_json":{"title":"G\u00e9lules CBD 10 mg x30 herdol - Blumiz - Premium CBD","description":"G\u00e9lules CBD 10 mg x30 herdol - Blumiz - Premium CBD","robots":{"index":"index","follow":"follow","max-snippet":"max-snippet:-1","max-image-preview":"max-image-preview:large","max-video-preview":"max-video-preview:-1"},"canonical":"https:\/\/blumiz.com\/fr\/produit\/cbd-softgel-10-mg-x30-herdol\/","og_locale":"fr_FR","og_type":"article","og_title":"G\u00e9lules CBD 10 mg x30 herdol","og_description":"G\u00e9lules CBD 10 mg x30 herdol Blumiz - Premium CBD","og_url":"https:\/\/blumiz.com\/fr\/produit\/cbd-softgel-10-mg-x30-herdol\/","og_site_name":"Blumiz - Premium CBD","article_modified_time":"2025-02-11T12:33:36+00:00","og_image":[{"width":600,"height":600,"url":"https:\/\/blumiz.com\/wp-content\/uploads\/2022\/10\/CBD-SOFTGEL-HERDOL-10MG-300MG-BLANC.webp","type":"image\/webp"}],"twitter_card":"summary_large_image","twitter_misc":{"Prix":"14,90&nbsp;&euro;","Disponibilit\u00e9":"En stock"},"schema":{"@context":"https:\/\/schema.org","@graph":[{"@type":"WebPage","@id":"https:\/\/blumiz.com\/fr\/produit\/cbd-softgel-10-mg-x30-herdol\/","url":"https:\/\/blumiz.com\/fr\/produit\/cbd-softgel-10-mg-x30-herdol\/","name":"G\u00e9lules CBD 10 mg x30 herdol - Blumiz - Premium CBD","isPartOf":{"@id":"https:\/\/blumiz.com\/fr\/#website"},"primaryImageOfPage":{"@id":"https:\/\/blumiz.com\/fr\/produit\/cbd-softgel-10-mg-x30-herdol\/#primaryimage"},"image":{"@id":"https:\/\/blumiz.com\/fr\/produit\/cbd-softgel-10-mg-x30-herdol\/#primaryimage"},"thumbnailUrl":"https:\/\/blumiz.com\/wp-content\/uploads\/2022\/10\/CBD-SOFTGEL-HERDOL-10MG-300MG-BLANC.webp","datePublished":"2020-10-07T10:58:56+00:00","dateModified":"2025-02-11T12:33:36+00:00","description":"G\u00e9lules CBD 10 mg x30 herdol - Blumiz - Premium CBD","breadcrumb":{"@id":"https:\/\/blumiz.com\/fr\/produit\/cbd-softgel-10-mg-x30-herdol\/#breadcrumb"},"inLanguage":"fr-FR","potentialAction":[{"@type":"ReadAction","target":["https:\/\/blumiz.com\/fr\/produit\/cbd-softgel-10-mg-x30-herdol\/"]}]},{"@type":"ImageObject","inLanguage":"fr-FR","@id":"https:\/\/blumiz.com\/fr\/produit\/cbd-softgel-10-mg-x30-herdol\/#primaryimage","url":"https:\/\/blumiz.com\/wp-content\/uploads\/2022\/10\/CBD-SOFTGEL-HERDOL-10MG-300MG-BLANC.webp","contentUrl":"https:\/\/blumiz.com\/wp-content\/uploads\/2022\/10\/CBD-SOFTGEL-HERDOL-10MG-300MG-BLANC.webp","width":600,"height":600},{"@type":"BreadcrumbList","@id":"https:\/\/blumiz.com\/fr\/produit\/cbd-softgel-10-mg-x30-herdol\/#breadcrumb","itemListElement":[{"@type":"ListItem","position":1,"name":"Blumiz","item":"https:\/\/blumiz.com\/fr\/"},{"@type":"ListItem","position":2,"name":"CBD Shop","item":"https:\/\/blumiz.com\/fr\/acheter-cbd-shop\/"},{"@type":"ListItem","position":3,"name":"Bien \u00eatre CBD","item":"https:\/\/blumiz.com\/fr\/category\/bien-etre-cbd\/"},{"@type":"ListItem","position":4,"name":"Huiles et g\u00e9lules CBD","item":"https:\/\/blumiz.com\/fr\/category\/bien-etre-cbd\/huiles-et-gelules-cbd\/"},{"@type":"ListItem","position":5,"name":"G\u00e9lules CBD 10 mg x30 herdol"}]},{"@type":"WebSite","@id":"https:\/\/blumiz.com\/fr\/#website","url":"https:\/\/blumiz.com\/fr\/","name":"Blumiz - Premium CBD","description":"Blumiz, Cannabis specialist","publisher":{"@id":"https:\/\/blumiz.com\/fr\/#organization"},"alternateName":"Blumiz","potentialAction":[{"@type":"SearchAction","target":{"@type":"EntryPoint","urlTemplate":"https:\/\/blumiz.com\/fr\/?s={search_term_string}"},"query-input":{"@type":"PropertyValueSpecification","valueRequired":true,"valueName":"search_term_string"}}],"inLanguage":"fr-FR"},{"@type":"Organization","@id":"https:\/\/blumiz.com\/fr\/#organization","name":"Blumiz CBD","alternateName":"Blumiz","url":"https:\/\/blumiz.com\/fr\/","logo":{"@type":"ImageObject","inLanguage":"fr-FR","@id":"https:\/\/blumiz.com\/fr\/#\/schema\/logo\/image\/","url":"https:\/\/blumiz.com\/wp-content\/uploads\/2026\/02\/cropped-Blumiz-CBD-logo.webp","contentUrl":"https:\/\/blumiz.com\/wp-content\/uploads\/2026\/02\/cropped-Blumiz-CBD-logo.webp","width":2547,"height":778,"caption":"Blumiz CBD"},"image":{"@id":"https:\/\/blumiz.com\/fr\/#\/schema\/logo\/image\/"}}]},"product_price_amount":"14.90","product_price_currency":"EUR","og_availability":"instock","product_availability":"instock","product_retailer_item_id":"22-176","product_condition":"new"},"_links":{"self":[{"href":"https:\/\/blumiz.com\/fr\/wp-json\/wp\/v2\/product\/7395","targetHints":{"allow":["GET"]}}],"collection":[{"href":"https:\/\/blumiz.com\/fr\/wp-json\/wp\/v2\/product"}],"about":[{"href":"https:\/\/blumiz.com\/fr\/wp-json\/wp\/v2\/types\/product"}],"replies":[{"embeddable":true,"href":"https:\/\/blumiz.com\/fr\/wp-json\/wp\/v2\/comments?post=7395"}],"version-history":[{"count":0,"href":"https:\/\/blumiz.com\/fr\/wp-json\/wp\/v2\/product\/7395\/revisions"}],"wp:featuredmedia":[{"embeddable":true,"href":"https:\/\/blumiz.com\/fr\/wp-json\/wp\/v2\/media\/7258"}],"wp:attachment":[{"href":"https:\/\/blumiz.com\/fr\/wp-json\/wp\/v2\/media?parent=7395"}],"wp:term":[{"taxonomy":"product_brand","embeddable":true,"href":"https:\/\/blumiz.com\/fr\/wp-json\/wp\/v2\/product_brand?post=7395"},{"taxonomy":"product_cat","embeddable":true,"href":"https:\/\/blumiz.com\/fr\/wp-json\/wp\/v2\/product_cat?post=7395"},{"taxonomy":"product_tag","embeddable":true,"href":"https:\/\/blumiz.com\/fr\/wp-json\/wp\/v2\/product_tag?post=7395"}],"curies":[{"name":"wp","href":"https:\/\/api.w.org\/{rel}","templated":true}]}}