{"id":7407,"date":"2022-10-20T13:45:56","date_gmt":"2022-10-20T12:45:56","guid":{"rendered":"https:\/\/blumiz.com\/produkt\/stylo-cbd-jetable-wedding-cake-600-mg-puff-orange-county-cbd\/"},"modified":"2025-02-11T13:29:00","modified_gmt":"2025-02-11T12:29:00","slug":"jetable-cbd-stylo-wedding-cake-600-mg-puff-orange-county-cbd","status":"publish","type":"product","link":"https:\/\/blumiz.com\/fr\/produit\/jetable-cbd-stylo-wedding-cake-600-mg-puff-orange-county-cbd\/","title":{"rendered":"CBD Vape Pen &#8211; Wedding Cake &#8211; 600 mg &#8211; Puff &#8211; Orange County CBD"},"content":{"rendered":"<p>Nouveau vape Pen CBD jetable, facile \u00e0 utiliser : Il suffit de le sortir de son emballage et de commencer \u00e0 vaper. Il contient 600 mg de CBD \u00e0 large spectre sans THC. Le vaporisateur jetable de CBD est l&#8217;un des moyens les plus rapides de faire l&#8217;exp\u00e9rience du CBD, offrant jusqu&#8217;\u00e0 300 bouff\u00e9es par charge.<\/p>\n<p>Il est pr\u00e9rempli et ne n\u00e9cessite aucune adaptation technique pour \u00e9viter les fuites, il est performant et compact. Capacit\u00e9 : 1ml. Batterie : 280 mAh 8,2 W Micro-USB. R\u00e9sistance de la bobine : 1,5 ohm.<\/p>\n<p>Pen CBD jetable Wedding Cake<\/p>\n<p>Le go\u00fbt unique du cannabis, en tous points semblable \u00e0 celui d&#8217;un g\u00e2teau de mariage, combin\u00e9 au CBD prim\u00e9, donne une exp\u00e9rience de vaporisation du CBD qui transforme m\u00eame les jours les plus moroses en la meilleure p\u00e9riode de tous les temps. Charg\u00e9 dans ce vaporisateur CBD compact et puissant \u00e0 usage unique, il ne pourrait pas \u00eatre plus facile de savourer ce d\u00e9licieux jus de vapeur.<\/p>\n","protected":false},"excerpt":{"rendered":"<p>Pas de e-liquide !<br \/>\nDistillat de CBD \u00e0 large spectre<br \/>\nPuissance du CBD : 600 mg<br \/>\nPuffs : 300\/charge, 3 recharges max.<br \/>\nPas de THC\/VG\/PG\/nicotine<br \/>\nRechargeable (c\u00e2ble non inclus) <\/p>\n","protected":false},"featured_media":7251,"comment_status":"open","ping_status":"closed","template":"","meta":{"site-sidebar-layout":"default","site-content-layout":"default","ast-site-content-layout":"default","site-content-style":"default","site-sidebar-style":"default","ast-global-header-display":"","ast-banner-title-visibility":"","ast-main-header-display":"","ast-hfb-above-header-display":"","ast-hfb-below-header-display":"","ast-hfb-mobile-header-display":"","site-post-title":"","ast-breadcrumbs-content":"","ast-featured-img":"","footer-sml-layout":"","ast-disable-related-posts":"","theme-transparent-header-meta":"default","adv-header-id-meta":"","stick-header-meta":"default","header-above-stick-meta":"","header-main-stick-meta":"","header-below-stick-meta":"","astra-migrate-meta-layouts":"default","ast-page-background-enabled":"default","ast-page-background-meta":{"desktop":{"background-color":"","background-image":"","background-repeat":"repeat","background-position":"center center","background-size":"auto","background-attachment":"scroll","background-type":"","background-media":"","overlay-type":"","overlay-color":"","overlay-opacity":"","overlay-gradient":""},"tablet":{"background-color":"","background-image":"","background-repeat":"repeat","background-position":"center center","background-size":"auto","background-attachment":"scroll","background-type":"","background-media":"","overlay-type":"","overlay-color":"","overlay-opacity":"","overlay-gradient":""},"mobile":{"background-color":"","background-image":"","background-repeat":"repeat","background-position":"center center","background-size":"auto","background-attachment":"scroll","background-type":"","background-media":"","overlay-type":"","overlay-color":"","overlay-opacity":"","overlay-gradient":""}},"ast-content-background-meta":{"desktop":{"background-color":"var(--ast-global-color-5)","background-image":"","background-repeat":"repeat","background-position":"center center","background-size":"auto","background-attachment":"scroll","background-type":"","background-media":"","overlay-type":"","overlay-color":"","overlay-opacity":"","overlay-gradient":""},"tablet":{"background-color":"var(--ast-global-color-5)","background-image":"","background-repeat":"repeat","background-position":"center center","background-size":"auto","background-attachment":"scroll","background-type":"","background-media":"","overlay-type":"","overlay-color":"","overlay-opacity":"","overlay-gradient":""},"mobile":{"background-color":"var(--ast-global-color-5)","background-image":"","background-repeat":"repeat","background-position":"center center","background-size":"auto","background-attachment":"scroll","background-type":"","background-media":"","overlay-type":"","overlay-color":"","overlay-opacity":"","overlay-gradient":""}}},"product_brand":[],"product_cat":[304,168],"product_tag":[],"class_list":{"0":"post-7407","1":"product","2":"type-product","3":"status-publish","4":"has-post-thumbnail","6":"product_cat-cbd-fr","7":"product_cat-vape-cbd","8":"desktop-align-left","9":"tablet-align-center","10":"mobile-align-left","11":"ast-product-gallery-layout-vertical","12":"ast-product-gallery-with-no-image","13":"ast-magnify-disabled","14":"ast-product-tabs-layout-horizontal","16":"first","17":"outofstock","18":"taxable","19":"shipping-taxable","20":"purchasable","21":"product-type-simple"},"yoast_head":"<!-- This site is optimized with the Yoast SEO Premium plugin v27.2 (Yoast SEO v27.4) - https:\/\/yoast.com\/product\/yoast-seo-premium-wordpress\/ -->\n<title>Orange County CBD - CBD Vape Pen - G\u00e2teau de mariage<\/title>\n<meta name=\"description\" content=\"Vaporisateur CBD jetable Orange County : facile \u00e0 utiliser, puissant et compact. Profitez de l&#039;exp\u00e9rience CBD sans THC avec 600 mg de CBD \u00e0 large spectre \ud83d\udca8\" \/>\n<meta name=\"robots\" content=\"index, follow, max-snippet:-1, max-image-preview:large, max-video-preview:-1\" \/>\n<link rel=\"canonical\" href=\"https:\/\/blumiz.com\/fr\/produit\/jetable-cbd-stylo-wedding-cake-600-mg-puff-orange-county-cbd\/\" \/>\n<meta property=\"og:locale\" content=\"fr_FR\" \/>\n<meta property=\"og:type\" content=\"article\" \/>\n<meta property=\"og:title\" content=\"CBD Vape Pen - Wedding Cake - 600 mg - Puff - Orange County CBD\" \/>\n<meta property=\"og:description\" content=\"CBD Vape Pen - Wedding Cake - 600 mg - Puff - Orange County CBD Blumiz - Premium CBD\" \/>\n<meta property=\"og:url\" content=\"https:\/\/blumiz.com\/fr\/produit\/jetable-cbd-stylo-wedding-cake-600-mg-puff-orange-county-cbd\/\" \/>\n<meta property=\"og:site_name\" content=\"Blumiz - Premium CBD\" \/>\n<meta property=\"article:modified_time\" content=\"2025-02-11T12:29:00+00:00\" \/>\n<meta property=\"og:image\" content=\"https:\/\/blumiz.com\/wp-content\/uploads\/2022\/10\/Einweg-CBD-Stift-Wedding-Cake-600-mg-Orange-County-CBD.webp\" \/>\n\t<meta property=\"og:image:width\" content=\"600\" \/>\n\t<meta property=\"og:image:height\" content=\"600\" \/>\n\t<meta property=\"og:image:type\" content=\"image\/webp\" \/>\n<meta name=\"twitter:card\" content=\"summary_large_image\" \/>\n<meta name=\"twitter:label1\" content=\"Prix\" \/>\n\t<meta name=\"twitter:data1\" content=\"29,90&nbsp;&euro;\" \/>\n\t<meta name=\"twitter:label2\" content=\"Disponibilit\u00e9\" \/>\n\t<meta name=\"twitter:data2\" content=\"Rupture de stock\" \/>\n<script type=\"application\/ld+json\" class=\"yoast-schema-graph\">{\"@context\":\"https:\\\/\\\/schema.org\",\"@graph\":[{\"@type\":\"WebPage\",\"@id\":\"https:\\\/\\\/blumiz.com\\\/fr\\\/produit\\\/jetable-cbd-stylo-wedding-cake-600-mg-puff-orange-county-cbd\\\/\",\"url\":\"https:\\\/\\\/blumiz.com\\\/fr\\\/produit\\\/jetable-cbd-stylo-wedding-cake-600-mg-puff-orange-county-cbd\\\/\",\"name\":\"Orange County CBD - CBD Vape Pen - G\u00e2teau de mariage\",\"isPartOf\":{\"@id\":\"https:\\\/\\\/blumiz.com\\\/fr\\\/#website\"},\"primaryImageOfPage\":{\"@id\":\"https:\\\/\\\/blumiz.com\\\/fr\\\/produit\\\/jetable-cbd-stylo-wedding-cake-600-mg-puff-orange-county-cbd\\\/#primaryimage\"},\"image\":{\"@id\":\"https:\\\/\\\/blumiz.com\\\/fr\\\/produit\\\/jetable-cbd-stylo-wedding-cake-600-mg-puff-orange-county-cbd\\\/#primaryimage\"},\"thumbnailUrl\":\"https:\\\/\\\/blumiz.com\\\/wp-content\\\/uploads\\\/2022\\\/10\\\/Einweg-CBD-Stift-Wedding-Cake-600-mg-Orange-County-CBD.webp\",\"datePublished\":\"2022-10-20T12:45:56+00:00\",\"dateModified\":\"2025-02-11T12:29:00+00:00\",\"description\":\"Vaporisateur CBD jetable Orange County : facile \u00e0 utiliser, puissant et compact. Profitez de l'exp\u00e9rience CBD sans THC avec 600 mg de CBD \u00e0 large spectre \ud83d\udca8\",\"breadcrumb\":{\"@id\":\"https:\\\/\\\/blumiz.com\\\/fr\\\/produit\\\/jetable-cbd-stylo-wedding-cake-600-mg-puff-orange-county-cbd\\\/#breadcrumb\"},\"inLanguage\":\"fr-FR\",\"potentialAction\":[{\"@type\":\"ReadAction\",\"target\":[\"https:\\\/\\\/blumiz.com\\\/fr\\\/produit\\\/jetable-cbd-stylo-wedding-cake-600-mg-puff-orange-county-cbd\\\/\"]}]},{\"@type\":\"ImageObject\",\"inLanguage\":\"fr-FR\",\"@id\":\"https:\\\/\\\/blumiz.com\\\/fr\\\/produit\\\/jetable-cbd-stylo-wedding-cake-600-mg-puff-orange-county-cbd\\\/#primaryimage\",\"url\":\"https:\\\/\\\/blumiz.com\\\/wp-content\\\/uploads\\\/2022\\\/10\\\/Einweg-CBD-Stift-Wedding-Cake-600-mg-Orange-County-CBD.webp\",\"contentUrl\":\"https:\\\/\\\/blumiz.com\\\/wp-content\\\/uploads\\\/2022\\\/10\\\/Einweg-CBD-Stift-Wedding-Cake-600-mg-Orange-County-CBD.webp\",\"width\":600,\"height\":600},{\"@type\":\"BreadcrumbList\",\"@id\":\"https:\\\/\\\/blumiz.com\\\/fr\\\/produit\\\/jetable-cbd-stylo-wedding-cake-600-mg-puff-orange-county-cbd\\\/#breadcrumb\",\"itemListElement\":[{\"@type\":\"ListItem\",\"position\":1,\"name\":\"Blumiz\",\"item\":\"https:\\\/\\\/blumiz.com\\\/fr\\\/\"},{\"@type\":\"ListItem\",\"position\":2,\"name\":\"CBD Shop\",\"item\":\"https:\\\/\\\/blumiz.com\\\/fr\\\/acheter-cbd-shop\\\/\"},{\"@type\":\"ListItem\",\"position\":3,\"name\":\"Vape CBD\",\"item\":\"https:\\\/\\\/blumiz.com\\\/fr\\\/category\\\/vape-cbd\\\/\"},{\"@type\":\"ListItem\",\"position\":4,\"name\":\"CBD Vape Pen &#8211; Wedding Cake &#8211; 600 mg &#8211; Puff &#8211; Orange County CBD\"}]},{\"@type\":\"WebSite\",\"@id\":\"https:\\\/\\\/blumiz.com\\\/fr\\\/#website\",\"url\":\"https:\\\/\\\/blumiz.com\\\/fr\\\/\",\"name\":\"Blumiz - Premium CBD\",\"description\":\"Blumiz, Cannabis specialist\",\"publisher\":{\"@id\":\"https:\\\/\\\/blumiz.com\\\/fr\\\/#organization\"},\"alternateName\":\"Blumiz\",\"potentialAction\":[{\"@type\":\"SearchAction\",\"target\":{\"@type\":\"EntryPoint\",\"urlTemplate\":\"https:\\\/\\\/blumiz.com\\\/fr\\\/?s={search_term_string}\"},\"query-input\":{\"@type\":\"PropertyValueSpecification\",\"valueRequired\":true,\"valueName\":\"search_term_string\"}}],\"inLanguage\":\"fr-FR\"},{\"@type\":\"Organization\",\"@id\":\"https:\\\/\\\/blumiz.com\\\/fr\\\/#organization\",\"name\":\"Blumiz CBD\",\"alternateName\":\"Blumiz\",\"url\":\"https:\\\/\\\/blumiz.com\\\/fr\\\/\",\"logo\":{\"@type\":\"ImageObject\",\"inLanguage\":\"fr-FR\",\"@id\":\"https:\\\/\\\/blumiz.com\\\/fr\\\/#\\\/schema\\\/logo\\\/image\\\/\",\"url\":\"https:\\\/\\\/blumiz.com\\\/wp-content\\\/uploads\\\/2026\\\/02\\\/cropped-Blumiz-CBD-logo.webp\",\"contentUrl\":\"https:\\\/\\\/blumiz.com\\\/wp-content\\\/uploads\\\/2026\\\/02\\\/cropped-Blumiz-CBD-logo.webp\",\"width\":2547,\"height\":778,\"caption\":\"Blumiz CBD\"},\"image\":{\"@id\":\"https:\\\/\\\/blumiz.com\\\/fr\\\/#\\\/schema\\\/logo\\\/image\\\/\"}}]}<\/script>\n<meta property=\"product:price:amount\" content=\"29.90\" \/>\n<meta property=\"product:price:currency\" content=\"EUR\" \/>\n<meta property=\"og:availability\" content=\"out of stock\" \/>\n<meta property=\"product:availability\" content=\"out of stock\" \/>\n<meta property=\"product:retailer_item_id\" content=\"253791\" \/>\n<meta property=\"product:condition\" content=\"new\" \/>\n<!-- \/ Yoast SEO Premium plugin. -->","yoast_head_json":{"title":"Orange County CBD - CBD Vape Pen - G\u00e2teau de mariage","description":"Vaporisateur CBD jetable Orange County : facile \u00e0 utiliser, puissant et compact. Profitez de l'exp\u00e9rience CBD sans THC avec 600 mg de CBD \u00e0 large spectre \ud83d\udca8","robots":{"index":"index","follow":"follow","max-snippet":"max-snippet:-1","max-image-preview":"max-image-preview:large","max-video-preview":"max-video-preview:-1"},"canonical":"https:\/\/blumiz.com\/fr\/produit\/jetable-cbd-stylo-wedding-cake-600-mg-puff-orange-county-cbd\/","og_locale":"fr_FR","og_type":"article","og_title":"CBD Vape Pen - Wedding Cake - 600 mg - Puff - Orange County CBD","og_description":"CBD Vape Pen - Wedding Cake - 600 mg - Puff - Orange County CBD Blumiz - Premium CBD","og_url":"https:\/\/blumiz.com\/fr\/produit\/jetable-cbd-stylo-wedding-cake-600-mg-puff-orange-county-cbd\/","og_site_name":"Blumiz - Premium CBD","article_modified_time":"2025-02-11T12:29:00+00:00","og_image":[{"width":600,"height":600,"url":"https:\/\/blumiz.com\/wp-content\/uploads\/2022\/10\/Einweg-CBD-Stift-Wedding-Cake-600-mg-Orange-County-CBD.webp","type":"image\/webp"}],"twitter_card":"summary_large_image","twitter_misc":{"Prix":"29,90&nbsp;&euro;","Disponibilit\u00e9":"Rupture de stock"},"schema":{"@context":"https:\/\/schema.org","@graph":[{"@type":"WebPage","@id":"https:\/\/blumiz.com\/fr\/produit\/jetable-cbd-stylo-wedding-cake-600-mg-puff-orange-county-cbd\/","url":"https:\/\/blumiz.com\/fr\/produit\/jetable-cbd-stylo-wedding-cake-600-mg-puff-orange-county-cbd\/","name":"Orange County CBD - CBD Vape Pen - G\u00e2teau de mariage","isPartOf":{"@id":"https:\/\/blumiz.com\/fr\/#website"},"primaryImageOfPage":{"@id":"https:\/\/blumiz.com\/fr\/produit\/jetable-cbd-stylo-wedding-cake-600-mg-puff-orange-county-cbd\/#primaryimage"},"image":{"@id":"https:\/\/blumiz.com\/fr\/produit\/jetable-cbd-stylo-wedding-cake-600-mg-puff-orange-county-cbd\/#primaryimage"},"thumbnailUrl":"https:\/\/blumiz.com\/wp-content\/uploads\/2022\/10\/Einweg-CBD-Stift-Wedding-Cake-600-mg-Orange-County-CBD.webp","datePublished":"2022-10-20T12:45:56+00:00","dateModified":"2025-02-11T12:29:00+00:00","description":"Vaporisateur CBD jetable Orange County : facile \u00e0 utiliser, puissant et compact. Profitez de l'exp\u00e9rience CBD sans THC avec 600 mg de CBD \u00e0 large spectre \ud83d\udca8","breadcrumb":{"@id":"https:\/\/blumiz.com\/fr\/produit\/jetable-cbd-stylo-wedding-cake-600-mg-puff-orange-county-cbd\/#breadcrumb"},"inLanguage":"fr-FR","potentialAction":[{"@type":"ReadAction","target":["https:\/\/blumiz.com\/fr\/produit\/jetable-cbd-stylo-wedding-cake-600-mg-puff-orange-county-cbd\/"]}]},{"@type":"ImageObject","inLanguage":"fr-FR","@id":"https:\/\/blumiz.com\/fr\/produit\/jetable-cbd-stylo-wedding-cake-600-mg-puff-orange-county-cbd\/#primaryimage","url":"https:\/\/blumiz.com\/wp-content\/uploads\/2022\/10\/Einweg-CBD-Stift-Wedding-Cake-600-mg-Orange-County-CBD.webp","contentUrl":"https:\/\/blumiz.com\/wp-content\/uploads\/2022\/10\/Einweg-CBD-Stift-Wedding-Cake-600-mg-Orange-County-CBD.webp","width":600,"height":600},{"@type":"BreadcrumbList","@id":"https:\/\/blumiz.com\/fr\/produit\/jetable-cbd-stylo-wedding-cake-600-mg-puff-orange-county-cbd\/#breadcrumb","itemListElement":[{"@type":"ListItem","position":1,"name":"Blumiz","item":"https:\/\/blumiz.com\/fr\/"},{"@type":"ListItem","position":2,"name":"CBD Shop","item":"https:\/\/blumiz.com\/fr\/acheter-cbd-shop\/"},{"@type":"ListItem","position":3,"name":"Vape CBD","item":"https:\/\/blumiz.com\/fr\/category\/vape-cbd\/"},{"@type":"ListItem","position":4,"name":"CBD Vape Pen &#8211; Wedding Cake &#8211; 600 mg &#8211; Puff &#8211; Orange County CBD"}]},{"@type":"WebSite","@id":"https:\/\/blumiz.com\/fr\/#website","url":"https:\/\/blumiz.com\/fr\/","name":"Blumiz - Premium CBD","description":"Blumiz, Cannabis specialist","publisher":{"@id":"https:\/\/blumiz.com\/fr\/#organization"},"alternateName":"Blumiz","potentialAction":[{"@type":"SearchAction","target":{"@type":"EntryPoint","urlTemplate":"https:\/\/blumiz.com\/fr\/?s={search_term_string}"},"query-input":{"@type":"PropertyValueSpecification","valueRequired":true,"valueName":"search_term_string"}}],"inLanguage":"fr-FR"},{"@type":"Organization","@id":"https:\/\/blumiz.com\/fr\/#organization","name":"Blumiz CBD","alternateName":"Blumiz","url":"https:\/\/blumiz.com\/fr\/","logo":{"@type":"ImageObject","inLanguage":"fr-FR","@id":"https:\/\/blumiz.com\/fr\/#\/schema\/logo\/image\/","url":"https:\/\/blumiz.com\/wp-content\/uploads\/2026\/02\/cropped-Blumiz-CBD-logo.webp","contentUrl":"https:\/\/blumiz.com\/wp-content\/uploads\/2026\/02\/cropped-Blumiz-CBD-logo.webp","width":2547,"height":778,"caption":"Blumiz CBD"},"image":{"@id":"https:\/\/blumiz.com\/fr\/#\/schema\/logo\/image\/"}}]},"product_price_amount":"29.90","product_price_currency":"EUR","og_availability":"out of stock","product_availability":"out of stock","product_retailer_item_id":"253791","product_condition":"new"},"_links":{"self":[{"href":"https:\/\/blumiz.com\/fr\/wp-json\/wp\/v2\/product\/7407","targetHints":{"allow":["GET"]}}],"collection":[{"href":"https:\/\/blumiz.com\/fr\/wp-json\/wp\/v2\/product"}],"about":[{"href":"https:\/\/blumiz.com\/fr\/wp-json\/wp\/v2\/types\/product"}],"replies":[{"embeddable":true,"href":"https:\/\/blumiz.com\/fr\/wp-json\/wp\/v2\/comments?post=7407"}],"version-history":[{"count":0,"href":"https:\/\/blumiz.com\/fr\/wp-json\/wp\/v2\/product\/7407\/revisions"}],"wp:featuredmedia":[{"embeddable":true,"href":"https:\/\/blumiz.com\/fr\/wp-json\/wp\/v2\/media\/7251"}],"wp:attachment":[{"href":"https:\/\/blumiz.com\/fr\/wp-json\/wp\/v2\/media?parent=7407"}],"wp:term":[{"taxonomy":"product_brand","embeddable":true,"href":"https:\/\/blumiz.com\/fr\/wp-json\/wp\/v2\/product_brand?post=7407"},{"taxonomy":"product_cat","embeddable":true,"href":"https:\/\/blumiz.com\/fr\/wp-json\/wp\/v2\/product_cat?post=7407"},{"taxonomy":"product_tag","embeddable":true,"href":"https:\/\/blumiz.com\/fr\/wp-json\/wp\/v2\/product_tag?post=7407"}],"curies":[{"name":"wp","href":"https:\/\/api.w.org\/{rel}","templated":true}]}}