{"id":7410,"date":"2020-10-05T14:17:05","date_gmt":"2020-10-05T13:17:05","guid":{"rendered":"https:\/\/blumiz.com\/produkt\/watermelon-fleurs-de-cbd-16\/"},"modified":"2025-02-25T09:26:56","modified_gmt":"2025-02-25T08:26:56","slug":"watermelon-cbd","status":"publish","type":"product","link":"https:\/\/blumiz.com\/fr\/produit\/watermelon-cbd\/","title":{"rendered":"Watermelon &#8211; Fleur CBD 16%."},"content":{"rendered":"<h2><span style=\"color: #107d85;\">Fleur CBD Watermelon Greenhouse 16%.<\/span><\/h2>\n<p>Si vous choisissez cette vari\u00e9t\u00e9 de CBD Watermelon OG, vous ne serez pas d\u00e9\u00e7u. Ces fleurs de cannabis ont \u00e9t\u00e9 r\u00e9compens\u00e9es pour leur qualit\u00e9 exceptionnelle lors de la Scandinavian North Grow Cup en septembre 2019. Ces fleurs \u00e0 dominante indica vous donnent un go\u00fbt agr\u00e9ablement sucr\u00e9 et m\u00e9langent des notes de past\u00e8que et de biscuit.<\/p>\n<p>Cultiv\u00e9 en int\u00e9rieur, vous pourrez profiter de ces jolis bourgeons compacts et r\u00e9sineux. En outre, vous pourrez trouver des notes \u00e9pic\u00e9es et parfois m\u00eame terreuses, comme le rapportent certains consommateurs. Cette vari\u00e9t\u00e9 de CBD ravira tous les connaisseurs, m\u00eame les plus exp\u00e9riment\u00e9s. Il peut \u00eatre consomm\u00e9 \u00e0 diff\u00e9rents moments.<\/p>\n<p>Cette vari\u00e9t\u00e9 de CBD est exceptionnelle et vous procurera un plaisir incomparable. \u00c0 tous points de vue, vous ne le regretterez pas.<\/p>\n<h4><span style=\"color: #ff6600;\"><strong>Fleurs aromatiques Watermelon <\/strong><\/span><\/h4>\n<p>Envie d&#8217;une Past\u00e8que ? La Watermelon est une magnifique vari\u00e9t\u00e9 violette cultiv\u00e9e en serre.<\/p>\n<p>Un nouveau best-seller et une qualit\u00e9 \u00e9tonnante !<\/p>\n<p>L&#8217;aspect, l&#8217;ar\u00f4me et la consistance peuvent \u00eatre qualifi\u00e9s de tr\u00e8s bons !<\/p>\n<p>Les fleurs aromatiques <strong>Watermelon <\/strong>ne charment pas seulement par leur parfum et leur aspect.<\/p>\n<p>Lors de la culture de la <strong>Watermelon<\/strong>, on veille \u00e0 ce qu&#8217;aucun pesticide, produit chimique ou autre substance nocive n&#8217;intervienne. Le taux de THC ne d\u00e9passe pas le maximum de 0,2%, ce qui rend la culture commercialisable dans l&#8217;UE.<\/p>\n<h4><span style=\"color: #ff6600;\"><strong>Informations d&#8217;usage sur les fleurs aromatiques de melon d&#8217;eau :<\/strong><\/span><\/h4>\n<ul>\n<li>Conservez les fleurs <strong>de watermelon<\/strong> dans un endroit frais, sombre et sec.<\/li>\n<li>Conserver hors de port\u00e9e des enfants.<\/li>\n<li>La vente est exclusivement r\u00e9serv\u00e9e aux personnes \u00e2g\u00e9es de plus de 18 ans.<\/li>\n<li>Ce produit ne convient pas aux femmes enceintes ou allaitantes ni aux enfants !<\/li>\n<\/ul>\n<h4><span style=\"color: #ff6600;\"><strong>Remarque sur les fleurs aromatiques Watermelon :<\/strong><\/span><\/h4>\n<p>Les fleurs aromatiques <strong>Watermelon<\/strong> sont soumises \u00e0 des variations naturelles et peuvent varier d&#8217;un lot \u00e0 l&#8217;autre en termes de texture, d&#8217;apparence et de valeur CBD.<\/p>\n<p>Ce produit n&#8217;est pas destin\u00e9 \u00e0 la consommation.<\/p>\n<p>Les images pr\u00e9sent\u00e9es ne servent que de r\u00e9f\u00e9rence, l&#8217;aspect r\u00e9el du produit peut varier.<\/p>\n<p>Si vous recherchez d&#8217;autres vari\u00e9t\u00e9s \u00e0 un bon prix, nous vous recommandons \u00e9galement d&#8217;essayer notre <a href=\"https:\/\/blumiz.com\/produit\/trim-cbd-indoor-mix-7\/\">TRIM<\/a> ou notre <a href=\"https:\/\/blumiz.com\/produit\/cbd-small-bud-indoor-mix-9\/\">Small Buds Mix Indoor<\/a>.<\/p>\n<p>Si vous recherchez une vari\u00e9t\u00e9 de qualit\u00e9 sup\u00e9rieure, nous vous recommandons <a href=\"https:\/\/blumiz.com\/produit\/ivory-cbd\/\">Ivory<\/a>, <a href=\"https:\/\/blumiz.com\/produit\/mango-kush-cbd\/\">Mango Kush<\/a> ou <a href=\"https:\/\/blumiz.com\/produit\/amnesia-cbd\/\">Amnesia<\/a>.<\/p>\n<p><span style=\"color: #ff6600; font-size: 20.8px;\">Notre boutique<\/span> de <a style=\"color: #ff6600;\" href=\"\/?product_cat=cbd-blueten\">Fleur CBD<\/a> est synonyme de normes <span style=\"color: #ff6600; font-size: 20.8px;\">de qualit\u00e9 \u00e9lev\u00e9es et de produits tri\u00e9s sur le volet.<\/span><\/p>\n<p>Les Fleur CBD sont disponibles en diff\u00e9rents ar\u00f4mes et concentrations de CBD. Nos Fleur CBD sont soumises \u00e0 des crit\u00e8res de qualit\u00e9 externes stricts. Nos produits sont aussi vendus en tant que mati\u00e8res premi\u00e8res et sont exempts d&#8217;additifs chimiques et d&#8217;impuret\u00e9s.<\/p>\n<p>D\u00e9couvrez ici \u00e9galement notre <a href=\"https:\/\/blumiz.com\/fr\/category\/hash-et-concentres\/\">HASH CBD<\/a><\/p>\n<p>Une question, vous avez besoin d&#8217;aide ? <a href=\"https:\/\/blumiz.com\/hilfe-und-faqs\/\">Cliquez ici pour d\u00e9couvrir notre centre d&#8217;aide.<\/a><\/p>\n<p>D\u00e9couvrez nos <a href=\"https:\/\/blumiz.com\/fr\/category\/headshop\/\">produits et accessoires Headshop<\/a> pour profiter de vos vari\u00e9t\u00e9s pr\u00e9f\u00e9r\u00e9es<\/p>\n<h4><span style=\"color: #ff6600;\">Commander chez Blumiz signifie<\/span><\/h4>\n<p>&#8211; Livraison rapide, discr\u00e8te et inodore<br \/>\n&#8211; Produits certifi\u00e9s de qualit\u00e9 et en laboratoire<br \/>\n&#8211; Des prix imbattables, car nous fabriquons nos propres produits<\/p>\n","protected":false},"excerpt":{"rendered":"<h4><span style=\"color: #107d85;\">Fleur CBD Watermelon Greenhouse 16%.<\/span><\/h4>\n<p>Le succ\u00e8s n&#8217;est plus \u00e0 d\u00e9montrer ! Un de nos grands favoris !<\/p>\n<p>Vainqueur de la Cannabis Cup, Watermelon OG a un go\u00fbt sucr\u00e9 et de biscuit. Cette d\u00e9licieuse vari\u00e9t\u00e9 au go\u00fbt de past\u00e8que va vous convaincre ! S&#8217;y ajoutent des notes \u00e9pic\u00e9es et parfois m\u00eame terreuses.<\/p>\n","protected":false},"featured_media":6688,"comment_status":"open","ping_status":"closed","template":"","meta":{"site-sidebar-layout":"default","site-content-layout":"default","ast-site-content-layout":"default","site-content-style":"default","site-sidebar-style":"default","ast-global-header-display":"","ast-banner-title-visibility":"","ast-main-header-display":"","ast-hfb-above-header-display":"","ast-hfb-below-header-display":"","ast-hfb-mobile-header-display":"","site-post-title":"","ast-breadcrumbs-content":"","ast-featured-img":"","footer-sml-layout":"","ast-disable-related-posts":"","theme-transparent-header-meta":"default","adv-header-id-meta":"","stick-header-meta":"default","header-above-stick-meta":"","header-main-stick-meta":"","header-below-stick-meta":"","astra-migrate-meta-layouts":"set","ast-page-background-enabled":"default","ast-page-background-meta":{"desktop":{"background-color":"","background-image":"","background-repeat":"repeat","background-position":"center center","background-size":"auto","background-attachment":"scroll","background-type":"","background-media":"","overlay-type":"","overlay-color":"","overlay-opacity":"","overlay-gradient":""},"tablet":{"background-color":"","background-image":"","background-repeat":"repeat","background-position":"center center","background-size":"auto","background-attachment":"scroll","background-type":"","background-media":"","overlay-type":"","overlay-color":"","overlay-opacity":"","overlay-gradient":""},"mobile":{"background-color":"","background-image":"","background-repeat":"repeat","background-position":"center center","background-size":"auto","background-attachment":"scroll","background-type":"","background-media":"","overlay-type":"","overlay-color":"","overlay-opacity":"","overlay-gradient":""}},"ast-content-background-meta":{"desktop":{"background-color":"var(--ast-global-color-5)","background-image":"","background-repeat":"repeat","background-position":"center center","background-size":"auto","background-attachment":"scroll","background-type":"","background-media":"","overlay-type":"","overlay-color":"","overlay-opacity":"","overlay-gradient":""},"tablet":{"background-color":"var(--ast-global-color-5)","background-image":"","background-repeat":"repeat","background-position":"center center","background-size":"auto","background-attachment":"scroll","background-type":"","background-media":"","overlay-type":"","overlay-color":"","overlay-opacity":"","overlay-gradient":""},"mobile":{"background-color":"var(--ast-global-color-5)","background-image":"","background-repeat":"repeat","background-position":"center center","background-size":"auto","background-attachment":"scroll","background-type":"","background-media":"","overlay-type":"","overlay-color":"","overlay-opacity":"","overlay-gradient":""}}},"product_brand":[],"product_cat":[304,164,161,163],"product_tag":[201,203],"class_list":{"0":"post-7410","1":"product","2":"type-product","3":"status-publish","4":"has-post-thumbnail","6":"product_cat-cbd-fr","7":"product_cat-fleur-cbd-pas-cher","8":"product_cat-fleurs-de-cbd","9":"product_cat-fleur-cbd-greenhouse","10":"product_tag-fleurs-cbd-pas-cher","11":"product_tag-greenhouse-cbd-fr","12":"pa_cbd-rate-10-a-20-cbd","13":"pa_kategorie-fleur-cbd-pas-cher","14":"pa_kategorie-greenhouse-fr","15":"desktop-align-left","16":"tablet-align-center","17":"mobile-align-left","18":"ast-product-gallery-layout-vertical","19":"ast-magnify-disabled","20":"ast-product-single-variable","21":"ast-product-tabs-layout-horizontal","23":"first","24":"instock","25":"taxable","26":"shipping-taxable","27":"purchasable","28":"product-type-variable"},"yoast_head":"<!-- This site is optimized with the Yoast SEO Premium plugin v27.2 (Yoast SEO v27.4) - https:\/\/yoast.com\/product\/yoast-seo-premium-wordpress\/ -->\n<title>Watermelon CBD 15% \u00c0 partir de 2,60\u20ac\/g %%page% - l\u00e9gal en France<\/title>\n<meta name=\"description\" content=\"Watermelon CBD 15% Greenhouse \u00c0 partir de 2,60\u20ac\/g - l\u00e9gal en France. Cette g\u00e9n\u00e9tique tr\u00e8s particuli\u00e8re apporte une touche de l\u00e9g\u00e8ret\u00e9 dans votre vie. Watermelon\" \/>\n<meta name=\"robots\" content=\"index, follow, max-snippet:-1, max-image-preview:large, max-video-preview:-1\" \/>\n<link rel=\"canonical\" href=\"https:\/\/blumiz.com\/fr\/produit\/watermelon-cbd\/\" \/>\n<meta property=\"og:locale\" content=\"fr_FR\" \/>\n<meta property=\"og:type\" content=\"article\" \/>\n<meta property=\"og:title\" content=\"Watermelon - Fleur CBD 16%.\" \/>\n<meta property=\"og:description\" content=\"Watermelon - Fleur CBD 16%. Blumiz - Premium CBD\" \/>\n<meta property=\"og:url\" content=\"https:\/\/blumiz.com\/fr\/produit\/watermelon-cbd\/\" \/>\n<meta property=\"og:site_name\" content=\"Blumiz - Premium CBD\" \/>\n<meta property=\"article:modified_time\" content=\"2025-02-25T08:26:56+00:00\" \/>\n<meta property=\"og:image\" content=\"https:\/\/blumiz.com\/wp-content\/uploads\/2022\/08\/WATERMELON-OG-BAG-BLUMIZ.webp\" \/>\n\t<meta property=\"og:image:width\" content=\"600\" \/>\n\t<meta property=\"og:image:height\" content=\"600\" \/>\n\t<meta property=\"og:image:type\" content=\"image\/webp\" \/>\n<meta name=\"twitter:card\" content=\"summary_large_image\" \/>\n<meta name=\"twitter:label1\" content=\"Disponibilit\u00e9\" \/>\n\t<meta name=\"twitter:data1\" content=\"En stock\" \/>\n<script type=\"application\/ld+json\" class=\"yoast-schema-graph\">{\"@context\":\"https:\\\/\\\/schema.org\",\"@graph\":[{\"@type\":\"WebPage\",\"@id\":\"https:\\\/\\\/blumiz.com\\\/fr\\\/produit\\\/watermelon-cbd\\\/\",\"url\":\"https:\\\/\\\/blumiz.com\\\/fr\\\/produit\\\/watermelon-cbd\\\/\",\"name\":\"Watermelon CBD 15% \u00c0 partir de 2,60\u20ac\\\/g %%page% - l\u00e9gal en France\",\"isPartOf\":{\"@id\":\"https:\\\/\\\/blumiz.com\\\/fr\\\/#website\"},\"primaryImageOfPage\":{\"@id\":\"https:\\\/\\\/blumiz.com\\\/fr\\\/produit\\\/watermelon-cbd\\\/#primaryimage\"},\"image\":{\"@id\":\"https:\\\/\\\/blumiz.com\\\/fr\\\/produit\\\/watermelon-cbd\\\/#primaryimage\"},\"thumbnailUrl\":\"https:\\\/\\\/blumiz.com\\\/wp-content\\\/uploads\\\/2022\\\/08\\\/WATERMELON-OG-BAG-BLUMIZ.webp\",\"datePublished\":\"2020-10-05T13:17:05+00:00\",\"dateModified\":\"2025-02-25T08:26:56+00:00\",\"description\":\"Watermelon CBD 15% Greenhouse \u00c0 partir de 2,60\u20ac\\\/g - l\u00e9gal en France. Cette g\u00e9n\u00e9tique tr\u00e8s particuli\u00e8re apporte une touche de l\u00e9g\u00e8ret\u00e9 dans votre vie. Watermelon\",\"breadcrumb\":{\"@id\":\"https:\\\/\\\/blumiz.com\\\/fr\\\/produit\\\/watermelon-cbd\\\/#breadcrumb\"},\"inLanguage\":\"fr-FR\",\"potentialAction\":[{\"@type\":\"ReadAction\",\"target\":[\"https:\\\/\\\/blumiz.com\\\/fr\\\/produit\\\/watermelon-cbd\\\/\"]}]},{\"@type\":\"ImageObject\",\"inLanguage\":\"fr-FR\",\"@id\":\"https:\\\/\\\/blumiz.com\\\/fr\\\/produit\\\/watermelon-cbd\\\/#primaryimage\",\"url\":\"https:\\\/\\\/blumiz.com\\\/wp-content\\\/uploads\\\/2022\\\/08\\\/WATERMELON-OG-BAG-BLUMIZ.webp\",\"contentUrl\":\"https:\\\/\\\/blumiz.com\\\/wp-content\\\/uploads\\\/2022\\\/08\\\/WATERMELON-OG-BAG-BLUMIZ.webp\",\"width\":600,\"height\":600},{\"@type\":\"BreadcrumbList\",\"@id\":\"https:\\\/\\\/blumiz.com\\\/fr\\\/produit\\\/watermelon-cbd\\\/#breadcrumb\",\"itemListElement\":[{\"@type\":\"ListItem\",\"position\":1,\"name\":\"Blumiz\",\"item\":\"https:\\\/\\\/blumiz.com\\\/fr\\\/\"},{\"@type\":\"ListItem\",\"position\":2,\"name\":\"CBD Shop\",\"item\":\"https:\\\/\\\/blumiz.com\\\/fr\\\/acheter-cbd-shop\\\/\"},{\"@type\":\"ListItem\",\"position\":3,\"name\":\"Fleurs de CBD\",\"item\":\"https:\\\/\\\/blumiz.com\\\/fr\\\/category\\\/fleurs-de-cbd\\\/\"},{\"@type\":\"ListItem\",\"position\":4,\"name\":\"Watermelon &#8211; Fleur CBD 16%.\"}]},{\"@type\":\"WebSite\",\"@id\":\"https:\\\/\\\/blumiz.com\\\/fr\\\/#website\",\"url\":\"https:\\\/\\\/blumiz.com\\\/fr\\\/\",\"name\":\"Blumiz - Premium CBD\",\"description\":\"Blumiz, Cannabis specialist\",\"publisher\":{\"@id\":\"https:\\\/\\\/blumiz.com\\\/fr\\\/#organization\"},\"alternateName\":\"Blumiz\",\"potentialAction\":[{\"@type\":\"SearchAction\",\"target\":{\"@type\":\"EntryPoint\",\"urlTemplate\":\"https:\\\/\\\/blumiz.com\\\/fr\\\/?s={search_term_string}\"},\"query-input\":{\"@type\":\"PropertyValueSpecification\",\"valueRequired\":true,\"valueName\":\"search_term_string\"}}],\"inLanguage\":\"fr-FR\"},{\"@type\":\"Organization\",\"@id\":\"https:\\\/\\\/blumiz.com\\\/fr\\\/#organization\",\"name\":\"Blumiz CBD\",\"alternateName\":\"Blumiz\",\"url\":\"https:\\\/\\\/blumiz.com\\\/fr\\\/\",\"logo\":{\"@type\":\"ImageObject\",\"inLanguage\":\"fr-FR\",\"@id\":\"https:\\\/\\\/blumiz.com\\\/fr\\\/#\\\/schema\\\/logo\\\/image\\\/\",\"url\":\"https:\\\/\\\/blumiz.com\\\/wp-content\\\/uploads\\\/2026\\\/02\\\/cropped-Blumiz-CBD-logo.webp\",\"contentUrl\":\"https:\\\/\\\/blumiz.com\\\/wp-content\\\/uploads\\\/2026\\\/02\\\/cropped-Blumiz-CBD-logo.webp\",\"width\":2547,\"height\":778,\"caption\":\"Blumiz CBD\"},\"image\":{\"@id\":\"https:\\\/\\\/blumiz.com\\\/fr\\\/#\\\/schema\\\/logo\\\/image\\\/\"}}]}<\/script>\n<meta property=\"og:availability\" content=\"instock\" \/>\n<meta property=\"product:availability\" content=\"instock\" \/>\n<meta property=\"product:retailer_item_id\" content=\"244763\" \/>\n<meta property=\"product:condition\" content=\"new\" \/>\n<!-- \/ Yoast SEO Premium plugin. -->","yoast_head_json":{"title":"Watermelon CBD 15% \u00c0 partir de 2,60\u20ac\/g %%page% - l\u00e9gal en France","description":"Watermelon CBD 15% Greenhouse \u00c0 partir de 2,60\u20ac\/g - l\u00e9gal en France. Cette g\u00e9n\u00e9tique tr\u00e8s particuli\u00e8re apporte une touche de l\u00e9g\u00e8ret\u00e9 dans votre vie. Watermelon","robots":{"index":"index","follow":"follow","max-snippet":"max-snippet:-1","max-image-preview":"max-image-preview:large","max-video-preview":"max-video-preview:-1"},"canonical":"https:\/\/blumiz.com\/fr\/produit\/watermelon-cbd\/","og_locale":"fr_FR","og_type":"article","og_title":"Watermelon - Fleur CBD 16%.","og_description":"Watermelon - Fleur CBD 16%. Blumiz - Premium CBD","og_url":"https:\/\/blumiz.com\/fr\/produit\/watermelon-cbd\/","og_site_name":"Blumiz - Premium CBD","article_modified_time":"2025-02-25T08:26:56+00:00","og_image":[{"width":600,"height":600,"url":"https:\/\/blumiz.com\/wp-content\/uploads\/2022\/08\/WATERMELON-OG-BAG-BLUMIZ.webp","type":"image\/webp"}],"twitter_card":"summary_large_image","twitter_misc":{"Disponibilit\u00e9":"En stock"},"schema":{"@context":"https:\/\/schema.org","@graph":[{"@type":"WebPage","@id":"https:\/\/blumiz.com\/fr\/produit\/watermelon-cbd\/","url":"https:\/\/blumiz.com\/fr\/produit\/watermelon-cbd\/","name":"Watermelon CBD 15% \u00c0 partir de 2,60\u20ac\/g %%page% - l\u00e9gal en France","isPartOf":{"@id":"https:\/\/blumiz.com\/fr\/#website"},"primaryImageOfPage":{"@id":"https:\/\/blumiz.com\/fr\/produit\/watermelon-cbd\/#primaryimage"},"image":{"@id":"https:\/\/blumiz.com\/fr\/produit\/watermelon-cbd\/#primaryimage"},"thumbnailUrl":"https:\/\/blumiz.com\/wp-content\/uploads\/2022\/08\/WATERMELON-OG-BAG-BLUMIZ.webp","datePublished":"2020-10-05T13:17:05+00:00","dateModified":"2025-02-25T08:26:56+00:00","description":"Watermelon CBD 15% Greenhouse \u00c0 partir de 2,60\u20ac\/g - l\u00e9gal en France. Cette g\u00e9n\u00e9tique tr\u00e8s particuli\u00e8re apporte une touche de l\u00e9g\u00e8ret\u00e9 dans votre vie. Watermelon","breadcrumb":{"@id":"https:\/\/blumiz.com\/fr\/produit\/watermelon-cbd\/#breadcrumb"},"inLanguage":"fr-FR","potentialAction":[{"@type":"ReadAction","target":["https:\/\/blumiz.com\/fr\/produit\/watermelon-cbd\/"]}]},{"@type":"ImageObject","inLanguage":"fr-FR","@id":"https:\/\/blumiz.com\/fr\/produit\/watermelon-cbd\/#primaryimage","url":"https:\/\/blumiz.com\/wp-content\/uploads\/2022\/08\/WATERMELON-OG-BAG-BLUMIZ.webp","contentUrl":"https:\/\/blumiz.com\/wp-content\/uploads\/2022\/08\/WATERMELON-OG-BAG-BLUMIZ.webp","width":600,"height":600},{"@type":"BreadcrumbList","@id":"https:\/\/blumiz.com\/fr\/produit\/watermelon-cbd\/#breadcrumb","itemListElement":[{"@type":"ListItem","position":1,"name":"Blumiz","item":"https:\/\/blumiz.com\/fr\/"},{"@type":"ListItem","position":2,"name":"CBD Shop","item":"https:\/\/blumiz.com\/fr\/acheter-cbd-shop\/"},{"@type":"ListItem","position":3,"name":"Fleurs de CBD","item":"https:\/\/blumiz.com\/fr\/category\/fleurs-de-cbd\/"},{"@type":"ListItem","position":4,"name":"Watermelon &#8211; Fleur CBD 16%."}]},{"@type":"WebSite","@id":"https:\/\/blumiz.com\/fr\/#website","url":"https:\/\/blumiz.com\/fr\/","name":"Blumiz - Premium CBD","description":"Blumiz, Cannabis specialist","publisher":{"@id":"https:\/\/blumiz.com\/fr\/#organization"},"alternateName":"Blumiz","potentialAction":[{"@type":"SearchAction","target":{"@type":"EntryPoint","urlTemplate":"https:\/\/blumiz.com\/fr\/?s={search_term_string}"},"query-input":{"@type":"PropertyValueSpecification","valueRequired":true,"valueName":"search_term_string"}}],"inLanguage":"fr-FR"},{"@type":"Organization","@id":"https:\/\/blumiz.com\/fr\/#organization","name":"Blumiz CBD","alternateName":"Blumiz","url":"https:\/\/blumiz.com\/fr\/","logo":{"@type":"ImageObject","inLanguage":"fr-FR","@id":"https:\/\/blumiz.com\/fr\/#\/schema\/logo\/image\/","url":"https:\/\/blumiz.com\/wp-content\/uploads\/2026\/02\/cropped-Blumiz-CBD-logo.webp","contentUrl":"https:\/\/blumiz.com\/wp-content\/uploads\/2026\/02\/cropped-Blumiz-CBD-logo.webp","width":2547,"height":778,"caption":"Blumiz CBD"},"image":{"@id":"https:\/\/blumiz.com\/fr\/#\/schema\/logo\/image\/"}}]},"og_availability":"instock","product_availability":"instock","product_retailer_item_id":"244763","product_condition":"new"},"_links":{"self":[{"href":"https:\/\/blumiz.com\/fr\/wp-json\/wp\/v2\/product\/7410","targetHints":{"allow":["GET"]}}],"collection":[{"href":"https:\/\/blumiz.com\/fr\/wp-json\/wp\/v2\/product"}],"about":[{"href":"https:\/\/blumiz.com\/fr\/wp-json\/wp\/v2\/types\/product"}],"replies":[{"embeddable":true,"href":"https:\/\/blumiz.com\/fr\/wp-json\/wp\/v2\/comments?post=7410"}],"version-history":[{"count":0,"href":"https:\/\/blumiz.com\/fr\/wp-json\/wp\/v2\/product\/7410\/revisions"}],"wp:featuredmedia":[{"embeddable":true,"href":"https:\/\/blumiz.com\/fr\/wp-json\/wp\/v2\/media\/6688"}],"wp:attachment":[{"href":"https:\/\/blumiz.com\/fr\/wp-json\/wp\/v2\/media?parent=7410"}],"wp:term":[{"taxonomy":"product_brand","embeddable":true,"href":"https:\/\/blumiz.com\/fr\/wp-json\/wp\/v2\/product_brand?post=7410"},{"taxonomy":"product_cat","embeddable":true,"href":"https:\/\/blumiz.com\/fr\/wp-json\/wp\/v2\/product_cat?post=7410"},{"taxonomy":"product_tag","embeddable":true,"href":"https:\/\/blumiz.com\/fr\/wp-json\/wp\/v2\/product_tag?post=7410"}],"curies":[{"name":"wp","href":"https:\/\/api.w.org\/{rel}","templated":true}]}}