{"id":7416,"date":"2020-09-13T14:17:03","date_gmt":"2020-09-13T13:17:03","guid":{"rendered":"https:\/\/blumiz.com\/produkt\/white-widow-fleurs-de-cbd-13\/"},"modified":"2025-02-06T21:39:26","modified_gmt":"2025-02-06T20:39:26","slug":"white-widow-cbd","status":"publish","type":"product","link":"https:\/\/blumiz.com\/fr\/produit\/white-widow-cbd\/","title":{"rendered":"White Widow &#8211; Fleur CBD 13%."},"content":{"rendered":"<h2><span style=\"color: #107d85;\">Fleur CBD White Widow Greenhouse 13% (en anglais)<\/span><\/h2>\n<h4 class=\"h2\"><span style=\"color: #ff6600; font-size: 20.799999px;\">L&#8217;origine de la vari\u00e9t\u00e9 White Widow CBD<\/span><\/h4>\n<div>\n<p>Fruit d&#8217;un croisement g\u00e9n\u00e9tique entre les vari\u00e9t\u00e9s The White et Widow, White Widow est une <strong>vari\u00e9t\u00e9 hybride puissante et savoureuse<\/strong>. Tr\u00e8s appr\u00e9ci\u00e9e pour ses <strong>ar\u00f4mes piquants et terreux<\/strong>, la White Widow est \u00e0 la fois <strong>bois\u00e9e, douce et \u00e9pic\u00e9e<\/strong>. En raison de sa nature g\u00e9n\u00e9tique, la White Widow a une <strong>concentration \u00e9lev\u00e9e en CBD (13%<\/strong>). Aussi connue sous le nom de &#8220;WiFi OF&#8221;, cette vari\u00e9t\u00e9 de chanvre combine les nombreux avantages de ses 2 parents.<\/p>\n<p>Cultiv\u00e9es par des professionnels respectant les normes europ\u00e9ennes en vigueur, ces fleurs de CBD White Widow sont totalement exemptes de THC (t\u00e9trahydrocannabinol), la mol\u00e9cule responsable des effets psychoactifs du cannabis. De plus, chaque bourgeon est soumis \u00e0 une s\u00e9lection rigoureuse avant de vous \u00eatre pr\u00e9sent\u00e9. Vous avez ainsi la garantie d&#8217;obtenir des fleurs de CBD l\u00e9gales de qualit\u00e9 sup\u00e9rieure, qui ne sont pas nocives pour la sant\u00e9. Au contraire, avec cette fleur White Fire OG et ses 13% de CBD, vous n&#8217;aurez que les <strong>effets positifs du cannabis th\u00e9rapeutique<\/strong>.<\/p>\n<h4><span style=\"color: #ff6600;\">L&#8217;effet relaxant de la vari\u00e9t\u00e9 White Widow<\/span><\/h4>\n<p>Cette vari\u00e9t\u00e9 White Widow a une <strong>forte teneur en CBD<\/strong> et un <b>h\u00e9ritage<\/b> <strong>Sativa <\/strong>(40%) et <b>Indica<\/b> (60%), ce qui la rend particuli\u00e8rement <strong>stimulante<\/strong> <strong>au<\/strong> niveau <strong>c\u00e9r\u00e9bral<\/strong>.  Id\u00e9al pour se d\u00e9barrasser du stress et de l&#8217;anxi\u00e9t\u00e9. White Widow vous aide \u00e0 passer vos journ\u00e9es avec un esprit beaucoup plus l\u00e9ger. Cela signifie que vous ne vous sentirez pas fatigu\u00e9 ou excessivement euphorique si vous consommez du CBD. Contrairement au THC, le CBD ne provoque pas cet effet &#8220;high&#8221; qui vous rend tout sauf productif.<\/p>\n<p>Avec le CBD, vous \u00eates tout simplement <strong>plus joyeux et de bonne humeur<\/strong>, car <strong>les douleurs physiques et la tension mentale<\/strong> disparaissent pendant quelques heures. Bien que la Fleur CBD White Widow soit stimulante, vous pouvez tr\u00e8s bien la consommer en fin de journ\u00e9e pour <strong>lutter contre l&#8217;insomnie et profiter d&#8217;un sommeil r\u00e9g\u00e9n\u00e9rateur<\/strong>. L\u00e0 encore, le CBD n&#8217;agit pas comme un s\u00e9datif, mais comme un r\u00e9gulateur qui r\u00e9tablit l&#8217;\u00e9quilibre de votre syst\u00e8me endocannabino\u00efde.<\/p>\n<h4><span style=\"color: #ff6600;\">Le parfum de la White Widow<\/span><\/h4>\n<p>Le parfum de White Widow se caract\u00e9rise par <strong>des notes terreuses, piquantes et sucr\u00e9es<\/strong>. <strong>Des ar\u00f4mes authentiques et pleins de caract\u00e8re<\/strong> qui s\u00e9duiront la plupart des amateurs de chanvre.  Pour profiter de votre White Widow de mani\u00e8re saine, vous pouvez pr\u00e9parer <strong>des plats et des tisanes \u00e0 base de CBD<\/strong>. Pour faire une infusion de CBD, il suffit d&#8217;un peu de mati\u00e8re grasse, d&#8217;eau bouillante et de fleurs de White Widow \u00e9miett\u00e9es pour faire du th\u00e9. Si vous pr\u00e9f\u00e9rez la m\u00e9thode d&#8217;<strong> inhalation<\/strong> plus traditionnelle, vous pouvez toujours investir dans un vaporisateur de qualit\u00e9 pour profiter d&#8217;une <strong>fum\u00e9e fra\u00eeche et contr\u00f4l\u00e9e de White Widow<\/strong>.<\/p>\n<p>A la recherche d&#8217;autres vari\u00e9t\u00e9s \u00e0 un bon prix ? Nous vous conseillons \u00e9galement d&#8217;essayer notre <a href=\"https:\/\/blumiz.com\/produit\/trim-cbd-indoor-mix-7\/\">TRIM<\/a> ou notre <a href=\"https:\/\/blumiz.com\/produit\/cbd-small-bud-indoor-mix-9\/\">Small Buds Mix Indoor<\/a>.<\/p>\n<p>Si vous recherchez une vari\u00e9t\u00e9 de qualit\u00e9 sup\u00e9rieure, nous vous recommandons <a href=\"https:\/\/blumiz.com\/produit\/ivory-cbd\/\">Ivory<\/a>, <a href=\"https:\/\/blumiz.com\/produit\/mango-kush-cbd\/\">Mango Kush<\/a> ou <a href=\"https:\/\/blumiz.com\/produit\/amnesia-cbd\/\">Amnesia<\/a>.<\/p>\n<h4><span style=\"color: #ff6600;\">Culture de la vari\u00e9t\u00e9 White Widow<\/span><\/h4>\n<p>Ces plantes sont produites en int\u00e9rieur, en plein air et en serre. La culture en int\u00e9rieur permet \u00e0 la plante de se stabiliser en termes d&#8217;utilit\u00e9 et de qualit\u00e9 du bourgeon.<\/p>\n<h4><span style=\"color: #ff6600;\">Une fleur de cbd au parfum enivrant qui rappelle la nature<\/span><\/h4>\n<p>La fleur de serre CBD White Widow est tr\u00e8s appr\u00e9ci\u00e9e pour son parfum unique qui vous offre une magnifique exp\u00e9rience gustative gr\u00e2ce \u00e0 son go\u00fbt d&#8217;ambre, sa note d&#8217;encens et ses petites notes de citron et de fruits exotiques. Il rappelle les belles promenades en for\u00eat avec l&#8217;odeur de la terre et du pin. Une odeur \u00e0 la fois \u00e9pic\u00e9e et sucr\u00e9e qui ravira les gourmands.<\/p>\n<p>Il est cultiv\u00e9 en serre afin de pr\u00e9server tous les ar\u00f4mes et terp\u00e8nes de la fleur de chanvre. Pauvre en CBD, avec une concentration de 13%, il s&#8217;adresse aussi bien aux n\u00e9ophytes qu&#8217;aux consommateurs exp\u00e9riment\u00e9s. Cette vari\u00e9t\u00e9 de Fleur CBD r\u00e9unit tous les avantages du cannabidiol. Apaisement, d\u00e9tente et relaxation vous attendent sans les effets psychoactifs ou addictifs du THC, car cette Fleur CBD en est exempte. Dites adieu au stress !<\/p>\n<h4><span style=\"color: #ff6600;\">Notre <a style=\"color: #ff6600;\" href=\"\/?product_cat=cbd-blueten\">boutique de Fleur CBD<\/a> est synonyme de normes de qualit\u00e9 \u00e9lev\u00e9es et de produits tri\u00e9s sur le volet.<\/span><\/h4>\n<p>Les Fleur CBD sont disponibles en diff\u00e9rents ar\u00f4mes et concentrations de CBD. Nos Fleur CBD sont soumises \u00e0 des crit\u00e8res de qualit\u00e9 externes stricts. Nos produits sont aussi vendus en tant que mati\u00e8res premi\u00e8res et sont exempts d&#8217;additifs chimiques et d&#8217;impuret\u00e9s.<\/p>\n<p>D\u00e9couvrez ici \u00e9galement notre <a href=\"https:\/\/blumiz.com\/fr\/category\/hash-et-concentres\/\">HASH CBD<\/a><\/p>\n<p>Une question, vous avez besoin d&#8217;aide ? <a href=\"https:\/\/blumiz.com\/hilfe-und-faqs\/\">Cliquez ici pour d\u00e9couvrir notre centre d&#8217;aide.<\/a><\/p>\n<p>D\u00e9couvrez nos <a href=\"https:\/\/blumiz.com\/fr\/category\/headshop\/\">produits et accessoires Headshop<\/a> pour profiter de vos vari\u00e9t\u00e9s pr\u00e9f\u00e9r\u00e9es<\/p>\n<h4><span style=\"color: #ff6600;\">Commander chez Blumiz signifie<\/span><\/h4>\n<p>&#8211; Livraison rapide, discr\u00e8te et inodore<br \/>\n&#8211; Produits certifi\u00e9s de qualit\u00e9 et en laboratoire<br \/>\n&#8211; Des prix imbattables, car nous fabriquons nos propres produits<\/p>\n<\/div>\n","protected":false},"excerpt":{"rendered":"<h4><span style=\"color: #107d85;\">Fleur CBD White Widow Greenhouse 13% (en anglais)<\/span><\/h4>\n<p>La fameuse vari\u00e9t\u00e9 de fleurs CBD aux ar\u00f4mes d&#8217;ambre, d&#8217;encens et de citron<\/p>\n<p>Une de nos pr\u00e9f\u00e9r\u00e9es. Nous aimons autant son aspect \u00e9l\u00e9gant avec ses bourgeons vert fonc\u00e9 que son go\u00fbt ambr\u00e9 atypique, associ\u00e9 \u00e0 des notes de citron, d&#8217;encens et de fruits exotiques. Un parfum unique qui \u00e9veillera tous vos sens et vous rappellera M\u00e8re Nature dans toute sa splendeur !<\/p>\n<p>&nbsp;<\/p>\n","protected":false},"featured_media":6687,"comment_status":"open","ping_status":"closed","template":"","meta":{"site-sidebar-layout":"default","site-content-layout":"default","ast-site-content-layout":"default","site-content-style":"default","site-sidebar-style":"default","ast-global-header-display":"","ast-banner-title-visibility":"","ast-main-header-display":"","ast-hfb-above-header-display":"","ast-hfb-below-header-display":"","ast-hfb-mobile-header-display":"","site-post-title":"","ast-breadcrumbs-content":"","ast-featured-img":"","footer-sml-layout":"","ast-disable-related-posts":"","theme-transparent-header-meta":"default","adv-header-id-meta":"","stick-header-meta":"default","header-above-stick-meta":"","header-main-stick-meta":"","header-below-stick-meta":"","astra-migrate-meta-layouts":"default","ast-page-background-enabled":"default","ast-page-background-meta":{"desktop":{"background-color":"","background-image":"","background-repeat":"repeat","background-position":"center center","background-size":"auto","background-attachment":"scroll","background-type":"","background-media":"","overlay-type":"","overlay-color":"","overlay-opacity":"","overlay-gradient":""},"tablet":{"background-color":"","background-image":"","background-repeat":"repeat","background-position":"center center","background-size":"auto","background-attachment":"scroll","background-type":"","background-media":"","overlay-type":"","overlay-color":"","overlay-opacity":"","overlay-gradient":""},"mobile":{"background-color":"","background-image":"","background-repeat":"repeat","background-position":"center center","background-size":"auto","background-attachment":"scroll","background-type":"","background-media":"","overlay-type":"","overlay-color":"","overlay-opacity":"","overlay-gradient":""}},"ast-content-background-meta":{"desktop":{"background-color":"var(--ast-global-color-5)","background-image":"","background-repeat":"repeat","background-position":"center center","background-size":"auto","background-attachment":"scroll","background-type":"","background-media":"","overlay-type":"","overlay-color":"","overlay-opacity":"","overlay-gradient":""},"tablet":{"background-color":"var(--ast-global-color-5)","background-image":"","background-repeat":"repeat","background-position":"center center","background-size":"auto","background-attachment":"scroll","background-type":"","background-media":"","overlay-type":"","overlay-color":"","overlay-opacity":"","overlay-gradient":""},"mobile":{"background-color":"var(--ast-global-color-5)","background-image":"","background-repeat":"repeat","background-position":"center center","background-size":"auto","background-attachment":"scroll","background-type":"","background-media":"","overlay-type":"","overlay-color":"","overlay-opacity":"","overlay-gradient":""}}},"product_brand":[],"product_cat":[304,164,161,163],"product_tag":[201,203],"class_list":{"0":"post-7416","1":"product","2":"type-product","3":"status-publish","4":"has-post-thumbnail","6":"product_cat-cbd-fr","7":"product_cat-fleur-cbd-pas-cher","8":"product_cat-fleurs-de-cbd","9":"product_cat-fleur-cbd-greenhouse","10":"product_tag-fleurs-cbd-pas-cher","11":"product_tag-greenhouse-cbd-fr","12":"pa_cbd-rate-10-a-20-cbd","13":"pa_kategorie-fleur-cbd-pas-cher","14":"pa_kategorie-greenhouse-fr","15":"desktop-align-left","16":"tablet-align-center","17":"mobile-align-left","18":"ast-product-gallery-layout-vertical","19":"ast-magnify-disabled","20":"ast-product-single-variable","21":"ast-product-tabs-layout-horizontal","23":"first","24":"instock","25":"taxable","26":"shipping-taxable","27":"purchasable","28":"product-type-variable"},"yoast_head":"<!-- This site is optimized with the Yoast SEO Premium plugin v27.2 (Yoast SEO v27.4) - https:\/\/yoast.com\/product\/yoast-seo-premium-wordpress\/ -->\n<title>White Widow CBD 13% A partir de 2,30\u20ac\/g de cannabis l\u00e9gal en France<\/title>\n<meta name=\"description\" content=\"White Widow CBD 13% Greenhouse A partir de 2,30\u20ac\/g de cannabis l\u00e9gal en France... Vari\u00e9t\u00e9 \u00e0 l&#039;odeur forte et appr\u00e9ci\u00e9e pour sa qualit\u00e9 et son prix\" \/>\n<meta name=\"robots\" content=\"index, follow, max-snippet:-1, max-image-preview:large, max-video-preview:-1\" \/>\n<link rel=\"canonical\" href=\"https:\/\/blumiz.com\/fr\/produit\/white-widow-cbd\/\" \/>\n<meta property=\"og:locale\" content=\"fr_FR\" \/>\n<meta property=\"og:type\" content=\"article\" \/>\n<meta property=\"og:title\" content=\"White Widow - Fleur CBD 13%.\" \/>\n<meta property=\"og:description\" content=\"White Widow - Fleur CBD 13%. Blumiz - Premium CBD\" \/>\n<meta property=\"og:url\" content=\"https:\/\/blumiz.com\/fr\/produit\/white-widow-cbd\/\" \/>\n<meta property=\"og:site_name\" content=\"Blumiz - Premium CBD\" \/>\n<meta property=\"article:modified_time\" content=\"2025-02-06T20:39:26+00:00\" \/>\n<meta property=\"og:image\" content=\"https:\/\/blumiz.com\/wp-content\/uploads\/2022\/08\/WALTER-WHITE-BAG-BLUMIZ.webp\" \/>\n\t<meta property=\"og:image:width\" content=\"600\" \/>\n\t<meta property=\"og:image:height\" content=\"600\" \/>\n\t<meta property=\"og:image:type\" content=\"image\/webp\" \/>\n<meta name=\"twitter:card\" content=\"summary_large_image\" \/>\n<meta name=\"twitter:label1\" content=\"Disponibilit\u00e9\" \/>\n\t<meta name=\"twitter:data1\" content=\"En stock\" \/>\n<script type=\"application\/ld+json\" class=\"yoast-schema-graph\">{\"@context\":\"https:\\\/\\\/schema.org\",\"@graph\":[{\"@type\":\"WebPage\",\"@id\":\"https:\\\/\\\/blumiz.com\\\/fr\\\/produit\\\/white-widow-cbd\\\/\",\"url\":\"https:\\\/\\\/blumiz.com\\\/fr\\\/produit\\\/white-widow-cbd\\\/\",\"name\":\"White Widow CBD 13% A partir de 2,30\u20ac\\\/g de cannabis l\u00e9gal en France\",\"isPartOf\":{\"@id\":\"https:\\\/\\\/blumiz.com\\\/fr\\\/#website\"},\"primaryImageOfPage\":{\"@id\":\"https:\\\/\\\/blumiz.com\\\/fr\\\/produit\\\/white-widow-cbd\\\/#primaryimage\"},\"image\":{\"@id\":\"https:\\\/\\\/blumiz.com\\\/fr\\\/produit\\\/white-widow-cbd\\\/#primaryimage\"},\"thumbnailUrl\":\"https:\\\/\\\/blumiz.com\\\/wp-content\\\/uploads\\\/2022\\\/08\\\/WALTER-WHITE-BAG-BLUMIZ.webp\",\"datePublished\":\"2020-09-13T13:17:03+00:00\",\"dateModified\":\"2025-02-06T20:39:26+00:00\",\"description\":\"White Widow CBD 13% Greenhouse A partir de 2,30\u20ac\\\/g de cannabis l\u00e9gal en France... Vari\u00e9t\u00e9 \u00e0 l'odeur forte et appr\u00e9ci\u00e9e pour sa qualit\u00e9 et son prix\",\"breadcrumb\":{\"@id\":\"https:\\\/\\\/blumiz.com\\\/fr\\\/produit\\\/white-widow-cbd\\\/#breadcrumb\"},\"inLanguage\":\"fr-FR\",\"potentialAction\":[{\"@type\":\"ReadAction\",\"target\":[\"https:\\\/\\\/blumiz.com\\\/fr\\\/produit\\\/white-widow-cbd\\\/\"]}]},{\"@type\":\"ImageObject\",\"inLanguage\":\"fr-FR\",\"@id\":\"https:\\\/\\\/blumiz.com\\\/fr\\\/produit\\\/white-widow-cbd\\\/#primaryimage\",\"url\":\"https:\\\/\\\/blumiz.com\\\/wp-content\\\/uploads\\\/2022\\\/08\\\/WALTER-WHITE-BAG-BLUMIZ.webp\",\"contentUrl\":\"https:\\\/\\\/blumiz.com\\\/wp-content\\\/uploads\\\/2022\\\/08\\\/WALTER-WHITE-BAG-BLUMIZ.webp\",\"width\":600,\"height\":600},{\"@type\":\"BreadcrumbList\",\"@id\":\"https:\\\/\\\/blumiz.com\\\/fr\\\/produit\\\/white-widow-cbd\\\/#breadcrumb\",\"itemListElement\":[{\"@type\":\"ListItem\",\"position\":1,\"name\":\"Blumiz\",\"item\":\"https:\\\/\\\/blumiz.com\\\/fr\\\/\"},{\"@type\":\"ListItem\",\"position\":2,\"name\":\"CBD Shop\",\"item\":\"https:\\\/\\\/blumiz.com\\\/fr\\\/acheter-cbd-shop\\\/\"},{\"@type\":\"ListItem\",\"position\":3,\"name\":\"Fleurs de CBD\",\"item\":\"https:\\\/\\\/blumiz.com\\\/fr\\\/category\\\/fleurs-de-cbd\\\/\"},{\"@type\":\"ListItem\",\"position\":4,\"name\":\"White Widow &#8211; Fleur CBD 13%.\"}]},{\"@type\":\"WebSite\",\"@id\":\"https:\\\/\\\/blumiz.com\\\/fr\\\/#website\",\"url\":\"https:\\\/\\\/blumiz.com\\\/fr\\\/\",\"name\":\"Blumiz - Premium CBD\",\"description\":\"Blumiz, Cannabis specialist\",\"publisher\":{\"@id\":\"https:\\\/\\\/blumiz.com\\\/fr\\\/#organization\"},\"alternateName\":\"Blumiz\",\"potentialAction\":[{\"@type\":\"SearchAction\",\"target\":{\"@type\":\"EntryPoint\",\"urlTemplate\":\"https:\\\/\\\/blumiz.com\\\/fr\\\/?s={search_term_string}\"},\"query-input\":{\"@type\":\"PropertyValueSpecification\",\"valueRequired\":true,\"valueName\":\"search_term_string\"}}],\"inLanguage\":\"fr-FR\"},{\"@type\":\"Organization\",\"@id\":\"https:\\\/\\\/blumiz.com\\\/fr\\\/#organization\",\"name\":\"Blumiz CBD\",\"alternateName\":\"Blumiz\",\"url\":\"https:\\\/\\\/blumiz.com\\\/fr\\\/\",\"logo\":{\"@type\":\"ImageObject\",\"inLanguage\":\"fr-FR\",\"@id\":\"https:\\\/\\\/blumiz.com\\\/fr\\\/#\\\/schema\\\/logo\\\/image\\\/\",\"url\":\"https:\\\/\\\/blumiz.com\\\/wp-content\\\/uploads\\\/2026\\\/02\\\/cropped-Blumiz-CBD-logo.webp\",\"contentUrl\":\"https:\\\/\\\/blumiz.com\\\/wp-content\\\/uploads\\\/2026\\\/02\\\/cropped-Blumiz-CBD-logo.webp\",\"width\":2547,\"height\":778,\"caption\":\"Blumiz CBD\"},\"image\":{\"@id\":\"https:\\\/\\\/blumiz.com\\\/fr\\\/#\\\/schema\\\/logo\\\/image\\\/\"}}]}<\/script>\n<meta property=\"og:availability\" content=\"instock\" \/>\n<meta property=\"product:availability\" content=\"instock\" \/>\n<meta property=\"product:retailer_item_id\" content=\"2175977\" \/>\n<meta property=\"product:condition\" content=\"new\" \/>\n<!-- \/ Yoast SEO Premium plugin. -->","yoast_head_json":{"title":"White Widow CBD 13% A partir de 2,30\u20ac\/g de cannabis l\u00e9gal en France","description":"White Widow CBD 13% Greenhouse A partir de 2,30\u20ac\/g de cannabis l\u00e9gal en France... Vari\u00e9t\u00e9 \u00e0 l'odeur forte et appr\u00e9ci\u00e9e pour sa qualit\u00e9 et son prix","robots":{"index":"index","follow":"follow","max-snippet":"max-snippet:-1","max-image-preview":"max-image-preview:large","max-video-preview":"max-video-preview:-1"},"canonical":"https:\/\/blumiz.com\/fr\/produit\/white-widow-cbd\/","og_locale":"fr_FR","og_type":"article","og_title":"White Widow - Fleur CBD 13%.","og_description":"White Widow - Fleur CBD 13%. Blumiz - Premium CBD","og_url":"https:\/\/blumiz.com\/fr\/produit\/white-widow-cbd\/","og_site_name":"Blumiz - Premium CBD","article_modified_time":"2025-02-06T20:39:26+00:00","og_image":[{"width":600,"height":600,"url":"https:\/\/blumiz.com\/wp-content\/uploads\/2022\/08\/WALTER-WHITE-BAG-BLUMIZ.webp","type":"image\/webp"}],"twitter_card":"summary_large_image","twitter_misc":{"Disponibilit\u00e9":"En stock"},"schema":{"@context":"https:\/\/schema.org","@graph":[{"@type":"WebPage","@id":"https:\/\/blumiz.com\/fr\/produit\/white-widow-cbd\/","url":"https:\/\/blumiz.com\/fr\/produit\/white-widow-cbd\/","name":"White Widow CBD 13% A partir de 2,30\u20ac\/g de cannabis l\u00e9gal en France","isPartOf":{"@id":"https:\/\/blumiz.com\/fr\/#website"},"primaryImageOfPage":{"@id":"https:\/\/blumiz.com\/fr\/produit\/white-widow-cbd\/#primaryimage"},"image":{"@id":"https:\/\/blumiz.com\/fr\/produit\/white-widow-cbd\/#primaryimage"},"thumbnailUrl":"https:\/\/blumiz.com\/wp-content\/uploads\/2022\/08\/WALTER-WHITE-BAG-BLUMIZ.webp","datePublished":"2020-09-13T13:17:03+00:00","dateModified":"2025-02-06T20:39:26+00:00","description":"White Widow CBD 13% Greenhouse A partir de 2,30\u20ac\/g de cannabis l\u00e9gal en France... Vari\u00e9t\u00e9 \u00e0 l'odeur forte et appr\u00e9ci\u00e9e pour sa qualit\u00e9 et son prix","breadcrumb":{"@id":"https:\/\/blumiz.com\/fr\/produit\/white-widow-cbd\/#breadcrumb"},"inLanguage":"fr-FR","potentialAction":[{"@type":"ReadAction","target":["https:\/\/blumiz.com\/fr\/produit\/white-widow-cbd\/"]}]},{"@type":"ImageObject","inLanguage":"fr-FR","@id":"https:\/\/blumiz.com\/fr\/produit\/white-widow-cbd\/#primaryimage","url":"https:\/\/blumiz.com\/wp-content\/uploads\/2022\/08\/WALTER-WHITE-BAG-BLUMIZ.webp","contentUrl":"https:\/\/blumiz.com\/wp-content\/uploads\/2022\/08\/WALTER-WHITE-BAG-BLUMIZ.webp","width":600,"height":600},{"@type":"BreadcrumbList","@id":"https:\/\/blumiz.com\/fr\/produit\/white-widow-cbd\/#breadcrumb","itemListElement":[{"@type":"ListItem","position":1,"name":"Blumiz","item":"https:\/\/blumiz.com\/fr\/"},{"@type":"ListItem","position":2,"name":"CBD Shop","item":"https:\/\/blumiz.com\/fr\/acheter-cbd-shop\/"},{"@type":"ListItem","position":3,"name":"Fleurs de CBD","item":"https:\/\/blumiz.com\/fr\/category\/fleurs-de-cbd\/"},{"@type":"ListItem","position":4,"name":"White Widow &#8211; Fleur CBD 13%."}]},{"@type":"WebSite","@id":"https:\/\/blumiz.com\/fr\/#website","url":"https:\/\/blumiz.com\/fr\/","name":"Blumiz - Premium CBD","description":"Blumiz, Cannabis specialist","publisher":{"@id":"https:\/\/blumiz.com\/fr\/#organization"},"alternateName":"Blumiz","potentialAction":[{"@type":"SearchAction","target":{"@type":"EntryPoint","urlTemplate":"https:\/\/blumiz.com\/fr\/?s={search_term_string}"},"query-input":{"@type":"PropertyValueSpecification","valueRequired":true,"valueName":"search_term_string"}}],"inLanguage":"fr-FR"},{"@type":"Organization","@id":"https:\/\/blumiz.com\/fr\/#organization","name":"Blumiz CBD","alternateName":"Blumiz","url":"https:\/\/blumiz.com\/fr\/","logo":{"@type":"ImageObject","inLanguage":"fr-FR","@id":"https:\/\/blumiz.com\/fr\/#\/schema\/logo\/image\/","url":"https:\/\/blumiz.com\/wp-content\/uploads\/2026\/02\/cropped-Blumiz-CBD-logo.webp","contentUrl":"https:\/\/blumiz.com\/wp-content\/uploads\/2026\/02\/cropped-Blumiz-CBD-logo.webp","width":2547,"height":778,"caption":"Blumiz CBD"},"image":{"@id":"https:\/\/blumiz.com\/fr\/#\/schema\/logo\/image\/"}}]},"og_availability":"instock","product_availability":"instock","product_retailer_item_id":"2175977","product_condition":"new"},"_links":{"self":[{"href":"https:\/\/blumiz.com\/fr\/wp-json\/wp\/v2\/product\/7416","targetHints":{"allow":["GET"]}}],"collection":[{"href":"https:\/\/blumiz.com\/fr\/wp-json\/wp\/v2\/product"}],"about":[{"href":"https:\/\/blumiz.com\/fr\/wp-json\/wp\/v2\/types\/product"}],"replies":[{"embeddable":true,"href":"https:\/\/blumiz.com\/fr\/wp-json\/wp\/v2\/comments?post=7416"}],"version-history":[{"count":0,"href":"https:\/\/blumiz.com\/fr\/wp-json\/wp\/v2\/product\/7416\/revisions"}],"wp:featuredmedia":[{"embeddable":true,"href":"https:\/\/blumiz.com\/fr\/wp-json\/wp\/v2\/media\/6687"}],"wp:attachment":[{"href":"https:\/\/blumiz.com\/fr\/wp-json\/wp\/v2\/media?parent=7416"}],"wp:term":[{"taxonomy":"product_brand","embeddable":true,"href":"https:\/\/blumiz.com\/fr\/wp-json\/wp\/v2\/product_brand?post=7416"},{"taxonomy":"product_cat","embeddable":true,"href":"https:\/\/blumiz.com\/fr\/wp-json\/wp\/v2\/product_cat?post=7416"},{"taxonomy":"product_tag","embeddable":true,"href":"https:\/\/blumiz.com\/fr\/wp-json\/wp\/v2\/product_tag?post=7416"}],"curies":[{"name":"wp","href":"https:\/\/api.w.org\/{rel}","templated":true}]}}