{"id":7418,"date":"2022-10-21T07:52:40","date_gmt":"2022-10-21T06:52:40","guid":{"rendered":"https:\/\/blumiz.com\/produkt\/joint-cbd-pre-roule-pur-greenhouse-15g-14\/"},"modified":"2025-02-06T21:33:47","modified_gmt":"2025-02-06T20:33:47","slug":"pre-roule-cbd-pur-greenhouse-14","status":"publish","type":"product","link":"https:\/\/blumiz.com\/fr\/produit\/pre-roule-cbd-pur-greenhouse-14\/","title":{"rendered":"Joint de CBD pr\u00e9-roul\u00e9 &#8211; Pur &#8211; Greenhouse &#8211; 1,2g &#8211; 14"},"content":{"rendered":"<p>Pour les personnes qui ne connaissent pas le joint de cannabis Pre roll CBD ou qui n&#8217;aiment pas le rouler, nous proposons une gamme de joints pr\u00e9-roul\u00e9s qui ne contiennent que des fleurs de CBD sans tabac. Chaque stick contient environ 1,2 \u00e0 1,5 gramme de fleurs de CBD. Nous les pr\u00e9parons \u00e0 la main et les livrons avec un tube conique pour prot\u00e9ger et conserver le produit.<\/p>\n<p>Vous pouvez \u00e9galement d\u00e9couvrir la version premium de avec le <a href=\"https:\/\/blumiz.com\/produit\/vorgerollter-cbd-joint-rein-indoor-15g-18\/\">pr\u00e9-roul\u00e9 Indoor<\/a>.<\/p>\n<p>Pr\u00eat \u00e0 l&#8217;emploi, profitez de notre excellente vari\u00e9t\u00e9 de fleur CBD Greenhouse 14%. Le produit est pur et ne contient rien d&#8217;autre que la fleur de cannabis light. Pr\u00e9par\u00e9 par nos soins dans une feuille roul\u00e9e classique avec un filtre en carton. Chaque joint pr\u00e9-roul\u00e9 contient environ 1,2 \u00e0 1,5 grammes de CBD de fleurs et est emball\u00e9 dans un tube en plastique avec un bouchon. Ce tube prot\u00e8ge et pr\u00e9serve l&#8217;ensemble du produit, il peut ensuite \u00eatre r\u00e9utilis\u00e9 pour conserver et transporter un autre joint de cannabis. Ce produit est disponible \u00e0 l&#8217;unit\u00e9<\/p>\n<p>D\u00e9couvrez ici \u00e9galement notre <a href=\"https:\/\/blumiz.com\/fr\/category\/hash-et-concentres\/\">HASH CBD<\/a><\/p>\n<p>Une question, vous avez besoin d&#8217;aide ? <a href=\"https:\/\/blumiz.com\/hilfe-und-faqs\/\">Cliquez ici pour d\u00e9couvrir notre centre d&#8217;aide.<\/a><\/p>\n<p>D\u00e9couvrez nos <a href=\"https:\/\/blumiz.com\/fr\/category\/headshop\/\">produits et accessoires Headshop<\/a> pour profiter de vos vari\u00e9t\u00e9s pr\u00e9f\u00e9r\u00e9es<\/p>\n<p>&nbsp;<\/p>\n","protected":false},"excerpt":{"rendered":"<p>CBD Cannabis Pre-Roll Pure Joint &#8211; Greenhouse 1,2 g &#8211; 14% CBD<\/p>\n","protected":false},"featured_media":7257,"comment_status":"open","ping_status":"closed","template":"","meta":{"site-sidebar-layout":"default","site-content-layout":"default","ast-site-content-layout":"default","site-content-style":"default","site-sidebar-style":"default","ast-global-header-display":"","ast-banner-title-visibility":"","ast-main-header-display":"","ast-hfb-above-header-display":"","ast-hfb-below-header-display":"","ast-hfb-mobile-header-display":"","site-post-title":"","ast-breadcrumbs-content":"","ast-featured-img":"","footer-sml-layout":"","ast-disable-related-posts":"","theme-transparent-header-meta":"default","adv-header-id-meta":"","stick-header-meta":"default","header-above-stick-meta":"","header-main-stick-meta":"","header-below-stick-meta":"","astra-migrate-meta-layouts":"default","ast-page-background-enabled":"default","ast-page-background-meta":{"desktop":{"background-color":"","background-image":"","background-repeat":"repeat","background-position":"center center","background-size":"auto","background-attachment":"scroll","background-type":"","background-media":"","overlay-type":"","overlay-color":"","overlay-opacity":"","overlay-gradient":""},"tablet":{"background-color":"","background-image":"","background-repeat":"repeat","background-position":"center center","background-size":"auto","background-attachment":"scroll","background-type":"","background-media":"","overlay-type":"","overlay-color":"","overlay-opacity":"","overlay-gradient":""},"mobile":{"background-color":"","background-image":"","background-repeat":"repeat","background-position":"center center","background-size":"auto","background-attachment":"scroll","background-type":"","background-media":"","overlay-type":"","overlay-color":"","overlay-opacity":"","overlay-gradient":""}},"ast-content-background-meta":{"desktop":{"background-color":"var(--ast-global-color-5)","background-image":"","background-repeat":"repeat","background-position":"center center","background-size":"auto","background-attachment":"scroll","background-type":"","background-media":"","overlay-type":"","overlay-color":"","overlay-opacity":"","overlay-gradient":""},"tablet":{"background-color":"var(--ast-global-color-5)","background-image":"","background-repeat":"repeat","background-position":"center center","background-size":"auto","background-attachment":"scroll","background-type":"","background-media":"","overlay-type":"","overlay-color":"","overlay-opacity":"","overlay-gradient":""},"mobile":{"background-color":"var(--ast-global-color-5)","background-image":"","background-repeat":"repeat","background-position":"center center","background-size":"auto","background-attachment":"scroll","background-type":"","background-media":"","overlay-type":"","overlay-color":"","overlay-opacity":"","overlay-gradient":""}}},"product_brand":[],"product_cat":[304,161],"product_tag":[],"class_list":{"0":"post-7418","1":"product","2":"type-product","3":"status-publish","4":"has-post-thumbnail","6":"product_cat-cbd-fr","7":"product_cat-fleurs-de-cbd","8":"desktop-align-left","9":"tablet-align-center","10":"mobile-align-left","11":"ast-product-gallery-layout-vertical","12":"ast-product-gallery-with-no-image","13":"ast-magnify-disabled","14":"ast-product-tabs-layout-horizontal","16":"first","17":"instock","18":"taxable","19":"shipping-taxable","20":"purchasable","21":"product-type-simple"},"yoast_head":"<!-- This site is optimized with the Yoast SEO Premium plugin v27.2 (Yoast SEO v27.5) - https:\/\/yoast.com\/product\/yoast-seo-premium-wordpress\/ -->\n<title>PRE ROLL CBD - CBD Joint 14% - 1,2g - Greenhouse<\/title>\n<meta name=\"description\" content=\"PRE ROLL CBD - CBD Joint 14% - 1,2g - Greenhouse Joint de CBD pr\u00e9-roul\u00e9 - Pur - Greenhouse - 1,2g - 14%sep%%Blumiz - Premium CBD%.\" \/>\n<meta name=\"robots\" content=\"index, follow, max-snippet:-1, max-image-preview:large, max-video-preview:-1\" \/>\n<link rel=\"canonical\" href=\"https:\/\/blumiz.com\/fr\/produit\/pre-roule-cbd-pur-greenhouse-14\/\" \/>\n<meta property=\"og:locale\" content=\"fr_FR\" \/>\n<meta property=\"og:type\" content=\"article\" \/>\n<meta property=\"og:title\" content=\"Joint de CBD pr\u00e9-roul\u00e9 - Pur - Greenhouse - 1,2g - 14\" \/>\n<meta property=\"og:description\" content=\"Joint de CBD pr\u00e9-roul\u00e9 - Pur - Greenhouse - 1,2g - 14 Blumiz - Premium CBD\" \/>\n<meta property=\"og:url\" content=\"https:\/\/blumiz.com\/fr\/produit\/pre-roule-cbd-pur-greenhouse-14\/\" \/>\n<meta property=\"og:site_name\" content=\"Blumiz - Premium CBD\" \/>\n<meta property=\"article:modified_time\" content=\"2025-02-06T20:33:47+00:00\" \/>\n<meta property=\"og:image\" content=\"https:\/\/blumiz.com\/wp-content\/uploads\/2022\/10\/Vorgerollter-CBD-Joint.webp\" \/>\n\t<meta property=\"og:image:width\" content=\"600\" \/>\n\t<meta property=\"og:image:height\" content=\"600\" \/>\n\t<meta property=\"og:image:type\" content=\"image\/webp\" \/>\n<meta name=\"twitter:card\" content=\"summary_large_image\" \/>\n<meta name=\"twitter:label1\" content=\"Prix\" \/>\n\t<meta name=\"twitter:data1\" content=\"4,50&nbsp;&euro;\" \/>\n\t<meta name=\"twitter:label2\" content=\"Disponibilit\u00e9\" \/>\n\t<meta name=\"twitter:data2\" content=\"En stock\" \/>\n<script type=\"application\/ld+json\" class=\"yoast-schema-graph\">{\"@context\":\"https:\\\/\\\/schema.org\",\"@graph\":[{\"@type\":\"WebPage\",\"@id\":\"https:\\\/\\\/blumiz.com\\\/fr\\\/produit\\\/pre-roule-cbd-pur-greenhouse-14\\\/\",\"url\":\"https:\\\/\\\/blumiz.com\\\/fr\\\/produit\\\/pre-roule-cbd-pur-greenhouse-14\\\/\",\"name\":\"PRE ROLL CBD - CBD Joint 14% - 1,2g - Greenhouse\",\"isPartOf\":{\"@id\":\"https:\\\/\\\/blumiz.com\\\/fr\\\/#website\"},\"primaryImageOfPage\":{\"@id\":\"https:\\\/\\\/blumiz.com\\\/fr\\\/produit\\\/pre-roule-cbd-pur-greenhouse-14\\\/#primaryimage\"},\"image\":{\"@id\":\"https:\\\/\\\/blumiz.com\\\/fr\\\/produit\\\/pre-roule-cbd-pur-greenhouse-14\\\/#primaryimage\"},\"thumbnailUrl\":\"https:\\\/\\\/blumiz.com\\\/wp-content\\\/uploads\\\/2022\\\/10\\\/Vorgerollter-CBD-Joint.webp\",\"datePublished\":\"2022-10-21T06:52:40+00:00\",\"dateModified\":\"2025-02-06T20:33:47+00:00\",\"description\":\"PRE ROLL CBD - CBD Joint 14% - 1,2g - Greenhouse Joint de CBD pr\u00e9-roul\u00e9 - Pur - Greenhouse - 1,2g - 14%sep%%Blumiz - Premium CBD%.\",\"breadcrumb\":{\"@id\":\"https:\\\/\\\/blumiz.com\\\/fr\\\/produit\\\/pre-roule-cbd-pur-greenhouse-14\\\/#breadcrumb\"},\"inLanguage\":\"fr-FR\",\"potentialAction\":[{\"@type\":\"ReadAction\",\"target\":[\"https:\\\/\\\/blumiz.com\\\/fr\\\/produit\\\/pre-roule-cbd-pur-greenhouse-14\\\/\"]}]},{\"@type\":\"ImageObject\",\"inLanguage\":\"fr-FR\",\"@id\":\"https:\\\/\\\/blumiz.com\\\/fr\\\/produit\\\/pre-roule-cbd-pur-greenhouse-14\\\/#primaryimage\",\"url\":\"https:\\\/\\\/blumiz.com\\\/wp-content\\\/uploads\\\/2022\\\/10\\\/Vorgerollter-CBD-Joint.webp\",\"contentUrl\":\"https:\\\/\\\/blumiz.com\\\/wp-content\\\/uploads\\\/2022\\\/10\\\/Vorgerollter-CBD-Joint.webp\",\"width\":600,\"height\":600},{\"@type\":\"BreadcrumbList\",\"@id\":\"https:\\\/\\\/blumiz.com\\\/fr\\\/produit\\\/pre-roule-cbd-pur-greenhouse-14\\\/#breadcrumb\",\"itemListElement\":[{\"@type\":\"ListItem\",\"position\":1,\"name\":\"Blumiz\",\"item\":\"https:\\\/\\\/blumiz.com\\\/fr\\\/\"},{\"@type\":\"ListItem\",\"position\":2,\"name\":\"CBD Shop\",\"item\":\"https:\\\/\\\/blumiz.com\\\/fr\\\/acheter-cbd-shop\\\/\"},{\"@type\":\"ListItem\",\"position\":3,\"name\":\"CBD\",\"item\":\"https:\\\/\\\/blumiz.com\\\/fr\\\/category\\\/cbd-fr\\\/\"},{\"@type\":\"ListItem\",\"position\":4,\"name\":\"Joint de CBD pr\u00e9-roul\u00e9 &#8211; Pur &#8211; Greenhouse &#8211; 1,2g &#8211; 14\"}]},{\"@type\":\"WebSite\",\"@id\":\"https:\\\/\\\/blumiz.com\\\/fr\\\/#website\",\"url\":\"https:\\\/\\\/blumiz.com\\\/fr\\\/\",\"name\":\"Blumiz - Premium CBD\",\"description\":\"Blumiz, Cannabis specialist\",\"publisher\":{\"@id\":\"https:\\\/\\\/blumiz.com\\\/fr\\\/#organization\"},\"alternateName\":\"Blumiz\",\"potentialAction\":[{\"@type\":\"SearchAction\",\"target\":{\"@type\":\"EntryPoint\",\"urlTemplate\":\"https:\\\/\\\/blumiz.com\\\/fr\\\/?s={search_term_string}\"},\"query-input\":{\"@type\":\"PropertyValueSpecification\",\"valueRequired\":true,\"valueName\":\"search_term_string\"}}],\"inLanguage\":\"fr-FR\"},{\"@type\":\"Organization\",\"@id\":\"https:\\\/\\\/blumiz.com\\\/fr\\\/#organization\",\"name\":\"Blumiz CBD\",\"alternateName\":\"Blumiz\",\"url\":\"https:\\\/\\\/blumiz.com\\\/fr\\\/\",\"logo\":{\"@type\":\"ImageObject\",\"inLanguage\":\"fr-FR\",\"@id\":\"https:\\\/\\\/blumiz.com\\\/fr\\\/#\\\/schema\\\/logo\\\/image\\\/\",\"url\":\"https:\\\/\\\/blumiz.com\\\/wp-content\\\/uploads\\\/2026\\\/02\\\/cropped-Blumiz-CBD-logo.webp\",\"contentUrl\":\"https:\\\/\\\/blumiz.com\\\/wp-content\\\/uploads\\\/2026\\\/02\\\/cropped-Blumiz-CBD-logo.webp\",\"width\":2547,\"height\":778,\"caption\":\"Blumiz CBD\"},\"image\":{\"@id\":\"https:\\\/\\\/blumiz.com\\\/fr\\\/#\\\/schema\\\/logo\\\/image\\\/\"}}]}<\/script>\n<meta property=\"product:price:amount\" content=\"4.50\" \/>\n<meta property=\"product:price:currency\" content=\"EUR\" \/>\n<meta property=\"og:availability\" content=\"instock\" \/>\n<meta property=\"product:availability\" content=\"instock\" \/>\n<meta property=\"product:retailer_item_id\" content=\"51399\" \/>\n<meta property=\"product:condition\" content=\"new\" \/>\n<!-- \/ Yoast SEO Premium plugin. -->","yoast_head_json":{"title":"PRE ROLL CBD - CBD Joint 14% - 1,2g - Greenhouse","description":"PRE ROLL CBD - CBD Joint 14% - 1,2g - Greenhouse Joint de CBD pr\u00e9-roul\u00e9 - Pur - Greenhouse - 1,2g - 14%sep%%Blumiz - Premium CBD%.","robots":{"index":"index","follow":"follow","max-snippet":"max-snippet:-1","max-image-preview":"max-image-preview:large","max-video-preview":"max-video-preview:-1"},"canonical":"https:\/\/blumiz.com\/fr\/produit\/pre-roule-cbd-pur-greenhouse-14\/","og_locale":"fr_FR","og_type":"article","og_title":"Joint de CBD pr\u00e9-roul\u00e9 - Pur - Greenhouse - 1,2g - 14","og_description":"Joint de CBD pr\u00e9-roul\u00e9 - Pur - Greenhouse - 1,2g - 14 Blumiz - Premium CBD","og_url":"https:\/\/blumiz.com\/fr\/produit\/pre-roule-cbd-pur-greenhouse-14\/","og_site_name":"Blumiz - Premium CBD","article_modified_time":"2025-02-06T20:33:47+00:00","og_image":[{"width":600,"height":600,"url":"https:\/\/blumiz.com\/wp-content\/uploads\/2022\/10\/Vorgerollter-CBD-Joint.webp","type":"image\/webp"}],"twitter_card":"summary_large_image","twitter_misc":{"Prix":"4,50&nbsp;&euro;","Disponibilit\u00e9":"En stock"},"schema":{"@context":"https:\/\/schema.org","@graph":[{"@type":"WebPage","@id":"https:\/\/blumiz.com\/fr\/produit\/pre-roule-cbd-pur-greenhouse-14\/","url":"https:\/\/blumiz.com\/fr\/produit\/pre-roule-cbd-pur-greenhouse-14\/","name":"PRE ROLL CBD - CBD Joint 14% - 1,2g - Greenhouse","isPartOf":{"@id":"https:\/\/blumiz.com\/fr\/#website"},"primaryImageOfPage":{"@id":"https:\/\/blumiz.com\/fr\/produit\/pre-roule-cbd-pur-greenhouse-14\/#primaryimage"},"image":{"@id":"https:\/\/blumiz.com\/fr\/produit\/pre-roule-cbd-pur-greenhouse-14\/#primaryimage"},"thumbnailUrl":"https:\/\/blumiz.com\/wp-content\/uploads\/2022\/10\/Vorgerollter-CBD-Joint.webp","datePublished":"2022-10-21T06:52:40+00:00","dateModified":"2025-02-06T20:33:47+00:00","description":"PRE ROLL CBD - CBD Joint 14% - 1,2g - Greenhouse Joint de CBD pr\u00e9-roul\u00e9 - Pur - Greenhouse - 1,2g - 14%sep%%Blumiz - Premium CBD%.","breadcrumb":{"@id":"https:\/\/blumiz.com\/fr\/produit\/pre-roule-cbd-pur-greenhouse-14\/#breadcrumb"},"inLanguage":"fr-FR","potentialAction":[{"@type":"ReadAction","target":["https:\/\/blumiz.com\/fr\/produit\/pre-roule-cbd-pur-greenhouse-14\/"]}]},{"@type":"ImageObject","inLanguage":"fr-FR","@id":"https:\/\/blumiz.com\/fr\/produit\/pre-roule-cbd-pur-greenhouse-14\/#primaryimage","url":"https:\/\/blumiz.com\/wp-content\/uploads\/2022\/10\/Vorgerollter-CBD-Joint.webp","contentUrl":"https:\/\/blumiz.com\/wp-content\/uploads\/2022\/10\/Vorgerollter-CBD-Joint.webp","width":600,"height":600},{"@type":"BreadcrumbList","@id":"https:\/\/blumiz.com\/fr\/produit\/pre-roule-cbd-pur-greenhouse-14\/#breadcrumb","itemListElement":[{"@type":"ListItem","position":1,"name":"Blumiz","item":"https:\/\/blumiz.com\/fr\/"},{"@type":"ListItem","position":2,"name":"CBD Shop","item":"https:\/\/blumiz.com\/fr\/acheter-cbd-shop\/"},{"@type":"ListItem","position":3,"name":"CBD","item":"https:\/\/blumiz.com\/fr\/category\/cbd-fr\/"},{"@type":"ListItem","position":4,"name":"Joint de CBD pr\u00e9-roul\u00e9 &#8211; Pur &#8211; Greenhouse &#8211; 1,2g &#8211; 14"}]},{"@type":"WebSite","@id":"https:\/\/blumiz.com\/fr\/#website","url":"https:\/\/blumiz.com\/fr\/","name":"Blumiz - Premium CBD","description":"Blumiz, Cannabis specialist","publisher":{"@id":"https:\/\/blumiz.com\/fr\/#organization"},"alternateName":"Blumiz","potentialAction":[{"@type":"SearchAction","target":{"@type":"EntryPoint","urlTemplate":"https:\/\/blumiz.com\/fr\/?s={search_term_string}"},"query-input":{"@type":"PropertyValueSpecification","valueRequired":true,"valueName":"search_term_string"}}],"inLanguage":"fr-FR"},{"@type":"Organization","@id":"https:\/\/blumiz.com\/fr\/#organization","name":"Blumiz CBD","alternateName":"Blumiz","url":"https:\/\/blumiz.com\/fr\/","logo":{"@type":"ImageObject","inLanguage":"fr-FR","@id":"https:\/\/blumiz.com\/fr\/#\/schema\/logo\/image\/","url":"https:\/\/blumiz.com\/wp-content\/uploads\/2026\/02\/cropped-Blumiz-CBD-logo.webp","contentUrl":"https:\/\/blumiz.com\/wp-content\/uploads\/2026\/02\/cropped-Blumiz-CBD-logo.webp","width":2547,"height":778,"caption":"Blumiz CBD"},"image":{"@id":"https:\/\/blumiz.com\/fr\/#\/schema\/logo\/image\/"}}]},"product_price_amount":"4.50","product_price_currency":"EUR","og_availability":"instock","product_availability":"instock","product_retailer_item_id":"51399","product_condition":"new"},"_links":{"self":[{"href":"https:\/\/blumiz.com\/fr\/wp-json\/wp\/v2\/product\/7418","targetHints":{"allow":["GET"]}}],"collection":[{"href":"https:\/\/blumiz.com\/fr\/wp-json\/wp\/v2\/product"}],"about":[{"href":"https:\/\/blumiz.com\/fr\/wp-json\/wp\/v2\/types\/product"}],"replies":[{"embeddable":true,"href":"https:\/\/blumiz.com\/fr\/wp-json\/wp\/v2\/comments?post=7418"}],"version-history":[{"count":0,"href":"https:\/\/blumiz.com\/fr\/wp-json\/wp\/v2\/product\/7418\/revisions"}],"wp:featuredmedia":[{"embeddable":true,"href":"https:\/\/blumiz.com\/fr\/wp-json\/wp\/v2\/media\/7257"}],"wp:attachment":[{"href":"https:\/\/blumiz.com\/fr\/wp-json\/wp\/v2\/media?parent=7418"}],"wp:term":[{"taxonomy":"product_brand","embeddable":true,"href":"https:\/\/blumiz.com\/fr\/wp-json\/wp\/v2\/product_brand?post=7418"},{"taxonomy":"product_cat","embeddable":true,"href":"https:\/\/blumiz.com\/fr\/wp-json\/wp\/v2\/product_cat?post=7418"},{"taxonomy":"product_tag","embeddable":true,"href":"https:\/\/blumiz.com\/fr\/wp-json\/wp\/v2\/product_tag?post=7418"}],"curies":[{"name":"wp","href":"https:\/\/api.w.org\/{rel}","templated":true}]}}