{"id":7429,"date":"2022-09-19T08:19:32","date_gmt":"2022-09-19T07:19:32","guid":{"rendered":"https:\/\/blumiz.com\/produkt\/small-bud-indoor-mix-fleurs-de-cbd-9\/"},"modified":"2025-11-16T09:48:23","modified_gmt":"2025-11-16T08:48:23","slug":"cbd-small-bud-indoor-mix-9","status":"publish","type":"product","link":"https:\/\/blumiz.com\/fr\/produit\/cbd-small-bud-indoor-mix-9\/","title":{"rendered":"Small Bud Indoor MIX &#8211; Fleur CBD 9%."},"content":{"rendered":"<h2><span style=\"color: #107f85;\">CBD-Bud Small buds Indoor MIX 9% &#8211; Mini Bud CBD comme le pop-corn et \u00e0 un bon prix<\/span><\/h2>\n<h3><strong><span style=\"color: #ff6600;\">Le &#8220;Petit m\u00e9lange de fleurs Indoor&#8221; (Sm<\/span><\/strong><span style=\"color: #ff6600;\">all Bud<\/span><strong><span style=\"color: #ff6600;\">s IndoorMix)<\/span><\/strong><\/h3>\n<p>La <strong>Small Bud CBD Indoor Mix<\/strong> est l&#8217;une des vari\u00e9t\u00e9s \u00e0 la fois innovantes et historiques du catalogue de <strong>la boutique de marijuana l\u00e9gale Blumiz<\/strong>.<\/p>\n<p>En quoi se distingue-t-elle des autres produits ? Tous les aspects positifs de nos g\u00e9n\u00e9tiques sont r\u00e9unis dans ce produit. En effet, ce produit recueille les plus petites t\u00eates de toutes les vari\u00e9t\u00e9s de <strong>cannabis CBD<\/strong>. Les r\u00e9sultats sont vraiment extraordinaires ; nous n&#8217;avons s\u00e9lectionn\u00e9 que les meilleures<strong> fleurs de CBD<\/strong> l\u00e9gales et obtenu un taux de CBD vraiment remarquable. Ce taux peut atteindre <strong> 9%<\/strong>, tandis que la teneur en THC est nettement inf\u00e9rieure \u00e0 la limite autoris\u00e9e de <strong>0,3%<\/strong>.<\/p>\n<p>Blumiz a \u00e9t\u00e9 la premi\u00e8re entreprise sur le march\u00e9 du CBD \u00e0 utiliser de mani\u00e8re optimale toutes les parties de la plante de chanvre, des plus petites fleurs aux r\u00e9sines qui tombent des inflorescences. Cela est rendu possible par le traitement manuel quotidien de tous les lots de produits Blumiz.<\/p>\n<p>Gr\u00e2ce \u00e0 ce nouveau brevet Blumiz, vous pouvez choisir la Small buds Indoor en 2 proportions diff\u00e9rentes de CBD.<\/p>\n<p>Si vous recherchez des fleurs CBD pas ch\u00e8res, vous aimerez aussi nos <a href=\"https:\/\/blumiz.com\/produit\/trim-cbd-indoor-mix-7\/\">trims<\/a> ou nos vari\u00e9t\u00e9s outdoor comme <a href=\"https:\/\/blumiz.com\/produit\/skunk-cbd-original\/\">la Skunk Original<\/a>.<\/p>\n<p>Ou encore notre <a href=\"https:\/\/blumiz.com\/produit\/small-bud-cbd-6\/\">Mix Small Buds.<\/a><\/p>\n<h3><span style=\"color: #ff6600;\">Aspect<\/span><\/h3>\n<p>Le produit ressemble un peu \u00e0 une bo\u00eete de bonbons. Les Small Bud CBD s\u00e9lectionn\u00e9es <b>sont de diff\u00e9rentes couleurs<\/b> (du rouge de la Sweet Berry au vert clair de la Gorilla Glue) et mesurent toutes environ 1 cm.<\/p>\n<h3><span style=\"color: #ff6600;\">L&#8217;ar\u00f4me Small buds CBD Indoor<\/span><\/h3>\n<p>L&#8217;odeur de ce m\u00e9lange est enivrante et <b>r\u00e9unit toutes les particularit\u00e9s des vari\u00e9t\u00e9s de cannabis l\u00e9gales<\/b> qui le composent. C&#8217;est vraiment fascinant de pouvoir associer le <b>go\u00fbt sucr\u00e9<\/b> \u00e0 celui de la terre et \u00e0 une touche de fruits exotiques. La Small Bud Indoor rend cette <b>exp\u00e9rience gustative<\/b> possible et en fait un produit unique et un &#8220;must&#8221; pour tous les amateurs !<\/p>\n<h3><span style=\"color: #ff6600;\">L&#8217;origine et la culture<\/span><\/h3>\n<p>Toutes les plantes dont sont issues les fleurs s\u00e9lectionn\u00e9es sont cultiv\u00e9es en Italie et en France selon la r\u00e9glementation bio et aucun OGM ou m\u00e9tal lourd n&#8217;est utilis\u00e9 dans la culture.<\/p>\n<h3><span style=\"color: #ff6600;\">Informations<\/span><\/h3>\n<p>Le pourcentage de CBD indiqu\u00e9 ci-dessus n&#8217;est qu&#8217;une indication et correspond aux r\u00e9sultats obtenus en laboratoire pour cette g\u00e9n\u00e9tique.<\/p>\n<p>Comme le produit est une plante, le pourcentage de cannabino\u00efdes peut varier sensiblement d&#8217;une fleur \u00e0 l&#8217;autre ; de plus, les lots sont souvent un peu diff\u00e9rents les uns des autres.<\/p>\n<p>Malgr\u00e9 cette instabilit\u00e9, Blumiz garantit la l\u00e9galit\u00e9 de tous les lots individuels, car les quantit\u00e9s de THC sont analys\u00e9es quotidiennement pour tous les produits commercialis\u00e9s.<\/p>\n<h4><span style=\"color: #ff6600;\">Notre <a style=\"color: #ff6600;\" href=\"\/?product_cat=cbd-blueten\">boutique de Fleur CBD<\/a><\/span><span style=\"color: #ff6600;\"> est synonyme de normes de qualit\u00e9 \u00e9lev\u00e9es et de produits tri\u00e9s sur le volet.<\/span><strong><span style=\"color: #ff6600;\">e<\/span><\/strong><\/h4>\n<p>Les Fleur CBD sont disponibles en diff\u00e9rents ar\u00f4mes et quantit\u00e9s. Nos Fleur CBD sont soumises \u00e0 des crit\u00e8res de qualit\u00e9 externes stricts. Nos produits sont aussi vendus en tant que mati\u00e8res premi\u00e8res et sont exempts d&#8217;additifs chimiques et d&#8217;impuret\u00e9s.<\/p>\n<h4><span style=\"color: #ff6600;\">Commander chez Blumiz signifie<\/span><\/h4>\n<p>&#8211; Livraison rapide, discr\u00e8te et inodore<br \/>\n&#8211; Produits certifi\u00e9s de qualit\u00e9 et en laboratoire<br \/>\n&#8211; Des prix imbattables, car nous fabriquons nos propres produits<\/p>\n<p>D\u00e9couvrez ici \u00e9galement notre <a href=\"https:\/\/blumiz.com\/fr\/category\/hash-et-concentres\/\">HASH CBD<\/a><\/p>\n<p>Une question, vous avez besoin d&#8217;aide ? <a href=\"https:\/\/blumiz.com\/hilfe-und-faqs\/\">Cliquez ici pour d\u00e9couvrir notre centre d&#8217;aide.<\/a><\/p>\n<p>D\u00e9couvrez nos <a href=\"https:\/\/blumiz.com\/fr\/category\/headshop\/\">produits et accessoires Headshop<\/a> pour profiter de vos vari\u00e9t\u00e9s pr\u00e9f\u00e9r\u00e9es<\/p>\n","protected":false},"excerpt":{"rendered":"<h2><span style=\"color: #107f85;\">Small Bud Indoor Mix 9% &#8211; Acheter des fleurs de CBD d&#8217;int\u00e9rieur de qualit\u00e9 \u00e0 un bon prix<\/span><\/h2>\n<p>Tous les petits bourgeons de vos vari\u00e9t\u00e9s pr\u00e9f\u00e9r\u00e9es pour l&#8217;int\u00e9rieur.<\/p>\n","protected":false},"featured_media":6905,"comment_status":"open","ping_status":"closed","template":"","meta":{"site-sidebar-layout":"default","site-content-layout":"default","ast-site-content-layout":"default","site-content-style":"default","site-sidebar-style":"default","ast-global-header-display":"","ast-banner-title-visibility":"","ast-main-header-display":"","ast-hfb-above-header-display":"","ast-hfb-below-header-display":"","ast-hfb-mobile-header-display":"","site-post-title":"","ast-breadcrumbs-content":"","ast-featured-img":"","footer-sml-layout":"","ast-disable-related-posts":"","theme-transparent-header-meta":"default","adv-header-id-meta":"","stick-header-meta":"default","header-above-stick-meta":"","header-main-stick-meta":"","header-below-stick-meta":"","astra-migrate-meta-layouts":"default","ast-page-background-enabled":"default","ast-page-background-meta":{"desktop":{"background-color":"","background-image":"","background-repeat":"repeat","background-position":"center center","background-size":"auto","background-attachment":"scroll","background-type":"","background-media":"","overlay-type":"","overlay-color":"","overlay-opacity":"","overlay-gradient":""},"tablet":{"background-color":"","background-image":"","background-repeat":"repeat","background-position":"center center","background-size":"auto","background-attachment":"scroll","background-type":"","background-media":"","overlay-type":"","overlay-color":"","overlay-opacity":"","overlay-gradient":""},"mobile":{"background-color":"","background-image":"","background-repeat":"repeat","background-position":"center center","background-size":"auto","background-attachment":"scroll","background-type":"","background-media":"","overlay-type":"","overlay-color":"","overlay-opacity":"","overlay-gradient":""}},"ast-content-background-meta":{"desktop":{"background-color":"var(--ast-global-color-5)","background-image":"","background-repeat":"repeat","background-position":"center center","background-size":"auto","background-attachment":"scroll","background-type":"","background-media":"","overlay-type":"","overlay-color":"","overlay-opacity":"","overlay-gradient":""},"tablet":{"background-color":"var(--ast-global-color-5)","background-image":"","background-repeat":"repeat","background-position":"center center","background-size":"auto","background-attachment":"scroll","background-type":"","background-media":"","overlay-type":"","overlay-color":"","overlay-opacity":"","overlay-gradient":""},"mobile":{"background-color":"var(--ast-global-color-5)","background-image":"","background-repeat":"repeat","background-position":"center center","background-size":"auto","background-attachment":"scroll","background-type":"","background-media":"","overlay-type":"","overlay-color":"","overlay-opacity":"","overlay-gradient":""}}},"product_brand":[],"product_cat":[304,164,161,165,162],"product_tag":[201,205],"class_list":{"0":"post-7429","1":"product","2":"type-product","3":"status-publish","4":"has-post-thumbnail","6":"product_cat-cbd-fr","7":"product_cat-fleur-cbd-pas-cher","8":"product_cat-fleurs-de-cbd","9":"product_cat-fleur-cbd-indoor","10":"product_cat-small-bud-trim-cbd","11":"product_tag-fleurs-cbd-pas-cher","12":"product_tag-outdoor-cbd-fr","13":"pa_cbd-rate-0-a-10-cbd","14":"pa_kategorie-fleur-cbd-pas-cher","15":"pa_kategorie-indoor-fr","16":"pa_kategorie-small-buds-trim","17":"desktop-align-left","18":"tablet-align-center","19":"mobile-align-left","20":"ast-product-gallery-layout-vertical","21":"ast-magnify-disabled","22":"ast-product-single-variable","23":"ast-product-tabs-layout-horizontal","25":"first","26":"instock","27":"taxable","28":"shipping-taxable","29":"purchasable","30":"product-type-variable"},"yoast_head":"<!-- This site is optimized with the Yoast SEO Premium plugin v27.2 (Yoast SEO v27.4) - https:\/\/yoast.com\/product\/yoast-seo-premium-wordpress\/ -->\n<title>CBD Small buds Indoor 9% \u00e0 partir de 1,7\u20ac\/g%sep%% Acheter des buds de CBD pas chers<\/title>\n<meta name=\"description\" content=\"CBD small bud \u00e0 partir de 1,7\u20ac\/g - Acheter Fleur CBD pas cher de BlumizSorte saveur chocolat, Livraison rapide et discr\u00e8te en France\" \/>\n<meta name=\"robots\" content=\"index, follow, max-snippet:-1, max-image-preview:large, max-video-preview:-1\" \/>\n<link rel=\"canonical\" href=\"https:\/\/blumiz.com\/fr\/produit\/cbd-small-bud-indoor-mix-9\/\" \/>\n<meta property=\"og:locale\" content=\"fr_FR\" \/>\n<meta property=\"og:type\" content=\"article\" \/>\n<meta property=\"og:title\" content=\"Small Bud Indoor MIX - Fleur CBD 9%.\" \/>\n<meta property=\"og:description\" content=\"Small Bud Indoor MIX - Fleur CBD 9%. Blumiz - Premium CBD\" \/>\n<meta property=\"og:url\" content=\"https:\/\/blumiz.com\/fr\/produit\/cbd-small-bud-indoor-mix-9\/\" \/>\n<meta property=\"og:site_name\" content=\"Blumiz - Premium CBD\" \/>\n<meta property=\"article:modified_time\" content=\"2025-11-16T08:48:23+00:00\" \/>\n<meta property=\"og:image\" content=\"https:\/\/blumiz.com\/wp-content\/uploads\/2022\/09\/CBD-Blu\u0308ten-Gu\u0308nstige-Indoor-small-bud-Deutschland-Berlin-kaufen-1.webp\" \/>\n\t<meta property=\"og:image:width\" content=\"600\" \/>\n\t<meta property=\"og:image:height\" content=\"600\" \/>\n\t<meta property=\"og:image:type\" content=\"image\/webp\" \/>\n<meta name=\"twitter:card\" content=\"summary_large_image\" \/>\n<meta name=\"twitter:label1\" content=\"Disponibilit\u00e9\" \/>\n\t<meta name=\"twitter:data1\" content=\"En stock\" \/>\n<script type=\"application\/ld+json\" class=\"yoast-schema-graph\">{\"@context\":\"https:\\\/\\\/schema.org\",\"@graph\":[{\"@type\":\"WebPage\",\"@id\":\"https:\\\/\\\/blumiz.com\\\/fr\\\/produit\\\/cbd-small-bud-indoor-mix-9\\\/\",\"url\":\"https:\\\/\\\/blumiz.com\\\/fr\\\/produit\\\/cbd-small-bud-indoor-mix-9\\\/\",\"name\":\"CBD Small buds Indoor 9% \u00e0 partir de 1,7\u20ac\\\/g%sep%% Acheter des buds de CBD pas chers\",\"isPartOf\":{\"@id\":\"https:\\\/\\\/blumiz.com\\\/fr\\\/#website\"},\"primaryImageOfPage\":{\"@id\":\"https:\\\/\\\/blumiz.com\\\/fr\\\/produit\\\/cbd-small-bud-indoor-mix-9\\\/#primaryimage\"},\"image\":{\"@id\":\"https:\\\/\\\/blumiz.com\\\/fr\\\/produit\\\/cbd-small-bud-indoor-mix-9\\\/#primaryimage\"},\"thumbnailUrl\":\"https:\\\/\\\/blumiz.com\\\/wp-content\\\/uploads\\\/2022\\\/09\\\/CBD-Blu\u0308ten-Gu\u0308nstige-Indoor-small-bud-Deutschland-Berlin-kaufen-1.webp\",\"datePublished\":\"2022-09-19T07:19:32+00:00\",\"dateModified\":\"2025-11-16T08:48:23+00:00\",\"description\":\"CBD small bud \u00e0 partir de 1,7\u20ac\\\/g - Acheter Fleur CBD pas cher de BlumizSorte saveur chocolat, Livraison rapide et discr\u00e8te en France\",\"breadcrumb\":{\"@id\":\"https:\\\/\\\/blumiz.com\\\/fr\\\/produit\\\/cbd-small-bud-indoor-mix-9\\\/#breadcrumb\"},\"inLanguage\":\"fr-FR\",\"potentialAction\":[{\"@type\":\"ReadAction\",\"target\":[\"https:\\\/\\\/blumiz.com\\\/fr\\\/produit\\\/cbd-small-bud-indoor-mix-9\\\/\"]}]},{\"@type\":\"ImageObject\",\"inLanguage\":\"fr-FR\",\"@id\":\"https:\\\/\\\/blumiz.com\\\/fr\\\/produit\\\/cbd-small-bud-indoor-mix-9\\\/#primaryimage\",\"url\":\"https:\\\/\\\/blumiz.com\\\/wp-content\\\/uploads\\\/2022\\\/09\\\/CBD-Blu\u0308ten-Gu\u0308nstige-Indoor-small-bud-Deutschland-Berlin-kaufen-1.webp\",\"contentUrl\":\"https:\\\/\\\/blumiz.com\\\/wp-content\\\/uploads\\\/2022\\\/09\\\/CBD-Blu\u0308ten-Gu\u0308nstige-Indoor-small-bud-Deutschland-Berlin-kaufen-1.webp\",\"width\":600,\"height\":600},{\"@type\":\"BreadcrumbList\",\"@id\":\"https:\\\/\\\/blumiz.com\\\/fr\\\/produit\\\/cbd-small-bud-indoor-mix-9\\\/#breadcrumb\",\"itemListElement\":[{\"@type\":\"ListItem\",\"position\":1,\"name\":\"Blumiz\",\"item\":\"https:\\\/\\\/blumiz.com\\\/fr\\\/\"},{\"@type\":\"ListItem\",\"position\":2,\"name\":\"CBD Shop\",\"item\":\"https:\\\/\\\/blumiz.com\\\/fr\\\/acheter-cbd-shop\\\/\"},{\"@type\":\"ListItem\",\"position\":3,\"name\":\"Fleurs de CBD\",\"item\":\"https:\\\/\\\/blumiz.com\\\/fr\\\/category\\\/fleurs-de-cbd\\\/\"},{\"@type\":\"ListItem\",\"position\":4,\"name\":\"Small Bud Indoor MIX &#8211; Fleur CBD 9%.\"}]},{\"@type\":\"WebSite\",\"@id\":\"https:\\\/\\\/blumiz.com\\\/fr\\\/#website\",\"url\":\"https:\\\/\\\/blumiz.com\\\/fr\\\/\",\"name\":\"Blumiz - Premium CBD\",\"description\":\"Blumiz, Cannabis specialist\",\"publisher\":{\"@id\":\"https:\\\/\\\/blumiz.com\\\/fr\\\/#organization\"},\"alternateName\":\"Blumiz\",\"potentialAction\":[{\"@type\":\"SearchAction\",\"target\":{\"@type\":\"EntryPoint\",\"urlTemplate\":\"https:\\\/\\\/blumiz.com\\\/fr\\\/?s={search_term_string}\"},\"query-input\":{\"@type\":\"PropertyValueSpecification\",\"valueRequired\":true,\"valueName\":\"search_term_string\"}}],\"inLanguage\":\"fr-FR\"},{\"@type\":\"Organization\",\"@id\":\"https:\\\/\\\/blumiz.com\\\/fr\\\/#organization\",\"name\":\"Blumiz CBD\",\"alternateName\":\"Blumiz\",\"url\":\"https:\\\/\\\/blumiz.com\\\/fr\\\/\",\"logo\":{\"@type\":\"ImageObject\",\"inLanguage\":\"fr-FR\",\"@id\":\"https:\\\/\\\/blumiz.com\\\/fr\\\/#\\\/schema\\\/logo\\\/image\\\/\",\"url\":\"https:\\\/\\\/blumiz.com\\\/wp-content\\\/uploads\\\/2026\\\/02\\\/cropped-Blumiz-CBD-logo.webp\",\"contentUrl\":\"https:\\\/\\\/blumiz.com\\\/wp-content\\\/uploads\\\/2026\\\/02\\\/cropped-Blumiz-CBD-logo.webp\",\"width\":2547,\"height\":778,\"caption\":\"Blumiz CBD\"},\"image\":{\"@id\":\"https:\\\/\\\/blumiz.com\\\/fr\\\/#\\\/schema\\\/logo\\\/image\\\/\"}}]}<\/script>\n<meta property=\"og:availability\" content=\"instock\" \/>\n<meta property=\"product:availability\" content=\"instock\" \/>\n<meta property=\"product:retailer_item_id\" content=\"977833\" \/>\n<meta property=\"product:condition\" content=\"new\" \/>\n<!-- \/ Yoast SEO Premium plugin. -->","yoast_head_json":{"title":"CBD Small buds Indoor 9% \u00e0 partir de 1,7\u20ac\/g%sep%% Acheter des buds de CBD pas chers","description":"CBD small bud \u00e0 partir de 1,7\u20ac\/g - Acheter Fleur CBD pas cher de BlumizSorte saveur chocolat, Livraison rapide et discr\u00e8te en France","robots":{"index":"index","follow":"follow","max-snippet":"max-snippet:-1","max-image-preview":"max-image-preview:large","max-video-preview":"max-video-preview:-1"},"canonical":"https:\/\/blumiz.com\/fr\/produit\/cbd-small-bud-indoor-mix-9\/","og_locale":"fr_FR","og_type":"article","og_title":"Small Bud Indoor MIX - Fleur CBD 9%.","og_description":"Small Bud Indoor MIX - Fleur CBD 9%. Blumiz - Premium CBD","og_url":"https:\/\/blumiz.com\/fr\/produit\/cbd-small-bud-indoor-mix-9\/","og_site_name":"Blumiz - Premium CBD","article_modified_time":"2025-11-16T08:48:23+00:00","og_image":[{"width":600,"height":600,"url":"https:\/\/blumiz.com\/wp-content\/uploads\/2022\/09\/CBD-Blu\u0308ten-Gu\u0308nstige-Indoor-small-bud-Deutschland-Berlin-kaufen-1.webp","type":"image\/webp"}],"twitter_card":"summary_large_image","twitter_misc":{"Disponibilit\u00e9":"En stock"},"schema":{"@context":"https:\/\/schema.org","@graph":[{"@type":"WebPage","@id":"https:\/\/blumiz.com\/fr\/produit\/cbd-small-bud-indoor-mix-9\/","url":"https:\/\/blumiz.com\/fr\/produit\/cbd-small-bud-indoor-mix-9\/","name":"CBD Small buds Indoor 9% \u00e0 partir de 1,7\u20ac\/g%sep%% Acheter des buds de CBD pas chers","isPartOf":{"@id":"https:\/\/blumiz.com\/fr\/#website"},"primaryImageOfPage":{"@id":"https:\/\/blumiz.com\/fr\/produit\/cbd-small-bud-indoor-mix-9\/#primaryimage"},"image":{"@id":"https:\/\/blumiz.com\/fr\/produit\/cbd-small-bud-indoor-mix-9\/#primaryimage"},"thumbnailUrl":"https:\/\/blumiz.com\/wp-content\/uploads\/2022\/09\/CBD-Blu\u0308ten-Gu\u0308nstige-Indoor-small-bud-Deutschland-Berlin-kaufen-1.webp","datePublished":"2022-09-19T07:19:32+00:00","dateModified":"2025-11-16T08:48:23+00:00","description":"CBD small bud \u00e0 partir de 1,7\u20ac\/g - Acheter Fleur CBD pas cher de BlumizSorte saveur chocolat, Livraison rapide et discr\u00e8te en France","breadcrumb":{"@id":"https:\/\/blumiz.com\/fr\/produit\/cbd-small-bud-indoor-mix-9\/#breadcrumb"},"inLanguage":"fr-FR","potentialAction":[{"@type":"ReadAction","target":["https:\/\/blumiz.com\/fr\/produit\/cbd-small-bud-indoor-mix-9\/"]}]},{"@type":"ImageObject","inLanguage":"fr-FR","@id":"https:\/\/blumiz.com\/fr\/produit\/cbd-small-bud-indoor-mix-9\/#primaryimage","url":"https:\/\/blumiz.com\/wp-content\/uploads\/2022\/09\/CBD-Blu\u0308ten-Gu\u0308nstige-Indoor-small-bud-Deutschland-Berlin-kaufen-1.webp","contentUrl":"https:\/\/blumiz.com\/wp-content\/uploads\/2022\/09\/CBD-Blu\u0308ten-Gu\u0308nstige-Indoor-small-bud-Deutschland-Berlin-kaufen-1.webp","width":600,"height":600},{"@type":"BreadcrumbList","@id":"https:\/\/blumiz.com\/fr\/produit\/cbd-small-bud-indoor-mix-9\/#breadcrumb","itemListElement":[{"@type":"ListItem","position":1,"name":"Blumiz","item":"https:\/\/blumiz.com\/fr\/"},{"@type":"ListItem","position":2,"name":"CBD Shop","item":"https:\/\/blumiz.com\/fr\/acheter-cbd-shop\/"},{"@type":"ListItem","position":3,"name":"Fleurs de CBD","item":"https:\/\/blumiz.com\/fr\/category\/fleurs-de-cbd\/"},{"@type":"ListItem","position":4,"name":"Small Bud Indoor MIX &#8211; Fleur CBD 9%."}]},{"@type":"WebSite","@id":"https:\/\/blumiz.com\/fr\/#website","url":"https:\/\/blumiz.com\/fr\/","name":"Blumiz - Premium CBD","description":"Blumiz, Cannabis specialist","publisher":{"@id":"https:\/\/blumiz.com\/fr\/#organization"},"alternateName":"Blumiz","potentialAction":[{"@type":"SearchAction","target":{"@type":"EntryPoint","urlTemplate":"https:\/\/blumiz.com\/fr\/?s={search_term_string}"},"query-input":{"@type":"PropertyValueSpecification","valueRequired":true,"valueName":"search_term_string"}}],"inLanguage":"fr-FR"},{"@type":"Organization","@id":"https:\/\/blumiz.com\/fr\/#organization","name":"Blumiz CBD","alternateName":"Blumiz","url":"https:\/\/blumiz.com\/fr\/","logo":{"@type":"ImageObject","inLanguage":"fr-FR","@id":"https:\/\/blumiz.com\/fr\/#\/schema\/logo\/image\/","url":"https:\/\/blumiz.com\/wp-content\/uploads\/2026\/02\/cropped-Blumiz-CBD-logo.webp","contentUrl":"https:\/\/blumiz.com\/wp-content\/uploads\/2026\/02\/cropped-Blumiz-CBD-logo.webp","width":2547,"height":778,"caption":"Blumiz CBD"},"image":{"@id":"https:\/\/blumiz.com\/fr\/#\/schema\/logo\/image\/"}}]},"og_availability":"instock","product_availability":"instock","product_retailer_item_id":"977833","product_condition":"new"},"_links":{"self":[{"href":"https:\/\/blumiz.com\/fr\/wp-json\/wp\/v2\/product\/7429","targetHints":{"allow":["GET"]}}],"collection":[{"href":"https:\/\/blumiz.com\/fr\/wp-json\/wp\/v2\/product"}],"about":[{"href":"https:\/\/blumiz.com\/fr\/wp-json\/wp\/v2\/types\/product"}],"replies":[{"embeddable":true,"href":"https:\/\/blumiz.com\/fr\/wp-json\/wp\/v2\/comments?post=7429"}],"version-history":[{"count":0,"href":"https:\/\/blumiz.com\/fr\/wp-json\/wp\/v2\/product\/7429\/revisions"}],"wp:featuredmedia":[{"embeddable":true,"href":"https:\/\/blumiz.com\/fr\/wp-json\/wp\/v2\/media\/6905"}],"wp:attachment":[{"href":"https:\/\/blumiz.com\/fr\/wp-json\/wp\/v2\/media?parent=7429"}],"wp:term":[{"taxonomy":"product_brand","embeddable":true,"href":"https:\/\/blumiz.com\/fr\/wp-json\/wp\/v2\/product_brand?post=7429"},{"taxonomy":"product_cat","embeddable":true,"href":"https:\/\/blumiz.com\/fr\/wp-json\/wp\/v2\/product_cat?post=7429"},{"taxonomy":"product_tag","embeddable":true,"href":"https:\/\/blumiz.com\/fr\/wp-json\/wp\/v2\/product_tag?post=7429"}],"curies":[{"name":"wp","href":"https:\/\/api.w.org\/{rel}","templated":true}]}}