{"id":7445,"date":"2020-09-07T11:23:44","date_gmt":"2020-09-07T10:23:44","guid":{"rendered":"https:\/\/blumiz.com\/produkt\/sommeil-rapide-fall-asleep-cbdmelatonin-cibdol-x30\/"},"modified":"2025-08-05T09:32:22","modified_gmt":"2025-08-05T08:32:22","slug":"sommeil-rapide-stay-asleep-capsules-cbd-cbn-hops-and-griffonia-5-htp-cibdol","status":"publish","type":"product","link":"https:\/\/blumiz.com\/fr\/produit\/sommeil-rapide-stay-asleep-capsules-cbd-cbn-hops-and-griffonia-5-htp-cibdol\/","title":{"rendered":"Sommeil rapide &#8211; Fall Asleep (CBD+melatonin) Cibdol x30"},"content":{"rendered":"<p>Notre formule exclusive Meladol dans un format pratique<br \/>\nSi vous avez besoin d&#8217;aide pour vous endormir plus rapidement, nos g\u00e9lules d&#8217;endormissement sont faites pour vous. Avec notre formule exclusive Meladol, c&#8217;est un moyen simple et pratique de r\u00e9duire le temps d&#8217;endormissement. Chaque capsule est inodore, sans go\u00fbt et pr\u00e9cis\u00e9ment dos\u00e9e. Il contient un m\u00e9lange sophistiqu\u00e9 de CBD (2,5 mg) et de m\u00e9latonine (1,5 mg), l&#8217;hormone du sommeil essentielle au maintien d&#8217;un cycle veille-sommeil sain.<\/p>\n<p>Beaucoup d&#8217;entre nous trouvent qu&#8217;il est difficile de se reposer correctement en raison de l&#8217;interruption des heures de travail, des appareils \u00e9lectroniques et de la pression de la vie moderne. Tous ces facteurs peuvent perturber la production naturelle de m\u00e9latonine par l&#8217;organisme. Sans eux, notre corps ne sait pas vraiment quand il est temps de dormir ou de se r\u00e9veiller.<\/p>\n<p>C&#8217;est l\u00e0 qu&#8217;interviennent les capsules Fall-Sleep. Non seulement cette hormone contient de la m\u00e9latonine et aide notre corps \u00e0 retrouver un sch\u00e9ma de sommeil correct, mais elle agit \u00e9galement en combinaison avec notre CBD de qualit\u00e9 sup\u00e9rieure pour un soutien complet du bien-\u00eatre.<\/p>\n<p>Reprenez le contr\u00f4le de votre sommeil et obtenez le coup de pouce dont vous avez besoin pour vous endormir plus rapidement gr\u00e2ce \u00e0 Cibdol Capsules pour l&#8217;endormissement.<\/p>\n<p>S&#8217;endormir rapidement gr\u00e2ce \u00e0 la m\u00e9latonine (18+)<br \/>\nContient 30 g\u00e9lules<br \/>\nPeut aider \u00e0 lutter contre le d\u00e9calage horaire<br \/>\nSans gluten &amp; v\u00e9g\u00e9talien<br \/>\nSans go\u00fbt<br \/>\nAucun risque de fuite ou de gaspillage<\/p>\n","protected":false},"excerpt":{"rendered":"<p>Les capsules Fall-Sleep contiennent notre formule exclusive Meladol pour un acc\u00e8s encore plus facile au sommeil que vous m\u00e9ritez. Cette formule utilise le pouvoir du CBD et de la m\u00e9latonine et travaille avec votre corps pour r\u00e9duire le temps d&#8217;endormissement. Chaque bo\u00eete contient 30 g\u00e9lules de soutien \u00e0 court terme pour un sommeil r\u00e9parateur.<\/p>\n<p>30 g\u00e9lules<\/p>\n","protected":false},"featured_media":6740,"comment_status":"open","ping_status":"closed","template":"","meta":{"site-sidebar-layout":"default","site-content-layout":"default","ast-site-content-layout":"default","site-content-style":"default","site-sidebar-style":"default","ast-global-header-display":"","ast-banner-title-visibility":"","ast-main-header-display":"","ast-hfb-above-header-display":"","ast-hfb-below-header-display":"","ast-hfb-mobile-header-display":"","site-post-title":"","ast-breadcrumbs-content":"","ast-featured-img":"","footer-sml-layout":"","ast-disable-related-posts":"","theme-transparent-header-meta":"default","adv-header-id-meta":"","stick-header-meta":"default","header-above-stick-meta":"","header-main-stick-meta":"","header-below-stick-meta":"","astra-migrate-meta-layouts":"default","ast-page-background-enabled":"default","ast-page-background-meta":{"desktop":{"background-color":"","background-image":"","background-repeat":"repeat","background-position":"center center","background-size":"auto","background-attachment":"scroll","background-type":"","background-media":"","overlay-type":"","overlay-color":"","overlay-opacity":"","overlay-gradient":""},"tablet":{"background-color":"","background-image":"","background-repeat":"repeat","background-position":"center center","background-size":"auto","background-attachment":"scroll","background-type":"","background-media":"","overlay-type":"","overlay-color":"","overlay-opacity":"","overlay-gradient":""},"mobile":{"background-color":"","background-image":"","background-repeat":"repeat","background-position":"center center","background-size":"auto","background-attachment":"scroll","background-type":"","background-media":"","overlay-type":"","overlay-color":"","overlay-opacity":"","overlay-gradient":""}},"ast-content-background-meta":{"desktop":{"background-color":"var(--ast-global-color-5)","background-image":"","background-repeat":"repeat","background-position":"center center","background-size":"auto","background-attachment":"scroll","background-type":"","background-media":"","overlay-type":"","overlay-color":"","overlay-opacity":"","overlay-gradient":""},"tablet":{"background-color":"var(--ast-global-color-5)","background-image":"","background-repeat":"repeat","background-position":"center center","background-size":"auto","background-attachment":"scroll","background-type":"","background-media":"","overlay-type":"","overlay-color":"","overlay-opacity":"","overlay-gradient":""},"mobile":{"background-color":"var(--ast-global-color-5)","background-image":"","background-repeat":"repeat","background-position":"center center","background-size":"auto","background-attachment":"scroll","background-type":"","background-media":"","overlay-type":"","overlay-color":"","overlay-opacity":"","overlay-gradient":""}}},"product_brand":[],"product_cat":[169,304,173],"product_tag":[],"class_list":{"0":"post-7445","1":"product","2":"type-product","3":"status-publish","4":"has-post-thumbnail","6":"product_cat-bien-etre-cbd","7":"product_cat-cbd-fr","8":"product_cat-huiles-et-gelules-cbd","9":"desktop-align-left","10":"tablet-align-center","11":"mobile-align-left","12":"ast-product-gallery-layout-vertical","13":"ast-product-gallery-with-no-image","14":"ast-magnify-disabled","15":"ast-product-tabs-layout-horizontal","17":"first","18":"instock","19":"taxable","20":"shipping-taxable","21":"purchasable","22":"product-type-simple"},"yoast_head":"<!-- This site is optimized with the Yoast SEO Premium plugin v27.2 (Yoast SEO v27.4) - https:\/\/yoast.com\/product\/yoast-seo-premium-wordpress\/ -->\n<title>Sommeil rapide - Fall Asleep (CBD+melatonin) Cibdol x30 - Blumiz - Premium CBD<\/title>\n<meta name=\"description\" content=\"Sommeil rapide - Fall Asleep (CBD+melatonin) Cibdol x30 - Blumiz - Premium CBD\" \/>\n<meta name=\"robots\" content=\"index, follow, max-snippet:-1, max-image-preview:large, max-video-preview:-1\" \/>\n<link rel=\"canonical\" href=\"https:\/\/blumiz.com\/fr\/produit\/sommeil-rapide-stay-asleep-capsules-cbd-cbn-hops-and-griffonia-5-htp-cibdol\/\" \/>\n<meta property=\"og:locale\" content=\"fr_FR\" \/>\n<meta property=\"og:type\" content=\"article\" \/>\n<meta property=\"og:title\" content=\"Sommeil rapide - Fall Asleep (CBD+melatonin) Cibdol x30\" \/>\n<meta property=\"og:description\" content=\"Sommeil rapide - Fall Asleep (CBD+melatonin) Cibdol x30 Blumiz - Premium CBD\" \/>\n<meta property=\"og:url\" content=\"https:\/\/blumiz.com\/fr\/produit\/sommeil-rapide-stay-asleep-capsules-cbd-cbn-hops-and-griffonia-5-htp-cibdol\/\" \/>\n<meta property=\"og:site_name\" content=\"Blumiz - Premium CBD\" \/>\n<meta property=\"article:modified_time\" content=\"2025-08-05T08:32:22+00:00\" \/>\n<meta property=\"og:image\" content=\"https:\/\/blumiz.com\/wp-content\/uploads\/2022\/09\/Cibdol-Capsules-Endormez-vous-Formule-Meladol-30-Capsules.webp\" \/>\n\t<meta property=\"og:image:width\" content=\"600\" \/>\n\t<meta property=\"og:image:height\" content=\"600\" \/>\n\t<meta property=\"og:image:type\" content=\"image\/webp\" \/>\n<meta name=\"twitter:card\" content=\"summary_large_image\" \/>\n<meta name=\"twitter:label1\" content=\"Prix\" \/>\n\t<meta name=\"twitter:data1\" content=\"25,00&nbsp;&euro;\" \/>\n\t<meta name=\"twitter:label2\" content=\"Disponibilit\u00e9\" \/>\n\t<meta name=\"twitter:data2\" content=\"En stock\" \/>\n<script type=\"application\/ld+json\" class=\"yoast-schema-graph\">{\"@context\":\"https:\\\/\\\/schema.org\",\"@graph\":[{\"@type\":\"WebPage\",\"@id\":\"https:\\\/\\\/blumiz.com\\\/fr\\\/produit\\\/sommeil-rapide-stay-asleep-capsules-cbd-cbn-hops-and-griffonia-5-htp-cibdol\\\/\",\"url\":\"https:\\\/\\\/blumiz.com\\\/fr\\\/produit\\\/sommeil-rapide-stay-asleep-capsules-cbd-cbn-hops-and-griffonia-5-htp-cibdol\\\/\",\"name\":\"Sommeil rapide - Fall Asleep (CBD+melatonin) Cibdol x30 - Blumiz - Premium CBD\",\"isPartOf\":{\"@id\":\"https:\\\/\\\/blumiz.com\\\/fr\\\/#website\"},\"primaryImageOfPage\":{\"@id\":\"https:\\\/\\\/blumiz.com\\\/fr\\\/produit\\\/sommeil-rapide-stay-asleep-capsules-cbd-cbn-hops-and-griffonia-5-htp-cibdol\\\/#primaryimage\"},\"image\":{\"@id\":\"https:\\\/\\\/blumiz.com\\\/fr\\\/produit\\\/sommeil-rapide-stay-asleep-capsules-cbd-cbn-hops-and-griffonia-5-htp-cibdol\\\/#primaryimage\"},\"thumbnailUrl\":\"https:\\\/\\\/blumiz.com\\\/wp-content\\\/uploads\\\/2022\\\/09\\\/Cibdol-Capsules-Endormez-vous-Formule-Meladol-30-Capsules.webp\",\"datePublished\":\"2020-09-07T10:23:44+00:00\",\"dateModified\":\"2025-08-05T08:32:22+00:00\",\"description\":\"Sommeil rapide - Fall Asleep (CBD+melatonin) Cibdol x30 - Blumiz - Premium CBD\",\"breadcrumb\":{\"@id\":\"https:\\\/\\\/blumiz.com\\\/fr\\\/produit\\\/sommeil-rapide-stay-asleep-capsules-cbd-cbn-hops-and-griffonia-5-htp-cibdol\\\/#breadcrumb\"},\"inLanguage\":\"fr-FR\",\"potentialAction\":[{\"@type\":\"ReadAction\",\"target\":[\"https:\\\/\\\/blumiz.com\\\/fr\\\/produit\\\/sommeil-rapide-stay-asleep-capsules-cbd-cbn-hops-and-griffonia-5-htp-cibdol\\\/\"]}]},{\"@type\":\"ImageObject\",\"inLanguage\":\"fr-FR\",\"@id\":\"https:\\\/\\\/blumiz.com\\\/fr\\\/produit\\\/sommeil-rapide-stay-asleep-capsules-cbd-cbn-hops-and-griffonia-5-htp-cibdol\\\/#primaryimage\",\"url\":\"https:\\\/\\\/blumiz.com\\\/wp-content\\\/uploads\\\/2022\\\/09\\\/Cibdol-Capsules-Endormez-vous-Formule-Meladol-30-Capsules.webp\",\"contentUrl\":\"https:\\\/\\\/blumiz.com\\\/wp-content\\\/uploads\\\/2022\\\/09\\\/Cibdol-Capsules-Endormez-vous-Formule-Meladol-30-Capsules.webp\",\"width\":600,\"height\":600},{\"@type\":\"BreadcrumbList\",\"@id\":\"https:\\\/\\\/blumiz.com\\\/fr\\\/produit\\\/sommeil-rapide-stay-asleep-capsules-cbd-cbn-hops-and-griffonia-5-htp-cibdol\\\/#breadcrumb\",\"itemListElement\":[{\"@type\":\"ListItem\",\"position\":1,\"name\":\"Blumiz\",\"item\":\"https:\\\/\\\/blumiz.com\\\/fr\\\/\"},{\"@type\":\"ListItem\",\"position\":2,\"name\":\"CBD Shop\",\"item\":\"https:\\\/\\\/blumiz.com\\\/fr\\\/acheter-cbd-shop\\\/\"},{\"@type\":\"ListItem\",\"position\":3,\"name\":\"Bien \u00eatre CBD\",\"item\":\"https:\\\/\\\/blumiz.com\\\/fr\\\/category\\\/bien-etre-cbd\\\/\"},{\"@type\":\"ListItem\",\"position\":4,\"name\":\"Huiles et g\u00e9lules CBD\",\"item\":\"https:\\\/\\\/blumiz.com\\\/fr\\\/category\\\/bien-etre-cbd\\\/huiles-et-gelules-cbd\\\/\"},{\"@type\":\"ListItem\",\"position\":5,\"name\":\"Sommeil rapide &#8211; Fall Asleep (CBD+melatonin) Cibdol x30\"}]},{\"@type\":\"WebSite\",\"@id\":\"https:\\\/\\\/blumiz.com\\\/fr\\\/#website\",\"url\":\"https:\\\/\\\/blumiz.com\\\/fr\\\/\",\"name\":\"Blumiz - Premium CBD\",\"description\":\"Blumiz, Cannabis specialist\",\"publisher\":{\"@id\":\"https:\\\/\\\/blumiz.com\\\/fr\\\/#organization\"},\"alternateName\":\"Blumiz\",\"potentialAction\":[{\"@type\":\"SearchAction\",\"target\":{\"@type\":\"EntryPoint\",\"urlTemplate\":\"https:\\\/\\\/blumiz.com\\\/fr\\\/?s={search_term_string}\"},\"query-input\":{\"@type\":\"PropertyValueSpecification\",\"valueRequired\":true,\"valueName\":\"search_term_string\"}}],\"inLanguage\":\"fr-FR\"},{\"@type\":\"Organization\",\"@id\":\"https:\\\/\\\/blumiz.com\\\/fr\\\/#organization\",\"name\":\"Blumiz CBD\",\"alternateName\":\"Blumiz\",\"url\":\"https:\\\/\\\/blumiz.com\\\/fr\\\/\",\"logo\":{\"@type\":\"ImageObject\",\"inLanguage\":\"fr-FR\",\"@id\":\"https:\\\/\\\/blumiz.com\\\/fr\\\/#\\\/schema\\\/logo\\\/image\\\/\",\"url\":\"https:\\\/\\\/blumiz.com\\\/wp-content\\\/uploads\\\/2026\\\/02\\\/cropped-Blumiz-CBD-logo.webp\",\"contentUrl\":\"https:\\\/\\\/blumiz.com\\\/wp-content\\\/uploads\\\/2026\\\/02\\\/cropped-Blumiz-CBD-logo.webp\",\"width\":2547,\"height\":778,\"caption\":\"Blumiz CBD\"},\"image\":{\"@id\":\"https:\\\/\\\/blumiz.com\\\/fr\\\/#\\\/schema\\\/logo\\\/image\\\/\"}}]}<\/script>\n<meta property=\"product:price:amount\" content=\"25.00\" \/>\n<meta property=\"product:price:currency\" content=\"EUR\" \/>\n<meta property=\"og:availability\" content=\"instock\" \/>\n<meta property=\"product:availability\" content=\"instock\" \/>\n<meta property=\"product:retailer_item_id\" content=\"7266\" \/>\n<meta property=\"product:condition\" content=\"new\" \/>\n<!-- \/ Yoast SEO Premium plugin. -->","yoast_head_json":{"title":"Sommeil rapide - Fall Asleep (CBD+melatonin) Cibdol x30 - Blumiz - Premium CBD","description":"Sommeil rapide - Fall Asleep (CBD+melatonin) Cibdol x30 - Blumiz - Premium CBD","robots":{"index":"index","follow":"follow","max-snippet":"max-snippet:-1","max-image-preview":"max-image-preview:large","max-video-preview":"max-video-preview:-1"},"canonical":"https:\/\/blumiz.com\/fr\/produit\/sommeil-rapide-stay-asleep-capsules-cbd-cbn-hops-and-griffonia-5-htp-cibdol\/","og_locale":"fr_FR","og_type":"article","og_title":"Sommeil rapide - Fall Asleep (CBD+melatonin) Cibdol x30","og_description":"Sommeil rapide - Fall Asleep (CBD+melatonin) Cibdol x30 Blumiz - Premium CBD","og_url":"https:\/\/blumiz.com\/fr\/produit\/sommeil-rapide-stay-asleep-capsules-cbd-cbn-hops-and-griffonia-5-htp-cibdol\/","og_site_name":"Blumiz - Premium CBD","article_modified_time":"2025-08-05T08:32:22+00:00","og_image":[{"width":600,"height":600,"url":"https:\/\/blumiz.com\/wp-content\/uploads\/2022\/09\/Cibdol-Capsules-Endormez-vous-Formule-Meladol-30-Capsules.webp","type":"image\/webp"}],"twitter_card":"summary_large_image","twitter_misc":{"Prix":"25,00&nbsp;&euro;","Disponibilit\u00e9":"En stock"},"schema":{"@context":"https:\/\/schema.org","@graph":[{"@type":"WebPage","@id":"https:\/\/blumiz.com\/fr\/produit\/sommeil-rapide-stay-asleep-capsules-cbd-cbn-hops-and-griffonia-5-htp-cibdol\/","url":"https:\/\/blumiz.com\/fr\/produit\/sommeil-rapide-stay-asleep-capsules-cbd-cbn-hops-and-griffonia-5-htp-cibdol\/","name":"Sommeil rapide - Fall Asleep (CBD+melatonin) Cibdol x30 - Blumiz - Premium CBD","isPartOf":{"@id":"https:\/\/blumiz.com\/fr\/#website"},"primaryImageOfPage":{"@id":"https:\/\/blumiz.com\/fr\/produit\/sommeil-rapide-stay-asleep-capsules-cbd-cbn-hops-and-griffonia-5-htp-cibdol\/#primaryimage"},"image":{"@id":"https:\/\/blumiz.com\/fr\/produit\/sommeil-rapide-stay-asleep-capsules-cbd-cbn-hops-and-griffonia-5-htp-cibdol\/#primaryimage"},"thumbnailUrl":"https:\/\/blumiz.com\/wp-content\/uploads\/2022\/09\/Cibdol-Capsules-Endormez-vous-Formule-Meladol-30-Capsules.webp","datePublished":"2020-09-07T10:23:44+00:00","dateModified":"2025-08-05T08:32:22+00:00","description":"Sommeil rapide - Fall Asleep (CBD+melatonin) Cibdol x30 - Blumiz - Premium CBD","breadcrumb":{"@id":"https:\/\/blumiz.com\/fr\/produit\/sommeil-rapide-stay-asleep-capsules-cbd-cbn-hops-and-griffonia-5-htp-cibdol\/#breadcrumb"},"inLanguage":"fr-FR","potentialAction":[{"@type":"ReadAction","target":["https:\/\/blumiz.com\/fr\/produit\/sommeil-rapide-stay-asleep-capsules-cbd-cbn-hops-and-griffonia-5-htp-cibdol\/"]}]},{"@type":"ImageObject","inLanguage":"fr-FR","@id":"https:\/\/blumiz.com\/fr\/produit\/sommeil-rapide-stay-asleep-capsules-cbd-cbn-hops-and-griffonia-5-htp-cibdol\/#primaryimage","url":"https:\/\/blumiz.com\/wp-content\/uploads\/2022\/09\/Cibdol-Capsules-Endormez-vous-Formule-Meladol-30-Capsules.webp","contentUrl":"https:\/\/blumiz.com\/wp-content\/uploads\/2022\/09\/Cibdol-Capsules-Endormez-vous-Formule-Meladol-30-Capsules.webp","width":600,"height":600},{"@type":"BreadcrumbList","@id":"https:\/\/blumiz.com\/fr\/produit\/sommeil-rapide-stay-asleep-capsules-cbd-cbn-hops-and-griffonia-5-htp-cibdol\/#breadcrumb","itemListElement":[{"@type":"ListItem","position":1,"name":"Blumiz","item":"https:\/\/blumiz.com\/fr\/"},{"@type":"ListItem","position":2,"name":"CBD Shop","item":"https:\/\/blumiz.com\/fr\/acheter-cbd-shop\/"},{"@type":"ListItem","position":3,"name":"Bien \u00eatre CBD","item":"https:\/\/blumiz.com\/fr\/category\/bien-etre-cbd\/"},{"@type":"ListItem","position":4,"name":"Huiles et g\u00e9lules CBD","item":"https:\/\/blumiz.com\/fr\/category\/bien-etre-cbd\/huiles-et-gelules-cbd\/"},{"@type":"ListItem","position":5,"name":"Sommeil rapide &#8211; Fall Asleep (CBD+melatonin) Cibdol x30"}]},{"@type":"WebSite","@id":"https:\/\/blumiz.com\/fr\/#website","url":"https:\/\/blumiz.com\/fr\/","name":"Blumiz - Premium CBD","description":"Blumiz, Cannabis specialist","publisher":{"@id":"https:\/\/blumiz.com\/fr\/#organization"},"alternateName":"Blumiz","potentialAction":[{"@type":"SearchAction","target":{"@type":"EntryPoint","urlTemplate":"https:\/\/blumiz.com\/fr\/?s={search_term_string}"},"query-input":{"@type":"PropertyValueSpecification","valueRequired":true,"valueName":"search_term_string"}}],"inLanguage":"fr-FR"},{"@type":"Organization","@id":"https:\/\/blumiz.com\/fr\/#organization","name":"Blumiz CBD","alternateName":"Blumiz","url":"https:\/\/blumiz.com\/fr\/","logo":{"@type":"ImageObject","inLanguage":"fr-FR","@id":"https:\/\/blumiz.com\/fr\/#\/schema\/logo\/image\/","url":"https:\/\/blumiz.com\/wp-content\/uploads\/2026\/02\/cropped-Blumiz-CBD-logo.webp","contentUrl":"https:\/\/blumiz.com\/wp-content\/uploads\/2026\/02\/cropped-Blumiz-CBD-logo.webp","width":2547,"height":778,"caption":"Blumiz CBD"},"image":{"@id":"https:\/\/blumiz.com\/fr\/#\/schema\/logo\/image\/"}}]},"product_price_amount":"25.00","product_price_currency":"EUR","og_availability":"instock","product_availability":"instock","product_retailer_item_id":"7266","product_condition":"new"},"_links":{"self":[{"href":"https:\/\/blumiz.com\/fr\/wp-json\/wp\/v2\/product\/7445","targetHints":{"allow":["GET"]}}],"collection":[{"href":"https:\/\/blumiz.com\/fr\/wp-json\/wp\/v2\/product"}],"about":[{"href":"https:\/\/blumiz.com\/fr\/wp-json\/wp\/v2\/types\/product"}],"replies":[{"embeddable":true,"href":"https:\/\/blumiz.com\/fr\/wp-json\/wp\/v2\/comments?post=7445"}],"version-history":[{"count":0,"href":"https:\/\/blumiz.com\/fr\/wp-json\/wp\/v2\/product\/7445\/revisions"}],"wp:featuredmedia":[{"embeddable":true,"href":"https:\/\/blumiz.com\/fr\/wp-json\/wp\/v2\/media\/6740"}],"wp:attachment":[{"href":"https:\/\/blumiz.com\/fr\/wp-json\/wp\/v2\/media?parent=7445"}],"wp:term":[{"taxonomy":"product_brand","embeddable":true,"href":"https:\/\/blumiz.com\/fr\/wp-json\/wp\/v2\/product_brand?post=7445"},{"taxonomy":"product_cat","embeddable":true,"href":"https:\/\/blumiz.com\/fr\/wp-json\/wp\/v2\/product_cat?post=7445"},{"taxonomy":"product_tag","embeddable":true,"href":"https:\/\/blumiz.com\/fr\/wp-json\/wp\/v2\/product_tag?post=7445"}],"curies":[{"name":"wp","href":"https:\/\/api.w.org\/{rel}","templated":true}]}}