{"id":7447,"date":"2022-09-19T08:13:43","date_gmt":"2022-09-19T07:13:43","guid":{"rendered":"https:\/\/blumiz.com\/produkt\/trim-cbd-indoor-mix-fleurs-de-cbd-7\/"},"modified":"2025-02-06T21:35:51","modified_gmt":"2025-02-06T20:35:51","slug":"trim-cbd-indoor-7","status":"publish","type":"product","link":"https:\/\/blumiz.com\/fr\/produit\/trim-cbd-indoor-7\/","title":{"rendered":"Trim CBD Indoor Mix &#8211; Fleur CBD 7%."},"content":{"rendered":"<h2><span style=\"color: #107f85;\">Fleur CBD TRIM Indoor M\u00e9lange 7%.<\/span><\/h2>\n<h3><span style=\"color: #107f85;\"><span style=\"color: #ff6600;\">Ce m\u00e9lange de trims est produit uniquement \u00e0 partir de nos vari\u00e9t\u00e9s indoor.<\/span><br \/>\n<\/span><\/h3>\n<p dir=\"ltr\">Elle est riche en CBD avec une teneur estim\u00e9e \u00e0 7%. De plus, c&#8217;est un produit tout \u00e0 fait l\u00e9gal qui r\u00e9pond aux normes de qualit\u00e9 les plus \u00e9lev\u00e9es. Elle est disponible en plusieurs quantit\u00e9s et contient du THC \u00e0 une concentration inf\u00e9rieure \u00e0 0,3%. De plus, elle poss\u00e8de les nombreux effets th\u00e9rapeutiques du CBD. Si vous souhaitez tester le cannabidiol, CBD TRIM est une bonne option \u00e0 un prix abordable.<\/p>\n<h4 dir=\"ltr\"><span style=\"color: #ff6600;\">Pr\u00e9sentation de la Fleur de CBD TRIM Indoor Mix 7<\/span><span style=\"color: #ff6600;\">%<\/span><\/h4>\n<p dir=\"ltr\">TRIM est compos\u00e9 de miettes de diff\u00e9rentes vari\u00e9t\u00e9s de Fleur CBD. Elle est obtenue apr\u00e8s diff\u00e9rentes \u00e9tapes de traitement. C&#8217;est dans cet esprit que nous vous proposons la TRIM compos\u00e9e de Fleur CBD de qualit\u00e9 sup\u00e9rieure, cultiv\u00e9e et stock\u00e9e dans d&#8217;excellentes conditions. De plus, elle poss\u00e8de un d\u00e9licieux m\u00e9lange d&#8217;ar\u00f4mes puissants, tr\u00e8s appr\u00e9ci\u00e9 des consommateurs. Gr\u00e2ce \u00e0 sa multitude de couleurs, elle surprend aussi par son joli aspect.<\/p>\n<p>Si vous recherchez des fleurs CBD pas ch\u00e8res, vous aimerez aussi notre <a href=\"https:\/\/blumiz.com\/produit\/trim-cbd\/\">Trim en version classique<\/a> ou nos vari\u00e9t\u00e9s Outdoor comme <a href=\"https:\/\/blumiz.com\/produit\/skunk-cbd-original\/\">la Skunk Original<\/a>.<\/p>\n<p>Ou notre <a href=\"https:\/\/blumiz.com\/produit\/cbd-small-bud-indoor-mix-9\/\">Indoor Small buds.<\/a><\/p>\n<h4 dir=\"ltr\"><span style=\"color: #ff6600;\">Les avantages de TRIM Indoor Mix<\/span><\/h4>\n<p dir=\"ltr\">La Fleur CBD TRIM provient de vari\u00e9t\u00e9s de chanvre qui sont capables de vous apaiser rapidement et durablement. Elle a un effet relaxant qui procure un bien-\u00eatre physique exquis et intense. Vous pouvez les consommer en fin de journ\u00e9e pour passer une nuit tranquille. Cette vari\u00e9t\u00e9 de Fleur CBD a \u00e9galement des propri\u00e9t\u00e9s anti-inflammatoires et peut vous soulager de vos douleurs physiques. Elle favorise la stimulation c\u00e9r\u00e9brale pour une meilleure concentration. Vous pouvez \u00e9galement les utiliser pour lutter contre le stress et l&#8217;anxi\u00e9t\u00e9.<\/p>\n<h4 dir=\"ltr\"><span style=\"color: #ff6600;\">Consomation Trim<\/span><\/h4>\n<p dir=\"ltr\">Pour consommer sainement la Fleur CBD TRIM, vous pouvez opter pour un th\u00e9 ou pour la vaporisation des fleurs. Pour faire une infusion de th\u00e9, faites bouillir de l&#8217;eau et ajoutez quelques grammes de TRIM, en veillant \u00e0 ajouter un peu de mati\u00e8re grasse. Il peut s&#8217;agir de beurre ou d&#8217;huile v\u00e9g\u00e9tale. Ne pas oublier : Si vous voulez vaporiser les Fleur CBD TRIM, achetez un vaporisateur de haute qualit\u00e9.<\/p>\n<p dir=\"ltr\">Ce dernier permet de profiter de vapeurs tr\u00e8s d\u00e9licates et totalement saines. Commencez par vaporiser le TRIM \u00e0 faibles doses, que vous pourrez augmenter en fonction de vos besoins. En outre, il est fortement d\u00e9conseill\u00e9 de fumer des Fleur CBD. En effet, ce type de consommation est ill\u00e9gal et de plus, il est dangereux pour la sant\u00e9.<\/p>\n<h4><span style=\"color: #ff6600;\">Notre <a style=\"color: #ff6600;\" href=\"\/?product_cat=cbd-blueten\">boutique de Fleur CBD<\/a> est synonyme de normes de qualit\u00e9 \u00e9lev\u00e9es et de produits tri\u00e9s sur le volet.<\/span><\/h4>\n<p>Les Fleur CBD sont disponibles en diff\u00e9rents ar\u00f4mes et concentrations de CBD. Nos Fleur CBD sont soumises \u00e0 des crit\u00e8res de qualit\u00e9 externes stricts. Nos produits sont aussi vendus en tant que mati\u00e8res premi\u00e8res et sont exempts d&#8217;additifs chimiques et d&#8217;impuret\u00e9s.<\/p>\n<p>D\u00e9couvrez ici \u00e9galement notre <a href=\"https:\/\/blumiz.com\/fr\/category\/hash-et-concentres\/\">HASH CBD<\/a><\/p>\n<p>Une question, vous avez besoin d&#8217;aide ? <a href=\"https:\/\/blumiz.com\/hilfe-und-faqs\/\">Cliquez ici pour d\u00e9couvrir notre centre d&#8217;aide.<\/a><\/p>\n<p>D\u00e9couvrez nos <a href=\"https:\/\/blumiz.com\/fr\/category\/headshop\/\">produits et accessoires Headshop<\/a> pour profiter de vos vari\u00e9t\u00e9s pr\u00e9f\u00e9r\u00e9es<\/p>\n<h4><span style=\"color: #ff6600;\">Commander chez Blumiz signifie<\/span><\/h4>\n<p>&#8211; Livraison rapide, discr\u00e8te et inodore<br \/>\n&#8211; Produits certifi\u00e9s de qualit\u00e9 et en laboratoire<br \/>\n&#8211; Des prix imbattables, car nous fabriquons nos propres produits<\/p>\n","protected":false},"excerpt":{"rendered":"<h1><span style=\"color: #107d85;\">Fleur CBD TRIM Indoor MIX 7%<\/span><\/h1>\n","protected":false},"featured_media":6903,"comment_status":"open","ping_status":"closed","template":"","meta":{"site-sidebar-layout":"default","site-content-layout":"default","ast-site-content-layout":"default","site-content-style":"default","site-sidebar-style":"default","ast-global-header-display":"","ast-banner-title-visibility":"","ast-main-header-display":"","ast-hfb-above-header-display":"","ast-hfb-below-header-display":"","ast-hfb-mobile-header-display":"","site-post-title":"","ast-breadcrumbs-content":"","ast-featured-img":"","footer-sml-layout":"","ast-disable-related-posts":"","theme-transparent-header-meta":"default","adv-header-id-meta":"","stick-header-meta":"default","header-above-stick-meta":"","header-main-stick-meta":"","header-below-stick-meta":"","astra-migrate-meta-layouts":"default","ast-page-background-enabled":"default","ast-page-background-meta":{"desktop":{"background-color":"","background-image":"","background-repeat":"repeat","background-position":"center center","background-size":"auto","background-attachment":"scroll","background-type":"","background-media":"","overlay-type":"","overlay-color":"","overlay-opacity":"","overlay-gradient":""},"tablet":{"background-color":"","background-image":"","background-repeat":"repeat","background-position":"center center","background-size":"auto","background-attachment":"scroll","background-type":"","background-media":"","overlay-type":"","overlay-color":"","overlay-opacity":"","overlay-gradient":""},"mobile":{"background-color":"","background-image":"","background-repeat":"repeat","background-position":"center center","background-size":"auto","background-attachment":"scroll","background-type":"","background-media":"","overlay-type":"","overlay-color":"","overlay-opacity":"","overlay-gradient":""}},"ast-content-background-meta":{"desktop":{"background-color":"var(--ast-global-color-5)","background-image":"","background-repeat":"repeat","background-position":"center center","background-size":"auto","background-attachment":"scroll","background-type":"","background-media":"","overlay-type":"","overlay-color":"","overlay-opacity":"","overlay-gradient":""},"tablet":{"background-color":"var(--ast-global-color-5)","background-image":"","background-repeat":"repeat","background-position":"center center","background-size":"auto","background-attachment":"scroll","background-type":"","background-media":"","overlay-type":"","overlay-color":"","overlay-opacity":"","overlay-gradient":""},"mobile":{"background-color":"var(--ast-global-color-5)","background-image":"","background-repeat":"repeat","background-position":"center center","background-size":"auto","background-attachment":"scroll","background-type":"","background-media":"","overlay-type":"","overlay-color":"","overlay-opacity":"","overlay-gradient":""}}},"product_brand":[],"product_cat":[304,164,161,162],"product_tag":[201,205],"class_list":{"0":"post-7447","1":"product","2":"type-product","3":"status-publish","4":"has-post-thumbnail","6":"product_cat-cbd-fr","7":"product_cat-fleur-cbd-pas-cher","8":"product_cat-fleurs-de-cbd","9":"product_cat-small-bud-trim-cbd","10":"product_tag-fleurs-cbd-pas-cher","11":"product_tag-outdoor-cbd-fr","12":"pa_cbd-rate-0-a-10-cbd","13":"pa_kategorie-fleur-cbd-pas-cher","14":"pa_kategorie-indoor-fr","15":"pa_kategorie-small-buds-trim","16":"desktop-align-left","17":"tablet-align-center","18":"mobile-align-left","19":"ast-product-gallery-layout-vertical","20":"ast-magnify-disabled","21":"ast-product-single-variable","22":"ast-product-tabs-layout-horizontal","24":"first","25":"instock","26":"taxable","27":"shipping-taxable","28":"purchasable","29":"product-type-variable"},"yoast_head":"<!-- This site is optimized with the Yoast SEO Premium plugin v27.2 (Yoast SEO v27.4) - https:\/\/yoast.com\/product\/yoast-seo-premium-wordpress\/ -->\n<title>CBD Trim Indoor 7% \u00e0 partir de 1,- Fleur CBD pas cher Blumiz<\/title>\n<meta name=\"description\" content=\"CBD trim \u00e0 partir de 1,1\u20ac\/g - Fleur CBD pas cher de BlumizSorte saveur chocolat....livraison rapide et discr\u00e8te en France....cannabis legal\" \/>\n<meta name=\"robots\" content=\"index, follow, max-snippet:-1, max-image-preview:large, max-video-preview:-1\" \/>\n<link rel=\"canonical\" href=\"https:\/\/blumiz.com\/fr\/produit\/trim-cbd-indoor-7\/\" \/>\n<meta property=\"og:locale\" content=\"fr_FR\" \/>\n<meta property=\"og:type\" content=\"article\" \/>\n<meta property=\"og:title\" content=\"Trim CBD Indoor Mix - Fleur CBD 7%.\" \/>\n<meta property=\"og:description\" content=\"Trim CBD Indoor Mix - Fleur CBD 7%. Blumiz - Premium CBD\" \/>\n<meta property=\"og:url\" content=\"https:\/\/blumiz.com\/fr\/produit\/trim-cbd-indoor-7\/\" \/>\n<meta property=\"og:site_name\" content=\"Blumiz - Premium CBD\" \/>\n<meta property=\"article:modified_time\" content=\"2025-02-06T20:35:51+00:00\" \/>\n<meta property=\"og:image\" content=\"https:\/\/blumiz.com\/wp-content\/uploads\/2022\/09\/TRIM-CBD-blume-cbd-billig-DEUTSCHLAND.webp\" \/>\n\t<meta property=\"og:image:width\" content=\"600\" \/>\n\t<meta property=\"og:image:height\" content=\"600\" \/>\n\t<meta property=\"og:image:type\" content=\"image\/webp\" \/>\n<meta name=\"twitter:card\" content=\"summary_large_image\" \/>\n<meta name=\"twitter:label1\" content=\"Disponibilit\u00e9\" \/>\n\t<meta name=\"twitter:data1\" content=\"En stock\" \/>\n<script type=\"application\/ld+json\" class=\"yoast-schema-graph\">{\"@context\":\"https:\\\/\\\/schema.org\",\"@graph\":[{\"@type\":\"WebPage\",\"@id\":\"https:\\\/\\\/blumiz.com\\\/fr\\\/produit\\\/trim-cbd-indoor-7\\\/\",\"url\":\"https:\\\/\\\/blumiz.com\\\/fr\\\/produit\\\/trim-cbd-indoor-7\\\/\",\"name\":\"CBD Trim Indoor 7% \u00e0 partir de 1,- Fleur CBD pas cher Blumiz\",\"isPartOf\":{\"@id\":\"https:\\\/\\\/blumiz.com\\\/fr\\\/#website\"},\"primaryImageOfPage\":{\"@id\":\"https:\\\/\\\/blumiz.com\\\/fr\\\/produit\\\/trim-cbd-indoor-7\\\/#primaryimage\"},\"image\":{\"@id\":\"https:\\\/\\\/blumiz.com\\\/fr\\\/produit\\\/trim-cbd-indoor-7\\\/#primaryimage\"},\"thumbnailUrl\":\"https:\\\/\\\/blumiz.com\\\/wp-content\\\/uploads\\\/2022\\\/09\\\/TRIM-CBD-blume-cbd-billig-DEUTSCHLAND.webp\",\"datePublished\":\"2022-09-19T07:13:43+00:00\",\"dateModified\":\"2025-02-06T20:35:51+00:00\",\"description\":\"CBD trim \u00e0 partir de 1,1\u20ac\\\/g - Fleur CBD pas cher de BlumizSorte saveur chocolat....livraison rapide et discr\u00e8te en France....cannabis legal\",\"breadcrumb\":{\"@id\":\"https:\\\/\\\/blumiz.com\\\/fr\\\/produit\\\/trim-cbd-indoor-7\\\/#breadcrumb\"},\"inLanguage\":\"fr-FR\",\"potentialAction\":[{\"@type\":\"ReadAction\",\"target\":[\"https:\\\/\\\/blumiz.com\\\/fr\\\/produit\\\/trim-cbd-indoor-7\\\/\"]}]},{\"@type\":\"ImageObject\",\"inLanguage\":\"fr-FR\",\"@id\":\"https:\\\/\\\/blumiz.com\\\/fr\\\/produit\\\/trim-cbd-indoor-7\\\/#primaryimage\",\"url\":\"https:\\\/\\\/blumiz.com\\\/wp-content\\\/uploads\\\/2022\\\/09\\\/TRIM-CBD-blume-cbd-billig-DEUTSCHLAND.webp\",\"contentUrl\":\"https:\\\/\\\/blumiz.com\\\/wp-content\\\/uploads\\\/2022\\\/09\\\/TRIM-CBD-blume-cbd-billig-DEUTSCHLAND.webp\",\"width\":600,\"height\":600},{\"@type\":\"BreadcrumbList\",\"@id\":\"https:\\\/\\\/blumiz.com\\\/fr\\\/produit\\\/trim-cbd-indoor-7\\\/#breadcrumb\",\"itemListElement\":[{\"@type\":\"ListItem\",\"position\":1,\"name\":\"Blumiz\",\"item\":\"https:\\\/\\\/blumiz.com\\\/fr\\\/\"},{\"@type\":\"ListItem\",\"position\":2,\"name\":\"CBD Shop\",\"item\":\"https:\\\/\\\/blumiz.com\\\/fr\\\/acheter-cbd-shop\\\/\"},{\"@type\":\"ListItem\",\"position\":3,\"name\":\"Fleurs de CBD\",\"item\":\"https:\\\/\\\/blumiz.com\\\/fr\\\/category\\\/fleurs-de-cbd\\\/\"},{\"@type\":\"ListItem\",\"position\":4,\"name\":\"Trim CBD Indoor Mix &#8211; Fleur CBD 7%.\"}]},{\"@type\":\"WebSite\",\"@id\":\"https:\\\/\\\/blumiz.com\\\/fr\\\/#website\",\"url\":\"https:\\\/\\\/blumiz.com\\\/fr\\\/\",\"name\":\"Blumiz - Premium CBD\",\"description\":\"Blumiz, Cannabis specialist\",\"publisher\":{\"@id\":\"https:\\\/\\\/blumiz.com\\\/fr\\\/#organization\"},\"alternateName\":\"Blumiz\",\"potentialAction\":[{\"@type\":\"SearchAction\",\"target\":{\"@type\":\"EntryPoint\",\"urlTemplate\":\"https:\\\/\\\/blumiz.com\\\/fr\\\/?s={search_term_string}\"},\"query-input\":{\"@type\":\"PropertyValueSpecification\",\"valueRequired\":true,\"valueName\":\"search_term_string\"}}],\"inLanguage\":\"fr-FR\"},{\"@type\":\"Organization\",\"@id\":\"https:\\\/\\\/blumiz.com\\\/fr\\\/#organization\",\"name\":\"Blumiz CBD\",\"alternateName\":\"Blumiz\",\"url\":\"https:\\\/\\\/blumiz.com\\\/fr\\\/\",\"logo\":{\"@type\":\"ImageObject\",\"inLanguage\":\"fr-FR\",\"@id\":\"https:\\\/\\\/blumiz.com\\\/fr\\\/#\\\/schema\\\/logo\\\/image\\\/\",\"url\":\"https:\\\/\\\/blumiz.com\\\/wp-content\\\/uploads\\\/2026\\\/02\\\/cropped-Blumiz-CBD-logo.webp\",\"contentUrl\":\"https:\\\/\\\/blumiz.com\\\/wp-content\\\/uploads\\\/2026\\\/02\\\/cropped-Blumiz-CBD-logo.webp\",\"width\":2547,\"height\":778,\"caption\":\"Blumiz CBD\"},\"image\":{\"@id\":\"https:\\\/\\\/blumiz.com\\\/fr\\\/#\\\/schema\\\/logo\\\/image\\\/\"}}]}<\/script>\n<meta property=\"og:availability\" content=\"instock\" \/>\n<meta property=\"product:availability\" content=\"instock\" \/>\n<meta property=\"product:retailer_item_id\" content=\"2188581\" \/>\n<meta property=\"product:condition\" content=\"new\" \/>\n<!-- \/ Yoast SEO Premium plugin. -->","yoast_head_json":{"title":"CBD Trim Indoor 7% \u00e0 partir de 1,- Fleur CBD pas cher Blumiz","description":"CBD trim \u00e0 partir de 1,1\u20ac\/g - Fleur CBD pas cher de BlumizSorte saveur chocolat....livraison rapide et discr\u00e8te en France....cannabis legal","robots":{"index":"index","follow":"follow","max-snippet":"max-snippet:-1","max-image-preview":"max-image-preview:large","max-video-preview":"max-video-preview:-1"},"canonical":"https:\/\/blumiz.com\/fr\/produit\/trim-cbd-indoor-7\/","og_locale":"fr_FR","og_type":"article","og_title":"Trim CBD Indoor Mix - Fleur CBD 7%.","og_description":"Trim CBD Indoor Mix - Fleur CBD 7%. Blumiz - Premium CBD","og_url":"https:\/\/blumiz.com\/fr\/produit\/trim-cbd-indoor-7\/","og_site_name":"Blumiz - Premium CBD","article_modified_time":"2025-02-06T20:35:51+00:00","og_image":[{"width":600,"height":600,"url":"https:\/\/blumiz.com\/wp-content\/uploads\/2022\/09\/TRIM-CBD-blume-cbd-billig-DEUTSCHLAND.webp","type":"image\/webp"}],"twitter_card":"summary_large_image","twitter_misc":{"Disponibilit\u00e9":"En stock"},"schema":{"@context":"https:\/\/schema.org","@graph":[{"@type":"WebPage","@id":"https:\/\/blumiz.com\/fr\/produit\/trim-cbd-indoor-7\/","url":"https:\/\/blumiz.com\/fr\/produit\/trim-cbd-indoor-7\/","name":"CBD Trim Indoor 7% \u00e0 partir de 1,- Fleur CBD pas cher Blumiz","isPartOf":{"@id":"https:\/\/blumiz.com\/fr\/#website"},"primaryImageOfPage":{"@id":"https:\/\/blumiz.com\/fr\/produit\/trim-cbd-indoor-7\/#primaryimage"},"image":{"@id":"https:\/\/blumiz.com\/fr\/produit\/trim-cbd-indoor-7\/#primaryimage"},"thumbnailUrl":"https:\/\/blumiz.com\/wp-content\/uploads\/2022\/09\/TRIM-CBD-blume-cbd-billig-DEUTSCHLAND.webp","datePublished":"2022-09-19T07:13:43+00:00","dateModified":"2025-02-06T20:35:51+00:00","description":"CBD trim \u00e0 partir de 1,1\u20ac\/g - Fleur CBD pas cher de BlumizSorte saveur chocolat....livraison rapide et discr\u00e8te en France....cannabis legal","breadcrumb":{"@id":"https:\/\/blumiz.com\/fr\/produit\/trim-cbd-indoor-7\/#breadcrumb"},"inLanguage":"fr-FR","potentialAction":[{"@type":"ReadAction","target":["https:\/\/blumiz.com\/fr\/produit\/trim-cbd-indoor-7\/"]}]},{"@type":"ImageObject","inLanguage":"fr-FR","@id":"https:\/\/blumiz.com\/fr\/produit\/trim-cbd-indoor-7\/#primaryimage","url":"https:\/\/blumiz.com\/wp-content\/uploads\/2022\/09\/TRIM-CBD-blume-cbd-billig-DEUTSCHLAND.webp","contentUrl":"https:\/\/blumiz.com\/wp-content\/uploads\/2022\/09\/TRIM-CBD-blume-cbd-billig-DEUTSCHLAND.webp","width":600,"height":600},{"@type":"BreadcrumbList","@id":"https:\/\/blumiz.com\/fr\/produit\/trim-cbd-indoor-7\/#breadcrumb","itemListElement":[{"@type":"ListItem","position":1,"name":"Blumiz","item":"https:\/\/blumiz.com\/fr\/"},{"@type":"ListItem","position":2,"name":"CBD Shop","item":"https:\/\/blumiz.com\/fr\/acheter-cbd-shop\/"},{"@type":"ListItem","position":3,"name":"Fleurs de CBD","item":"https:\/\/blumiz.com\/fr\/category\/fleurs-de-cbd\/"},{"@type":"ListItem","position":4,"name":"Trim CBD Indoor Mix &#8211; Fleur CBD 7%."}]},{"@type":"WebSite","@id":"https:\/\/blumiz.com\/fr\/#website","url":"https:\/\/blumiz.com\/fr\/","name":"Blumiz - Premium CBD","description":"Blumiz, Cannabis specialist","publisher":{"@id":"https:\/\/blumiz.com\/fr\/#organization"},"alternateName":"Blumiz","potentialAction":[{"@type":"SearchAction","target":{"@type":"EntryPoint","urlTemplate":"https:\/\/blumiz.com\/fr\/?s={search_term_string}"},"query-input":{"@type":"PropertyValueSpecification","valueRequired":true,"valueName":"search_term_string"}}],"inLanguage":"fr-FR"},{"@type":"Organization","@id":"https:\/\/blumiz.com\/fr\/#organization","name":"Blumiz CBD","alternateName":"Blumiz","url":"https:\/\/blumiz.com\/fr\/","logo":{"@type":"ImageObject","inLanguage":"fr-FR","@id":"https:\/\/blumiz.com\/fr\/#\/schema\/logo\/image\/","url":"https:\/\/blumiz.com\/wp-content\/uploads\/2026\/02\/cropped-Blumiz-CBD-logo.webp","contentUrl":"https:\/\/blumiz.com\/wp-content\/uploads\/2026\/02\/cropped-Blumiz-CBD-logo.webp","width":2547,"height":778,"caption":"Blumiz CBD"},"image":{"@id":"https:\/\/blumiz.com\/fr\/#\/schema\/logo\/image\/"}}]},"og_availability":"instock","product_availability":"instock","product_retailer_item_id":"2188581","product_condition":"new"},"_links":{"self":[{"href":"https:\/\/blumiz.com\/fr\/wp-json\/wp\/v2\/product\/7447","targetHints":{"allow":["GET"]}}],"collection":[{"href":"https:\/\/blumiz.com\/fr\/wp-json\/wp\/v2\/product"}],"about":[{"href":"https:\/\/blumiz.com\/fr\/wp-json\/wp\/v2\/types\/product"}],"replies":[{"embeddable":true,"href":"https:\/\/blumiz.com\/fr\/wp-json\/wp\/v2\/comments?post=7447"}],"version-history":[{"count":0,"href":"https:\/\/blumiz.com\/fr\/wp-json\/wp\/v2\/product\/7447\/revisions"}],"wp:featuredmedia":[{"embeddable":true,"href":"https:\/\/blumiz.com\/fr\/wp-json\/wp\/v2\/media\/6903"}],"wp:attachment":[{"href":"https:\/\/blumiz.com\/fr\/wp-json\/wp\/v2\/media?parent=7447"}],"wp:term":[{"taxonomy":"product_brand","embeddable":true,"href":"https:\/\/blumiz.com\/fr\/wp-json\/wp\/v2\/product_brand?post=7447"},{"taxonomy":"product_cat","embeddable":true,"href":"https:\/\/blumiz.com\/fr\/wp-json\/wp\/v2\/product_cat?post=7447"},{"taxonomy":"product_tag","embeddable":true,"href":"https:\/\/blumiz.com\/fr\/wp-json\/wp\/v2\/product_tag?post=7447"}],"curies":[{"name":"wp","href":"https:\/\/api.w.org\/{rel}","templated":true}]}}