{"id":7469,"date":"2020-09-06T08:55:38","date_gmt":"2020-09-06T07:55:38","guid":{"rendered":"https:\/\/blumiz.com\/?post_type=product&#038;p=7469"},"modified":"2025-02-11T13:31:21","modified_gmt":"2025-02-11T12:31:21","slug":"enecta-350mg-cbd-creme-hydratante-50ml","status":"publish","type":"product","link":"https:\/\/blumiz.com\/fr\/produit\/enecta-350mg-cbd-creme-hydratante-50ml\/","title":{"rendered":"Enecta 350mg CBD cr\u00e8me hydratante (50ml)"},"content":{"rendered":"<p>Body Lotion avec CBD ENECTA (200 mg) est une lotion hydratante pour le soin quotidien de la peau du corps. Lotion corporelle riche en CBD pour prot\u00e9ger tous les types de peau, m\u00eame les plus sensibles. Tr\u00e8s l\u00e9ger, s&#8217;\u00e9tale bien sur la peau et p\u00e9n\u00e8tre rapidement.<\/p>\n<p>Formule \u00e0 base d&#8217;huiles essentielles naturelles, dont l&#8217;huile de graines de chanvre, particuli\u00e8rement nourrissante. Le r\u00e9sultat de l&#8217;utilisation de cette lotion corporelle ENECTA est une peau saine et rayonnante. Produit 100 % v\u00e9g\u00e9talien.<\/p>\n<p>Principes actifs des ingr\u00e9dients de la lotion corporelle au CBD ENECTA<\/p>\n<p>CBD (200 mg) : agit comme un analg\u00e9sique et a des propri\u00e9t\u00e9s antioxydantes.<br \/>\nHuile de graines de chanvre : huile tr\u00e8s hydratante et nourrissante pour la peau.<br \/>\nHuile d&#8217;amande douce et beurre de karit\u00e9 : huiles aux propri\u00e9t\u00e9s r\u00e9paratrices de la barri\u00e8re cutan\u00e9e, elles aident \u00e0 reconstruire les lipides de la couche corn\u00e9e et apportent hydratation et \u00e9lasticit\u00e9 \u00e0 la peau.<br \/>\nVitamine E naturelle : m\u00e9lange de tocoph\u00e9rols antioxydants issus de l&#8217;huile de tournesol, riche en squal\u00e8ne naturel.<br \/>\nPropri\u00e9t\u00e9s de la lotion corporelle au CBD ENECTA<\/p>\n<p>Lotion hydratante riche en CBD pour la protection quotidienne de tous les types de peau, m\u00eame les plus sensibles.<br \/>\nEffet hydratant et nourrissant \u00e9lev\u00e9 sur la peau.<br \/>\nEffet antioxydant et apaisant.<br \/>\nLotion hydratante tr\u00e8s l\u00e9g\u00e8re, s&#8217;\u00e9tale facilement sur la peau et p\u00e9n\u00e8tre rapidement.<br \/>\nProduit 100 % v\u00e9g\u00e9talien.<br \/>\nComment utiliser la lotion corporelle au CBD ENECTA<\/p>\n<p>Appliquez sur une peau propre.<br \/>\nIl est recommand\u00e9 de l&#8217;appliquer sur une peau s\u00e8che apr\u00e8s la douche.<br \/>\n\u00c9talez la lotion sur tout le corps et massez jusqu&#8217;\u00e0 ce qu&#8217;elle soit absorb\u00e9e par la peau.<br \/>\nSi n\u00e9cessaire, appliquez davantage de lotion sur les zones o\u00f9 la peau est plus s\u00e8che.<br \/>\nComposition :<\/p>\n<p>Aqua [Wasser], Prunus amygdalus dulcis (huile d&#8217;amande douce), st\u00e9arate d&#8217;\u00e9thylhexyle, caprylate de propylheptyle, beurre Butyrospermum parkii (karit\u00e9), dist\u00e9arate de polyglyceryl-3-m\u00e9thylglucose, huile de Ricinus Communis (ricin), glyc\u00e9ryle, alcool c\u00e9t\u00e9arylique, huile de graines de Cannabis Sativa, cannabidiol, cire de Copernicia Cerifera (carnauba), Tocopherol, 1,2-hexanediol, Caprylyl Glycol, Hydrogenated Castor Oil, Acacia Senegal Gum, Helianthus Seed Oil annuus (tournesol), gomme xanthane, diac\u00e9tate de glutamate t\u00e9trasodique, Parfum [Duft], Benzylsalicylate , Linalool, Hexylcinnamon, Alpha-Isom\u00e9thylionone, Tropolon, Geraniol, Squalen*, Citronellol, B\u00eata-Sitost\u00e9rol. * Huile de tournesol.<\/p>\n","protected":false},"excerpt":{"rendered":"<p>Body Lotion avec CBD ENECTA (200 mg) est une lotion hydratante pour le soin quotidien de la peau du corps. Lotion corporelle riche en CBD pour prot\u00e9ger tous les types de peau, m\u00eame les plus sensibles. Tr\u00e8s l\u00e9ger, s&#8217;\u00e9tale bien sur la peau et p\u00e9n\u00e8tre rapidement.<\/p>\n<p>200 ml<\/p>\n<p>Formule \u00e0 base d&#8217;huiles essentielles naturelles, dont l&#8217;huile de graines de chanvre, particuli\u00e8rement nourrissante. Le r\u00e9sultat de l&#8217;utilisation de cette lotion corporelle ENECTA est une peau saine et rayonnante. Produit 100 % v\u00e9g\u00e9talien.<\/p>\n","protected":false},"featured_media":6787,"comment_status":"open","ping_status":"closed","template":"","meta":{"site-sidebar-layout":"default","site-content-layout":"default","ast-site-content-layout":"default","site-content-style":"default","site-sidebar-style":"default","ast-global-header-display":"","ast-banner-title-visibility":"","ast-main-header-display":"","ast-hfb-above-header-display":"","ast-hfb-below-header-display":"","ast-hfb-mobile-header-display":"","site-post-title":"","ast-breadcrumbs-content":"","ast-featured-img":"","footer-sml-layout":"","ast-disable-related-posts":"","theme-transparent-header-meta":"default","adv-header-id-meta":"","stick-header-meta":"default","header-above-stick-meta":"","header-main-stick-meta":"","header-below-stick-meta":"","astra-migrate-meta-layouts":"set","ast-page-background-enabled":"default","ast-page-background-meta":{"desktop":{"background-color":"","background-image":"","background-repeat":"repeat","background-position":"center center","background-size":"auto","background-attachment":"scroll","background-type":"","background-media":"","overlay-type":"","overlay-color":"","overlay-opacity":"","overlay-gradient":""},"tablet":{"background-color":"","background-image":"","background-repeat":"repeat","background-position":"center center","background-size":"auto","background-attachment":"scroll","background-type":"","background-media":"","overlay-type":"","overlay-color":"","overlay-opacity":"","overlay-gradient":""},"mobile":{"background-color":"","background-image":"","background-repeat":"repeat","background-position":"center center","background-size":"auto","background-attachment":"scroll","background-type":"","background-media":"","overlay-type":"","overlay-color":"","overlay-opacity":"","overlay-gradient":""}},"ast-content-background-meta":{"desktop":{"background-color":"var(--ast-global-color-5)","background-image":"","background-repeat":"repeat","background-position":"center center","background-size":"auto","background-attachment":"scroll","background-type":"","background-media":"","overlay-type":"","overlay-color":"","overlay-opacity":"","overlay-gradient":""},"tablet":{"background-color":"var(--ast-global-color-5)","background-image":"","background-repeat":"repeat","background-position":"center center","background-size":"auto","background-attachment":"scroll","background-type":"","background-media":"","overlay-type":"","overlay-color":"","overlay-opacity":"","overlay-gradient":""},"mobile":{"background-color":"var(--ast-global-color-5)","background-image":"","background-repeat":"repeat","background-position":"center center","background-size":"auto","background-attachment":"scroll","background-type":"","background-media":"","overlay-type":"","overlay-color":"","overlay-opacity":"","overlay-gradient":""}}},"product_brand":[],"product_cat":[304,172],"product_tag":[],"class_list":{"0":"post-7469","1":"product","2":"type-product","3":"status-publish","4":"has-post-thumbnail","6":"product_cat-cbd-fr","7":"product_cat-cosmetiques","8":"desktop-align-left","9":"tablet-align-center","10":"mobile-align-left","11":"ast-product-gallery-layout-vertical","12":"ast-product-gallery-with-no-image","13":"ast-magnify-disabled","14":"ast-product-tabs-layout-horizontal","16":"first","17":"instock","18":"taxable","19":"shipping-taxable","20":"purchasable","21":"product-type-simple"},"yoast_head":"<!-- This site is optimized with the Yoast SEO Premium plugin v27.2 (Yoast SEO v27.4) - https:\/\/yoast.com\/product\/yoast-seo-premium-wordpress\/ -->\n<title>Enecta 350mg CBD cr\u00e8me hydratante (50ml) - Blumiz - Premium CBD<\/title>\n<meta name=\"description\" content=\"Enecta 350mg CBD cr\u00e8me hydratante (50ml) - Blumiz - Premium CBD\" \/>\n<meta name=\"robots\" content=\"index, follow, max-snippet:-1, max-image-preview:large, max-video-preview:-1\" \/>\n<link rel=\"canonical\" href=\"https:\/\/blumiz.com\/fr\/produit\/enecta-350mg-cbd-creme-hydratante-50ml\/\" \/>\n<meta property=\"og:locale\" content=\"fr_FR\" \/>\n<meta property=\"og:type\" content=\"article\" \/>\n<meta property=\"og:title\" content=\"Enecta 350mg CBD cr\u00e8me hydratante (50ml)\" \/>\n<meta property=\"og:description\" content=\"Enecta 350mg CBD cr\u00e8me hydratante (50ml) Blumiz - Premium CBD\" \/>\n<meta property=\"og:url\" content=\"https:\/\/blumiz.com\/fr\/produit\/enecta-350mg-cbd-creme-hydratante-50ml\/\" \/>\n<meta property=\"og:site_name\" content=\"Blumiz - Premium CBD\" \/>\n<meta property=\"article:modified_time\" content=\"2025-02-11T12:31:21+00:00\" \/>\n<meta property=\"og:image\" content=\"https:\/\/blumiz.com\/wp-content\/uploads\/2022\/09\/Enecta-350mg-CBD-Feuchtigkeitscreme-50ml.webp\" \/>\n\t<meta property=\"og:image:width\" content=\"600\" \/>\n\t<meta property=\"og:image:height\" content=\"600\" \/>\n\t<meta property=\"og:image:type\" content=\"image\/webp\" \/>\n<meta name=\"twitter:card\" content=\"summary_large_image\" \/>\n<meta name=\"twitter:label1\" content=\"Prix\" \/>\n\t<meta name=\"twitter:data1\" content=\"29,95&nbsp;&euro;\" \/>\n\t<meta name=\"twitter:label2\" content=\"Disponibilit\u00e9\" \/>\n\t<meta name=\"twitter:data2\" content=\"En stock\" \/>\n<script type=\"application\/ld+json\" class=\"yoast-schema-graph\">{\"@context\":\"https:\\\/\\\/schema.org\",\"@graph\":[{\"@type\":\"WebPage\",\"@id\":\"https:\\\/\\\/blumiz.com\\\/fr\\\/produit\\\/enecta-350mg-cbd-creme-hydratante-50ml\\\/\",\"url\":\"https:\\\/\\\/blumiz.com\\\/fr\\\/produit\\\/enecta-350mg-cbd-creme-hydratante-50ml\\\/\",\"name\":\"Enecta 350mg CBD cr\u00e8me hydratante (50ml) - Blumiz - Premium CBD\",\"isPartOf\":{\"@id\":\"https:\\\/\\\/blumiz.com\\\/fr\\\/#website\"},\"primaryImageOfPage\":{\"@id\":\"https:\\\/\\\/blumiz.com\\\/fr\\\/produit\\\/enecta-350mg-cbd-creme-hydratante-50ml\\\/#primaryimage\"},\"image\":{\"@id\":\"https:\\\/\\\/blumiz.com\\\/fr\\\/produit\\\/enecta-350mg-cbd-creme-hydratante-50ml\\\/#primaryimage\"},\"thumbnailUrl\":\"https:\\\/\\\/blumiz.com\\\/wp-content\\\/uploads\\\/2022\\\/09\\\/Enecta-350mg-CBD-Feuchtigkeitscreme-50ml.webp\",\"datePublished\":\"2020-09-06T07:55:38+00:00\",\"dateModified\":\"2025-02-11T12:31:21+00:00\",\"description\":\"Enecta 350mg CBD cr\u00e8me hydratante (50ml) - Blumiz - Premium CBD\",\"breadcrumb\":{\"@id\":\"https:\\\/\\\/blumiz.com\\\/fr\\\/produit\\\/enecta-350mg-cbd-creme-hydratante-50ml\\\/#breadcrumb\"},\"inLanguage\":\"fr-FR\",\"potentialAction\":[{\"@type\":\"ReadAction\",\"target\":[\"https:\\\/\\\/blumiz.com\\\/fr\\\/produit\\\/enecta-350mg-cbd-creme-hydratante-50ml\\\/\"]}]},{\"@type\":\"ImageObject\",\"inLanguage\":\"fr-FR\",\"@id\":\"https:\\\/\\\/blumiz.com\\\/fr\\\/produit\\\/enecta-350mg-cbd-creme-hydratante-50ml\\\/#primaryimage\",\"url\":\"https:\\\/\\\/blumiz.com\\\/wp-content\\\/uploads\\\/2022\\\/09\\\/Enecta-350mg-CBD-Feuchtigkeitscreme-50ml.webp\",\"contentUrl\":\"https:\\\/\\\/blumiz.com\\\/wp-content\\\/uploads\\\/2022\\\/09\\\/Enecta-350mg-CBD-Feuchtigkeitscreme-50ml.webp\",\"width\":600,\"height\":600},{\"@type\":\"BreadcrumbList\",\"@id\":\"https:\\\/\\\/blumiz.com\\\/fr\\\/produit\\\/enecta-350mg-cbd-creme-hydratante-50ml\\\/#breadcrumb\",\"itemListElement\":[{\"@type\":\"ListItem\",\"position\":1,\"name\":\"Blumiz\",\"item\":\"https:\\\/\\\/blumiz.com\\\/fr\\\/\"},{\"@type\":\"ListItem\",\"position\":2,\"name\":\"CBD Shop\",\"item\":\"https:\\\/\\\/blumiz.com\\\/fr\\\/acheter-cbd-shop\\\/\"},{\"@type\":\"ListItem\",\"position\":3,\"name\":\"Bien \u00eatre CBD\",\"item\":\"https:\\\/\\\/blumiz.com\\\/fr\\\/category\\\/bien-etre-cbd\\\/\"},{\"@type\":\"ListItem\",\"position\":4,\"name\":\"Cosm\u00e9tiques\",\"item\":\"https:\\\/\\\/blumiz.com\\\/fr\\\/category\\\/bien-etre-cbd\\\/cosmetiques\\\/\"},{\"@type\":\"ListItem\",\"position\":5,\"name\":\"Enecta 350mg CBD cr\u00e8me hydratante (50ml)\"}]},{\"@type\":\"WebSite\",\"@id\":\"https:\\\/\\\/blumiz.com\\\/fr\\\/#website\",\"url\":\"https:\\\/\\\/blumiz.com\\\/fr\\\/\",\"name\":\"Blumiz - Premium CBD\",\"description\":\"Blumiz, Cannabis specialist\",\"publisher\":{\"@id\":\"https:\\\/\\\/blumiz.com\\\/fr\\\/#organization\"},\"alternateName\":\"Blumiz\",\"potentialAction\":[{\"@type\":\"SearchAction\",\"target\":{\"@type\":\"EntryPoint\",\"urlTemplate\":\"https:\\\/\\\/blumiz.com\\\/fr\\\/?s={search_term_string}\"},\"query-input\":{\"@type\":\"PropertyValueSpecification\",\"valueRequired\":true,\"valueName\":\"search_term_string\"}}],\"inLanguage\":\"fr-FR\"},{\"@type\":\"Organization\",\"@id\":\"https:\\\/\\\/blumiz.com\\\/fr\\\/#organization\",\"name\":\"Blumiz CBD\",\"alternateName\":\"Blumiz\",\"url\":\"https:\\\/\\\/blumiz.com\\\/fr\\\/\",\"logo\":{\"@type\":\"ImageObject\",\"inLanguage\":\"fr-FR\",\"@id\":\"https:\\\/\\\/blumiz.com\\\/fr\\\/#\\\/schema\\\/logo\\\/image\\\/\",\"url\":\"https:\\\/\\\/blumiz.com\\\/wp-content\\\/uploads\\\/2026\\\/02\\\/cropped-Blumiz-CBD-logo.webp\",\"contentUrl\":\"https:\\\/\\\/blumiz.com\\\/wp-content\\\/uploads\\\/2026\\\/02\\\/cropped-Blumiz-CBD-logo.webp\",\"width\":2547,\"height\":778,\"caption\":\"Blumiz CBD\"},\"image\":{\"@id\":\"https:\\\/\\\/blumiz.com\\\/fr\\\/#\\\/schema\\\/logo\\\/image\\\/\"}}]}<\/script>\n<meta property=\"product:price:amount\" content=\"29.95\" \/>\n<meta property=\"product:price:currency\" content=\"EUR\" \/>\n<meta property=\"og:availability\" content=\"instock\" \/>\n<meta property=\"product:availability\" content=\"instock\" \/>\n<meta property=\"product:retailer_item_id\" content=\"1697\" \/>\n<meta property=\"product:condition\" content=\"new\" \/>\n<!-- \/ Yoast SEO Premium plugin. -->","yoast_head_json":{"title":"Enecta 350mg CBD cr\u00e8me hydratante (50ml) - Blumiz - Premium CBD","description":"Enecta 350mg CBD cr\u00e8me hydratante (50ml) - Blumiz - Premium CBD","robots":{"index":"index","follow":"follow","max-snippet":"max-snippet:-1","max-image-preview":"max-image-preview:large","max-video-preview":"max-video-preview:-1"},"canonical":"https:\/\/blumiz.com\/fr\/produit\/enecta-350mg-cbd-creme-hydratante-50ml\/","og_locale":"fr_FR","og_type":"article","og_title":"Enecta 350mg CBD cr\u00e8me hydratante (50ml)","og_description":"Enecta 350mg CBD cr\u00e8me hydratante (50ml) Blumiz - Premium CBD","og_url":"https:\/\/blumiz.com\/fr\/produit\/enecta-350mg-cbd-creme-hydratante-50ml\/","og_site_name":"Blumiz - Premium CBD","article_modified_time":"2025-02-11T12:31:21+00:00","og_image":[{"width":600,"height":600,"url":"https:\/\/blumiz.com\/wp-content\/uploads\/2022\/09\/Enecta-350mg-CBD-Feuchtigkeitscreme-50ml.webp","type":"image\/webp"}],"twitter_card":"summary_large_image","twitter_misc":{"Prix":"29,95&nbsp;&euro;","Disponibilit\u00e9":"En stock"},"schema":{"@context":"https:\/\/schema.org","@graph":[{"@type":"WebPage","@id":"https:\/\/blumiz.com\/fr\/produit\/enecta-350mg-cbd-creme-hydratante-50ml\/","url":"https:\/\/blumiz.com\/fr\/produit\/enecta-350mg-cbd-creme-hydratante-50ml\/","name":"Enecta 350mg CBD cr\u00e8me hydratante (50ml) - Blumiz - Premium CBD","isPartOf":{"@id":"https:\/\/blumiz.com\/fr\/#website"},"primaryImageOfPage":{"@id":"https:\/\/blumiz.com\/fr\/produit\/enecta-350mg-cbd-creme-hydratante-50ml\/#primaryimage"},"image":{"@id":"https:\/\/blumiz.com\/fr\/produit\/enecta-350mg-cbd-creme-hydratante-50ml\/#primaryimage"},"thumbnailUrl":"https:\/\/blumiz.com\/wp-content\/uploads\/2022\/09\/Enecta-350mg-CBD-Feuchtigkeitscreme-50ml.webp","datePublished":"2020-09-06T07:55:38+00:00","dateModified":"2025-02-11T12:31:21+00:00","description":"Enecta 350mg CBD cr\u00e8me hydratante (50ml) - Blumiz - Premium CBD","breadcrumb":{"@id":"https:\/\/blumiz.com\/fr\/produit\/enecta-350mg-cbd-creme-hydratante-50ml\/#breadcrumb"},"inLanguage":"fr-FR","potentialAction":[{"@type":"ReadAction","target":["https:\/\/blumiz.com\/fr\/produit\/enecta-350mg-cbd-creme-hydratante-50ml\/"]}]},{"@type":"ImageObject","inLanguage":"fr-FR","@id":"https:\/\/blumiz.com\/fr\/produit\/enecta-350mg-cbd-creme-hydratante-50ml\/#primaryimage","url":"https:\/\/blumiz.com\/wp-content\/uploads\/2022\/09\/Enecta-350mg-CBD-Feuchtigkeitscreme-50ml.webp","contentUrl":"https:\/\/blumiz.com\/wp-content\/uploads\/2022\/09\/Enecta-350mg-CBD-Feuchtigkeitscreme-50ml.webp","width":600,"height":600},{"@type":"BreadcrumbList","@id":"https:\/\/blumiz.com\/fr\/produit\/enecta-350mg-cbd-creme-hydratante-50ml\/#breadcrumb","itemListElement":[{"@type":"ListItem","position":1,"name":"Blumiz","item":"https:\/\/blumiz.com\/fr\/"},{"@type":"ListItem","position":2,"name":"CBD Shop","item":"https:\/\/blumiz.com\/fr\/acheter-cbd-shop\/"},{"@type":"ListItem","position":3,"name":"Bien \u00eatre CBD","item":"https:\/\/blumiz.com\/fr\/category\/bien-etre-cbd\/"},{"@type":"ListItem","position":4,"name":"Cosm\u00e9tiques","item":"https:\/\/blumiz.com\/fr\/category\/bien-etre-cbd\/cosmetiques\/"},{"@type":"ListItem","position":5,"name":"Enecta 350mg CBD cr\u00e8me hydratante (50ml)"}]},{"@type":"WebSite","@id":"https:\/\/blumiz.com\/fr\/#website","url":"https:\/\/blumiz.com\/fr\/","name":"Blumiz - Premium CBD","description":"Blumiz, Cannabis specialist","publisher":{"@id":"https:\/\/blumiz.com\/fr\/#organization"},"alternateName":"Blumiz","potentialAction":[{"@type":"SearchAction","target":{"@type":"EntryPoint","urlTemplate":"https:\/\/blumiz.com\/fr\/?s={search_term_string}"},"query-input":{"@type":"PropertyValueSpecification","valueRequired":true,"valueName":"search_term_string"}}],"inLanguage":"fr-FR"},{"@type":"Organization","@id":"https:\/\/blumiz.com\/fr\/#organization","name":"Blumiz CBD","alternateName":"Blumiz","url":"https:\/\/blumiz.com\/fr\/","logo":{"@type":"ImageObject","inLanguage":"fr-FR","@id":"https:\/\/blumiz.com\/fr\/#\/schema\/logo\/image\/","url":"https:\/\/blumiz.com\/wp-content\/uploads\/2026\/02\/cropped-Blumiz-CBD-logo.webp","contentUrl":"https:\/\/blumiz.com\/wp-content\/uploads\/2026\/02\/cropped-Blumiz-CBD-logo.webp","width":2547,"height":778,"caption":"Blumiz CBD"},"image":{"@id":"https:\/\/blumiz.com\/fr\/#\/schema\/logo\/image\/"}}]},"product_price_amount":"29.95","product_price_currency":"EUR","og_availability":"instock","product_availability":"instock","product_retailer_item_id":"1697","product_condition":"new"},"_links":{"self":[{"href":"https:\/\/blumiz.com\/fr\/wp-json\/wp\/v2\/product\/7469","targetHints":{"allow":["GET"]}}],"collection":[{"href":"https:\/\/blumiz.com\/fr\/wp-json\/wp\/v2\/product"}],"about":[{"href":"https:\/\/blumiz.com\/fr\/wp-json\/wp\/v2\/types\/product"}],"replies":[{"embeddable":true,"href":"https:\/\/blumiz.com\/fr\/wp-json\/wp\/v2\/comments?post=7469"}],"version-history":[{"count":0,"href":"https:\/\/blumiz.com\/fr\/wp-json\/wp\/v2\/product\/7469\/revisions"}],"wp:featuredmedia":[{"embeddable":true,"href":"https:\/\/blumiz.com\/fr\/wp-json\/wp\/v2\/media\/6787"}],"wp:attachment":[{"href":"https:\/\/blumiz.com\/fr\/wp-json\/wp\/v2\/media?parent=7469"}],"wp:term":[{"taxonomy":"product_brand","embeddable":true,"href":"https:\/\/blumiz.com\/fr\/wp-json\/wp\/v2\/product_brand?post=7469"},{"taxonomy":"product_cat","embeddable":true,"href":"https:\/\/blumiz.com\/fr\/wp-json\/wp\/v2\/product_cat?post=7469"},{"taxonomy":"product_tag","embeddable":true,"href":"https:\/\/blumiz.com\/fr\/wp-json\/wp\/v2\/product_tag?post=7469"}],"curies":[{"name":"wp","href":"https:\/\/api.w.org\/{rel}","templated":true}]}}