{"id":7472,"date":"2020-09-07T08:50:06","date_gmt":"2020-09-07T07:50:06","guid":{"rendered":"https:\/\/blumiz.com\/produkt\/chanvre-nature-huile-de-chanvre-savon-doux-100g\/"},"modified":"2025-02-11T13:31:14","modified_gmt":"2025-02-11T12:31:14","slug":"hanf-natur-huile-chanvre-savon-doux-100g","status":"publish","type":"product","link":"https:\/\/blumiz.com\/fr\/produit\/hanf-natur-huile-chanvre-savon-doux-100g\/","title":{"rendered":"Savon doux 100g \u00e0 l&#8217;huile de Chanvre &#8211; Hanf Natur"},"content":{"rendered":"<p>Les savons de Hanf&amp;Natur sont fabriqu\u00e9s selon une ancienne recette traditionnelle de saponification. L&#8217;huile de chanvre 100% pure sert de base.<br \/>\nGr\u00e2ce \u00e0 la m\u00e9thode de traitement douce, une grande quantit\u00e9 de glyc\u00e9rine nourrissante et hydratante est conserv\u00e9e. Les pr\u00e9cieuses parties non saponifi\u00e9es de l&#8217;huile de chanvre prot\u00e8gent la peau contre les effets nocifs de l&#8217;environnement.<\/p>\n<p>Le <strong>savon doux \u00e0 l&#8217;huile de chanvre<\/strong> est un savon naturel particuli\u00e8rement doux pour le nettoyage quotidien.<br \/>\nLa peau est nettoy\u00e9e en douceur et n&#8217;est pas agress\u00e9e gr\u00e2ce \u00e0 la teneur \u00e9lev\u00e9e en huile de chanvre. Gr\u00e2ce \u00e0 sa teneur en glyc\u00e9rine naturelle, l&#8217;hydratation de la peau est influenc\u00e9e positivement.<br \/>\nCe savon convient \u00e9galement parfaitement aux peaux particuli\u00e8rement sensibles, car il ne contient ni conservateurs ni parfums.<\/p>\n<p>Ingr\u00e9dients : Sodium Palmate, Sodium Palm Kernelate, Aqua, Cannabis Sativa Seed Oil, Glycerin, Sodium Chloride, Tetrasodium EDTA, Tetrasodium Etidronate<\/p>\n","protected":false},"excerpt":{"rendered":"<h2>Savon doux \u00e0 l&#8217;huile de chanvre 100g de Hanf&amp;Natur<\/h2>\n<p>100% naturel<\/p>\n","protected":false},"featured_media":6788,"comment_status":"open","ping_status":"closed","template":"","meta":{"site-sidebar-layout":"default","site-content-layout":"default","ast-site-content-layout":"default","site-content-style":"default","site-sidebar-style":"default","ast-global-header-display":"","ast-banner-title-visibility":"","ast-main-header-display":"","ast-hfb-above-header-display":"","ast-hfb-below-header-display":"","ast-hfb-mobile-header-display":"","site-post-title":"","ast-breadcrumbs-content":"","ast-featured-img":"","footer-sml-layout":"","ast-disable-related-posts":"","theme-transparent-header-meta":"default","adv-header-id-meta":"","stick-header-meta":"default","header-above-stick-meta":"","header-main-stick-meta":"","header-below-stick-meta":"","astra-migrate-meta-layouts":"default","ast-page-background-enabled":"default","ast-page-background-meta":{"desktop":{"background-color":"","background-image":"","background-repeat":"repeat","background-position":"center center","background-size":"auto","background-attachment":"scroll","background-type":"","background-media":"","overlay-type":"","overlay-color":"","overlay-opacity":"","overlay-gradient":""},"tablet":{"background-color":"","background-image":"","background-repeat":"repeat","background-position":"center center","background-size":"auto","background-attachment":"scroll","background-type":"","background-media":"","overlay-type":"","overlay-color":"","overlay-opacity":"","overlay-gradient":""},"mobile":{"background-color":"","background-image":"","background-repeat":"repeat","background-position":"center center","background-size":"auto","background-attachment":"scroll","background-type":"","background-media":"","overlay-type":"","overlay-color":"","overlay-opacity":"","overlay-gradient":""}},"ast-content-background-meta":{"desktop":{"background-color":"var(--ast-global-color-5)","background-image":"","background-repeat":"repeat","background-position":"center center","background-size":"auto","background-attachment":"scroll","background-type":"","background-media":"","overlay-type":"","overlay-color":"","overlay-opacity":"","overlay-gradient":""},"tablet":{"background-color":"var(--ast-global-color-5)","background-image":"","background-repeat":"repeat","background-position":"center center","background-size":"auto","background-attachment":"scroll","background-type":"","background-media":"","overlay-type":"","overlay-color":"","overlay-opacity":"","overlay-gradient":""},"mobile":{"background-color":"var(--ast-global-color-5)","background-image":"","background-repeat":"repeat","background-position":"center center","background-size":"auto","background-attachment":"scroll","background-type":"","background-media":"","overlay-type":"","overlay-color":"","overlay-opacity":"","overlay-gradient":""}}},"product_brand":[],"product_cat":[172],"product_tag":[],"class_list":{"0":"post-7472","1":"product","2":"type-product","3":"status-publish","4":"has-post-thumbnail","6":"product_cat-cosmetiques","7":"desktop-align-left","8":"tablet-align-center","9":"mobile-align-left","10":"ast-product-gallery-layout-vertical","11":"ast-product-gallery-with-no-image","12":"ast-magnify-disabled","13":"ast-product-tabs-layout-horizontal","15":"first","16":"instock","17":"taxable","18":"shipping-taxable","19":"purchasable","20":"product-type-simple"},"yoast_head":"<!-- This site is optimized with the Yoast SEO Premium plugin v27.2 (Yoast SEO v27.3) - https:\/\/yoast.com\/product\/yoast-seo-premium-wordpress\/ -->\n<title>Savon doux 100g \u00e0 l&#039;huile de Chanvre - Hanf Natur - Blumiz - Premium CBD<\/title>\n<meta name=\"description\" content=\"Savon doux 100g \u00e0 l&#039;huile de Chanvre - Hanf Natur - Blumiz - Premium CBD\" \/>\n<meta name=\"robots\" content=\"index, follow, max-snippet:-1, max-image-preview:large, max-video-preview:-1\" \/>\n<link rel=\"canonical\" href=\"https:\/\/blumiz.com\/fr\/produit\/hanf-natur-huile-chanvre-savon-doux-100g\/\" \/>\n<meta property=\"og:locale\" content=\"fr_FR\" \/>\n<meta property=\"og:type\" content=\"article\" \/>\n<meta property=\"og:title\" content=\"Savon doux 100g \u00e0 l&#039;huile de Chanvre - Hanf Natur\" \/>\n<meta property=\"og:description\" content=\"Savon doux 100g \u00e0 l&#039;huile de Chanvre - Hanf Natur Blumiz - Premium CBD\" \/>\n<meta property=\"og:url\" content=\"https:\/\/blumiz.com\/fr\/produit\/hanf-natur-huile-chanvre-savon-doux-100g\/\" \/>\n<meta property=\"og:site_name\" content=\"Blumiz - Premium CBD\" \/>\n<meta property=\"article:modified_time\" content=\"2025-02-11T12:31:14+00:00\" \/>\n<meta property=\"og:image\" content=\"https:\/\/blumiz.com\/wp-content\/uploads\/2022\/09\/Hanf-Nature-Hanfo\u0308l-Sanfte-Seife-100g.webp\" \/>\n\t<meta property=\"og:image:width\" content=\"600\" \/>\n\t<meta property=\"og:image:height\" content=\"600\" \/>\n\t<meta property=\"og:image:type\" content=\"image\/webp\" \/>\n<meta name=\"twitter:card\" content=\"summary_large_image\" \/>\n<meta name=\"twitter:label1\" content=\"Prix\" \/>\n\t<meta name=\"twitter:data1\" content=\"2,99&nbsp;&euro;\" \/>\n\t<meta name=\"twitter:label2\" content=\"Disponibilit\u00e9\" \/>\n\t<meta name=\"twitter:data2\" content=\"En stock\" \/>\n<script type=\"application\/ld+json\" class=\"yoast-schema-graph\">{\"@context\":\"https:\\\/\\\/schema.org\",\"@graph\":[{\"@type\":\"WebPage\",\"@id\":\"https:\\\/\\\/blumiz.com\\\/fr\\\/produit\\\/hanf-natur-huile-chanvre-savon-doux-100g\\\/\",\"url\":\"https:\\\/\\\/blumiz.com\\\/fr\\\/produit\\\/hanf-natur-huile-chanvre-savon-doux-100g\\\/\",\"name\":\"Savon doux 100g \u00e0 l'huile de Chanvre - Hanf Natur - Blumiz - Premium CBD\",\"isPartOf\":{\"@id\":\"https:\\\/\\\/blumiz.com\\\/fr\\\/#website\"},\"primaryImageOfPage\":{\"@id\":\"https:\\\/\\\/blumiz.com\\\/fr\\\/produit\\\/hanf-natur-huile-chanvre-savon-doux-100g\\\/#primaryimage\"},\"image\":{\"@id\":\"https:\\\/\\\/blumiz.com\\\/fr\\\/produit\\\/hanf-natur-huile-chanvre-savon-doux-100g\\\/#primaryimage\"},\"thumbnailUrl\":\"https:\\\/\\\/blumiz.com\\\/wp-content\\\/uploads\\\/2022\\\/09\\\/Hanf-Nature-Hanfo\u0308l-Sanfte-Seife-100g.webp\",\"datePublished\":\"2020-09-07T07:50:06+00:00\",\"dateModified\":\"2025-02-11T12:31:14+00:00\",\"description\":\"Savon doux 100g \u00e0 l'huile de Chanvre - Hanf Natur - Blumiz - Premium CBD\",\"breadcrumb\":{\"@id\":\"https:\\\/\\\/blumiz.com\\\/fr\\\/produit\\\/hanf-natur-huile-chanvre-savon-doux-100g\\\/#breadcrumb\"},\"inLanguage\":\"fr-FR\",\"potentialAction\":[{\"@type\":\"ReadAction\",\"target\":[\"https:\\\/\\\/blumiz.com\\\/fr\\\/produit\\\/hanf-natur-huile-chanvre-savon-doux-100g\\\/\"]}]},{\"@type\":\"ImageObject\",\"inLanguage\":\"fr-FR\",\"@id\":\"https:\\\/\\\/blumiz.com\\\/fr\\\/produit\\\/hanf-natur-huile-chanvre-savon-doux-100g\\\/#primaryimage\",\"url\":\"https:\\\/\\\/blumiz.com\\\/wp-content\\\/uploads\\\/2022\\\/09\\\/Hanf-Nature-Hanfo\u0308l-Sanfte-Seife-100g.webp\",\"contentUrl\":\"https:\\\/\\\/blumiz.com\\\/wp-content\\\/uploads\\\/2022\\\/09\\\/Hanf-Nature-Hanfo\u0308l-Sanfte-Seife-100g.webp\",\"width\":600,\"height\":600},{\"@type\":\"BreadcrumbList\",\"@id\":\"https:\\\/\\\/blumiz.com\\\/fr\\\/produit\\\/hanf-natur-huile-chanvre-savon-doux-100g\\\/#breadcrumb\",\"itemListElement\":[{\"@type\":\"ListItem\",\"position\":1,\"name\":\"Blumiz\",\"item\":\"https:\\\/\\\/blumiz.com\\\/fr\\\/\"},{\"@type\":\"ListItem\",\"position\":2,\"name\":\"CBD Shop\",\"item\":\"https:\\\/\\\/blumiz.com\\\/fr\\\/acheter-cbd-shop\\\/\"},{\"@type\":\"ListItem\",\"position\":3,\"name\":\"Bien \u00eatre CBD\",\"item\":\"https:\\\/\\\/blumiz.com\\\/fr\\\/category\\\/bien-etre-cbd\\\/\"},{\"@type\":\"ListItem\",\"position\":4,\"name\":\"Cosm\u00e9tiques\",\"item\":\"https:\\\/\\\/blumiz.com\\\/fr\\\/category\\\/bien-etre-cbd\\\/cosmetiques\\\/\"},{\"@type\":\"ListItem\",\"position\":5,\"name\":\"Savon doux 100g \u00e0 l&#8217;huile de Chanvre &#8211; Hanf Natur\"}]},{\"@type\":\"WebSite\",\"@id\":\"https:\\\/\\\/blumiz.com\\\/fr\\\/#website\",\"url\":\"https:\\\/\\\/blumiz.com\\\/fr\\\/\",\"name\":\"Blumiz - Premium CBD\",\"description\":\"Blumiz, Cannabis specialist\",\"publisher\":{\"@id\":\"https:\\\/\\\/blumiz.com\\\/fr\\\/#organization\"},\"alternateName\":\"Blumiz\",\"potentialAction\":[{\"@type\":\"SearchAction\",\"target\":{\"@type\":\"EntryPoint\",\"urlTemplate\":\"https:\\\/\\\/blumiz.com\\\/fr\\\/?s={search_term_string}\"},\"query-input\":{\"@type\":\"PropertyValueSpecification\",\"valueRequired\":true,\"valueName\":\"search_term_string\"}}],\"inLanguage\":\"fr-FR\"},{\"@type\":\"Organization\",\"@id\":\"https:\\\/\\\/blumiz.com\\\/fr\\\/#organization\",\"name\":\"Blumiz CBD\",\"alternateName\":\"Blumiz\",\"url\":\"https:\\\/\\\/blumiz.com\\\/fr\\\/\",\"logo\":{\"@type\":\"ImageObject\",\"inLanguage\":\"fr-FR\",\"@id\":\"https:\\\/\\\/blumiz.com\\\/fr\\\/#\\\/schema\\\/logo\\\/image\\\/\",\"url\":\"https:\\\/\\\/blumiz.com\\\/wp-content\\\/uploads\\\/2026\\\/02\\\/cropped-Blumiz-CBD-logo.webp\",\"contentUrl\":\"https:\\\/\\\/blumiz.com\\\/wp-content\\\/uploads\\\/2026\\\/02\\\/cropped-Blumiz-CBD-logo.webp\",\"width\":2547,\"height\":778,\"caption\":\"Blumiz CBD\"},\"image\":{\"@id\":\"https:\\\/\\\/blumiz.com\\\/fr\\\/#\\\/schema\\\/logo\\\/image\\\/\"}}]}<\/script>\n<meta property=\"product:price:amount\" content=\"2.99\" \/>\n<meta property=\"product:price:currency\" content=\"EUR\" \/>\n<meta property=\"og:availability\" content=\"instock\" \/>\n<meta property=\"product:availability\" content=\"instock\" \/>\n<meta property=\"product:retailer_item_id\" content=\"656849\" \/>\n<meta property=\"product:condition\" content=\"new\" \/>\n<!-- \/ Yoast SEO Premium plugin. -->","yoast_head_json":{"title":"Savon doux 100g \u00e0 l'huile de Chanvre - Hanf Natur - Blumiz - Premium CBD","description":"Savon doux 100g \u00e0 l'huile de Chanvre - Hanf Natur - Blumiz - Premium CBD","robots":{"index":"index","follow":"follow","max-snippet":"max-snippet:-1","max-image-preview":"max-image-preview:large","max-video-preview":"max-video-preview:-1"},"canonical":"https:\/\/blumiz.com\/fr\/produit\/hanf-natur-huile-chanvre-savon-doux-100g\/","og_locale":"fr_FR","og_type":"article","og_title":"Savon doux 100g \u00e0 l'huile de Chanvre - Hanf Natur","og_description":"Savon doux 100g \u00e0 l'huile de Chanvre - Hanf Natur Blumiz - Premium CBD","og_url":"https:\/\/blumiz.com\/fr\/produit\/hanf-natur-huile-chanvre-savon-doux-100g\/","og_site_name":"Blumiz - Premium CBD","article_modified_time":"2025-02-11T12:31:14+00:00","og_image":[{"width":600,"height":600,"url":"https:\/\/blumiz.com\/wp-content\/uploads\/2022\/09\/Hanf-Nature-Hanfo\u0308l-Sanfte-Seife-100g.webp","type":"image\/webp"}],"twitter_card":"summary_large_image","twitter_misc":{"Prix":"2,99&nbsp;&euro;","Disponibilit\u00e9":"En stock"},"schema":{"@context":"https:\/\/schema.org","@graph":[{"@type":"WebPage","@id":"https:\/\/blumiz.com\/fr\/produit\/hanf-natur-huile-chanvre-savon-doux-100g\/","url":"https:\/\/blumiz.com\/fr\/produit\/hanf-natur-huile-chanvre-savon-doux-100g\/","name":"Savon doux 100g \u00e0 l'huile de Chanvre - Hanf Natur - Blumiz - Premium CBD","isPartOf":{"@id":"https:\/\/blumiz.com\/fr\/#website"},"primaryImageOfPage":{"@id":"https:\/\/blumiz.com\/fr\/produit\/hanf-natur-huile-chanvre-savon-doux-100g\/#primaryimage"},"image":{"@id":"https:\/\/blumiz.com\/fr\/produit\/hanf-natur-huile-chanvre-savon-doux-100g\/#primaryimage"},"thumbnailUrl":"https:\/\/blumiz.com\/wp-content\/uploads\/2022\/09\/Hanf-Nature-Hanfo\u0308l-Sanfte-Seife-100g.webp","datePublished":"2020-09-07T07:50:06+00:00","dateModified":"2025-02-11T12:31:14+00:00","description":"Savon doux 100g \u00e0 l'huile de Chanvre - Hanf Natur - Blumiz - Premium CBD","breadcrumb":{"@id":"https:\/\/blumiz.com\/fr\/produit\/hanf-natur-huile-chanvre-savon-doux-100g\/#breadcrumb"},"inLanguage":"fr-FR","potentialAction":[{"@type":"ReadAction","target":["https:\/\/blumiz.com\/fr\/produit\/hanf-natur-huile-chanvre-savon-doux-100g\/"]}]},{"@type":"ImageObject","inLanguage":"fr-FR","@id":"https:\/\/blumiz.com\/fr\/produit\/hanf-natur-huile-chanvre-savon-doux-100g\/#primaryimage","url":"https:\/\/blumiz.com\/wp-content\/uploads\/2022\/09\/Hanf-Nature-Hanfo\u0308l-Sanfte-Seife-100g.webp","contentUrl":"https:\/\/blumiz.com\/wp-content\/uploads\/2022\/09\/Hanf-Nature-Hanfo\u0308l-Sanfte-Seife-100g.webp","width":600,"height":600},{"@type":"BreadcrumbList","@id":"https:\/\/blumiz.com\/fr\/produit\/hanf-natur-huile-chanvre-savon-doux-100g\/#breadcrumb","itemListElement":[{"@type":"ListItem","position":1,"name":"Blumiz","item":"https:\/\/blumiz.com\/fr\/"},{"@type":"ListItem","position":2,"name":"CBD Shop","item":"https:\/\/blumiz.com\/fr\/acheter-cbd-shop\/"},{"@type":"ListItem","position":3,"name":"Bien \u00eatre CBD","item":"https:\/\/blumiz.com\/fr\/category\/bien-etre-cbd\/"},{"@type":"ListItem","position":4,"name":"Cosm\u00e9tiques","item":"https:\/\/blumiz.com\/fr\/category\/bien-etre-cbd\/cosmetiques\/"},{"@type":"ListItem","position":5,"name":"Savon doux 100g \u00e0 l&#8217;huile de Chanvre &#8211; Hanf Natur"}]},{"@type":"WebSite","@id":"https:\/\/blumiz.com\/fr\/#website","url":"https:\/\/blumiz.com\/fr\/","name":"Blumiz - Premium CBD","description":"Blumiz, Cannabis specialist","publisher":{"@id":"https:\/\/blumiz.com\/fr\/#organization"},"alternateName":"Blumiz","potentialAction":[{"@type":"SearchAction","target":{"@type":"EntryPoint","urlTemplate":"https:\/\/blumiz.com\/fr\/?s={search_term_string}"},"query-input":{"@type":"PropertyValueSpecification","valueRequired":true,"valueName":"search_term_string"}}],"inLanguage":"fr-FR"},{"@type":"Organization","@id":"https:\/\/blumiz.com\/fr\/#organization","name":"Blumiz CBD","alternateName":"Blumiz","url":"https:\/\/blumiz.com\/fr\/","logo":{"@type":"ImageObject","inLanguage":"fr-FR","@id":"https:\/\/blumiz.com\/fr\/#\/schema\/logo\/image\/","url":"https:\/\/blumiz.com\/wp-content\/uploads\/2026\/02\/cropped-Blumiz-CBD-logo.webp","contentUrl":"https:\/\/blumiz.com\/wp-content\/uploads\/2026\/02\/cropped-Blumiz-CBD-logo.webp","width":2547,"height":778,"caption":"Blumiz CBD"},"image":{"@id":"https:\/\/blumiz.com\/fr\/#\/schema\/logo\/image\/"}}]},"product_price_amount":"2.99","product_price_currency":"EUR","og_availability":"instock","product_availability":"instock","product_retailer_item_id":"656849","product_condition":"new"},"_links":{"self":[{"href":"https:\/\/blumiz.com\/fr\/wp-json\/wp\/v2\/product\/7472","targetHints":{"allow":["GET"]}}],"collection":[{"href":"https:\/\/blumiz.com\/fr\/wp-json\/wp\/v2\/product"}],"about":[{"href":"https:\/\/blumiz.com\/fr\/wp-json\/wp\/v2\/types\/product"}],"replies":[{"embeddable":true,"href":"https:\/\/blumiz.com\/fr\/wp-json\/wp\/v2\/comments?post=7472"}],"version-history":[{"count":0,"href":"https:\/\/blumiz.com\/fr\/wp-json\/wp\/v2\/product\/7472\/revisions"}],"wp:featuredmedia":[{"embeddable":true,"href":"https:\/\/blumiz.com\/fr\/wp-json\/wp\/v2\/media\/6788"}],"wp:attachment":[{"href":"https:\/\/blumiz.com\/fr\/wp-json\/wp\/v2\/media?parent=7472"}],"wp:term":[{"taxonomy":"product_brand","embeddable":true,"href":"https:\/\/blumiz.com\/fr\/wp-json\/wp\/v2\/product_brand?post=7472"},{"taxonomy":"product_cat","embeddable":true,"href":"https:\/\/blumiz.com\/fr\/wp-json\/wp\/v2\/product_cat?post=7472"},{"taxonomy":"product_tag","embeddable":true,"href":"https:\/\/blumiz.com\/fr\/wp-json\/wp\/v2\/product_tag?post=7472"}],"curies":[{"name":"wp","href":"https:\/\/api.w.org\/{rel}","templated":true}]}}