{"id":7475,"date":"2020-09-07T07:37:18","date_gmt":"2020-09-07T07:37:18","guid":{"rendered":"https:\/\/blumiz.com\/produkt\/petit-plateau-roulant-en-metal-avec-carte-magnetique-grinder-mission-ak47\/"},"modified":"2025-10-07T09:46:23","modified_gmt":"2025-10-07T08:46:23","slug":"petit-plateau-roulant-metal-avec-grisaille-magnetique-carte-best-buds-mission-ak47","status":"publish","type":"product","link":"https:\/\/blumiz.com\/fr\/produit\/petit-plateau-roulant-metal-avec-grisaille-magnetique-carte-best-buds-mission-ak47\/","title":{"rendered":"Petit plateau roulant en m\u00e9tal avec carte magn\u00e9tique Grinder &#8211; Mission AK47"},"content":{"rendered":"<p>Vous \u00eates \u00e0 la recherche d&#8217;un Plateau \u00e0 rouler ?<br \/>\nBest Buds Mission AK47 Small Metal Rolling Tray sont les meilleurs plateaux sur le march\u00e9. Ils sont fabriqu\u00e9s avec des mat\u00e9riaux de qualit\u00e9 et poss\u00e8dent de nombreuses caract\u00e9ristiques qui les distinguent des autres plateaux. Ils sont m\u00eame fournis avec un grattoir magn\u00e9tique fix\u00e9 sur le c\u00f4t\u00e9, ce qui vous permet de broyer facilement vos bourgeons ! Disponible en diff\u00e9rents mod\u00e8les.<br \/>\nDes designs color\u00e9s pour tous les go\u00fbts<br \/>\nVous ne trouverez pas de plateau comparable sur le march\u00e9 aujourd&#8217;hui. Ce n&#8217;est pas seulement un produit \u00e9tonnant, c&#8217;est aussi une exp\u00e9rience incroyable que vous pouvez vivre tous les jours de votre vie. Obtenez le v\u00f4tre maintenant !<br \/>\nAchetez d\u00e8s aujourd&#8217;hui le petit plateau roulant de Best Buds Mission AK47 en m\u00e9tal !<\/p>\n<div id=\"wd-61dda6fdd8068\" class=\"title-wrapper wd-wpb set-mb-s reset-last-child wd-rs-61dda6fdd8068 wd-title-color-default wd-title-style-default text-left vc_custom_1641916174475 wd-underline-colored\">\n<div class=\"liner-continer\">\n<h2 class=\"woodmart-title-container title wd-font-weight- wd-fontsize-l\">Best Buds Rolling Tray Dimensions<\/h2>\n<\/div>\n<\/div>\n<div id=\"wd-61dedc734f35a\" class=\"wd-text-block-wrapper wd-wpb wd-rs-61dedc734f35a color-scheme-custom text-left vc_custom_1641995420686\">\n<div class=\"woodmart-title-container woodmart-text-block reset-last-child font-primary wd-font-weight- \"><img fetchpriority=\"high\" decoding=\"async\" class=\"aligncenter wp-image-45574 size-full\" title=\"Best Buds Small Metal Rolling Tray avec carte magn\u00e9tique Grinder 1\" src=\"https:\/\/simplygreentrade.com\/wp-content\/uploads\/2021\/01\/MOCKUP-ROLLING-TRAY-SMALL-e1641995410308.png\" alt=\"MOCKUP ROLLING TRAY SMALL e1641995410308\" width=\"354\" height=\"269\"><\/div>\n<\/div>\n","protected":false},"excerpt":{"rendered":"<h2>Plateau \u00e0 roulettes, de qualit\u00e9 et pas cher<\/h2>\n<p>Taille : 14 x 18 cm<\/p>\n","protected":false},"featured_media":6733,"comment_status":"open","ping_status":"closed","template":"","meta":{"site-sidebar-layout":"default","site-content-layout":"default","ast-site-content-layout":"default","site-content-style":"default","site-sidebar-style":"default","ast-global-header-display":"","ast-banner-title-visibility":"","ast-main-header-display":"","ast-hfb-above-header-display":"","ast-hfb-below-header-display":"","ast-hfb-mobile-header-display":"","site-post-title":"","ast-breadcrumbs-content":"","ast-featured-img":"","footer-sml-layout":"","ast-disable-related-posts":"","theme-transparent-header-meta":"default","adv-header-id-meta":"","stick-header-meta":"default","header-above-stick-meta":"","header-main-stick-meta":"","header-below-stick-meta":"","astra-migrate-meta-layouts":"default","ast-page-background-enabled":"default","ast-page-background-meta":{"desktop":{"background-color":"","background-image":"","background-repeat":"repeat","background-position":"center center","background-size":"auto","background-attachment":"scroll","background-type":"","background-media":"","overlay-type":"","overlay-color":"","overlay-opacity":"","overlay-gradient":""},"tablet":{"background-color":"","background-image":"","background-repeat":"repeat","background-position":"center center","background-size":"auto","background-attachment":"scroll","background-type":"","background-media":"","overlay-type":"","overlay-color":"","overlay-opacity":"","overlay-gradient":""},"mobile":{"background-color":"","background-image":"","background-repeat":"repeat","background-position":"center center","background-size":"auto","background-attachment":"scroll","background-type":"","background-media":"","overlay-type":"","overlay-color":"","overlay-opacity":"","overlay-gradient":""}},"ast-content-background-meta":{"desktop":{"background-color":"var(--ast-global-color-5)","background-image":"","background-repeat":"repeat","background-position":"center center","background-size":"auto","background-attachment":"scroll","background-type":"","background-media":"","overlay-type":"","overlay-color":"","overlay-opacity":"","overlay-gradient":""},"tablet":{"background-color":"var(--ast-global-color-5)","background-image":"","background-repeat":"repeat","background-position":"center center","background-size":"auto","background-attachment":"scroll","background-type":"","background-media":"","overlay-type":"","overlay-color":"","overlay-opacity":"","overlay-gradient":""},"mobile":{"background-color":"var(--ast-global-color-5)","background-image":"","background-repeat":"repeat","background-position":"center center","background-size":"auto","background-attachment":"scroll","background-type":"","background-media":"","overlay-type":"","overlay-color":"","overlay-opacity":"","overlay-gradient":""}}},"product_brand":[],"product_cat":[177],"product_tag":[],"class_list":{"0":"post-7475","1":"product","2":"type-product","3":"status-publish","4":"has-post-thumbnail","6":"product_cat-headshop","7":"desktop-align-left","8":"tablet-align-center","9":"mobile-align-left","10":"ast-product-gallery-layout-vertical","11":"ast-product-gallery-with-no-image","12":"ast-magnify-disabled","13":"ast-product-tabs-layout-horizontal","15":"first","16":"instock","17":"taxable","18":"shipping-taxable","19":"purchasable","20":"product-type-simple"},"yoast_head":"<!-- This site is optimized with the Yoast SEO Premium plugin v27.2 (Yoast SEO v27.5) - https:\/\/yoast.com\/product\/yoast-seo-premium-wordpress\/ -->\n<title>Petit plateau roulant en m\u00e9tal avec carte magn\u00e9tique Grinder - Mission AK47 - Blumiz - Premium CBD<\/title>\n<meta name=\"description\" content=\"Petit plateau roulant en m\u00e9tal avec carte magn\u00e9tique Grinder - Mission AK47 - Blumiz - Premium CBD\" \/>\n<meta name=\"robots\" content=\"index, follow, max-snippet:-1, max-image-preview:large, max-video-preview:-1\" \/>\n<link rel=\"canonical\" href=\"https:\/\/blumiz.com\/fr\/produit\/petit-plateau-roulant-metal-avec-grisaille-magnetique-carte-best-buds-mission-ak47\/\" \/>\n<meta property=\"og:locale\" content=\"fr_FR\" \/>\n<meta property=\"og:type\" content=\"article\" \/>\n<meta property=\"og:title\" content=\"Petit plateau roulant en m\u00e9tal avec carte magn\u00e9tique Grinder - Mission AK47\" \/>\n<meta property=\"og:description\" content=\"Petit plateau roulant en m\u00e9tal avec carte magn\u00e9tique Grinder - Mission AK47 Blumiz - Premium CBD\" \/>\n<meta property=\"og:url\" content=\"https:\/\/blumiz.com\/fr\/produit\/petit-plateau-roulant-metal-avec-grisaille-magnetique-carte-best-buds-mission-ak47\/\" \/>\n<meta property=\"og:site_name\" content=\"Blumiz - Premium CBD\" \/>\n<meta property=\"article:modified_time\" content=\"2025-10-07T08:46:23+00:00\" \/>\n<meta property=\"og:image\" content=\"https:\/\/blumiz.com\/wp-content\/uploads\/2022\/09\/Best-Buds-Mission-AK47-Kleines-Rolltablett-aus-Metall-mit-magnetischer-Grinder-Karte.webp\" \/>\n\t<meta property=\"og:image:width\" content=\"600\" \/>\n\t<meta property=\"og:image:height\" content=\"600\" \/>\n\t<meta property=\"og:image:type\" content=\"image\/webp\" \/>\n<meta name=\"twitter:card\" content=\"summary_large_image\" \/>\n<meta name=\"twitter:label1\" content=\"Prix\" \/>\n\t<meta name=\"twitter:data1\" content=\"6,90&nbsp;&euro;\" \/>\n\t<meta name=\"twitter:label2\" content=\"Disponibilit\u00e9\" \/>\n\t<meta name=\"twitter:data2\" content=\"En stock\" \/>\n<script type=\"application\/ld+json\" class=\"yoast-schema-graph\">{\"@context\":\"https:\\\/\\\/schema.org\",\"@graph\":[{\"@type\":\"WebPage\",\"@id\":\"https:\\\/\\\/blumiz.com\\\/fr\\\/produit\\\/petit-plateau-roulant-metal-avec-grisaille-magnetique-carte-best-buds-mission-ak47\\\/\",\"url\":\"https:\\\/\\\/blumiz.com\\\/fr\\\/produit\\\/petit-plateau-roulant-metal-avec-grisaille-magnetique-carte-best-buds-mission-ak47\\\/\",\"name\":\"Petit plateau roulant en m\u00e9tal avec carte magn\u00e9tique Grinder - Mission AK47 - Blumiz - Premium CBD\",\"isPartOf\":{\"@id\":\"https:\\\/\\\/blumiz.com\\\/fr\\\/#website\"},\"primaryImageOfPage\":{\"@id\":\"https:\\\/\\\/blumiz.com\\\/fr\\\/produit\\\/petit-plateau-roulant-metal-avec-grisaille-magnetique-carte-best-buds-mission-ak47\\\/#primaryimage\"},\"image\":{\"@id\":\"https:\\\/\\\/blumiz.com\\\/fr\\\/produit\\\/petit-plateau-roulant-metal-avec-grisaille-magnetique-carte-best-buds-mission-ak47\\\/#primaryimage\"},\"thumbnailUrl\":\"https:\\\/\\\/blumiz.com\\\/wp-content\\\/uploads\\\/2022\\\/09\\\/Best-Buds-Mission-AK47-Kleines-Rolltablett-aus-Metall-mit-magnetischer-Grinder-Karte.webp\",\"datePublished\":\"2020-09-07T07:37:18+00:00\",\"dateModified\":\"2025-10-07T08:46:23+00:00\",\"description\":\"Petit plateau roulant en m\u00e9tal avec carte magn\u00e9tique Grinder - Mission AK47 - Blumiz - Premium CBD\",\"breadcrumb\":{\"@id\":\"https:\\\/\\\/blumiz.com\\\/fr\\\/produit\\\/petit-plateau-roulant-metal-avec-grisaille-magnetique-carte-best-buds-mission-ak47\\\/#breadcrumb\"},\"inLanguage\":\"fr-FR\",\"potentialAction\":[{\"@type\":\"ReadAction\",\"target\":[\"https:\\\/\\\/blumiz.com\\\/fr\\\/produit\\\/petit-plateau-roulant-metal-avec-grisaille-magnetique-carte-best-buds-mission-ak47\\\/\"]}]},{\"@type\":\"ImageObject\",\"inLanguage\":\"fr-FR\",\"@id\":\"https:\\\/\\\/blumiz.com\\\/fr\\\/produit\\\/petit-plateau-roulant-metal-avec-grisaille-magnetique-carte-best-buds-mission-ak47\\\/#primaryimage\",\"url\":\"https:\\\/\\\/blumiz.com\\\/wp-content\\\/uploads\\\/2022\\\/09\\\/Best-Buds-Mission-AK47-Kleines-Rolltablett-aus-Metall-mit-magnetischer-Grinder-Karte.webp\",\"contentUrl\":\"https:\\\/\\\/blumiz.com\\\/wp-content\\\/uploads\\\/2022\\\/09\\\/Best-Buds-Mission-AK47-Kleines-Rolltablett-aus-Metall-mit-magnetischer-Grinder-Karte.webp\",\"width\":600,\"height\":600},{\"@type\":\"BreadcrumbList\",\"@id\":\"https:\\\/\\\/blumiz.com\\\/fr\\\/produit\\\/petit-plateau-roulant-metal-avec-grisaille-magnetique-carte-best-buds-mission-ak47\\\/#breadcrumb\",\"itemListElement\":[{\"@type\":\"ListItem\",\"position\":1,\"name\":\"Blumiz\",\"item\":\"https:\\\/\\\/blumiz.com\\\/fr\\\/\"},{\"@type\":\"ListItem\",\"position\":2,\"name\":\"CBD Shop\",\"item\":\"https:\\\/\\\/blumiz.com\\\/fr\\\/acheter-cbd-shop\\\/\"},{\"@type\":\"ListItem\",\"position\":3,\"name\":\"HeadShop\",\"item\":\"https:\\\/\\\/blumiz.com\\\/fr\\\/category\\\/headshop\\\/\"},{\"@type\":\"ListItem\",\"position\":4,\"name\":\"Petit plateau roulant en m\u00e9tal avec carte magn\u00e9tique Grinder &#8211; Mission AK47\"}]},{\"@type\":\"WebSite\",\"@id\":\"https:\\\/\\\/blumiz.com\\\/fr\\\/#website\",\"url\":\"https:\\\/\\\/blumiz.com\\\/fr\\\/\",\"name\":\"Blumiz - Premium CBD\",\"description\":\"Blumiz, Cannabis specialist\",\"publisher\":{\"@id\":\"https:\\\/\\\/blumiz.com\\\/fr\\\/#organization\"},\"alternateName\":\"Blumiz\",\"potentialAction\":[{\"@type\":\"SearchAction\",\"target\":{\"@type\":\"EntryPoint\",\"urlTemplate\":\"https:\\\/\\\/blumiz.com\\\/fr\\\/?s={search_term_string}\"},\"query-input\":{\"@type\":\"PropertyValueSpecification\",\"valueRequired\":true,\"valueName\":\"search_term_string\"}}],\"inLanguage\":\"fr-FR\"},{\"@type\":\"Organization\",\"@id\":\"https:\\\/\\\/blumiz.com\\\/fr\\\/#organization\",\"name\":\"Blumiz CBD\",\"alternateName\":\"Blumiz\",\"url\":\"https:\\\/\\\/blumiz.com\\\/fr\\\/\",\"logo\":{\"@type\":\"ImageObject\",\"inLanguage\":\"fr-FR\",\"@id\":\"https:\\\/\\\/blumiz.com\\\/fr\\\/#\\\/schema\\\/logo\\\/image\\\/\",\"url\":\"https:\\\/\\\/blumiz.com\\\/wp-content\\\/uploads\\\/2026\\\/02\\\/cropped-Blumiz-CBD-logo.webp\",\"contentUrl\":\"https:\\\/\\\/blumiz.com\\\/wp-content\\\/uploads\\\/2026\\\/02\\\/cropped-Blumiz-CBD-logo.webp\",\"width\":2547,\"height\":778,\"caption\":\"Blumiz CBD\"},\"image\":{\"@id\":\"https:\\\/\\\/blumiz.com\\\/fr\\\/#\\\/schema\\\/logo\\\/image\\\/\"}}]}<\/script>\n<meta property=\"product:price:amount\" content=\"6.90\" \/>\n<meta property=\"product:price:currency\" content=\"EUR\" \/>\n<meta property=\"og:availability\" content=\"instock\" \/>\n<meta property=\"product:availability\" content=\"instock\" \/>\n<meta property=\"product:retailer_item_id\" content=\"6468\" \/>\n<meta property=\"product:condition\" content=\"new\" \/>\n<!-- \/ Yoast SEO Premium plugin. -->","yoast_head_json":{"title":"Petit plateau roulant en m\u00e9tal avec carte magn\u00e9tique Grinder - Mission AK47 - Blumiz - Premium CBD","description":"Petit plateau roulant en m\u00e9tal avec carte magn\u00e9tique Grinder - Mission AK47 - Blumiz - Premium CBD","robots":{"index":"index","follow":"follow","max-snippet":"max-snippet:-1","max-image-preview":"max-image-preview:large","max-video-preview":"max-video-preview:-1"},"canonical":"https:\/\/blumiz.com\/fr\/produit\/petit-plateau-roulant-metal-avec-grisaille-magnetique-carte-best-buds-mission-ak47\/","og_locale":"fr_FR","og_type":"article","og_title":"Petit plateau roulant en m\u00e9tal avec carte magn\u00e9tique Grinder - Mission AK47","og_description":"Petit plateau roulant en m\u00e9tal avec carte magn\u00e9tique Grinder - Mission AK47 Blumiz - Premium CBD","og_url":"https:\/\/blumiz.com\/fr\/produit\/petit-plateau-roulant-metal-avec-grisaille-magnetique-carte-best-buds-mission-ak47\/","og_site_name":"Blumiz - Premium CBD","article_modified_time":"2025-10-07T08:46:23+00:00","og_image":[{"width":600,"height":600,"url":"https:\/\/blumiz.com\/wp-content\/uploads\/2022\/09\/Best-Buds-Mission-AK47-Kleines-Rolltablett-aus-Metall-mit-magnetischer-Grinder-Karte.webp","type":"image\/webp"}],"twitter_card":"summary_large_image","twitter_misc":{"Prix":"6,90&nbsp;&euro;","Disponibilit\u00e9":"En stock"},"schema":{"@context":"https:\/\/schema.org","@graph":[{"@type":"WebPage","@id":"https:\/\/blumiz.com\/fr\/produit\/petit-plateau-roulant-metal-avec-grisaille-magnetique-carte-best-buds-mission-ak47\/","url":"https:\/\/blumiz.com\/fr\/produit\/petit-plateau-roulant-metal-avec-grisaille-magnetique-carte-best-buds-mission-ak47\/","name":"Petit plateau roulant en m\u00e9tal avec carte magn\u00e9tique Grinder - Mission AK47 - Blumiz - Premium CBD","isPartOf":{"@id":"https:\/\/blumiz.com\/fr\/#website"},"primaryImageOfPage":{"@id":"https:\/\/blumiz.com\/fr\/produit\/petit-plateau-roulant-metal-avec-grisaille-magnetique-carte-best-buds-mission-ak47\/#primaryimage"},"image":{"@id":"https:\/\/blumiz.com\/fr\/produit\/petit-plateau-roulant-metal-avec-grisaille-magnetique-carte-best-buds-mission-ak47\/#primaryimage"},"thumbnailUrl":"https:\/\/blumiz.com\/wp-content\/uploads\/2022\/09\/Best-Buds-Mission-AK47-Kleines-Rolltablett-aus-Metall-mit-magnetischer-Grinder-Karte.webp","datePublished":"2020-09-07T07:37:18+00:00","dateModified":"2025-10-07T08:46:23+00:00","description":"Petit plateau roulant en m\u00e9tal avec carte magn\u00e9tique Grinder - Mission AK47 - Blumiz - Premium CBD","breadcrumb":{"@id":"https:\/\/blumiz.com\/fr\/produit\/petit-plateau-roulant-metal-avec-grisaille-magnetique-carte-best-buds-mission-ak47\/#breadcrumb"},"inLanguage":"fr-FR","potentialAction":[{"@type":"ReadAction","target":["https:\/\/blumiz.com\/fr\/produit\/petit-plateau-roulant-metal-avec-grisaille-magnetique-carte-best-buds-mission-ak47\/"]}]},{"@type":"ImageObject","inLanguage":"fr-FR","@id":"https:\/\/blumiz.com\/fr\/produit\/petit-plateau-roulant-metal-avec-grisaille-magnetique-carte-best-buds-mission-ak47\/#primaryimage","url":"https:\/\/blumiz.com\/wp-content\/uploads\/2022\/09\/Best-Buds-Mission-AK47-Kleines-Rolltablett-aus-Metall-mit-magnetischer-Grinder-Karte.webp","contentUrl":"https:\/\/blumiz.com\/wp-content\/uploads\/2022\/09\/Best-Buds-Mission-AK47-Kleines-Rolltablett-aus-Metall-mit-magnetischer-Grinder-Karte.webp","width":600,"height":600},{"@type":"BreadcrumbList","@id":"https:\/\/blumiz.com\/fr\/produit\/petit-plateau-roulant-metal-avec-grisaille-magnetique-carte-best-buds-mission-ak47\/#breadcrumb","itemListElement":[{"@type":"ListItem","position":1,"name":"Blumiz","item":"https:\/\/blumiz.com\/fr\/"},{"@type":"ListItem","position":2,"name":"CBD Shop","item":"https:\/\/blumiz.com\/fr\/acheter-cbd-shop\/"},{"@type":"ListItem","position":3,"name":"HeadShop","item":"https:\/\/blumiz.com\/fr\/category\/headshop\/"},{"@type":"ListItem","position":4,"name":"Petit plateau roulant en m\u00e9tal avec carte magn\u00e9tique Grinder &#8211; Mission AK47"}]},{"@type":"WebSite","@id":"https:\/\/blumiz.com\/fr\/#website","url":"https:\/\/blumiz.com\/fr\/","name":"Blumiz - Premium CBD","description":"Blumiz, Cannabis specialist","publisher":{"@id":"https:\/\/blumiz.com\/fr\/#organization"},"alternateName":"Blumiz","potentialAction":[{"@type":"SearchAction","target":{"@type":"EntryPoint","urlTemplate":"https:\/\/blumiz.com\/fr\/?s={search_term_string}"},"query-input":{"@type":"PropertyValueSpecification","valueRequired":true,"valueName":"search_term_string"}}],"inLanguage":"fr-FR"},{"@type":"Organization","@id":"https:\/\/blumiz.com\/fr\/#organization","name":"Blumiz CBD","alternateName":"Blumiz","url":"https:\/\/blumiz.com\/fr\/","logo":{"@type":"ImageObject","inLanguage":"fr-FR","@id":"https:\/\/blumiz.com\/fr\/#\/schema\/logo\/image\/","url":"https:\/\/blumiz.com\/wp-content\/uploads\/2026\/02\/cropped-Blumiz-CBD-logo.webp","contentUrl":"https:\/\/blumiz.com\/wp-content\/uploads\/2026\/02\/cropped-Blumiz-CBD-logo.webp","width":2547,"height":778,"caption":"Blumiz CBD"},"image":{"@id":"https:\/\/blumiz.com\/fr\/#\/schema\/logo\/image\/"}}]},"product_price_amount":"6.90","product_price_currency":"EUR","og_availability":"instock","product_availability":"instock","product_retailer_item_id":"6468","product_condition":"new"},"_links":{"self":[{"href":"https:\/\/blumiz.com\/fr\/wp-json\/wp\/v2\/product\/7475","targetHints":{"allow":["GET"]}}],"collection":[{"href":"https:\/\/blumiz.com\/fr\/wp-json\/wp\/v2\/product"}],"about":[{"href":"https:\/\/blumiz.com\/fr\/wp-json\/wp\/v2\/types\/product"}],"replies":[{"embeddable":true,"href":"https:\/\/blumiz.com\/fr\/wp-json\/wp\/v2\/comments?post=7475"}],"version-history":[{"count":0,"href":"https:\/\/blumiz.com\/fr\/wp-json\/wp\/v2\/product\/7475\/revisions"}],"wp:featuredmedia":[{"embeddable":true,"href":"https:\/\/blumiz.com\/fr\/wp-json\/wp\/v2\/media\/6733"}],"wp:attachment":[{"href":"https:\/\/blumiz.com\/fr\/wp-json\/wp\/v2\/media?parent=7475"}],"wp:term":[{"taxonomy":"product_brand","embeddable":true,"href":"https:\/\/blumiz.com\/fr\/wp-json\/wp\/v2\/product_brand?post=7475"},{"taxonomy":"product_cat","embeddable":true,"href":"https:\/\/blumiz.com\/fr\/wp-json\/wp\/v2\/product_cat?post=7475"},{"taxonomy":"product_tag","embeddable":true,"href":"https:\/\/blumiz.com\/fr\/wp-json\/wp\/v2\/product_tag?post=7475"}],"curies":[{"name":"wp","href":"https:\/\/api.w.org\/{rel}","templated":true}]}}