{"id":7476,"date":"2020-09-07T11:12:18","date_gmt":"2020-09-07T10:12:18","guid":{"rendered":"https:\/\/blumiz.com\/?post_type=product&#038;p=7476"},"modified":"2025-02-11T13:32:24","modified_gmt":"2025-02-11T12:32:24","slug":"huile-de-sommeil-complete-sleep-oil-5-cbn-2-5-cbd-cibdol","status":"publish","type":"product","link":"https:\/\/blumiz.com\/fr\/produit\/huile-de-sommeil-complete-sleep-oil-5-cbn-2-5-cbd-cibdol\/","title":{"rendered":"Huile pour le sommeil : Complete Sleep Oil 5% CBN + 2.5% CBD Cibdol"},"content":{"rendered":"<h2>Une solution naturelle pour un bon sommeil<\/h2>\n<p>Une nuit de sommeil r\u00e9paratrice donne au corps et \u00e0 l&#8217;esprit le repos dont ils ont tant besoin et nous pr\u00e9pare aux d\u00e9fis qui nous attendent. Se sentir plein de vie, motiv\u00e9 et pr\u00eat \u00e0 affronter la journ\u00e9e avec toute son \u00e9nergie commence par la qualit\u00e9 de notre sommeil la veille. Mais dans un monde qui ne s&#8217;arr\u00eate jamais, s&#8217;endormir et rester endormi n&#8217;est pas aussi facile que vous le pensez &#8211; c&#8217;est pourquoi nous avons d\u00e9velopp\u00e9 Complete Sleep.<\/p>\n<p>Alors que la plupart des somnif\u00e8res contiennent de la m\u00e9latonine &#8211; un excellent compos\u00e9 pour r\u00e9tablir la qualit\u00e9 du sommeil \u00e0 court terme &#8211; leur consommation nuit apr\u00e8s nuit peut entra\u00eener des troubles. Complete Sleep est une solution \u00e0 long terme pour un sommeil r\u00e9parateur qui ne contient pas de m\u00e9latonine. Au lieu de cela, nous avons opt\u00e9 pour un m\u00e9lange sophistiqu\u00e9 de cannabino\u00efdes et d&#8217;ingr\u00e9dients naturels.<\/p>\n<p>Commen\u00e7ons par la base de notre formule Complete Sleep : notre extrait de chanvre tant convoit\u00e9. Le CBD, l&#8217;\u00e9talon-or, reste en t\u00eate de notre extrait \u00e0 spectre complet ; nous avons toutefois affin\u00e9 les proportions pour inclure des teneurs plus \u00e9lev\u00e9es en CBN (5 %). Ensemble, ces \u00e9l\u00e9ments favorisent un \u00e9tat de relaxation n\u00e9cessaire \u00e0 l&#8217;obtention d&#8217;un repos nocturne complet.<\/p>\n<p>En plus du CBD et du CBN, la formule de Complete Sleep utilise de la lavande et de la camomille. Tous deux sont tr\u00e8s respect\u00e9s pour leur influence sur le sommeil et peuvent vous aider \u00e0 vous endormir plus rapidement tout en favorisant un cycle de sommeil sain. Port\u00e9s par l&#8217;huile MCT, tous ces \u00e9l\u00e9ments circulent facilement dans le corps et doivent \u00eatre consomm\u00e9s de pr\u00e9f\u00e9rence 30 minutes avant le coucher.<\/p>\n<p>Soutenue par des tests ind\u00e9pendants, des ingr\u00e9dients de la plus haute qualit\u00e9 et une assurance qualit\u00e9 \u00e0 la pointe de l&#8217;industrie, notre formule propri\u00e9taire est une solution de qualit\u00e9 que vous pouvez prendre nuit apr\u00e8s nuit. Essayez Complete Sleep d\u00e8s aujourd&#8217;hui pour obtenir le sommeil que vous m\u00e9ritez.<\/p>\n<h2>Comment utiliser Cibdol Complete Sleep ?<\/h2>\n<p>Prenez une pipette remplie (1 ml) environ 30 minutes avant d&#8217;aller vous coucher. R\u00e9p\u00e9tez l&#8217;op\u00e9ration chaque nuit pour favoriser un sommeil r\u00e9parateur.<\/p>\n<p>Pour pr\u00e9server l&#8217;int\u00e9grit\u00e9 de Complete Sleep, conservez-le \u00e0 temp\u00e9rature ambiante dans un endroit sec et \u00e0 l&#8217;abri de la lumi\u00e8re.<\/p>\n<p>Fonctions et avantages :<br \/>\nUn m\u00e9lange unique d&#8217;herbes et de cannabino\u00efdes<br \/>\nUne solution \u00e0 long terme, sans m\u00e9latonine<br \/>\nContient de la lavande et de la camomille<br \/>\nLa lavande contribue \u00e0 un sommeil r\u00e9parateur<br \/>\nLa camomille favorise la relaxation<br \/>\nConvient \u00e0 une consommation \u00e0 long terme<\/p>\n","protected":false},"excerpt":{"rendered":"<p>Pour un sommeil profond et r\u00e9parateur, essayez Cibdol&#8217;s Complete Sleep. Notre formule ne contient pas de m\u00e9latonine, mais un m\u00e9lange sophistiqu\u00e9 de CBD, CBN, camomille et lavande pour un sommeil apaisant. Complete Sleep peut vous aider \u00e0 trouver le repos que vous m\u00e9ritez, afin que vous puissiez commencer chaque journ\u00e9e plein d&#8217;\u00e9nergie et de vie.<\/p>\n<p>5% CBN + 2,5% CBD<\/p>\n","protected":false},"featured_media":6744,"comment_status":"open","ping_status":"closed","template":"","meta":{"site-sidebar-layout":"default","site-content-layout":"default","ast-site-content-layout":"default","site-content-style":"default","site-sidebar-style":"default","ast-global-header-display":"","ast-banner-title-visibility":"","ast-main-header-display":"","ast-hfb-above-header-display":"","ast-hfb-below-header-display":"","ast-hfb-mobile-header-display":"","site-post-title":"","ast-breadcrumbs-content":"","ast-featured-img":"","footer-sml-layout":"","ast-disable-related-posts":"","theme-transparent-header-meta":"default","adv-header-id-meta":"","stick-header-meta":"default","header-above-stick-meta":"","header-main-stick-meta":"","header-below-stick-meta":"","astra-migrate-meta-layouts":"default","ast-page-background-enabled":"default","ast-page-background-meta":{"desktop":{"background-color":"","background-image":"","background-repeat":"repeat","background-position":"center center","background-size":"auto","background-attachment":"scroll","background-type":"","background-media":"","overlay-type":"","overlay-color":"","overlay-opacity":"","overlay-gradient":""},"tablet":{"background-color":"","background-image":"","background-repeat":"repeat","background-position":"center center","background-size":"auto","background-attachment":"scroll","background-type":"","background-media":"","overlay-type":"","overlay-color":"","overlay-opacity":"","overlay-gradient":""},"mobile":{"background-color":"","background-image":"","background-repeat":"repeat","background-position":"center center","background-size":"auto","background-attachment":"scroll","background-type":"","background-media":"","overlay-type":"","overlay-color":"","overlay-opacity":"","overlay-gradient":""}},"ast-content-background-meta":{"desktop":{"background-color":"var(--ast-global-color-5)","background-image":"","background-repeat":"repeat","background-position":"center center","background-size":"auto","background-attachment":"scroll","background-type":"","background-media":"","overlay-type":"","overlay-color":"","overlay-opacity":"","overlay-gradient":""},"tablet":{"background-color":"var(--ast-global-color-5)","background-image":"","background-repeat":"repeat","background-position":"center center","background-size":"auto","background-attachment":"scroll","background-type":"","background-media":"","overlay-type":"","overlay-color":"","overlay-opacity":"","overlay-gradient":""},"mobile":{"background-color":"var(--ast-global-color-5)","background-image":"","background-repeat":"repeat","background-position":"center center","background-size":"auto","background-attachment":"scroll","background-type":"","background-media":"","overlay-type":"","overlay-color":"","overlay-opacity":"","overlay-gradient":""}}},"product_brand":[],"product_cat":[169,304,173],"product_tag":[],"class_list":{"0":"post-7476","1":"product","2":"type-product","3":"status-publish","4":"has-post-thumbnail","6":"product_cat-bien-etre-cbd","7":"product_cat-cbd-fr","8":"product_cat-huiles-et-gelules-cbd","9":"pa_cbd-rate-plus-de-20-cbd","10":"desktop-align-left","11":"tablet-align-center","12":"mobile-align-left","13":"ast-product-gallery-layout-vertical","14":"ast-product-gallery-with-no-image","15":"ast-magnify-disabled","16":"ast-product-tabs-layout-horizontal","18":"first","19":"instock","20":"taxable","21":"shipping-taxable","22":"purchasable","23":"product-type-simple"},"yoast_head":"<!-- This site is optimized with the Yoast SEO Premium plugin v27.2 (Yoast SEO v27.4) - https:\/\/yoast.com\/product\/yoast-seo-premium-wordpress\/ -->\n<title>Huile pour le sommeil : Complete Sleep Oil 5% CBN + 2.5% CBD Cibdol - Blumiz - Premium CBD<\/title>\n<meta name=\"description\" content=\"Huile pour le sommeil : Complete Sleep Oil 5% CBN + 2.5% CBD Cibdol - Blumiz - Premium CBD\" \/>\n<meta name=\"robots\" content=\"index, follow, max-snippet:-1, max-image-preview:large, max-video-preview:-1\" \/>\n<link rel=\"canonical\" href=\"https:\/\/blumiz.com\/fr\/produit\/huile-de-sommeil-complete-sleep-oil-5-cbn-2-5-cbd-cibdol\/\" \/>\n<meta property=\"og:locale\" content=\"fr_FR\" \/>\n<meta property=\"og:type\" content=\"article\" \/>\n<meta property=\"og:title\" content=\"Huile pour le sommeil : Complete Sleep Oil 5% CBN + 2.5% CBD Cibdol\" \/>\n<meta property=\"og:description\" content=\"Huile pour le sommeil : Complete Sleep Oil 5% CBN + 2.5% CBD Cibdol Blumiz - Premium CBD\" \/>\n<meta property=\"og:url\" content=\"https:\/\/blumiz.com\/fr\/produit\/huile-de-sommeil-complete-sleep-oil-5-cbn-2-5-cbd-cibdol\/\" \/>\n<meta property=\"og:site_name\" content=\"Blumiz - Premium CBD\" \/>\n<meta property=\"article:modified_time\" content=\"2025-02-11T12:32:24+00:00\" \/>\n<meta property=\"og:image\" content=\"https:\/\/blumiz.com\/wp-content\/uploads\/2022\/09\/Cibdol-Complete-Sleep-Oil-5-CBN-2.5-CBD-10ml-Verbessert-den-Schlaf.webp\" \/>\n\t<meta property=\"og:image:width\" content=\"600\" \/>\n\t<meta property=\"og:image:height\" content=\"600\" \/>\n\t<meta property=\"og:image:type\" content=\"image\/webp\" \/>\n<meta name=\"twitter:card\" content=\"summary_large_image\" \/>\n<meta name=\"twitter:label1\" content=\"Prix\" \/>\n\t<meta name=\"twitter:data1\" content=\"39,95&nbsp;&euro;\" \/>\n\t<meta name=\"twitter:label2\" content=\"Disponibilit\u00e9\" \/>\n\t<meta name=\"twitter:data2\" content=\"En stock\" \/>\n<script type=\"application\/ld+json\" class=\"yoast-schema-graph\">{\"@context\":\"https:\\\/\\\/schema.org\",\"@graph\":[{\"@type\":\"WebPage\",\"@id\":\"https:\\\/\\\/blumiz.com\\\/fr\\\/produit\\\/huile-de-sommeil-complete-sleep-oil-5-cbn-2-5-cbd-cibdol\\\/\",\"url\":\"https:\\\/\\\/blumiz.com\\\/fr\\\/produit\\\/huile-de-sommeil-complete-sleep-oil-5-cbn-2-5-cbd-cibdol\\\/\",\"name\":\"Huile pour le sommeil : Complete Sleep Oil 5% CBN + 2.5% CBD Cibdol - Blumiz - Premium CBD\",\"isPartOf\":{\"@id\":\"https:\\\/\\\/blumiz.com\\\/fr\\\/#website\"},\"primaryImageOfPage\":{\"@id\":\"https:\\\/\\\/blumiz.com\\\/fr\\\/produit\\\/huile-de-sommeil-complete-sleep-oil-5-cbn-2-5-cbd-cibdol\\\/#primaryimage\"},\"image\":{\"@id\":\"https:\\\/\\\/blumiz.com\\\/fr\\\/produit\\\/huile-de-sommeil-complete-sleep-oil-5-cbn-2-5-cbd-cibdol\\\/#primaryimage\"},\"thumbnailUrl\":\"https:\\\/\\\/blumiz.com\\\/wp-content\\\/uploads\\\/2022\\\/09\\\/Cibdol-Complete-Sleep-Oil-5-CBN-2.5-CBD-10ml-Verbessert-den-Schlaf.webp\",\"datePublished\":\"2020-09-07T10:12:18+00:00\",\"dateModified\":\"2025-02-11T12:32:24+00:00\",\"description\":\"Huile pour le sommeil : Complete Sleep Oil 5% CBN + 2.5% CBD Cibdol - Blumiz - Premium CBD\",\"breadcrumb\":{\"@id\":\"https:\\\/\\\/blumiz.com\\\/fr\\\/produit\\\/huile-de-sommeil-complete-sleep-oil-5-cbn-2-5-cbd-cibdol\\\/#breadcrumb\"},\"inLanguage\":\"fr-FR\",\"potentialAction\":[{\"@type\":\"ReadAction\",\"target\":[\"https:\\\/\\\/blumiz.com\\\/fr\\\/produit\\\/huile-de-sommeil-complete-sleep-oil-5-cbn-2-5-cbd-cibdol\\\/\"]}]},{\"@type\":\"ImageObject\",\"inLanguage\":\"fr-FR\",\"@id\":\"https:\\\/\\\/blumiz.com\\\/fr\\\/produit\\\/huile-de-sommeil-complete-sleep-oil-5-cbn-2-5-cbd-cibdol\\\/#primaryimage\",\"url\":\"https:\\\/\\\/blumiz.com\\\/wp-content\\\/uploads\\\/2022\\\/09\\\/Cibdol-Complete-Sleep-Oil-5-CBN-2.5-CBD-10ml-Verbessert-den-Schlaf.webp\",\"contentUrl\":\"https:\\\/\\\/blumiz.com\\\/wp-content\\\/uploads\\\/2022\\\/09\\\/Cibdol-Complete-Sleep-Oil-5-CBN-2.5-CBD-10ml-Verbessert-den-Schlaf.webp\",\"width\":600,\"height\":600},{\"@type\":\"BreadcrumbList\",\"@id\":\"https:\\\/\\\/blumiz.com\\\/fr\\\/produit\\\/huile-de-sommeil-complete-sleep-oil-5-cbn-2-5-cbd-cibdol\\\/#breadcrumb\",\"itemListElement\":[{\"@type\":\"ListItem\",\"position\":1,\"name\":\"Blumiz\",\"item\":\"https:\\\/\\\/blumiz.com\\\/fr\\\/\"},{\"@type\":\"ListItem\",\"position\":2,\"name\":\"CBD Shop\",\"item\":\"https:\\\/\\\/blumiz.com\\\/fr\\\/acheter-cbd-shop\\\/\"},{\"@type\":\"ListItem\",\"position\":3,\"name\":\"Bien \u00eatre CBD\",\"item\":\"https:\\\/\\\/blumiz.com\\\/fr\\\/category\\\/bien-etre-cbd\\\/\"},{\"@type\":\"ListItem\",\"position\":4,\"name\":\"Huiles et g\u00e9lules CBD\",\"item\":\"https:\\\/\\\/blumiz.com\\\/fr\\\/category\\\/bien-etre-cbd\\\/huiles-et-gelules-cbd\\\/\"},{\"@type\":\"ListItem\",\"position\":5,\"name\":\"Huile pour le sommeil : Complete Sleep Oil 5% CBN + 2.5% CBD Cibdol\"}]},{\"@type\":\"WebSite\",\"@id\":\"https:\\\/\\\/blumiz.com\\\/fr\\\/#website\",\"url\":\"https:\\\/\\\/blumiz.com\\\/fr\\\/\",\"name\":\"Blumiz - Premium CBD\",\"description\":\"Blumiz, Cannabis specialist\",\"publisher\":{\"@id\":\"https:\\\/\\\/blumiz.com\\\/fr\\\/#organization\"},\"alternateName\":\"Blumiz\",\"potentialAction\":[{\"@type\":\"SearchAction\",\"target\":{\"@type\":\"EntryPoint\",\"urlTemplate\":\"https:\\\/\\\/blumiz.com\\\/fr\\\/?s={search_term_string}\"},\"query-input\":{\"@type\":\"PropertyValueSpecification\",\"valueRequired\":true,\"valueName\":\"search_term_string\"}}],\"inLanguage\":\"fr-FR\"},{\"@type\":\"Organization\",\"@id\":\"https:\\\/\\\/blumiz.com\\\/fr\\\/#organization\",\"name\":\"Blumiz CBD\",\"alternateName\":\"Blumiz\",\"url\":\"https:\\\/\\\/blumiz.com\\\/fr\\\/\",\"logo\":{\"@type\":\"ImageObject\",\"inLanguage\":\"fr-FR\",\"@id\":\"https:\\\/\\\/blumiz.com\\\/fr\\\/#\\\/schema\\\/logo\\\/image\\\/\",\"url\":\"https:\\\/\\\/blumiz.com\\\/wp-content\\\/uploads\\\/2026\\\/02\\\/cropped-Blumiz-CBD-logo.webp\",\"contentUrl\":\"https:\\\/\\\/blumiz.com\\\/wp-content\\\/uploads\\\/2026\\\/02\\\/cropped-Blumiz-CBD-logo.webp\",\"width\":2547,\"height\":778,\"caption\":\"Blumiz CBD\"},\"image\":{\"@id\":\"https:\\\/\\\/blumiz.com\\\/fr\\\/#\\\/schema\\\/logo\\\/image\\\/\"}}]}<\/script>\n<meta property=\"product:price:amount\" content=\"39.95\" \/>\n<meta property=\"product:price:currency\" content=\"EUR\" \/>\n<meta property=\"og:availability\" content=\"instock\" \/>\n<meta property=\"product:availability\" content=\"instock\" \/>\n<meta property=\"product:retailer_item_id\" content=\"7248\" \/>\n<meta property=\"product:condition\" content=\"new\" \/>\n<!-- \/ Yoast SEO Premium plugin. -->","yoast_head_json":{"title":"Huile pour le sommeil : Complete Sleep Oil 5% CBN + 2.5% CBD Cibdol - Blumiz - Premium CBD","description":"Huile pour le sommeil : Complete Sleep Oil 5% CBN + 2.5% CBD Cibdol - Blumiz - Premium CBD","robots":{"index":"index","follow":"follow","max-snippet":"max-snippet:-1","max-image-preview":"max-image-preview:large","max-video-preview":"max-video-preview:-1"},"canonical":"https:\/\/blumiz.com\/fr\/produit\/huile-de-sommeil-complete-sleep-oil-5-cbn-2-5-cbd-cibdol\/","og_locale":"fr_FR","og_type":"article","og_title":"Huile pour le sommeil : Complete Sleep Oil 5% CBN + 2.5% CBD Cibdol","og_description":"Huile pour le sommeil : Complete Sleep Oil 5% CBN + 2.5% CBD Cibdol Blumiz - Premium CBD","og_url":"https:\/\/blumiz.com\/fr\/produit\/huile-de-sommeil-complete-sleep-oil-5-cbn-2-5-cbd-cibdol\/","og_site_name":"Blumiz - Premium CBD","article_modified_time":"2025-02-11T12:32:24+00:00","og_image":[{"width":600,"height":600,"url":"https:\/\/blumiz.com\/wp-content\/uploads\/2022\/09\/Cibdol-Complete-Sleep-Oil-5-CBN-2.5-CBD-10ml-Verbessert-den-Schlaf.webp","type":"image\/webp"}],"twitter_card":"summary_large_image","twitter_misc":{"Prix":"39,95&nbsp;&euro;","Disponibilit\u00e9":"En stock"},"schema":{"@context":"https:\/\/schema.org","@graph":[{"@type":"WebPage","@id":"https:\/\/blumiz.com\/fr\/produit\/huile-de-sommeil-complete-sleep-oil-5-cbn-2-5-cbd-cibdol\/","url":"https:\/\/blumiz.com\/fr\/produit\/huile-de-sommeil-complete-sleep-oil-5-cbn-2-5-cbd-cibdol\/","name":"Huile pour le sommeil : Complete Sleep Oil 5% CBN + 2.5% CBD Cibdol - Blumiz - Premium CBD","isPartOf":{"@id":"https:\/\/blumiz.com\/fr\/#website"},"primaryImageOfPage":{"@id":"https:\/\/blumiz.com\/fr\/produit\/huile-de-sommeil-complete-sleep-oil-5-cbn-2-5-cbd-cibdol\/#primaryimage"},"image":{"@id":"https:\/\/blumiz.com\/fr\/produit\/huile-de-sommeil-complete-sleep-oil-5-cbn-2-5-cbd-cibdol\/#primaryimage"},"thumbnailUrl":"https:\/\/blumiz.com\/wp-content\/uploads\/2022\/09\/Cibdol-Complete-Sleep-Oil-5-CBN-2.5-CBD-10ml-Verbessert-den-Schlaf.webp","datePublished":"2020-09-07T10:12:18+00:00","dateModified":"2025-02-11T12:32:24+00:00","description":"Huile pour le sommeil : Complete Sleep Oil 5% CBN + 2.5% CBD Cibdol - Blumiz - Premium CBD","breadcrumb":{"@id":"https:\/\/blumiz.com\/fr\/produit\/huile-de-sommeil-complete-sleep-oil-5-cbn-2-5-cbd-cibdol\/#breadcrumb"},"inLanguage":"fr-FR","potentialAction":[{"@type":"ReadAction","target":["https:\/\/blumiz.com\/fr\/produit\/huile-de-sommeil-complete-sleep-oil-5-cbn-2-5-cbd-cibdol\/"]}]},{"@type":"ImageObject","inLanguage":"fr-FR","@id":"https:\/\/blumiz.com\/fr\/produit\/huile-de-sommeil-complete-sleep-oil-5-cbn-2-5-cbd-cibdol\/#primaryimage","url":"https:\/\/blumiz.com\/wp-content\/uploads\/2022\/09\/Cibdol-Complete-Sleep-Oil-5-CBN-2.5-CBD-10ml-Verbessert-den-Schlaf.webp","contentUrl":"https:\/\/blumiz.com\/wp-content\/uploads\/2022\/09\/Cibdol-Complete-Sleep-Oil-5-CBN-2.5-CBD-10ml-Verbessert-den-Schlaf.webp","width":600,"height":600},{"@type":"BreadcrumbList","@id":"https:\/\/blumiz.com\/fr\/produit\/huile-de-sommeil-complete-sleep-oil-5-cbn-2-5-cbd-cibdol\/#breadcrumb","itemListElement":[{"@type":"ListItem","position":1,"name":"Blumiz","item":"https:\/\/blumiz.com\/fr\/"},{"@type":"ListItem","position":2,"name":"CBD Shop","item":"https:\/\/blumiz.com\/fr\/acheter-cbd-shop\/"},{"@type":"ListItem","position":3,"name":"Bien \u00eatre CBD","item":"https:\/\/blumiz.com\/fr\/category\/bien-etre-cbd\/"},{"@type":"ListItem","position":4,"name":"Huiles et g\u00e9lules CBD","item":"https:\/\/blumiz.com\/fr\/category\/bien-etre-cbd\/huiles-et-gelules-cbd\/"},{"@type":"ListItem","position":5,"name":"Huile pour le sommeil : Complete Sleep Oil 5% CBN + 2.5% CBD Cibdol"}]},{"@type":"WebSite","@id":"https:\/\/blumiz.com\/fr\/#website","url":"https:\/\/blumiz.com\/fr\/","name":"Blumiz - Premium CBD","description":"Blumiz, Cannabis specialist","publisher":{"@id":"https:\/\/blumiz.com\/fr\/#organization"},"alternateName":"Blumiz","potentialAction":[{"@type":"SearchAction","target":{"@type":"EntryPoint","urlTemplate":"https:\/\/blumiz.com\/fr\/?s={search_term_string}"},"query-input":{"@type":"PropertyValueSpecification","valueRequired":true,"valueName":"search_term_string"}}],"inLanguage":"fr-FR"},{"@type":"Organization","@id":"https:\/\/blumiz.com\/fr\/#organization","name":"Blumiz CBD","alternateName":"Blumiz","url":"https:\/\/blumiz.com\/fr\/","logo":{"@type":"ImageObject","inLanguage":"fr-FR","@id":"https:\/\/blumiz.com\/fr\/#\/schema\/logo\/image\/","url":"https:\/\/blumiz.com\/wp-content\/uploads\/2026\/02\/cropped-Blumiz-CBD-logo.webp","contentUrl":"https:\/\/blumiz.com\/wp-content\/uploads\/2026\/02\/cropped-Blumiz-CBD-logo.webp","width":2547,"height":778,"caption":"Blumiz CBD"},"image":{"@id":"https:\/\/blumiz.com\/fr\/#\/schema\/logo\/image\/"}}]},"product_price_amount":"39.95","product_price_currency":"EUR","og_availability":"instock","product_availability":"instock","product_retailer_item_id":"7248","product_condition":"new"},"_links":{"self":[{"href":"https:\/\/blumiz.com\/fr\/wp-json\/wp\/v2\/product\/7476","targetHints":{"allow":["GET"]}}],"collection":[{"href":"https:\/\/blumiz.com\/fr\/wp-json\/wp\/v2\/product"}],"about":[{"href":"https:\/\/blumiz.com\/fr\/wp-json\/wp\/v2\/types\/product"}],"replies":[{"embeddable":true,"href":"https:\/\/blumiz.com\/fr\/wp-json\/wp\/v2\/comments?post=7476"}],"version-history":[{"count":0,"href":"https:\/\/blumiz.com\/fr\/wp-json\/wp\/v2\/product\/7476\/revisions"}],"wp:featuredmedia":[{"embeddable":true,"href":"https:\/\/blumiz.com\/fr\/wp-json\/wp\/v2\/media\/6744"}],"wp:attachment":[{"href":"https:\/\/blumiz.com\/fr\/wp-json\/wp\/v2\/media?parent=7476"}],"wp:term":[{"taxonomy":"product_brand","embeddable":true,"href":"https:\/\/blumiz.com\/fr\/wp-json\/wp\/v2\/product_brand?post=7476"},{"taxonomy":"product_cat","embeddable":true,"href":"https:\/\/blumiz.com\/fr\/wp-json\/wp\/v2\/product_cat?post=7476"},{"taxonomy":"product_tag","embeddable":true,"href":"https:\/\/blumiz.com\/fr\/wp-json\/wp\/v2\/product_tag?post=7476"}],"curies":[{"name":"wp","href":"https:\/\/api.w.org\/{rel}","templated":true}]}}