{"id":7484,"date":"2020-09-07T07:31:37","date_gmt":"2020-09-07T07:31:37","guid":{"rendered":"https:\/\/blumiz.com\/produkt\/cendrier-en-metal-green-farmer\/"},"modified":"2025-10-07T09:43:36","modified_gmt":"2025-10-07T08:43:36","slug":"metal-cendrier-best-buds-green-farmer","status":"publish","type":"product","link":"https:\/\/blumiz.com\/fr\/produit\/metal-cendrier-best-buds-green-farmer\/","title":{"rendered":"Cendrier en m\u00e9tal &#8211; Green Farmer"},"content":{"rendered":"<p>Beschreibung<br \/>\nDekorieren Sie Ihr Zuhause, entspannen Sie Ihr Leben<\/p>\n<p>Cendrier en m\u00e9tal &#8211; Green Farmer Best Buds a l&#8217;air g\u00e9nial pour frimer \u00e0 chaque f\u00eate, sur les tableaux de bord des voitures (si vous le fixez avec du ruban adh\u00e9sif double face) et sur les tables. Mieux encore, nous proposons ce cendrier exotique au meilleur prix en ligne et ailleurs.<\/p>\n<p>Design cool et mat\u00e9riaux de qualit\u00e9<\/p>\n<p>Ce cendrier en m\u00e9tal a une forme ronde avec le visage d&#8217;un paysan vert d&#8217;Amsterdam au centre. Cela semble tr\u00e8s naturel, comme si le fermier vous regardait directement et vous encourageait \u00e0 prendre une autre bouff\u00e9e, ce qui permet aux gens de se sentir d\u00e9tendus et \u00e0 l&#8217;aise. De plus, ce cendrier est id\u00e9al pour faire passer le message lors de chaque f\u00eate. Best Buds &#8211; Le cendrier en m\u00e9tal de Mr. Green Farmer est un objet d&#8217;artisanat exquis, 100 % fait main en m\u00e9tal de haute qualit\u00e9, solide et durable. Des combinaisons de jaune et de vert peintes \u00e0 la main cr\u00e9ent un accroche-regard visuel.<\/p>\n<p>Ce d\u00e9cor unique de cendrier est le cadeau id\u00e9al pour ceux qui aiment fumer de l&#8217;herbe \u00e0 l&#8217;occasion d&#8217;un anniversaire \/ d&#8217;un jubil\u00e9 \/ de Thanksgiving \/ de No\u00ebl \/ de P\u00e2ques ou de la Saint-Valentin. Profite de ta vie, tu le m\u00e9rites.<\/p>\n","protected":false},"excerpt":{"rendered":"<h2>Green Farmer &#8211; Cendrier en m\u00e9tal<\/h2>\n<p>Une bonne qualit\u00e9 \u00e0 un bon prix<\/p>\n","protected":false},"featured_media":6732,"comment_status":"open","ping_status":"closed","template":"","meta":{"site-sidebar-layout":"default","site-content-layout":"default","ast-site-content-layout":"default","site-content-style":"default","site-sidebar-style":"default","ast-global-header-display":"","ast-banner-title-visibility":"","ast-main-header-display":"","ast-hfb-above-header-display":"","ast-hfb-below-header-display":"","ast-hfb-mobile-header-display":"","site-post-title":"","ast-breadcrumbs-content":"","ast-featured-img":"","footer-sml-layout":"","ast-disable-related-posts":"","theme-transparent-header-meta":"default","adv-header-id-meta":"","stick-header-meta":"default","header-above-stick-meta":"","header-main-stick-meta":"","header-below-stick-meta":"","astra-migrate-meta-layouts":"default","ast-page-background-enabled":"default","ast-page-background-meta":{"desktop":{"background-color":"","background-image":"","background-repeat":"repeat","background-position":"center center","background-size":"auto","background-attachment":"scroll","background-type":"","background-media":"","overlay-type":"","overlay-color":"","overlay-opacity":"","overlay-gradient":""},"tablet":{"background-color":"","background-image":"","background-repeat":"repeat","background-position":"center center","background-size":"auto","background-attachment":"scroll","background-type":"","background-media":"","overlay-type":"","overlay-color":"","overlay-opacity":"","overlay-gradient":""},"mobile":{"background-color":"","background-image":"","background-repeat":"repeat","background-position":"center center","background-size":"auto","background-attachment":"scroll","background-type":"","background-media":"","overlay-type":"","overlay-color":"","overlay-opacity":"","overlay-gradient":""}},"ast-content-background-meta":{"desktop":{"background-color":"var(--ast-global-color-5)","background-image":"","background-repeat":"repeat","background-position":"center center","background-size":"auto","background-attachment":"scroll","background-type":"","background-media":"","overlay-type":"","overlay-color":"","overlay-opacity":"","overlay-gradient":""},"tablet":{"background-color":"var(--ast-global-color-5)","background-image":"","background-repeat":"repeat","background-position":"center center","background-size":"auto","background-attachment":"scroll","background-type":"","background-media":"","overlay-type":"","overlay-color":"","overlay-opacity":"","overlay-gradient":""},"mobile":{"background-color":"var(--ast-global-color-5)","background-image":"","background-repeat":"repeat","background-position":"center center","background-size":"auto","background-attachment":"scroll","background-type":"","background-media":"","overlay-type":"","overlay-color":"","overlay-opacity":"","overlay-gradient":""}}},"product_brand":[],"product_cat":[177],"product_tag":[],"class_list":{"0":"post-7484","1":"product","2":"type-product","3":"status-publish","4":"has-post-thumbnail","6":"product_cat-headshop","7":"desktop-align-left","8":"tablet-align-center","9":"mobile-align-left","10":"ast-product-gallery-layout-vertical","11":"ast-product-gallery-with-no-image","12":"ast-magnify-disabled","13":"ast-product-tabs-layout-horizontal","15":"first","16":"instock","17":"taxable","18":"shipping-taxable","19":"purchasable","20":"product-type-simple"},"yoast_head":"<!-- This site is optimized with the Yoast SEO Premium plugin v27.2 (Yoast SEO v27.4) - https:\/\/yoast.com\/product\/yoast-seo-premium-wordpress\/ -->\n<title>Cendrier en m\u00e9tal - Green Farmer - Blumiz - Premium CBD<\/title>\n<meta name=\"description\" content=\"Cendrier en m\u00e9tal - Green Farmer - Blumiz - Premium CBD\" \/>\n<meta name=\"robots\" content=\"index, follow, max-snippet:-1, max-image-preview:large, max-video-preview:-1\" \/>\n<link rel=\"canonical\" href=\"https:\/\/blumiz.com\/fr\/produit\/metal-cendrier-best-buds-green-farmer\/\" \/>\n<meta property=\"og:locale\" content=\"fr_FR\" \/>\n<meta property=\"og:type\" content=\"article\" \/>\n<meta property=\"og:title\" content=\"Cendrier en m\u00e9tal - Green Farmer\" \/>\n<meta property=\"og:description\" content=\"Cendrier en m\u00e9tal - Green Farmer Blumiz - Premium CBD\" \/>\n<meta property=\"og:url\" content=\"https:\/\/blumiz.com\/fr\/produit\/metal-cendrier-best-buds-green-farmer\/\" \/>\n<meta property=\"og:site_name\" content=\"Blumiz - Premium CBD\" \/>\n<meta property=\"article:modified_time\" content=\"2025-10-07T08:43:36+00:00\" \/>\n<meta property=\"og:image\" content=\"https:\/\/blumiz.com\/wp-content\/uploads\/2022\/09\/Best-Buds-\u2013-Green-Farmer-Metal-Aschenbecher.webp\" \/>\n\t<meta property=\"og:image:width\" content=\"600\" \/>\n\t<meta property=\"og:image:height\" content=\"600\" \/>\n\t<meta property=\"og:image:type\" content=\"image\/webp\" \/>\n<meta name=\"twitter:card\" content=\"summary_large_image\" \/>\n<meta name=\"twitter:label1\" content=\"Prix\" \/>\n\t<meta name=\"twitter:data1\" content=\"2,90&nbsp;&euro;\" \/>\n\t<meta name=\"twitter:label2\" content=\"Disponibilit\u00e9\" \/>\n\t<meta name=\"twitter:data2\" content=\"En stock\" \/>\n<script type=\"application\/ld+json\" class=\"yoast-schema-graph\">{\"@context\":\"https:\\\/\\\/schema.org\",\"@graph\":[{\"@type\":\"WebPage\",\"@id\":\"https:\\\/\\\/blumiz.com\\\/fr\\\/produit\\\/metal-cendrier-best-buds-green-farmer\\\/\",\"url\":\"https:\\\/\\\/blumiz.com\\\/fr\\\/produit\\\/metal-cendrier-best-buds-green-farmer\\\/\",\"name\":\"Cendrier en m\u00e9tal - Green Farmer - Blumiz - Premium CBD\",\"isPartOf\":{\"@id\":\"https:\\\/\\\/blumiz.com\\\/fr\\\/#website\"},\"primaryImageOfPage\":{\"@id\":\"https:\\\/\\\/blumiz.com\\\/fr\\\/produit\\\/metal-cendrier-best-buds-green-farmer\\\/#primaryimage\"},\"image\":{\"@id\":\"https:\\\/\\\/blumiz.com\\\/fr\\\/produit\\\/metal-cendrier-best-buds-green-farmer\\\/#primaryimage\"},\"thumbnailUrl\":\"https:\\\/\\\/blumiz.com\\\/wp-content\\\/uploads\\\/2022\\\/09\\\/Best-Buds-\u2013-Green-Farmer-Metal-Aschenbecher.webp\",\"datePublished\":\"2020-09-07T07:31:37+00:00\",\"dateModified\":\"2025-10-07T08:43:36+00:00\",\"description\":\"Cendrier en m\u00e9tal - Green Farmer - Blumiz - Premium CBD\",\"breadcrumb\":{\"@id\":\"https:\\\/\\\/blumiz.com\\\/fr\\\/produit\\\/metal-cendrier-best-buds-green-farmer\\\/#breadcrumb\"},\"inLanguage\":\"fr-FR\",\"potentialAction\":[{\"@type\":\"ReadAction\",\"target\":[\"https:\\\/\\\/blumiz.com\\\/fr\\\/produit\\\/metal-cendrier-best-buds-green-farmer\\\/\"]}]},{\"@type\":\"ImageObject\",\"inLanguage\":\"fr-FR\",\"@id\":\"https:\\\/\\\/blumiz.com\\\/fr\\\/produit\\\/metal-cendrier-best-buds-green-farmer\\\/#primaryimage\",\"url\":\"https:\\\/\\\/blumiz.com\\\/wp-content\\\/uploads\\\/2022\\\/09\\\/Best-Buds-\u2013-Green-Farmer-Metal-Aschenbecher.webp\",\"contentUrl\":\"https:\\\/\\\/blumiz.com\\\/wp-content\\\/uploads\\\/2022\\\/09\\\/Best-Buds-\u2013-Green-Farmer-Metal-Aschenbecher.webp\",\"width\":600,\"height\":600},{\"@type\":\"BreadcrumbList\",\"@id\":\"https:\\\/\\\/blumiz.com\\\/fr\\\/produit\\\/metal-cendrier-best-buds-green-farmer\\\/#breadcrumb\",\"itemListElement\":[{\"@type\":\"ListItem\",\"position\":1,\"name\":\"Blumiz\",\"item\":\"https:\\\/\\\/blumiz.com\\\/fr\\\/\"},{\"@type\":\"ListItem\",\"position\":2,\"name\":\"CBD Shop\",\"item\":\"https:\\\/\\\/blumiz.com\\\/fr\\\/acheter-cbd-shop\\\/\"},{\"@type\":\"ListItem\",\"position\":3,\"name\":\"HeadShop\",\"item\":\"https:\\\/\\\/blumiz.com\\\/fr\\\/category\\\/headshop\\\/\"},{\"@type\":\"ListItem\",\"position\":4,\"name\":\"Cendrier en m\u00e9tal &#8211; Green Farmer\"}]},{\"@type\":\"WebSite\",\"@id\":\"https:\\\/\\\/blumiz.com\\\/fr\\\/#website\",\"url\":\"https:\\\/\\\/blumiz.com\\\/fr\\\/\",\"name\":\"Blumiz - Premium CBD\",\"description\":\"Blumiz, Cannabis specialist\",\"publisher\":{\"@id\":\"https:\\\/\\\/blumiz.com\\\/fr\\\/#organization\"},\"alternateName\":\"Blumiz\",\"potentialAction\":[{\"@type\":\"SearchAction\",\"target\":{\"@type\":\"EntryPoint\",\"urlTemplate\":\"https:\\\/\\\/blumiz.com\\\/fr\\\/?s={search_term_string}\"},\"query-input\":{\"@type\":\"PropertyValueSpecification\",\"valueRequired\":true,\"valueName\":\"search_term_string\"}}],\"inLanguage\":\"fr-FR\"},{\"@type\":\"Organization\",\"@id\":\"https:\\\/\\\/blumiz.com\\\/fr\\\/#organization\",\"name\":\"Blumiz CBD\",\"alternateName\":\"Blumiz\",\"url\":\"https:\\\/\\\/blumiz.com\\\/fr\\\/\",\"logo\":{\"@type\":\"ImageObject\",\"inLanguage\":\"fr-FR\",\"@id\":\"https:\\\/\\\/blumiz.com\\\/fr\\\/#\\\/schema\\\/logo\\\/image\\\/\",\"url\":\"https:\\\/\\\/blumiz.com\\\/wp-content\\\/uploads\\\/2026\\\/02\\\/cropped-Blumiz-CBD-logo.webp\",\"contentUrl\":\"https:\\\/\\\/blumiz.com\\\/wp-content\\\/uploads\\\/2026\\\/02\\\/cropped-Blumiz-CBD-logo.webp\",\"width\":2547,\"height\":778,\"caption\":\"Blumiz CBD\"},\"image\":{\"@id\":\"https:\\\/\\\/blumiz.com\\\/fr\\\/#\\\/schema\\\/logo\\\/image\\\/\"}}]}<\/script>\n<meta property=\"product:price:amount\" content=\"2.90\" \/>\n<meta property=\"product:price:currency\" content=\"EUR\" \/>\n<meta property=\"og:availability\" content=\"instock\" \/>\n<meta property=\"product:availability\" content=\"instock\" \/>\n<meta property=\"product:retailer_item_id\" content=\"584285\" \/>\n<meta property=\"product:condition\" content=\"new\" \/>\n<!-- \/ Yoast SEO Premium plugin. -->","yoast_head_json":{"title":"Cendrier en m\u00e9tal - Green Farmer - Blumiz - Premium CBD","description":"Cendrier en m\u00e9tal - Green Farmer - Blumiz - Premium CBD","robots":{"index":"index","follow":"follow","max-snippet":"max-snippet:-1","max-image-preview":"max-image-preview:large","max-video-preview":"max-video-preview:-1"},"canonical":"https:\/\/blumiz.com\/fr\/produit\/metal-cendrier-best-buds-green-farmer\/","og_locale":"fr_FR","og_type":"article","og_title":"Cendrier en m\u00e9tal - Green Farmer","og_description":"Cendrier en m\u00e9tal - Green Farmer Blumiz - Premium CBD","og_url":"https:\/\/blumiz.com\/fr\/produit\/metal-cendrier-best-buds-green-farmer\/","og_site_name":"Blumiz - Premium CBD","article_modified_time":"2025-10-07T08:43:36+00:00","og_image":[{"width":600,"height":600,"url":"https:\/\/blumiz.com\/wp-content\/uploads\/2022\/09\/Best-Buds-\u2013-Green-Farmer-Metal-Aschenbecher.webp","type":"image\/webp"}],"twitter_card":"summary_large_image","twitter_misc":{"Prix":"2,90&nbsp;&euro;","Disponibilit\u00e9":"En stock"},"schema":{"@context":"https:\/\/schema.org","@graph":[{"@type":"WebPage","@id":"https:\/\/blumiz.com\/fr\/produit\/metal-cendrier-best-buds-green-farmer\/","url":"https:\/\/blumiz.com\/fr\/produit\/metal-cendrier-best-buds-green-farmer\/","name":"Cendrier en m\u00e9tal - Green Farmer - Blumiz - Premium CBD","isPartOf":{"@id":"https:\/\/blumiz.com\/fr\/#website"},"primaryImageOfPage":{"@id":"https:\/\/blumiz.com\/fr\/produit\/metal-cendrier-best-buds-green-farmer\/#primaryimage"},"image":{"@id":"https:\/\/blumiz.com\/fr\/produit\/metal-cendrier-best-buds-green-farmer\/#primaryimage"},"thumbnailUrl":"https:\/\/blumiz.com\/wp-content\/uploads\/2022\/09\/Best-Buds-\u2013-Green-Farmer-Metal-Aschenbecher.webp","datePublished":"2020-09-07T07:31:37+00:00","dateModified":"2025-10-07T08:43:36+00:00","description":"Cendrier en m\u00e9tal - Green Farmer - Blumiz - Premium CBD","breadcrumb":{"@id":"https:\/\/blumiz.com\/fr\/produit\/metal-cendrier-best-buds-green-farmer\/#breadcrumb"},"inLanguage":"fr-FR","potentialAction":[{"@type":"ReadAction","target":["https:\/\/blumiz.com\/fr\/produit\/metal-cendrier-best-buds-green-farmer\/"]}]},{"@type":"ImageObject","inLanguage":"fr-FR","@id":"https:\/\/blumiz.com\/fr\/produit\/metal-cendrier-best-buds-green-farmer\/#primaryimage","url":"https:\/\/blumiz.com\/wp-content\/uploads\/2022\/09\/Best-Buds-\u2013-Green-Farmer-Metal-Aschenbecher.webp","contentUrl":"https:\/\/blumiz.com\/wp-content\/uploads\/2022\/09\/Best-Buds-\u2013-Green-Farmer-Metal-Aschenbecher.webp","width":600,"height":600},{"@type":"BreadcrumbList","@id":"https:\/\/blumiz.com\/fr\/produit\/metal-cendrier-best-buds-green-farmer\/#breadcrumb","itemListElement":[{"@type":"ListItem","position":1,"name":"Blumiz","item":"https:\/\/blumiz.com\/fr\/"},{"@type":"ListItem","position":2,"name":"CBD Shop","item":"https:\/\/blumiz.com\/fr\/acheter-cbd-shop\/"},{"@type":"ListItem","position":3,"name":"HeadShop","item":"https:\/\/blumiz.com\/fr\/category\/headshop\/"},{"@type":"ListItem","position":4,"name":"Cendrier en m\u00e9tal &#8211; Green Farmer"}]},{"@type":"WebSite","@id":"https:\/\/blumiz.com\/fr\/#website","url":"https:\/\/blumiz.com\/fr\/","name":"Blumiz - Premium CBD","description":"Blumiz, Cannabis specialist","publisher":{"@id":"https:\/\/blumiz.com\/fr\/#organization"},"alternateName":"Blumiz","potentialAction":[{"@type":"SearchAction","target":{"@type":"EntryPoint","urlTemplate":"https:\/\/blumiz.com\/fr\/?s={search_term_string}"},"query-input":{"@type":"PropertyValueSpecification","valueRequired":true,"valueName":"search_term_string"}}],"inLanguage":"fr-FR"},{"@type":"Organization","@id":"https:\/\/blumiz.com\/fr\/#organization","name":"Blumiz CBD","alternateName":"Blumiz","url":"https:\/\/blumiz.com\/fr\/","logo":{"@type":"ImageObject","inLanguage":"fr-FR","@id":"https:\/\/blumiz.com\/fr\/#\/schema\/logo\/image\/","url":"https:\/\/blumiz.com\/wp-content\/uploads\/2026\/02\/cropped-Blumiz-CBD-logo.webp","contentUrl":"https:\/\/blumiz.com\/wp-content\/uploads\/2026\/02\/cropped-Blumiz-CBD-logo.webp","width":2547,"height":778,"caption":"Blumiz CBD"},"image":{"@id":"https:\/\/blumiz.com\/fr\/#\/schema\/logo\/image\/"}}]},"product_price_amount":"2.90","product_price_currency":"EUR","og_availability":"instock","product_availability":"instock","product_retailer_item_id":"584285","product_condition":"new"},"_links":{"self":[{"href":"https:\/\/blumiz.com\/fr\/wp-json\/wp\/v2\/product\/7484","targetHints":{"allow":["GET"]}}],"collection":[{"href":"https:\/\/blumiz.com\/fr\/wp-json\/wp\/v2\/product"}],"about":[{"href":"https:\/\/blumiz.com\/fr\/wp-json\/wp\/v2\/types\/product"}],"replies":[{"embeddable":true,"href":"https:\/\/blumiz.com\/fr\/wp-json\/wp\/v2\/comments?post=7484"}],"version-history":[{"count":0,"href":"https:\/\/blumiz.com\/fr\/wp-json\/wp\/v2\/product\/7484\/revisions"}],"wp:featuredmedia":[{"embeddable":true,"href":"https:\/\/blumiz.com\/fr\/wp-json\/wp\/v2\/media\/6732"}],"wp:attachment":[{"href":"https:\/\/blumiz.com\/fr\/wp-json\/wp\/v2\/media?parent=7484"}],"wp:term":[{"taxonomy":"product_brand","embeddable":true,"href":"https:\/\/blumiz.com\/fr\/wp-json\/wp\/v2\/product_brand?post=7484"},{"taxonomy":"product_cat","embeddable":true,"href":"https:\/\/blumiz.com\/fr\/wp-json\/wp\/v2\/product_cat?post=7484"},{"taxonomy":"product_tag","embeddable":true,"href":"https:\/\/blumiz.com\/fr\/wp-json\/wp\/v2\/product_tag?post=7484"}],"curies":[{"name":"wp","href":"https:\/\/api.w.org\/{rel}","templated":true}]}}