{"id":7733,"date":"2020-10-10T13:50:11","date_gmt":"2020-10-10T12:50:11","guid":{"rendered":"https:\/\/blumiz.com\/produkt\/tutti-frutti-fleur-cbd-13\/"},"modified":"2025-02-06T21:38:25","modified_gmt":"2025-02-06T20:38:25","slug":"tutti-frutti-cbd","status":"publish","type":"product","link":"https:\/\/blumiz.com\/fr\/produit\/tutti-frutti-cbd\/","title":{"rendered":"Tutti Frutti &#8211; Fleur CBD 13%."},"content":{"rendered":"<h2><span style=\"color: #107d85;\">Fleur CBD Tutti Frutti Greenhouse 13% :<\/span><\/h2>\n<p>Si vous d\u00e9cidez d&#8217;acheter des Fleur CBD, Tutti Frutti est fait pour vous. En effet, si vous choisissez cette vari\u00e9t\u00e9 Greenhouse, vous trouverez des ar\u00f4mes de prune, de cerise et m\u00eame d&#8217;orange. La puissance de cette vari\u00e9t\u00e9 Greenhouse est contrebalanc\u00e9e par la fra\u00eecheur du go\u00fbt que vous ressentirez en bouche.  Si vous optez pour ses Fleur CBD, vous ne serez pas d\u00e9\u00e7u.<\/p>\n<p>La vari\u00e9t\u00e9 Tutti Frutti CBD est une vari\u00e9t\u00e9 hybride obtenue par croisement entre Blue Haze, Green Haze, Thai Sativa, Lowrider, Haze et Sour Diesel. La Tutti Frutti est \u00e0 dominance Sativa et vous serez enthousiasm\u00e9 par sa puissance odorante d\u00e8s que vous la tiendrez entre vos mains. En ce qui concerne les ar\u00f4mes en bouche, vous sentirez sa puissance en bouche, mais vous serez enthousiasm\u00e9 par sa douceur et sa longueur.<\/p>\n<p>Le Tutti Frutti CBD peut \u00eatre consomm\u00e9 toute la journ\u00e9e, seul ou avec des amis. Il est conseill\u00e9 de le consommer le matin ou le soir pour profiter pleinement de ses ar\u00f4mes. Lorsque vous achetez des Fleur CBD, vous pouvez \u00eatre s\u00fbr de la qualit\u00e9 propos\u00e9e. Si vous d\u00e9cidez d&#8217;acheter la vari\u00e9t\u00e9 Tutti Frutti, vous pourrez en effet profiter d&#8217;une vari\u00e9t\u00e9 Greenhouse qui vous permettra d&#8217;obtenir une qualit\u00e9 sup\u00e9rieure \u00e0 un bon prix. Cultiv\u00e9e en int\u00e9rieur dans des salles de culture, vous profiterez de fleurs CBD de qualit\u00e9 sup\u00e9rieure. Si vous ne savez pas quelles Fleur CBD acheter, essayez Tutti Frutti. Il ne reste plus qu&#8217;\u00e0 tester.<\/p>\n<p>Si vous recherchez d&#8217;autres vari\u00e9t\u00e9s \u00e0 un bon prix, nous vous recommandons \u00e9galement d&#8217;essayer notre <a href=\"https:\/\/blumiz.com\/produit\/trim-cbd-indoor-mix-7\/\">TRIM<\/a> ou notre <a href=\"https:\/\/blumiz.com\/produit\/cbd-small-bud-indoor-mix-9\/\">Small Buds Mix Indoor<\/a>.<\/p>\n<p>Si vous recherchez une vari\u00e9t\u00e9 de qualit\u00e9 sup\u00e9rieure, nous vous recommandons <a href=\"https:\/\/blumiz.com\/produit\/ivory-cbd\/\">Ivory<\/a>, <a href=\"https:\/\/blumiz.com\/produit\/mango-kush-cbd\/\">Mango Kush<\/a> ou <a href=\"https:\/\/blumiz.com\/produit\/amnesia-cbd\/\">Amnesia<\/a>.<\/p>\n<h4><\/h4>\n<h4><span style=\"color: #ff6600;\">Plus d&#8217;informations :<\/span><\/h4>\n<p>Ces produits naturels CBD ne sont pas contamin\u00e9s par des herbicides, des pesticides ou des engrais chimiques et sont en grande partie inodores et emball\u00e9s dans des sachets \u00e0 fond plat opaques.<\/p>\n<p>D\u00e9couvrez ici \u00e9galement notre <a href=\"https:\/\/blumiz.com\/fr\/category\/hash-et-concentres\/\">HASH CBD<\/a><\/p>\n<p>Une question, vous avez besoin d&#8217;aide ? <a href=\"https:\/\/blumiz.com\/hilfe-und-faqs\/\">Cliquez ici pour d\u00e9couvrir notre centre d&#8217;aide.<\/a><\/p>\n<p>D\u00e9couvrez nos <a href=\"https:\/\/blumiz.com\/fr\/category\/headshop\/\">produits et accessoires Headshop<\/a> pour profiter de vos vari\u00e9t\u00e9s pr\u00e9f\u00e9r\u00e9es<\/p>\n","protected":false},"excerpt":{"rendered":"<h4><span style=\"color: #107d85;\">Fleur CBD Tutti Frutti Greenhouse 13% :<\/span><\/h4>\n<p>Une des fleurs de serre CBD les moins ch\u00e8res &#8230; et l&#8217;une des meilleures !<\/p>\n<p>Vous souhaitez d\u00e9couvrir une vari\u00e9t\u00e9 de Fleur CBD de caract\u00e8re qui vous satisfera pleinement. Alors la vari\u00e9t\u00e9 Tutti Frutti est faite pour vous. Que vous soyez habitu\u00e9 \u00e0 consommer des Fleur CBD ou que vous soyez d\u00e9butant, vous ne serez pas d\u00e9\u00e7u par les ar\u00f4mes et la gamme de saveurs qu&#8217;il vous offre.<\/p>\n","protected":false},"featured_media":6714,"comment_status":"open","ping_status":"closed","template":"","meta":{"site-sidebar-layout":"default","site-content-layout":"default","ast-site-content-layout":"default","site-content-style":"default","site-sidebar-style":"default","ast-global-header-display":"","ast-banner-title-visibility":"","ast-main-header-display":"","ast-hfb-above-header-display":"","ast-hfb-below-header-display":"","ast-hfb-mobile-header-display":"","site-post-title":"","ast-breadcrumbs-content":"","ast-featured-img":"","footer-sml-layout":"","ast-disable-related-posts":"","theme-transparent-header-meta":"default","adv-header-id-meta":"","stick-header-meta":"default","header-above-stick-meta":"","header-main-stick-meta":"","header-below-stick-meta":"","astra-migrate-meta-layouts":"default","ast-page-background-enabled":"default","ast-page-background-meta":{"desktop":{"background-color":"","background-image":"","background-repeat":"repeat","background-position":"center center","background-size":"auto","background-attachment":"scroll","background-type":"","background-media":"","overlay-type":"","overlay-color":"","overlay-opacity":"","overlay-gradient":""},"tablet":{"background-color":"","background-image":"","background-repeat":"repeat","background-position":"center center","background-size":"auto","background-attachment":"scroll","background-type":"","background-media":"","overlay-type":"","overlay-color":"","overlay-opacity":"","overlay-gradient":""},"mobile":{"background-color":"","background-image":"","background-repeat":"repeat","background-position":"center center","background-size":"auto","background-attachment":"scroll","background-type":"","background-media":"","overlay-type":"","overlay-color":"","overlay-opacity":"","overlay-gradient":""}},"ast-content-background-meta":{"desktop":{"background-color":"var(--ast-global-color-5)","background-image":"","background-repeat":"repeat","background-position":"center center","background-size":"auto","background-attachment":"scroll","background-type":"","background-media":"","overlay-type":"","overlay-color":"","overlay-opacity":"","overlay-gradient":""},"tablet":{"background-color":"var(--ast-global-color-5)","background-image":"","background-repeat":"repeat","background-position":"center center","background-size":"auto","background-attachment":"scroll","background-type":"","background-media":"","overlay-type":"","overlay-color":"","overlay-opacity":"","overlay-gradient":""},"mobile":{"background-color":"var(--ast-global-color-5)","background-image":"","background-repeat":"repeat","background-position":"center center","background-size":"auto","background-attachment":"scroll","background-type":"","background-media":"","overlay-type":"","overlay-color":"","overlay-opacity":"","overlay-gradient":""}}},"product_brand":[],"product_cat":[304,164,167,161,163],"product_tag":[201,202,203],"class_list":{"0":"post-7733","1":"product","2":"type-product","3":"status-publish","4":"has-post-thumbnail","6":"product_cat-cbd-fr","7":"product_cat-fleur-cbd-pas-cher","8":"product_cat-fleur-cbd-puissante","9":"product_cat-fleurs-de-cbd","10":"product_cat-fleur-cbd-greenhouse","11":"product_tag-fleurs-cbd-pas-cher","12":"product_tag-fleurs-cbd-puissantes","13":"product_tag-greenhouse-cbd-fr","14":"pa_cbd-rate-10-a-20-cbd","15":"pa_kategorie-fleur-cbd-pas-cher","16":"pa_kategorie-greenhouse-fr","17":"desktop-align-left","18":"tablet-align-center","19":"mobile-align-left","20":"ast-product-gallery-layout-vertical","21":"ast-magnify-disabled","22":"ast-product-single-variable","23":"ast-product-tabs-layout-horizontal","25":"first","26":"instock","27":"taxable","28":"shipping-taxable","29":"purchasable","30":"product-type-variable","31":"has-default-attributes"},"yoast_head":"<!-- This site is optimized with the Yoast SEO Premium plugin v27.2 (Yoast SEO v27.4) - https:\/\/yoast.com\/product\/yoast-seo-premium-wordpress\/ -->\n<title>Tutti Frutti CBD -%sitename%%%%%.<\/title>\n<meta name=\"description\" content=\"Tutti Frutti Fleur de CBD 13% CBD : Tutti Frutti CBD est cultiv\u00e9 dans un Greenhouse bio. 13 % CBD \u00e0 partir de 2,60 \u20ac le gramme. Fleur de Greenhouse CBD pas cher France\" \/>\n<meta name=\"robots\" content=\"index, follow, max-snippet:-1, max-image-preview:large, max-video-preview:-1\" \/>\n<link rel=\"canonical\" href=\"https:\/\/blumiz.com\/fr\/produit\/tutti-frutti-cbd\/\" \/>\n<meta property=\"og:locale\" content=\"fr_FR\" \/>\n<meta property=\"og:type\" content=\"article\" \/>\n<meta property=\"og:title\" content=\"Tutti Frutti - Fleur CBD 13%.\" \/>\n<meta property=\"og:description\" content=\"Tutti Frutti - Fleur CBD 13%. Blumiz - Premium CBD\" \/>\n<meta property=\"og:url\" content=\"https:\/\/blumiz.com\/fr\/produit\/tutti-frutti-cbd\/\" \/>\n<meta property=\"og:site_name\" content=\"Blumiz - Premium CBD\" \/>\n<meta property=\"article:modified_time\" content=\"2025-02-06T20:38:25+00:00\" \/>\n<meta property=\"og:image\" content=\"https:\/\/blumiz.com\/wp-content\/uploads\/2022\/08\/TUTTI-FRUTTI-BLUMIZ.webp\" \/>\n\t<meta property=\"og:image:width\" content=\"600\" \/>\n\t<meta property=\"og:image:height\" content=\"600\" \/>\n\t<meta property=\"og:image:type\" content=\"image\/webp\" \/>\n<meta name=\"twitter:card\" content=\"summary_large_image\" \/>\n<meta name=\"twitter:label1\" content=\"Disponibilit\u00e9\" \/>\n\t<meta name=\"twitter:data1\" content=\"En stock\" \/>\n<script type=\"application\/ld+json\" class=\"yoast-schema-graph\">{\"@context\":\"https:\\\/\\\/schema.org\",\"@graph\":[{\"@type\":\"WebPage\",\"@id\":\"https:\\\/\\\/blumiz.com\\\/fr\\\/produit\\\/tutti-frutti-cbd\\\/\",\"url\":\"https:\\\/\\\/blumiz.com\\\/fr\\\/produit\\\/tutti-frutti-cbd\\\/\",\"name\":\"Tutti Frutti CBD -%sitename%%%%%.\",\"isPartOf\":{\"@id\":\"https:\\\/\\\/blumiz.com\\\/fr\\\/#website\"},\"primaryImageOfPage\":{\"@id\":\"https:\\\/\\\/blumiz.com\\\/fr\\\/produit\\\/tutti-frutti-cbd\\\/#primaryimage\"},\"image\":{\"@id\":\"https:\\\/\\\/blumiz.com\\\/fr\\\/produit\\\/tutti-frutti-cbd\\\/#primaryimage\"},\"thumbnailUrl\":\"https:\\\/\\\/blumiz.com\\\/wp-content\\\/uploads\\\/2022\\\/08\\\/TUTTI-FRUTTI-BLUMIZ.webp\",\"datePublished\":\"2020-10-10T12:50:11+00:00\",\"dateModified\":\"2025-02-06T20:38:25+00:00\",\"description\":\"Tutti Frutti Fleur de CBD 13% CBD : Tutti Frutti CBD est cultiv\u00e9 dans un Greenhouse bio. 13 % CBD \u00e0 partir de 2,60 \u20ac le gramme. Fleur de Greenhouse CBD pas cher France\",\"breadcrumb\":{\"@id\":\"https:\\\/\\\/blumiz.com\\\/fr\\\/produit\\\/tutti-frutti-cbd\\\/#breadcrumb\"},\"inLanguage\":\"fr-FR\",\"potentialAction\":[{\"@type\":\"ReadAction\",\"target\":[\"https:\\\/\\\/blumiz.com\\\/fr\\\/produit\\\/tutti-frutti-cbd\\\/\"]}]},{\"@type\":\"ImageObject\",\"inLanguage\":\"fr-FR\",\"@id\":\"https:\\\/\\\/blumiz.com\\\/fr\\\/produit\\\/tutti-frutti-cbd\\\/#primaryimage\",\"url\":\"https:\\\/\\\/blumiz.com\\\/wp-content\\\/uploads\\\/2022\\\/08\\\/TUTTI-FRUTTI-BLUMIZ.webp\",\"contentUrl\":\"https:\\\/\\\/blumiz.com\\\/wp-content\\\/uploads\\\/2022\\\/08\\\/TUTTI-FRUTTI-BLUMIZ.webp\",\"width\":600,\"height\":600},{\"@type\":\"BreadcrumbList\",\"@id\":\"https:\\\/\\\/blumiz.com\\\/fr\\\/produit\\\/tutti-frutti-cbd\\\/#breadcrumb\",\"itemListElement\":[{\"@type\":\"ListItem\",\"position\":1,\"name\":\"Blumiz\",\"item\":\"https:\\\/\\\/blumiz.com\\\/fr\\\/\"},{\"@type\":\"ListItem\",\"position\":2,\"name\":\"CBD Shop\",\"item\":\"https:\\\/\\\/blumiz.com\\\/fr\\\/acheter-cbd-shop\\\/\"},{\"@type\":\"ListItem\",\"position\":3,\"name\":\"Fleurs de CBD\",\"item\":\"https:\\\/\\\/blumiz.com\\\/fr\\\/category\\\/fleurs-de-cbd\\\/\"},{\"@type\":\"ListItem\",\"position\":4,\"name\":\"Tutti Frutti &#8211; Fleur CBD 13%.\"}]},{\"@type\":\"WebSite\",\"@id\":\"https:\\\/\\\/blumiz.com\\\/fr\\\/#website\",\"url\":\"https:\\\/\\\/blumiz.com\\\/fr\\\/\",\"name\":\"Blumiz - Premium CBD\",\"description\":\"Blumiz, Cannabis specialist\",\"publisher\":{\"@id\":\"https:\\\/\\\/blumiz.com\\\/fr\\\/#organization\"},\"alternateName\":\"Blumiz\",\"potentialAction\":[{\"@type\":\"SearchAction\",\"target\":{\"@type\":\"EntryPoint\",\"urlTemplate\":\"https:\\\/\\\/blumiz.com\\\/fr\\\/?s={search_term_string}\"},\"query-input\":{\"@type\":\"PropertyValueSpecification\",\"valueRequired\":true,\"valueName\":\"search_term_string\"}}],\"inLanguage\":\"fr-FR\"},{\"@type\":\"Organization\",\"@id\":\"https:\\\/\\\/blumiz.com\\\/fr\\\/#organization\",\"name\":\"Blumiz CBD\",\"alternateName\":\"Blumiz\",\"url\":\"https:\\\/\\\/blumiz.com\\\/fr\\\/\",\"logo\":{\"@type\":\"ImageObject\",\"inLanguage\":\"fr-FR\",\"@id\":\"https:\\\/\\\/blumiz.com\\\/fr\\\/#\\\/schema\\\/logo\\\/image\\\/\",\"url\":\"https:\\\/\\\/blumiz.com\\\/wp-content\\\/uploads\\\/2026\\\/02\\\/cropped-Blumiz-CBD-logo.webp\",\"contentUrl\":\"https:\\\/\\\/blumiz.com\\\/wp-content\\\/uploads\\\/2026\\\/02\\\/cropped-Blumiz-CBD-logo.webp\",\"width\":2547,\"height\":778,\"caption\":\"Blumiz CBD\"},\"image\":{\"@id\":\"https:\\\/\\\/blumiz.com\\\/fr\\\/#\\\/schema\\\/logo\\\/image\\\/\"}}]}<\/script>\n<meta property=\"og:availability\" content=\"instock\" \/>\n<meta property=\"product:availability\" content=\"instock\" \/>\n<meta property=\"product:retailer_item_id\" content=\"46193\" \/>\n<meta property=\"product:condition\" content=\"new\" \/>\n<!-- \/ Yoast SEO Premium plugin. -->","yoast_head_json":{"title":"Tutti Frutti CBD -%sitename%%%%%.","description":"Tutti Frutti Fleur de CBD 13% CBD : Tutti Frutti CBD est cultiv\u00e9 dans un Greenhouse bio. 13 % CBD \u00e0 partir de 2,60 \u20ac le gramme. Fleur de Greenhouse CBD pas cher France","robots":{"index":"index","follow":"follow","max-snippet":"max-snippet:-1","max-image-preview":"max-image-preview:large","max-video-preview":"max-video-preview:-1"},"canonical":"https:\/\/blumiz.com\/fr\/produit\/tutti-frutti-cbd\/","og_locale":"fr_FR","og_type":"article","og_title":"Tutti Frutti - Fleur CBD 13%.","og_description":"Tutti Frutti - Fleur CBD 13%. Blumiz - Premium CBD","og_url":"https:\/\/blumiz.com\/fr\/produit\/tutti-frutti-cbd\/","og_site_name":"Blumiz - Premium CBD","article_modified_time":"2025-02-06T20:38:25+00:00","og_image":[{"width":600,"height":600,"url":"https:\/\/blumiz.com\/wp-content\/uploads\/2022\/08\/TUTTI-FRUTTI-BLUMIZ.webp","type":"image\/webp"}],"twitter_card":"summary_large_image","twitter_misc":{"Disponibilit\u00e9":"En stock"},"schema":{"@context":"https:\/\/schema.org","@graph":[{"@type":"WebPage","@id":"https:\/\/blumiz.com\/fr\/produit\/tutti-frutti-cbd\/","url":"https:\/\/blumiz.com\/fr\/produit\/tutti-frutti-cbd\/","name":"Tutti Frutti CBD -%sitename%%%%%.","isPartOf":{"@id":"https:\/\/blumiz.com\/fr\/#website"},"primaryImageOfPage":{"@id":"https:\/\/blumiz.com\/fr\/produit\/tutti-frutti-cbd\/#primaryimage"},"image":{"@id":"https:\/\/blumiz.com\/fr\/produit\/tutti-frutti-cbd\/#primaryimage"},"thumbnailUrl":"https:\/\/blumiz.com\/wp-content\/uploads\/2022\/08\/TUTTI-FRUTTI-BLUMIZ.webp","datePublished":"2020-10-10T12:50:11+00:00","dateModified":"2025-02-06T20:38:25+00:00","description":"Tutti Frutti Fleur de CBD 13% CBD : Tutti Frutti CBD est cultiv\u00e9 dans un Greenhouse bio. 13 % CBD \u00e0 partir de 2,60 \u20ac le gramme. Fleur de Greenhouse CBD pas cher France","breadcrumb":{"@id":"https:\/\/blumiz.com\/fr\/produit\/tutti-frutti-cbd\/#breadcrumb"},"inLanguage":"fr-FR","potentialAction":[{"@type":"ReadAction","target":["https:\/\/blumiz.com\/fr\/produit\/tutti-frutti-cbd\/"]}]},{"@type":"ImageObject","inLanguage":"fr-FR","@id":"https:\/\/blumiz.com\/fr\/produit\/tutti-frutti-cbd\/#primaryimage","url":"https:\/\/blumiz.com\/wp-content\/uploads\/2022\/08\/TUTTI-FRUTTI-BLUMIZ.webp","contentUrl":"https:\/\/blumiz.com\/wp-content\/uploads\/2022\/08\/TUTTI-FRUTTI-BLUMIZ.webp","width":600,"height":600},{"@type":"BreadcrumbList","@id":"https:\/\/blumiz.com\/fr\/produit\/tutti-frutti-cbd\/#breadcrumb","itemListElement":[{"@type":"ListItem","position":1,"name":"Blumiz","item":"https:\/\/blumiz.com\/fr\/"},{"@type":"ListItem","position":2,"name":"CBD Shop","item":"https:\/\/blumiz.com\/fr\/acheter-cbd-shop\/"},{"@type":"ListItem","position":3,"name":"Fleurs de CBD","item":"https:\/\/blumiz.com\/fr\/category\/fleurs-de-cbd\/"},{"@type":"ListItem","position":4,"name":"Tutti Frutti &#8211; Fleur CBD 13%."}]},{"@type":"WebSite","@id":"https:\/\/blumiz.com\/fr\/#website","url":"https:\/\/blumiz.com\/fr\/","name":"Blumiz - Premium CBD","description":"Blumiz, Cannabis specialist","publisher":{"@id":"https:\/\/blumiz.com\/fr\/#organization"},"alternateName":"Blumiz","potentialAction":[{"@type":"SearchAction","target":{"@type":"EntryPoint","urlTemplate":"https:\/\/blumiz.com\/fr\/?s={search_term_string}"},"query-input":{"@type":"PropertyValueSpecification","valueRequired":true,"valueName":"search_term_string"}}],"inLanguage":"fr-FR"},{"@type":"Organization","@id":"https:\/\/blumiz.com\/fr\/#organization","name":"Blumiz CBD","alternateName":"Blumiz","url":"https:\/\/blumiz.com\/fr\/","logo":{"@type":"ImageObject","inLanguage":"fr-FR","@id":"https:\/\/blumiz.com\/fr\/#\/schema\/logo\/image\/","url":"https:\/\/blumiz.com\/wp-content\/uploads\/2026\/02\/cropped-Blumiz-CBD-logo.webp","contentUrl":"https:\/\/blumiz.com\/wp-content\/uploads\/2026\/02\/cropped-Blumiz-CBD-logo.webp","width":2547,"height":778,"caption":"Blumiz CBD"},"image":{"@id":"https:\/\/blumiz.com\/fr\/#\/schema\/logo\/image\/"}}]},"og_availability":"instock","product_availability":"instock","product_retailer_item_id":"46193","product_condition":"new"},"_links":{"self":[{"href":"https:\/\/blumiz.com\/fr\/wp-json\/wp\/v2\/product\/7733","targetHints":{"allow":["GET"]}}],"collection":[{"href":"https:\/\/blumiz.com\/fr\/wp-json\/wp\/v2\/product"}],"about":[{"href":"https:\/\/blumiz.com\/fr\/wp-json\/wp\/v2\/types\/product"}],"replies":[{"embeddable":true,"href":"https:\/\/blumiz.com\/fr\/wp-json\/wp\/v2\/comments?post=7733"}],"version-history":[{"count":0,"href":"https:\/\/blumiz.com\/fr\/wp-json\/wp\/v2\/product\/7733\/revisions"}],"wp:featuredmedia":[{"embeddable":true,"href":"https:\/\/blumiz.com\/fr\/wp-json\/wp\/v2\/media\/6714"}],"wp:attachment":[{"href":"https:\/\/blumiz.com\/fr\/wp-json\/wp\/v2\/media?parent=7733"}],"wp:term":[{"taxonomy":"product_brand","embeddable":true,"href":"https:\/\/blumiz.com\/fr\/wp-json\/wp\/v2\/product_brand?post=7733"},{"taxonomy":"product_cat","embeddable":true,"href":"https:\/\/blumiz.com\/fr\/wp-json\/wp\/v2\/product_cat?post=7733"},{"taxonomy":"product_tag","embeddable":true,"href":"https:\/\/blumiz.com\/fr\/wp-json\/wp\/v2\/product_tag?post=7733"}],"curies":[{"name":"wp","href":"https:\/\/api.w.org\/{rel}","templated":true}]}}