{"id":7937,"date":"2020-10-10T14:17:08","date_gmt":"2020-10-10T14:17:08","guid":{"rendered":"https:\/\/blumiz.com\/produkt\/strawberry-fleur-cbd-16\/"},"modified":"2025-10-07T10:06:35","modified_gmt":"2025-10-07T09:06:35","slug":"strawberry-cbd","status":"publish","type":"product","link":"https:\/\/blumiz.com\/fr\/produit\/strawberry-cbd\/","title":{"rendered":"Strawberry &#8211; Fleur CBD 16%"},"content":{"rendered":"<h2><span style=\"color: #107d85;\">Fleur CBD Strawberry Greenhouse 16%<\/span><\/h2>\n<p>D\u00e9couvrez la Strawberry CBD, la qualit\u00e9 de cette Fleur CBD est incroyable et elle est le r\u00e9sultat du croisement de la Strawberry Cough et de la Sour Diesel. Vous serez surpris par les notes de fraises et de fruits rouges. Cultiv\u00e9es en serre, ces Fleur CBD vous s\u00e9duiront par leurs bourgeons semi-compacts.<\/p>\n<p><strong>Strawberry<\/strong> CBD est un hybride \u00e9quilibr\u00e9 aux ar\u00f4mes fruit\u00e9s de fraises et de baies des bois, une saveur douce et authentique appr\u00e9ci\u00e9e par les amateurs d&#8217;ar\u00f4mes originaux. Ce qui rend cette fleur particuli\u00e8rement agr\u00e9able \u00e0 consommer.<\/p>\n<p>Gr\u00e2ce \u00e0 sa culture en serre dans un environnement prot\u00e9g\u00e9 et s\u00fbr, la Strawberry Diesel est consid\u00e9r\u00e9e comme une fleur de cannabis de luxe. \u00c9lev\u00e9e dans un environnement clos, elle b\u00e9n\u00e9ficie de conditions optimales pour se d\u00e9velopper. Avec des quantit\u00e9s de CO2 plus \u00e9lev\u00e9es que les Outdoor, cette vari\u00e9t\u00e9 est donc plus concentr\u00e9e que la normale. Elle produit des plantes tr\u00e8s parfum\u00e9es et se compose \u00e0 25 % d&#8217;Indica et \u00e0 75 % de Sativa.<\/p>\n<p>Comme toutes les fleurs de cannabis, si vous souhaitez les conserver longtemps, vous devez les mettre \u00e0 l&#8217;abri de l&#8217;humidit\u00e9 dans un endroit sec. Strawberry Diesel vous attend pour un moment de plaisir !<\/p>\n<h4><span style=\"color: #ff6600;\">Quels sont les effets de la Fleur CBD de Strawberry ?<\/span><\/h4>\n<p>Selon les consommateurs de cette fleur de chanvre, Strawberry Indoor 16% a un effet \u00e9nergisant qui stimule la cr\u00e9ativit\u00e9 et favorise la concentration. Avec sa teneur en cannabidiol comprise entre 15 et 20 %, la Indoor contribue \u00e0 la relaxation. De la m\u00eame mani\u00e8re, sa consommation contribuerait \u00e0 lutter contre certaines maladies gr\u00e2ce \u00e0 ses propri\u00e9t\u00e9s anti-inflammatoires :<\/p>\n<ul>\n<li>douleur chronique<\/li>\n<li>Arthrite<\/li>\n<li>Migraine<\/li>\n<li>certains sympt\u00f4mes de la d\u00e9pression<\/li>\n<\/ul>\n<h4><span style=\"color: #ff6600;\">Comment consommer les fleurs de strawberry ?<\/span><\/h4>\n<p>Strawberry Indoor est une fleur de chanvre CBD qui peut \u00eatre consomm\u00e9e de diff\u00e9rentes mani\u00e8res. Pour rappel, il n&#8217;existe pas de m\u00e9thode d&#8217;administration universelle et chaque personne peut consommer sa Fleur CBD comme elle l&#8217;entend. Les modes de consommation les plus courants sont les suivants :<br \/>\nVaporisation : vous \u00e9miettez la Fleur de Strawberry CBD, puis vous la placez dans le petit bol pr\u00e9vu \u00e0 cet effet dans un vaporisateur.<br \/>\nIngestion : la Fleur de Strawberry CBD se marie tr\u00e8s bien avec certains plats, notamment les p\u00e2tisseries. En effet, le c\u00f4t\u00e9 fruit\u00e9 qu&#8217;apporte cette fleur de chanvre sublime les tartes aux fruits rouges ou m\u00eame les g\u00e2teaux au chocolat, pour allier plaisir gourmand et d\u00e9tente.<\/p>\n<h4><span style=\"color: #ff6600;\">Notre <a style=\"color: #ff6600;\" href=\"\/?product_cat=cbd-blueten\">boutique de Fleur CBD<\/a> est synonyme de normes de qualit\u00e9 \u00e9lev\u00e9es et de produits tri\u00e9s sur le volet.<\/span><\/h4>\n<p>Les Fleur CBD sont disponibles en diff\u00e9rents ar\u00f4mes et concentrations de CBD. Nos Fleur CBD sont soumises \u00e0 des crit\u00e8res de qualit\u00e9 externes stricts. Nos produits sont aussi vendus en tant que mati\u00e8res premi\u00e8res et sont exempts d&#8217;additifs chimiques et d&#8217;impuret\u00e9s.<\/p>\n<p>D\u00e9couvrez ici \u00e9galement notre <a href=\"https:\/\/blumiz.com\/fr\/category\/hash-et-concentres\/\">HASH CBD<\/a><\/p>\n<p>Une question, vous avez besoin d&#8217;aide ? <a href=\"https:\/\/blumiz.com\/hilfe-und-faqs\/\">Cliquez ici pour d\u00e9couvrir notre centre d&#8217;aide.<\/a><\/p>\n<p>D\u00e9couvrez nos <a href=\"https:\/\/blumiz.com\/fr\/category\/headshop\/\">produits et accessoires Headshop<\/a> pour profiter de vos vari\u00e9t\u00e9s pr\u00e9f\u00e9r\u00e9es<\/p>\n","protected":false},"excerpt":{"rendered":"<h4><span style=\"color: #107d85;\">Fleur CBD Strawberry Greenhouse 16%<\/span><\/h4>\n<p>Vous voulez essayer cette fleur de CBD de qualit\u00e9 sup\u00e9rieure ?<\/p>\n<p>Strawberry Diesel a un doux ar\u00f4me de baies et une odeur de fraise. Consid\u00e9r\u00e9es comme des fleurs de cannabis de luxe, ces Fleur CBD de premi\u00e8re qualit\u00e9 vous s\u00e9duiront.<\/p>\n","protected":false},"featured_media":6686,"comment_status":"open","ping_status":"closed","template":"","meta":{"site-sidebar-layout":"default","site-content-layout":"default","ast-site-content-layout":"default","site-content-style":"default","site-sidebar-style":"default","ast-global-header-display":"","ast-banner-title-visibility":"","ast-main-header-display":"","ast-hfb-above-header-display":"","ast-hfb-below-header-display":"","ast-hfb-mobile-header-display":"","site-post-title":"","ast-breadcrumbs-content":"","ast-featured-img":"","footer-sml-layout":"","ast-disable-related-posts":"","theme-transparent-header-meta":"default","adv-header-id-meta":"","stick-header-meta":"default","header-above-stick-meta":"","header-main-stick-meta":"","header-below-stick-meta":"","astra-migrate-meta-layouts":"default","ast-page-background-enabled":"default","ast-page-background-meta":{"desktop":{"background-color":"","background-image":"","background-repeat":"repeat","background-position":"center center","background-size":"auto","background-attachment":"scroll","background-type":"","background-media":"","overlay-type":"","overlay-color":"","overlay-opacity":"","overlay-gradient":""},"tablet":{"background-color":"","background-image":"","background-repeat":"repeat","background-position":"center center","background-size":"auto","background-attachment":"scroll","background-type":"","background-media":"","overlay-type":"","overlay-color":"","overlay-opacity":"","overlay-gradient":""},"mobile":{"background-color":"","background-image":"","background-repeat":"repeat","background-position":"center center","background-size":"auto","background-attachment":"scroll","background-type":"","background-media":"","overlay-type":"","overlay-color":"","overlay-opacity":"","overlay-gradient":""}},"ast-content-background-meta":{"desktop":{"background-color":"var(--ast-global-color-5)","background-image":"","background-repeat":"repeat","background-position":"center center","background-size":"auto","background-attachment":"scroll","background-type":"","background-media":"","overlay-type":"","overlay-color":"","overlay-opacity":"","overlay-gradient":""},"tablet":{"background-color":"var(--ast-global-color-5)","background-image":"","background-repeat":"repeat","background-position":"center center","background-size":"auto","background-attachment":"scroll","background-type":"","background-media":"","overlay-type":"","overlay-color":"","overlay-opacity":"","overlay-gradient":""},"mobile":{"background-color":"var(--ast-global-color-5)","background-image":"","background-repeat":"repeat","background-position":"center center","background-size":"auto","background-attachment":"scroll","background-type":"","background-media":"","overlay-type":"","overlay-color":"","overlay-opacity":"","overlay-gradient":""}}},"product_brand":[],"product_cat":[304,164,161,163],"product_tag":[201,203],"class_list":{"0":"post-7937","1":"product","2":"type-product","3":"status-publish","4":"has-post-thumbnail","6":"product_cat-cbd-fr","7":"product_cat-fleur-cbd-pas-cher","8":"product_cat-fleurs-de-cbd","9":"product_cat-fleur-cbd-greenhouse","10":"product_tag-fleurs-cbd-pas-cher","11":"product_tag-greenhouse-cbd-fr","12":"pa_cbd-rate-10-a-20-cbd","13":"pa_kategorie-fleur-cbd-pas-cher","14":"pa_kategorie-greenhouse-fr","15":"desktop-align-left","16":"tablet-align-center","17":"mobile-align-left","18":"ast-product-gallery-layout-vertical","19":"ast-magnify-disabled","20":"ast-product-single-variable","21":"ast-product-tabs-layout-horizontal","23":"first","24":"instock","25":"taxable","26":"shipping-taxable","27":"purchasable","28":"product-type-variable"},"yoast_head":"<!-- This site is optimized with the Yoast SEO Premium plugin v27.2 (Yoast SEO v27.4) - https:\/\/yoast.com\/product\/yoast-seo-premium-wordpress\/ -->\n<title>Strawberry CBD 16% \u00c0 partir de 3,2\u20ac\/g%sep<\/title>\n<meta name=\"description\" content=\"Strawberry CBD 16 - Strawberry CBD Fleur Indoor...\u00e0 partir de 3,2\u20ac\/g est une fleur de cannabis populaire....est une des meilleures vari\u00e9t\u00e9s de Fleur CBD.\" \/>\n<meta name=\"robots\" content=\"index, follow, max-snippet:-1, max-image-preview:large, max-video-preview:-1\" \/>\n<link rel=\"canonical\" href=\"https:\/\/blumiz.com\/fr\/produit\/strawberry-cbd\/\" \/>\n<meta property=\"og:locale\" content=\"fr_FR\" \/>\n<meta property=\"og:type\" content=\"article\" \/>\n<meta property=\"og:title\" content=\"Strawberry - Fleur CBD 16%\" \/>\n<meta property=\"og:description\" content=\"Strawberry - Fleur CBD 16% Blumiz - Premium CBD\" \/>\n<meta property=\"og:url\" content=\"https:\/\/blumiz.com\/fr\/produit\/strawberry-cbd\/\" \/>\n<meta property=\"og:site_name\" content=\"Blumiz - Premium CBD\" \/>\n<meta property=\"article:modified_time\" content=\"2025-10-07T09:06:35+00:00\" \/>\n<meta property=\"og:image\" content=\"https:\/\/blumiz.com\/wp-content\/uploads\/2022\/08\/STRAWBERRY-BAG-BLUMIZ.webp\" \/>\n\t<meta property=\"og:image:width\" content=\"600\" \/>\n\t<meta property=\"og:image:height\" content=\"600\" \/>\n\t<meta property=\"og:image:type\" content=\"image\/webp\" \/>\n<meta name=\"twitter:card\" content=\"summary_large_image\" \/>\n<meta name=\"twitter:label1\" content=\"Disponibilit\u00e9\" \/>\n\t<meta name=\"twitter:data1\" content=\"En stock\" \/>\n<script type=\"application\/ld+json\" class=\"yoast-schema-graph\">{\"@context\":\"https:\\\/\\\/schema.org\",\"@graph\":[{\"@type\":\"WebPage\",\"@id\":\"https:\\\/\\\/blumiz.com\\\/fr\\\/produit\\\/strawberry-cbd\\\/\",\"url\":\"https:\\\/\\\/blumiz.com\\\/fr\\\/produit\\\/strawberry-cbd\\\/\",\"name\":\"Strawberry CBD 16% \u00c0 partir de 3,2\u20ac\\\/g%sep\",\"isPartOf\":{\"@id\":\"https:\\\/\\\/blumiz.com\\\/fr\\\/#website\"},\"primaryImageOfPage\":{\"@id\":\"https:\\\/\\\/blumiz.com\\\/fr\\\/produit\\\/strawberry-cbd\\\/#primaryimage\"},\"image\":{\"@id\":\"https:\\\/\\\/blumiz.com\\\/fr\\\/produit\\\/strawberry-cbd\\\/#primaryimage\"},\"thumbnailUrl\":\"https:\\\/\\\/blumiz.com\\\/wp-content\\\/uploads\\\/2022\\\/08\\\/STRAWBERRY-BAG-BLUMIZ.webp\",\"datePublished\":\"2020-10-10T14:17:08+00:00\",\"dateModified\":\"2025-10-07T09:06:35+00:00\",\"description\":\"Strawberry CBD 16 - Strawberry CBD Fleur Indoor...\u00e0 partir de 3,2\u20ac\\\/g est une fleur de cannabis populaire....est une des meilleures vari\u00e9t\u00e9s de Fleur CBD.\",\"breadcrumb\":{\"@id\":\"https:\\\/\\\/blumiz.com\\\/fr\\\/produit\\\/strawberry-cbd\\\/#breadcrumb\"},\"inLanguage\":\"fr-FR\",\"potentialAction\":[{\"@type\":\"ReadAction\",\"target\":[\"https:\\\/\\\/blumiz.com\\\/fr\\\/produit\\\/strawberry-cbd\\\/\"]}]},{\"@type\":\"ImageObject\",\"inLanguage\":\"fr-FR\",\"@id\":\"https:\\\/\\\/blumiz.com\\\/fr\\\/produit\\\/strawberry-cbd\\\/#primaryimage\",\"url\":\"https:\\\/\\\/blumiz.com\\\/wp-content\\\/uploads\\\/2022\\\/08\\\/STRAWBERRY-BAG-BLUMIZ.webp\",\"contentUrl\":\"https:\\\/\\\/blumiz.com\\\/wp-content\\\/uploads\\\/2022\\\/08\\\/STRAWBERRY-BAG-BLUMIZ.webp\",\"width\":600,\"height\":600},{\"@type\":\"BreadcrumbList\",\"@id\":\"https:\\\/\\\/blumiz.com\\\/fr\\\/produit\\\/strawberry-cbd\\\/#breadcrumb\",\"itemListElement\":[{\"@type\":\"ListItem\",\"position\":1,\"name\":\"Blumiz\",\"item\":\"https:\\\/\\\/blumiz.com\\\/fr\\\/\"},{\"@type\":\"ListItem\",\"position\":2,\"name\":\"CBD Shop\",\"item\":\"https:\\\/\\\/blumiz.com\\\/fr\\\/acheter-cbd-shop\\\/\"},{\"@type\":\"ListItem\",\"position\":3,\"name\":\"Fleurs de CBD\",\"item\":\"https:\\\/\\\/blumiz.com\\\/fr\\\/category\\\/fleurs-de-cbd\\\/\"},{\"@type\":\"ListItem\",\"position\":4,\"name\":\"Strawberry &#8211; Fleur CBD 16%\"}]},{\"@type\":\"WebSite\",\"@id\":\"https:\\\/\\\/blumiz.com\\\/fr\\\/#website\",\"url\":\"https:\\\/\\\/blumiz.com\\\/fr\\\/\",\"name\":\"Blumiz - Premium CBD\",\"description\":\"Blumiz, Cannabis specialist\",\"publisher\":{\"@id\":\"https:\\\/\\\/blumiz.com\\\/fr\\\/#organization\"},\"alternateName\":\"Blumiz\",\"potentialAction\":[{\"@type\":\"SearchAction\",\"target\":{\"@type\":\"EntryPoint\",\"urlTemplate\":\"https:\\\/\\\/blumiz.com\\\/fr\\\/?s={search_term_string}\"},\"query-input\":{\"@type\":\"PropertyValueSpecification\",\"valueRequired\":true,\"valueName\":\"search_term_string\"}}],\"inLanguage\":\"fr-FR\"},{\"@type\":\"Organization\",\"@id\":\"https:\\\/\\\/blumiz.com\\\/fr\\\/#organization\",\"name\":\"Blumiz CBD\",\"alternateName\":\"Blumiz\",\"url\":\"https:\\\/\\\/blumiz.com\\\/fr\\\/\",\"logo\":{\"@type\":\"ImageObject\",\"inLanguage\":\"fr-FR\",\"@id\":\"https:\\\/\\\/blumiz.com\\\/fr\\\/#\\\/schema\\\/logo\\\/image\\\/\",\"url\":\"https:\\\/\\\/blumiz.com\\\/wp-content\\\/uploads\\\/2026\\\/02\\\/cropped-Blumiz-CBD-logo.webp\",\"contentUrl\":\"https:\\\/\\\/blumiz.com\\\/wp-content\\\/uploads\\\/2026\\\/02\\\/cropped-Blumiz-CBD-logo.webp\",\"width\":2547,\"height\":778,\"caption\":\"Blumiz CBD\"},\"image\":{\"@id\":\"https:\\\/\\\/blumiz.com\\\/fr\\\/#\\\/schema\\\/logo\\\/image\\\/\"}}]}<\/script>\n<meta property=\"og:availability\" content=\"instock\" \/>\n<meta property=\"product:availability\" content=\"instock\" \/>\n<meta property=\"product:retailer_item_id\" content=\"3614714\" \/>\n<meta property=\"product:condition\" content=\"new\" \/>\n<!-- \/ Yoast SEO Premium plugin. -->","yoast_head_json":{"title":"Strawberry CBD 16% \u00c0 partir de 3,2\u20ac\/g%sep","description":"Strawberry CBD 16 - Strawberry CBD Fleur Indoor...\u00e0 partir de 3,2\u20ac\/g est une fleur de cannabis populaire....est une des meilleures vari\u00e9t\u00e9s de Fleur CBD.","robots":{"index":"index","follow":"follow","max-snippet":"max-snippet:-1","max-image-preview":"max-image-preview:large","max-video-preview":"max-video-preview:-1"},"canonical":"https:\/\/blumiz.com\/fr\/produit\/strawberry-cbd\/","og_locale":"fr_FR","og_type":"article","og_title":"Strawberry - Fleur CBD 16%","og_description":"Strawberry - Fleur CBD 16% Blumiz - Premium CBD","og_url":"https:\/\/blumiz.com\/fr\/produit\/strawberry-cbd\/","og_site_name":"Blumiz - Premium CBD","article_modified_time":"2025-10-07T09:06:35+00:00","og_image":[{"width":600,"height":600,"url":"https:\/\/blumiz.com\/wp-content\/uploads\/2022\/08\/STRAWBERRY-BAG-BLUMIZ.webp","type":"image\/webp"}],"twitter_card":"summary_large_image","twitter_misc":{"Disponibilit\u00e9":"En stock"},"schema":{"@context":"https:\/\/schema.org","@graph":[{"@type":"WebPage","@id":"https:\/\/blumiz.com\/fr\/produit\/strawberry-cbd\/","url":"https:\/\/blumiz.com\/fr\/produit\/strawberry-cbd\/","name":"Strawberry CBD 16% \u00c0 partir de 3,2\u20ac\/g%sep","isPartOf":{"@id":"https:\/\/blumiz.com\/fr\/#website"},"primaryImageOfPage":{"@id":"https:\/\/blumiz.com\/fr\/produit\/strawberry-cbd\/#primaryimage"},"image":{"@id":"https:\/\/blumiz.com\/fr\/produit\/strawberry-cbd\/#primaryimage"},"thumbnailUrl":"https:\/\/blumiz.com\/wp-content\/uploads\/2022\/08\/STRAWBERRY-BAG-BLUMIZ.webp","datePublished":"2020-10-10T14:17:08+00:00","dateModified":"2025-10-07T09:06:35+00:00","description":"Strawberry CBD 16 - Strawberry CBD Fleur Indoor...\u00e0 partir de 3,2\u20ac\/g est une fleur de cannabis populaire....est une des meilleures vari\u00e9t\u00e9s de Fleur CBD.","breadcrumb":{"@id":"https:\/\/blumiz.com\/fr\/produit\/strawberry-cbd\/#breadcrumb"},"inLanguage":"fr-FR","potentialAction":[{"@type":"ReadAction","target":["https:\/\/blumiz.com\/fr\/produit\/strawberry-cbd\/"]}]},{"@type":"ImageObject","inLanguage":"fr-FR","@id":"https:\/\/blumiz.com\/fr\/produit\/strawberry-cbd\/#primaryimage","url":"https:\/\/blumiz.com\/wp-content\/uploads\/2022\/08\/STRAWBERRY-BAG-BLUMIZ.webp","contentUrl":"https:\/\/blumiz.com\/wp-content\/uploads\/2022\/08\/STRAWBERRY-BAG-BLUMIZ.webp","width":600,"height":600},{"@type":"BreadcrumbList","@id":"https:\/\/blumiz.com\/fr\/produit\/strawberry-cbd\/#breadcrumb","itemListElement":[{"@type":"ListItem","position":1,"name":"Blumiz","item":"https:\/\/blumiz.com\/fr\/"},{"@type":"ListItem","position":2,"name":"CBD Shop","item":"https:\/\/blumiz.com\/fr\/acheter-cbd-shop\/"},{"@type":"ListItem","position":3,"name":"Fleurs de CBD","item":"https:\/\/blumiz.com\/fr\/category\/fleurs-de-cbd\/"},{"@type":"ListItem","position":4,"name":"Strawberry &#8211; Fleur CBD 16%"}]},{"@type":"WebSite","@id":"https:\/\/blumiz.com\/fr\/#website","url":"https:\/\/blumiz.com\/fr\/","name":"Blumiz - Premium CBD","description":"Blumiz, Cannabis specialist","publisher":{"@id":"https:\/\/blumiz.com\/fr\/#organization"},"alternateName":"Blumiz","potentialAction":[{"@type":"SearchAction","target":{"@type":"EntryPoint","urlTemplate":"https:\/\/blumiz.com\/fr\/?s={search_term_string}"},"query-input":{"@type":"PropertyValueSpecification","valueRequired":true,"valueName":"search_term_string"}}],"inLanguage":"fr-FR"},{"@type":"Organization","@id":"https:\/\/blumiz.com\/fr\/#organization","name":"Blumiz CBD","alternateName":"Blumiz","url":"https:\/\/blumiz.com\/fr\/","logo":{"@type":"ImageObject","inLanguage":"fr-FR","@id":"https:\/\/blumiz.com\/fr\/#\/schema\/logo\/image\/","url":"https:\/\/blumiz.com\/wp-content\/uploads\/2026\/02\/cropped-Blumiz-CBD-logo.webp","contentUrl":"https:\/\/blumiz.com\/wp-content\/uploads\/2026\/02\/cropped-Blumiz-CBD-logo.webp","width":2547,"height":778,"caption":"Blumiz CBD"},"image":{"@id":"https:\/\/blumiz.com\/fr\/#\/schema\/logo\/image\/"}}]},"og_availability":"instock","product_availability":"instock","product_retailer_item_id":"3614714","product_condition":"new"},"_links":{"self":[{"href":"https:\/\/blumiz.com\/fr\/wp-json\/wp\/v2\/product\/7937","targetHints":{"allow":["GET"]}}],"collection":[{"href":"https:\/\/blumiz.com\/fr\/wp-json\/wp\/v2\/product"}],"about":[{"href":"https:\/\/blumiz.com\/fr\/wp-json\/wp\/v2\/types\/product"}],"replies":[{"embeddable":true,"href":"https:\/\/blumiz.com\/fr\/wp-json\/wp\/v2\/comments?post=7937"}],"version-history":[{"count":0,"href":"https:\/\/blumiz.com\/fr\/wp-json\/wp\/v2\/product\/7937\/revisions"}],"wp:featuredmedia":[{"embeddable":true,"href":"https:\/\/blumiz.com\/fr\/wp-json\/wp\/v2\/media\/6686"}],"wp:attachment":[{"href":"https:\/\/blumiz.com\/fr\/wp-json\/wp\/v2\/media?parent=7937"}],"wp:term":[{"taxonomy":"product_brand","embeddable":true,"href":"https:\/\/blumiz.com\/fr\/wp-json\/wp\/v2\/product_brand?post=7937"},{"taxonomy":"product_cat","embeddable":true,"href":"https:\/\/blumiz.com\/fr\/wp-json\/wp\/v2\/product_cat?post=7937"},{"taxonomy":"product_tag","embeddable":true,"href":"https:\/\/blumiz.com\/fr\/wp-json\/wp\/v2\/product_tag?post=7937"}],"curies":[{"name":"wp","href":"https:\/\/api.w.org\/{rel}","templated":true}]}}