{"id":7950,"date":"2020-10-25T14:16:42","date_gmt":"2020-10-25T13:16:42","guid":{"rendered":"https:\/\/blumiz.com\/produkt\/super-lemon-haze-fleur-cbd-12\/"},"modified":"2025-08-11T17:56:00","modified_gmt":"2025-08-11T16:56:00","slug":"super-lemon-haze-cbd","status":"publish","type":"product","link":"https:\/\/blumiz.com\/fr\/produit\/super-lemon-haze-cbd\/","title":{"rendered":"Super Lemon Haze &#8211; Fleur CBD 12%."},"content":{"rendered":"<h2><span style=\"color: #107d85;\">Fleur CBD Super Lemon Haze 12% Greenhouse<\/span><\/h2>\n<h4><span style=\"color: #ff6600;\">D\u00e9couvrez la souche Super Lemon Haze<\/span><\/h4>\n<p>Notre fleur CBD Super Lemon Haze est l&#8217;aboutissement de notre travail sur une vari\u00e9t\u00e9 mythique.<br \/>\nL&#8217;original &#8220;Super Lemon Haze&#8221; est vraiment connu de tous les connaisseurs de chanvre entre Amsterdam et Los Angeles et, outre sa haute teneur en substances actives et son bel aspect, il est particuli\u00e8rement appr\u00e9ci\u00e9 pour son ar\u00f4me fruit\u00e9 et sucr\u00e9.<\/p>\n<h4><span style=\"color: #ff6600;\">Description de la Super Lemon Haze<\/span><\/h4>\n<p>Notre <strong>&#8220;Super Lemon Haze&#8221;<\/strong> est compos\u00e9e de<strong> fleurs<\/strong> tri\u00e9es \u00e0 la main, dont <strong>la teneur en CBD<\/strong> est extr\u00eamement \u00e9lev\u00e9e <strong>, entre 10% et 12%<\/strong>. L&#8217;ar\u00f4me de ces <strong>fleurs CBD<\/strong> de qualit\u00e9 sup\u00e9rieure peut \u00eatre d\u00e9crit comme particuli\u00e8rement fruit\u00e9 avec une note agr\u00e9ablement sucr\u00e9e. La qualit\u00e9 exceptionnelle de nos <strong>fleurs &#8220;Super Lemon Haze&#8221; Greenhouse <\/strong> est \u00e9galement \u00e9vidente lorsque l&#8217;on observe les magnifiques buds <strong>&#8220;Super Lemon Haze&#8221;greenhouse <\/strong>, taill\u00e9s \u00e0 la main, dont <strong>la couleur vert clair est parcourue de poils orange<\/strong> et semble <strong>recouverte<\/strong> d&#8217;<strong>une quantit\u00e9<\/strong> remarquable <strong>de trichomes CBD<\/strong>.<\/p>\n<h4><span style=\"color: #ff6600;\">Production de CBD Super Lemon Haze<\/span><\/h4>\n<p>Notre &#8220;Super Lemon Haze&#8221; provient d&#8217;une Greenhouse, dans laquelle on renonce volontairement \u00e0 l&#8217;utilisation de pesticides, d&#8217;herbicides et d&#8217;engrais chimiques afin de mettre en valeur de mani\u00e8re optimale les ar\u00f4mes contenus dans la plante. Gr\u00e2ce \u00e0 des conditions de culture parfaites et \u00e0 une phase de fermentation de quatre semaines apr\u00e8s la r\u00e9colte, les caract\u00e9ristiques individuelles de ces fleurs de haute qualit\u00e9 se r\u00e9v\u00e8lent au mieux et font de nos fleurs &#8220;Super Lemon Haze&#8221; Greenhouse un produit vraiment exceptionnel. Les novices comme les connaisseurs sont garantis de tomber imm\u00e9diatement sous le charme de cette vari\u00e9t\u00e9 affin\u00e9e avec du CBD isol\u00e9 et de v\u00e9ritables terp\u00e8nes de Super Lemon Haze.<\/p>\n<p>Vari\u00e9t\u00e9 l\u00e9gendaire de Haze. Go\u00fbt de citron et de pamplemousse combin\u00e9 \u00e0 l&#8217;ar\u00f4me Haze !<\/p>\n<h4><span style=\"color: #ff6600;\">Mode de consommation<\/span><\/h4>\n<p>Nos fleurs peuvent \u00eatre consomm\u00e9es de diff\u00e9rentes mani\u00e8res :<\/p>\n<p>En \u00e9vaporation : \u00e0 plus de 170 degr\u00e9s.<br \/>\nEn infusion : laisser infuser 10 minutes avec une substance grasse (huile, lait de soja).<br \/>\nEn cuisine : pour vos meilleures recettes.<\/p>\n<p>Si vous recherchez d&#8217;autres vari\u00e9t\u00e9s \u00e0 un bon prix, nous vous recommandons \u00e9galement d&#8217;essayer notre <a href=\"https:\/\/blumiz.com\/produit\/trim-cbd-indoor-mix-7\/\">TRIM<\/a> ou notre <a href=\"https:\/\/blumiz.com\/produit\/cbd-small-bud-indoor-mix-9\/\">Small Buds Mix Indoor<\/a>.<\/p>\n<p>Si vous recherchez une vari\u00e9t\u00e9 de qualit\u00e9 sup\u00e9rieure, nous vous recommandons <a href=\"https:\/\/blumiz.com\/produit\/skywalker-cbd\/\">Skywalker<\/a>, <a href=\"https:\/\/blumiz.com\/produit\/gelato-cbd\/\">Gelato<\/a> ou <a href=\"https:\/\/blumiz.com\/produit\/amnesia-cbd\/\">Amnesia<\/a>.<\/p>\n<h4><span style=\"color: #ff6600;\">Notre <a style=\"color: #ff6600;\" href=\"\/?product_cat=cbd-blueten\">boutique de Fleur CBD<\/a> est synonyme de normes de qualit\u00e9 \u00e9lev\u00e9es et de produits tri\u00e9s sur le volet.<\/span><\/h4>\n<p>Les Fleur CBD sont disponibles en diff\u00e9rents ar\u00f4mes et concentrations de CBD. Nos Fleur CBD sont soumises \u00e0 des crit\u00e8res de qualit\u00e9 externes stricts. Nos produits sont aussi vendus en tant que mati\u00e8res premi\u00e8res et sont exempts d&#8217;additifs chimiques et d&#8217;impuret\u00e9s.<\/p>\n<p>D\u00e9couvrez ici \u00e9galement notre <a href=\"https:\/\/blumiz.com\/fr\/category\/hash-et-concentres\/\">HASH CBD<\/a><\/p>\n<p>Une question, vous avez besoin d&#8217;aide ? <a href=\"https:\/\/blumiz.com\/hilfe-und-faqs\/\">Cliquez ici pour d\u00e9couvrir notre centre d&#8217;aide.<\/a><\/p>\n<p>D\u00e9couvrez nos <a href=\"https:\/\/blumiz.com\/fr\/category\/headshop\/\">produits et accessoires Headshop<\/a> pour profiter de vos vari\u00e9t\u00e9s pr\u00e9f\u00e9r\u00e9es<\/p>\n<h4><span style=\"color: #ff6600;\">Commander chez Blumiz signifie<\/span><\/h4>\n<p>&#8211; Livraison rapide, discr\u00e8te et inodore<br \/>\n&#8211; Produits certifi\u00e9s de qualit\u00e9 et en laboratoire<br \/>\n&#8211; Des prix imbattables, car nous fabriquons nos propres produits<\/p>\n","protected":false},"excerpt":{"rendered":"<h4><span style=\"color: #107d85;\">Fleur CBD Super Lemon Haze <\/span><span style=\"color: #107d85;\">Greenhouse<\/span><span style=\"color: #107d85;\"> 12%<\/span><\/h4>\n","protected":false},"featured_media":6713,"comment_status":"open","ping_status":"closed","template":"","meta":{"site-sidebar-layout":"default","site-content-layout":"default","ast-site-content-layout":"default","site-content-style":"default","site-sidebar-style":"default","ast-global-header-display":"","ast-banner-title-visibility":"","ast-main-header-display":"","ast-hfb-above-header-display":"","ast-hfb-below-header-display":"","ast-hfb-mobile-header-display":"","site-post-title":"","ast-breadcrumbs-content":"","ast-featured-img":"","footer-sml-layout":"","ast-disable-related-posts":"","theme-transparent-header-meta":"default","adv-header-id-meta":"","stick-header-meta":"default","header-above-stick-meta":"","header-main-stick-meta":"","header-below-stick-meta":"","astra-migrate-meta-layouts":"default","ast-page-background-enabled":"default","ast-page-background-meta":{"desktop":{"background-color":"","background-image":"","background-repeat":"repeat","background-position":"center center","background-size":"auto","background-attachment":"scroll","background-type":"","background-media":"","overlay-type":"","overlay-color":"","overlay-opacity":"","overlay-gradient":""},"tablet":{"background-color":"","background-image":"","background-repeat":"repeat","background-position":"center center","background-size":"auto","background-attachment":"scroll","background-type":"","background-media":"","overlay-type":"","overlay-color":"","overlay-opacity":"","overlay-gradient":""},"mobile":{"background-color":"","background-image":"","background-repeat":"repeat","background-position":"center center","background-size":"auto","background-attachment":"scroll","background-type":"","background-media":"","overlay-type":"","overlay-color":"","overlay-opacity":"","overlay-gradient":""}},"ast-content-background-meta":{"desktop":{"background-color":"var(--ast-global-color-5)","background-image":"","background-repeat":"repeat","background-position":"center center","background-size":"auto","background-attachment":"scroll","background-type":"","background-media":"","overlay-type":"","overlay-color":"","overlay-opacity":"","overlay-gradient":""},"tablet":{"background-color":"var(--ast-global-color-5)","background-image":"","background-repeat":"repeat","background-position":"center center","background-size":"auto","background-attachment":"scroll","background-type":"","background-media":"","overlay-type":"","overlay-color":"","overlay-opacity":"","overlay-gradient":""},"mobile":{"background-color":"var(--ast-global-color-5)","background-image":"","background-repeat":"repeat","background-position":"center center","background-size":"auto","background-attachment":"scroll","background-type":"","background-media":"","overlay-type":"","overlay-color":"","overlay-opacity":"","overlay-gradient":""}}},"product_brand":[],"product_cat":[304,164,161,163],"product_tag":[201,203],"class_list":{"0":"post-7950","1":"product","2":"type-product","3":"status-publish","4":"has-post-thumbnail","6":"product_cat-cbd-fr","7":"product_cat-fleur-cbd-pas-cher","8":"product_cat-fleurs-de-cbd","9":"product_cat-fleur-cbd-greenhouse","10":"product_tag-fleurs-cbd-pas-cher","11":"product_tag-greenhouse-cbd-fr","12":"pa_cbd-rate-10-a-20-cbd","13":"pa_kategorie-fleur-cbd-pas-cher","14":"pa_kategorie-greenhouse-fr","15":"desktop-align-left","16":"tablet-align-center","17":"mobile-align-left","18":"ast-product-gallery-layout-vertical","19":"ast-magnify-disabled","20":"ast-product-single-variable","21":"ast-product-tabs-layout-horizontal","23":"first","24":"instock","25":"taxable","26":"shipping-taxable","27":"purchasable","28":"product-type-variable"},"yoast_head":"<!-- This site is optimized with the Yoast SEO Premium plugin v27.2 (Yoast SEO v27.4) - https:\/\/yoast.com\/product\/yoast-seo-premium-wordpress\/ -->\n<title>Super Lemon Haze CBD 12% Greenhouse \u00e0 partir de 2,2\u20ac\/g - France<\/title>\n<meta name=\"description\" content=\"Super Lemon Haze - Fleur CBD 12%. CBD 12% Greenhouse \u00e0 partir de 2,2\u20ac\/g - Cannabis l\u00e9gal...Vari\u00e9t\u00e9 tr\u00e8s populaire au go\u00fbt de citron..Livraison rapide et discr\u00e8te\" \/>\n<meta name=\"robots\" content=\"index, follow, max-snippet:-1, max-image-preview:large, max-video-preview:-1\" \/>\n<link rel=\"canonical\" href=\"https:\/\/blumiz.com\/fr\/produit\/super-lemon-haze-cbd\/\" \/>\n<meta property=\"og:locale\" content=\"fr_FR\" \/>\n<meta property=\"og:type\" content=\"article\" \/>\n<meta property=\"og:title\" content=\"Super Lemon Haze - Fleur CBD 12%.\" \/>\n<meta property=\"og:description\" content=\"Super Lemon Haze - Fleur CBD 12%. Blumiz - Premium CBD\" \/>\n<meta property=\"og:url\" content=\"https:\/\/blumiz.com\/fr\/produit\/super-lemon-haze-cbd\/\" \/>\n<meta property=\"og:site_name\" content=\"Blumiz - Premium CBD\" \/>\n<meta property=\"article:modified_time\" content=\"2025-08-11T16:56:00+00:00\" \/>\n<meta property=\"og:image\" content=\"https:\/\/blumiz.com\/wp-content\/uploads\/2022\/08\/SUPER-LEMON-HAZE-BAG-BLUMIZ.webp\" \/>\n\t<meta property=\"og:image:width\" content=\"600\" \/>\n\t<meta property=\"og:image:height\" content=\"600\" \/>\n\t<meta property=\"og:image:type\" content=\"image\/webp\" \/>\n<meta name=\"twitter:card\" content=\"summary_large_image\" \/>\n<meta name=\"twitter:label1\" content=\"Disponibilit\u00e9\" \/>\n\t<meta name=\"twitter:data1\" content=\"En stock\" \/>\n<script type=\"application\/ld+json\" class=\"yoast-schema-graph\">{\"@context\":\"https:\\\/\\\/schema.org\",\"@graph\":[{\"@type\":\"WebPage\",\"@id\":\"https:\\\/\\\/blumiz.com\\\/fr\\\/produit\\\/super-lemon-haze-cbd\\\/\",\"url\":\"https:\\\/\\\/blumiz.com\\\/fr\\\/produit\\\/super-lemon-haze-cbd\\\/\",\"name\":\"Super Lemon Haze CBD 12% Greenhouse \u00e0 partir de 2,2\u20ac\\\/g - France\",\"isPartOf\":{\"@id\":\"https:\\\/\\\/blumiz.com\\\/fr\\\/#website\"},\"primaryImageOfPage\":{\"@id\":\"https:\\\/\\\/blumiz.com\\\/fr\\\/produit\\\/super-lemon-haze-cbd\\\/#primaryimage\"},\"image\":{\"@id\":\"https:\\\/\\\/blumiz.com\\\/fr\\\/produit\\\/super-lemon-haze-cbd\\\/#primaryimage\"},\"thumbnailUrl\":\"https:\\\/\\\/blumiz.com\\\/wp-content\\\/uploads\\\/2022\\\/08\\\/SUPER-LEMON-HAZE-BAG-BLUMIZ.webp\",\"datePublished\":\"2020-10-25T13:16:42+00:00\",\"dateModified\":\"2025-08-11T16:56:00+00:00\",\"description\":\"Super Lemon Haze - Fleur CBD 12%. CBD 12% Greenhouse \u00e0 partir de 2,2\u20ac\\\/g - Cannabis l\u00e9gal...Vari\u00e9t\u00e9 tr\u00e8s populaire au go\u00fbt de citron..Livraison rapide et discr\u00e8te\",\"breadcrumb\":{\"@id\":\"https:\\\/\\\/blumiz.com\\\/fr\\\/produit\\\/super-lemon-haze-cbd\\\/#breadcrumb\"},\"inLanguage\":\"fr-FR\",\"potentialAction\":[{\"@type\":\"ReadAction\",\"target\":[\"https:\\\/\\\/blumiz.com\\\/fr\\\/produit\\\/super-lemon-haze-cbd\\\/\"]}]},{\"@type\":\"ImageObject\",\"inLanguage\":\"fr-FR\",\"@id\":\"https:\\\/\\\/blumiz.com\\\/fr\\\/produit\\\/super-lemon-haze-cbd\\\/#primaryimage\",\"url\":\"https:\\\/\\\/blumiz.com\\\/wp-content\\\/uploads\\\/2022\\\/08\\\/SUPER-LEMON-HAZE-BAG-BLUMIZ.webp\",\"contentUrl\":\"https:\\\/\\\/blumiz.com\\\/wp-content\\\/uploads\\\/2022\\\/08\\\/SUPER-LEMON-HAZE-BAG-BLUMIZ.webp\",\"width\":600,\"height\":600},{\"@type\":\"BreadcrumbList\",\"@id\":\"https:\\\/\\\/blumiz.com\\\/fr\\\/produit\\\/super-lemon-haze-cbd\\\/#breadcrumb\",\"itemListElement\":[{\"@type\":\"ListItem\",\"position\":1,\"name\":\"Blumiz\",\"item\":\"https:\\\/\\\/blumiz.com\\\/fr\\\/\"},{\"@type\":\"ListItem\",\"position\":2,\"name\":\"CBD Shop\",\"item\":\"https:\\\/\\\/blumiz.com\\\/fr\\\/acheter-cbd-shop\\\/\"},{\"@type\":\"ListItem\",\"position\":3,\"name\":\"Fleurs de CBD\",\"item\":\"https:\\\/\\\/blumiz.com\\\/fr\\\/category\\\/fleurs-de-cbd\\\/\"},{\"@type\":\"ListItem\",\"position\":4,\"name\":\"Super Lemon Haze &#8211; Fleur CBD 12%.\"}]},{\"@type\":\"WebSite\",\"@id\":\"https:\\\/\\\/blumiz.com\\\/fr\\\/#website\",\"url\":\"https:\\\/\\\/blumiz.com\\\/fr\\\/\",\"name\":\"Blumiz - Premium CBD\",\"description\":\"Blumiz, Cannabis specialist\",\"publisher\":{\"@id\":\"https:\\\/\\\/blumiz.com\\\/fr\\\/#organization\"},\"alternateName\":\"Blumiz\",\"potentialAction\":[{\"@type\":\"SearchAction\",\"target\":{\"@type\":\"EntryPoint\",\"urlTemplate\":\"https:\\\/\\\/blumiz.com\\\/fr\\\/?s={search_term_string}\"},\"query-input\":{\"@type\":\"PropertyValueSpecification\",\"valueRequired\":true,\"valueName\":\"search_term_string\"}}],\"inLanguage\":\"fr-FR\"},{\"@type\":\"Organization\",\"@id\":\"https:\\\/\\\/blumiz.com\\\/fr\\\/#organization\",\"name\":\"Blumiz CBD\",\"alternateName\":\"Blumiz\",\"url\":\"https:\\\/\\\/blumiz.com\\\/fr\\\/\",\"logo\":{\"@type\":\"ImageObject\",\"inLanguage\":\"fr-FR\",\"@id\":\"https:\\\/\\\/blumiz.com\\\/fr\\\/#\\\/schema\\\/logo\\\/image\\\/\",\"url\":\"https:\\\/\\\/blumiz.com\\\/wp-content\\\/uploads\\\/2026\\\/02\\\/cropped-Blumiz-CBD-logo.webp\",\"contentUrl\":\"https:\\\/\\\/blumiz.com\\\/wp-content\\\/uploads\\\/2026\\\/02\\\/cropped-Blumiz-CBD-logo.webp\",\"width\":2547,\"height\":778,\"caption\":\"Blumiz CBD\"},\"image\":{\"@id\":\"https:\\\/\\\/blumiz.com\\\/fr\\\/#\\\/schema\\\/logo\\\/image\\\/\"}}]}<\/script>\n<meta property=\"og:availability\" content=\"instock\" \/>\n<meta property=\"product:availability\" content=\"instock\" \/>\n<meta property=\"product:retailer_item_id\" content=\"37969\" \/>\n<meta property=\"product:condition\" content=\"new\" \/>\n<!-- \/ Yoast SEO Premium plugin. -->","yoast_head_json":{"title":"Super Lemon Haze CBD 12% Greenhouse \u00e0 partir de 2,2\u20ac\/g - France","description":"Super Lemon Haze - Fleur CBD 12%. CBD 12% Greenhouse \u00e0 partir de 2,2\u20ac\/g - Cannabis l\u00e9gal...Vari\u00e9t\u00e9 tr\u00e8s populaire au go\u00fbt de citron..Livraison rapide et discr\u00e8te","robots":{"index":"index","follow":"follow","max-snippet":"max-snippet:-1","max-image-preview":"max-image-preview:large","max-video-preview":"max-video-preview:-1"},"canonical":"https:\/\/blumiz.com\/fr\/produit\/super-lemon-haze-cbd\/","og_locale":"fr_FR","og_type":"article","og_title":"Super Lemon Haze - Fleur CBD 12%.","og_description":"Super Lemon Haze - Fleur CBD 12%. Blumiz - Premium CBD","og_url":"https:\/\/blumiz.com\/fr\/produit\/super-lemon-haze-cbd\/","og_site_name":"Blumiz - Premium CBD","article_modified_time":"2025-08-11T16:56:00+00:00","og_image":[{"width":600,"height":600,"url":"https:\/\/blumiz.com\/wp-content\/uploads\/2022\/08\/SUPER-LEMON-HAZE-BAG-BLUMIZ.webp","type":"image\/webp"}],"twitter_card":"summary_large_image","twitter_misc":{"Disponibilit\u00e9":"En stock"},"schema":{"@context":"https:\/\/schema.org","@graph":[{"@type":"WebPage","@id":"https:\/\/blumiz.com\/fr\/produit\/super-lemon-haze-cbd\/","url":"https:\/\/blumiz.com\/fr\/produit\/super-lemon-haze-cbd\/","name":"Super Lemon Haze CBD 12% Greenhouse \u00e0 partir de 2,2\u20ac\/g - France","isPartOf":{"@id":"https:\/\/blumiz.com\/fr\/#website"},"primaryImageOfPage":{"@id":"https:\/\/blumiz.com\/fr\/produit\/super-lemon-haze-cbd\/#primaryimage"},"image":{"@id":"https:\/\/blumiz.com\/fr\/produit\/super-lemon-haze-cbd\/#primaryimage"},"thumbnailUrl":"https:\/\/blumiz.com\/wp-content\/uploads\/2022\/08\/SUPER-LEMON-HAZE-BAG-BLUMIZ.webp","datePublished":"2020-10-25T13:16:42+00:00","dateModified":"2025-08-11T16:56:00+00:00","description":"Super Lemon Haze - Fleur CBD 12%. CBD 12% Greenhouse \u00e0 partir de 2,2\u20ac\/g - Cannabis l\u00e9gal...Vari\u00e9t\u00e9 tr\u00e8s populaire au go\u00fbt de citron..Livraison rapide et discr\u00e8te","breadcrumb":{"@id":"https:\/\/blumiz.com\/fr\/produit\/super-lemon-haze-cbd\/#breadcrumb"},"inLanguage":"fr-FR","potentialAction":[{"@type":"ReadAction","target":["https:\/\/blumiz.com\/fr\/produit\/super-lemon-haze-cbd\/"]}]},{"@type":"ImageObject","inLanguage":"fr-FR","@id":"https:\/\/blumiz.com\/fr\/produit\/super-lemon-haze-cbd\/#primaryimage","url":"https:\/\/blumiz.com\/wp-content\/uploads\/2022\/08\/SUPER-LEMON-HAZE-BAG-BLUMIZ.webp","contentUrl":"https:\/\/blumiz.com\/wp-content\/uploads\/2022\/08\/SUPER-LEMON-HAZE-BAG-BLUMIZ.webp","width":600,"height":600},{"@type":"BreadcrumbList","@id":"https:\/\/blumiz.com\/fr\/produit\/super-lemon-haze-cbd\/#breadcrumb","itemListElement":[{"@type":"ListItem","position":1,"name":"Blumiz","item":"https:\/\/blumiz.com\/fr\/"},{"@type":"ListItem","position":2,"name":"CBD Shop","item":"https:\/\/blumiz.com\/fr\/acheter-cbd-shop\/"},{"@type":"ListItem","position":3,"name":"Fleurs de CBD","item":"https:\/\/blumiz.com\/fr\/category\/fleurs-de-cbd\/"},{"@type":"ListItem","position":4,"name":"Super Lemon Haze &#8211; Fleur CBD 12%."}]},{"@type":"WebSite","@id":"https:\/\/blumiz.com\/fr\/#website","url":"https:\/\/blumiz.com\/fr\/","name":"Blumiz - Premium CBD","description":"Blumiz, Cannabis specialist","publisher":{"@id":"https:\/\/blumiz.com\/fr\/#organization"},"alternateName":"Blumiz","potentialAction":[{"@type":"SearchAction","target":{"@type":"EntryPoint","urlTemplate":"https:\/\/blumiz.com\/fr\/?s={search_term_string}"},"query-input":{"@type":"PropertyValueSpecification","valueRequired":true,"valueName":"search_term_string"}}],"inLanguage":"fr-FR"},{"@type":"Organization","@id":"https:\/\/blumiz.com\/fr\/#organization","name":"Blumiz CBD","alternateName":"Blumiz","url":"https:\/\/blumiz.com\/fr\/","logo":{"@type":"ImageObject","inLanguage":"fr-FR","@id":"https:\/\/blumiz.com\/fr\/#\/schema\/logo\/image\/","url":"https:\/\/blumiz.com\/wp-content\/uploads\/2026\/02\/cropped-Blumiz-CBD-logo.webp","contentUrl":"https:\/\/blumiz.com\/wp-content\/uploads\/2026\/02\/cropped-Blumiz-CBD-logo.webp","width":2547,"height":778,"caption":"Blumiz CBD"},"image":{"@id":"https:\/\/blumiz.com\/fr\/#\/schema\/logo\/image\/"}}]},"og_availability":"instock","product_availability":"instock","product_retailer_item_id":"37969","product_condition":"new"},"_links":{"self":[{"href":"https:\/\/blumiz.com\/fr\/wp-json\/wp\/v2\/product\/7950","targetHints":{"allow":["GET"]}}],"collection":[{"href":"https:\/\/blumiz.com\/fr\/wp-json\/wp\/v2\/product"}],"about":[{"href":"https:\/\/blumiz.com\/fr\/wp-json\/wp\/v2\/types\/product"}],"replies":[{"embeddable":true,"href":"https:\/\/blumiz.com\/fr\/wp-json\/wp\/v2\/comments?post=7950"}],"version-history":[{"count":0,"href":"https:\/\/blumiz.com\/fr\/wp-json\/wp\/v2\/product\/7950\/revisions"}],"wp:featuredmedia":[{"embeddable":true,"href":"https:\/\/blumiz.com\/fr\/wp-json\/wp\/v2\/media\/6713"}],"wp:attachment":[{"href":"https:\/\/blumiz.com\/fr\/wp-json\/wp\/v2\/media?parent=7950"}],"wp:term":[{"taxonomy":"product_brand","embeddable":true,"href":"https:\/\/blumiz.com\/fr\/wp-json\/wp\/v2\/product_brand?post=7950"},{"taxonomy":"product_cat","embeddable":true,"href":"https:\/\/blumiz.com\/fr\/wp-json\/wp\/v2\/product_cat?post=7950"},{"taxonomy":"product_tag","embeddable":true,"href":"https:\/\/blumiz.com\/fr\/wp-json\/wp\/v2\/product_tag?post=7950"}],"curies":[{"name":"wp","href":"https:\/\/api.w.org\/{rel}","templated":true}]}}