{"id":7957,"date":"2020-12-13T14:16:08","date_gmt":"2020-12-13T13:16:08","guid":{"rendered":"https:\/\/blumiz.com\/produkt\/cherry-pie-fleur-cbd-19\/"},"modified":"2025-02-06T21:37:02","modified_gmt":"2025-02-06T20:37:02","slug":"cherry-pie-cbd","status":"publish","type":"product","link":"https:\/\/blumiz.com\/fr\/produit\/cherry-pie-cbd\/","title":{"rendered":"Cherry Pie &#8211; Fleur CBD 19%."},"content":{"rendered":"<h2><span style=\"color: #107d85;\">Fleur CBD Cherry Pie Greenhouse 19% (en anglais)<\/span><\/h2>\n<h4><span style=\"color: #ff6600;\">Notre Cherry Pie 19% &#8211; Fleur de CBD pour l&#8217;int\u00e9rieur : Tombez amoureux de notre best-seller aux ar\u00f4mes fruit\u00e9s !<\/span><\/h4>\n<p>La floraison de la CBD Cherry Pie est fascinante et envo\u00fbtante, avec ses pistils orange qui contrastent avec ses ar\u00f4mes qui rappellent le confort d&#8217;une tarte aux cerises tout droit sortie du four. La Cherry Pie a \u00e9galement des bourgeons compacts, tr\u00e8s aromatiques.<br \/>\nIndoor cultiv\u00e9e et enti\u00e8rement r\u00e9colt\u00e9e et nettoy\u00e9e \u00e0 la main.<\/p>\n<p>Cherry Pie, l&#8217;effet et le go\u00fbt de la vari\u00e9t\u00e9<\/p>\n<h4><span style=\"color: #ff6600;\">Vertus \/ avantages :<\/span><\/h4>\n<p>L&#8217;effet relaxant du CBD vous permet de mieux dormir sans d\u00e9pendance :<\/p>\n<ul>\n<li>s&#8217;endormir rapidement<\/li>\n<li>Diminution des r\u00e9veils nocturnes<\/li>\n<li>un sommeil plus r\u00e9parateur<\/li>\n<\/ul>\n<h4><span style=\"color: #ff6600;\">Ar\u00f4mes :<\/span><\/h4>\n<p>La fleur de cannabis CBD Cherry Pie vous permet de d\u00e9couvrir de nouveaux horizons de bien-\u00eatre. La typicit\u00e9 de ses ar\u00f4mes terreux de baies rouges se fond dans l&#8217;action du cannabidiol pour vous procurer un sentiment de s\u00e9r\u00e9nit\u00e9. L\u00e9ger, il stimule la bonne humeur gr\u00e2ce \u00e0 son action sur la s\u00e9rotonine ainsi que la cr\u00e9ativit\u00e9. Cela aide \u00e0 garder les id\u00e9es claires. D\u00e9couvre tous ses effets positifs sur ton psychisme. Il repousse le stress, la tension et les pens\u00e9es n\u00e9gatives.<\/p>\n<h4><span style=\"color: #ff6600;\">Les origines de la Cherry Pie Fleur CBD Indoor :<\/span><\/h4>\n<p>La cherry pie, c&#8217;est de la gourmandise, c&#8217;est le go\u00fbt d&#8217;un dessert qui rappelle l&#8217;enfance, c&#8217;est une r\u00e9gression apaisante. Ce sont ces sensations douces qui ont guid\u00e9 l&#8217;hybridation de cette fleur de cannabis CBD.<\/p>\n<p>Elle est issue de la g\u00e9n\u00e9tique Kush. Son originalit\u00e9 vient de ses origines dans le mariage entre Poison CBD et Granddaddy CBD, des plantes de chanvre sativa pour la premi\u00e8re et indica pour la seconde. Durban a \u00e9t\u00e9 choisi pour ses effets sur l&#8217;humeur, tandis que Granddaddy est connu pour ses ar\u00f4mes typiques de raisin.<\/p>\n<h4><span style=\"color: #ff6600;\">Fleurs de Cherry Pie &#8211; L\u00e9gislation fran\u00e7aise<\/span><\/h4>\n<p>Notre vari\u00e9t\u00e9 de Cherry Pie au CBD est garantie sans effet psychoactif, avec un taux de THC inf\u00e9rieur \u00e0 0,2 %, conform\u00e9ment \u00e0 la r\u00e9glementation allemande et europ\u00e9enne.<\/p>\n<p>Profitons d&#8217;un moment de d\u00e9tente aussi relaxant que d\u00e9licieux !<\/p>\n<p>Si vous recherchez d&#8217;autres vari\u00e9t\u00e9s \u00e0 un bon prix, nous vous recommandons \u00e9galement d&#8217;essayer notre <a href=\"https:\/\/blumiz.com\/produit\/trim-cbd-indoor-mix-7\/\">TRIM<\/a> ou notre <a href=\"https:\/\/blumiz.com\/produit\/cbd-small-bud-indoor-mix-9\/\">Small Buds Mix Indoor<\/a>.<\/p>\n<p>Si vous recherchez une vari\u00e9t\u00e9 de qualit\u00e9 sup\u00e9rieure, nous vous recommandons <a href=\"https:\/\/blumiz.com\/produit\/skywalker-cbd\/\">Skywalker<\/a>, <a href=\"https:\/\/blumiz.com\/produit\/gelato-cbd\/\">Gelato<\/a> ou <a href=\"https:\/\/blumiz.com\/produit\/amnesia-cbd\/\">Amnesia<\/a>.<\/p>\n<h4><span style=\"color: #ff6600;\">Notre <a style=\"color: #ff6600;\" href=\"\/?product_cat=cbd-blueten\">boutique de Fleur CBD<\/a> est synonyme de normes de qualit\u00e9 \u00e9lev\u00e9es et de produits tri\u00e9s sur le volet.<\/span><\/h4>\n<p>Les Fleur CBD sont disponibles en diff\u00e9rents ar\u00f4mes et concentrations de CBD. Nos Fleur CBD sont soumises \u00e0 des crit\u00e8res de qualit\u00e9 externes stricts. Nos produits sont aussi vendus en tant que mati\u00e8res premi\u00e8res et sont exempts d&#8217;additifs chimiques et d&#8217;impuret\u00e9s.<\/p>\n<p>D\u00e9couvrez ici \u00e9galement notre <a href=\"https:\/\/blumiz.com\/fr\/category\/hash-et-concentres\/\">HASH CBD<\/a><\/p>\n<p>Une question, vous avez besoin d&#8217;aide ? <a href=\"https:\/\/blumiz.com\/hilfe-und-faqs\/\">Cliquez ici pour d\u00e9couvrir notre centre d&#8217;aide.<\/a><\/p>\n<p>D\u00e9couvrez nos <a href=\"https:\/\/blumiz.com\/fr\/category\/headshop\/\">produits et accessoires Headshop<\/a> pour profiter de vos vari\u00e9t\u00e9s pr\u00e9f\u00e9r\u00e9es<\/p>\n<h4><span style=\"color: #ff6600;\">Commander chez Blumiz signifie<\/span><\/h4>\n<p>&#8211; Livraison rapide, discr\u00e8te et inodore<br \/>\n&#8211; Produits certifi\u00e9s de qualit\u00e9 et en laboratoire<br \/>\n&#8211; Des prix imbattables, car nous fabriquons nos propres produits<\/p>\n","protected":false},"excerpt":{"rendered":"<h4><span style=\"color: #107d85;\">Fleur CBD Cerise Pie Greenhouse 19%.<\/span><\/h4>\n<p>La fleur de CBD aux notes fruit\u00e9es de cerise et de citron<\/p>\n<p>Et voici une fleur de CBD tout droit venue de la c\u00f4te ouest. Cette fleur est connue pour ses ar\u00f4mes fruit\u00e9s qui raviront les plus gourmands. Ses notes de baies, ses notes de cerise et son arri\u00e8re-go\u00fbt terreux \u00e9veilleront vos papilles ! Sensations garanties !<\/p>\n","protected":false},"featured_media":6673,"comment_status":"open","ping_status":"closed","template":"","meta":{"site-sidebar-layout":"default","site-content-layout":"default","ast-site-content-layout":"default","site-content-style":"default","site-sidebar-style":"default","ast-global-header-display":"","ast-banner-title-visibility":"","ast-main-header-display":"","ast-hfb-above-header-display":"","ast-hfb-below-header-display":"","ast-hfb-mobile-header-display":"","site-post-title":"","ast-breadcrumbs-content":"","ast-featured-img":"","footer-sml-layout":"","ast-disable-related-posts":"","theme-transparent-header-meta":"default","adv-header-id-meta":"","stick-header-meta":"default","header-above-stick-meta":"","header-main-stick-meta":"","header-below-stick-meta":"","astra-migrate-meta-layouts":"default","ast-page-background-enabled":"default","ast-page-background-meta":{"desktop":{"background-color":"","background-image":"","background-repeat":"repeat","background-position":"center center","background-size":"auto","background-attachment":"scroll","background-type":"","background-media":"","overlay-type":"","overlay-color":"","overlay-opacity":"","overlay-gradient":""},"tablet":{"background-color":"","background-image":"","background-repeat":"repeat","background-position":"center center","background-size":"auto","background-attachment":"scroll","background-type":"","background-media":"","overlay-type":"","overlay-color":"","overlay-opacity":"","overlay-gradient":""},"mobile":{"background-color":"","background-image":"","background-repeat":"repeat","background-position":"center center","background-size":"auto","background-attachment":"scroll","background-type":"","background-media":"","overlay-type":"","overlay-color":"","overlay-opacity":"","overlay-gradient":""}},"ast-content-background-meta":{"desktop":{"background-color":"var(--ast-global-color-5)","background-image":"","background-repeat":"repeat","background-position":"center center","background-size":"auto","background-attachment":"scroll","background-type":"","background-media":"","overlay-type":"","overlay-color":"","overlay-opacity":"","overlay-gradient":""},"tablet":{"background-color":"var(--ast-global-color-5)","background-image":"","background-repeat":"repeat","background-position":"center center","background-size":"auto","background-attachment":"scroll","background-type":"","background-media":"","overlay-type":"","overlay-color":"","overlay-opacity":"","overlay-gradient":""},"mobile":{"background-color":"var(--ast-global-color-5)","background-image":"","background-repeat":"repeat","background-position":"center center","background-size":"auto","background-attachment":"scroll","background-type":"","background-media":"","overlay-type":"","overlay-color":"","overlay-opacity":"","overlay-gradient":""}}},"product_brand":[],"product_cat":[304,164,167,161,163],"product_tag":[201,202,203],"class_list":{"0":"post-7957","1":"product","2":"type-product","3":"status-publish","4":"has-post-thumbnail","6":"product_cat-cbd-fr","7":"product_cat-fleur-cbd-pas-cher","8":"product_cat-fleur-cbd-puissante","9":"product_cat-fleurs-de-cbd","10":"product_cat-fleur-cbd-greenhouse","11":"product_tag-fleurs-cbd-pas-cher","12":"product_tag-fleurs-cbd-puissantes","13":"product_tag-greenhouse-cbd-fr","14":"pa_cbd-rate-10-a-20-cbd","15":"pa_kategorie-fleur-cbd-pas-cher","16":"pa_kategorie-fleur-cbd-puissante","17":"pa_kategorie-greenhouse-fr","18":"desktop-align-left","19":"tablet-align-center","20":"mobile-align-left","21":"ast-product-gallery-layout-vertical","22":"ast-magnify-disabled","23":"ast-product-single-variable","24":"ast-product-tabs-layout-horizontal","26":"first","27":"instock","28":"taxable","29":"shipping-taxable","30":"purchasable","31":"product-type-variable"},"yoast_head":"<!-- This site is optimized with the Yoast SEO Premium plugin v27.2 (Yoast SEO v27.3) - https:\/\/yoast.com\/product\/yoast-seo-premium-wordpress\/ -->\n<title>Cherry Pie CBD 19% Indoor Ab3\u20ac\/g - Cannabis l\u00e9gal France<\/title>\n<meta name=\"description\" content=\"Cherry Pie - Fleur CBD 19%. CBD : L&#039;effet de la Cherry Pie pourrait \u00eatre fort, car elle a une teneur assez \u00e9lev\u00e9e en cannabidiol, environ 20 % de CBD. Legal\" \/>\n<meta name=\"robots\" content=\"index, follow, max-snippet:-1, max-image-preview:large, max-video-preview:-1\" \/>\n<link rel=\"canonical\" href=\"https:\/\/blumiz.com\/fr\/produit\/cherry-pie-cbd\/\" \/>\n<meta property=\"og:locale\" content=\"fr_FR\" \/>\n<meta property=\"og:type\" content=\"article\" \/>\n<meta property=\"og:title\" content=\"Cherry Pie - Fleur CBD 19%.\" \/>\n<meta property=\"og:description\" content=\"Cherry Pie - Fleur CBD 19%. Blumiz - Premium CBD\" \/>\n<meta property=\"og:url\" content=\"https:\/\/blumiz.com\/fr\/produit\/cherry-pie-cbd\/\" \/>\n<meta property=\"og:site_name\" content=\"Blumiz - Premium CBD\" \/>\n<meta property=\"article:modified_time\" content=\"2025-02-06T20:37:02+00:00\" \/>\n<meta property=\"og:image\" content=\"https:\/\/blumiz.com\/wp-content\/uploads\/2022\/08\/CHERRY-PIE-BAG-BLUMIZ.webp\" \/>\n\t<meta property=\"og:image:width\" content=\"600\" \/>\n\t<meta property=\"og:image:height\" content=\"600\" \/>\n\t<meta property=\"og:image:type\" content=\"image\/webp\" \/>\n<meta name=\"twitter:card\" content=\"summary_large_image\" \/>\n<meta name=\"twitter:label1\" content=\"Disponibilit\u00e9\" \/>\n\t<meta name=\"twitter:data1\" content=\"En stock\" \/>\n<script type=\"application\/ld+json\" class=\"yoast-schema-graph\">{\"@context\":\"https:\\\/\\\/schema.org\",\"@graph\":[{\"@type\":\"WebPage\",\"@id\":\"https:\\\/\\\/blumiz.com\\\/fr\\\/produit\\\/cherry-pie-cbd\\\/\",\"url\":\"https:\\\/\\\/blumiz.com\\\/fr\\\/produit\\\/cherry-pie-cbd\\\/\",\"name\":\"Cherry Pie CBD 19% Indoor Ab3\u20ac\\\/g - Cannabis l\u00e9gal France\",\"isPartOf\":{\"@id\":\"https:\\\/\\\/blumiz.com\\\/fr\\\/#website\"},\"primaryImageOfPage\":{\"@id\":\"https:\\\/\\\/blumiz.com\\\/fr\\\/produit\\\/cherry-pie-cbd\\\/#primaryimage\"},\"image\":{\"@id\":\"https:\\\/\\\/blumiz.com\\\/fr\\\/produit\\\/cherry-pie-cbd\\\/#primaryimage\"},\"thumbnailUrl\":\"https:\\\/\\\/blumiz.com\\\/wp-content\\\/uploads\\\/2022\\\/08\\\/CHERRY-PIE-BAG-BLUMIZ.webp\",\"datePublished\":\"2020-12-13T13:16:08+00:00\",\"dateModified\":\"2025-02-06T20:37:02+00:00\",\"description\":\"Cherry Pie - Fleur CBD 19%. CBD : L'effet de la Cherry Pie pourrait \u00eatre fort, car elle a une teneur assez \u00e9lev\u00e9e en cannabidiol, environ 20 % de CBD. Legal\",\"breadcrumb\":{\"@id\":\"https:\\\/\\\/blumiz.com\\\/fr\\\/produit\\\/cherry-pie-cbd\\\/#breadcrumb\"},\"inLanguage\":\"fr-FR\",\"potentialAction\":[{\"@type\":\"ReadAction\",\"target\":[\"https:\\\/\\\/blumiz.com\\\/fr\\\/produit\\\/cherry-pie-cbd\\\/\"]}]},{\"@type\":\"ImageObject\",\"inLanguage\":\"fr-FR\",\"@id\":\"https:\\\/\\\/blumiz.com\\\/fr\\\/produit\\\/cherry-pie-cbd\\\/#primaryimage\",\"url\":\"https:\\\/\\\/blumiz.com\\\/wp-content\\\/uploads\\\/2022\\\/08\\\/CHERRY-PIE-BAG-BLUMIZ.webp\",\"contentUrl\":\"https:\\\/\\\/blumiz.com\\\/wp-content\\\/uploads\\\/2022\\\/08\\\/CHERRY-PIE-BAG-BLUMIZ.webp\",\"width\":600,\"height\":600},{\"@type\":\"BreadcrumbList\",\"@id\":\"https:\\\/\\\/blumiz.com\\\/fr\\\/produit\\\/cherry-pie-cbd\\\/#breadcrumb\",\"itemListElement\":[{\"@type\":\"ListItem\",\"position\":1,\"name\":\"Blumiz\",\"item\":\"https:\\\/\\\/blumiz.com\\\/fr\\\/\"},{\"@type\":\"ListItem\",\"position\":2,\"name\":\"CBD Shop\",\"item\":\"https:\\\/\\\/blumiz.com\\\/fr\\\/acheter-cbd-shop\\\/\"},{\"@type\":\"ListItem\",\"position\":3,\"name\":\"Fleurs de CBD\",\"item\":\"https:\\\/\\\/blumiz.com\\\/fr\\\/category\\\/fleurs-de-cbd\\\/\"},{\"@type\":\"ListItem\",\"position\":4,\"name\":\"Cherry Pie &#8211; Fleur CBD 19%.\"}]},{\"@type\":\"WebSite\",\"@id\":\"https:\\\/\\\/blumiz.com\\\/fr\\\/#website\",\"url\":\"https:\\\/\\\/blumiz.com\\\/fr\\\/\",\"name\":\"Blumiz - Premium CBD\",\"description\":\"Blumiz, Cannabis specialist\",\"publisher\":{\"@id\":\"https:\\\/\\\/blumiz.com\\\/fr\\\/#organization\"},\"alternateName\":\"Blumiz\",\"potentialAction\":[{\"@type\":\"SearchAction\",\"target\":{\"@type\":\"EntryPoint\",\"urlTemplate\":\"https:\\\/\\\/blumiz.com\\\/fr\\\/?s={search_term_string}\"},\"query-input\":{\"@type\":\"PropertyValueSpecification\",\"valueRequired\":true,\"valueName\":\"search_term_string\"}}],\"inLanguage\":\"fr-FR\"},{\"@type\":\"Organization\",\"@id\":\"https:\\\/\\\/blumiz.com\\\/fr\\\/#organization\",\"name\":\"Blumiz CBD\",\"alternateName\":\"Blumiz\",\"url\":\"https:\\\/\\\/blumiz.com\\\/fr\\\/\",\"logo\":{\"@type\":\"ImageObject\",\"inLanguage\":\"fr-FR\",\"@id\":\"https:\\\/\\\/blumiz.com\\\/fr\\\/#\\\/schema\\\/logo\\\/image\\\/\",\"url\":\"https:\\\/\\\/blumiz.com\\\/wp-content\\\/uploads\\\/2026\\\/02\\\/cropped-Blumiz-CBD-logo.webp\",\"contentUrl\":\"https:\\\/\\\/blumiz.com\\\/wp-content\\\/uploads\\\/2026\\\/02\\\/cropped-Blumiz-CBD-logo.webp\",\"width\":2547,\"height\":778,\"caption\":\"Blumiz CBD\"},\"image\":{\"@id\":\"https:\\\/\\\/blumiz.com\\\/fr\\\/#\\\/schema\\\/logo\\\/image\\\/\"}}]}<\/script>\n<meta property=\"og:availability\" content=\"instock\" \/>\n<meta property=\"product:availability\" content=\"instock\" \/>\n<meta property=\"product:retailer_item_id\" content=\"8449\" \/>\n<meta property=\"product:condition\" content=\"new\" \/>\n<!-- \/ Yoast SEO Premium plugin. -->","yoast_head_json":{"title":"Cherry Pie CBD 19% Indoor Ab3\u20ac\/g - Cannabis l\u00e9gal France","description":"Cherry Pie - Fleur CBD 19%. CBD : L'effet de la Cherry Pie pourrait \u00eatre fort, car elle a une teneur assez \u00e9lev\u00e9e en cannabidiol, environ 20 % de CBD. Legal","robots":{"index":"index","follow":"follow","max-snippet":"max-snippet:-1","max-image-preview":"max-image-preview:large","max-video-preview":"max-video-preview:-1"},"canonical":"https:\/\/blumiz.com\/fr\/produit\/cherry-pie-cbd\/","og_locale":"fr_FR","og_type":"article","og_title":"Cherry Pie - Fleur CBD 19%.","og_description":"Cherry Pie - Fleur CBD 19%. Blumiz - Premium CBD","og_url":"https:\/\/blumiz.com\/fr\/produit\/cherry-pie-cbd\/","og_site_name":"Blumiz - Premium CBD","article_modified_time":"2025-02-06T20:37:02+00:00","og_image":[{"width":600,"height":600,"url":"https:\/\/blumiz.com\/wp-content\/uploads\/2022\/08\/CHERRY-PIE-BAG-BLUMIZ.webp","type":"image\/webp"}],"twitter_card":"summary_large_image","twitter_misc":{"Disponibilit\u00e9":"En stock"},"schema":{"@context":"https:\/\/schema.org","@graph":[{"@type":"WebPage","@id":"https:\/\/blumiz.com\/fr\/produit\/cherry-pie-cbd\/","url":"https:\/\/blumiz.com\/fr\/produit\/cherry-pie-cbd\/","name":"Cherry Pie CBD 19% Indoor Ab3\u20ac\/g - Cannabis l\u00e9gal France","isPartOf":{"@id":"https:\/\/blumiz.com\/fr\/#website"},"primaryImageOfPage":{"@id":"https:\/\/blumiz.com\/fr\/produit\/cherry-pie-cbd\/#primaryimage"},"image":{"@id":"https:\/\/blumiz.com\/fr\/produit\/cherry-pie-cbd\/#primaryimage"},"thumbnailUrl":"https:\/\/blumiz.com\/wp-content\/uploads\/2022\/08\/CHERRY-PIE-BAG-BLUMIZ.webp","datePublished":"2020-12-13T13:16:08+00:00","dateModified":"2025-02-06T20:37:02+00:00","description":"Cherry Pie - Fleur CBD 19%. CBD : L'effet de la Cherry Pie pourrait \u00eatre fort, car elle a une teneur assez \u00e9lev\u00e9e en cannabidiol, environ 20 % de CBD. Legal","breadcrumb":{"@id":"https:\/\/blumiz.com\/fr\/produit\/cherry-pie-cbd\/#breadcrumb"},"inLanguage":"fr-FR","potentialAction":[{"@type":"ReadAction","target":["https:\/\/blumiz.com\/fr\/produit\/cherry-pie-cbd\/"]}]},{"@type":"ImageObject","inLanguage":"fr-FR","@id":"https:\/\/blumiz.com\/fr\/produit\/cherry-pie-cbd\/#primaryimage","url":"https:\/\/blumiz.com\/wp-content\/uploads\/2022\/08\/CHERRY-PIE-BAG-BLUMIZ.webp","contentUrl":"https:\/\/blumiz.com\/wp-content\/uploads\/2022\/08\/CHERRY-PIE-BAG-BLUMIZ.webp","width":600,"height":600},{"@type":"BreadcrumbList","@id":"https:\/\/blumiz.com\/fr\/produit\/cherry-pie-cbd\/#breadcrumb","itemListElement":[{"@type":"ListItem","position":1,"name":"Blumiz","item":"https:\/\/blumiz.com\/fr\/"},{"@type":"ListItem","position":2,"name":"CBD Shop","item":"https:\/\/blumiz.com\/fr\/acheter-cbd-shop\/"},{"@type":"ListItem","position":3,"name":"Fleurs de CBD","item":"https:\/\/blumiz.com\/fr\/category\/fleurs-de-cbd\/"},{"@type":"ListItem","position":4,"name":"Cherry Pie &#8211; Fleur CBD 19%."}]},{"@type":"WebSite","@id":"https:\/\/blumiz.com\/fr\/#website","url":"https:\/\/blumiz.com\/fr\/","name":"Blumiz - Premium CBD","description":"Blumiz, Cannabis specialist","publisher":{"@id":"https:\/\/blumiz.com\/fr\/#organization"},"alternateName":"Blumiz","potentialAction":[{"@type":"SearchAction","target":{"@type":"EntryPoint","urlTemplate":"https:\/\/blumiz.com\/fr\/?s={search_term_string}"},"query-input":{"@type":"PropertyValueSpecification","valueRequired":true,"valueName":"search_term_string"}}],"inLanguage":"fr-FR"},{"@type":"Organization","@id":"https:\/\/blumiz.com\/fr\/#organization","name":"Blumiz CBD","alternateName":"Blumiz","url":"https:\/\/blumiz.com\/fr\/","logo":{"@type":"ImageObject","inLanguage":"fr-FR","@id":"https:\/\/blumiz.com\/fr\/#\/schema\/logo\/image\/","url":"https:\/\/blumiz.com\/wp-content\/uploads\/2026\/02\/cropped-Blumiz-CBD-logo.webp","contentUrl":"https:\/\/blumiz.com\/wp-content\/uploads\/2026\/02\/cropped-Blumiz-CBD-logo.webp","width":2547,"height":778,"caption":"Blumiz CBD"},"image":{"@id":"https:\/\/blumiz.com\/fr\/#\/schema\/logo\/image\/"}}]},"og_availability":"instock","product_availability":"instock","product_retailer_item_id":"8449","product_condition":"new"},"_links":{"self":[{"href":"https:\/\/blumiz.com\/fr\/wp-json\/wp\/v2\/product\/7957","targetHints":{"allow":["GET"]}}],"collection":[{"href":"https:\/\/blumiz.com\/fr\/wp-json\/wp\/v2\/product"}],"about":[{"href":"https:\/\/blumiz.com\/fr\/wp-json\/wp\/v2\/types\/product"}],"replies":[{"embeddable":true,"href":"https:\/\/blumiz.com\/fr\/wp-json\/wp\/v2\/comments?post=7957"}],"version-history":[{"count":0,"href":"https:\/\/blumiz.com\/fr\/wp-json\/wp\/v2\/product\/7957\/revisions"}],"wp:featuredmedia":[{"embeddable":true,"href":"https:\/\/blumiz.com\/fr\/wp-json\/wp\/v2\/media\/6673"}],"wp:attachment":[{"href":"https:\/\/blumiz.com\/fr\/wp-json\/wp\/v2\/media?parent=7957"}],"wp:term":[{"taxonomy":"product_brand","embeddable":true,"href":"https:\/\/blumiz.com\/fr\/wp-json\/wp\/v2\/product_brand?post=7957"},{"taxonomy":"product_cat","embeddable":true,"href":"https:\/\/blumiz.com\/fr\/wp-json\/wp\/v2\/product_cat?post=7957"},{"taxonomy":"product_tag","embeddable":true,"href":"https:\/\/blumiz.com\/fr\/wp-json\/wp\/v2\/product_tag?post=7957"}],"curies":[{"name":"wp","href":"https:\/\/api.w.org\/{rel}","templated":true}]}}