{"id":7963,"date":"2021-02-02T14:15:20","date_gmt":"2021-02-02T13:15:20","guid":{"rendered":"https:\/\/blumiz.com\/produkt\/blue-dream-fleur-cbd-15\/"},"modified":"2025-02-06T21:37:00","modified_gmt":"2025-02-06T20:37:00","slug":"blue-dream-cbd","status":"publish","type":"product","link":"https:\/\/blumiz.com\/fr\/produit\/blue-dream-cbd\/","title":{"rendered":"Blue Dream &#8211; Fleur CBD 15%"},"content":{"rendered":"<h2><span style=\"color: #107d85;\">Fleur CBD Blue Dream Greenhouse 15%<\/span><\/h2>\n<h4><span style=\"color: #ff6600;\">Blue Dream CBD : une vari\u00e9t\u00e9 de cannabis cultiv\u00e9e en greenhouse avec un go\u00fbt doux et \u00e9pic\u00e9.<\/span><\/h4>\n<p>Blue Dream CBD 15% est une vari\u00e9t\u00e9 de cannabis cultiv\u00e9e en serre au go\u00fbt sucr\u00e9 et \u00e9pic\u00e9.<\/p>\n<p>Tombez amoureux de cette fleur de serre CBD au d\u00e9licat parfum de pin, de gingembre et d&#8217;agrumes. Vous appr\u00e9cierez \u00e9galement l&#8217;arri\u00e8re-go\u00fbt de mangue. Gr\u00e2ce au myrc\u00e8ne, son principal terp\u00e8ne, un d\u00e9licieux m\u00e9lange d&#8217;ar\u00f4mes intenses vous attend en bouche.<\/p>\n<p>Cette fleur est un hybride \u00e0 dominante sativa. Cultiv\u00e9e dans des serres, elle a b\u00e9n\u00e9fici\u00e9 des avantages de la Outdoor et \u00e0 la fois de la Indoor. Elle profite des bienfaits de la terre sans parasites ni pesticides tout en b\u00e9n\u00e9ficiant de la lumi\u00e8re naturelle. Cette vari\u00e9t\u00e9 de fleurs de chanvre a pouss\u00e9 dans un environnement sain afin de vous offrir un produit de qualit\u00e9 \u00e0 un prix incroyable.<\/p>\n<p>Gr\u00e2ce \u00e0 la culture en serre, nos Fleur CBD ont un aspect dense et compact. Comme toutes nos fleurs, elles n&#8217;ont pas de THC pour r\u00e9pondre aux normes actuelles. Aucun effet psychoactif n&#8217;est \u00e0 craindre.<\/p>\n<p>Cette fleur \u00e0 la teneur moyenne en cannabidiol est id\u00e9ale pour se d\u00e9tendre et se relaxer. Il peut \u00eatre consomm\u00e9 \u00e0 tout moment de la journ\u00e9e. Il contribue \u00e9galement \u00e0 un sommeil r\u00e9parateur.<\/p>\n<p>Les amateurs de cannabis l\u00e9gal connaissent les propri\u00e9t\u00e9s anti-inflammatoires et analg\u00e9siques des Fleur CBD. Nous vous recommandons de consommer vos fleurs progressivement afin de trouver la dose qui vous convient.<\/p>\n<p>Cette tisane est d&#8217;autant plus savoureuse lorsqu&#8217;elle est m\u00e9lang\u00e9e \u00e0 une substance grasse comme le miel ou le lait, afin de maximiser les effets du chanvre. En le vaporisant, vous sentirez ses ar\u00f4mes sucr\u00e9s et \u00e9pic\u00e9s. Laissez-vous surprendre !<\/p>\n<p>Si vous recherchez d&#8217;autres vari\u00e9t\u00e9s \u00e0 un bon prix, nous vous recommandons \u00e9galement d&#8217;essayer notre <a href=\"https:\/\/blumiz.com\/produit\/trim-cbd-indoor-mix-7\/\">TRIM<\/a> ou notre <a href=\"https:\/\/blumiz.com\/produit\/cbd-small-bud-indoor-mix-9\/\">Small Buds Mix Indoor<\/a>.<\/p>\n<p>Si vous recherchez une vari\u00e9t\u00e9 de qualit\u00e9 sup\u00e9rieure, nous vous recommandons <a href=\"https:\/\/blumiz.com\/produit\/skywalker-cbd\/\">Skywalker<\/a>, <a href=\"https:\/\/blumiz.com\/produit\/gelato-cbd\/\">Gelato<\/a> ou <a href=\"https:\/\/blumiz.com\/produit\/amnesia-cbd\/\">Amnesia<\/a>.<\/p>\n<h4><span style=\"color: #ff6600;\">Notre <a style=\"color: #ff6600;\" href=\"\/?product_cat=cbd-blueten\">boutique de Fleur CBD<\/a> est synonyme de normes de qualit\u00e9 \u00e9lev\u00e9es et de produits tri\u00e9s sur le volet.<\/span><\/h4>\n<p>Les Fleur CBD sont disponibles en diff\u00e9rents ar\u00f4mes et concentrations de CBD. Nos Fleur CBD sont soumises \u00e0 des crit\u00e8res de qualit\u00e9 externes stricts. Nos produits sont aussi vendus en tant que mati\u00e8res premi\u00e8res et sont exempts d&#8217;additifs chimiques et d&#8217;impuret\u00e9s.<\/p>\n<p>D\u00e9couvrez ici \u00e9galement notre <a href=\"https:\/\/blumiz.com\/fr\/category\/hash-et-concentres\/\">HASH CBD<\/a><\/p>\n<p>Une question, vous avez besoin d&#8217;aide ? <a href=\"https:\/\/blumiz.com\/hilfe-und-faqs\/\">Cliquez ici pour d\u00e9couvrir notre centre d&#8217;aide.<\/a><\/p>\n<p>D\u00e9couvrez nos <a href=\"https:\/\/blumiz.com\/fr\/category\/headshop\/\">produits et accessoires Headshop<\/a> pour profiter de vos vari\u00e9t\u00e9s pr\u00e9f\u00e9r\u00e9es<\/p>\n<h4><span style=\"color: #ff6600;\">Commander chez Blumiz signifie<\/span><\/h4>\n<p>&#8211; Livraison rapide, discr\u00e8te et inodore<br \/>\n&#8211; Produits certifi\u00e9s de qualit\u00e9 et en laboratoire<br \/>\n&#8211; Des prix imbattables, car nous fabriquons nos propres produits<\/p>\n","protected":false},"excerpt":{"rendered":"<h4><span style=\"color: #107d85;\">Fleur CBD Blue Dream Greenhouse 15%<\/span><\/h4>\n<p>La fleur CBD au d\u00e9licat parfum de baies !<\/p>\n<p>Amateurs de la vari\u00e9t\u00e9 Haze, venez d\u00e9couvrir sans plus attendre notre Greenhouse Blue Dream Greenhouse! Une fleur de CBD toujours aussi surprenante et d\u00e9licieuse. Id\u00e9al pour les d\u00e9butants qui souhaitent tester le CBD. Vous allez adorer ses ar\u00f4mes aussi subtils que prononc\u00e9s. Un must-have \u00e0 savourer d&#8217;urgence !<\/p>\n","protected":false},"featured_media":6672,"comment_status":"open","ping_status":"closed","template":"","meta":{"site-sidebar-layout":"default","site-content-layout":"default","ast-site-content-layout":"default","site-content-style":"default","site-sidebar-style":"default","ast-global-header-display":"","ast-banner-title-visibility":"","ast-main-header-display":"","ast-hfb-above-header-display":"","ast-hfb-below-header-display":"","ast-hfb-mobile-header-display":"","site-post-title":"","ast-breadcrumbs-content":"","ast-featured-img":"","footer-sml-layout":"","ast-disable-related-posts":"","theme-transparent-header-meta":"default","adv-header-id-meta":"","stick-header-meta":"default","header-above-stick-meta":"","header-main-stick-meta":"","header-below-stick-meta":"","astra-migrate-meta-layouts":"default","ast-page-background-enabled":"default","ast-page-background-meta":{"desktop":{"background-color":"","background-image":"","background-repeat":"repeat","background-position":"center center","background-size":"auto","background-attachment":"scroll","background-type":"","background-media":"","overlay-type":"","overlay-color":"","overlay-opacity":"","overlay-gradient":""},"tablet":{"background-color":"","background-image":"","background-repeat":"repeat","background-position":"center center","background-size":"auto","background-attachment":"scroll","background-type":"","background-media":"","overlay-type":"","overlay-color":"","overlay-opacity":"","overlay-gradient":""},"mobile":{"background-color":"","background-image":"","background-repeat":"repeat","background-position":"center center","background-size":"auto","background-attachment":"scroll","background-type":"","background-media":"","overlay-type":"","overlay-color":"","overlay-opacity":"","overlay-gradient":""}},"ast-content-background-meta":{"desktop":{"background-color":"var(--ast-global-color-5)","background-image":"","background-repeat":"repeat","background-position":"center center","background-size":"auto","background-attachment":"scroll","background-type":"","background-media":"","overlay-type":"","overlay-color":"","overlay-opacity":"","overlay-gradient":""},"tablet":{"background-color":"var(--ast-global-color-5)","background-image":"","background-repeat":"repeat","background-position":"center center","background-size":"auto","background-attachment":"scroll","background-type":"","background-media":"","overlay-type":"","overlay-color":"","overlay-opacity":"","overlay-gradient":""},"mobile":{"background-color":"var(--ast-global-color-5)","background-image":"","background-repeat":"repeat","background-position":"center center","background-size":"auto","background-attachment":"scroll","background-type":"","background-media":"","overlay-type":"","overlay-color":"","overlay-opacity":"","overlay-gradient":""}}},"product_brand":[],"product_cat":[304,164,161,163],"product_tag":[201,203],"class_list":{"0":"post-7963","1":"product","2":"type-product","3":"status-publish","4":"has-post-thumbnail","6":"product_cat-cbd-fr","7":"product_cat-fleur-cbd-pas-cher","8":"product_cat-fleurs-de-cbd","9":"product_cat-fleur-cbd-greenhouse","10":"product_tag-fleurs-cbd-pas-cher","11":"product_tag-greenhouse-cbd-fr","12":"pa_cbd-rate-10-a-20-cbd","13":"pa_kategorie-fleur-cbd-pas-cher","14":"pa_kategorie-greenhouse-fr","15":"desktop-align-left","16":"tablet-align-center","17":"mobile-align-left","18":"ast-product-gallery-layout-vertical","19":"ast-magnify-disabled","20":"ast-product-single-variable","21":"ast-product-tabs-layout-horizontal","23":"first","24":"instock","25":"taxable","26":"shipping-taxable","27":"purchasable","28":"product-type-variable"},"yoast_head":"<!-- This site is optimized with the Yoast SEO Premium plugin v27.2 (Yoast SEO v27.3) - https:\/\/yoast.com\/product\/yoast-seo-premium-wordpress\/ -->\n<title>Blue Dream CBD Greenhouse \u00c0 partir de 2,40\u20ac\/g Bon march\u00e9 &amp; puissant<\/title>\n<meta name=\"description\" content=\"Blue Dream CBD 15%...Vari\u00e9t\u00e9 tr\u00e8s appr\u00e9ci\u00e9e pour son go\u00fbt, \u00e0 la fois tr\u00e8s doux et plein d&#039;ar\u00f4mes...Livraison rapide &amp; discr\u00e8te - l\u00e9gal\" \/>\n<meta name=\"robots\" content=\"index, follow, max-snippet:-1, max-image-preview:large, max-video-preview:-1\" \/>\n<link rel=\"canonical\" href=\"https:\/\/blumiz.com\/fr\/produit\/blue-dream-cbd\/\" \/>\n<meta property=\"og:locale\" content=\"fr_FR\" \/>\n<meta property=\"og:type\" content=\"article\" \/>\n<meta property=\"og:title\" content=\"Blue Dream - Fleur CBD 15%\" \/>\n<meta property=\"og:description\" content=\"Blue Dream - Fleur CBD 15% Blumiz - Premium CBD\" \/>\n<meta property=\"og:url\" content=\"https:\/\/blumiz.com\/fr\/produit\/blue-dream-cbd\/\" \/>\n<meta property=\"og:site_name\" content=\"Blumiz - Premium CBD\" \/>\n<meta property=\"article:modified_time\" content=\"2025-02-06T20:37:00+00:00\" \/>\n<meta property=\"og:image\" content=\"https:\/\/blumiz.com\/wp-content\/uploads\/2022\/08\/BLUE-DREAM-BAG-BLUMIZ.webp\" \/>\n\t<meta property=\"og:image:width\" content=\"600\" \/>\n\t<meta property=\"og:image:height\" content=\"600\" \/>\n\t<meta property=\"og:image:type\" content=\"image\/webp\" \/>\n<meta name=\"twitter:card\" content=\"summary_large_image\" \/>\n<meta name=\"twitter:label1\" content=\"Disponibilit\u00e9\" \/>\n\t<meta name=\"twitter:data1\" content=\"En stock\" \/>\n<script type=\"application\/ld+json\" class=\"yoast-schema-graph\">{\"@context\":\"https:\\\/\\\/schema.org\",\"@graph\":[{\"@type\":\"WebPage\",\"@id\":\"https:\\\/\\\/blumiz.com\\\/fr\\\/produit\\\/blue-dream-cbd\\\/\",\"url\":\"https:\\\/\\\/blumiz.com\\\/fr\\\/produit\\\/blue-dream-cbd\\\/\",\"name\":\"Blue Dream CBD Greenhouse \u00c0 partir de 2,40\u20ac\\\/g Bon march\u00e9 & puissant\",\"isPartOf\":{\"@id\":\"https:\\\/\\\/blumiz.com\\\/fr\\\/#website\"},\"primaryImageOfPage\":{\"@id\":\"https:\\\/\\\/blumiz.com\\\/fr\\\/produit\\\/blue-dream-cbd\\\/#primaryimage\"},\"image\":{\"@id\":\"https:\\\/\\\/blumiz.com\\\/fr\\\/produit\\\/blue-dream-cbd\\\/#primaryimage\"},\"thumbnailUrl\":\"https:\\\/\\\/blumiz.com\\\/wp-content\\\/uploads\\\/2022\\\/08\\\/BLUE-DREAM-BAG-BLUMIZ.webp\",\"datePublished\":\"2021-02-02T13:15:20+00:00\",\"dateModified\":\"2025-02-06T20:37:00+00:00\",\"description\":\"Blue Dream CBD 15%...Vari\u00e9t\u00e9 tr\u00e8s appr\u00e9ci\u00e9e pour son go\u00fbt, \u00e0 la fois tr\u00e8s doux et plein d'ar\u00f4mes...Livraison rapide & discr\u00e8te - l\u00e9gal\",\"breadcrumb\":{\"@id\":\"https:\\\/\\\/blumiz.com\\\/fr\\\/produit\\\/blue-dream-cbd\\\/#breadcrumb\"},\"inLanguage\":\"fr-FR\",\"potentialAction\":[{\"@type\":\"ReadAction\",\"target\":[\"https:\\\/\\\/blumiz.com\\\/fr\\\/produit\\\/blue-dream-cbd\\\/\"]}]},{\"@type\":\"ImageObject\",\"inLanguage\":\"fr-FR\",\"@id\":\"https:\\\/\\\/blumiz.com\\\/fr\\\/produit\\\/blue-dream-cbd\\\/#primaryimage\",\"url\":\"https:\\\/\\\/blumiz.com\\\/wp-content\\\/uploads\\\/2022\\\/08\\\/BLUE-DREAM-BAG-BLUMIZ.webp\",\"contentUrl\":\"https:\\\/\\\/blumiz.com\\\/wp-content\\\/uploads\\\/2022\\\/08\\\/BLUE-DREAM-BAG-BLUMIZ.webp\",\"width\":600,\"height\":600},{\"@type\":\"BreadcrumbList\",\"@id\":\"https:\\\/\\\/blumiz.com\\\/fr\\\/produit\\\/blue-dream-cbd\\\/#breadcrumb\",\"itemListElement\":[{\"@type\":\"ListItem\",\"position\":1,\"name\":\"Blumiz\",\"item\":\"https:\\\/\\\/blumiz.com\\\/fr\\\/\"},{\"@type\":\"ListItem\",\"position\":2,\"name\":\"CBD Shop\",\"item\":\"https:\\\/\\\/blumiz.com\\\/fr\\\/acheter-cbd-shop\\\/\"},{\"@type\":\"ListItem\",\"position\":3,\"name\":\"Fleurs de CBD\",\"item\":\"https:\\\/\\\/blumiz.com\\\/fr\\\/category\\\/fleurs-de-cbd\\\/\"},{\"@type\":\"ListItem\",\"position\":4,\"name\":\"Blue Dream &#8211; Fleur CBD 15%\"}]},{\"@type\":\"WebSite\",\"@id\":\"https:\\\/\\\/blumiz.com\\\/fr\\\/#website\",\"url\":\"https:\\\/\\\/blumiz.com\\\/fr\\\/\",\"name\":\"Blumiz - Premium CBD\",\"description\":\"Blumiz, Cannabis specialist\",\"publisher\":{\"@id\":\"https:\\\/\\\/blumiz.com\\\/fr\\\/#organization\"},\"alternateName\":\"Blumiz\",\"potentialAction\":[{\"@type\":\"SearchAction\",\"target\":{\"@type\":\"EntryPoint\",\"urlTemplate\":\"https:\\\/\\\/blumiz.com\\\/fr\\\/?s={search_term_string}\"},\"query-input\":{\"@type\":\"PropertyValueSpecification\",\"valueRequired\":true,\"valueName\":\"search_term_string\"}}],\"inLanguage\":\"fr-FR\"},{\"@type\":\"Organization\",\"@id\":\"https:\\\/\\\/blumiz.com\\\/fr\\\/#organization\",\"name\":\"Blumiz CBD\",\"alternateName\":\"Blumiz\",\"url\":\"https:\\\/\\\/blumiz.com\\\/fr\\\/\",\"logo\":{\"@type\":\"ImageObject\",\"inLanguage\":\"fr-FR\",\"@id\":\"https:\\\/\\\/blumiz.com\\\/fr\\\/#\\\/schema\\\/logo\\\/image\\\/\",\"url\":\"https:\\\/\\\/blumiz.com\\\/wp-content\\\/uploads\\\/2026\\\/02\\\/cropped-Blumiz-CBD-logo.webp\",\"contentUrl\":\"https:\\\/\\\/blumiz.com\\\/wp-content\\\/uploads\\\/2026\\\/02\\\/cropped-Blumiz-CBD-logo.webp\",\"width\":2547,\"height\":778,\"caption\":\"Blumiz CBD\"},\"image\":{\"@id\":\"https:\\\/\\\/blumiz.com\\\/fr\\\/#\\\/schema\\\/logo\\\/image\\\/\"}}]}<\/script>\n<meta property=\"og:availability\" content=\"instock\" \/>\n<meta property=\"product:availability\" content=\"instock\" \/>\n<meta property=\"product:retailer_item_id\" content=\"432978\" \/>\n<meta property=\"product:condition\" content=\"new\" \/>\n<!-- \/ Yoast SEO Premium plugin. -->","yoast_head_json":{"title":"Blue Dream CBD Greenhouse \u00c0 partir de 2,40\u20ac\/g Bon march\u00e9 & puissant","description":"Blue Dream CBD 15%...Vari\u00e9t\u00e9 tr\u00e8s appr\u00e9ci\u00e9e pour son go\u00fbt, \u00e0 la fois tr\u00e8s doux et plein d'ar\u00f4mes...Livraison rapide & discr\u00e8te - l\u00e9gal","robots":{"index":"index","follow":"follow","max-snippet":"max-snippet:-1","max-image-preview":"max-image-preview:large","max-video-preview":"max-video-preview:-1"},"canonical":"https:\/\/blumiz.com\/fr\/produit\/blue-dream-cbd\/","og_locale":"fr_FR","og_type":"article","og_title":"Blue Dream - Fleur CBD 15%","og_description":"Blue Dream - Fleur CBD 15% Blumiz - Premium CBD","og_url":"https:\/\/blumiz.com\/fr\/produit\/blue-dream-cbd\/","og_site_name":"Blumiz - Premium CBD","article_modified_time":"2025-02-06T20:37:00+00:00","og_image":[{"width":600,"height":600,"url":"https:\/\/blumiz.com\/wp-content\/uploads\/2022\/08\/BLUE-DREAM-BAG-BLUMIZ.webp","type":"image\/webp"}],"twitter_card":"summary_large_image","twitter_misc":{"Disponibilit\u00e9":"En stock"},"schema":{"@context":"https:\/\/schema.org","@graph":[{"@type":"WebPage","@id":"https:\/\/blumiz.com\/fr\/produit\/blue-dream-cbd\/","url":"https:\/\/blumiz.com\/fr\/produit\/blue-dream-cbd\/","name":"Blue Dream CBD Greenhouse \u00c0 partir de 2,40\u20ac\/g Bon march\u00e9 & puissant","isPartOf":{"@id":"https:\/\/blumiz.com\/fr\/#website"},"primaryImageOfPage":{"@id":"https:\/\/blumiz.com\/fr\/produit\/blue-dream-cbd\/#primaryimage"},"image":{"@id":"https:\/\/blumiz.com\/fr\/produit\/blue-dream-cbd\/#primaryimage"},"thumbnailUrl":"https:\/\/blumiz.com\/wp-content\/uploads\/2022\/08\/BLUE-DREAM-BAG-BLUMIZ.webp","datePublished":"2021-02-02T13:15:20+00:00","dateModified":"2025-02-06T20:37:00+00:00","description":"Blue Dream CBD 15%...Vari\u00e9t\u00e9 tr\u00e8s appr\u00e9ci\u00e9e pour son go\u00fbt, \u00e0 la fois tr\u00e8s doux et plein d'ar\u00f4mes...Livraison rapide & discr\u00e8te - l\u00e9gal","breadcrumb":{"@id":"https:\/\/blumiz.com\/fr\/produit\/blue-dream-cbd\/#breadcrumb"},"inLanguage":"fr-FR","potentialAction":[{"@type":"ReadAction","target":["https:\/\/blumiz.com\/fr\/produit\/blue-dream-cbd\/"]}]},{"@type":"ImageObject","inLanguage":"fr-FR","@id":"https:\/\/blumiz.com\/fr\/produit\/blue-dream-cbd\/#primaryimage","url":"https:\/\/blumiz.com\/wp-content\/uploads\/2022\/08\/BLUE-DREAM-BAG-BLUMIZ.webp","contentUrl":"https:\/\/blumiz.com\/wp-content\/uploads\/2022\/08\/BLUE-DREAM-BAG-BLUMIZ.webp","width":600,"height":600},{"@type":"BreadcrumbList","@id":"https:\/\/blumiz.com\/fr\/produit\/blue-dream-cbd\/#breadcrumb","itemListElement":[{"@type":"ListItem","position":1,"name":"Blumiz","item":"https:\/\/blumiz.com\/fr\/"},{"@type":"ListItem","position":2,"name":"CBD Shop","item":"https:\/\/blumiz.com\/fr\/acheter-cbd-shop\/"},{"@type":"ListItem","position":3,"name":"Fleurs de CBD","item":"https:\/\/blumiz.com\/fr\/category\/fleurs-de-cbd\/"},{"@type":"ListItem","position":4,"name":"Blue Dream &#8211; Fleur CBD 15%"}]},{"@type":"WebSite","@id":"https:\/\/blumiz.com\/fr\/#website","url":"https:\/\/blumiz.com\/fr\/","name":"Blumiz - Premium CBD","description":"Blumiz, Cannabis specialist","publisher":{"@id":"https:\/\/blumiz.com\/fr\/#organization"},"alternateName":"Blumiz","potentialAction":[{"@type":"SearchAction","target":{"@type":"EntryPoint","urlTemplate":"https:\/\/blumiz.com\/fr\/?s={search_term_string}"},"query-input":{"@type":"PropertyValueSpecification","valueRequired":true,"valueName":"search_term_string"}}],"inLanguage":"fr-FR"},{"@type":"Organization","@id":"https:\/\/blumiz.com\/fr\/#organization","name":"Blumiz CBD","alternateName":"Blumiz","url":"https:\/\/blumiz.com\/fr\/","logo":{"@type":"ImageObject","inLanguage":"fr-FR","@id":"https:\/\/blumiz.com\/fr\/#\/schema\/logo\/image\/","url":"https:\/\/blumiz.com\/wp-content\/uploads\/2026\/02\/cropped-Blumiz-CBD-logo.webp","contentUrl":"https:\/\/blumiz.com\/wp-content\/uploads\/2026\/02\/cropped-Blumiz-CBD-logo.webp","width":2547,"height":778,"caption":"Blumiz CBD"},"image":{"@id":"https:\/\/blumiz.com\/fr\/#\/schema\/logo\/image\/"}}]},"og_availability":"instock","product_availability":"instock","product_retailer_item_id":"432978","product_condition":"new"},"_links":{"self":[{"href":"https:\/\/blumiz.com\/fr\/wp-json\/wp\/v2\/product\/7963","targetHints":{"allow":["GET"]}}],"collection":[{"href":"https:\/\/blumiz.com\/fr\/wp-json\/wp\/v2\/product"}],"about":[{"href":"https:\/\/blumiz.com\/fr\/wp-json\/wp\/v2\/types\/product"}],"replies":[{"embeddable":true,"href":"https:\/\/blumiz.com\/fr\/wp-json\/wp\/v2\/comments?post=7963"}],"version-history":[{"count":0,"href":"https:\/\/blumiz.com\/fr\/wp-json\/wp\/v2\/product\/7963\/revisions"}],"wp:featuredmedia":[{"embeddable":true,"href":"https:\/\/blumiz.com\/fr\/wp-json\/wp\/v2\/media\/6672"}],"wp:attachment":[{"href":"https:\/\/blumiz.com\/fr\/wp-json\/wp\/v2\/media?parent=7963"}],"wp:term":[{"taxonomy":"product_brand","embeddable":true,"href":"https:\/\/blumiz.com\/fr\/wp-json\/wp\/v2\/product_brand?post=7963"},{"taxonomy":"product_cat","embeddable":true,"href":"https:\/\/blumiz.com\/fr\/wp-json\/wp\/v2\/product_cat?post=7963"},{"taxonomy":"product_tag","embeddable":true,"href":"https:\/\/blumiz.com\/fr\/wp-json\/wp\/v2\/product_tag?post=7963"}],"curies":[{"name":"wp","href":"https:\/\/api.w.org\/{rel}","templated":true}]}}