{"id":7969,"date":"2021-02-17T19:14:38","date_gmt":"2021-02-17T18:14:38","guid":{"rendered":"https:\/\/blumiz.com\/produkt\/amnesia-fleur-cbd-22\/"},"modified":"2025-06-02T19:10:29","modified_gmt":"2025-06-02T18:10:29","slug":"amnesia-cbd","status":"publish","type":"product","link":"https:\/\/blumiz.com\/fr\/produit\/amnesia-cbd\/","title":{"rendered":"Amnesia &#8211; Fleur CBD 22%."},"content":{"rendered":"<h2><span style=\"color: #107d85;\">Fleur CBD Amnesia Indoor 22%.<\/span><\/h2>\n<h4><span style=\"color: #ff6600;\">Une vari\u00e9t\u00e9 l\u00e9gendaire, tant pour ses fleurs que pour ses ar\u00f4mes exceptionnels<\/span><\/h4>\n<p>CBD Flower Amnesia est l&#8217;une des vari\u00e9t\u00e9s les plus connues. Cette esp\u00e8ce \u00e0 dominance sativa offre des fleurs qui oscillent entre le vert clair et l&#8217;orange. Mais pourquoi est-il si populaire ? Surtout pour son parfum unique. Cette fleur CBD d&#8217;int\u00e9rieur a des ar\u00f4mes que vous ne trouverez pas dans d&#8217;autres vari\u00e9t\u00e9s. Ses senteurs de citron et de pin, associ\u00e9es \u00e0 une note terreuse, illumineront vos sens.<\/p>\n<h4><span style=\"color: #ff6600;\">Origine de la Amn\u00e9sia<\/span><\/h4>\n<p>L&#8217;origine de cette vari\u00e9t\u00e9 d&#8217;une qualit\u00e9 exceptionnelle est le croisement des vari\u00e9t\u00e9s Skunk, Cinderella et Jack Herer. L&#8217;Amnesia Indoor, comme son nom l&#8217;indique, est cultiv\u00e9e en int\u00e9rieur. Toutes nos fleurs de cette vari\u00e9t\u00e9 sont issues de l&#8217;agriculture biologique. 100% naturel, vous ne trouverez pas de pesticides ou d&#8217;OGM. Elles sont sans danger pour votre sant\u00e9 et constituent une excellente alternative pour aider \u00e0 lutter contre l&#8217;anxi\u00e9t\u00e9, la douleur ou \u00e0 retrouver le sommeil.<\/p>\n<h4><span style=\"color: #ff6600;\">Effets de notre CBD Amnesia :<\/span><\/h4>\n<p>Vous trouverez toutes les vertus du cannabidiol pour vous d\u00e9tendre et vous relaxer facilement. Nos fleurs d&#8217;int\u00e9rieur Amnesia contiennent 22% de CBD. Il peut donc \u00eatre consomm\u00e9 \u00e0 tout moment de la journ\u00e9e. Il s&#8217;adresse donc aux amateurs de cannabis l\u00e9gal, habitu\u00e9s aux effets relaxants du chanvre, ainsi qu&#8217;aux personnes d\u00e9sireuses de d\u00e9couvrir cette mol\u00e9cule saine et naturelle.<\/p>\n<h4><span style=\"color: #ff6600;\">Votre opinion sur Amnesia CBD Sommer ?<\/span><\/h4>\n<p>Pour maximiser les effets de vos Fleur CBD Amnesia, nous vous recommandons de les consommer en infusion avec du lait ou du miel. Le cannabidiol est activ\u00e9 dans les substances grasses. Si vous \u00eates fan des parfums uniques d&#8217;Amnesia, la vaporisation est une autre option formidable et efficace.<\/p>\n<p>Toutes nos fleurs de chanvre sont certifi\u00e9es sans THC. Ils sont soumis \u00e0 des contr\u00f4les de qualit\u00e9 tr\u00e8s stricts. Pas de panique ! Vous ne ressentirez pas d&#8217;effets psychotropes.<\/p>\n<p>Pr\u00eat pour un d\u00e9licieux moment de d\u00e9tente ?<\/p>\n<p>Si vous recherchez d&#8217;autres vari\u00e9t\u00e9s \u00e0 un bon prix, nous vous recommandons \u00e9galement d&#8217;essayer notre <a href=\"https:\/\/blumiz.com\/produit\/skunk-cbd-original\/\">Skunk Original<\/a> ou notre <a href=\"https:\/\/blumiz.com\/produit\/cbd-small-bud-indoor-mix-9\/\">Small Buds Mix Indoor<\/a>.<\/p>\n<p>Si vous recherchez d&#8217;autres vari\u00e9t\u00e9s de qualit\u00e9 sup\u00e9rieure, nous vous recommandons la <a href=\"https:\/\/blumiz.com\/produit\/ivory-cbd\/\">Ivory<\/a> ou la <a href=\"https:\/\/blumiz.com\/produit\/gelato-cbd\/\">Gelato<\/a><\/p>\n<h4><span style=\"color: #ff6600;\">Notre <a style=\"color: #ff6600;\" href=\"\/?product_cat=cbd-blueten\">boutique de Fleur CBD<\/a> est synonyme de normes de qualit\u00e9 \u00e9lev\u00e9es et de produits tri\u00e9s sur le volet.<\/span><\/h4>\n<p>Les Fleur CBD sont disponibles en diff\u00e9rents ar\u00f4mes et concentrations de CBD. Nos Fleur CBD sont soumises \u00e0 des crit\u00e8res de qualit\u00e9 externes stricts. Nos produits sont aussi vendus en tant que mati\u00e8res premi\u00e8res et sont exempts d&#8217;additifs chimiques et d&#8217;impuret\u00e9s.<\/p>\n<p>D\u00e9couvrez ici \u00e9galement notre <a href=\"https:\/\/blumiz.com\/fr\/category\/hash-et-concentres\/\">HASH CBD<\/a><\/p>\n<p>Une question, vous avez besoin d&#8217;aide ? <a href=\"https:\/\/blumiz.com\/hilfe-und-faqs\/\">Cliquez ici pour d\u00e9couvrir notre centre d&#8217;aide.<\/a><\/p>\n<p>D\u00e9couvrez nos <a href=\"https:\/\/blumiz.com\/fr\/category\/headshop\/\">produits et accessoires Headshop<\/a> pour profiter de vos vari\u00e9t\u00e9s pr\u00e9f\u00e9r\u00e9es<\/p>\n<h4><span style=\"color: #ff6600;\">Commander chez Blumiz signifie<\/span><\/h4>\n<p>&#8211; Livraison rapide, discr\u00e8te et inodore<br \/>\n&#8211; Produits certifi\u00e9s de qualit\u00e9 et en laboratoire<br \/>\n&#8211; Des prix imbattables, car nous fabriquons nos propres produits<\/p>\n<p>&nbsp;<\/p>\n","protected":false},"excerpt":{"rendered":"<h4><span style=\"color: #107d85;\">Fleur CBD Amnesia Indoor 22%<\/span><\/h4>\n<p>La vari\u00e9t\u00e9 phare de Fleur CBD, au parfum terreux tr\u00e8s prononc\u00e9.<\/p>\n<p>Nouveau lot en Indoor! D\u00e9couvrez ou red\u00e9couvrez cette vari\u00e9t\u00e9 embl\u00e9matique de Fleur CBD. Amnesia est une fleur de cannabis Indoor indispensable pour tous ceux qui veulent profiter du CBD !   Il ravira votre palais avec ses notes de pin et d&#8217;agrumes. Il fait l&#8217;unanimit\u00e9 chez les amateurs comme chez les d\u00e9butants. A d\u00e9guster sans attendre !<\/p>\n","protected":false},"featured_media":6671,"comment_status":"open","ping_status":"closed","template":"","meta":{"site-sidebar-layout":"default","site-content-layout":"default","ast-site-content-layout":"default","site-content-style":"default","site-sidebar-style":"default","ast-global-header-display":"","ast-banner-title-visibility":"","ast-main-header-display":"","ast-hfb-above-header-display":"","ast-hfb-below-header-display":"","ast-hfb-mobile-header-display":"","site-post-title":"","ast-breadcrumbs-content":"","ast-featured-img":"","footer-sml-layout":"","ast-disable-related-posts":"","theme-transparent-header-meta":"default","adv-header-id-meta":"","stick-header-meta":"default","header-above-stick-meta":"","header-main-stick-meta":"","header-below-stick-meta":"","astra-migrate-meta-layouts":"default","ast-page-background-enabled":"default","ast-page-background-meta":{"desktop":{"background-color":"","background-image":"","background-repeat":"repeat","background-position":"center center","background-size":"auto","background-attachment":"scroll","background-type":"","background-media":"","overlay-type":"","overlay-color":"","overlay-opacity":"","overlay-gradient":""},"tablet":{"background-color":"","background-image":"","background-repeat":"repeat","background-position":"center center","background-size":"auto","background-attachment":"scroll","background-type":"","background-media":"","overlay-type":"","overlay-color":"","overlay-opacity":"","overlay-gradient":""},"mobile":{"background-color":"","background-image":"","background-repeat":"repeat","background-position":"center center","background-size":"auto","background-attachment":"scroll","background-type":"","background-media":"","overlay-type":"","overlay-color":"","overlay-opacity":"","overlay-gradient":""}},"ast-content-background-meta":{"desktop":{"background-color":"var(--ast-global-color-5)","background-image":"","background-repeat":"repeat","background-position":"center center","background-size":"auto","background-attachment":"scroll","background-type":"","background-media":"","overlay-type":"","overlay-color":"","overlay-opacity":"","overlay-gradient":""},"tablet":{"background-color":"var(--ast-global-color-5)","background-image":"","background-repeat":"repeat","background-position":"center center","background-size":"auto","background-attachment":"scroll","background-type":"","background-media":"","overlay-type":"","overlay-color":"","overlay-opacity":"","overlay-gradient":""},"mobile":{"background-color":"var(--ast-global-color-5)","background-image":"","background-repeat":"repeat","background-position":"center center","background-size":"auto","background-attachment":"scroll","background-type":"","background-media":"","overlay-type":"","overlay-color":"","overlay-opacity":"","overlay-gradient":""}}},"product_brand":[],"product_cat":[304,167,161,165],"product_tag":[202,204],"class_list":{"0":"post-7969","1":"product","2":"type-product","3":"status-publish","4":"has-post-thumbnail","6":"product_cat-cbd-fr","7":"product_cat-fleur-cbd-puissante","8":"product_cat-fleurs-de-cbd","9":"product_cat-fleur-cbd-indoor","10":"product_tag-fleurs-cbd-puissantes","11":"product_tag-indoor-cbd-fr","12":"pa_cbd-rate-plus-de-20-cbd","13":"pa_kategorie-fleur-cbd-puissante","14":"pa_kategorie-indoor-fr","15":"desktop-align-left","16":"tablet-align-center","17":"mobile-align-left","18":"ast-product-gallery-layout-vertical","19":"ast-magnify-disabled","20":"ast-product-single-variable","21":"ast-product-tabs-layout-horizontal","23":"first","24":"instock","25":"featured","26":"taxable","27":"shipping-taxable","28":"purchasable","29":"product-type-variable"},"yoast_head":"<!-- This site is optimized with the Yoast SEO Premium plugin v27.2 (Yoast SEO v27.4) - https:\/\/yoast.com\/product\/yoast-seo-premium-wordpress\/ -->\n<title>Amnesia CBD Indoor A partir de 3\u20ac\/g - Meilleures Ventes- Potentes en France<\/title>\n<meta name=\"description\" content=\"Amnesia CBD Indoor \u00c0 partir de 3\u20ac\/g - Meilleure vente Potent CBD en F.. Vari\u00e9t\u00e9 l\u00e9gendaire, go\u00fbt tr\u00e8s prononc\u00e9 et taux de CBD \u00e9lev\u00e9...l\u00e9gal\" \/>\n<meta name=\"robots\" content=\"index, follow, max-snippet:-1, max-image-preview:large, max-video-preview:-1\" \/>\n<link rel=\"canonical\" href=\"https:\/\/blumiz.com\/fr\/produit\/amnesia-cbd\/\" \/>\n<meta property=\"og:locale\" content=\"fr_FR\" \/>\n<meta property=\"og:type\" content=\"article\" \/>\n<meta property=\"og:title\" content=\"Amnesia - Fleur CBD 22%.\" \/>\n<meta property=\"og:description\" content=\"Amnesia - Fleur CBD 22%. Blumiz - Premium CBD\" \/>\n<meta property=\"og:url\" content=\"https:\/\/blumiz.com\/fr\/produit\/amnesia-cbd\/\" \/>\n<meta property=\"og:site_name\" content=\"Blumiz - Premium CBD\" \/>\n<meta property=\"article:modified_time\" content=\"2025-06-02T18:10:29+00:00\" \/>\n<meta property=\"og:image\" content=\"https:\/\/blumiz.com\/wp-content\/uploads\/2022\/08\/AMNESIA-BAG-BLUMIZ.webp\" \/>\n\t<meta property=\"og:image:width\" content=\"600\" \/>\n\t<meta property=\"og:image:height\" content=\"600\" \/>\n\t<meta property=\"og:image:type\" content=\"image\/webp\" \/>\n<meta name=\"twitter:card\" content=\"summary_large_image\" \/>\n<meta name=\"twitter:label1\" content=\"Disponibilit\u00e9\" \/>\n\t<meta name=\"twitter:data1\" content=\"En stock\" \/>\n<script type=\"application\/ld+json\" class=\"yoast-schema-graph\">{\"@context\":\"https:\\\/\\\/schema.org\",\"@graph\":[{\"@type\":\"WebPage\",\"@id\":\"https:\\\/\\\/blumiz.com\\\/fr\\\/produit\\\/amnesia-cbd\\\/\",\"url\":\"https:\\\/\\\/blumiz.com\\\/fr\\\/produit\\\/amnesia-cbd\\\/\",\"name\":\"Amnesia CBD Indoor A partir de 3\u20ac\\\/g - Meilleures Ventes- Potentes en France\",\"isPartOf\":{\"@id\":\"https:\\\/\\\/blumiz.com\\\/fr\\\/#website\"},\"primaryImageOfPage\":{\"@id\":\"https:\\\/\\\/blumiz.com\\\/fr\\\/produit\\\/amnesia-cbd\\\/#primaryimage\"},\"image\":{\"@id\":\"https:\\\/\\\/blumiz.com\\\/fr\\\/produit\\\/amnesia-cbd\\\/#primaryimage\"},\"thumbnailUrl\":\"https:\\\/\\\/blumiz.com\\\/wp-content\\\/uploads\\\/2022\\\/08\\\/AMNESIA-BAG-BLUMIZ.webp\",\"datePublished\":\"2021-02-17T18:14:38+00:00\",\"dateModified\":\"2025-06-02T18:10:29+00:00\",\"description\":\"Amnesia CBD Indoor \u00c0 partir de 3\u20ac\\\/g - Meilleure vente Potent CBD en F.. Vari\u00e9t\u00e9 l\u00e9gendaire, go\u00fbt tr\u00e8s prononc\u00e9 et taux de CBD \u00e9lev\u00e9...l\u00e9gal\",\"breadcrumb\":{\"@id\":\"https:\\\/\\\/blumiz.com\\\/fr\\\/produit\\\/amnesia-cbd\\\/#breadcrumb\"},\"inLanguage\":\"fr-FR\",\"potentialAction\":[{\"@type\":\"ReadAction\",\"target\":[\"https:\\\/\\\/blumiz.com\\\/fr\\\/produit\\\/amnesia-cbd\\\/\"]}]},{\"@type\":\"ImageObject\",\"inLanguage\":\"fr-FR\",\"@id\":\"https:\\\/\\\/blumiz.com\\\/fr\\\/produit\\\/amnesia-cbd\\\/#primaryimage\",\"url\":\"https:\\\/\\\/blumiz.com\\\/wp-content\\\/uploads\\\/2022\\\/08\\\/AMNESIA-BAG-BLUMIZ.webp\",\"contentUrl\":\"https:\\\/\\\/blumiz.com\\\/wp-content\\\/uploads\\\/2022\\\/08\\\/AMNESIA-BAG-BLUMIZ.webp\",\"width\":600,\"height\":600},{\"@type\":\"BreadcrumbList\",\"@id\":\"https:\\\/\\\/blumiz.com\\\/fr\\\/produit\\\/amnesia-cbd\\\/#breadcrumb\",\"itemListElement\":[{\"@type\":\"ListItem\",\"position\":1,\"name\":\"Blumiz\",\"item\":\"https:\\\/\\\/blumiz.com\\\/fr\\\/\"},{\"@type\":\"ListItem\",\"position\":2,\"name\":\"CBD Shop\",\"item\":\"https:\\\/\\\/blumiz.com\\\/fr\\\/acheter-cbd-shop\\\/\"},{\"@type\":\"ListItem\",\"position\":3,\"name\":\"Fleurs de CBD\",\"item\":\"https:\\\/\\\/blumiz.com\\\/fr\\\/category\\\/fleurs-de-cbd\\\/\"},{\"@type\":\"ListItem\",\"position\":4,\"name\":\"Amnesia &#8211; Fleur CBD 22%.\"}]},{\"@type\":\"WebSite\",\"@id\":\"https:\\\/\\\/blumiz.com\\\/fr\\\/#website\",\"url\":\"https:\\\/\\\/blumiz.com\\\/fr\\\/\",\"name\":\"Blumiz - Premium CBD\",\"description\":\"Blumiz, Cannabis specialist\",\"publisher\":{\"@id\":\"https:\\\/\\\/blumiz.com\\\/fr\\\/#organization\"},\"alternateName\":\"Blumiz\",\"potentialAction\":[{\"@type\":\"SearchAction\",\"target\":{\"@type\":\"EntryPoint\",\"urlTemplate\":\"https:\\\/\\\/blumiz.com\\\/fr\\\/?s={search_term_string}\"},\"query-input\":{\"@type\":\"PropertyValueSpecification\",\"valueRequired\":true,\"valueName\":\"search_term_string\"}}],\"inLanguage\":\"fr-FR\"},{\"@type\":\"Organization\",\"@id\":\"https:\\\/\\\/blumiz.com\\\/fr\\\/#organization\",\"name\":\"Blumiz CBD\",\"alternateName\":\"Blumiz\",\"url\":\"https:\\\/\\\/blumiz.com\\\/fr\\\/\",\"logo\":{\"@type\":\"ImageObject\",\"inLanguage\":\"fr-FR\",\"@id\":\"https:\\\/\\\/blumiz.com\\\/fr\\\/#\\\/schema\\\/logo\\\/image\\\/\",\"url\":\"https:\\\/\\\/blumiz.com\\\/wp-content\\\/uploads\\\/2026\\\/02\\\/cropped-Blumiz-CBD-logo.webp\",\"contentUrl\":\"https:\\\/\\\/blumiz.com\\\/wp-content\\\/uploads\\\/2026\\\/02\\\/cropped-Blumiz-CBD-logo.webp\",\"width\":2547,\"height\":778,\"caption\":\"Blumiz CBD\"},\"image\":{\"@id\":\"https:\\\/\\\/blumiz.com\\\/fr\\\/#\\\/schema\\\/logo\\\/image\\\/\"}}]}<\/script>\n<meta property=\"og:availability\" content=\"instock\" \/>\n<meta property=\"product:availability\" content=\"instock\" \/>\n<meta property=\"product:retailer_item_id\" content=\"22244\" \/>\n<meta property=\"product:condition\" content=\"new\" \/>\n<!-- \/ Yoast SEO Premium plugin. -->","yoast_head_json":{"title":"Amnesia CBD Indoor A partir de 3\u20ac\/g - Meilleures Ventes- Potentes en France","description":"Amnesia CBD Indoor \u00c0 partir de 3\u20ac\/g - Meilleure vente Potent CBD en F.. Vari\u00e9t\u00e9 l\u00e9gendaire, go\u00fbt tr\u00e8s prononc\u00e9 et taux de CBD \u00e9lev\u00e9...l\u00e9gal","robots":{"index":"index","follow":"follow","max-snippet":"max-snippet:-1","max-image-preview":"max-image-preview:large","max-video-preview":"max-video-preview:-1"},"canonical":"https:\/\/blumiz.com\/fr\/produit\/amnesia-cbd\/","og_locale":"fr_FR","og_type":"article","og_title":"Amnesia - Fleur CBD 22%.","og_description":"Amnesia - Fleur CBD 22%. Blumiz - Premium CBD","og_url":"https:\/\/blumiz.com\/fr\/produit\/amnesia-cbd\/","og_site_name":"Blumiz - Premium CBD","article_modified_time":"2025-06-02T18:10:29+00:00","og_image":[{"width":600,"height":600,"url":"https:\/\/blumiz.com\/wp-content\/uploads\/2022\/08\/AMNESIA-BAG-BLUMIZ.webp","type":"image\/webp"}],"twitter_card":"summary_large_image","twitter_misc":{"Disponibilit\u00e9":"En stock"},"schema":{"@context":"https:\/\/schema.org","@graph":[{"@type":"WebPage","@id":"https:\/\/blumiz.com\/fr\/produit\/amnesia-cbd\/","url":"https:\/\/blumiz.com\/fr\/produit\/amnesia-cbd\/","name":"Amnesia CBD Indoor A partir de 3\u20ac\/g - Meilleures Ventes- Potentes en France","isPartOf":{"@id":"https:\/\/blumiz.com\/fr\/#website"},"primaryImageOfPage":{"@id":"https:\/\/blumiz.com\/fr\/produit\/amnesia-cbd\/#primaryimage"},"image":{"@id":"https:\/\/blumiz.com\/fr\/produit\/amnesia-cbd\/#primaryimage"},"thumbnailUrl":"https:\/\/blumiz.com\/wp-content\/uploads\/2022\/08\/AMNESIA-BAG-BLUMIZ.webp","datePublished":"2021-02-17T18:14:38+00:00","dateModified":"2025-06-02T18:10:29+00:00","description":"Amnesia CBD Indoor \u00c0 partir de 3\u20ac\/g - Meilleure vente Potent CBD en F.. Vari\u00e9t\u00e9 l\u00e9gendaire, go\u00fbt tr\u00e8s prononc\u00e9 et taux de CBD \u00e9lev\u00e9...l\u00e9gal","breadcrumb":{"@id":"https:\/\/blumiz.com\/fr\/produit\/amnesia-cbd\/#breadcrumb"},"inLanguage":"fr-FR","potentialAction":[{"@type":"ReadAction","target":["https:\/\/blumiz.com\/fr\/produit\/amnesia-cbd\/"]}]},{"@type":"ImageObject","inLanguage":"fr-FR","@id":"https:\/\/blumiz.com\/fr\/produit\/amnesia-cbd\/#primaryimage","url":"https:\/\/blumiz.com\/wp-content\/uploads\/2022\/08\/AMNESIA-BAG-BLUMIZ.webp","contentUrl":"https:\/\/blumiz.com\/wp-content\/uploads\/2022\/08\/AMNESIA-BAG-BLUMIZ.webp","width":600,"height":600},{"@type":"BreadcrumbList","@id":"https:\/\/blumiz.com\/fr\/produit\/amnesia-cbd\/#breadcrumb","itemListElement":[{"@type":"ListItem","position":1,"name":"Blumiz","item":"https:\/\/blumiz.com\/fr\/"},{"@type":"ListItem","position":2,"name":"CBD Shop","item":"https:\/\/blumiz.com\/fr\/acheter-cbd-shop\/"},{"@type":"ListItem","position":3,"name":"Fleurs de CBD","item":"https:\/\/blumiz.com\/fr\/category\/fleurs-de-cbd\/"},{"@type":"ListItem","position":4,"name":"Amnesia &#8211; Fleur CBD 22%."}]},{"@type":"WebSite","@id":"https:\/\/blumiz.com\/fr\/#website","url":"https:\/\/blumiz.com\/fr\/","name":"Blumiz - Premium CBD","description":"Blumiz, Cannabis specialist","publisher":{"@id":"https:\/\/blumiz.com\/fr\/#organization"},"alternateName":"Blumiz","potentialAction":[{"@type":"SearchAction","target":{"@type":"EntryPoint","urlTemplate":"https:\/\/blumiz.com\/fr\/?s={search_term_string}"},"query-input":{"@type":"PropertyValueSpecification","valueRequired":true,"valueName":"search_term_string"}}],"inLanguage":"fr-FR"},{"@type":"Organization","@id":"https:\/\/blumiz.com\/fr\/#organization","name":"Blumiz CBD","alternateName":"Blumiz","url":"https:\/\/blumiz.com\/fr\/","logo":{"@type":"ImageObject","inLanguage":"fr-FR","@id":"https:\/\/blumiz.com\/fr\/#\/schema\/logo\/image\/","url":"https:\/\/blumiz.com\/wp-content\/uploads\/2026\/02\/cropped-Blumiz-CBD-logo.webp","contentUrl":"https:\/\/blumiz.com\/wp-content\/uploads\/2026\/02\/cropped-Blumiz-CBD-logo.webp","width":2547,"height":778,"caption":"Blumiz CBD"},"image":{"@id":"https:\/\/blumiz.com\/fr\/#\/schema\/logo\/image\/"}}]},"og_availability":"instock","product_availability":"instock","product_retailer_item_id":"22244","product_condition":"new"},"_links":{"self":[{"href":"https:\/\/blumiz.com\/fr\/wp-json\/wp\/v2\/product\/7969","targetHints":{"allow":["GET"]}}],"collection":[{"href":"https:\/\/blumiz.com\/fr\/wp-json\/wp\/v2\/product"}],"about":[{"href":"https:\/\/blumiz.com\/fr\/wp-json\/wp\/v2\/types\/product"}],"replies":[{"embeddable":true,"href":"https:\/\/blumiz.com\/fr\/wp-json\/wp\/v2\/comments?post=7969"}],"version-history":[{"count":0,"href":"https:\/\/blumiz.com\/fr\/wp-json\/wp\/v2\/product\/7969\/revisions"}],"wp:featuredmedia":[{"embeddable":true,"href":"https:\/\/blumiz.com\/fr\/wp-json\/wp\/v2\/media\/6671"}],"wp:attachment":[{"href":"https:\/\/blumiz.com\/fr\/wp-json\/wp\/v2\/media?parent=7969"}],"wp:term":[{"taxonomy":"product_brand","embeddable":true,"href":"https:\/\/blumiz.com\/fr\/wp-json\/wp\/v2\/product_brand?post=7969"},{"taxonomy":"product_cat","embeddable":true,"href":"https:\/\/blumiz.com\/fr\/wp-json\/wp\/v2\/product_cat?post=7969"},{"taxonomy":"product_tag","embeddable":true,"href":"https:\/\/blumiz.com\/fr\/wp-json\/wp\/v2\/product_tag?post=7969"}],"curies":[{"name":"wp","href":"https:\/\/api.w.org\/{rel}","templated":true}]}}