{"id":7977,"date":"2021-03-01T07:51:29","date_gmt":"2021-03-01T06:51:29","guid":{"rendered":"https:\/\/blumiz.com\/produkt\/bubba-kush-fleur-cbd-8\/"},"modified":"2025-02-06T21:38:26","modified_gmt":"2025-02-06T20:38:26","slug":"bubba-kush-cbd","status":"publish","type":"product","link":"https:\/\/blumiz.com\/fr\/produit\/bubba-kush-cbd\/","title":{"rendered":"Bubba Kush &#8211; Fleur CBD 8%."},"content":{"rendered":"<h2><span style=\"color: #107d85;\">Fleur CBD Bubba Kush Outdoor 8%<\/span><\/h2>\n<h4><span style=\"color: #ff6600;\"><strong>combinaison<\/strong> exceptionnelle de vari\u00e9t\u00e9s de bubble gum et de kush \u00e0 dominance indica<\/span><\/h4>\n<p>Vous succomberez \u00e0 cette vari\u00e9t\u00e9 de Fleur CBD Outdoor qui n&#8217;a pas acquis sa renomm\u00e9e par hasard !<br \/>\nLa Bubba Kush est une vari\u00e9t\u00e9 hybride en provenance directe des \u00c9tats-Unis. Elle est issue d&#8217;un croisement entre la fleur cbd Bubble Gum et la Kush, qui lui conf\u00e8rent ce go\u00fbt unique, avec des ar\u00f4mes de caf\u00e9 \u00e9pic\u00e9 et de fruits exotiques, avec de petites notes terreuses. Un autre avantage de la Bubba Kush CBD sont ses t\u00eates denses et compactes et ses feuilles de couleur violette, si caract\u00e9ristiques de cette esp\u00e8ce.<\/p>\n<p>Cette Bubba Kush CBD \u00e0 concentration moyenne avec 8% de cannabidiol s&#8217;adresse aux consommateurs plus exp\u00e9riment\u00e9s comme aux novices. Le go\u00fbt du chanvre n&#8217;est pas prononc\u00e9, ce qui s\u00e9duira les papilles les plus avides de saveurs douces et gourmandes.<\/p>\n<p>En infusion avec du lait pour am\u00e9liorer le go\u00fbt ou en vaporisation, la fleur cbd Bubba Kush vous donnera pleine satisfaction.<\/p>\n<h4><span style=\"color: #ff6600;\">parfum Bubba Kush CBD<\/span><\/h4>\n<p>Bubba Kush Outdoor est une fleur aux ar\u00f4mes prononc\u00e9s gr\u00e2ce \u00e0 sa culture en ext\u00e9rieur. Cette fleur \u00e9tait en plein soleil. C&#8217;est pourquoi elle profite de feuilles et de trichomes aussi color\u00e9s. Cette fleur issue de l&#8217;agriculture biologique contr\u00f4l\u00e9e ne contient pas de pesticides.<\/p>\n<h4><span style=\"color: #ff6600;\">Effets de la Bubba Kush<\/span><\/h4>\n<p>La Bubba Kush d\u00e9tend votre corps et votre esprit, mais n&#8217;a pas d&#8217;effets psychoactifs.<\/p>\n<p>Nos Fleur CBD n&#8217;ont pas d&#8217;effet narcotique : non seulement elles ne cr\u00e9ent pas de d\u00e9pendance au cannabidiol, mais elles calment et d\u00e9tendent le corps et l&#8217;esprit de mani\u00e8re naturelle et saine. Et pourquoi ? En effet, elles ne contiennent aucune trace de THC.<\/p>\n<p>Si vous recherchez d&#8217;autres vari\u00e9t\u00e9s \u00e0 un bon prix, nous vous recommandons \u00e9galement d&#8217;essayer notre <a href=\"https:\/\/blumiz.com\/produit\/skunk-cbd-original\/\">Skunk Original<\/a> ou notre <a href=\"https:\/\/blumiz.com\/produit\/cbd-small-bud-indoor-mix-9\/\">Small Buds Mix Indoor<\/a>.<\/p>\n<p>Si vous recherchez une vari\u00e9t\u00e9 de qualit\u00e9 sup\u00e9rieure, nous vous recommandons <a href=\"https:\/\/blumiz.com\/produit\/ivory-cbd\/\">Ivory<\/a> ou <a href=\"https:\/\/blumiz.com\/produit\/amnesia-cbd\/\">Amnesia<\/a>.<\/p>\n<h4><\/h4>\n<h4><span style=\"color: #ff6600;\">Notre site <strong><a style=\"color: #ff6600;\" href=\"\/?product_cat=cbd-blueten\">Fleur CBD est une boutique de produits de qualit\u00e9.<\/a><\/strong> est synonyme de normes de qualit\u00e9 \u00e9lev\u00e9es et de produits tri\u00e9s sur le volet<\/span><\/h4>\n<p>Les Fleur CBD sont disponibles en diff\u00e9rents ar\u00f4mes et concentrations de CBD. Nos Fleur CBD sont soumises \u00e0 des crit\u00e8res de qualit\u00e9 externes stricts. Nos produits sont aussi vendus en tant que mati\u00e8res premi\u00e8res et sont exempts d&#8217;additifs chimiques et d&#8217;impuret\u00e9s.<\/p>\n<p>D\u00e9couvrez ici \u00e9galement notre <a href=\"https:\/\/blumiz.com\/fr\/category\/hash-et-concentres\/\">HASH CBD<\/a><\/p>\n<p>Une question, vous avez besoin d&#8217;aide ? <a href=\"https:\/\/blumiz.com\/hilfe-und-faqs\/\">Cliquez ici pour d\u00e9couvrir notre centre d&#8217;aide.<\/a><\/p>\n<p>D\u00e9couvrez nos <a href=\"https:\/\/blumiz.com\/fr\/category\/headshop\/\">produits et accessoires Headshop<\/a> pour profiter de vos vari\u00e9t\u00e9s pr\u00e9f\u00e9r\u00e9es<\/p>\n<h4><span style=\"color: #ff6600;\">Commander chez Blumiz signifie<\/span><\/h4>\n<p>&#8211; Livraison rapide, discr\u00e8te et inodore<br \/>\n&#8211; Produits certifi\u00e9s de qualit\u00e9 et en laboratoire<br \/>\n&#8211; Des prix imbattables, car nous fabriquons nos propres produits<\/p>\n","protected":false},"excerpt":{"rendered":"<h4><span style=\"color: #107d85;\">Fleur CBD Bubba Kush Outdoor 8<\/span><\/h4>\n<p>La fleur hybride Bubba Kush CBD 8% Outdoor avec des ar\u00f4mes exotiques de caf\u00e9 \u00e9pic\u00e9.<\/p>\n<p>Bubba Kush, une fleur de CBD sur le podium de nos meilleures ventes. Ce nom vous est probablement familier. Cette vari\u00e9t\u00e9 unique se caract\u00e9rise par son ar\u00f4me de caf\u00e9 \u00e9pic\u00e9 et ses d\u00e9licieux ar\u00f4mes exotiques avec de l\u00e9g\u00e8res notes terreuses. M\u00eame les palais les plus fins ne pourront pas s&#8217;en passer !<\/p>\n","protected":false},"featured_media":6711,"comment_status":"open","ping_status":"closed","template":"","meta":{"site-sidebar-layout":"default","site-content-layout":"default","ast-site-content-layout":"default","site-content-style":"default","site-sidebar-style":"default","ast-global-header-display":"","ast-banner-title-visibility":"","ast-main-header-display":"","ast-hfb-above-header-display":"","ast-hfb-below-header-display":"","ast-hfb-mobile-header-display":"","site-post-title":"","ast-breadcrumbs-content":"","ast-featured-img":"","footer-sml-layout":"","ast-disable-related-posts":"","theme-transparent-header-meta":"default","adv-header-id-meta":"","stick-header-meta":"default","header-above-stick-meta":"","header-main-stick-meta":"","header-below-stick-meta":"","astra-migrate-meta-layouts":"default","ast-page-background-enabled":"default","ast-page-background-meta":{"desktop":{"background-color":"","background-image":"","background-repeat":"repeat","background-position":"center center","background-size":"auto","background-attachment":"scroll","background-type":"","background-media":"","overlay-type":"","overlay-color":"","overlay-opacity":"","overlay-gradient":""},"tablet":{"background-color":"","background-image":"","background-repeat":"repeat","background-position":"center center","background-size":"auto","background-attachment":"scroll","background-type":"","background-media":"","overlay-type":"","overlay-color":"","overlay-opacity":"","overlay-gradient":""},"mobile":{"background-color":"","background-image":"","background-repeat":"repeat","background-position":"center center","background-size":"auto","background-attachment":"scroll","background-type":"","background-media":"","overlay-type":"","overlay-color":"","overlay-opacity":"","overlay-gradient":""}},"ast-content-background-meta":{"desktop":{"background-color":"var(--ast-global-color-5)","background-image":"","background-repeat":"repeat","background-position":"center center","background-size":"auto","background-attachment":"scroll","background-type":"","background-media":"","overlay-type":"","overlay-color":"","overlay-opacity":"","overlay-gradient":""},"tablet":{"background-color":"var(--ast-global-color-5)","background-image":"","background-repeat":"repeat","background-position":"center center","background-size":"auto","background-attachment":"scroll","background-type":"","background-media":"","overlay-type":"","overlay-color":"","overlay-opacity":"","overlay-gradient":""},"mobile":{"background-color":"var(--ast-global-color-5)","background-image":"","background-repeat":"repeat","background-position":"center center","background-size":"auto","background-attachment":"scroll","background-type":"","background-media":"","overlay-type":"","overlay-color":"","overlay-opacity":"","overlay-gradient":""}}},"product_brand":[],"product_cat":[304,164,167,161,166],"product_tag":[202,205],"class_list":{"0":"post-7977","1":"product","2":"type-product","3":"status-publish","4":"has-post-thumbnail","6":"product_cat-cbd-fr","7":"product_cat-fleur-cbd-pas-cher","8":"product_cat-fleur-cbd-puissante","9":"product_cat-fleurs-de-cbd","10":"product_cat-fleur-cbd-outdoor","11":"product_tag-fleurs-cbd-puissantes","12":"product_tag-outdoor-cbd-fr","13":"pa_cbd-rate-0-a-10-cbd","14":"pa_kategorie-fleur-cbd-puissante","15":"pa_kategorie-indoor-fr","16":"desktop-align-left","17":"tablet-align-center","18":"mobile-align-left","19":"ast-product-gallery-layout-vertical","20":"ast-magnify-disabled","21":"ast-product-single-variable","22":"ast-product-tabs-layout-horizontal","24":"first","25":"instock","26":"taxable","27":"shipping-taxable","28":"purchasable","29":"product-type-variable"},"yoast_head":"<!-- This site is optimized with the Yoast SEO Premium plugin v27.2 (Yoast SEO v27.4) - https:\/\/yoast.com\/product\/yoast-seo-premium-wordpress\/ -->\n<title>Bubba Kush CBD 8% outdoor \u00e0 partir de 1,9\u20ac\/g - Top Cannabis l\u00e9gal CBD<\/title>\n<meta name=\"description\" content=\"Bubba Kush BCBD 8% Outdoor \u00e0 partir de 1,9\u20ac\/g - Bubba Kush, une vari\u00e9t\u00e9 hybride originaire des \u00c9tats-Unis, issue d&#039;un croisement entre la cbd Bubble Gum et la Kush.\" \/>\n<meta name=\"robots\" content=\"index, follow, max-snippet:-1, max-image-preview:large, max-video-preview:-1\" \/>\n<link rel=\"canonical\" href=\"https:\/\/blumiz.com\/fr\/produit\/bubba-kush-cbd\/\" \/>\n<meta property=\"og:locale\" content=\"fr_FR\" \/>\n<meta property=\"og:type\" content=\"article\" \/>\n<meta property=\"og:title\" content=\"Bubba Kush - Fleur CBD 8%.\" \/>\n<meta property=\"og:description\" content=\"Bubba Kush - Fleur CBD 8%. Blumiz - Premium CBD\" \/>\n<meta property=\"og:url\" content=\"https:\/\/blumiz.com\/fr\/produit\/bubba-kush-cbd\/\" \/>\n<meta property=\"og:site_name\" content=\"Blumiz - Premium CBD\" \/>\n<meta property=\"article:modified_time\" content=\"2025-02-06T20:38:26+00:00\" \/>\n<meta property=\"og:image\" content=\"https:\/\/blumiz.com\/wp-content\/uploads\/2022\/08\/BUBBA-KUSH-BLUMIZ.webp\" \/>\n\t<meta property=\"og:image:width\" content=\"600\" \/>\n\t<meta property=\"og:image:height\" content=\"600\" \/>\n\t<meta property=\"og:image:type\" content=\"image\/webp\" \/>\n<meta name=\"twitter:card\" content=\"summary_large_image\" \/>\n<meta name=\"twitter:label1\" content=\"Disponibilit\u00e9\" \/>\n\t<meta name=\"twitter:data1\" content=\"En stock\" \/>\n<script type=\"application\/ld+json\" class=\"yoast-schema-graph\">{\"@context\":\"https:\\\/\\\/schema.org\",\"@graph\":[{\"@type\":\"WebPage\",\"@id\":\"https:\\\/\\\/blumiz.com\\\/fr\\\/produit\\\/bubba-kush-cbd\\\/\",\"url\":\"https:\\\/\\\/blumiz.com\\\/fr\\\/produit\\\/bubba-kush-cbd\\\/\",\"name\":\"Bubba Kush CBD 8% outdoor \u00e0 partir de 1,9\u20ac\\\/g - Top Cannabis l\u00e9gal CBD\",\"isPartOf\":{\"@id\":\"https:\\\/\\\/blumiz.com\\\/fr\\\/#website\"},\"primaryImageOfPage\":{\"@id\":\"https:\\\/\\\/blumiz.com\\\/fr\\\/produit\\\/bubba-kush-cbd\\\/#primaryimage\"},\"image\":{\"@id\":\"https:\\\/\\\/blumiz.com\\\/fr\\\/produit\\\/bubba-kush-cbd\\\/#primaryimage\"},\"thumbnailUrl\":\"https:\\\/\\\/blumiz.com\\\/wp-content\\\/uploads\\\/2022\\\/08\\\/BUBBA-KUSH-BLUMIZ.webp\",\"datePublished\":\"2021-03-01T06:51:29+00:00\",\"dateModified\":\"2025-02-06T20:38:26+00:00\",\"description\":\"Bubba Kush BCBD 8% Outdoor \u00e0 partir de 1,9\u20ac\\\/g - Bubba Kush, une vari\u00e9t\u00e9 hybride originaire des \u00c9tats-Unis, issue d'un croisement entre la cbd Bubble Gum et la Kush.\",\"breadcrumb\":{\"@id\":\"https:\\\/\\\/blumiz.com\\\/fr\\\/produit\\\/bubba-kush-cbd\\\/#breadcrumb\"},\"inLanguage\":\"fr-FR\",\"potentialAction\":[{\"@type\":\"ReadAction\",\"target\":[\"https:\\\/\\\/blumiz.com\\\/fr\\\/produit\\\/bubba-kush-cbd\\\/\"]}]},{\"@type\":\"ImageObject\",\"inLanguage\":\"fr-FR\",\"@id\":\"https:\\\/\\\/blumiz.com\\\/fr\\\/produit\\\/bubba-kush-cbd\\\/#primaryimage\",\"url\":\"https:\\\/\\\/blumiz.com\\\/wp-content\\\/uploads\\\/2022\\\/08\\\/BUBBA-KUSH-BLUMIZ.webp\",\"contentUrl\":\"https:\\\/\\\/blumiz.com\\\/wp-content\\\/uploads\\\/2022\\\/08\\\/BUBBA-KUSH-BLUMIZ.webp\",\"width\":600,\"height\":600},{\"@type\":\"BreadcrumbList\",\"@id\":\"https:\\\/\\\/blumiz.com\\\/fr\\\/produit\\\/bubba-kush-cbd\\\/#breadcrumb\",\"itemListElement\":[{\"@type\":\"ListItem\",\"position\":1,\"name\":\"Blumiz\",\"item\":\"https:\\\/\\\/blumiz.com\\\/fr\\\/\"},{\"@type\":\"ListItem\",\"position\":2,\"name\":\"CBD Shop\",\"item\":\"https:\\\/\\\/blumiz.com\\\/fr\\\/acheter-cbd-shop\\\/\"},{\"@type\":\"ListItem\",\"position\":3,\"name\":\"Fleurs de CBD\",\"item\":\"https:\\\/\\\/blumiz.com\\\/fr\\\/category\\\/fleurs-de-cbd\\\/\"},{\"@type\":\"ListItem\",\"position\":4,\"name\":\"Bubba Kush &#8211; Fleur CBD 8%.\"}]},{\"@type\":\"WebSite\",\"@id\":\"https:\\\/\\\/blumiz.com\\\/fr\\\/#website\",\"url\":\"https:\\\/\\\/blumiz.com\\\/fr\\\/\",\"name\":\"Blumiz - Premium CBD\",\"description\":\"Blumiz, Cannabis specialist\",\"publisher\":{\"@id\":\"https:\\\/\\\/blumiz.com\\\/fr\\\/#organization\"},\"alternateName\":\"Blumiz\",\"potentialAction\":[{\"@type\":\"SearchAction\",\"target\":{\"@type\":\"EntryPoint\",\"urlTemplate\":\"https:\\\/\\\/blumiz.com\\\/fr\\\/?s={search_term_string}\"},\"query-input\":{\"@type\":\"PropertyValueSpecification\",\"valueRequired\":true,\"valueName\":\"search_term_string\"}}],\"inLanguage\":\"fr-FR\"},{\"@type\":\"Organization\",\"@id\":\"https:\\\/\\\/blumiz.com\\\/fr\\\/#organization\",\"name\":\"Blumiz CBD\",\"alternateName\":\"Blumiz\",\"url\":\"https:\\\/\\\/blumiz.com\\\/fr\\\/\",\"logo\":{\"@type\":\"ImageObject\",\"inLanguage\":\"fr-FR\",\"@id\":\"https:\\\/\\\/blumiz.com\\\/fr\\\/#\\\/schema\\\/logo\\\/image\\\/\",\"url\":\"https:\\\/\\\/blumiz.com\\\/wp-content\\\/uploads\\\/2026\\\/02\\\/cropped-Blumiz-CBD-logo.webp\",\"contentUrl\":\"https:\\\/\\\/blumiz.com\\\/wp-content\\\/uploads\\\/2026\\\/02\\\/cropped-Blumiz-CBD-logo.webp\",\"width\":2547,\"height\":778,\"caption\":\"Blumiz CBD\"},\"image\":{\"@id\":\"https:\\\/\\\/blumiz.com\\\/fr\\\/#\\\/schema\\\/logo\\\/image\\\/\"}}]}<\/script>\n<meta property=\"og:availability\" content=\"instock\" \/>\n<meta property=\"product:availability\" content=\"instock\" \/>\n<meta property=\"product:retailer_item_id\" content=\"396454\" \/>\n<meta property=\"product:condition\" content=\"new\" \/>\n<!-- \/ Yoast SEO Premium plugin. -->","yoast_head_json":{"title":"Bubba Kush CBD 8% outdoor \u00e0 partir de 1,9\u20ac\/g - Top Cannabis l\u00e9gal CBD","description":"Bubba Kush BCBD 8% Outdoor \u00e0 partir de 1,9\u20ac\/g - Bubba Kush, une vari\u00e9t\u00e9 hybride originaire des \u00c9tats-Unis, issue d'un croisement entre la cbd Bubble Gum et la Kush.","robots":{"index":"index","follow":"follow","max-snippet":"max-snippet:-1","max-image-preview":"max-image-preview:large","max-video-preview":"max-video-preview:-1"},"canonical":"https:\/\/blumiz.com\/fr\/produit\/bubba-kush-cbd\/","og_locale":"fr_FR","og_type":"article","og_title":"Bubba Kush - Fleur CBD 8%.","og_description":"Bubba Kush - Fleur CBD 8%. Blumiz - Premium CBD","og_url":"https:\/\/blumiz.com\/fr\/produit\/bubba-kush-cbd\/","og_site_name":"Blumiz - Premium CBD","article_modified_time":"2025-02-06T20:38:26+00:00","og_image":[{"width":600,"height":600,"url":"https:\/\/blumiz.com\/wp-content\/uploads\/2022\/08\/BUBBA-KUSH-BLUMIZ.webp","type":"image\/webp"}],"twitter_card":"summary_large_image","twitter_misc":{"Disponibilit\u00e9":"En stock"},"schema":{"@context":"https:\/\/schema.org","@graph":[{"@type":"WebPage","@id":"https:\/\/blumiz.com\/fr\/produit\/bubba-kush-cbd\/","url":"https:\/\/blumiz.com\/fr\/produit\/bubba-kush-cbd\/","name":"Bubba Kush CBD 8% outdoor \u00e0 partir de 1,9\u20ac\/g - Top Cannabis l\u00e9gal CBD","isPartOf":{"@id":"https:\/\/blumiz.com\/fr\/#website"},"primaryImageOfPage":{"@id":"https:\/\/blumiz.com\/fr\/produit\/bubba-kush-cbd\/#primaryimage"},"image":{"@id":"https:\/\/blumiz.com\/fr\/produit\/bubba-kush-cbd\/#primaryimage"},"thumbnailUrl":"https:\/\/blumiz.com\/wp-content\/uploads\/2022\/08\/BUBBA-KUSH-BLUMIZ.webp","datePublished":"2021-03-01T06:51:29+00:00","dateModified":"2025-02-06T20:38:26+00:00","description":"Bubba Kush BCBD 8% Outdoor \u00e0 partir de 1,9\u20ac\/g - Bubba Kush, une vari\u00e9t\u00e9 hybride originaire des \u00c9tats-Unis, issue d'un croisement entre la cbd Bubble Gum et la Kush.","breadcrumb":{"@id":"https:\/\/blumiz.com\/fr\/produit\/bubba-kush-cbd\/#breadcrumb"},"inLanguage":"fr-FR","potentialAction":[{"@type":"ReadAction","target":["https:\/\/blumiz.com\/fr\/produit\/bubba-kush-cbd\/"]}]},{"@type":"ImageObject","inLanguage":"fr-FR","@id":"https:\/\/blumiz.com\/fr\/produit\/bubba-kush-cbd\/#primaryimage","url":"https:\/\/blumiz.com\/wp-content\/uploads\/2022\/08\/BUBBA-KUSH-BLUMIZ.webp","contentUrl":"https:\/\/blumiz.com\/wp-content\/uploads\/2022\/08\/BUBBA-KUSH-BLUMIZ.webp","width":600,"height":600},{"@type":"BreadcrumbList","@id":"https:\/\/blumiz.com\/fr\/produit\/bubba-kush-cbd\/#breadcrumb","itemListElement":[{"@type":"ListItem","position":1,"name":"Blumiz","item":"https:\/\/blumiz.com\/fr\/"},{"@type":"ListItem","position":2,"name":"CBD Shop","item":"https:\/\/blumiz.com\/fr\/acheter-cbd-shop\/"},{"@type":"ListItem","position":3,"name":"Fleurs de CBD","item":"https:\/\/blumiz.com\/fr\/category\/fleurs-de-cbd\/"},{"@type":"ListItem","position":4,"name":"Bubba Kush &#8211; Fleur CBD 8%."}]},{"@type":"WebSite","@id":"https:\/\/blumiz.com\/fr\/#website","url":"https:\/\/blumiz.com\/fr\/","name":"Blumiz - Premium CBD","description":"Blumiz, Cannabis specialist","publisher":{"@id":"https:\/\/blumiz.com\/fr\/#organization"},"alternateName":"Blumiz","potentialAction":[{"@type":"SearchAction","target":{"@type":"EntryPoint","urlTemplate":"https:\/\/blumiz.com\/fr\/?s={search_term_string}"},"query-input":{"@type":"PropertyValueSpecification","valueRequired":true,"valueName":"search_term_string"}}],"inLanguage":"fr-FR"},{"@type":"Organization","@id":"https:\/\/blumiz.com\/fr\/#organization","name":"Blumiz CBD","alternateName":"Blumiz","url":"https:\/\/blumiz.com\/fr\/","logo":{"@type":"ImageObject","inLanguage":"fr-FR","@id":"https:\/\/blumiz.com\/fr\/#\/schema\/logo\/image\/","url":"https:\/\/blumiz.com\/wp-content\/uploads\/2026\/02\/cropped-Blumiz-CBD-logo.webp","contentUrl":"https:\/\/blumiz.com\/wp-content\/uploads\/2026\/02\/cropped-Blumiz-CBD-logo.webp","width":2547,"height":778,"caption":"Blumiz CBD"},"image":{"@id":"https:\/\/blumiz.com\/fr\/#\/schema\/logo\/image\/"}}]},"og_availability":"instock","product_availability":"instock","product_retailer_item_id":"396454","product_condition":"new"},"_links":{"self":[{"href":"https:\/\/blumiz.com\/fr\/wp-json\/wp\/v2\/product\/7977","targetHints":{"allow":["GET"]}}],"collection":[{"href":"https:\/\/blumiz.com\/fr\/wp-json\/wp\/v2\/product"}],"about":[{"href":"https:\/\/blumiz.com\/fr\/wp-json\/wp\/v2\/types\/product"}],"replies":[{"embeddable":true,"href":"https:\/\/blumiz.com\/fr\/wp-json\/wp\/v2\/comments?post=7977"}],"version-history":[{"count":0,"href":"https:\/\/blumiz.com\/fr\/wp-json\/wp\/v2\/product\/7977\/revisions"}],"wp:featuredmedia":[{"embeddable":true,"href":"https:\/\/blumiz.com\/fr\/wp-json\/wp\/v2\/media\/6711"}],"wp:attachment":[{"href":"https:\/\/blumiz.com\/fr\/wp-json\/wp\/v2\/media?parent=7977"}],"wp:term":[{"taxonomy":"product_brand","embeddable":true,"href":"https:\/\/blumiz.com\/fr\/wp-json\/wp\/v2\/product_brand?post=7977"},{"taxonomy":"product_cat","embeddable":true,"href":"https:\/\/blumiz.com\/fr\/wp-json\/wp\/v2\/product_cat?post=7977"},{"taxonomy":"product_tag","embeddable":true,"href":"https:\/\/blumiz.com\/fr\/wp-json\/wp\/v2\/product_tag?post=7977"}],"curies":[{"name":"wp","href":"https:\/\/api.w.org\/{rel}","templated":true}]}}