{"id":7986,"date":"2021-02-23T14:16:50","date_gmt":"2021-02-23T13:16:50","guid":{"rendered":"https:\/\/blumiz.com\/produkt\/skunk-cbd-original-fleur-cbd-19\/"},"modified":"2025-06-02T19:13:04","modified_gmt":"2025-06-02T18:13:04","slug":"skunk-cbd-original","status":"publish","type":"product","link":"https:\/\/blumiz.com\/fr\/produit\/skunk-cbd-original\/","title":{"rendered":"Skunk CBD Original &#8211; Fleur CBD 19%."},"content":{"rendered":"<h2><span style=\"color: #107d85;\">Fleur CBD Skunk Original Outdoor 19  <\/span><\/h2>\n<p>Notre c\u00e9l\u00e8bre vari\u00e9t\u00e9 : Skunk Original CBD est l&#8217;une des vari\u00e9t\u00e9s les plus vendues gr\u00e2ce \u00e0 sa teneur \u00e9lev\u00e9e en CBD et \u00e0 son faible prix !<\/p>\n<h4><span style=\"color: #ff6600;\">La Skunk, la plus c\u00e9l\u00e8bre des vari\u00e9t\u00e9s de cannabis ?<\/span><\/h4>\n<p>La CBD Flower Skunk est l&#8217;une des meilleures vari\u00e9t\u00e9s de CBD. Elle contient un taux \u00e9lev\u00e9 de CBD et un taux de THC inf\u00e9rieur \u00e0 0,2 %.  Il n&#8217;a pas d&#8217;effets psychotropes, mais pr\u00e9sente de nombreux avantages th\u00e9rapeutiques pour la sant\u00e9 et un meilleur bien-\u00eatre.<\/p>\n<h4><span style=\"color: #ff6600;\">Histoire de la Skunk<\/span><\/h4>\n<p>La skunk au CBD est l&#8217;un des grands classiques du monde du cannabidiol. Son odeur forte et piquante est caract\u00e9ristique et facilement reconnaissable. La Skunk est une cat\u00e9gorie de CBD issue d&#8217;une plante d\u00e9riv\u00e9e de la Skunk #1, cr\u00e9\u00e9e par Sam the Skunkman et son \u00e9quipe, les Sacred Seeds.<\/p>\n<p>Il a donc \u00e9t\u00e9 cr\u00e9\u00e9 dans les ann\u00e9es 1980 en Californie. Si le terme &#8220;skunk&#8221; est g\u00e9n\u00e9ralement utilis\u00e9 par les journalistes pour d\u00e9signer le cannabis charg\u00e9 en THC, la fleur de CBD Skunk a un faible taux de THC et de nombreuses vertus.<\/p>\n<h4><span style=\"color: #ff6600;\">G\u00e9n\u00e9tique et ar\u00f4mes<\/span><\/h4>\n<p>C&#8217;est un type de CBD authentique et classique. Il provient d&#8217;un m\u00e9lange de vari\u00e9t\u00e9s mexicaines, afghanes et colombiennes. Elle est compos\u00e9e \u00e0 80 % d&#8217;Indica et \u00e0 20 % de Sativa. Cette vari\u00e9t\u00e9 hybride est particuli\u00e8rement \u00e9quilibr\u00e9e.<\/p>\n<p>Elle des ar\u00f4mes fruit\u00e9s avec des notes de citron, d&#8217;\u00e9pices et quelques l\u00e9g\u00e8res nuances terreuses en arri\u00e8re-go\u00fbt. Ces ar\u00f4mes en font une Fleur CBD unique et attrayante.<\/p>\n<h4><span style=\"color: #ff6600;\">L&#8217;effet de la CBD Skunk 19% Outdoor<\/span><\/h4>\n<p>La fleur de skunk pr\u00e9sente des effets apaisants, relaxants et euphorisants. Il a des effets moins \u00e9nergisants que l&#8217;amn\u00e9sie, aide \u00e0 se d\u00e9tendre, \u00e0 lutter contre toutes les sources de stress et contre l&#8217;anxi\u00e9t\u00e9.<br \/>\nIl peut \u00e9galement aider \u00e0 pr\u00e9venir l&#8217;insomnie et les troubles du sommeil.<br \/>\nOu d\u00e9tendre les muscles, pr\u00e9venir les tensions et soulager la douleur. Enfin, ses effets euphorisants l\u00e9gers stimulent le cerveau.<\/p>\n<p>En fonction de votre mode de consommation pr\u00e9f\u00e9r\u00e9, vous profiterez rapidement des effets de la fleur de skunk et ressentirez imm\u00e9diatement un sentiment de soulagement et de d\u00e9tente, notamment en p\u00e9riode de stress.<\/p>\n<p>Si vous recherchez d&#8217;autres vari\u00e9t\u00e9s \u00e0 un bon prix, nous vous recommandons \u00e9galement d&#8217;essayer notre <a href=\"https:\/\/blumiz.com\/produit\/bubba-kush-cbd\/\">Bubba Kush<\/a>, <a href=\"https:\/\/blumiz.com\/produit\/chocolate-cbd\/\">Chocolate<\/a> ou notre <a href=\"https:\/\/blumiz.com\/produit\/cbd-small-bud-indoor-mix-9\/\">Small buds Mix Indoor<\/a>.<\/p>\n<p>Si vous recherchez une vari\u00e9t\u00e9 de qualit\u00e9 sup\u00e9rieure, nous vous recommandons <a href=\"https:\/\/blumiz.com\/produit\/ivory-cbd\/\">Ivory<\/a> ou <a href=\"https:\/\/blumiz.com\/produit\/amnesia-cbd\/\">Amnesia<\/a>.<\/p>\n<h4><\/h4>\n<h4><span style=\"color: #ff6600;\">Comment consommer la fleur de CBD Skunk<\/span><\/h4>\n<p>La fleur de CBD peut \u00eatre consomm\u00e9e en infusion ou en vaporisation, selon vos pr\u00e9f\u00e9rences.<br \/>\nSi vous optez pour l&#8217;infusion, il vous suffit de verser une tasse d&#8217;eau bouillante sur 1 gramme de fleur de CBD. Laissez infuser une dizaine de minutes pour profiter de tous les bienfaits du CBD. Vous pouvez ajouter une petite cuill\u00e8re \u00e0 caf\u00e9 d&#8217;huile v\u00e9g\u00e9tale pour faciliter l&#8217;assimilation.<br \/>\nVous pouvez vaporiser des fleurs de CBD skunk sous forme de pollen, de cristaux, de r\u00e9sine ou de fleurs s\u00e9ch\u00e9es.<br \/>\nDans les deux cas, la temp\u00e9rature de chauffage doit rester comprise entre 160 et 220 degr\u00e9s pour profiter pleinement de tous les avantages du CBD.  <\/p>\n<h4><span style=\"color: #ff6600;\">Notre <a style=\"color: #ff6600;\" href=\"\/?product_cat=cbd-blueten\">boutique de Fleur CBD<\/a> est synonyme de normes de qualit\u00e9 \u00e9lev\u00e9es et de produits tri\u00e9s sur le volet.<\/span><\/h4>\n<p>Les Fleur CBD sont disponibles en diff\u00e9rents ar\u00f4mes et concentrations de CBD. Nos Fleur CBD sont soumises \u00e0 des crit\u00e8res de qualit\u00e9 externes stricts. Nos produits sont aussi vendus en tant que mati\u00e8res premi\u00e8res et sont exempts d&#8217;additifs chimiques et d&#8217;impuret\u00e9s.<\/p>\n<p>D\u00e9couvrez ici \u00e9galement notre <a href=\"https:\/\/blumiz.com\/fr\/category\/hash-et-concentres\/\">HASH CBD<\/a><\/p>\n<p>Une question, vous avez besoin d&#8217;aide ? <a href=\"https:\/\/blumiz.com\/hilfe-und-faqs\/\">Cliquez ici pour d\u00e9couvrir notre centre d&#8217;aide.<\/a><\/p>\n<p>D\u00e9couvrez nos <a href=\"https:\/\/blumiz.com\/fr\/category\/headshop\/\">produits et accessoires Headshop<\/a> pour profiter de vos vari\u00e9t\u00e9s pr\u00e9f\u00e9r\u00e9es<\/p>\n<h4><span style=\"color: #ff6600;\">Commander chez Blumiz signifie<\/span><\/h4>\n<p>&#8211; Livraison rapide, discr\u00e8te et inodore<br \/>\n&#8211; Produits certifi\u00e9s de qualit\u00e9 et en laboratoire<br \/>\n&#8211; Des prix imbattables, car nous fabriquons nos propres produits<\/p>\n","protected":false},"excerpt":{"rendered":"<h4><span style=\"color: #107d85;\">Fleur CBD Skunk Original Outdoor 19 %.<\/span><\/h4>\n<p>Notre c\u00e9l\u00e8bre vari\u00e9t\u00e9 : Skunk Original CBD est l&#8217;une des vari\u00e9t\u00e9s les plus vendues gr\u00e2ce \u00e0 sa teneur \u00e9lev\u00e9e en CBD et \u00e0 son faible prix !<\/p>\n","protected":false},"featured_media":6684,"comment_status":"open","ping_status":"closed","template":"","meta":{"site-sidebar-layout":"default","site-content-layout":"default","ast-site-content-layout":"default","site-content-style":"default","site-sidebar-style":"default","ast-global-header-display":"","ast-banner-title-visibility":"","ast-main-header-display":"","ast-hfb-above-header-display":"","ast-hfb-below-header-display":"","ast-hfb-mobile-header-display":"","site-post-title":"","ast-breadcrumbs-content":"","ast-featured-img":"","footer-sml-layout":"","ast-disable-related-posts":"","theme-transparent-header-meta":"default","adv-header-id-meta":"","stick-header-meta":"default","header-above-stick-meta":"","header-main-stick-meta":"","header-below-stick-meta":"","astra-migrate-meta-layouts":"default","ast-page-background-enabled":"default","ast-page-background-meta":{"desktop":{"background-color":"","background-image":"","background-repeat":"repeat","background-position":"center center","background-size":"auto","background-attachment":"scroll","background-type":"","background-media":"","overlay-type":"","overlay-color":"","overlay-opacity":"","overlay-gradient":""},"tablet":{"background-color":"","background-image":"","background-repeat":"repeat","background-position":"center center","background-size":"auto","background-attachment":"scroll","background-type":"","background-media":"","overlay-type":"","overlay-color":"","overlay-opacity":"","overlay-gradient":""},"mobile":{"background-color":"","background-image":"","background-repeat":"repeat","background-position":"center center","background-size":"auto","background-attachment":"scroll","background-type":"","background-media":"","overlay-type":"","overlay-color":"","overlay-opacity":"","overlay-gradient":""}},"ast-content-background-meta":{"desktop":{"background-color":"var(--ast-global-color-5)","background-image":"","background-repeat":"repeat","background-position":"center center","background-size":"auto","background-attachment":"scroll","background-type":"","background-media":"","overlay-type":"","overlay-color":"","overlay-opacity":"","overlay-gradient":""},"tablet":{"background-color":"var(--ast-global-color-5)","background-image":"","background-repeat":"repeat","background-position":"center center","background-size":"auto","background-attachment":"scroll","background-type":"","background-media":"","overlay-type":"","overlay-color":"","overlay-opacity":"","overlay-gradient":""},"mobile":{"background-color":"var(--ast-global-color-5)","background-image":"","background-repeat":"repeat","background-position":"center center","background-size":"auto","background-attachment":"scroll","background-type":"","background-media":"","overlay-type":"","overlay-color":"","overlay-opacity":"","overlay-gradient":""}}},"product_brand":[],"product_cat":[304,164,167,161,166],"product_tag":[202,205],"class_list":{"0":"post-7986","1":"product","2":"type-product","3":"status-publish","4":"has-post-thumbnail","6":"product_cat-cbd-fr","7":"product_cat-fleur-cbd-pas-cher","8":"product_cat-fleur-cbd-puissante","9":"product_cat-fleurs-de-cbd","10":"product_cat-fleur-cbd-outdoor","11":"product_tag-fleurs-cbd-puissantes","12":"product_tag-outdoor-cbd-fr","13":"pa_cbd-rate-10-a-20-cbd","14":"pa_kategorie-fleur-cbd-pas-cher","15":"pa_kategorie-fleur-cbd-puissante","16":"pa_kategorie-outdoor-fr","17":"desktop-align-left","18":"tablet-align-center","19":"mobile-align-left","20":"ast-product-gallery-layout-vertical","21":"ast-magnify-disabled","22":"ast-product-single-variable","23":"ast-product-tabs-layout-horizontal","25":"first","26":"instock","27":"taxable","28":"shipping-taxable","29":"purchasable","30":"product-type-variable"},"yoast_head":"<!-- This site is optimized with the Yoast SEO Premium plugin v27.2 (Yoast SEO v27.5) - https:\/\/yoast.com\/product\/yoast-seo-premium-wordpress\/ -->\n<title>Skunk CBD original 19% Outdoor \u00e0 partir de 1,90\u20ac\/g Prix imbattable<\/title>\n<meta name=\"description\" content=\"Skunk CBD originale 19% Outdoor \u00e0 partir de 1,90\u20ac\/g CBD \u00e9lev\u00e9 &amp; prix bas....Une vari\u00e9t\u00e9 mythique, nous avons reproduit la Skunk originale dans une version CBD.\" \/>\n<meta name=\"robots\" content=\"index, follow, max-snippet:-1, max-image-preview:large, max-video-preview:-1\" \/>\n<link rel=\"canonical\" href=\"https:\/\/blumiz.com\/fr\/produit\/skunk-cbd-original\/\" \/>\n<meta property=\"og:locale\" content=\"fr_FR\" \/>\n<meta property=\"og:type\" content=\"article\" \/>\n<meta property=\"og:title\" content=\"Skunk CBD Original - Fleur CBD 19%.\" \/>\n<meta property=\"og:description\" content=\"Skunk CBD Original - Fleur CBD 19%. Blumiz - Premium CBD\" \/>\n<meta property=\"og:url\" content=\"https:\/\/blumiz.com\/fr\/produit\/skunk-cbd-original\/\" \/>\n<meta property=\"og:site_name\" content=\"Blumiz - Premium CBD\" \/>\n<meta property=\"article:modified_time\" content=\"2025-06-02T18:13:04+00:00\" \/>\n<meta property=\"og:image\" content=\"https:\/\/blumiz.com\/wp-content\/uploads\/2022\/08\/SKUNK-BAG-BLUMIZ.webp\" \/>\n\t<meta property=\"og:image:width\" content=\"600\" \/>\n\t<meta property=\"og:image:height\" content=\"600\" \/>\n\t<meta property=\"og:image:type\" content=\"image\/webp\" \/>\n<meta name=\"twitter:card\" content=\"summary_large_image\" \/>\n<meta name=\"twitter:label1\" content=\"Disponibilit\u00e9\" \/>\n\t<meta name=\"twitter:data1\" content=\"En stock\" \/>\n<script type=\"application\/ld+json\" class=\"yoast-schema-graph\">{\"@context\":\"https:\\\/\\\/schema.org\",\"@graph\":[{\"@type\":\"WebPage\",\"@id\":\"https:\\\/\\\/blumiz.com\\\/fr\\\/produit\\\/skunk-cbd-original\\\/\",\"url\":\"https:\\\/\\\/blumiz.com\\\/fr\\\/produit\\\/skunk-cbd-original\\\/\",\"name\":\"Skunk CBD original 19% Outdoor \u00e0 partir de 1,90\u20ac\\\/g Prix imbattable\",\"isPartOf\":{\"@id\":\"https:\\\/\\\/blumiz.com\\\/fr\\\/#website\"},\"primaryImageOfPage\":{\"@id\":\"https:\\\/\\\/blumiz.com\\\/fr\\\/produit\\\/skunk-cbd-original\\\/#primaryimage\"},\"image\":{\"@id\":\"https:\\\/\\\/blumiz.com\\\/fr\\\/produit\\\/skunk-cbd-original\\\/#primaryimage\"},\"thumbnailUrl\":\"https:\\\/\\\/blumiz.com\\\/wp-content\\\/uploads\\\/2022\\\/08\\\/SKUNK-BAG-BLUMIZ.webp\",\"datePublished\":\"2021-02-23T13:16:50+00:00\",\"dateModified\":\"2025-06-02T18:13:04+00:00\",\"description\":\"Skunk CBD originale 19% Outdoor \u00e0 partir de 1,90\u20ac\\\/g CBD \u00e9lev\u00e9 & prix bas....Une vari\u00e9t\u00e9 mythique, nous avons reproduit la Skunk originale dans une version CBD.\",\"breadcrumb\":{\"@id\":\"https:\\\/\\\/blumiz.com\\\/fr\\\/produit\\\/skunk-cbd-original\\\/#breadcrumb\"},\"inLanguage\":\"fr-FR\",\"potentialAction\":[{\"@type\":\"ReadAction\",\"target\":[\"https:\\\/\\\/blumiz.com\\\/fr\\\/produit\\\/skunk-cbd-original\\\/\"]}]},{\"@type\":\"ImageObject\",\"inLanguage\":\"fr-FR\",\"@id\":\"https:\\\/\\\/blumiz.com\\\/fr\\\/produit\\\/skunk-cbd-original\\\/#primaryimage\",\"url\":\"https:\\\/\\\/blumiz.com\\\/wp-content\\\/uploads\\\/2022\\\/08\\\/SKUNK-BAG-BLUMIZ.webp\",\"contentUrl\":\"https:\\\/\\\/blumiz.com\\\/wp-content\\\/uploads\\\/2022\\\/08\\\/SKUNK-BAG-BLUMIZ.webp\",\"width\":600,\"height\":600},{\"@type\":\"BreadcrumbList\",\"@id\":\"https:\\\/\\\/blumiz.com\\\/fr\\\/produit\\\/skunk-cbd-original\\\/#breadcrumb\",\"itemListElement\":[{\"@type\":\"ListItem\",\"position\":1,\"name\":\"Blumiz\",\"item\":\"https:\\\/\\\/blumiz.com\\\/fr\\\/\"},{\"@type\":\"ListItem\",\"position\":2,\"name\":\"CBD Shop\",\"item\":\"https:\\\/\\\/blumiz.com\\\/fr\\\/acheter-cbd-shop\\\/\"},{\"@type\":\"ListItem\",\"position\":3,\"name\":\"Fleurs de CBD\",\"item\":\"https:\\\/\\\/blumiz.com\\\/fr\\\/category\\\/fleurs-de-cbd\\\/\"},{\"@type\":\"ListItem\",\"position\":4,\"name\":\"Skunk CBD Original &#8211; Fleur CBD 19%.\"}]},{\"@type\":\"WebSite\",\"@id\":\"https:\\\/\\\/blumiz.com\\\/fr\\\/#website\",\"url\":\"https:\\\/\\\/blumiz.com\\\/fr\\\/\",\"name\":\"Blumiz - Premium CBD\",\"description\":\"Blumiz, Cannabis specialist\",\"publisher\":{\"@id\":\"https:\\\/\\\/blumiz.com\\\/fr\\\/#organization\"},\"alternateName\":\"Blumiz\",\"potentialAction\":[{\"@type\":\"SearchAction\",\"target\":{\"@type\":\"EntryPoint\",\"urlTemplate\":\"https:\\\/\\\/blumiz.com\\\/fr\\\/?s={search_term_string}\"},\"query-input\":{\"@type\":\"PropertyValueSpecification\",\"valueRequired\":true,\"valueName\":\"search_term_string\"}}],\"inLanguage\":\"fr-FR\"},{\"@type\":\"Organization\",\"@id\":\"https:\\\/\\\/blumiz.com\\\/fr\\\/#organization\",\"name\":\"Blumiz CBD\",\"alternateName\":\"Blumiz\",\"url\":\"https:\\\/\\\/blumiz.com\\\/fr\\\/\",\"logo\":{\"@type\":\"ImageObject\",\"inLanguage\":\"fr-FR\",\"@id\":\"https:\\\/\\\/blumiz.com\\\/fr\\\/#\\\/schema\\\/logo\\\/image\\\/\",\"url\":\"https:\\\/\\\/blumiz.com\\\/wp-content\\\/uploads\\\/2026\\\/02\\\/cropped-Blumiz-CBD-logo.webp\",\"contentUrl\":\"https:\\\/\\\/blumiz.com\\\/wp-content\\\/uploads\\\/2026\\\/02\\\/cropped-Blumiz-CBD-logo.webp\",\"width\":2547,\"height\":778,\"caption\":\"Blumiz CBD\"},\"image\":{\"@id\":\"https:\\\/\\\/blumiz.com\\\/fr\\\/#\\\/schema\\\/logo\\\/image\\\/\"}}]}<\/script>\n<meta property=\"og:availability\" content=\"instock\" \/>\n<meta property=\"product:availability\" content=\"instock\" \/>\n<meta property=\"product:retailer_item_id\" content=\"43722\" \/>\n<meta property=\"product:condition\" content=\"new\" \/>\n<!-- \/ Yoast SEO Premium plugin. -->","yoast_head_json":{"title":"Skunk CBD original 19% Outdoor \u00e0 partir de 1,90\u20ac\/g Prix imbattable","description":"Skunk CBD originale 19% Outdoor \u00e0 partir de 1,90\u20ac\/g CBD \u00e9lev\u00e9 & prix bas....Une vari\u00e9t\u00e9 mythique, nous avons reproduit la Skunk originale dans une version CBD.","robots":{"index":"index","follow":"follow","max-snippet":"max-snippet:-1","max-image-preview":"max-image-preview:large","max-video-preview":"max-video-preview:-1"},"canonical":"https:\/\/blumiz.com\/fr\/produit\/skunk-cbd-original\/","og_locale":"fr_FR","og_type":"article","og_title":"Skunk CBD Original - Fleur CBD 19%.","og_description":"Skunk CBD Original - Fleur CBD 19%. Blumiz - Premium CBD","og_url":"https:\/\/blumiz.com\/fr\/produit\/skunk-cbd-original\/","og_site_name":"Blumiz - Premium CBD","article_modified_time":"2025-06-02T18:13:04+00:00","og_image":[{"width":600,"height":600,"url":"https:\/\/blumiz.com\/wp-content\/uploads\/2022\/08\/SKUNK-BAG-BLUMIZ.webp","type":"image\/webp"}],"twitter_card":"summary_large_image","twitter_misc":{"Disponibilit\u00e9":"En stock"},"schema":{"@context":"https:\/\/schema.org","@graph":[{"@type":"WebPage","@id":"https:\/\/blumiz.com\/fr\/produit\/skunk-cbd-original\/","url":"https:\/\/blumiz.com\/fr\/produit\/skunk-cbd-original\/","name":"Skunk CBD original 19% Outdoor \u00e0 partir de 1,90\u20ac\/g Prix imbattable","isPartOf":{"@id":"https:\/\/blumiz.com\/fr\/#website"},"primaryImageOfPage":{"@id":"https:\/\/blumiz.com\/fr\/produit\/skunk-cbd-original\/#primaryimage"},"image":{"@id":"https:\/\/blumiz.com\/fr\/produit\/skunk-cbd-original\/#primaryimage"},"thumbnailUrl":"https:\/\/blumiz.com\/wp-content\/uploads\/2022\/08\/SKUNK-BAG-BLUMIZ.webp","datePublished":"2021-02-23T13:16:50+00:00","dateModified":"2025-06-02T18:13:04+00:00","description":"Skunk CBD originale 19% Outdoor \u00e0 partir de 1,90\u20ac\/g CBD \u00e9lev\u00e9 & prix bas....Une vari\u00e9t\u00e9 mythique, nous avons reproduit la Skunk originale dans une version CBD.","breadcrumb":{"@id":"https:\/\/blumiz.com\/fr\/produit\/skunk-cbd-original\/#breadcrumb"},"inLanguage":"fr-FR","potentialAction":[{"@type":"ReadAction","target":["https:\/\/blumiz.com\/fr\/produit\/skunk-cbd-original\/"]}]},{"@type":"ImageObject","inLanguage":"fr-FR","@id":"https:\/\/blumiz.com\/fr\/produit\/skunk-cbd-original\/#primaryimage","url":"https:\/\/blumiz.com\/wp-content\/uploads\/2022\/08\/SKUNK-BAG-BLUMIZ.webp","contentUrl":"https:\/\/blumiz.com\/wp-content\/uploads\/2022\/08\/SKUNK-BAG-BLUMIZ.webp","width":600,"height":600},{"@type":"BreadcrumbList","@id":"https:\/\/blumiz.com\/fr\/produit\/skunk-cbd-original\/#breadcrumb","itemListElement":[{"@type":"ListItem","position":1,"name":"Blumiz","item":"https:\/\/blumiz.com\/fr\/"},{"@type":"ListItem","position":2,"name":"CBD Shop","item":"https:\/\/blumiz.com\/fr\/acheter-cbd-shop\/"},{"@type":"ListItem","position":3,"name":"Fleurs de CBD","item":"https:\/\/blumiz.com\/fr\/category\/fleurs-de-cbd\/"},{"@type":"ListItem","position":4,"name":"Skunk CBD Original &#8211; Fleur CBD 19%."}]},{"@type":"WebSite","@id":"https:\/\/blumiz.com\/fr\/#website","url":"https:\/\/blumiz.com\/fr\/","name":"Blumiz - Premium CBD","description":"Blumiz, Cannabis specialist","publisher":{"@id":"https:\/\/blumiz.com\/fr\/#organization"},"alternateName":"Blumiz","potentialAction":[{"@type":"SearchAction","target":{"@type":"EntryPoint","urlTemplate":"https:\/\/blumiz.com\/fr\/?s={search_term_string}"},"query-input":{"@type":"PropertyValueSpecification","valueRequired":true,"valueName":"search_term_string"}}],"inLanguage":"fr-FR"},{"@type":"Organization","@id":"https:\/\/blumiz.com\/fr\/#organization","name":"Blumiz CBD","alternateName":"Blumiz","url":"https:\/\/blumiz.com\/fr\/","logo":{"@type":"ImageObject","inLanguage":"fr-FR","@id":"https:\/\/blumiz.com\/fr\/#\/schema\/logo\/image\/","url":"https:\/\/blumiz.com\/wp-content\/uploads\/2026\/02\/cropped-Blumiz-CBD-logo.webp","contentUrl":"https:\/\/blumiz.com\/wp-content\/uploads\/2026\/02\/cropped-Blumiz-CBD-logo.webp","width":2547,"height":778,"caption":"Blumiz CBD"},"image":{"@id":"https:\/\/blumiz.com\/fr\/#\/schema\/logo\/image\/"}}]},"og_availability":"instock","product_availability":"instock","product_retailer_item_id":"43722","product_condition":"new"},"_links":{"self":[{"href":"https:\/\/blumiz.com\/fr\/wp-json\/wp\/v2\/product\/7986","targetHints":{"allow":["GET"]}}],"collection":[{"href":"https:\/\/blumiz.com\/fr\/wp-json\/wp\/v2\/product"}],"about":[{"href":"https:\/\/blumiz.com\/fr\/wp-json\/wp\/v2\/types\/product"}],"replies":[{"embeddable":true,"href":"https:\/\/blumiz.com\/fr\/wp-json\/wp\/v2\/comments?post=7986"}],"version-history":[{"count":0,"href":"https:\/\/blumiz.com\/fr\/wp-json\/wp\/v2\/product\/7986\/revisions"}],"wp:featuredmedia":[{"embeddable":true,"href":"https:\/\/blumiz.com\/fr\/wp-json\/wp\/v2\/media\/6684"}],"wp:attachment":[{"href":"https:\/\/blumiz.com\/fr\/wp-json\/wp\/v2\/media?parent=7986"}],"wp:term":[{"taxonomy":"product_brand","embeddable":true,"href":"https:\/\/blumiz.com\/fr\/wp-json\/wp\/v2\/product_brand?post=7986"},{"taxonomy":"product_cat","embeddable":true,"href":"https:\/\/blumiz.com\/fr\/wp-json\/wp\/v2\/product_cat?post=7986"},{"taxonomy":"product_tag","embeddable":true,"href":"https:\/\/blumiz.com\/fr\/wp-json\/wp\/v2\/product_tag?post=7986"}],"curies":[{"name":"wp","href":"https:\/\/api.w.org\/{rel}","templated":true}]}}