{"id":7992,"date":"2021-12-10T14:16:47","date_gmt":"2021-12-10T13:16:47","guid":{"rendered":"https:\/\/blumiz.com\/produkt\/gorilla-glue-fleur-cbd-17\/"},"modified":"2025-02-06T21:38:26","modified_gmt":"2025-02-06T20:38:26","slug":"gorilla-glue-cbd","status":"publish","type":"product","link":"https:\/\/blumiz.com\/fr\/produit\/gorilla-glue-cbd\/","title":{"rendered":"Gorilla Glue &#8211; Fleur CBD 17%."},"content":{"rendered":"<h2 class=\"h2\"><span style=\"color: #107d85;\">Fleur CBD Gorilla Glue Greenhouse 17%.<\/span><\/h2>\n<div><span style=\"font-size: 16px;\">La fleur est un croisement de plusieurs vari\u00e9t\u00e9s de cannabis aux tons fruit\u00e9s de caf\u00e9. Notre vari\u00e9t\u00e9 Greenhouse, riche en cannabidiol et \u00e0 l&#8217;odeur fra\u00eeche de pin, est appr\u00e9ci\u00e9e pour l&#8217;abondance de ses trichomes ainsi que pour son parfum frais.<\/span><\/div>\n<div>\n<p>Nous cultivons cette vari\u00e9t\u00e9 mythique Gorilla Glue cbd en serre et elle a un taux de CBD tr\u00e8s int\u00e9ressant de 17%.<\/p>\n<p>Les consommateurs appr\u00e9cient Gorilla Glue parce qu&#8217;elle combine puissance et saveur en une seule fleur.<\/p>\n<p>Gorilla Glue est un parfum de pin bois\u00e9 avec une douce touche terreuse. La note sucr\u00e9e qui nous distingue de la concurrence est l&#8217;ajout d&#8217;agrumes : nous ne nous lassons pas de cette fleur unique !<\/p>\n<p>L&#8217;ar\u00f4me de la Gorilla Glue est puissant, intense et frais. Les souches se caract\u00e9risent par une teneur \u00e9lev\u00e9e en THC. Celle-ci se montre douce et enveloppante dans son go\u00fbt. Gorilla Glue a un arri\u00e8re-go\u00fbt bois\u00e9 avec des notes de pin et d&#8217;agrumes, ainsi qu&#8217;un go\u00fbt intense de fruits m\u00fbrs. Les effets de Gorilla Glue ne vous laisseront pas indiff\u00e9rents, notamment en raison de sa forte teneur en CBD.<\/p>\n<p>L&#8217;effet particulier du CBD dans la vari\u00e9t\u00e9 Gorilla Glue est un effet relaxant rapide et puissant. Vous pouvez l&#8217;utiliser pour lutter contre l&#8217;insomnie et l&#8217;anxi\u00e9t\u00e9 en prenant cette vari\u00e9t\u00e9 de CBD. Les propri\u00e9t\u00e9s analg\u00e9siques et relaxantes de Gorilla Glue sont particuli\u00e8rement appr\u00e9ci\u00e9es par les clients.<\/p>\n<h4 class=\"h2\"><span style=\"color: #ff6600;\">Gorilla Glue Effets CBD :<\/span><\/h4>\n<div class=\"effects\">\n<div class=\"effect\">\n<ul>\n<li class=\"effect-label\">Puissance aromatique<\/li>\n<li class=\"effect-label\">Effet anti-anxi\u00e9t\u00e9<\/li>\n<li class=\"effect-label\">Effet relaxant<\/li>\n<li class=\"effect-label\">R\u00e9cup\u00e9ration des muscles<\/li>\n<\/ul>\n<p>Si vous recherchez d&#8217;autres vari\u00e9t\u00e9s \u00e0 un bon prix, nous vous recommandons \u00e9galement d&#8217;essayer notre <a href=\"https:\/\/blumiz.com\/produit\/trim-cbd-indoor-mix-7\/\">TRIM<\/a> ou notre <a href=\"https:\/\/blumiz.com\/produit\/cbd-small-bud-indoor-mix-9\/\">Small Buds Mix Indoor<\/a>.<\/p>\n<p>Si vous recherchez une vari\u00e9t\u00e9 de qualit\u00e9 sup\u00e9rieure, nous vous recommandons <a href=\"https:\/\/blumiz.com\/produit\/skywalker-cbd\/\">Skywalker<\/a>, <a href=\"https:\/\/blumiz.com\/produit\/gelato-cbd\/\">Gelato<\/a> ou <a href=\"https:\/\/blumiz.com\/produit\/amnesia-cbd\/\">Amnesia<\/a>.<\/p>\n<h4><\/h4>\n<\/div>\n<\/div>\n<\/div>\n<p>Culture en Serre (Greenhouse) La plante b\u00e9n\u00e9ficie d&#8217;un terreau Greenhouse qui offre un environnement de croissance optimal pour ces fleurs denses. Parall\u00e8lement, les plants de chanvre sous serre consomment du soleil, ce qui produit des fleurs riches en terp\u00e8nes qui contribuent \u00e0 r\u00e9v\u00e9ler les ar\u00f4mes intenses de Gorilla Blue. Avec cette culture hybride, 100 % biologique et sans OGM, vous avez le meilleur rapport qualit\u00e9\/prix.<\/p>\n<p>D\u00e9couvrez ici \u00e9galement notre <a href=\"https:\/\/blumiz.com\/fr\/category\/hash-et-concentres\/\">HASH CBD<\/a><\/p>\n<p>Une question, vous avez besoin d&#8217;aide ? <a href=\"https:\/\/blumiz.com\/hilfe-und-faqs\/\">Cliquez ici pour d\u00e9couvrir notre centre d&#8217;aide.<\/a><\/p>\n<p>D\u00e9couvrez nos <a href=\"https:\/\/blumiz.com\/fr\/category\/headshop\/\">produits et accessoires Headshop<\/a> pour profiter de vos vari\u00e9t\u00e9s pr\u00e9f\u00e9r\u00e9es<\/p>\n","protected":false},"excerpt":{"rendered":"<h4><span style=\"color: #107d85;\">Fleur CBD Gorilla Glue Greenhouse 17%.<\/span><\/h4>\n<p>Nous cultivons cette vari\u00e9t\u00e9 mythique Gorilla Glue cbd en serre et elle a un taux de CBD tr\u00e8s int\u00e9ressant de 17%.Nous cultivons cette vari\u00e9t\u00e9 mythique Gorilla Glue cbd en serre et elle a un taux de CBD tr\u00e8s int\u00e9ressant de 17%.<\/p>\n<p>Faites place aux sensations avec cet incroyable m\u00e9lange de fleurs ! Cette vari\u00e9t\u00e9 est le r\u00e9sultat d&#8217;un croisement entre trois g\u00e9ants du CBD : Chems Schwester, Sour Dubb et Chocolate Diesel. Avis aux amateurs, cette vari\u00e9t\u00e9 au go\u00fbt intense d&#8217;agrumes et de fruits combin\u00e9 aux notes bois\u00e9es du pin vaut le d\u00e9tour !<\/p>\n","protected":false},"featured_media":6712,"comment_status":"open","ping_status":"closed","template":"","meta":{"site-sidebar-layout":"default","site-content-layout":"default","ast-site-content-layout":"default","site-content-style":"default","site-sidebar-style":"default","ast-global-header-display":"","ast-banner-title-visibility":"","ast-main-header-display":"","ast-hfb-above-header-display":"","ast-hfb-below-header-display":"","ast-hfb-mobile-header-display":"","site-post-title":"","ast-breadcrumbs-content":"","ast-featured-img":"","footer-sml-layout":"","ast-disable-related-posts":"","theme-transparent-header-meta":"default","adv-header-id-meta":"","stick-header-meta":"default","header-above-stick-meta":"","header-main-stick-meta":"","header-below-stick-meta":"","astra-migrate-meta-layouts":"default","ast-page-background-enabled":"default","ast-page-background-meta":{"desktop":{"background-color":"","background-image":"","background-repeat":"repeat","background-position":"center center","background-size":"auto","background-attachment":"scroll","background-type":"","background-media":"","overlay-type":"","overlay-color":"","overlay-opacity":"","overlay-gradient":""},"tablet":{"background-color":"","background-image":"","background-repeat":"repeat","background-position":"center center","background-size":"auto","background-attachment":"scroll","background-type":"","background-media":"","overlay-type":"","overlay-color":"","overlay-opacity":"","overlay-gradient":""},"mobile":{"background-color":"","background-image":"","background-repeat":"repeat","background-position":"center center","background-size":"auto","background-attachment":"scroll","background-type":"","background-media":"","overlay-type":"","overlay-color":"","overlay-opacity":"","overlay-gradient":""}},"ast-content-background-meta":{"desktop":{"background-color":"var(--ast-global-color-5)","background-image":"","background-repeat":"repeat","background-position":"center center","background-size":"auto","background-attachment":"scroll","background-type":"","background-media":"","overlay-type":"","overlay-color":"","overlay-opacity":"","overlay-gradient":""},"tablet":{"background-color":"var(--ast-global-color-5)","background-image":"","background-repeat":"repeat","background-position":"center center","background-size":"auto","background-attachment":"scroll","background-type":"","background-media":"","overlay-type":"","overlay-color":"","overlay-opacity":"","overlay-gradient":""},"mobile":{"background-color":"var(--ast-global-color-5)","background-image":"","background-repeat":"repeat","background-position":"center center","background-size":"auto","background-attachment":"scroll","background-type":"","background-media":"","overlay-type":"","overlay-color":"","overlay-opacity":"","overlay-gradient":""}}},"product_brand":[],"product_cat":[304,167,161,163],"product_tag":[202,204],"class_list":{"0":"post-7992","1":"product","2":"type-product","3":"status-publish","4":"has-post-thumbnail","6":"product_cat-cbd-fr","7":"product_cat-fleur-cbd-puissante","8":"product_cat-fleurs-de-cbd","9":"product_cat-fleur-cbd-greenhouse","10":"product_tag-fleurs-cbd-puissantes","11":"product_tag-indoor-cbd-fr","12":"pa_cbd-rate-10-a-20-cbd","13":"pa_kategorie-fleur-cbd-puissante","14":"pa_kategorie-indoor-fr","15":"desktop-align-left","16":"tablet-align-center","17":"mobile-align-left","18":"ast-product-gallery-layout-vertical","19":"ast-magnify-disabled","20":"ast-product-single-variable","21":"ast-product-tabs-layout-horizontal","23":"first","24":"instock","25":"taxable","26":"shipping-taxable","27":"purchasable","28":"product-type-variable"},"yoast_head":"<!-- This site is optimized with the Yoast SEO Premium plugin v27.2 (Yoast SEO v27.4) - https:\/\/yoast.com\/product\/yoast-seo-premium-wordpress\/ -->\n<title>Gorilla Glue CBD 17% \u00c0 partir de 2,6\u20ac\/g - Greenhouse - Puissant &amp; Bilig CBD<\/title>\n<meta name=\"description\" content=\"Gorilla Glue CBD 17% \u00c0 partir de 2,6\u20ac\/g - Greenhouse - CBD puissant et bon march\u00e9. Gorilla Glue est l&#039;une des vari\u00e9t\u00e9s l\u00e9gales les plus admir\u00e9es par les amateurs de cannabis CBD.\" \/>\n<meta name=\"robots\" content=\"index, follow, max-snippet:-1, max-image-preview:large, max-video-preview:-1\" \/>\n<link rel=\"canonical\" href=\"https:\/\/blumiz.com\/fr\/produit\/gorilla-glue-cbd\/\" \/>\n<meta property=\"og:locale\" content=\"fr_FR\" \/>\n<meta property=\"og:type\" content=\"article\" \/>\n<meta property=\"og:title\" content=\"Gorilla Glue - Fleur CBD 17%.\" \/>\n<meta property=\"og:description\" content=\"Gorilla Glue - Fleur CBD 17%. Blumiz - Premium CBD\" \/>\n<meta property=\"og:url\" content=\"https:\/\/blumiz.com\/fr\/produit\/gorilla-glue-cbd\/\" \/>\n<meta property=\"og:site_name\" content=\"Blumiz - Premium CBD\" \/>\n<meta property=\"article:modified_time\" content=\"2025-02-06T20:38:26+00:00\" \/>\n<meta property=\"og:image\" content=\"https:\/\/blumiz.com\/wp-content\/uploads\/2022\/08\/GORILLA-GLUE-BLUMIZ.webp\" \/>\n\t<meta property=\"og:image:width\" content=\"600\" \/>\n\t<meta property=\"og:image:height\" content=\"600\" \/>\n\t<meta property=\"og:image:type\" content=\"image\/webp\" \/>\n<meta name=\"twitter:card\" content=\"summary_large_image\" \/>\n<meta name=\"twitter:label1\" content=\"Disponibilit\u00e9\" \/>\n\t<meta name=\"twitter:data1\" content=\"En stock\" \/>\n<script type=\"application\/ld+json\" class=\"yoast-schema-graph\">{\"@context\":\"https:\\\/\\\/schema.org\",\"@graph\":[{\"@type\":\"WebPage\",\"@id\":\"https:\\\/\\\/blumiz.com\\\/fr\\\/produit\\\/gorilla-glue-cbd\\\/\",\"url\":\"https:\\\/\\\/blumiz.com\\\/fr\\\/produit\\\/gorilla-glue-cbd\\\/\",\"name\":\"Gorilla Glue CBD 17% \u00c0 partir de 2,6\u20ac\\\/g - Greenhouse - Puissant & Bilig CBD\",\"isPartOf\":{\"@id\":\"https:\\\/\\\/blumiz.com\\\/fr\\\/#website\"},\"primaryImageOfPage\":{\"@id\":\"https:\\\/\\\/blumiz.com\\\/fr\\\/produit\\\/gorilla-glue-cbd\\\/#primaryimage\"},\"image\":{\"@id\":\"https:\\\/\\\/blumiz.com\\\/fr\\\/produit\\\/gorilla-glue-cbd\\\/#primaryimage\"},\"thumbnailUrl\":\"https:\\\/\\\/blumiz.com\\\/wp-content\\\/uploads\\\/2022\\\/08\\\/GORILLA-GLUE-BLUMIZ.webp\",\"datePublished\":\"2021-12-10T13:16:47+00:00\",\"dateModified\":\"2025-02-06T20:38:26+00:00\",\"description\":\"Gorilla Glue CBD 17% \u00c0 partir de 2,6\u20ac\\\/g - Greenhouse - CBD puissant et bon march\u00e9. Gorilla Glue est l'une des vari\u00e9t\u00e9s l\u00e9gales les plus admir\u00e9es par les amateurs de cannabis CBD.\",\"breadcrumb\":{\"@id\":\"https:\\\/\\\/blumiz.com\\\/fr\\\/produit\\\/gorilla-glue-cbd\\\/#breadcrumb\"},\"inLanguage\":\"fr-FR\",\"potentialAction\":[{\"@type\":\"ReadAction\",\"target\":[\"https:\\\/\\\/blumiz.com\\\/fr\\\/produit\\\/gorilla-glue-cbd\\\/\"]}]},{\"@type\":\"ImageObject\",\"inLanguage\":\"fr-FR\",\"@id\":\"https:\\\/\\\/blumiz.com\\\/fr\\\/produit\\\/gorilla-glue-cbd\\\/#primaryimage\",\"url\":\"https:\\\/\\\/blumiz.com\\\/wp-content\\\/uploads\\\/2022\\\/08\\\/GORILLA-GLUE-BLUMIZ.webp\",\"contentUrl\":\"https:\\\/\\\/blumiz.com\\\/wp-content\\\/uploads\\\/2022\\\/08\\\/GORILLA-GLUE-BLUMIZ.webp\",\"width\":600,\"height\":600},{\"@type\":\"BreadcrumbList\",\"@id\":\"https:\\\/\\\/blumiz.com\\\/fr\\\/produit\\\/gorilla-glue-cbd\\\/#breadcrumb\",\"itemListElement\":[{\"@type\":\"ListItem\",\"position\":1,\"name\":\"Blumiz\",\"item\":\"https:\\\/\\\/blumiz.com\\\/fr\\\/\"},{\"@type\":\"ListItem\",\"position\":2,\"name\":\"CBD Shop\",\"item\":\"https:\\\/\\\/blumiz.com\\\/fr\\\/acheter-cbd-shop\\\/\"},{\"@type\":\"ListItem\",\"position\":3,\"name\":\"Fleurs de CBD\",\"item\":\"https:\\\/\\\/blumiz.com\\\/fr\\\/category\\\/fleurs-de-cbd\\\/\"},{\"@type\":\"ListItem\",\"position\":4,\"name\":\"Gorilla Glue &#8211; Fleur CBD 17%.\"}]},{\"@type\":\"WebSite\",\"@id\":\"https:\\\/\\\/blumiz.com\\\/fr\\\/#website\",\"url\":\"https:\\\/\\\/blumiz.com\\\/fr\\\/\",\"name\":\"Blumiz - Premium CBD\",\"description\":\"Blumiz, Cannabis specialist\",\"publisher\":{\"@id\":\"https:\\\/\\\/blumiz.com\\\/fr\\\/#organization\"},\"alternateName\":\"Blumiz\",\"potentialAction\":[{\"@type\":\"SearchAction\",\"target\":{\"@type\":\"EntryPoint\",\"urlTemplate\":\"https:\\\/\\\/blumiz.com\\\/fr\\\/?s={search_term_string}\"},\"query-input\":{\"@type\":\"PropertyValueSpecification\",\"valueRequired\":true,\"valueName\":\"search_term_string\"}}],\"inLanguage\":\"fr-FR\"},{\"@type\":\"Organization\",\"@id\":\"https:\\\/\\\/blumiz.com\\\/fr\\\/#organization\",\"name\":\"Blumiz CBD\",\"alternateName\":\"Blumiz\",\"url\":\"https:\\\/\\\/blumiz.com\\\/fr\\\/\",\"logo\":{\"@type\":\"ImageObject\",\"inLanguage\":\"fr-FR\",\"@id\":\"https:\\\/\\\/blumiz.com\\\/fr\\\/#\\\/schema\\\/logo\\\/image\\\/\",\"url\":\"https:\\\/\\\/blumiz.com\\\/wp-content\\\/uploads\\\/2026\\\/02\\\/cropped-Blumiz-CBD-logo.webp\",\"contentUrl\":\"https:\\\/\\\/blumiz.com\\\/wp-content\\\/uploads\\\/2026\\\/02\\\/cropped-Blumiz-CBD-logo.webp\",\"width\":2547,\"height\":778,\"caption\":\"Blumiz CBD\"},\"image\":{\"@id\":\"https:\\\/\\\/blumiz.com\\\/fr\\\/#\\\/schema\\\/logo\\\/image\\\/\"}}]}<\/script>\n<meta property=\"og:availability\" content=\"instock\" \/>\n<meta property=\"product:availability\" content=\"instock\" \/>\n<meta property=\"product:retailer_item_id\" content=\"8293714\" \/>\n<meta property=\"product:condition\" content=\"new\" \/>\n<!-- \/ Yoast SEO Premium plugin. -->","yoast_head_json":{"title":"Gorilla Glue CBD 17% \u00c0 partir de 2,6\u20ac\/g - Greenhouse - Puissant & Bilig CBD","description":"Gorilla Glue CBD 17% \u00c0 partir de 2,6\u20ac\/g - Greenhouse - CBD puissant et bon march\u00e9. Gorilla Glue est l'une des vari\u00e9t\u00e9s l\u00e9gales les plus admir\u00e9es par les amateurs de cannabis CBD.","robots":{"index":"index","follow":"follow","max-snippet":"max-snippet:-1","max-image-preview":"max-image-preview:large","max-video-preview":"max-video-preview:-1"},"canonical":"https:\/\/blumiz.com\/fr\/produit\/gorilla-glue-cbd\/","og_locale":"fr_FR","og_type":"article","og_title":"Gorilla Glue - Fleur CBD 17%.","og_description":"Gorilla Glue - Fleur CBD 17%. Blumiz - Premium CBD","og_url":"https:\/\/blumiz.com\/fr\/produit\/gorilla-glue-cbd\/","og_site_name":"Blumiz - Premium CBD","article_modified_time":"2025-02-06T20:38:26+00:00","og_image":[{"width":600,"height":600,"url":"https:\/\/blumiz.com\/wp-content\/uploads\/2022\/08\/GORILLA-GLUE-BLUMIZ.webp","type":"image\/webp"}],"twitter_card":"summary_large_image","twitter_misc":{"Disponibilit\u00e9":"En stock"},"schema":{"@context":"https:\/\/schema.org","@graph":[{"@type":"WebPage","@id":"https:\/\/blumiz.com\/fr\/produit\/gorilla-glue-cbd\/","url":"https:\/\/blumiz.com\/fr\/produit\/gorilla-glue-cbd\/","name":"Gorilla Glue CBD 17% \u00c0 partir de 2,6\u20ac\/g - Greenhouse - Puissant & Bilig CBD","isPartOf":{"@id":"https:\/\/blumiz.com\/fr\/#website"},"primaryImageOfPage":{"@id":"https:\/\/blumiz.com\/fr\/produit\/gorilla-glue-cbd\/#primaryimage"},"image":{"@id":"https:\/\/blumiz.com\/fr\/produit\/gorilla-glue-cbd\/#primaryimage"},"thumbnailUrl":"https:\/\/blumiz.com\/wp-content\/uploads\/2022\/08\/GORILLA-GLUE-BLUMIZ.webp","datePublished":"2021-12-10T13:16:47+00:00","dateModified":"2025-02-06T20:38:26+00:00","description":"Gorilla Glue CBD 17% \u00c0 partir de 2,6\u20ac\/g - Greenhouse - CBD puissant et bon march\u00e9. Gorilla Glue est l'une des vari\u00e9t\u00e9s l\u00e9gales les plus admir\u00e9es par les amateurs de cannabis CBD.","breadcrumb":{"@id":"https:\/\/blumiz.com\/fr\/produit\/gorilla-glue-cbd\/#breadcrumb"},"inLanguage":"fr-FR","potentialAction":[{"@type":"ReadAction","target":["https:\/\/blumiz.com\/fr\/produit\/gorilla-glue-cbd\/"]}]},{"@type":"ImageObject","inLanguage":"fr-FR","@id":"https:\/\/blumiz.com\/fr\/produit\/gorilla-glue-cbd\/#primaryimage","url":"https:\/\/blumiz.com\/wp-content\/uploads\/2022\/08\/GORILLA-GLUE-BLUMIZ.webp","contentUrl":"https:\/\/blumiz.com\/wp-content\/uploads\/2022\/08\/GORILLA-GLUE-BLUMIZ.webp","width":600,"height":600},{"@type":"BreadcrumbList","@id":"https:\/\/blumiz.com\/fr\/produit\/gorilla-glue-cbd\/#breadcrumb","itemListElement":[{"@type":"ListItem","position":1,"name":"Blumiz","item":"https:\/\/blumiz.com\/fr\/"},{"@type":"ListItem","position":2,"name":"CBD Shop","item":"https:\/\/blumiz.com\/fr\/acheter-cbd-shop\/"},{"@type":"ListItem","position":3,"name":"Fleurs de CBD","item":"https:\/\/blumiz.com\/fr\/category\/fleurs-de-cbd\/"},{"@type":"ListItem","position":4,"name":"Gorilla Glue &#8211; Fleur CBD 17%."}]},{"@type":"WebSite","@id":"https:\/\/blumiz.com\/fr\/#website","url":"https:\/\/blumiz.com\/fr\/","name":"Blumiz - Premium CBD","description":"Blumiz, Cannabis specialist","publisher":{"@id":"https:\/\/blumiz.com\/fr\/#organization"},"alternateName":"Blumiz","potentialAction":[{"@type":"SearchAction","target":{"@type":"EntryPoint","urlTemplate":"https:\/\/blumiz.com\/fr\/?s={search_term_string}"},"query-input":{"@type":"PropertyValueSpecification","valueRequired":true,"valueName":"search_term_string"}}],"inLanguage":"fr-FR"},{"@type":"Organization","@id":"https:\/\/blumiz.com\/fr\/#organization","name":"Blumiz CBD","alternateName":"Blumiz","url":"https:\/\/blumiz.com\/fr\/","logo":{"@type":"ImageObject","inLanguage":"fr-FR","@id":"https:\/\/blumiz.com\/fr\/#\/schema\/logo\/image\/","url":"https:\/\/blumiz.com\/wp-content\/uploads\/2026\/02\/cropped-Blumiz-CBD-logo.webp","contentUrl":"https:\/\/blumiz.com\/wp-content\/uploads\/2026\/02\/cropped-Blumiz-CBD-logo.webp","width":2547,"height":778,"caption":"Blumiz CBD"},"image":{"@id":"https:\/\/blumiz.com\/fr\/#\/schema\/logo\/image\/"}}]},"og_availability":"instock","product_availability":"instock","product_retailer_item_id":"8293714","product_condition":"new"},"_links":{"self":[{"href":"https:\/\/blumiz.com\/fr\/wp-json\/wp\/v2\/product\/7992","targetHints":{"allow":["GET"]}}],"collection":[{"href":"https:\/\/blumiz.com\/fr\/wp-json\/wp\/v2\/product"}],"about":[{"href":"https:\/\/blumiz.com\/fr\/wp-json\/wp\/v2\/types\/product"}],"replies":[{"embeddable":true,"href":"https:\/\/blumiz.com\/fr\/wp-json\/wp\/v2\/comments?post=7992"}],"version-history":[{"count":0,"href":"https:\/\/blumiz.com\/fr\/wp-json\/wp\/v2\/product\/7992\/revisions"}],"wp:featuredmedia":[{"embeddable":true,"href":"https:\/\/blumiz.com\/fr\/wp-json\/wp\/v2\/media\/6712"}],"wp:attachment":[{"href":"https:\/\/blumiz.com\/fr\/wp-json\/wp\/v2\/media?parent=7992"}],"wp:term":[{"taxonomy":"product_brand","embeddable":true,"href":"https:\/\/blumiz.com\/fr\/wp-json\/wp\/v2\/product_brand?post=7992"},{"taxonomy":"product_cat","embeddable":true,"href":"https:\/\/blumiz.com\/fr\/wp-json\/wp\/v2\/product_cat?post=7992"},{"taxonomy":"product_tag","embeddable":true,"href":"https:\/\/blumiz.com\/fr\/wp-json\/wp\/v2\/product_tag?post=7992"}],"curies":[{"name":"wp","href":"https:\/\/api.w.org\/{rel}","templated":true}]}}