{"id":7998,"date":"2020-10-20T14:16:46","date_gmt":"2020-10-20T13:16:46","guid":{"rendered":"https:\/\/blumiz.com\/produkt\/gelato-fleur-cbd-21\/"},"modified":"2025-06-02T19:16:50","modified_gmt":"2025-06-02T18:16:50","slug":"gelato-cbd","status":"publish","type":"product","link":"https:\/\/blumiz.com\/fr\/produit\/gelato-cbd\/","title":{"rendered":"Gelato &#8211; Fleur CBD 21%."},"content":{"rendered":"<h2><span style=\"color: #107d85;\">Fleur CBD Gelato Indoor 21<\/span><\/h2>\n<h4><span style=\"color: #ff6600;\">La fleur de CBD Gelato au d\u00e9licieux go\u00fbt de biscuit avec une pointe de menthe, l&#8217;un des best-sellers de Blumiz !<\/span><\/h4>\n<p>La serre CBD Gelato a plus d&#8217;un tour dans son sac. Cela explique sa grande popularit\u00e9. Outre leurs ar\u00f4mes sucr\u00e9s, leurs t\u00eates \u00e9paisses et compactes entrent \u00e9galement en ligne de compte. Sa belle texture vous offre des ar\u00f4mes tr\u00e8s prononc\u00e9s. Aucun doute, vous allez adorer !<\/p>\n<p>CBD Gelato Flower est une vari\u00e9t\u00e9 de qualit\u00e9 avec une teneur en<span style=\"color: #ff6600;\"><strong> concentration de cannabidiol de 21<\/strong><\/span>.. Ainsi, cette vari\u00e9t\u00e9 de fleurs est pleine de soleil, ce qui permet d&#8217;obtenir des ar\u00f4mes intenses gr\u00e2ce aux terp\u00e8nes pr\u00e9sents en tr\u00e8s grand nombre. Les param\u00e8tres de culture de cette vari\u00e9t\u00e9 de fleur sont contr\u00f4l\u00e9s afin de ne pas souffrir du mauvais temps et des parasites, offrant des fleurs denses et compactes. C&#8217;est donc un produit de qualit\u00e9 que nous proposons dans d&#8217;excellentes conditions.<\/p>\n<p>Avec Gelato, vous pouvez profiter pleinement des avantages du cannabidiol. Vous appr\u00e9cierez son effet relaxant, qui soulage le stress et les naus\u00e9es. Sa concentration moyenne en CBD lui permet d&#8217;\u00eatre consomm\u00e9e par tous. Soyez toutefois prudent avec les dosages pour les d\u00e9butants.<\/p>\n<p>Cette fleur de CBD gelato n&#8217;a pas d&#8217;effet psychotrope, car elle ne contient aucune trace de THC. Vous pouvez le consommer tranquillement en infusion ou en vaporisation. De plus, nos Fleur CBD sont issues de l&#8217;agriculture biologique, sans pesticides. Chez nous, les fleurs b\u00e9n\u00e9ficient d&#8217;une tra\u00e7abilit\u00e9 optimale. Aucun risque pour la sant\u00e9.<\/p>\n<p>Si vous recherchez d&#8217;autres vari\u00e9t\u00e9s \u00e0 un bon prix, nous vous recommandons \u00e9galement d&#8217;essayer notre <a href=\"https:\/\/blumiz.com\/produit\/skunk-cbd-original\/\">Skunk Original<\/a> ou notre <a href=\"https:\/\/blumiz.com\/produit\/cbd-small-bud-indoor-mix-9\/\">Small Buds Mix Indoor<\/a>.<\/p>\n<p>Si vous recherchez une vari\u00e9t\u00e9 de qualit\u00e9 sup\u00e9rieure, nous vous recommandons <a href=\"https:\/\/blumiz.com\/produit\/ivory-cbd\/\">Ivory<\/a> ou <a href=\"https:\/\/blumiz.com\/produit\/amnesia-cbd\/\">Amnesia<\/a>.<\/p>\n<h4><span style=\"color: #ff6600;\">Cette fleur de CBD va vous surprendre !<\/span><\/h4>\n<p>Cette vari\u00e9t\u00e9 de haschisch est reconnaissable \u00e0 son aspect fonc\u00e9 caract\u00e9ristique.<\/p>\n<h4><span style=\"color: #ff6600;\">Notre <a style=\"color: #ff6600;\" href=\"\/?product_cat=cbd-blueten\">boutique de Fleur CBD<\/a> est synonyme de normes de qualit\u00e9 \u00e9lev\u00e9es et de produits tri\u00e9s sur le volet.<\/span><\/h4>\n<p>Les Fleur CBD sont disponibles en diff\u00e9rents ar\u00f4mes et concentrations de CBD. Nos Fleur CBD sont soumises \u00e0 des crit\u00e8res de qualit\u00e9 externes stricts. Nos produits sont aussi vendus en tant que mati\u00e8res premi\u00e8res et sont exempts d&#8217;additifs chimiques et d&#8217;impuret\u00e9s.<\/p>\n<p>D\u00e9couvrez ici \u00e9galement notre <a href=\"https:\/\/blumiz.com\/fr\/category\/hash-et-concentres\/\">HASH CBD<\/a><\/p>\n<p>Une question, vous avez besoin d&#8217;aide ? <a href=\"https:\/\/blumiz.com\/hilfe-und-faqs\/\">Cliquez ici pour d\u00e9couvrir notre centre d&#8217;aide.<\/a><\/p>\n<p>D\u00e9couvrez nos <a href=\"https:\/\/blumiz.com\/fr\/category\/headshop\/\">produits et accessoires Headshop<\/a> pour profiter de vos vari\u00e9t\u00e9s pr\u00e9f\u00e9r\u00e9es<\/p>\n<h4><span style=\"color: #ff6600;\">Commander chez Blumiz signifie<\/span><\/h4>\n<p>&#8211; Livraison rapide, discr\u00e8te et inodore<br \/>\n&#8211; Produits certifi\u00e9s de qualit\u00e9 et en laboratoire<br \/>\n&#8211; Des prix imbattables, car nous fabriquons nos propres produits<\/p>\n","protected":false},"excerpt":{"rendered":"<h4><span style=\"color: #107d85;\">Fleur CBD Gelato Indoor 21<\/span><\/h4>\n<p>La glace, on adore \u00e7a ! Cette vari\u00e9t\u00e9 de Fleur CBD s\u00e9duira la plupart des gourmands et des amateurs de petites douceurs. Ses t\u00eates denses et compactes en font un produit indispensable qui \u00e9veillera les papilles des consommateurs d\u00e9butants et exp\u00e9riment\u00e9s ! Essayez-la, vous ne serez pas d\u00e9\u00e7u !<\/p>\n","protected":false},"featured_media":6677,"comment_status":"open","ping_status":"closed","template":"","meta":{"site-sidebar-layout":"default","site-content-layout":"default","ast-site-content-layout":"default","site-content-style":"default","site-sidebar-style":"default","ast-global-header-display":"","ast-banner-title-visibility":"","ast-main-header-display":"","ast-hfb-above-header-display":"","ast-hfb-below-header-display":"","ast-hfb-mobile-header-display":"","site-post-title":"","ast-breadcrumbs-content":"","ast-featured-img":"","footer-sml-layout":"","ast-disable-related-posts":"","theme-transparent-header-meta":"default","adv-header-id-meta":"","stick-header-meta":"default","header-above-stick-meta":"","header-main-stick-meta":"","header-below-stick-meta":"","astra-migrate-meta-layouts":"default","ast-page-background-enabled":"default","ast-page-background-meta":{"desktop":{"background-color":"","background-image":"","background-repeat":"repeat","background-position":"center center","background-size":"auto","background-attachment":"scroll","background-type":"","background-media":"","overlay-type":"","overlay-color":"","overlay-opacity":"","overlay-gradient":""},"tablet":{"background-color":"","background-image":"","background-repeat":"repeat","background-position":"center center","background-size":"auto","background-attachment":"scroll","background-type":"","background-media":"","overlay-type":"","overlay-color":"","overlay-opacity":"","overlay-gradient":""},"mobile":{"background-color":"","background-image":"","background-repeat":"repeat","background-position":"center center","background-size":"auto","background-attachment":"scroll","background-type":"","background-media":"","overlay-type":"","overlay-color":"","overlay-opacity":"","overlay-gradient":""}},"ast-content-background-meta":{"desktop":{"background-color":"var(--ast-global-color-5)","background-image":"","background-repeat":"repeat","background-position":"center center","background-size":"auto","background-attachment":"scroll","background-type":"","background-media":"","overlay-type":"","overlay-color":"","overlay-opacity":"","overlay-gradient":""},"tablet":{"background-color":"var(--ast-global-color-5)","background-image":"","background-repeat":"repeat","background-position":"center center","background-size":"auto","background-attachment":"scroll","background-type":"","background-media":"","overlay-type":"","overlay-color":"","overlay-opacity":"","overlay-gradient":""},"mobile":{"background-color":"var(--ast-global-color-5)","background-image":"","background-repeat":"repeat","background-position":"center center","background-size":"auto","background-attachment":"scroll","background-type":"","background-media":"","overlay-type":"","overlay-color":"","overlay-opacity":"","overlay-gradient":""}}},"product_brand":[],"product_cat":[304,167,161,165],"product_tag":[202,204],"class_list":{"0":"post-7998","1":"product","2":"type-product","3":"status-publish","4":"has-post-thumbnail","6":"product_cat-cbd-fr","7":"product_cat-fleur-cbd-puissante","8":"product_cat-fleurs-de-cbd","9":"product_cat-fleur-cbd-indoor","10":"product_tag-fleurs-cbd-puissantes","11":"product_tag-indoor-cbd-fr","12":"pa_cbd-rate-plus-de-20-cbd","13":"pa_kategorie-fleur-cbd-pas-cher","14":"pa_kategorie-fleur-cbd-puissante","15":"pa_kategorie-outdoor-fr","16":"desktop-align-left","17":"tablet-align-center","18":"mobile-align-left","19":"ast-product-gallery-layout-vertical","20":"ast-magnify-disabled","21":"ast-product-single-variable","22":"ast-product-tabs-layout-horizontal","24":"first","25":"instock","26":"taxable","27":"shipping-taxable","28":"purchasable","29":"product-type-variable"},"yoast_head":"<!-- This site is optimized with the Yoast SEO Premium plugin v27.2 (Yoast SEO v27.4) - https:\/\/yoast.com\/product\/yoast-seo-premium-wordpress\/ -->\n<title>Gelato CBD 21% \u00c0 partir de 3,6\u20ac\/g - Blumiz - Premium CBD<\/title>\n<meta name=\"description\" content=\"Gelato CBD 21% A partir de 3,6\u20ac\/g - Gelato est une fleur de cannabis l\u00e9gale en France....Livraison rapide, discr\u00e8te et sans odeur. Blumiz-expert en CBD\" \/>\n<meta name=\"robots\" content=\"index, follow, max-snippet:-1, max-image-preview:large, max-video-preview:-1\" \/>\n<link rel=\"canonical\" href=\"https:\/\/blumiz.com\/fr\/produit\/gelato-cbd\/\" \/>\n<meta property=\"og:locale\" content=\"fr_FR\" \/>\n<meta property=\"og:type\" content=\"article\" \/>\n<meta property=\"og:title\" content=\"Gelato - Fleur CBD 21%.\" \/>\n<meta property=\"og:description\" content=\"Gelato - Fleur CBD 21%. Blumiz - Premium CBD\" \/>\n<meta property=\"og:url\" content=\"https:\/\/blumiz.com\/fr\/produit\/gelato-cbd\/\" \/>\n<meta property=\"og:site_name\" content=\"Blumiz - Premium CBD\" \/>\n<meta property=\"article:modified_time\" content=\"2025-06-02T18:16:50+00:00\" \/>\n<meta property=\"og:image\" content=\"https:\/\/blumiz.com\/wp-content\/uploads\/2022\/08\/GELATO-BAG-BLUMIZ.webp\" \/>\n\t<meta property=\"og:image:width\" content=\"600\" \/>\n\t<meta property=\"og:image:height\" content=\"600\" \/>\n\t<meta property=\"og:image:type\" content=\"image\/webp\" \/>\n<meta name=\"twitter:card\" content=\"summary_large_image\" \/>\n<meta name=\"twitter:label1\" content=\"Disponibilit\u00e9\" \/>\n\t<meta name=\"twitter:data1\" content=\"En stock\" \/>\n<script type=\"application\/ld+json\" class=\"yoast-schema-graph\">{\"@context\":\"https:\\\/\\\/schema.org\",\"@graph\":[{\"@type\":\"WebPage\",\"@id\":\"https:\\\/\\\/blumiz.com\\\/fr\\\/produit\\\/gelato-cbd\\\/\",\"url\":\"https:\\\/\\\/blumiz.com\\\/fr\\\/produit\\\/gelato-cbd\\\/\",\"name\":\"Gelato CBD 21% \u00c0 partir de 3,6\u20ac\\\/g - Blumiz - Premium CBD\",\"isPartOf\":{\"@id\":\"https:\\\/\\\/blumiz.com\\\/fr\\\/#website\"},\"primaryImageOfPage\":{\"@id\":\"https:\\\/\\\/blumiz.com\\\/fr\\\/produit\\\/gelato-cbd\\\/#primaryimage\"},\"image\":{\"@id\":\"https:\\\/\\\/blumiz.com\\\/fr\\\/produit\\\/gelato-cbd\\\/#primaryimage\"},\"thumbnailUrl\":\"https:\\\/\\\/blumiz.com\\\/wp-content\\\/uploads\\\/2022\\\/08\\\/GELATO-BAG-BLUMIZ.webp\",\"datePublished\":\"2020-10-20T13:16:46+00:00\",\"dateModified\":\"2025-06-02T18:16:50+00:00\",\"description\":\"Gelato CBD 21% A partir de 3,6\u20ac\\\/g - Gelato est une fleur de cannabis l\u00e9gale en France....Livraison rapide, discr\u00e8te et sans odeur. Blumiz-expert en CBD\",\"breadcrumb\":{\"@id\":\"https:\\\/\\\/blumiz.com\\\/fr\\\/produit\\\/gelato-cbd\\\/#breadcrumb\"},\"inLanguage\":\"fr-FR\",\"potentialAction\":[{\"@type\":\"ReadAction\",\"target\":[\"https:\\\/\\\/blumiz.com\\\/fr\\\/produit\\\/gelato-cbd\\\/\"]}]},{\"@type\":\"ImageObject\",\"inLanguage\":\"fr-FR\",\"@id\":\"https:\\\/\\\/blumiz.com\\\/fr\\\/produit\\\/gelato-cbd\\\/#primaryimage\",\"url\":\"https:\\\/\\\/blumiz.com\\\/wp-content\\\/uploads\\\/2022\\\/08\\\/GELATO-BAG-BLUMIZ.webp\",\"contentUrl\":\"https:\\\/\\\/blumiz.com\\\/wp-content\\\/uploads\\\/2022\\\/08\\\/GELATO-BAG-BLUMIZ.webp\",\"width\":600,\"height\":600},{\"@type\":\"BreadcrumbList\",\"@id\":\"https:\\\/\\\/blumiz.com\\\/fr\\\/produit\\\/gelato-cbd\\\/#breadcrumb\",\"itemListElement\":[{\"@type\":\"ListItem\",\"position\":1,\"name\":\"Blumiz\",\"item\":\"https:\\\/\\\/blumiz.com\\\/fr\\\/\"},{\"@type\":\"ListItem\",\"position\":2,\"name\":\"CBD Shop\",\"item\":\"https:\\\/\\\/blumiz.com\\\/fr\\\/acheter-cbd-shop\\\/\"},{\"@type\":\"ListItem\",\"position\":3,\"name\":\"Fleurs de CBD\",\"item\":\"https:\\\/\\\/blumiz.com\\\/fr\\\/category\\\/fleurs-de-cbd\\\/\"},{\"@type\":\"ListItem\",\"position\":4,\"name\":\"Gelato &#8211; Fleur CBD 21%.\"}]},{\"@type\":\"WebSite\",\"@id\":\"https:\\\/\\\/blumiz.com\\\/fr\\\/#website\",\"url\":\"https:\\\/\\\/blumiz.com\\\/fr\\\/\",\"name\":\"Blumiz - Premium CBD\",\"description\":\"Blumiz, Cannabis specialist\",\"publisher\":{\"@id\":\"https:\\\/\\\/blumiz.com\\\/fr\\\/#organization\"},\"alternateName\":\"Blumiz\",\"potentialAction\":[{\"@type\":\"SearchAction\",\"target\":{\"@type\":\"EntryPoint\",\"urlTemplate\":\"https:\\\/\\\/blumiz.com\\\/fr\\\/?s={search_term_string}\"},\"query-input\":{\"@type\":\"PropertyValueSpecification\",\"valueRequired\":true,\"valueName\":\"search_term_string\"}}],\"inLanguage\":\"fr-FR\"},{\"@type\":\"Organization\",\"@id\":\"https:\\\/\\\/blumiz.com\\\/fr\\\/#organization\",\"name\":\"Blumiz CBD\",\"alternateName\":\"Blumiz\",\"url\":\"https:\\\/\\\/blumiz.com\\\/fr\\\/\",\"logo\":{\"@type\":\"ImageObject\",\"inLanguage\":\"fr-FR\",\"@id\":\"https:\\\/\\\/blumiz.com\\\/fr\\\/#\\\/schema\\\/logo\\\/image\\\/\",\"url\":\"https:\\\/\\\/blumiz.com\\\/wp-content\\\/uploads\\\/2026\\\/02\\\/cropped-Blumiz-CBD-logo.webp\",\"contentUrl\":\"https:\\\/\\\/blumiz.com\\\/wp-content\\\/uploads\\\/2026\\\/02\\\/cropped-Blumiz-CBD-logo.webp\",\"width\":2547,\"height\":778,\"caption\":\"Blumiz CBD\"},\"image\":{\"@id\":\"https:\\\/\\\/blumiz.com\\\/fr\\\/#\\\/schema\\\/logo\\\/image\\\/\"}}]}<\/script>\n<meta property=\"og:availability\" content=\"instock\" \/>\n<meta property=\"product:availability\" content=\"instock\" \/>\n<meta property=\"product:retailer_item_id\" content=\"57325\" \/>\n<meta property=\"product:condition\" content=\"new\" \/>\n<!-- \/ Yoast SEO Premium plugin. -->","yoast_head_json":{"title":"Gelato CBD 21% \u00c0 partir de 3,6\u20ac\/g - Blumiz - Premium CBD","description":"Gelato CBD 21% A partir de 3,6\u20ac\/g - Gelato est une fleur de cannabis l\u00e9gale en France....Livraison rapide, discr\u00e8te et sans odeur. Blumiz-expert en CBD","robots":{"index":"index","follow":"follow","max-snippet":"max-snippet:-1","max-image-preview":"max-image-preview:large","max-video-preview":"max-video-preview:-1"},"canonical":"https:\/\/blumiz.com\/fr\/produit\/gelato-cbd\/","og_locale":"fr_FR","og_type":"article","og_title":"Gelato - Fleur CBD 21%.","og_description":"Gelato - Fleur CBD 21%. Blumiz - Premium CBD","og_url":"https:\/\/blumiz.com\/fr\/produit\/gelato-cbd\/","og_site_name":"Blumiz - Premium CBD","article_modified_time":"2025-06-02T18:16:50+00:00","og_image":[{"width":600,"height":600,"url":"https:\/\/blumiz.com\/wp-content\/uploads\/2022\/08\/GELATO-BAG-BLUMIZ.webp","type":"image\/webp"}],"twitter_card":"summary_large_image","twitter_misc":{"Disponibilit\u00e9":"En stock"},"schema":{"@context":"https:\/\/schema.org","@graph":[{"@type":"WebPage","@id":"https:\/\/blumiz.com\/fr\/produit\/gelato-cbd\/","url":"https:\/\/blumiz.com\/fr\/produit\/gelato-cbd\/","name":"Gelato CBD 21% \u00c0 partir de 3,6\u20ac\/g - Blumiz - Premium CBD","isPartOf":{"@id":"https:\/\/blumiz.com\/fr\/#website"},"primaryImageOfPage":{"@id":"https:\/\/blumiz.com\/fr\/produit\/gelato-cbd\/#primaryimage"},"image":{"@id":"https:\/\/blumiz.com\/fr\/produit\/gelato-cbd\/#primaryimage"},"thumbnailUrl":"https:\/\/blumiz.com\/wp-content\/uploads\/2022\/08\/GELATO-BAG-BLUMIZ.webp","datePublished":"2020-10-20T13:16:46+00:00","dateModified":"2025-06-02T18:16:50+00:00","description":"Gelato CBD 21% A partir de 3,6\u20ac\/g - Gelato est une fleur de cannabis l\u00e9gale en France....Livraison rapide, discr\u00e8te et sans odeur. Blumiz-expert en CBD","breadcrumb":{"@id":"https:\/\/blumiz.com\/fr\/produit\/gelato-cbd\/#breadcrumb"},"inLanguage":"fr-FR","potentialAction":[{"@type":"ReadAction","target":["https:\/\/blumiz.com\/fr\/produit\/gelato-cbd\/"]}]},{"@type":"ImageObject","inLanguage":"fr-FR","@id":"https:\/\/blumiz.com\/fr\/produit\/gelato-cbd\/#primaryimage","url":"https:\/\/blumiz.com\/wp-content\/uploads\/2022\/08\/GELATO-BAG-BLUMIZ.webp","contentUrl":"https:\/\/blumiz.com\/wp-content\/uploads\/2022\/08\/GELATO-BAG-BLUMIZ.webp","width":600,"height":600},{"@type":"BreadcrumbList","@id":"https:\/\/blumiz.com\/fr\/produit\/gelato-cbd\/#breadcrumb","itemListElement":[{"@type":"ListItem","position":1,"name":"Blumiz","item":"https:\/\/blumiz.com\/fr\/"},{"@type":"ListItem","position":2,"name":"CBD Shop","item":"https:\/\/blumiz.com\/fr\/acheter-cbd-shop\/"},{"@type":"ListItem","position":3,"name":"Fleurs de CBD","item":"https:\/\/blumiz.com\/fr\/category\/fleurs-de-cbd\/"},{"@type":"ListItem","position":4,"name":"Gelato &#8211; Fleur CBD 21%."}]},{"@type":"WebSite","@id":"https:\/\/blumiz.com\/fr\/#website","url":"https:\/\/blumiz.com\/fr\/","name":"Blumiz - Premium CBD","description":"Blumiz, Cannabis specialist","publisher":{"@id":"https:\/\/blumiz.com\/fr\/#organization"},"alternateName":"Blumiz","potentialAction":[{"@type":"SearchAction","target":{"@type":"EntryPoint","urlTemplate":"https:\/\/blumiz.com\/fr\/?s={search_term_string}"},"query-input":{"@type":"PropertyValueSpecification","valueRequired":true,"valueName":"search_term_string"}}],"inLanguage":"fr-FR"},{"@type":"Organization","@id":"https:\/\/blumiz.com\/fr\/#organization","name":"Blumiz CBD","alternateName":"Blumiz","url":"https:\/\/blumiz.com\/fr\/","logo":{"@type":"ImageObject","inLanguage":"fr-FR","@id":"https:\/\/blumiz.com\/fr\/#\/schema\/logo\/image\/","url":"https:\/\/blumiz.com\/wp-content\/uploads\/2026\/02\/cropped-Blumiz-CBD-logo.webp","contentUrl":"https:\/\/blumiz.com\/wp-content\/uploads\/2026\/02\/cropped-Blumiz-CBD-logo.webp","width":2547,"height":778,"caption":"Blumiz CBD"},"image":{"@id":"https:\/\/blumiz.com\/fr\/#\/schema\/logo\/image\/"}}]},"og_availability":"instock","product_availability":"instock","product_retailer_item_id":"57325","product_condition":"new"},"_links":{"self":[{"href":"https:\/\/blumiz.com\/fr\/wp-json\/wp\/v2\/product\/7998","targetHints":{"allow":["GET"]}}],"collection":[{"href":"https:\/\/blumiz.com\/fr\/wp-json\/wp\/v2\/product"}],"about":[{"href":"https:\/\/blumiz.com\/fr\/wp-json\/wp\/v2\/types\/product"}],"replies":[{"embeddable":true,"href":"https:\/\/blumiz.com\/fr\/wp-json\/wp\/v2\/comments?post=7998"}],"version-history":[{"count":0,"href":"https:\/\/blumiz.com\/fr\/wp-json\/wp\/v2\/product\/7998\/revisions"}],"wp:featuredmedia":[{"embeddable":true,"href":"https:\/\/blumiz.com\/fr\/wp-json\/wp\/v2\/media\/6677"}],"wp:attachment":[{"href":"https:\/\/blumiz.com\/fr\/wp-json\/wp\/v2\/media?parent=7998"}],"wp:term":[{"taxonomy":"product_brand","embeddable":true,"href":"https:\/\/blumiz.com\/fr\/wp-json\/wp\/v2\/product_brand?post=7998"},{"taxonomy":"product_cat","embeddable":true,"href":"https:\/\/blumiz.com\/fr\/wp-json\/wp\/v2\/product_cat?post=7998"},{"taxonomy":"product_tag","embeddable":true,"href":"https:\/\/blumiz.com\/fr\/wp-json\/wp\/v2\/product_tag?post=7998"}],"curies":[{"name":"wp","href":"https:\/\/api.w.org\/{rel}","templated":true}]}}