{"id":8005,"date":"2021-12-20T14:16:44","date_gmt":"2021-12-20T13:16:44","guid":{"rendered":"https:\/\/blumiz.com\/produkt\/acdc-cbd-fleur-cbd-13\/"},"modified":"2025-02-06T21:38:24","modified_gmt":"2025-02-06T20:38:24","slug":"acdc-cbd","status":"publish","type":"product","link":"https:\/\/blumiz.com\/fr\/produit\/acdc-cbd\/","title":{"rendered":"ACDC CBD &#8211; Fleur CBD 13%."},"content":{"rendered":"<h2><span style=\"color: #107d85;\">Fleur CBD ACDC CBD Outdoor 13 %.  <\/span><\/h2>\n<h4><span style=\"color: #ff6600;\">L&#8217;origine de l&#8217;ACDC CBD  <\/span><\/h4>\n<p>La vari\u00e9t\u00e9 de chanvre ACDC CBD, originaire de Californie, est un <strong>hybride naturellement riche en CBD<\/strong>. Issue d&#8217;un croisement scientifique entre Ruderalis et Cannatonic, l&#8217;ACDC est connue pour <strong>ses effets relaxants et son action positive contre la douleur et l&#8217;anxi\u00e9t\u00e9<\/strong>. Gr\u00e2ce \u00e0 sa <strong>dominance sativa<\/strong>, cette vari\u00e9t\u00e9 est id\u00e9ale pour une consommation en journ\u00e9e.<\/p>\n<p>En outre, il est important de souligner que cette fleur d&#8217;ACDC est totalement exempte de THC (t\u00e9trahydrocannabinol), la mol\u00e9cule responsable des effets psychoactifs du cannabis. Seul le CBD (cannabidiol) et donc les <strong>vertus th\u00e9rapeutiques du chanvre<\/strong> vous sont propos\u00e9s avec cette fleur ACDC. Cultiv\u00e9es selon les lois europ\u00e9ennes et les r\u00e8gles de l&#8217;art, les Fleur CBD ACDC sont soumises \u00e0 plusieurs contr\u00f4les qui attestent de leur qualit\u00e9 optimale.<\/p>\n<h4><span style=\"color: #ff6600;\">Les avantages de l&#8217;ACDC<\/span><\/h4>\n<p>Avec ses <strong>13 % de CBD<\/strong>, la vari\u00e9t\u00e9 ACDC est parfaitement \u00e9quilibr\u00e9e et peut satisfaire la plupart des consommateurs. <strong>Ni trop forte ni trop faible<\/strong>, cette teneur en CBD vous offre un <strong>effet relaxant presque imm\u00e9diat<\/strong>, sans effets psychoactifs ou s\u00e9datifs.  Gr\u00e2ce \u00e0 son <strong>h\u00e9ritage sativa<\/strong>, vous ne vous endormirez pas. Au contraire, cette vari\u00e9t\u00e9 de chanvre est plut\u00f4t <strong>stimulante au niveau c\u00e9r\u00e9bral<\/strong>. Elle est souvent utilis\u00e9e pour soulager <strong>les douleurs chroniques, d\u00e9tendre les muscles et lutter contre le stress et l&#8217;anxi\u00e9t\u00e9<\/strong>.<\/p>\n<p>Consomm\u00e9 tout au long de la journ\u00e9e, il <strong>am\u00e9liore<\/strong> <strong>votre concentration, votre motivation et votre productivit\u00e9<\/strong>. Pris le soir, <strong>il favorise le sommeil et permet un sommeil r\u00e9parateur<\/strong>. Douce et relaxante, la fleur de CBD ACDC vous fait simplement vous sentir plus heureux et beaucoup moins stress\u00e9.<\/p>\n<h4><span style=\"color: #ff6600;\">Saveurs d&#8217;ACDC<\/span><\/h4>\n<p>ACDC Flower se caract\u00e9rise par de <strong>d\u00e9licates notes de miel et de citron<\/strong>, renforc\u00e9es par un <strong>arri\u00e8re-go\u00fbt terreux et bois\u00e9<\/strong>.<\/p>\n<p>Si vous avez le nez suffisamment fin, vous pouvez sentir les odeurs <strong>d&#8217;agrumes et de diesel<\/strong> d\u00e8s que vous les \u00e9miettez. Pour consommer vos fleurs ACDC de mani\u00e8re saine, vous pouvez les <strong>faire infuser dans une boisson chaude<\/strong> ou <strong>utiliser un vaporisateur de qualit\u00e9<\/strong> si vous pr\u00e9f\u00e9rez l&#8217;inhalation. D&#8217;une mani\u00e8re ou d&#8217;une autre, vous serez s\u00e9duit par ses <strong>notes \u00e0 la fois douces et \u00e9pic\u00e9es<\/strong> qui enivreront la pi\u00e8ce. Des <strong>ar\u00f4mes apaisants et de puissants effets relaxants<\/strong>, voil\u00e0 ce que vous pouvez attendre de l&#8217;incroyable fleur de CBD ACDC.<\/p>\n<p>Si vous recherchez d&#8217;autres vari\u00e9t\u00e9s \u00e0 un bon prix, nous vous recommandons \u00e9galement d&#8217;essayer notre <a href=\"https:\/\/blumiz.com\/produit\/skunk-cbd-original\/\">Skunk Original<\/a> ou notre <a href=\"https:\/\/blumiz.com\/produit\/cbd-small-bud-indoor-mix-9\/\">Small Buds Mix Indoor<\/a>.<\/p>\n<p>Si vous recherchez une vari\u00e9t\u00e9 de qualit\u00e9 sup\u00e9rieure, nous vous recommandons <a href=\"https:\/\/blumiz.com\/produit\/ivory-cbd\/\">Ivory<\/a> ou <a href=\"https:\/\/blumiz.com\/produit\/amnesia-cbd\/\">Amnesia<\/a>.<\/p>\n<h4><\/h4>\n<h4><span style=\"color: #ff6600;\">Plus d&#8217;informations :<\/span><\/h4>\n<p>Ces produits naturels CBD ne sont pas contamin\u00e9s par des herbicides, des pesticides ou des engrais chimiques et sont en grande partie inodores et emball\u00e9s dans des sachets \u00e0 fond plat opaques.<\/p>\n<p>D\u00e9couvrez ici \u00e9galement notre <a href=\"https:\/\/blumiz.com\/fr\/category\/hash-et-concentres\/\">HASH CBD<\/a><\/p>\n<p>Une question, vous avez besoin d&#8217;aide ? <a href=\"https:\/\/blumiz.com\/hilfe-und-faqs\/\">Cliquez ici pour d\u00e9couvrir notre centre d&#8217;aide.<\/a><\/p>\n<p>D\u00e9couvrez nos <a href=\"https:\/\/blumiz.com\/fr\/category\/headshop\/\">produits et accessoires Headshop<\/a> pour profiter de vos vari\u00e9t\u00e9s pr\u00e9f\u00e9r\u00e9es<\/p>\n<p>&nbsp;<\/p>\n<p>&nbsp;<\/p>\n","protected":false},"excerpt":{"rendered":"<h4><span style=\"color: #107d85;\">Fleur CBD <\/span><span style=\"color: #107d85;\">ACDC CBD Outdoor 13% de cannabis <\/span> <\/h4>\n<p>Effet et go\u00fbt au rendez-vous avec la Bud de CBD ACDC<\/p>\n<p>Enrichies de 13 % de CBD, les Fleur CBD ACDC sont parfaites pour se d\u00e9tendre. Cette vari\u00e9t\u00e9 cultiv\u00e9e en Outdoor contient moins de 0,3 % de THC et r\u00e9v\u00e8le des ar\u00f4mes de pin et de citron.<\/p>\n","protected":false},"featured_media":6710,"comment_status":"open","ping_status":"closed","template":"","meta":{"site-sidebar-layout":"default","site-content-layout":"default","ast-site-content-layout":"default","site-content-style":"default","site-sidebar-style":"default","ast-global-header-display":"","ast-banner-title-visibility":"","ast-main-header-display":"","ast-hfb-above-header-display":"","ast-hfb-below-header-display":"","ast-hfb-mobile-header-display":"","site-post-title":"","ast-breadcrumbs-content":"","ast-featured-img":"","footer-sml-layout":"","ast-disable-related-posts":"","theme-transparent-header-meta":"default","adv-header-id-meta":"","stick-header-meta":"default","header-above-stick-meta":"","header-main-stick-meta":"","header-below-stick-meta":"","astra-migrate-meta-layouts":"default","ast-page-background-enabled":"default","ast-page-background-meta":{"desktop":{"background-color":"","background-image":"","background-repeat":"repeat","background-position":"center center","background-size":"auto","background-attachment":"scroll","background-type":"","background-media":"","overlay-type":"","overlay-color":"","overlay-opacity":"","overlay-gradient":""},"tablet":{"background-color":"","background-image":"","background-repeat":"repeat","background-position":"center center","background-size":"auto","background-attachment":"scroll","background-type":"","background-media":"","overlay-type":"","overlay-color":"","overlay-opacity":"","overlay-gradient":""},"mobile":{"background-color":"","background-image":"","background-repeat":"repeat","background-position":"center center","background-size":"auto","background-attachment":"scroll","background-type":"","background-media":"","overlay-type":"","overlay-color":"","overlay-opacity":"","overlay-gradient":""}},"ast-content-background-meta":{"desktop":{"background-color":"var(--ast-global-color-5)","background-image":"","background-repeat":"repeat","background-position":"center center","background-size":"auto","background-attachment":"scroll","background-type":"","background-media":"","overlay-type":"","overlay-color":"","overlay-opacity":"","overlay-gradient":""},"tablet":{"background-color":"var(--ast-global-color-5)","background-image":"","background-repeat":"repeat","background-position":"center center","background-size":"auto","background-attachment":"scroll","background-type":"","background-media":"","overlay-type":"","overlay-color":"","overlay-opacity":"","overlay-gradient":""},"mobile":{"background-color":"var(--ast-global-color-5)","background-image":"","background-repeat":"repeat","background-position":"center center","background-size":"auto","background-attachment":"scroll","background-type":"","background-media":"","overlay-type":"","overlay-color":"","overlay-opacity":"","overlay-gradient":""}}},"product_brand":[],"product_cat":[304,164,161,166],"product_tag":[201,205],"class_list":{"0":"post-8005","1":"product","2":"type-product","3":"status-publish","4":"has-post-thumbnail","6":"product_cat-cbd-fr","7":"product_cat-fleur-cbd-pas-cher","8":"product_cat-fleurs-de-cbd","9":"product_cat-fleur-cbd-outdoor","10":"product_tag-fleurs-cbd-pas-cher","11":"product_tag-outdoor-cbd-fr","12":"pa_cbd-rate-10-a-20-cbd","13":"pa_kategorie-fleur-cbd-pas-cher","14":"pa_kategorie-outdoor-fr","15":"desktop-align-left","16":"tablet-align-center","17":"mobile-align-left","18":"ast-product-gallery-layout-vertical","19":"ast-magnify-disabled","20":"ast-product-single-variable","21":"ast-product-tabs-layout-horizontal","23":"first","24":"instock","25":"taxable","26":"shipping-taxable","27":"purchasable","28":"product-type-variable"},"yoast_head":"<!-- This site is optimized with the Yoast SEO Premium plugin v27.2 (Yoast SEO v27.5) - https:\/\/yoast.com\/product\/yoast-seo-premium-wordpress\/ -->\n<title>ACDC CBD 13% Outdoor \u00c0 partir de1,80\u20ac\/g CBD bon march\u00e9 France<\/title>\n<meta name=\"description\" content=\"ACDC CBD 13% Outdoor \u00c0 partir de 1,80\u20ac\/g CBD pas cher l\u00e9gal en France. Cette fleur est l&#039;une des vari\u00e9t\u00e9s les plus populaires. Qualit\u00e9 premium en France\" \/>\n<meta name=\"robots\" content=\"index, follow, max-snippet:-1, max-image-preview:large, max-video-preview:-1\" \/>\n<link rel=\"canonical\" href=\"https:\/\/blumiz.com\/fr\/produit\/acdc-cbd\/\" \/>\n<meta property=\"og:locale\" content=\"fr_FR\" \/>\n<meta property=\"og:type\" content=\"article\" \/>\n<meta property=\"og:title\" content=\"ACDC CBD - Fleur CBD 13%.\" \/>\n<meta property=\"og:description\" content=\"ACDC CBD - Fleur CBD 13%. Blumiz - Premium CBD\" \/>\n<meta property=\"og:url\" content=\"https:\/\/blumiz.com\/fr\/produit\/acdc-cbd\/\" \/>\n<meta property=\"og:site_name\" content=\"Blumiz - Premium CBD\" \/>\n<meta property=\"article:modified_time\" content=\"2025-02-06T20:38:24+00:00\" \/>\n<meta property=\"og:image\" content=\"https:\/\/blumiz.com\/wp-content\/uploads\/2022\/08\/ACDC-BAG-BLUMIZ.webp\" \/>\n\t<meta property=\"og:image:width\" content=\"600\" \/>\n\t<meta property=\"og:image:height\" content=\"600\" \/>\n\t<meta property=\"og:image:type\" content=\"image\/webp\" \/>\n<meta name=\"twitter:card\" content=\"summary_large_image\" \/>\n<meta name=\"twitter:label1\" content=\"Disponibilit\u00e9\" \/>\n\t<meta name=\"twitter:data1\" content=\"En stock\" \/>\n<script type=\"application\/ld+json\" class=\"yoast-schema-graph\">{\"@context\":\"https:\\\/\\\/schema.org\",\"@graph\":[{\"@type\":\"WebPage\",\"@id\":\"https:\\\/\\\/blumiz.com\\\/fr\\\/produit\\\/acdc-cbd\\\/\",\"url\":\"https:\\\/\\\/blumiz.com\\\/fr\\\/produit\\\/acdc-cbd\\\/\",\"name\":\"ACDC CBD 13% Outdoor \u00c0 partir de1,80\u20ac\\\/g CBD bon march\u00e9 France\",\"isPartOf\":{\"@id\":\"https:\\\/\\\/blumiz.com\\\/fr\\\/#website\"},\"primaryImageOfPage\":{\"@id\":\"https:\\\/\\\/blumiz.com\\\/fr\\\/produit\\\/acdc-cbd\\\/#primaryimage\"},\"image\":{\"@id\":\"https:\\\/\\\/blumiz.com\\\/fr\\\/produit\\\/acdc-cbd\\\/#primaryimage\"},\"thumbnailUrl\":\"https:\\\/\\\/blumiz.com\\\/wp-content\\\/uploads\\\/2022\\\/08\\\/ACDC-BAG-BLUMIZ.webp\",\"datePublished\":\"2021-12-20T13:16:44+00:00\",\"dateModified\":\"2025-02-06T20:38:24+00:00\",\"description\":\"ACDC CBD 13% Outdoor \u00c0 partir de 1,80\u20ac\\\/g CBD pas cher l\u00e9gal en France. Cette fleur est l'une des vari\u00e9t\u00e9s les plus populaires. Qualit\u00e9 premium en France\",\"breadcrumb\":{\"@id\":\"https:\\\/\\\/blumiz.com\\\/fr\\\/produit\\\/acdc-cbd\\\/#breadcrumb\"},\"inLanguage\":\"fr-FR\",\"potentialAction\":[{\"@type\":\"ReadAction\",\"target\":[\"https:\\\/\\\/blumiz.com\\\/fr\\\/produit\\\/acdc-cbd\\\/\"]}]},{\"@type\":\"ImageObject\",\"inLanguage\":\"fr-FR\",\"@id\":\"https:\\\/\\\/blumiz.com\\\/fr\\\/produit\\\/acdc-cbd\\\/#primaryimage\",\"url\":\"https:\\\/\\\/blumiz.com\\\/wp-content\\\/uploads\\\/2022\\\/08\\\/ACDC-BAG-BLUMIZ.webp\",\"contentUrl\":\"https:\\\/\\\/blumiz.com\\\/wp-content\\\/uploads\\\/2022\\\/08\\\/ACDC-BAG-BLUMIZ.webp\",\"width\":600,\"height\":600},{\"@type\":\"BreadcrumbList\",\"@id\":\"https:\\\/\\\/blumiz.com\\\/fr\\\/produit\\\/acdc-cbd\\\/#breadcrumb\",\"itemListElement\":[{\"@type\":\"ListItem\",\"position\":1,\"name\":\"Blumiz\",\"item\":\"https:\\\/\\\/blumiz.com\\\/fr\\\/\"},{\"@type\":\"ListItem\",\"position\":2,\"name\":\"CBD Shop\",\"item\":\"https:\\\/\\\/blumiz.com\\\/fr\\\/acheter-cbd-shop\\\/\"},{\"@type\":\"ListItem\",\"position\":3,\"name\":\"Fleurs de CBD\",\"item\":\"https:\\\/\\\/blumiz.com\\\/fr\\\/category\\\/fleurs-de-cbd\\\/\"},{\"@type\":\"ListItem\",\"position\":4,\"name\":\"ACDC CBD &#8211; Fleur CBD 13%.\"}]},{\"@type\":\"WebSite\",\"@id\":\"https:\\\/\\\/blumiz.com\\\/fr\\\/#website\",\"url\":\"https:\\\/\\\/blumiz.com\\\/fr\\\/\",\"name\":\"Blumiz - Premium CBD\",\"description\":\"Blumiz, Cannabis specialist\",\"publisher\":{\"@id\":\"https:\\\/\\\/blumiz.com\\\/fr\\\/#organization\"},\"alternateName\":\"Blumiz\",\"potentialAction\":[{\"@type\":\"SearchAction\",\"target\":{\"@type\":\"EntryPoint\",\"urlTemplate\":\"https:\\\/\\\/blumiz.com\\\/fr\\\/?s={search_term_string}\"},\"query-input\":{\"@type\":\"PropertyValueSpecification\",\"valueRequired\":true,\"valueName\":\"search_term_string\"}}],\"inLanguage\":\"fr-FR\"},{\"@type\":\"Organization\",\"@id\":\"https:\\\/\\\/blumiz.com\\\/fr\\\/#organization\",\"name\":\"Blumiz CBD\",\"alternateName\":\"Blumiz\",\"url\":\"https:\\\/\\\/blumiz.com\\\/fr\\\/\",\"logo\":{\"@type\":\"ImageObject\",\"inLanguage\":\"fr-FR\",\"@id\":\"https:\\\/\\\/blumiz.com\\\/fr\\\/#\\\/schema\\\/logo\\\/image\\\/\",\"url\":\"https:\\\/\\\/blumiz.com\\\/wp-content\\\/uploads\\\/2026\\\/02\\\/cropped-Blumiz-CBD-logo.webp\",\"contentUrl\":\"https:\\\/\\\/blumiz.com\\\/wp-content\\\/uploads\\\/2026\\\/02\\\/cropped-Blumiz-CBD-logo.webp\",\"width\":2547,\"height\":778,\"caption\":\"Blumiz CBD\"},\"image\":{\"@id\":\"https:\\\/\\\/blumiz.com\\\/fr\\\/#\\\/schema\\\/logo\\\/image\\\/\"}}]}<\/script>\n<meta property=\"og:availability\" content=\"instock\" \/>\n<meta property=\"product:availability\" content=\"instock\" \/>\n<meta property=\"product:retailer_item_id\" content=\"28892\" \/>\n<meta property=\"product:condition\" content=\"new\" \/>\n<!-- \/ Yoast SEO Premium plugin. -->","yoast_head_json":{"title":"ACDC CBD 13% Outdoor \u00c0 partir de1,80\u20ac\/g CBD bon march\u00e9 France","description":"ACDC CBD 13% Outdoor \u00c0 partir de 1,80\u20ac\/g CBD pas cher l\u00e9gal en France. Cette fleur est l'une des vari\u00e9t\u00e9s les plus populaires. Qualit\u00e9 premium en France","robots":{"index":"index","follow":"follow","max-snippet":"max-snippet:-1","max-image-preview":"max-image-preview:large","max-video-preview":"max-video-preview:-1"},"canonical":"https:\/\/blumiz.com\/fr\/produit\/acdc-cbd\/","og_locale":"fr_FR","og_type":"article","og_title":"ACDC CBD - Fleur CBD 13%.","og_description":"ACDC CBD - Fleur CBD 13%. Blumiz - Premium CBD","og_url":"https:\/\/blumiz.com\/fr\/produit\/acdc-cbd\/","og_site_name":"Blumiz - Premium CBD","article_modified_time":"2025-02-06T20:38:24+00:00","og_image":[{"width":600,"height":600,"url":"https:\/\/blumiz.com\/wp-content\/uploads\/2022\/08\/ACDC-BAG-BLUMIZ.webp","type":"image\/webp"}],"twitter_card":"summary_large_image","twitter_misc":{"Disponibilit\u00e9":"En stock"},"schema":{"@context":"https:\/\/schema.org","@graph":[{"@type":"WebPage","@id":"https:\/\/blumiz.com\/fr\/produit\/acdc-cbd\/","url":"https:\/\/blumiz.com\/fr\/produit\/acdc-cbd\/","name":"ACDC CBD 13% Outdoor \u00c0 partir de1,80\u20ac\/g CBD bon march\u00e9 France","isPartOf":{"@id":"https:\/\/blumiz.com\/fr\/#website"},"primaryImageOfPage":{"@id":"https:\/\/blumiz.com\/fr\/produit\/acdc-cbd\/#primaryimage"},"image":{"@id":"https:\/\/blumiz.com\/fr\/produit\/acdc-cbd\/#primaryimage"},"thumbnailUrl":"https:\/\/blumiz.com\/wp-content\/uploads\/2022\/08\/ACDC-BAG-BLUMIZ.webp","datePublished":"2021-12-20T13:16:44+00:00","dateModified":"2025-02-06T20:38:24+00:00","description":"ACDC CBD 13% Outdoor \u00c0 partir de 1,80\u20ac\/g CBD pas cher l\u00e9gal en France. Cette fleur est l'une des vari\u00e9t\u00e9s les plus populaires. Qualit\u00e9 premium en France","breadcrumb":{"@id":"https:\/\/blumiz.com\/fr\/produit\/acdc-cbd\/#breadcrumb"},"inLanguage":"fr-FR","potentialAction":[{"@type":"ReadAction","target":["https:\/\/blumiz.com\/fr\/produit\/acdc-cbd\/"]}]},{"@type":"ImageObject","inLanguage":"fr-FR","@id":"https:\/\/blumiz.com\/fr\/produit\/acdc-cbd\/#primaryimage","url":"https:\/\/blumiz.com\/wp-content\/uploads\/2022\/08\/ACDC-BAG-BLUMIZ.webp","contentUrl":"https:\/\/blumiz.com\/wp-content\/uploads\/2022\/08\/ACDC-BAG-BLUMIZ.webp","width":600,"height":600},{"@type":"BreadcrumbList","@id":"https:\/\/blumiz.com\/fr\/produit\/acdc-cbd\/#breadcrumb","itemListElement":[{"@type":"ListItem","position":1,"name":"Blumiz","item":"https:\/\/blumiz.com\/fr\/"},{"@type":"ListItem","position":2,"name":"CBD Shop","item":"https:\/\/blumiz.com\/fr\/acheter-cbd-shop\/"},{"@type":"ListItem","position":3,"name":"Fleurs de CBD","item":"https:\/\/blumiz.com\/fr\/category\/fleurs-de-cbd\/"},{"@type":"ListItem","position":4,"name":"ACDC CBD &#8211; Fleur CBD 13%."}]},{"@type":"WebSite","@id":"https:\/\/blumiz.com\/fr\/#website","url":"https:\/\/blumiz.com\/fr\/","name":"Blumiz - Premium CBD","description":"Blumiz, Cannabis specialist","publisher":{"@id":"https:\/\/blumiz.com\/fr\/#organization"},"alternateName":"Blumiz","potentialAction":[{"@type":"SearchAction","target":{"@type":"EntryPoint","urlTemplate":"https:\/\/blumiz.com\/fr\/?s={search_term_string}"},"query-input":{"@type":"PropertyValueSpecification","valueRequired":true,"valueName":"search_term_string"}}],"inLanguage":"fr-FR"},{"@type":"Organization","@id":"https:\/\/blumiz.com\/fr\/#organization","name":"Blumiz CBD","alternateName":"Blumiz","url":"https:\/\/blumiz.com\/fr\/","logo":{"@type":"ImageObject","inLanguage":"fr-FR","@id":"https:\/\/blumiz.com\/fr\/#\/schema\/logo\/image\/","url":"https:\/\/blumiz.com\/wp-content\/uploads\/2026\/02\/cropped-Blumiz-CBD-logo.webp","contentUrl":"https:\/\/blumiz.com\/wp-content\/uploads\/2026\/02\/cropped-Blumiz-CBD-logo.webp","width":2547,"height":778,"caption":"Blumiz CBD"},"image":{"@id":"https:\/\/blumiz.com\/fr\/#\/schema\/logo\/image\/"}}]},"og_availability":"instock","product_availability":"instock","product_retailer_item_id":"28892","product_condition":"new"},"_links":{"self":[{"href":"https:\/\/blumiz.com\/fr\/wp-json\/wp\/v2\/product\/8005","targetHints":{"allow":["GET"]}}],"collection":[{"href":"https:\/\/blumiz.com\/fr\/wp-json\/wp\/v2\/product"}],"about":[{"href":"https:\/\/blumiz.com\/fr\/wp-json\/wp\/v2\/types\/product"}],"replies":[{"embeddable":true,"href":"https:\/\/blumiz.com\/fr\/wp-json\/wp\/v2\/comments?post=8005"}],"version-history":[{"count":0,"href":"https:\/\/blumiz.com\/fr\/wp-json\/wp\/v2\/product\/8005\/revisions"}],"wp:featuredmedia":[{"embeddable":true,"href":"https:\/\/blumiz.com\/fr\/wp-json\/wp\/v2\/media\/6710"}],"wp:attachment":[{"href":"https:\/\/blumiz.com\/fr\/wp-json\/wp\/v2\/media?parent=8005"}],"wp:term":[{"taxonomy":"product_brand","embeddable":true,"href":"https:\/\/blumiz.com\/fr\/wp-json\/wp\/v2\/product_brand?post=8005"},{"taxonomy":"product_cat","embeddable":true,"href":"https:\/\/blumiz.com\/fr\/wp-json\/wp\/v2\/product_cat?post=8005"},{"taxonomy":"product_tag","embeddable":true,"href":"https:\/\/blumiz.com\/fr\/wp-json\/wp\/v2\/product_tag?post=8005"}],"curies":[{"name":"wp","href":"https:\/\/api.w.org\/{rel}","templated":true}]}}