{"id":8020,"date":"2021-06-05T18:30:14","date_gmt":"2021-06-05T18:30:14","guid":{"rendered":"https:\/\/blumiz.com\/produkt\/afghan-hash-cbd-30\/"},"modified":"2025-10-07T10:05:14","modified_gmt":"2025-10-07T09:05:14","slug":"afgan-hash-cbd-30","status":"publish","type":"product","link":"https:\/\/blumiz.com\/fr\/produit\/afgan-hash-cbd-30\/","title":{"rendered":"Hash CBD Afghan 30%"},"content":{"rendered":"<h2><span style=\"color: #107d85;\">Hash CBD Afghan 30%<\/span><\/h2>\n<h4><span style=\"color: #ff6600;\">Du haschisch CBD hautement concentr\u00e9 pour des effets relaxants puissants !<\/span><\/h4>\n<p>Succombez au meilleur Hash CBD afghan en provenance directe d&#8217;Orient. Les fleurs qui le composent proviennent directement d&#8217;Afghanistan, le berceau de la culture du chanvre. Le haschisch CBD afghan de qualit\u00e9 sup\u00e9rieure est une valeur s\u00fbre ! Vous aimerez ses ar\u00f4mes \u00e9pic\u00e9s, associ\u00e9s \u00e0 des notes bois\u00e9es qui vous feront voyager. Un haschisch CBD premium aux ar\u00f4mes tr\u00e8s singuliers qui lui ont valu sa r\u00e9putation. Ce haschisch au CBD vous d\u00e9tendra en un rien de temps gr\u00e2ce \u00e0 sa forte concentration en cannabidiol (30 %) ! \u00c0 utiliser si vous \u00eates un consommateur habitu\u00e9 au chanvre.<\/p>\n<p>Ce haschisch CBD afghan est particuli\u00e8rement appr\u00e9ci\u00e9 pour ses ar\u00f4mes distinctifs, mais aussi pour sa texture sirupeuse, dense et mall\u00e9able, qui se m\u00e9lange bien avec une infusion ou dans une pr\u00e9paration culinaire. Il est reconnaissable \u00e0 son aspect fonc\u00e9 caract\u00e9ristique.<\/p>\n<p>Nous proposons \u00e9galement cette <a href=\"https:\/\/blumiz.com\/produit\/gold-cbd-hash-afgano-25\/\">version du hachis afghan recouverte d&#8217;une feuille d&#8217;or<\/a> pour impressionner vos amis ou simplement les rendre heureux.<\/p>\n<p>D\u00e9riv\u00e9 de fleurs de chanvre \u00e0 dominante sativa cultiv\u00e9es en int\u00e9rieur, avec des t\u00eates denses, le hasch Afghan Premium est un produit haut de gamme. Nos hachis cbd sont issus de l&#8217;agriculture biologique et sont certifi\u00e9s sans additifs. Ils ont \u00e9t\u00e9 soumis \u00e0 un contr\u00f4le de qualit\u00e9 rigoureux en laboratoire.<\/p>\n<p>Ce haschisch CBD est 100 % naturel. Riche en terp\u00e8nes, il vous permet de profiter des nombreux bienfaits du chanvre. Anti-inflammatoire, apaisant, relaxant&#8230; Le haschisch CBD vous apportera une satisfaction totale. L&#8217;essayer, c&#8217;est l&#8217;accepter !<\/p>\n<p>Sans THC, le hasch afghan de qualit\u00e9 sup\u00e9rieure peut \u00eatre consomm\u00e9 en toute s\u00e9curit\u00e9 pour votre sant\u00e9. Aucune accoutumance n&#8217;est possible et aucun effet psychotrope n&#8217;est \u00e0 prendre en compte.<\/p>\n<p>Un produit l\u00e9gendaire que vous pouvez tester sans attendre. Vous ne serez pas d\u00e9\u00e7u !<\/p>\n<h4><span style=\"color: #ff6600;\">D\u00e9couvrez aussi notre <a style=\"color: #ff6600;\" href=\"\/?product_cat=cbd-blueten\">CBD Flower Shop<\/a> pour compl\u00e9ter votre haschisch<\/span><\/h4>\n<p>Fleur CBD sont disponibles en diff\u00e9rentes saveurs et concentrations de CBD. Nos fleurs de CBD sont soumises \u00e0 des crit\u00e8res de qualit\u00e9 externes stricts. Nos produits sont aussi vendus en tant que mati\u00e8res premi\u00e8res et sont exempts d&#8217;additifs chimiques et d&#8217;impuret\u00e9s.<\/p>\n<p>D\u00e9couvrez nos <a href=\"https:\/\/blumiz.com\/fr\/category\/headshop\/\">produits et accessoires Headshop<\/a> pour profiter de vos vari\u00e9t\u00e9s pr\u00e9f\u00e9r\u00e9es<\/p>\n<h4><span style=\"color: #ff6600;\">Commander chez Blumiz signifie<\/span><\/h4>\n<p>&#8211; Livraison rapide, discr\u00e8te et inodore<br \/>\n&#8211; Produits certifi\u00e9s de qualit\u00e9 et en laboratoire<br \/>\n&#8211; Des prix imbattables, car nous fabriquons nous-m\u00eames nos produits<\/p>\n<p>D\u00e9couvrez ici \u00e9galement nos <a href=\"\/?product_cat=cbd-blueten\">Fleurs de CBD!<\/a><\/p>\n<p>Une question, vous avez besoin d&#8217;aide ? <a href=\"https:\/\/blumiz.com\/hilfe-und-faqs\/\">Cliquez ici pour d\u00e9couvrir notre centre d&#8217;aide.<\/a><\/p>\n","protected":false},"excerpt":{"rendered":"<h4><span style=\"color: #107d85;\">Hash CBD afghane 30%<\/span><\/h4>\n<p>La l\u00e9gende du hasch CBD aux notes \u00e9pic\u00e9es et bois\u00e9es de qualit\u00e9 sup\u00e9rieure<\/p>\n<p>En route pour une exp\u00e9rience gustative exceptionnelle ! D\u00e9couvrez le meilleur haschisch au CBD tout droit venu d&#8217;Orient. Succombez \u00e0 cette r\u00e9sine CBD aux effets relaxants et puissants gr\u00e2ce \u00e0 sa forte concentration en cannabidiol (30%). Id\u00e9al pour les consommateurs exp\u00e9riment\u00e9s ! Un produit qui r\u00e9pondra \u00e0 vos attentes.<\/p>\n","protected":false},"featured_media":6724,"comment_status":"open","ping_status":"closed","template":"","meta":{"site-sidebar-layout":"default","site-content-layout":"default","ast-site-content-layout":"default","site-content-style":"default","site-sidebar-style":"default","ast-global-header-display":"","ast-banner-title-visibility":"","ast-main-header-display":"","ast-hfb-above-header-display":"","ast-hfb-below-header-display":"","ast-hfb-mobile-header-display":"","site-post-title":"","ast-breadcrumbs-content":"","ast-featured-img":"","footer-sml-layout":"","ast-disable-related-posts":"","theme-transparent-header-meta":"default","adv-header-id-meta":"","stick-header-meta":"default","header-above-stick-meta":"","header-main-stick-meta":"","header-below-stick-meta":"","astra-migrate-meta-layouts":"set","ast-page-background-enabled":"default","ast-page-background-meta":{"desktop":{"background-color":"","background-image":"","background-repeat":"repeat","background-position":"center center","background-size":"auto","background-attachment":"scroll","background-type":"","background-media":"","overlay-type":"","overlay-color":"","overlay-opacity":"","overlay-gradient":""},"tablet":{"background-color":"","background-image":"","background-repeat":"repeat","background-position":"center center","background-size":"auto","background-attachment":"scroll","background-type":"","background-media":"","overlay-type":"","overlay-color":"","overlay-opacity":"","overlay-gradient":""},"mobile":{"background-color":"","background-image":"","background-repeat":"repeat","background-position":"center center","background-size":"auto","background-attachment":"scroll","background-type":"","background-media":"","overlay-type":"","overlay-color":"","overlay-opacity":"","overlay-gradient":""}},"ast-content-background-meta":{"desktop":{"background-color":"var(--ast-global-color-5)","background-image":"","background-repeat":"repeat","background-position":"center center","background-size":"auto","background-attachment":"scroll","background-type":"","background-media":"","overlay-type":"","overlay-color":"","overlay-opacity":"","overlay-gradient":""},"tablet":{"background-color":"var(--ast-global-color-5)","background-image":"","background-repeat":"repeat","background-position":"center center","background-size":"auto","background-attachment":"scroll","background-type":"","background-media":"","overlay-type":"","overlay-color":"","overlay-opacity":"","overlay-gradient":""},"mobile":{"background-color":"var(--ast-global-color-5)","background-image":"","background-repeat":"repeat","background-position":"center center","background-size":"auto","background-attachment":"scroll","background-type":"","background-media":"","overlay-type":"","overlay-color":"","overlay-opacity":"","overlay-gradient":""}}},"product_brand":[],"product_cat":[304,175,174],"product_tag":[201,202],"class_list":{"0":"post-8020","1":"product","2":"type-product","3":"status-publish","4":"has-post-thumbnail","6":"product_cat-cbd-fr","7":"product_cat-hash-cbd","8":"product_cat-hash-et-concentres","9":"product_tag-fleurs-cbd-pas-cher","10":"product_tag-fleurs-cbd-puissantes","11":"pa_cbd-rate-plus-de-20-cbd","12":"pa_kategorie-greenhouse-fr","13":"desktop-align-left","14":"tablet-align-center","15":"mobile-align-left","16":"ast-product-gallery-layout-vertical","17":"ast-product-gallery-with-no-image","18":"ast-magnify-disabled","19":"ast-product-single-variable","20":"ast-product-tabs-layout-horizontal","22":"first","23":"instock","24":"taxable","25":"shipping-taxable","26":"purchasable","27":"product-type-variable"},"yoast_head":"<!-- This site is optimized with the Yoast SEO Premium plugin v27.2 (Yoast SEO v27.4) - https:\/\/yoast.com\/product\/yoast-seo-premium-wordpress\/ -->\n<title>Afghan Hash CBD %sep%Blumiz - Premium CBD.<\/title>\n<meta name=\"description\" content=\"Afghan Hash CBD 30% \u00e0 partir de 3\u20ac\/g....Afghan Hash est un haschisch CBD tr\u00e8s puissant..appr\u00e9ci\u00e9 pour son ar\u00f4me de pin..L\u00e9gal en France Premium\" \/>\n<meta name=\"robots\" content=\"index, follow, max-snippet:-1, max-image-preview:large, max-video-preview:-1\" \/>\n<link rel=\"canonical\" href=\"https:\/\/blumiz.com\/fr\/produit\/afgan-hash-cbd-30\/\" \/>\n<meta property=\"og:locale\" content=\"fr_FR\" \/>\n<meta property=\"og:type\" content=\"article\" \/>\n<meta property=\"og:title\" content=\"Hash CBD Afghan 30%\" \/>\n<meta property=\"og:description\" content=\"Hash CBD Afghan 30% Blumiz - Premium CBD\" \/>\n<meta property=\"og:url\" content=\"https:\/\/blumiz.com\/fr\/produit\/afgan-hash-cbd-30\/\" \/>\n<meta property=\"og:site_name\" content=\"Blumiz - Premium CBD\" \/>\n<meta property=\"article:modified_time\" content=\"2025-10-07T09:05:14+00:00\" \/>\n<meta property=\"og:image\" content=\"https:\/\/blumiz.com\/wp-content\/uploads\/2022\/09\/Afgano-Hash.webp\" \/>\n\t<meta property=\"og:image:width\" content=\"600\" \/>\n\t<meta property=\"og:image:height\" content=\"600\" \/>\n\t<meta property=\"og:image:type\" content=\"image\/webp\" \/>\n<meta name=\"twitter:card\" content=\"summary_large_image\" \/>\n<meta name=\"twitter:label1\" content=\"Disponibilit\u00e9\" \/>\n\t<meta name=\"twitter:data1\" content=\"En stock\" \/>\n<script type=\"application\/ld+json\" class=\"yoast-schema-graph\">{\"@context\":\"https:\\\/\\\/schema.org\",\"@graph\":[{\"@type\":\"WebPage\",\"@id\":\"https:\\\/\\\/blumiz.com\\\/fr\\\/produit\\\/afgan-hash-cbd-30\\\/\",\"url\":\"https:\\\/\\\/blumiz.com\\\/fr\\\/produit\\\/afgan-hash-cbd-30\\\/\",\"name\":\"Afghan Hash CBD %sep%Blumiz - Premium CBD.\",\"isPartOf\":{\"@id\":\"https:\\\/\\\/blumiz.com\\\/fr\\\/#website\"},\"primaryImageOfPage\":{\"@id\":\"https:\\\/\\\/blumiz.com\\\/fr\\\/produit\\\/afgan-hash-cbd-30\\\/#primaryimage\"},\"image\":{\"@id\":\"https:\\\/\\\/blumiz.com\\\/fr\\\/produit\\\/afgan-hash-cbd-30\\\/#primaryimage\"},\"thumbnailUrl\":\"https:\\\/\\\/blumiz.com\\\/wp-content\\\/uploads\\\/2022\\\/09\\\/Afgano-Hash.webp\",\"datePublished\":\"2021-06-05T18:30:14+00:00\",\"dateModified\":\"2025-10-07T09:05:14+00:00\",\"description\":\"Afghan Hash CBD 30% \u00e0 partir de 3\u20ac\\\/g....Afghan Hash est un haschisch CBD tr\u00e8s puissant..appr\u00e9ci\u00e9 pour son ar\u00f4me de pin..L\u00e9gal en France Premium\",\"breadcrumb\":{\"@id\":\"https:\\\/\\\/blumiz.com\\\/fr\\\/produit\\\/afgan-hash-cbd-30\\\/#breadcrumb\"},\"inLanguage\":\"fr-FR\",\"potentialAction\":[{\"@type\":\"ReadAction\",\"target\":[\"https:\\\/\\\/blumiz.com\\\/fr\\\/produit\\\/afgan-hash-cbd-30\\\/\"]}]},{\"@type\":\"ImageObject\",\"inLanguage\":\"fr-FR\",\"@id\":\"https:\\\/\\\/blumiz.com\\\/fr\\\/produit\\\/afgan-hash-cbd-30\\\/#primaryimage\",\"url\":\"https:\\\/\\\/blumiz.com\\\/wp-content\\\/uploads\\\/2022\\\/09\\\/Afgano-Hash.webp\",\"contentUrl\":\"https:\\\/\\\/blumiz.com\\\/wp-content\\\/uploads\\\/2022\\\/09\\\/Afgano-Hash.webp\",\"width\":600,\"height\":600},{\"@type\":\"BreadcrumbList\",\"@id\":\"https:\\\/\\\/blumiz.com\\\/fr\\\/produit\\\/afgan-hash-cbd-30\\\/#breadcrumb\",\"itemListElement\":[{\"@type\":\"ListItem\",\"position\":1,\"name\":\"Blumiz\",\"item\":\"https:\\\/\\\/blumiz.com\\\/fr\\\/\"},{\"@type\":\"ListItem\",\"position\":2,\"name\":\"CBD Shop\",\"item\":\"https:\\\/\\\/blumiz.com\\\/fr\\\/acheter-cbd-shop\\\/\"},{\"@type\":\"ListItem\",\"position\":3,\"name\":\"Hash et concentr\u00e9s\",\"item\":\"https:\\\/\\\/blumiz.com\\\/fr\\\/category\\\/hash-et-concentres\\\/\"},{\"@type\":\"ListItem\",\"position\":4,\"name\":\"Hash CBD Afghan 30%\"}]},{\"@type\":\"WebSite\",\"@id\":\"https:\\\/\\\/blumiz.com\\\/fr\\\/#website\",\"url\":\"https:\\\/\\\/blumiz.com\\\/fr\\\/\",\"name\":\"Blumiz - Premium CBD\",\"description\":\"Blumiz, Cannabis specialist\",\"publisher\":{\"@id\":\"https:\\\/\\\/blumiz.com\\\/fr\\\/#organization\"},\"alternateName\":\"Blumiz\",\"potentialAction\":[{\"@type\":\"SearchAction\",\"target\":{\"@type\":\"EntryPoint\",\"urlTemplate\":\"https:\\\/\\\/blumiz.com\\\/fr\\\/?s={search_term_string}\"},\"query-input\":{\"@type\":\"PropertyValueSpecification\",\"valueRequired\":true,\"valueName\":\"search_term_string\"}}],\"inLanguage\":\"fr-FR\"},{\"@type\":\"Organization\",\"@id\":\"https:\\\/\\\/blumiz.com\\\/fr\\\/#organization\",\"name\":\"Blumiz CBD\",\"alternateName\":\"Blumiz\",\"url\":\"https:\\\/\\\/blumiz.com\\\/fr\\\/\",\"logo\":{\"@type\":\"ImageObject\",\"inLanguage\":\"fr-FR\",\"@id\":\"https:\\\/\\\/blumiz.com\\\/fr\\\/#\\\/schema\\\/logo\\\/image\\\/\",\"url\":\"https:\\\/\\\/blumiz.com\\\/wp-content\\\/uploads\\\/2026\\\/02\\\/cropped-Blumiz-CBD-logo.webp\",\"contentUrl\":\"https:\\\/\\\/blumiz.com\\\/wp-content\\\/uploads\\\/2026\\\/02\\\/cropped-Blumiz-CBD-logo.webp\",\"width\":2547,\"height\":778,\"caption\":\"Blumiz CBD\"},\"image\":{\"@id\":\"https:\\\/\\\/blumiz.com\\\/fr\\\/#\\\/schema\\\/logo\\\/image\\\/\"}}]}<\/script>\n<meta property=\"og:availability\" content=\"instock\" \/>\n<meta property=\"product:availability\" content=\"instock\" \/>\n<meta property=\"product:retailer_item_id\" content=\"18571\" \/>\n<meta property=\"product:condition\" content=\"new\" \/>\n<!-- \/ Yoast SEO Premium plugin. -->","yoast_head_json":{"title":"Afghan Hash CBD %sep%Blumiz - Premium CBD.","description":"Afghan Hash CBD 30% \u00e0 partir de 3\u20ac\/g....Afghan Hash est un haschisch CBD tr\u00e8s puissant..appr\u00e9ci\u00e9 pour son ar\u00f4me de pin..L\u00e9gal en France Premium","robots":{"index":"index","follow":"follow","max-snippet":"max-snippet:-1","max-image-preview":"max-image-preview:large","max-video-preview":"max-video-preview:-1"},"canonical":"https:\/\/blumiz.com\/fr\/produit\/afgan-hash-cbd-30\/","og_locale":"fr_FR","og_type":"article","og_title":"Hash CBD Afghan 30%","og_description":"Hash CBD Afghan 30% Blumiz - Premium CBD","og_url":"https:\/\/blumiz.com\/fr\/produit\/afgan-hash-cbd-30\/","og_site_name":"Blumiz - Premium CBD","article_modified_time":"2025-10-07T09:05:14+00:00","og_image":[{"width":600,"height":600,"url":"https:\/\/blumiz.com\/wp-content\/uploads\/2022\/09\/Afgano-Hash.webp","type":"image\/webp"}],"twitter_card":"summary_large_image","twitter_misc":{"Disponibilit\u00e9":"En stock"},"schema":{"@context":"https:\/\/schema.org","@graph":[{"@type":"WebPage","@id":"https:\/\/blumiz.com\/fr\/produit\/afgan-hash-cbd-30\/","url":"https:\/\/blumiz.com\/fr\/produit\/afgan-hash-cbd-30\/","name":"Afghan Hash CBD %sep%Blumiz - Premium CBD.","isPartOf":{"@id":"https:\/\/blumiz.com\/fr\/#website"},"primaryImageOfPage":{"@id":"https:\/\/blumiz.com\/fr\/produit\/afgan-hash-cbd-30\/#primaryimage"},"image":{"@id":"https:\/\/blumiz.com\/fr\/produit\/afgan-hash-cbd-30\/#primaryimage"},"thumbnailUrl":"https:\/\/blumiz.com\/wp-content\/uploads\/2022\/09\/Afgano-Hash.webp","datePublished":"2021-06-05T18:30:14+00:00","dateModified":"2025-10-07T09:05:14+00:00","description":"Afghan Hash CBD 30% \u00e0 partir de 3\u20ac\/g....Afghan Hash est un haschisch CBD tr\u00e8s puissant..appr\u00e9ci\u00e9 pour son ar\u00f4me de pin..L\u00e9gal en France Premium","breadcrumb":{"@id":"https:\/\/blumiz.com\/fr\/produit\/afgan-hash-cbd-30\/#breadcrumb"},"inLanguage":"fr-FR","potentialAction":[{"@type":"ReadAction","target":["https:\/\/blumiz.com\/fr\/produit\/afgan-hash-cbd-30\/"]}]},{"@type":"ImageObject","inLanguage":"fr-FR","@id":"https:\/\/blumiz.com\/fr\/produit\/afgan-hash-cbd-30\/#primaryimage","url":"https:\/\/blumiz.com\/wp-content\/uploads\/2022\/09\/Afgano-Hash.webp","contentUrl":"https:\/\/blumiz.com\/wp-content\/uploads\/2022\/09\/Afgano-Hash.webp","width":600,"height":600},{"@type":"BreadcrumbList","@id":"https:\/\/blumiz.com\/fr\/produit\/afgan-hash-cbd-30\/#breadcrumb","itemListElement":[{"@type":"ListItem","position":1,"name":"Blumiz","item":"https:\/\/blumiz.com\/fr\/"},{"@type":"ListItem","position":2,"name":"CBD Shop","item":"https:\/\/blumiz.com\/fr\/acheter-cbd-shop\/"},{"@type":"ListItem","position":3,"name":"Hash et concentr\u00e9s","item":"https:\/\/blumiz.com\/fr\/category\/hash-et-concentres\/"},{"@type":"ListItem","position":4,"name":"Hash CBD Afghan 30%"}]},{"@type":"WebSite","@id":"https:\/\/blumiz.com\/fr\/#website","url":"https:\/\/blumiz.com\/fr\/","name":"Blumiz - Premium CBD","description":"Blumiz, Cannabis specialist","publisher":{"@id":"https:\/\/blumiz.com\/fr\/#organization"},"alternateName":"Blumiz","potentialAction":[{"@type":"SearchAction","target":{"@type":"EntryPoint","urlTemplate":"https:\/\/blumiz.com\/fr\/?s={search_term_string}"},"query-input":{"@type":"PropertyValueSpecification","valueRequired":true,"valueName":"search_term_string"}}],"inLanguage":"fr-FR"},{"@type":"Organization","@id":"https:\/\/blumiz.com\/fr\/#organization","name":"Blumiz CBD","alternateName":"Blumiz","url":"https:\/\/blumiz.com\/fr\/","logo":{"@type":"ImageObject","inLanguage":"fr-FR","@id":"https:\/\/blumiz.com\/fr\/#\/schema\/logo\/image\/","url":"https:\/\/blumiz.com\/wp-content\/uploads\/2026\/02\/cropped-Blumiz-CBD-logo.webp","contentUrl":"https:\/\/blumiz.com\/wp-content\/uploads\/2026\/02\/cropped-Blumiz-CBD-logo.webp","width":2547,"height":778,"caption":"Blumiz CBD"},"image":{"@id":"https:\/\/blumiz.com\/fr\/#\/schema\/logo\/image\/"}}]},"og_availability":"instock","product_availability":"instock","product_retailer_item_id":"18571","product_condition":"new"},"_links":{"self":[{"href":"https:\/\/blumiz.com\/fr\/wp-json\/wp\/v2\/product\/8020","targetHints":{"allow":["GET"]}}],"collection":[{"href":"https:\/\/blumiz.com\/fr\/wp-json\/wp\/v2\/product"}],"about":[{"href":"https:\/\/blumiz.com\/fr\/wp-json\/wp\/v2\/types\/product"}],"replies":[{"embeddable":true,"href":"https:\/\/blumiz.com\/fr\/wp-json\/wp\/v2\/comments?post=8020"}],"version-history":[{"count":0,"href":"https:\/\/blumiz.com\/fr\/wp-json\/wp\/v2\/product\/8020\/revisions"}],"wp:featuredmedia":[{"embeddable":true,"href":"https:\/\/blumiz.com\/fr\/wp-json\/wp\/v2\/media\/6724"}],"wp:attachment":[{"href":"https:\/\/blumiz.com\/fr\/wp-json\/wp\/v2\/media?parent=8020"}],"wp:term":[{"taxonomy":"product_brand","embeddable":true,"href":"https:\/\/blumiz.com\/fr\/wp-json\/wp\/v2\/product_brand?post=8020"},{"taxonomy":"product_cat","embeddable":true,"href":"https:\/\/blumiz.com\/fr\/wp-json\/wp\/v2\/product_cat?post=8020"},{"taxonomy":"product_tag","embeddable":true,"href":"https:\/\/blumiz.com\/fr\/wp-json\/wp\/v2\/product_tag?post=8020"}],"curies":[{"name":"wp","href":"https:\/\/api.w.org\/{rel}","templated":true}]}}