{"id":8028,"date":"2020-12-05T17:44:16","date_gmt":"2020-12-05T16:44:16","guid":{"rendered":"https:\/\/blumiz.com\/produkt\/hash-cbdcaramelo-20\/"},"modified":"2025-02-11T13:03:13","modified_gmt":"2025-02-11T12:03:13","slug":"caramelo-cbd-hash-20","status":"publish","type":"product","link":"https:\/\/blumiz.com\/fr\/produit\/caramelo-cbd-hash-20\/","title":{"rendered":"Hash CBD de Caramelo 20%."},"content":{"rendered":"<h2><span style=\"color: #107d85;\">Hash CBD Caramelo 20%.<\/span><\/h2>\n<h2><span style=\"color: #ff6600;\">Un hash parfait avant d&#8217;aller dormir<\/span><\/h2>\n<p>Ce hasch Caramelo CBD a une texture mall\u00e9able, ce qui le rend pratique \u00e0 utiliser. Ce produit \u00e0 base de chanvre est vendu en pots de 2 grammes ou de 10 grammes et vous permet de profiter de tous les avantages de la plante. Enrichi en cannabino\u00efdes, ce produit vous permet de profiter de l&#8217;effet Entourage. Les diff\u00e9rents composants de la plante de cannabis sativa agissent effectivement en synergie pour produire un effet plus important.<\/p>\n<h4><span style=\"color: #ff6600;\">Caract\u00e9ristiques du haschisch Caramelo<\/span><\/h4>\n<p>Contient 20 % de CBD<br \/>\nConsommation en infusion ou en vaporisation<br \/>\nTexture cr\u00e9meuse<br \/>\nMoins de 0,2 % de THC<br \/>\nAide \u00e0 se d\u00e9tendre et \u00e0 s&#8217;endormir<br \/>\nLes avantages de ce Hash CBD<br \/>\nCe Hash CBD est enrichi en cannabino\u00efdes. Il contient 20 % de CBD. De plus en plus reconnu pour ses bienfaits, le cannabidiol est une mol\u00e9cule aux multiples vertus. Il aurait notamment un effet anxiolytique.<\/p>\n<p>Le haschisch est press\u00e9 de mani\u00e8re traditionnelle \u00e0 l&#8217;aide d&#8217;une presse manuelle.<\/p>\n<p>Conseils pour utiliser votre haschisch Caramelo 20% CBD<br \/>\nCe haschisch est facile \u00e0 pr\u00e9parer. Pour le consommer, il suffit d&#8217;en prendre un peu et de le diluer dans de l&#8217;eau chaude. Lors de l&#8217;infusion, pensez \u00e0 ajouter une cuiller\u00e9e de cr\u00e8me, de lait ou d&#8217;huile. En effet, le CBD est mieux absorb\u00e9 lorsqu&#8217;il est pris avec une substance grasse. Vous pouvez \u00e9galement vaporiser ce haschisch avec votre vaporisateur.<\/p>\n<h4><span style=\"color: #ff6600;\">Liste des ingr\u00e9dients<\/span><\/h4>\n<p>Cannabis Sativa L. extrait naturel 20 % CBD<\/p>\n<h4><span style=\"color: #ff6600;\">Productiondu Caramello Hash<\/span><\/h4>\n<p>Caramello Hash n&#8217;est tout d&#8217;abord que le nom de la vari\u00e9t\u00e9 pour l&#8217;une des nombreuses esp\u00e8ces de Hash produites \u00e0 base de CBD. Le Hash CBD Caramello disponible chez nous a une teneur en CBD de &gt; 18 % et, , une teneur en THC inf\u00e9rieure \u00e0 0,2 %.<\/p>\n<p>Il s&#8217;agit d&#8217;un m\u00e9lange Outdoor cultiv\u00e9 avec soin et dans des conditions biologiques, qui, avec sa teneur relativement \u00e9lev\u00e9e en CBD, lib\u00e8re une quantit\u00e9 particuli\u00e8rement importante de cannabidiol lorsqu&#8217;il est utilis\u00e9.<br \/>\nSi vous aimez le hasch naturel \u00e0 un bon prix, vous pouvez \u00e9galement essayer notre <a href=\"https:\/\/blumiz.com\/produit\/pollen-cbg-skuff-pollen-13\/\">CBG Skuff<\/a>, un pollen 100 % naturel et non press\u00e9.<\/p>\n<h4><span style=\"color: #ff6600;\">D\u00e9couvrez aussi notre <a style=\"color: #ff6600;\" href=\"\/?product_cat=cbd-blueten\">CBD Flower Shop<\/a> pour compl\u00e9ter votre haschisch<\/span><\/h4>\n<p>Fleur CBD sont disponibles en diff\u00e9rentes saveurs et concentrations de CBD. Nos fleurs de CBD sont soumises \u00e0 des crit\u00e8res de qualit\u00e9 externes stricts. Nos produits sont aussi vendus en tant que mati\u00e8res premi\u00e8res et sont exempts d&#8217;additifs chimiques et d&#8217;impuret\u00e9s.<\/p>\n<p>D\u00e9couvrez nos <a href=\"https:\/\/blumiz.com\/fr\/category\/headshop\/\">produits et accessoires Headshop<\/a> pour profiter de vos vari\u00e9t\u00e9s pr\u00e9f\u00e9r\u00e9es<\/p>\n<h4><span style=\"color: #ff6600;\">Commander chez Blumiz signifie<\/span><\/h4>\n<p>&#8211; Livraison rapide, discr\u00e8te et inodore<br \/>\n&#8211; Produits certifi\u00e9s de qualit\u00e9 et en laboratoire<br \/>\n&#8211; Des prix imbattables, car nous fabriquons nous-m\u00eames nos produits<\/p>\n<p>D\u00e9couvrez ici \u00e9galement nos <a href=\"\/?product_cat=cbd-blueten\">Fleurs de CBD!<\/a><\/p>\n<p>Une question, vous avez besoin d&#8217;aide ? <a href=\"https:\/\/blumiz.com\/hilfe-und-faqs\/\">Cliquez ici pour d\u00e9couvrir notre centre d&#8217;aide.<\/a><\/p>\n","protected":false},"excerpt":{"rendered":"<h4><span style=\"color: #107d85;\">Hash CBD Caramelo 20%.<\/span><\/h4>\n<p>Un haschisch caramel avec 20 % de CBD, enrichi en cannabino\u00efdes<\/p>\n<p>Le haschisch Caramelo 20% CBD est enrichi de diff\u00e9rents cannabino\u00efdes essentiels qui composent la plante de chanvre. Avec un taux de THC inf\u00e9rieur \u00e0 0,3 %, vous pouvez profiter de l&#8217;effet Entourage et vous d\u00e9tendre.<\/p>\n","protected":false},"featured_media":6728,"comment_status":"open","ping_status":"closed","template":"","meta":{"site-sidebar-layout":"default","site-content-layout":"default","ast-site-content-layout":"default","site-content-style":"default","site-sidebar-style":"default","ast-global-header-display":"","ast-banner-title-visibility":"","ast-main-header-display":"","ast-hfb-above-header-display":"","ast-hfb-below-header-display":"","ast-hfb-mobile-header-display":"","site-post-title":"","ast-breadcrumbs-content":"","ast-featured-img":"","footer-sml-layout":"","ast-disable-related-posts":"","theme-transparent-header-meta":"default","adv-header-id-meta":"","stick-header-meta":"default","header-above-stick-meta":"","header-main-stick-meta":"","header-below-stick-meta":"","astra-migrate-meta-layouts":"set","ast-page-background-enabled":"default","ast-page-background-meta":{"desktop":{"background-color":"","background-image":"","background-repeat":"repeat","background-position":"center center","background-size":"auto","background-attachment":"scroll","background-type":"","background-media":"","overlay-type":"","overlay-color":"","overlay-opacity":"","overlay-gradient":""},"tablet":{"background-color":"","background-image":"","background-repeat":"repeat","background-position":"center center","background-size":"auto","background-attachment":"scroll","background-type":"","background-media":"","overlay-type":"","overlay-color":"","overlay-opacity":"","overlay-gradient":""},"mobile":{"background-color":"","background-image":"","background-repeat":"repeat","background-position":"center center","background-size":"auto","background-attachment":"scroll","background-type":"","background-media":"","overlay-type":"","overlay-color":"","overlay-opacity":"","overlay-gradient":""}},"ast-content-background-meta":{"desktop":{"background-color":"var(--ast-global-color-5)","background-image":"","background-repeat":"repeat","background-position":"center center","background-size":"auto","background-attachment":"scroll","background-type":"","background-media":"","overlay-type":"","overlay-color":"","overlay-opacity":"","overlay-gradient":""},"tablet":{"background-color":"var(--ast-global-color-5)","background-image":"","background-repeat":"repeat","background-position":"center center","background-size":"auto","background-attachment":"scroll","background-type":"","background-media":"","overlay-type":"","overlay-color":"","overlay-opacity":"","overlay-gradient":""},"mobile":{"background-color":"var(--ast-global-color-5)","background-image":"","background-repeat":"repeat","background-position":"center center","background-size":"auto","background-attachment":"scroll","background-type":"","background-media":"","overlay-type":"","overlay-color":"","overlay-opacity":"","overlay-gradient":""}}},"product_brand":[],"product_cat":[304,175,174],"product_tag":[201,202],"class_list":{"0":"post-8028","1":"product","2":"type-product","3":"status-publish","4":"has-post-thumbnail","6":"product_cat-cbd-fr","7":"product_cat-hash-cbd","8":"product_cat-hash-et-concentres","9":"product_tag-fleurs-cbd-pas-cher","10":"product_tag-fleurs-cbd-puissantes","11":"pa_cbd-rate-10-a-20-cbd","12":"pa_kategorie-greenhouse-fr","13":"desktop-align-left","14":"tablet-align-center","15":"mobile-align-left","16":"ast-product-gallery-layout-vertical","17":"ast-product-gallery-with-no-image","18":"ast-magnify-disabled","19":"ast-product-single-variable","20":"ast-product-tabs-layout-horizontal","22":"first","23":"instock","24":"taxable","25":"shipping-taxable","26":"purchasable","27":"product-type-variable"},"yoast_head":"<!-- This site is optimized with the Yoast SEO Premium plugin v27.2 (Yoast SEO v27.4) - https:\/\/yoast.com\/product\/yoast-seo-premium-wordpress\/ -->\n<title>Caramelo Hash CBD \u00e0 partir de 2\u20ac\/g- Blumiz - Premium CBD.<\/title>\n<meta name=\"description\" content=\"Caramelo CBD hash 20% \u00e0 partir de 2\u20ac\/g....Caramelo Hash est un haschisch CBD tr\u00e8s puissant..appr\u00e9ci\u00e9 pour son ar\u00f4me de caramel..L\u00e9gal en France Premium\" \/>\n<meta name=\"robots\" content=\"index, follow, max-snippet:-1, max-image-preview:large, max-video-preview:-1\" \/>\n<link rel=\"canonical\" href=\"https:\/\/blumiz.com\/fr\/produit\/caramelo-cbd-hash-20\/\" \/>\n<meta property=\"og:locale\" content=\"fr_FR\" \/>\n<meta property=\"og:type\" content=\"article\" \/>\n<meta property=\"og:title\" content=\"Hash CBD de Caramelo 20%.\" \/>\n<meta property=\"og:description\" content=\"Hash CBD de Caramelo 20%. Blumiz - Premium CBD\" \/>\n<meta property=\"og:url\" content=\"https:\/\/blumiz.com\/fr\/produit\/caramelo-cbd-hash-20\/\" \/>\n<meta property=\"og:site_name\" content=\"Blumiz - Premium CBD\" \/>\n<meta property=\"article:modified_time\" content=\"2025-02-11T12:03:13+00:00\" \/>\n<meta property=\"og:image\" content=\"https:\/\/blumiz.com\/wp-content\/uploads\/2022\/09\/Caramelo-Hash-1.webp\" \/>\n\t<meta property=\"og:image:width\" content=\"600\" \/>\n\t<meta property=\"og:image:height\" content=\"600\" \/>\n\t<meta property=\"og:image:type\" content=\"image\/webp\" \/>\n<meta name=\"twitter:card\" content=\"summary_large_image\" \/>\n<meta name=\"twitter:label1\" content=\"Disponibilit\u00e9\" \/>\n\t<meta name=\"twitter:data1\" content=\"En stock\" \/>\n<script type=\"application\/ld+json\" class=\"yoast-schema-graph\">{\"@context\":\"https:\\\/\\\/schema.org\",\"@graph\":[{\"@type\":\"WebPage\",\"@id\":\"https:\\\/\\\/blumiz.com\\\/fr\\\/produit\\\/caramelo-cbd-hash-20\\\/\",\"url\":\"https:\\\/\\\/blumiz.com\\\/fr\\\/produit\\\/caramelo-cbd-hash-20\\\/\",\"name\":\"Caramelo Hash CBD \u00e0 partir de 2\u20ac\\\/g- Blumiz - Premium CBD.\",\"isPartOf\":{\"@id\":\"https:\\\/\\\/blumiz.com\\\/fr\\\/#website\"},\"primaryImageOfPage\":{\"@id\":\"https:\\\/\\\/blumiz.com\\\/fr\\\/produit\\\/caramelo-cbd-hash-20\\\/#primaryimage\"},\"image\":{\"@id\":\"https:\\\/\\\/blumiz.com\\\/fr\\\/produit\\\/caramelo-cbd-hash-20\\\/#primaryimage\"},\"thumbnailUrl\":\"https:\\\/\\\/blumiz.com\\\/wp-content\\\/uploads\\\/2022\\\/09\\\/Caramelo-Hash-1.webp\",\"datePublished\":\"2020-12-05T16:44:16+00:00\",\"dateModified\":\"2025-02-11T12:03:13+00:00\",\"description\":\"Caramelo CBD hash 20% \u00e0 partir de 2\u20ac\\\/g....Caramelo Hash est un haschisch CBD tr\u00e8s puissant..appr\u00e9ci\u00e9 pour son ar\u00f4me de caramel..L\u00e9gal en France Premium\",\"breadcrumb\":{\"@id\":\"https:\\\/\\\/blumiz.com\\\/fr\\\/produit\\\/caramelo-cbd-hash-20\\\/#breadcrumb\"},\"inLanguage\":\"fr-FR\",\"potentialAction\":[{\"@type\":\"ReadAction\",\"target\":[\"https:\\\/\\\/blumiz.com\\\/fr\\\/produit\\\/caramelo-cbd-hash-20\\\/\"]}]},{\"@type\":\"ImageObject\",\"inLanguage\":\"fr-FR\",\"@id\":\"https:\\\/\\\/blumiz.com\\\/fr\\\/produit\\\/caramelo-cbd-hash-20\\\/#primaryimage\",\"url\":\"https:\\\/\\\/blumiz.com\\\/wp-content\\\/uploads\\\/2022\\\/09\\\/Caramelo-Hash-1.webp\",\"contentUrl\":\"https:\\\/\\\/blumiz.com\\\/wp-content\\\/uploads\\\/2022\\\/09\\\/Caramelo-Hash-1.webp\",\"width\":600,\"height\":600},{\"@type\":\"BreadcrumbList\",\"@id\":\"https:\\\/\\\/blumiz.com\\\/fr\\\/produit\\\/caramelo-cbd-hash-20\\\/#breadcrumb\",\"itemListElement\":[{\"@type\":\"ListItem\",\"position\":1,\"name\":\"Blumiz\",\"item\":\"https:\\\/\\\/blumiz.com\\\/fr\\\/\"},{\"@type\":\"ListItem\",\"position\":2,\"name\":\"CBD Shop\",\"item\":\"https:\\\/\\\/blumiz.com\\\/fr\\\/acheter-cbd-shop\\\/\"},{\"@type\":\"ListItem\",\"position\":3,\"name\":\"Hash et concentr\u00e9s\",\"item\":\"https:\\\/\\\/blumiz.com\\\/fr\\\/category\\\/hash-et-concentres\\\/\"},{\"@type\":\"ListItem\",\"position\":4,\"name\":\"Hash CBD de Caramelo 20%.\"}]},{\"@type\":\"WebSite\",\"@id\":\"https:\\\/\\\/blumiz.com\\\/fr\\\/#website\",\"url\":\"https:\\\/\\\/blumiz.com\\\/fr\\\/\",\"name\":\"Blumiz - Premium CBD\",\"description\":\"Blumiz, Cannabis specialist\",\"publisher\":{\"@id\":\"https:\\\/\\\/blumiz.com\\\/fr\\\/#organization\"},\"alternateName\":\"Blumiz\",\"potentialAction\":[{\"@type\":\"SearchAction\",\"target\":{\"@type\":\"EntryPoint\",\"urlTemplate\":\"https:\\\/\\\/blumiz.com\\\/fr\\\/?s={search_term_string}\"},\"query-input\":{\"@type\":\"PropertyValueSpecification\",\"valueRequired\":true,\"valueName\":\"search_term_string\"}}],\"inLanguage\":\"fr-FR\"},{\"@type\":\"Organization\",\"@id\":\"https:\\\/\\\/blumiz.com\\\/fr\\\/#organization\",\"name\":\"Blumiz CBD\",\"alternateName\":\"Blumiz\",\"url\":\"https:\\\/\\\/blumiz.com\\\/fr\\\/\",\"logo\":{\"@type\":\"ImageObject\",\"inLanguage\":\"fr-FR\",\"@id\":\"https:\\\/\\\/blumiz.com\\\/fr\\\/#\\\/schema\\\/logo\\\/image\\\/\",\"url\":\"https:\\\/\\\/blumiz.com\\\/wp-content\\\/uploads\\\/2026\\\/02\\\/cropped-Blumiz-CBD-logo.webp\",\"contentUrl\":\"https:\\\/\\\/blumiz.com\\\/wp-content\\\/uploads\\\/2026\\\/02\\\/cropped-Blumiz-CBD-logo.webp\",\"width\":2547,\"height\":778,\"caption\":\"Blumiz CBD\"},\"image\":{\"@id\":\"https:\\\/\\\/blumiz.com\\\/fr\\\/#\\\/schema\\\/logo\\\/image\\\/\"}}]}<\/script>\n<meta property=\"og:availability\" content=\"instock\" \/>\n<meta property=\"product:availability\" content=\"instock\" \/>\n<meta property=\"product:retailer_item_id\" content=\"6921376\" \/>\n<meta property=\"product:condition\" content=\"new\" \/>\n<!-- \/ Yoast SEO Premium plugin. -->","yoast_head_json":{"title":"Caramelo Hash CBD \u00e0 partir de 2\u20ac\/g- Blumiz - Premium CBD.","description":"Caramelo CBD hash 20% \u00e0 partir de 2\u20ac\/g....Caramelo Hash est un haschisch CBD tr\u00e8s puissant..appr\u00e9ci\u00e9 pour son ar\u00f4me de caramel..L\u00e9gal en France Premium","robots":{"index":"index","follow":"follow","max-snippet":"max-snippet:-1","max-image-preview":"max-image-preview:large","max-video-preview":"max-video-preview:-1"},"canonical":"https:\/\/blumiz.com\/fr\/produit\/caramelo-cbd-hash-20\/","og_locale":"fr_FR","og_type":"article","og_title":"Hash CBD de Caramelo 20%.","og_description":"Hash CBD de Caramelo 20%. Blumiz - Premium CBD","og_url":"https:\/\/blumiz.com\/fr\/produit\/caramelo-cbd-hash-20\/","og_site_name":"Blumiz - Premium CBD","article_modified_time":"2025-02-11T12:03:13+00:00","og_image":[{"width":600,"height":600,"url":"https:\/\/blumiz.com\/wp-content\/uploads\/2022\/09\/Caramelo-Hash-1.webp","type":"image\/webp"}],"twitter_card":"summary_large_image","twitter_misc":{"Disponibilit\u00e9":"En stock"},"schema":{"@context":"https:\/\/schema.org","@graph":[{"@type":"WebPage","@id":"https:\/\/blumiz.com\/fr\/produit\/caramelo-cbd-hash-20\/","url":"https:\/\/blumiz.com\/fr\/produit\/caramelo-cbd-hash-20\/","name":"Caramelo Hash CBD \u00e0 partir de 2\u20ac\/g- Blumiz - Premium CBD.","isPartOf":{"@id":"https:\/\/blumiz.com\/fr\/#website"},"primaryImageOfPage":{"@id":"https:\/\/blumiz.com\/fr\/produit\/caramelo-cbd-hash-20\/#primaryimage"},"image":{"@id":"https:\/\/blumiz.com\/fr\/produit\/caramelo-cbd-hash-20\/#primaryimage"},"thumbnailUrl":"https:\/\/blumiz.com\/wp-content\/uploads\/2022\/09\/Caramelo-Hash-1.webp","datePublished":"2020-12-05T16:44:16+00:00","dateModified":"2025-02-11T12:03:13+00:00","description":"Caramelo CBD hash 20% \u00e0 partir de 2\u20ac\/g....Caramelo Hash est un haschisch CBD tr\u00e8s puissant..appr\u00e9ci\u00e9 pour son ar\u00f4me de caramel..L\u00e9gal en France Premium","breadcrumb":{"@id":"https:\/\/blumiz.com\/fr\/produit\/caramelo-cbd-hash-20\/#breadcrumb"},"inLanguage":"fr-FR","potentialAction":[{"@type":"ReadAction","target":["https:\/\/blumiz.com\/fr\/produit\/caramelo-cbd-hash-20\/"]}]},{"@type":"ImageObject","inLanguage":"fr-FR","@id":"https:\/\/blumiz.com\/fr\/produit\/caramelo-cbd-hash-20\/#primaryimage","url":"https:\/\/blumiz.com\/wp-content\/uploads\/2022\/09\/Caramelo-Hash-1.webp","contentUrl":"https:\/\/blumiz.com\/wp-content\/uploads\/2022\/09\/Caramelo-Hash-1.webp","width":600,"height":600},{"@type":"BreadcrumbList","@id":"https:\/\/blumiz.com\/fr\/produit\/caramelo-cbd-hash-20\/#breadcrumb","itemListElement":[{"@type":"ListItem","position":1,"name":"Blumiz","item":"https:\/\/blumiz.com\/fr\/"},{"@type":"ListItem","position":2,"name":"CBD Shop","item":"https:\/\/blumiz.com\/fr\/acheter-cbd-shop\/"},{"@type":"ListItem","position":3,"name":"Hash et concentr\u00e9s","item":"https:\/\/blumiz.com\/fr\/category\/hash-et-concentres\/"},{"@type":"ListItem","position":4,"name":"Hash CBD de Caramelo 20%."}]},{"@type":"WebSite","@id":"https:\/\/blumiz.com\/fr\/#website","url":"https:\/\/blumiz.com\/fr\/","name":"Blumiz - Premium CBD","description":"Blumiz, Cannabis specialist","publisher":{"@id":"https:\/\/blumiz.com\/fr\/#organization"},"alternateName":"Blumiz","potentialAction":[{"@type":"SearchAction","target":{"@type":"EntryPoint","urlTemplate":"https:\/\/blumiz.com\/fr\/?s={search_term_string}"},"query-input":{"@type":"PropertyValueSpecification","valueRequired":true,"valueName":"search_term_string"}}],"inLanguage":"fr-FR"},{"@type":"Organization","@id":"https:\/\/blumiz.com\/fr\/#organization","name":"Blumiz CBD","alternateName":"Blumiz","url":"https:\/\/blumiz.com\/fr\/","logo":{"@type":"ImageObject","inLanguage":"fr-FR","@id":"https:\/\/blumiz.com\/fr\/#\/schema\/logo\/image\/","url":"https:\/\/blumiz.com\/wp-content\/uploads\/2026\/02\/cropped-Blumiz-CBD-logo.webp","contentUrl":"https:\/\/blumiz.com\/wp-content\/uploads\/2026\/02\/cropped-Blumiz-CBD-logo.webp","width":2547,"height":778,"caption":"Blumiz CBD"},"image":{"@id":"https:\/\/blumiz.com\/fr\/#\/schema\/logo\/image\/"}}]},"og_availability":"instock","product_availability":"instock","product_retailer_item_id":"6921376","product_condition":"new"},"_links":{"self":[{"href":"https:\/\/blumiz.com\/fr\/wp-json\/wp\/v2\/product\/8028","targetHints":{"allow":["GET"]}}],"collection":[{"href":"https:\/\/blumiz.com\/fr\/wp-json\/wp\/v2\/product"}],"about":[{"href":"https:\/\/blumiz.com\/fr\/wp-json\/wp\/v2\/types\/product"}],"replies":[{"embeddable":true,"href":"https:\/\/blumiz.com\/fr\/wp-json\/wp\/v2\/comments?post=8028"}],"version-history":[{"count":0,"href":"https:\/\/blumiz.com\/fr\/wp-json\/wp\/v2\/product\/8028\/revisions"}],"wp:featuredmedia":[{"embeddable":true,"href":"https:\/\/blumiz.com\/fr\/wp-json\/wp\/v2\/media\/6728"}],"wp:attachment":[{"href":"https:\/\/blumiz.com\/fr\/wp-json\/wp\/v2\/media?parent=8028"}],"wp:term":[{"taxonomy":"product_brand","embeddable":true,"href":"https:\/\/blumiz.com\/fr\/wp-json\/wp\/v2\/product_brand?post=8028"},{"taxonomy":"product_cat","embeddable":true,"href":"https:\/\/blumiz.com\/fr\/wp-json\/wp\/v2\/product_cat?post=8028"},{"taxonomy":"product_tag","embeddable":true,"href":"https:\/\/blumiz.com\/fr\/wp-json\/wp\/v2\/product_tag?post=8028"}],"curies":[{"name":"wp","href":"https:\/\/api.w.org\/{rel}","templated":true}]}}