{"id":8042,"date":"2022-10-20T12:15:00","date_gmt":"2022-10-20T11:15:00","guid":{"rendered":"https:\/\/blumiz.com\/produkt\/enecta-cbnight-formula-125-mg-cbn-125-mg-cbd-9-mg-melatonine-30-ml\/"},"modified":"2025-02-11T13:30:25","modified_gmt":"2025-02-11T12:30:25","slug":"enecta-cbnight-formula-125-mg-cbn-125-mg-cbd-9-mg-melatonin-30-ml","status":"publish","type":"product","link":"https:\/\/blumiz.com\/fr\/produit\/enecta-cbnight-formula-125-mg-cbn-125-mg-cbd-9-mg-melatonin-30-ml\/","title":{"rendered":"Enecta CBNight Formula 125 mg CBN + 125 mg CBD + 9 mg m\u00e9latonine (30 ml)"},"content":{"rendered":"<h2>Une solution naturelle pour un bon sommeil<\/h2>\n<p>Une nuit de sommeil r\u00e9paratrice donne au corps et \u00e0 l&#8217;esprit le repos dont ils ont tant besoin et nous pr\u00e9pare aux d\u00e9fis qui nous attendent. Se sentir plein de vie, motiv\u00e9 et pr\u00eat \u00e0 affronter la journ\u00e9e avec toute son \u00e9nergie commence par la qualit\u00e9 de notre sommeil la veille. Mais dans un monde qui ne s&#8217;arr\u00eate jamais, s&#8217;endormir et rester endormi n&#8217;est pas aussi facile que vous le pensez &#8211; c&#8217;est pourquoi nous avons d\u00e9velopp\u00e9 Complete Sleep.<\/p>\n<p>Alors que la plupart des somnif\u00e8res contiennent de la m\u00e9latonine &#8211; un excellent compos\u00e9 pour r\u00e9tablir la qualit\u00e9 du sommeil \u00e0 court terme &#8211; leur consommation nuit apr\u00e8s nuit peut entra\u00eener des troubles. Complete Sleep est une solution \u00e0 long terme pour un sommeil r\u00e9parateur qui ne contient pas de m\u00e9latonine. Au lieu de cela, nous avons opt\u00e9 pour un m\u00e9lange sophistiqu\u00e9 de cannabino\u00efdes et d&#8217;ingr\u00e9dients naturels.<\/p>\n<p>Commen\u00e7ons par la base de notre formule Complete Sleep : notre extrait de chanvre tant convoit\u00e9. Le CBD, l&#8217;\u00e9talon-or, reste en t\u00eate de notre extrait \u00e0 spectre complet ; nous avons toutefois affin\u00e9 les proportions pour inclure des teneurs plus \u00e9lev\u00e9es en CBN (5 %). Ensemble, ces \u00e9l\u00e9ments favorisent un \u00e9tat de relaxation n\u00e9cessaire \u00e0 l&#8217;obtention d&#8217;un repos nocturne complet.<\/p>\n<p>En plus du CBD et du CBN, la formule de Complete Sleep utilise de la lavande et de la camomille. Tous deux sont tr\u00e8s respect\u00e9s pour leur influence sur le sommeil et peuvent vous aider \u00e0 vous endormir plus rapidement tout en favorisant un cycle de sommeil sain. Port\u00e9s par l&#8217;huile MCT, tous ces \u00e9l\u00e9ments circulent facilement dans le corps et doivent \u00eatre consomm\u00e9s de pr\u00e9f\u00e9rence 30 minutes avant le coucher.<\/p>\n<p>Soutenue par des tests ind\u00e9pendants, des ingr\u00e9dients de la plus haute qualit\u00e9 et une assurance qualit\u00e9 \u00e0 la pointe de l&#8217;industrie, notre formule propri\u00e9taire est une solution de qualit\u00e9 que vous pouvez prendre nuit apr\u00e8s nuit. Essayez Complete Sleep d\u00e8s aujourd&#8217;hui pour obtenir le sommeil que vous m\u00e9ritez.<\/p>\n<p>Le CBD (cannabidiol) et le CBN (cannabinol) sont deux phytocannabino\u00efdes pr\u00e9sents dans la plante Cannabis Sativa. Tous deux agissent sur notre syst\u00e8me endocannabino\u00efde et ont un effet relaxant et apaisant qui favorise le sommeil. Dans le m\u00e9lange d&#8217;huiles CBNight, ces deux cannabino\u00efdes agissent en synergie avec la m\u00e9latonine, une hormone endog\u00e8ne produite par la glande pin\u00e9ale dans notre cerveau, dans ce cas sous la forme d&#8217;un compl\u00e9ment externe. La m\u00e9latonine a pour fonction sp\u00e9cifique de r\u00e9guler ou de r\u00e9tablir le rythme veille-sommeil et de favoriser le maintien d&#8217;un sommeil r\u00e9parateur.<\/p>\n<p>L&#8217;huile de chanvre CBNight est un compl\u00e9ment alimentaire naturel s\u00fbr et efficace, obtenu exclusivement \u00e0 partir de chanvre biologique italien.<\/p>\n<p><strong>Avantages :<\/strong><\/p>\n<p>L&#8217;huile de chanvre CBNight avec m\u00e9latonine est tr\u00e8s utile pour les personnes qui souffrent de troubles du sommeil l\u00e9gers \u00e0 moyens.<\/p>\n<p>L&#8217;effet relaxant et apaisant des cannabino\u00efdes est encore renforc\u00e9 par l&#8217;effet d&#8217;accompagnement qui r\u00e9sulte de leur synergie. Cet effet, combin\u00e9 \u00e0 l&#8217;action r\u00e9gulatrice du sommeil de la m\u00e9latonine, rend cette huile particuli\u00e8rement efficace :<\/p>\n<p>contre l&#8217;insomnie<br \/>\naide \u00e0 r\u00e9duire le temps d&#8217;endormissement<br \/>\npr\u00e9vention des r\u00e9veils nocturnes<br \/>\ngarantie d&#8217;un sommeil r\u00e9parateur et r\u00e9g\u00e9n\u00e9rateur<br \/>\nr\u00e9duction de l&#8217;anxi\u00e9t\u00e9 matinale<br \/>\nsynchronisation des rythmes circadiens et r\u00e9tablissement du rythme naturel veille-sommeil.<\/p>\n<p><strong>Ingr\u00e9dients :<\/strong><\/p>\n<p>L&#8217;huile de chanvre CBNight contient (dans 1 ml) 0,3 mg de m\u00e9latonine, 4,17 mg de cannabidiol (CBD) et 4,17 de cannabinol (CBN). En plus de sa fonction premi\u00e8re de favoriser et de maintenir le sommeil, pour laquelle cette huile a \u00e9t\u00e9 d\u00e9velopp\u00e9e, la CBNight Formula a \u00e9galement des propri\u00e9t\u00e9s analg\u00e9siques et anti-inflammatoires en raison de la nature des cannabino\u00efdes contenus dans l&#8217;huile. En outre, le CBD aide \u00e0 lutter contre l&#8217;anxi\u00e9t\u00e9 et le stress chronique en r\u00e9duisant les tensions physiques et musculaires.<\/p>\n<p>Le CBN, le CBD et la m\u00e9latonine agissent ensemble comme des substances neuroprotectrices et des antioxydants extr\u00eamement utiles.<\/p>\n<p><strong>Comment prendre le m\u00e9dicament :<\/strong><\/p>\n<p>L&#8217;huile est prise une demi-heure avant d&#8217;aller se coucher. Le meilleur mode d&#8217;administration est la voie sublinguale. Il suffit de placer la quantit\u00e9 recommand\u00e9e de 1 ml sous la langue, de garder le liquide dans la bouche pendant trente secondes et de l&#8217;avaler seulement apr\u00e8s. De cette mani\u00e8re, les mol\u00e9cules ne sont pas m\u00e9tabolis\u00e9es par le foie et le processus de digestion, mais passent directement dans la circulation sanguine via les muqueuses et d\u00e9ploient leurs effets tr\u00e8s rapidement.<\/p>\n<p>N&#8217;oubliez pas de bien agiter le flacon avant chaque utilisation.<\/p>\n<p><strong>Dosage :<\/strong><\/p>\n<p>Alors que pour l&#8217;huile de CBD, la question du dosage est tr\u00e8s personnelle et subjective, nous pouvons vous donner le dosage exact pour la prise d&#8217;huile de chanvre CBNight avec m\u00e9latonine. Il s&#8217;agit d&#8217;une formule parfaitement \u00e9quilibr\u00e9e de cannabino\u00efdes et de m\u00e9latonine. La posologie recommand\u00e9e est de 1 ml par jour, \u00e0 prendre le soir une demi-heure avant le coucher.<\/p>\n<p>Nous vous recommandons de ne pas d\u00e9passer la dose recommand\u00e9e.<\/p>\n<p>Ne pas utiliser pendant la grossesse ou l&#8217;allaitement.<\/p>\n<p>Conservez le flacon hors de port\u00e9e des jeunes enfants.<\/p>\n<p>Si vous prenez d&#8217;autres compl\u00e9ments alimentaires ou m\u00e9dicaments, consultez votre m\u00e9decin avant d&#8217;utiliser ce produit.<\/p>\n<p>Ce produit n&#8217;est pas destin\u00e9 \u00e0 remplacer une alimentation saine et \u00e9quilibr\u00e9e.<\/p>\n","protected":false},"excerpt":{"rendered":"<p>L&#8217;huile de chanvre CBNight avec m\u00e9latonine est un produit naturel et innovant contenant un m\u00e9lange synergique de CBD, CBN et m\u00e9latonine. Il s&#8217;agit d&#8217;une formule sp\u00e9cialement con\u00e7ue pour am\u00e9liorer la qualit\u00e9 du sommeil et favoriser son initiation et son maintien, en utilisant des processus physiologiques enti\u00e8rement naturels. Ce produit convient \u00e0 toute personne souffrant d&#8217;insomnie, de troubles du sommeil et de la vigilance et pour qui les cannabino\u00efdes sont une nouveaut\u00e9.<\/p>\n","protected":false},"featured_media":18357,"comment_status":"open","ping_status":"closed","template":"","meta":{"site-sidebar-layout":"default","site-content-layout":"default","ast-site-content-layout":"default","site-content-style":"default","site-sidebar-style":"default","ast-global-header-display":"","ast-banner-title-visibility":"","ast-main-header-display":"","ast-hfb-above-header-display":"","ast-hfb-below-header-display":"","ast-hfb-mobile-header-display":"","site-post-title":"","ast-breadcrumbs-content":"","ast-featured-img":"","footer-sml-layout":"","ast-disable-related-posts":"","theme-transparent-header-meta":"default","adv-header-id-meta":"","stick-header-meta":"default","header-above-stick-meta":"","header-main-stick-meta":"","header-below-stick-meta":"","astra-migrate-meta-layouts":"default","ast-page-background-enabled":"default","ast-page-background-meta":{"desktop":{"background-color":"","background-image":"","background-repeat":"repeat","background-position":"center center","background-size":"auto","background-attachment":"scroll","background-type":"","background-media":"","overlay-type":"","overlay-color":"","overlay-opacity":"","overlay-gradient":""},"tablet":{"background-color":"","background-image":"","background-repeat":"repeat","background-position":"center center","background-size":"auto","background-attachment":"scroll","background-type":"","background-media":"","overlay-type":"","overlay-color":"","overlay-opacity":"","overlay-gradient":""},"mobile":{"background-color":"","background-image":"","background-repeat":"repeat","background-position":"center center","background-size":"auto","background-attachment":"scroll","background-type":"","background-media":"","overlay-type":"","overlay-color":"","overlay-opacity":"","overlay-gradient":""}},"ast-content-background-meta":{"desktop":{"background-color":"var(--ast-global-color-5)","background-image":"","background-repeat":"repeat","background-position":"center center","background-size":"auto","background-attachment":"scroll","background-type":"","background-media":"","overlay-type":"","overlay-color":"","overlay-opacity":"","overlay-gradient":""},"tablet":{"background-color":"var(--ast-global-color-5)","background-image":"","background-repeat":"repeat","background-position":"center center","background-size":"auto","background-attachment":"scroll","background-type":"","background-media":"","overlay-type":"","overlay-color":"","overlay-opacity":"","overlay-gradient":""},"mobile":{"background-color":"var(--ast-global-color-5)","background-image":"","background-repeat":"repeat","background-position":"center center","background-size":"auto","background-attachment":"scroll","background-type":"","background-media":"","overlay-type":"","overlay-color":"","overlay-opacity":"","overlay-gradient":""}}},"product_brand":[],"product_cat":[169,304,173],"product_tag":[],"class_list":{"0":"post-8042","1":"product","2":"type-product","3":"status-publish","4":"has-post-thumbnail","6":"product_cat-bien-etre-cbd","7":"product_cat-cbd-fr","8":"product_cat-huiles-et-gelules-cbd","9":"pa_cbd-rate-plus-de-20-cbd","10":"desktop-align-left","11":"tablet-align-center","12":"mobile-align-left","13":"ast-product-gallery-layout-vertical","14":"ast-product-gallery-with-no-image","15":"ast-magnify-disabled","16":"ast-product-tabs-layout-horizontal","18":"first","19":"instock","20":"taxable","21":"shipping-taxable","22":"purchasable","23":"product-type-simple"},"yoast_head":"<!-- This site is optimized with the Yoast SEO Premium plugin v27.2 (Yoast SEO v27.4) - https:\/\/yoast.com\/product\/yoast-seo-premium-wordpress\/ -->\n<title>ENECTA CBDNight - CBN + CBD Sommeil complet<\/title>\n<meta name=\"description\" content=\"Enecta CBNight Formula 125 mg CBN + 125 mg CBD + 9 mg m\u00e9latonine (30 ml) %%page% - Blumiz - Premium CBD - Sommeil complet - Livraison rapide\" \/>\n<meta name=\"robots\" content=\"index, follow, max-snippet:-1, max-image-preview:large, max-video-preview:-1\" \/>\n<link rel=\"canonical\" href=\"https:\/\/blumiz.com\/fr\/produit\/enecta-cbnight-formula-125-mg-cbn-125-mg-cbd-9-mg-melatonin-30-ml\/\" \/>\n<meta property=\"og:locale\" content=\"fr_FR\" \/>\n<meta property=\"og:type\" content=\"article\" \/>\n<meta property=\"og:title\" content=\"Enecta CBNight Formula 125 mg CBN + 125 mg CBD + 9 mg m\u00e9latonine (30 ml)\" \/>\n<meta property=\"og:description\" content=\"Enecta CBNight Formula 125 mg CBN + 125 mg CBD + 9 mg m\u00e9latonine (30 ml) Blumiz - Premium CBD\" \/>\n<meta property=\"og:url\" content=\"https:\/\/blumiz.com\/fr\/produit\/enecta-cbnight-formula-125-mg-cbn-125-mg-cbd-9-mg-melatonin-30-ml\/\" \/>\n<meta property=\"og:site_name\" content=\"Blumiz - Premium CBD\" \/>\n<meta property=\"article:modified_time\" content=\"2025-02-11T12:30:25+00:00\" \/>\n<meta property=\"og:image\" content=\"https:\/\/blumiz.com\/wp-content\/uploads\/2022\/10\/ENECTA-CBNIGHT-250MG_1.webp\" \/>\n\t<meta property=\"og:image:width\" content=\"600\" \/>\n\t<meta property=\"og:image:height\" content=\"600\" \/>\n\t<meta property=\"og:image:type\" content=\"image\/webp\" \/>\n<meta name=\"twitter:card\" content=\"summary_large_image\" \/>\n<meta name=\"twitter:label1\" content=\"Prix\" \/>\n\t<meta name=\"twitter:data1\" content=\"24,95&nbsp;&euro;\" \/>\n\t<meta name=\"twitter:label2\" content=\"Disponibilit\u00e9\" \/>\n\t<meta name=\"twitter:data2\" content=\"En stock\" \/>\n<script type=\"application\/ld+json\" class=\"yoast-schema-graph\">{\"@context\":\"https:\\\/\\\/schema.org\",\"@graph\":[{\"@type\":\"WebPage\",\"@id\":\"https:\\\/\\\/blumiz.com\\\/fr\\\/produit\\\/enecta-cbnight-formula-125-mg-cbn-125-mg-cbd-9-mg-melatonin-30-ml\\\/\",\"url\":\"https:\\\/\\\/blumiz.com\\\/fr\\\/produit\\\/enecta-cbnight-formula-125-mg-cbn-125-mg-cbd-9-mg-melatonin-30-ml\\\/\",\"name\":\"ENECTA CBDNight - CBN + CBD Sommeil complet\",\"isPartOf\":{\"@id\":\"https:\\\/\\\/blumiz.com\\\/fr\\\/#website\"},\"primaryImageOfPage\":{\"@id\":\"https:\\\/\\\/blumiz.com\\\/fr\\\/produit\\\/enecta-cbnight-formula-125-mg-cbn-125-mg-cbd-9-mg-melatonin-30-ml\\\/#primaryimage\"},\"image\":{\"@id\":\"https:\\\/\\\/blumiz.com\\\/fr\\\/produit\\\/enecta-cbnight-formula-125-mg-cbn-125-mg-cbd-9-mg-melatonin-30-ml\\\/#primaryimage\"},\"thumbnailUrl\":\"https:\\\/\\\/blumiz.com\\\/wp-content\\\/uploads\\\/2022\\\/10\\\/ENECTA-CBNIGHT-250MG_1.webp\",\"datePublished\":\"2022-10-20T11:15:00+00:00\",\"dateModified\":\"2025-02-11T12:30:25+00:00\",\"description\":\"Enecta CBNight Formula 125 mg CBN + 125 mg CBD + 9 mg m\u00e9latonine (30 ml) %%page% - Blumiz - Premium CBD - Sommeil complet - Livraison rapide\",\"breadcrumb\":{\"@id\":\"https:\\\/\\\/blumiz.com\\\/fr\\\/produit\\\/enecta-cbnight-formula-125-mg-cbn-125-mg-cbd-9-mg-melatonin-30-ml\\\/#breadcrumb\"},\"inLanguage\":\"fr-FR\",\"potentialAction\":[{\"@type\":\"ReadAction\",\"target\":[\"https:\\\/\\\/blumiz.com\\\/fr\\\/produit\\\/enecta-cbnight-formula-125-mg-cbn-125-mg-cbd-9-mg-melatonin-30-ml\\\/\"]}]},{\"@type\":\"ImageObject\",\"inLanguage\":\"fr-FR\",\"@id\":\"https:\\\/\\\/blumiz.com\\\/fr\\\/produit\\\/enecta-cbnight-formula-125-mg-cbn-125-mg-cbd-9-mg-melatonin-30-ml\\\/#primaryimage\",\"url\":\"https:\\\/\\\/blumiz.com\\\/wp-content\\\/uploads\\\/2022\\\/10\\\/ENECTA-CBNIGHT-250MG_1.webp\",\"contentUrl\":\"https:\\\/\\\/blumiz.com\\\/wp-content\\\/uploads\\\/2022\\\/10\\\/ENECTA-CBNIGHT-250MG_1.webp\",\"width\":600,\"height\":600,\"caption\":\"Enecta CBNight Formula 125mg CBN + 125mg CBD + 9mg Melatonin (30ml)\"},{\"@type\":\"BreadcrumbList\",\"@id\":\"https:\\\/\\\/blumiz.com\\\/fr\\\/produit\\\/enecta-cbnight-formula-125-mg-cbn-125-mg-cbd-9-mg-melatonin-30-ml\\\/#breadcrumb\",\"itemListElement\":[{\"@type\":\"ListItem\",\"position\":1,\"name\":\"Blumiz\",\"item\":\"https:\\\/\\\/blumiz.com\\\/fr\\\/\"},{\"@type\":\"ListItem\",\"position\":2,\"name\":\"CBD Shop\",\"item\":\"https:\\\/\\\/blumiz.com\\\/fr\\\/acheter-cbd-shop\\\/\"},{\"@type\":\"ListItem\",\"position\":3,\"name\":\"Bien \u00eatre CBD\",\"item\":\"https:\\\/\\\/blumiz.com\\\/fr\\\/category\\\/bien-etre-cbd\\\/\"},{\"@type\":\"ListItem\",\"position\":4,\"name\":\"Huiles et g\u00e9lules CBD\",\"item\":\"https:\\\/\\\/blumiz.com\\\/fr\\\/category\\\/bien-etre-cbd\\\/huiles-et-gelules-cbd\\\/\"},{\"@type\":\"ListItem\",\"position\":5,\"name\":\"Enecta CBNight Formula 125 mg CBN + 125 mg CBD + 9 mg m\u00e9latonine (30 ml)\"}]},{\"@type\":\"WebSite\",\"@id\":\"https:\\\/\\\/blumiz.com\\\/fr\\\/#website\",\"url\":\"https:\\\/\\\/blumiz.com\\\/fr\\\/\",\"name\":\"Blumiz - Premium CBD\",\"description\":\"Blumiz, Cannabis specialist\",\"publisher\":{\"@id\":\"https:\\\/\\\/blumiz.com\\\/fr\\\/#organization\"},\"alternateName\":\"Blumiz\",\"potentialAction\":[{\"@type\":\"SearchAction\",\"target\":{\"@type\":\"EntryPoint\",\"urlTemplate\":\"https:\\\/\\\/blumiz.com\\\/fr\\\/?s={search_term_string}\"},\"query-input\":{\"@type\":\"PropertyValueSpecification\",\"valueRequired\":true,\"valueName\":\"search_term_string\"}}],\"inLanguage\":\"fr-FR\"},{\"@type\":\"Organization\",\"@id\":\"https:\\\/\\\/blumiz.com\\\/fr\\\/#organization\",\"name\":\"Blumiz CBD\",\"alternateName\":\"Blumiz\",\"url\":\"https:\\\/\\\/blumiz.com\\\/fr\\\/\",\"logo\":{\"@type\":\"ImageObject\",\"inLanguage\":\"fr-FR\",\"@id\":\"https:\\\/\\\/blumiz.com\\\/fr\\\/#\\\/schema\\\/logo\\\/image\\\/\",\"url\":\"https:\\\/\\\/blumiz.com\\\/wp-content\\\/uploads\\\/2026\\\/02\\\/cropped-Blumiz-CBD-logo.webp\",\"contentUrl\":\"https:\\\/\\\/blumiz.com\\\/wp-content\\\/uploads\\\/2026\\\/02\\\/cropped-Blumiz-CBD-logo.webp\",\"width\":2547,\"height\":778,\"caption\":\"Blumiz CBD\"},\"image\":{\"@id\":\"https:\\\/\\\/blumiz.com\\\/fr\\\/#\\\/schema\\\/logo\\\/image\\\/\"}}]}<\/script>\n<meta property=\"product:price:amount\" content=\"24.95\" \/>\n<meta property=\"product:price:currency\" content=\"EUR\" \/>\n<meta property=\"og:availability\" content=\"instock\" \/>\n<meta property=\"product:availability\" content=\"instock\" \/>\n<meta property=\"product:retailer_item_id\" content=\"6257382\" \/>\n<meta property=\"product:condition\" content=\"new\" \/>\n<!-- \/ Yoast SEO Premium plugin. -->","yoast_head_json":{"title":"ENECTA CBDNight - CBN + CBD Sommeil complet","description":"Enecta CBNight Formula 125 mg CBN + 125 mg CBD + 9 mg m\u00e9latonine (30 ml) %%page% - Blumiz - Premium CBD - Sommeil complet - Livraison rapide","robots":{"index":"index","follow":"follow","max-snippet":"max-snippet:-1","max-image-preview":"max-image-preview:large","max-video-preview":"max-video-preview:-1"},"canonical":"https:\/\/blumiz.com\/fr\/produit\/enecta-cbnight-formula-125-mg-cbn-125-mg-cbd-9-mg-melatonin-30-ml\/","og_locale":"fr_FR","og_type":"article","og_title":"Enecta CBNight Formula 125 mg CBN + 125 mg CBD + 9 mg m\u00e9latonine (30 ml)","og_description":"Enecta CBNight Formula 125 mg CBN + 125 mg CBD + 9 mg m\u00e9latonine (30 ml) Blumiz - Premium CBD","og_url":"https:\/\/blumiz.com\/fr\/produit\/enecta-cbnight-formula-125-mg-cbn-125-mg-cbd-9-mg-melatonin-30-ml\/","og_site_name":"Blumiz - Premium CBD","article_modified_time":"2025-02-11T12:30:25+00:00","og_image":[{"width":600,"height":600,"url":"https:\/\/blumiz.com\/wp-content\/uploads\/2022\/10\/ENECTA-CBNIGHT-250MG_1.webp","type":"image\/webp"}],"twitter_card":"summary_large_image","twitter_misc":{"Prix":"24,95&nbsp;&euro;","Disponibilit\u00e9":"En stock"},"schema":{"@context":"https:\/\/schema.org","@graph":[{"@type":"WebPage","@id":"https:\/\/blumiz.com\/fr\/produit\/enecta-cbnight-formula-125-mg-cbn-125-mg-cbd-9-mg-melatonin-30-ml\/","url":"https:\/\/blumiz.com\/fr\/produit\/enecta-cbnight-formula-125-mg-cbn-125-mg-cbd-9-mg-melatonin-30-ml\/","name":"ENECTA CBDNight - CBN + CBD Sommeil complet","isPartOf":{"@id":"https:\/\/blumiz.com\/fr\/#website"},"primaryImageOfPage":{"@id":"https:\/\/blumiz.com\/fr\/produit\/enecta-cbnight-formula-125-mg-cbn-125-mg-cbd-9-mg-melatonin-30-ml\/#primaryimage"},"image":{"@id":"https:\/\/blumiz.com\/fr\/produit\/enecta-cbnight-formula-125-mg-cbn-125-mg-cbd-9-mg-melatonin-30-ml\/#primaryimage"},"thumbnailUrl":"https:\/\/blumiz.com\/wp-content\/uploads\/2022\/10\/ENECTA-CBNIGHT-250MG_1.webp","datePublished":"2022-10-20T11:15:00+00:00","dateModified":"2025-02-11T12:30:25+00:00","description":"Enecta CBNight Formula 125 mg CBN + 125 mg CBD + 9 mg m\u00e9latonine (30 ml) %%page% - Blumiz - Premium CBD - Sommeil complet - Livraison rapide","breadcrumb":{"@id":"https:\/\/blumiz.com\/fr\/produit\/enecta-cbnight-formula-125-mg-cbn-125-mg-cbd-9-mg-melatonin-30-ml\/#breadcrumb"},"inLanguage":"fr-FR","potentialAction":[{"@type":"ReadAction","target":["https:\/\/blumiz.com\/fr\/produit\/enecta-cbnight-formula-125-mg-cbn-125-mg-cbd-9-mg-melatonin-30-ml\/"]}]},{"@type":"ImageObject","inLanguage":"fr-FR","@id":"https:\/\/blumiz.com\/fr\/produit\/enecta-cbnight-formula-125-mg-cbn-125-mg-cbd-9-mg-melatonin-30-ml\/#primaryimage","url":"https:\/\/blumiz.com\/wp-content\/uploads\/2022\/10\/ENECTA-CBNIGHT-250MG_1.webp","contentUrl":"https:\/\/blumiz.com\/wp-content\/uploads\/2022\/10\/ENECTA-CBNIGHT-250MG_1.webp","width":600,"height":600,"caption":"Enecta CBNight Formula 125mg CBN + 125mg CBD + 9mg Melatonin (30ml)"},{"@type":"BreadcrumbList","@id":"https:\/\/blumiz.com\/fr\/produit\/enecta-cbnight-formula-125-mg-cbn-125-mg-cbd-9-mg-melatonin-30-ml\/#breadcrumb","itemListElement":[{"@type":"ListItem","position":1,"name":"Blumiz","item":"https:\/\/blumiz.com\/fr\/"},{"@type":"ListItem","position":2,"name":"CBD Shop","item":"https:\/\/blumiz.com\/fr\/acheter-cbd-shop\/"},{"@type":"ListItem","position":3,"name":"Bien \u00eatre CBD","item":"https:\/\/blumiz.com\/fr\/category\/bien-etre-cbd\/"},{"@type":"ListItem","position":4,"name":"Huiles et g\u00e9lules CBD","item":"https:\/\/blumiz.com\/fr\/category\/bien-etre-cbd\/huiles-et-gelules-cbd\/"},{"@type":"ListItem","position":5,"name":"Enecta CBNight Formula 125 mg CBN + 125 mg CBD + 9 mg m\u00e9latonine (30 ml)"}]},{"@type":"WebSite","@id":"https:\/\/blumiz.com\/fr\/#website","url":"https:\/\/blumiz.com\/fr\/","name":"Blumiz - Premium CBD","description":"Blumiz, Cannabis specialist","publisher":{"@id":"https:\/\/blumiz.com\/fr\/#organization"},"alternateName":"Blumiz","potentialAction":[{"@type":"SearchAction","target":{"@type":"EntryPoint","urlTemplate":"https:\/\/blumiz.com\/fr\/?s={search_term_string}"},"query-input":{"@type":"PropertyValueSpecification","valueRequired":true,"valueName":"search_term_string"}}],"inLanguage":"fr-FR"},{"@type":"Organization","@id":"https:\/\/blumiz.com\/fr\/#organization","name":"Blumiz CBD","alternateName":"Blumiz","url":"https:\/\/blumiz.com\/fr\/","logo":{"@type":"ImageObject","inLanguage":"fr-FR","@id":"https:\/\/blumiz.com\/fr\/#\/schema\/logo\/image\/","url":"https:\/\/blumiz.com\/wp-content\/uploads\/2026\/02\/cropped-Blumiz-CBD-logo.webp","contentUrl":"https:\/\/blumiz.com\/wp-content\/uploads\/2026\/02\/cropped-Blumiz-CBD-logo.webp","width":2547,"height":778,"caption":"Blumiz CBD"},"image":{"@id":"https:\/\/blumiz.com\/fr\/#\/schema\/logo\/image\/"}}]},"product_price_amount":"24.95","product_price_currency":"EUR","og_availability":"instock","product_availability":"instock","product_retailer_item_id":"6257382","product_condition":"new"},"_links":{"self":[{"href":"https:\/\/blumiz.com\/fr\/wp-json\/wp\/v2\/product\/8042","targetHints":{"allow":["GET"]}}],"collection":[{"href":"https:\/\/blumiz.com\/fr\/wp-json\/wp\/v2\/product"}],"about":[{"href":"https:\/\/blumiz.com\/fr\/wp-json\/wp\/v2\/types\/product"}],"replies":[{"embeddable":true,"href":"https:\/\/blumiz.com\/fr\/wp-json\/wp\/v2\/comments?post=8042"}],"version-history":[{"count":0,"href":"https:\/\/blumiz.com\/fr\/wp-json\/wp\/v2\/product\/8042\/revisions"}],"wp:featuredmedia":[{"embeddable":true,"href":"https:\/\/blumiz.com\/fr\/wp-json\/wp\/v2\/media\/18357"}],"wp:attachment":[{"href":"https:\/\/blumiz.com\/fr\/wp-json\/wp\/v2\/media?parent=8042"}],"wp:term":[{"taxonomy":"product_brand","embeddable":true,"href":"https:\/\/blumiz.com\/fr\/wp-json\/wp\/v2\/product_brand?post=8042"},{"taxonomy":"product_cat","embeddable":true,"href":"https:\/\/blumiz.com\/fr\/wp-json\/wp\/v2\/product_cat?post=8042"},{"taxonomy":"product_tag","embeddable":true,"href":"https:\/\/blumiz.com\/fr\/wp-json\/wp\/v2\/product_tag?post=8042"}],"curies":[{"name":"wp","href":"https:\/\/api.w.org\/{rel}","templated":true}]}}