{"id":8045,"date":"2020-09-07T11:19:07","date_gmt":"2020-09-07T10:19:07","guid":{"rendered":"https:\/\/blumiz.com\/produkt\/capsules-de-sommeil-reparateur-capsules-stay-asleep-cibdol-x30\/"},"modified":"2025-02-11T13:32:25","modified_gmt":"2025-02-11T12:32:25","slug":"gelules-sommeil-reparatrices-stay-asleep-cibdol","status":"publish","type":"product","link":"https:\/\/blumiz.com\/fr\/produit\/gelules-sommeil-reparatrices-stay-asleep-cibdol\/","title":{"rendered":"Capsules de sommeil r\u00e9parateur &#8211; Capsules Stay Asleep Cibdol x30"},"content":{"rendered":"<h2>La voie naturelle vers un sommeil sain<\/h2>\n<p>Il est crucial de donner \u00e0 votre corps le temps de se reposer et de r\u00e9cup\u00e9rer afin de profiter pleinement de la vie. Profitez donc d&#8217;un meilleur lendemain en commen\u00e7ant d\u00e8s aujourd&#8217;hui par une bonne nuit de sommeil gr\u00e2ce aux capsules Stay Asleep. Nous avons combin\u00e9 des proportions \u00e9quivalentes de CBD et de CBN (12,5 mg) avec du houblon et du 5-HTP afin d&#8217;offrir une exp\u00e9rience de sommeil totalement naturelle.<\/p>\n<p>En travaillant ensemble, ces cannabino\u00efdes b\u00e9n\u00e9ficient de l&#8217;effet d&#8217;entourage, tandis que chaque association soutient votre corps de la t\u00eate aux pieds. Entre-temps, le houblon contient un m\u00e9lange sophistiqu\u00e9 de terp\u00e8nes qui renforce l&#8217;effet global, tandis que le 5-HTP joue un r\u00f4le crucial dans la production de s\u00e9rotonine : une substance neurochimique impliqu\u00e9e dans les troubles du sommeil, de l&#8217;app\u00e9tit et de l&#8217;humeur.<\/p>\n<p>Sans sommeil, notre corps n&#8217;a pas le temps de r\u00e9parer les cellules endommag\u00e9es, de r\u00e9tablir les niveaux d&#8217;\u00e9nergie, de r\u00e9guler nos \u00e9motions et de traiter la grande quantit\u00e9 d&#8217;informations absorb\u00e9es pendant la journ\u00e9e. En bref, le sommeil est fondamental pour fonctionner et se sentir bien. Cependant, face aux dangers de notre vie moderne, il n&#8217;est pas toujours facile de rester endormi, et c&#8217;est l\u00e0 que les capsules Stay-Asleep entrent en jeu.<\/p>\n<p>Sa formule exclusive agit en apaisant le corps et en contribuant \u00e0 un sommeil sain, tout en vous aidant \u00e0 trouver un repos bien m\u00e9rit\u00e9.<\/p>\n<h2>Comment utiliser les capsules Cibdol Stay Asleep ?<\/h2>\n<p>Avant le coucher, prendre 1 g\u00e9lule (par jour) avec un verre d&#8217;eau.<\/p>\n<p>Les capsules Cibdol Stay Asleep sont p\u00e9rissables, conservez donc le flacon dans un endroit frais et sec apr\u00e8s ouverture.<\/p>\n<p>&nbsp;<\/p>\n<h3>Fonctions et avantages :<\/h3>\n<p>Formule innovante pour une efficacit\u00e9 optimale<br \/>\nContient du CBD et du CBN<br \/>\nLe houblon favorise un sommeil r\u00e9parateur*.<br \/>\nLe griffonia contribue \u00e0 un sommeil sain*.<br \/>\nGriffonia simplicifolia peut avoir une influence positive sur le syst\u00e8me nerveux*.<\/p>\n","protected":false},"excerpt":{"rendered":"<p>Laissez l&#8217;effet apaisant des capsules Stay-Asleep contribuer \u00e0 un sommeil sain et \u00e0 des lendemains meilleurs. Parce qu&#8217;un bon sommeil est fondamental pour se sentir bien et penser, notre m\u00e9lange propri\u00e9taire de CBD, CBN, houblon et 5-HTP travaille avec votre corps pour favoriser un repos bien m\u00e9rit\u00e9.<\/p>\n<p>30 g\u00e9lules<\/p>\n","protected":false},"featured_media":6746,"comment_status":"open","ping_status":"closed","template":"","meta":{"site-sidebar-layout":"default","site-content-layout":"default","ast-site-content-layout":"default","site-content-style":"default","site-sidebar-style":"default","ast-global-header-display":"","ast-banner-title-visibility":"","ast-main-header-display":"","ast-hfb-above-header-display":"","ast-hfb-below-header-display":"","ast-hfb-mobile-header-display":"","site-post-title":"","ast-breadcrumbs-content":"","ast-featured-img":"","footer-sml-layout":"","ast-disable-related-posts":"","theme-transparent-header-meta":"default","adv-header-id-meta":"","stick-header-meta":"default","header-above-stick-meta":"","header-main-stick-meta":"","header-below-stick-meta":"","astra-migrate-meta-layouts":"default","ast-page-background-enabled":"default","ast-page-background-meta":{"desktop":{"background-color":"","background-image":"","background-repeat":"repeat","background-position":"center center","background-size":"auto","background-attachment":"scroll","background-type":"","background-media":"","overlay-type":"","overlay-color":"","overlay-opacity":"","overlay-gradient":""},"tablet":{"background-color":"","background-image":"","background-repeat":"repeat","background-position":"center center","background-size":"auto","background-attachment":"scroll","background-type":"","background-media":"","overlay-type":"","overlay-color":"","overlay-opacity":"","overlay-gradient":""},"mobile":{"background-color":"","background-image":"","background-repeat":"repeat","background-position":"center center","background-size":"auto","background-attachment":"scroll","background-type":"","background-media":"","overlay-type":"","overlay-color":"","overlay-opacity":"","overlay-gradient":""}},"ast-content-background-meta":{"desktop":{"background-color":"var(--ast-global-color-5)","background-image":"","background-repeat":"repeat","background-position":"center center","background-size":"auto","background-attachment":"scroll","background-type":"","background-media":"","overlay-type":"","overlay-color":"","overlay-opacity":"","overlay-gradient":""},"tablet":{"background-color":"var(--ast-global-color-5)","background-image":"","background-repeat":"repeat","background-position":"center center","background-size":"auto","background-attachment":"scroll","background-type":"","background-media":"","overlay-type":"","overlay-color":"","overlay-opacity":"","overlay-gradient":""},"mobile":{"background-color":"var(--ast-global-color-5)","background-image":"","background-repeat":"repeat","background-position":"center center","background-size":"auto","background-attachment":"scroll","background-type":"","background-media":"","overlay-type":"","overlay-color":"","overlay-opacity":"","overlay-gradient":""}}},"product_brand":[],"product_cat":[169,304,173],"product_tag":[],"class_list":{"0":"post-8045","1":"product","2":"type-product","3":"status-publish","4":"has-post-thumbnail","6":"product_cat-bien-etre-cbd","7":"product_cat-cbd-fr","8":"product_cat-huiles-et-gelules-cbd","9":"desktop-align-left","10":"tablet-align-center","11":"mobile-align-left","12":"ast-product-gallery-layout-vertical","13":"ast-product-gallery-with-no-image","14":"ast-magnify-disabled","15":"ast-product-tabs-layout-horizontal","17":"first","18":"outofstock","19":"taxable","20":"shipping-taxable","21":"purchasable","22":"product-type-simple"},"yoast_head":"<!-- This site is optimized with the Yoast SEO Premium plugin v27.2 (Yoast SEO v27.4) - https:\/\/yoast.com\/product\/yoast-seo-premium-wordpress\/ -->\n<title>Capsules de sommeil r\u00e9parateur - Capsules Stay Asleep Cibdol x30 - Blumiz - Premium CBD<\/title>\n<meta name=\"description\" content=\"Capsules de sommeil r\u00e9parateur - Capsules Stay Asleep Cibdol x30 - Blumiz - Premium CBD\" \/>\n<meta name=\"robots\" content=\"index, follow, max-snippet:-1, max-image-preview:large, max-video-preview:-1\" \/>\n<link rel=\"canonical\" href=\"https:\/\/blumiz.com\/fr\/produit\/gelules-sommeil-reparatrices-stay-asleep-cibdol\/\" \/>\n<meta property=\"og:locale\" content=\"fr_FR\" \/>\n<meta property=\"og:type\" content=\"article\" \/>\n<meta property=\"og:title\" content=\"Capsules de sommeil r\u00e9parateur - Capsules Stay Asleep Cibdol x30\" \/>\n<meta property=\"og:description\" content=\"Capsules de sommeil r\u00e9parateur - Capsules Stay Asleep Cibdol x30 Blumiz - Premium CBD\" \/>\n<meta property=\"og:url\" content=\"https:\/\/blumiz.com\/fr\/produit\/gelules-sommeil-reparatrices-stay-asleep-cibdol\/\" \/>\n<meta property=\"og:site_name\" content=\"Blumiz - Premium CBD\" \/>\n<meta property=\"article:modified_time\" content=\"2025-02-11T12:32:25+00:00\" \/>\n<meta property=\"og:image\" content=\"https:\/\/blumiz.com\/wp-content\/uploads\/2022\/09\/Cibdol-Stay-Asleep-Capsules-avec-CBD-CBN-Houblon-et-Griffonia-5-HTP.webp\" \/>\n\t<meta property=\"og:image:width\" content=\"600\" \/>\n\t<meta property=\"og:image:height\" content=\"600\" \/>\n\t<meta property=\"og:image:type\" content=\"image\/webp\" \/>\n<meta name=\"twitter:card\" content=\"summary_large_image\" \/>\n<meta name=\"twitter:label1\" content=\"Prix\" \/>\n\t<meta name=\"twitter:data1\" content=\"39,95&nbsp;&euro;\" \/>\n\t<meta name=\"twitter:label2\" content=\"Disponibilit\u00e9\" \/>\n\t<meta name=\"twitter:data2\" content=\"Rupture de stock\" \/>\n<script type=\"application\/ld+json\" class=\"yoast-schema-graph\">{\"@context\":\"https:\\\/\\\/schema.org\",\"@graph\":[{\"@type\":\"WebPage\",\"@id\":\"https:\\\/\\\/blumiz.com\\\/fr\\\/produit\\\/gelules-sommeil-reparatrices-stay-asleep-cibdol\\\/\",\"url\":\"https:\\\/\\\/blumiz.com\\\/fr\\\/produit\\\/gelules-sommeil-reparatrices-stay-asleep-cibdol\\\/\",\"name\":\"Capsules de sommeil r\u00e9parateur - Capsules Stay Asleep Cibdol x30 - Blumiz - Premium CBD\",\"isPartOf\":{\"@id\":\"https:\\\/\\\/blumiz.com\\\/fr\\\/#website\"},\"primaryImageOfPage\":{\"@id\":\"https:\\\/\\\/blumiz.com\\\/fr\\\/produit\\\/gelules-sommeil-reparatrices-stay-asleep-cibdol\\\/#primaryimage\"},\"image\":{\"@id\":\"https:\\\/\\\/blumiz.com\\\/fr\\\/produit\\\/gelules-sommeil-reparatrices-stay-asleep-cibdol\\\/#primaryimage\"},\"thumbnailUrl\":\"https:\\\/\\\/blumiz.com\\\/wp-content\\\/uploads\\\/2022\\\/09\\\/Cibdol-Stay-Asleep-Capsules-avec-CBD-CBN-Houblon-et-Griffonia-5-HTP.webp\",\"datePublished\":\"2020-09-07T10:19:07+00:00\",\"dateModified\":\"2025-02-11T12:32:25+00:00\",\"description\":\"Capsules de sommeil r\u00e9parateur - Capsules Stay Asleep Cibdol x30 - Blumiz - Premium CBD\",\"breadcrumb\":{\"@id\":\"https:\\\/\\\/blumiz.com\\\/fr\\\/produit\\\/gelules-sommeil-reparatrices-stay-asleep-cibdol\\\/#breadcrumb\"},\"inLanguage\":\"fr-FR\",\"potentialAction\":[{\"@type\":\"ReadAction\",\"target\":[\"https:\\\/\\\/blumiz.com\\\/fr\\\/produit\\\/gelules-sommeil-reparatrices-stay-asleep-cibdol\\\/\"]}]},{\"@type\":\"ImageObject\",\"inLanguage\":\"fr-FR\",\"@id\":\"https:\\\/\\\/blumiz.com\\\/fr\\\/produit\\\/gelules-sommeil-reparatrices-stay-asleep-cibdol\\\/#primaryimage\",\"url\":\"https:\\\/\\\/blumiz.com\\\/wp-content\\\/uploads\\\/2022\\\/09\\\/Cibdol-Stay-Asleep-Capsules-avec-CBD-CBN-Houblon-et-Griffonia-5-HTP.webp\",\"contentUrl\":\"https:\\\/\\\/blumiz.com\\\/wp-content\\\/uploads\\\/2022\\\/09\\\/Cibdol-Stay-Asleep-Capsules-avec-CBD-CBN-Houblon-et-Griffonia-5-HTP.webp\",\"width\":600,\"height\":600},{\"@type\":\"BreadcrumbList\",\"@id\":\"https:\\\/\\\/blumiz.com\\\/fr\\\/produit\\\/gelules-sommeil-reparatrices-stay-asleep-cibdol\\\/#breadcrumb\",\"itemListElement\":[{\"@type\":\"ListItem\",\"position\":1,\"name\":\"Blumiz\",\"item\":\"https:\\\/\\\/blumiz.com\\\/fr\\\/\"},{\"@type\":\"ListItem\",\"position\":2,\"name\":\"CBD Shop\",\"item\":\"https:\\\/\\\/blumiz.com\\\/fr\\\/acheter-cbd-shop\\\/\"},{\"@type\":\"ListItem\",\"position\":3,\"name\":\"Bien \u00eatre CBD\",\"item\":\"https:\\\/\\\/blumiz.com\\\/fr\\\/category\\\/bien-etre-cbd\\\/\"},{\"@type\":\"ListItem\",\"position\":4,\"name\":\"Huiles et g\u00e9lules CBD\",\"item\":\"https:\\\/\\\/blumiz.com\\\/fr\\\/category\\\/bien-etre-cbd\\\/huiles-et-gelules-cbd\\\/\"},{\"@type\":\"ListItem\",\"position\":5,\"name\":\"Capsules de sommeil r\u00e9parateur &#8211; Capsules Stay Asleep Cibdol x30\"}]},{\"@type\":\"WebSite\",\"@id\":\"https:\\\/\\\/blumiz.com\\\/fr\\\/#website\",\"url\":\"https:\\\/\\\/blumiz.com\\\/fr\\\/\",\"name\":\"Blumiz - Premium CBD\",\"description\":\"Blumiz, Cannabis specialist\",\"publisher\":{\"@id\":\"https:\\\/\\\/blumiz.com\\\/fr\\\/#organization\"},\"alternateName\":\"Blumiz\",\"potentialAction\":[{\"@type\":\"SearchAction\",\"target\":{\"@type\":\"EntryPoint\",\"urlTemplate\":\"https:\\\/\\\/blumiz.com\\\/fr\\\/?s={search_term_string}\"},\"query-input\":{\"@type\":\"PropertyValueSpecification\",\"valueRequired\":true,\"valueName\":\"search_term_string\"}}],\"inLanguage\":\"fr-FR\"},{\"@type\":\"Organization\",\"@id\":\"https:\\\/\\\/blumiz.com\\\/fr\\\/#organization\",\"name\":\"Blumiz CBD\",\"alternateName\":\"Blumiz\",\"url\":\"https:\\\/\\\/blumiz.com\\\/fr\\\/\",\"logo\":{\"@type\":\"ImageObject\",\"inLanguage\":\"fr-FR\",\"@id\":\"https:\\\/\\\/blumiz.com\\\/fr\\\/#\\\/schema\\\/logo\\\/image\\\/\",\"url\":\"https:\\\/\\\/blumiz.com\\\/wp-content\\\/uploads\\\/2026\\\/02\\\/cropped-Blumiz-CBD-logo.webp\",\"contentUrl\":\"https:\\\/\\\/blumiz.com\\\/wp-content\\\/uploads\\\/2026\\\/02\\\/cropped-Blumiz-CBD-logo.webp\",\"width\":2547,\"height\":778,\"caption\":\"Blumiz CBD\"},\"image\":{\"@id\":\"https:\\\/\\\/blumiz.com\\\/fr\\\/#\\\/schema\\\/logo\\\/image\\\/\"}}]}<\/script>\n<meta property=\"product:price:amount\" content=\"39.95\" \/>\n<meta property=\"product:price:currency\" content=\"EUR\" \/>\n<meta property=\"og:availability\" content=\"out of stock\" \/>\n<meta property=\"product:availability\" content=\"out of stock\" \/>\n<meta property=\"product:retailer_item_id\" content=\"2895\" \/>\n<meta property=\"product:condition\" content=\"new\" \/>\n<!-- \/ Yoast SEO Premium plugin. -->","yoast_head_json":{"title":"Capsules de sommeil r\u00e9parateur - Capsules Stay Asleep Cibdol x30 - Blumiz - Premium CBD","description":"Capsules de sommeil r\u00e9parateur - Capsules Stay Asleep Cibdol x30 - Blumiz - Premium CBD","robots":{"index":"index","follow":"follow","max-snippet":"max-snippet:-1","max-image-preview":"max-image-preview:large","max-video-preview":"max-video-preview:-1"},"canonical":"https:\/\/blumiz.com\/fr\/produit\/gelules-sommeil-reparatrices-stay-asleep-cibdol\/","og_locale":"fr_FR","og_type":"article","og_title":"Capsules de sommeil r\u00e9parateur - Capsules Stay Asleep Cibdol x30","og_description":"Capsules de sommeil r\u00e9parateur - Capsules Stay Asleep Cibdol x30 Blumiz - Premium CBD","og_url":"https:\/\/blumiz.com\/fr\/produit\/gelules-sommeil-reparatrices-stay-asleep-cibdol\/","og_site_name":"Blumiz - Premium CBD","article_modified_time":"2025-02-11T12:32:25+00:00","og_image":[{"width":600,"height":600,"url":"https:\/\/blumiz.com\/wp-content\/uploads\/2022\/09\/Cibdol-Stay-Asleep-Capsules-avec-CBD-CBN-Houblon-et-Griffonia-5-HTP.webp","type":"image\/webp"}],"twitter_card":"summary_large_image","twitter_misc":{"Prix":"39,95&nbsp;&euro;","Disponibilit\u00e9":"Rupture de stock"},"schema":{"@context":"https:\/\/schema.org","@graph":[{"@type":"WebPage","@id":"https:\/\/blumiz.com\/fr\/produit\/gelules-sommeil-reparatrices-stay-asleep-cibdol\/","url":"https:\/\/blumiz.com\/fr\/produit\/gelules-sommeil-reparatrices-stay-asleep-cibdol\/","name":"Capsules de sommeil r\u00e9parateur - Capsules Stay Asleep Cibdol x30 - Blumiz - Premium CBD","isPartOf":{"@id":"https:\/\/blumiz.com\/fr\/#website"},"primaryImageOfPage":{"@id":"https:\/\/blumiz.com\/fr\/produit\/gelules-sommeil-reparatrices-stay-asleep-cibdol\/#primaryimage"},"image":{"@id":"https:\/\/blumiz.com\/fr\/produit\/gelules-sommeil-reparatrices-stay-asleep-cibdol\/#primaryimage"},"thumbnailUrl":"https:\/\/blumiz.com\/wp-content\/uploads\/2022\/09\/Cibdol-Stay-Asleep-Capsules-avec-CBD-CBN-Houblon-et-Griffonia-5-HTP.webp","datePublished":"2020-09-07T10:19:07+00:00","dateModified":"2025-02-11T12:32:25+00:00","description":"Capsules de sommeil r\u00e9parateur - Capsules Stay Asleep Cibdol x30 - Blumiz - Premium CBD","breadcrumb":{"@id":"https:\/\/blumiz.com\/fr\/produit\/gelules-sommeil-reparatrices-stay-asleep-cibdol\/#breadcrumb"},"inLanguage":"fr-FR","potentialAction":[{"@type":"ReadAction","target":["https:\/\/blumiz.com\/fr\/produit\/gelules-sommeil-reparatrices-stay-asleep-cibdol\/"]}]},{"@type":"ImageObject","inLanguage":"fr-FR","@id":"https:\/\/blumiz.com\/fr\/produit\/gelules-sommeil-reparatrices-stay-asleep-cibdol\/#primaryimage","url":"https:\/\/blumiz.com\/wp-content\/uploads\/2022\/09\/Cibdol-Stay-Asleep-Capsules-avec-CBD-CBN-Houblon-et-Griffonia-5-HTP.webp","contentUrl":"https:\/\/blumiz.com\/wp-content\/uploads\/2022\/09\/Cibdol-Stay-Asleep-Capsules-avec-CBD-CBN-Houblon-et-Griffonia-5-HTP.webp","width":600,"height":600},{"@type":"BreadcrumbList","@id":"https:\/\/blumiz.com\/fr\/produit\/gelules-sommeil-reparatrices-stay-asleep-cibdol\/#breadcrumb","itemListElement":[{"@type":"ListItem","position":1,"name":"Blumiz","item":"https:\/\/blumiz.com\/fr\/"},{"@type":"ListItem","position":2,"name":"CBD Shop","item":"https:\/\/blumiz.com\/fr\/acheter-cbd-shop\/"},{"@type":"ListItem","position":3,"name":"Bien \u00eatre CBD","item":"https:\/\/blumiz.com\/fr\/category\/bien-etre-cbd\/"},{"@type":"ListItem","position":4,"name":"Huiles et g\u00e9lules CBD","item":"https:\/\/blumiz.com\/fr\/category\/bien-etre-cbd\/huiles-et-gelules-cbd\/"},{"@type":"ListItem","position":5,"name":"Capsules de sommeil r\u00e9parateur &#8211; Capsules Stay Asleep Cibdol x30"}]},{"@type":"WebSite","@id":"https:\/\/blumiz.com\/fr\/#website","url":"https:\/\/blumiz.com\/fr\/","name":"Blumiz - Premium CBD","description":"Blumiz, Cannabis specialist","publisher":{"@id":"https:\/\/blumiz.com\/fr\/#organization"},"alternateName":"Blumiz","potentialAction":[{"@type":"SearchAction","target":{"@type":"EntryPoint","urlTemplate":"https:\/\/blumiz.com\/fr\/?s={search_term_string}"},"query-input":{"@type":"PropertyValueSpecification","valueRequired":true,"valueName":"search_term_string"}}],"inLanguage":"fr-FR"},{"@type":"Organization","@id":"https:\/\/blumiz.com\/fr\/#organization","name":"Blumiz CBD","alternateName":"Blumiz","url":"https:\/\/blumiz.com\/fr\/","logo":{"@type":"ImageObject","inLanguage":"fr-FR","@id":"https:\/\/blumiz.com\/fr\/#\/schema\/logo\/image\/","url":"https:\/\/blumiz.com\/wp-content\/uploads\/2026\/02\/cropped-Blumiz-CBD-logo.webp","contentUrl":"https:\/\/blumiz.com\/wp-content\/uploads\/2026\/02\/cropped-Blumiz-CBD-logo.webp","width":2547,"height":778,"caption":"Blumiz CBD"},"image":{"@id":"https:\/\/blumiz.com\/fr\/#\/schema\/logo\/image\/"}}]},"product_price_amount":"39.95","product_price_currency":"EUR","og_availability":"out of stock","product_availability":"out of stock","product_retailer_item_id":"2895","product_condition":"new"},"_links":{"self":[{"href":"https:\/\/blumiz.com\/fr\/wp-json\/wp\/v2\/product\/8045","targetHints":{"allow":["GET"]}}],"collection":[{"href":"https:\/\/blumiz.com\/fr\/wp-json\/wp\/v2\/product"}],"about":[{"href":"https:\/\/blumiz.com\/fr\/wp-json\/wp\/v2\/types\/product"}],"replies":[{"embeddable":true,"href":"https:\/\/blumiz.com\/fr\/wp-json\/wp\/v2\/comments?post=8045"}],"version-history":[{"count":0,"href":"https:\/\/blumiz.com\/fr\/wp-json\/wp\/v2\/product\/8045\/revisions"}],"wp:featuredmedia":[{"embeddable":true,"href":"https:\/\/blumiz.com\/fr\/wp-json\/wp\/v2\/media\/6746"}],"wp:attachment":[{"href":"https:\/\/blumiz.com\/fr\/wp-json\/wp\/v2\/media?parent=8045"}],"wp:term":[{"taxonomy":"product_brand","embeddable":true,"href":"https:\/\/blumiz.com\/fr\/wp-json\/wp\/v2\/product_brand?post=8045"},{"taxonomy":"product_cat","embeddable":true,"href":"https:\/\/blumiz.com\/fr\/wp-json\/wp\/v2\/product_cat?post=8045"},{"taxonomy":"product_tag","embeddable":true,"href":"https:\/\/blumiz.com\/fr\/wp-json\/wp\/v2\/product_tag?post=8045"}],"curies":[{"name":"wp","href":"https:\/\/api.w.org\/{rel}","templated":true}]}}