{"id":8066,"date":"2022-09-07T08:24:04","date_gmt":"2022-09-07T07:24:04","guid":{"rendered":"https:\/\/blumiz.com\/produkt\/blunt-juicy-jays-saveur-originale-de-cannabis-blunt-x2\/"},"modified":"2025-12-11T16:09:44","modified_gmt":"2025-12-11T15:09:44","slug":"blunt-juicy-jays-original-cannabis-gout-blunt-x2","status":"publish","type":"product","link":"https:\/\/blumiz.com\/fr\/produit\/blunt-juicy-jays-original-cannabis-gout-blunt-x2\/","title":{"rendered":"Blunt &#8211; Saveur originale de cannabis &#8211; Original &#8211; Juicy Jay&#8217;s &#8211; x 2 Blunt"},"content":{"rendered":"<h2>Description Blunt &#8211; Juicy Jay&#8217;s &#8211; Original Natural Hemp<\/h2>\n<p>Commencez la f\u00eate avec un peu de Wrap Bunt !<\/p>\n<p>Super pour les f\u00eates ! . Chaque blunt wrap a une longueur de 36 cm et une taille de 24 mm. Le papier de chanvre est compos\u00e9 \u00e0 80% de chanvre pur &#8211; donc presque enti\u00e8rement naturel et \u00e9cologique ! Ces wraps au chanvre bio, naturels \u00e0 80 %, vous permettent de conserver votre herbe dans un r\u00e9cipient herm\u00e9tique qui garde ses bourgeons frais.<\/p>\n<p>La meilleure exp\u00e9rience de tabagisme de tous les temps !<\/p>\n<p>Avec Juicy Jay&#8217;s Hemp Wraps Blunt Original, nous vous offrons la meilleure exp\u00e9rience de tabagisme de tous les temps. Ces wraps sont fabriqu\u00e9s \u00e0 partir de chanvre finement broy\u00e9 et laiss\u00e9s dans un \u00e9tat naturel. Le chanvre permet aux wrap blunts de br\u00fbler lentement et \u00e0 froid, ce qui vous permet de profiter du go\u00fbt pur de votre vari\u00e9t\u00e9 de marijuana pr\u00e9f\u00e9r\u00e9e. Fabriqu\u00e9 \u00e0 la main par des experts et parfait pour les d\u00e9placements ! Ce paquet de wraps est compos\u00e9 de chanvre pur et est livr\u00e9 dans un emballage pr\u00e9sentoir, facile \u00e0 transporter et \u00e0 stocker. Le transport de ces produits chez vous ne posera aucun probl\u00e8me et leur durabilit\u00e9 en fait un compl\u00e9ment pratique pour tout magasin d&#8217;herbe.<\/p>\n<p>Le film de chanvre est fabriqu\u00e9 \u00e0 partir de fibres de chanvre, un mat\u00e9riau renouvelable et respectueux de l&#8217;environnement qui n&#8217;a pas besoin de pesticides pour pousser. Les Juicy Jay Wraps ne se dissolvent pas comme les autres blunts et peuvent \u00eatre grill\u00e9s plusieurs fois. Avec Juicy Jay&#8217;s Blunt Wraps, vous pouvez facilement transformer n&#8217;importe quel Blunt Wrap en un Juicy Jay&#8217;s original. Le Blunt Original est un cigarillo wrap au chanvre avec un soup\u00e7on de vanille. La taille la plus populaire sur le march\u00e9, pleine de saveur et fabriqu\u00e9e pour offrir une exp\u00e9rience de tabagisme propre, qui n&#8217;est pas dure ou am\u00e8re comme la plupart des cigares dans le pass\u00e9.<\/p>\n","protected":false},"excerpt":{"rendered":"<h2>Paquet de 2 blunts originaux au go\u00fbt de cannabis<\/h2>\n<p>Profite de toute l&#8217;intensit\u00e9 du cannabis d&#8217;\u00e9lan gr\u00e2ce \u00e0 son sachet herm\u00e9tique et refermable ! Faciles \u00e0 rouler, ils sont collants au toucher.<br \/>\nDraps kingsize. Ne contient pas de TABAC<\/p>\n<p>&nbsp;<\/p>\n","protected":false},"featured_media":6760,"comment_status":"open","ping_status":"closed","template":"","meta":{"site-sidebar-layout":"default","site-content-layout":"default","ast-site-content-layout":"default","site-content-style":"default","site-sidebar-style":"default","ast-global-header-display":"","ast-banner-title-visibility":"","ast-main-header-display":"","ast-hfb-above-header-display":"","ast-hfb-below-header-display":"","ast-hfb-mobile-header-display":"","site-post-title":"","ast-breadcrumbs-content":"","ast-featured-img":"","footer-sml-layout":"","ast-disable-related-posts":"","theme-transparent-header-meta":"default","adv-header-id-meta":"","stick-header-meta":"default","header-above-stick-meta":"","header-main-stick-meta":"","header-below-stick-meta":"","astra-migrate-meta-layouts":"default","ast-page-background-enabled":"default","ast-page-background-meta":{"desktop":{"background-color":"","background-image":"","background-repeat":"repeat","background-position":"center center","background-size":"auto","background-attachment":"scroll","background-type":"","background-media":"","overlay-type":"","overlay-color":"","overlay-opacity":"","overlay-gradient":""},"tablet":{"background-color":"","background-image":"","background-repeat":"repeat","background-position":"center center","background-size":"auto","background-attachment":"scroll","background-type":"","background-media":"","overlay-type":"","overlay-color":"","overlay-opacity":"","overlay-gradient":""},"mobile":{"background-color":"","background-image":"","background-repeat":"repeat","background-position":"center center","background-size":"auto","background-attachment":"scroll","background-type":"","background-media":"","overlay-type":"","overlay-color":"","overlay-opacity":"","overlay-gradient":""}},"ast-content-background-meta":{"desktop":{"background-color":"var(--ast-global-color-5)","background-image":"","background-repeat":"repeat","background-position":"center center","background-size":"auto","background-attachment":"scroll","background-type":"","background-media":"","overlay-type":"","overlay-color":"","overlay-opacity":"","overlay-gradient":""},"tablet":{"background-color":"var(--ast-global-color-5)","background-image":"","background-repeat":"repeat","background-position":"center center","background-size":"auto","background-attachment":"scroll","background-type":"","background-media":"","overlay-type":"","overlay-color":"","overlay-opacity":"","overlay-gradient":""},"mobile":{"background-color":"var(--ast-global-color-5)","background-image":"","background-repeat":"repeat","background-position":"center center","background-size":"auto","background-attachment":"scroll","background-type":"","background-media":"","overlay-type":"","overlay-color":"","overlay-opacity":"","overlay-gradient":""}}},"product_brand":[],"product_cat":[177],"product_tag":[],"class_list":{"0":"post-8066","1":"product","2":"type-product","3":"status-publish","4":"has-post-thumbnail","6":"product_cat-headshop","7":"desktop-align-left","8":"tablet-align-center","9":"mobile-align-left","10":"ast-product-gallery-layout-vertical","11":"ast-magnify-disabled","12":"ast-product-tabs-layout-horizontal","14":"first","15":"instock","16":"taxable","17":"shipping-taxable","18":"purchasable","19":"product-type-simple"},"yoast_head":"<!-- This site is optimized with the Yoast SEO Premium plugin v27.2 (Yoast SEO v27.5) - https:\/\/yoast.com\/product\/yoast-seo-premium-wordpress\/ -->\n<title>Blunt - Saveur originale de cannabis - Original - Juicy Jay&#039;s - x 2 Blunt - Blumiz - Premium CBD<\/title>\n<meta name=\"description\" content=\"Blunt - Saveur originale de cannabis - Original - Juicy Jay&#039;s - x 2 Blunt - Blumiz - Premium CBD\" \/>\n<meta name=\"robots\" content=\"index, follow, max-snippet:-1, max-image-preview:large, max-video-preview:-1\" \/>\n<link rel=\"canonical\" href=\"https:\/\/blumiz.com\/fr\/produit\/blunt-juicy-jays-original-cannabis-gout-blunt-x2\/\" \/>\n<meta property=\"og:locale\" content=\"fr_FR\" \/>\n<meta property=\"og:type\" content=\"article\" \/>\n<meta property=\"og:title\" content=\"Blunt - Saveur originale de cannabis - Original - Juicy Jay&#039;s - x 2 Blunt\" \/>\n<meta property=\"og:description\" content=\"Blunt - Saveur originale de cannabis - Original - Juicy Jay&#039;s - x 2 Blunt Blumiz - Premium CBD\" \/>\n<meta property=\"og:url\" content=\"https:\/\/blumiz.com\/fr\/produit\/blunt-juicy-jays-original-cannabis-gout-blunt-x2\/\" \/>\n<meta property=\"og:site_name\" content=\"Blumiz - Premium CBD\" \/>\n<meta property=\"article:modified_time\" content=\"2025-12-11T15:09:44+00:00\" \/>\n<meta property=\"og:image\" content=\"https:\/\/blumiz.com\/wp-content\/uploads\/2022\/09\/Juicy-Jays-Hemp-Wraps-Blunt-Original-Blunt-mit-einfachem-Cannabis-Geschmack.webp\" \/>\n\t<meta property=\"og:image:width\" content=\"600\" \/>\n\t<meta property=\"og:image:height\" content=\"600\" \/>\n\t<meta property=\"og:image:type\" content=\"image\/webp\" \/>\n<meta name=\"twitter:card\" content=\"summary_large_image\" \/>\n<meta name=\"twitter:label1\" content=\"Prix\" \/>\n\t<meta name=\"twitter:data1\" content=\"1,90&nbsp;&euro;\" \/>\n\t<meta name=\"twitter:label2\" content=\"Disponibilit\u00e9\" \/>\n\t<meta name=\"twitter:data2\" content=\"En stock\" \/>\n<script type=\"application\/ld+json\" class=\"yoast-schema-graph\">{\"@context\":\"https:\\\/\\\/schema.org\",\"@graph\":[{\"@type\":\"WebPage\",\"@id\":\"https:\\\/\\\/blumiz.com\\\/fr\\\/produit\\\/blunt-juicy-jays-original-cannabis-gout-blunt-x2\\\/\",\"url\":\"https:\\\/\\\/blumiz.com\\\/fr\\\/produit\\\/blunt-juicy-jays-original-cannabis-gout-blunt-x2\\\/\",\"name\":\"Blunt - Saveur originale de cannabis - Original - Juicy Jay's - x 2 Blunt - Blumiz - Premium CBD\",\"isPartOf\":{\"@id\":\"https:\\\/\\\/blumiz.com\\\/fr\\\/#website\"},\"primaryImageOfPage\":{\"@id\":\"https:\\\/\\\/blumiz.com\\\/fr\\\/produit\\\/blunt-juicy-jays-original-cannabis-gout-blunt-x2\\\/#primaryimage\"},\"image\":{\"@id\":\"https:\\\/\\\/blumiz.com\\\/fr\\\/produit\\\/blunt-juicy-jays-original-cannabis-gout-blunt-x2\\\/#primaryimage\"},\"thumbnailUrl\":\"https:\\\/\\\/blumiz.com\\\/wp-content\\\/uploads\\\/2022\\\/09\\\/Juicy-Jays-Hemp-Wraps-Blunt-Original-Blunt-mit-einfachem-Cannabis-Geschmack.webp\",\"datePublished\":\"2022-09-07T07:24:04+00:00\",\"dateModified\":\"2025-12-11T15:09:44+00:00\",\"description\":\"Blunt - Saveur originale de cannabis - Original - Juicy Jay's - x 2 Blunt - Blumiz - Premium CBD\",\"breadcrumb\":{\"@id\":\"https:\\\/\\\/blumiz.com\\\/fr\\\/produit\\\/blunt-juicy-jays-original-cannabis-gout-blunt-x2\\\/#breadcrumb\"},\"inLanguage\":\"fr-FR\",\"potentialAction\":[{\"@type\":\"ReadAction\",\"target\":[\"https:\\\/\\\/blumiz.com\\\/fr\\\/produit\\\/blunt-juicy-jays-original-cannabis-gout-blunt-x2\\\/\"]}]},{\"@type\":\"ImageObject\",\"inLanguage\":\"fr-FR\",\"@id\":\"https:\\\/\\\/blumiz.com\\\/fr\\\/produit\\\/blunt-juicy-jays-original-cannabis-gout-blunt-x2\\\/#primaryimage\",\"url\":\"https:\\\/\\\/blumiz.com\\\/wp-content\\\/uploads\\\/2022\\\/09\\\/Juicy-Jays-Hemp-Wraps-Blunt-Original-Blunt-mit-einfachem-Cannabis-Geschmack.webp\",\"contentUrl\":\"https:\\\/\\\/blumiz.com\\\/wp-content\\\/uploads\\\/2022\\\/09\\\/Juicy-Jays-Hemp-Wraps-Blunt-Original-Blunt-mit-einfachem-Cannabis-Geschmack.webp\",\"width\":600,\"height\":600},{\"@type\":\"BreadcrumbList\",\"@id\":\"https:\\\/\\\/blumiz.com\\\/fr\\\/produit\\\/blunt-juicy-jays-original-cannabis-gout-blunt-x2\\\/#breadcrumb\",\"itemListElement\":[{\"@type\":\"ListItem\",\"position\":1,\"name\":\"Blumiz\",\"item\":\"https:\\\/\\\/blumiz.com\\\/fr\\\/\"},{\"@type\":\"ListItem\",\"position\":2,\"name\":\"CBD Shop\",\"item\":\"https:\\\/\\\/blumiz.com\\\/fr\\\/acheter-cbd-shop\\\/\"},{\"@type\":\"ListItem\",\"position\":3,\"name\":\"HeadShop\",\"item\":\"https:\\\/\\\/blumiz.com\\\/fr\\\/category\\\/headshop\\\/\"},{\"@type\":\"ListItem\",\"position\":4,\"name\":\"Blunt &#8211; Saveur originale de cannabis &#8211; Original &#8211; Juicy Jay&#8217;s &#8211; x 2 Blunt\"}]},{\"@type\":\"WebSite\",\"@id\":\"https:\\\/\\\/blumiz.com\\\/fr\\\/#website\",\"url\":\"https:\\\/\\\/blumiz.com\\\/fr\\\/\",\"name\":\"Blumiz - Premium CBD\",\"description\":\"Blumiz, Cannabis specialist\",\"publisher\":{\"@id\":\"https:\\\/\\\/blumiz.com\\\/fr\\\/#organization\"},\"alternateName\":\"Blumiz\",\"potentialAction\":[{\"@type\":\"SearchAction\",\"target\":{\"@type\":\"EntryPoint\",\"urlTemplate\":\"https:\\\/\\\/blumiz.com\\\/fr\\\/?s={search_term_string}\"},\"query-input\":{\"@type\":\"PropertyValueSpecification\",\"valueRequired\":true,\"valueName\":\"search_term_string\"}}],\"inLanguage\":\"fr-FR\"},{\"@type\":\"Organization\",\"@id\":\"https:\\\/\\\/blumiz.com\\\/fr\\\/#organization\",\"name\":\"Blumiz CBD\",\"alternateName\":\"Blumiz\",\"url\":\"https:\\\/\\\/blumiz.com\\\/fr\\\/\",\"logo\":{\"@type\":\"ImageObject\",\"inLanguage\":\"fr-FR\",\"@id\":\"https:\\\/\\\/blumiz.com\\\/fr\\\/#\\\/schema\\\/logo\\\/image\\\/\",\"url\":\"https:\\\/\\\/blumiz.com\\\/wp-content\\\/uploads\\\/2026\\\/02\\\/cropped-Blumiz-CBD-logo.webp\",\"contentUrl\":\"https:\\\/\\\/blumiz.com\\\/wp-content\\\/uploads\\\/2026\\\/02\\\/cropped-Blumiz-CBD-logo.webp\",\"width\":2547,\"height\":778,\"caption\":\"Blumiz CBD\"},\"image\":{\"@id\":\"https:\\\/\\\/blumiz.com\\\/fr\\\/#\\\/schema\\\/logo\\\/image\\\/\"}}]}<\/script>\n<meta property=\"product:price:amount\" content=\"1.90\" \/>\n<meta property=\"product:price:currency\" content=\"EUR\" \/>\n<meta property=\"og:availability\" content=\"instock\" \/>\n<meta property=\"product:availability\" content=\"instock\" \/>\n<meta property=\"product:retailer_item_id\" content=\"3797\" \/>\n<meta property=\"product:condition\" content=\"new\" \/>\n<!-- \/ Yoast SEO Premium plugin. -->","yoast_head_json":{"title":"Blunt - Saveur originale de cannabis - Original - Juicy Jay's - x 2 Blunt - Blumiz - Premium CBD","description":"Blunt - Saveur originale de cannabis - Original - Juicy Jay's - x 2 Blunt - Blumiz - Premium CBD","robots":{"index":"index","follow":"follow","max-snippet":"max-snippet:-1","max-image-preview":"max-image-preview:large","max-video-preview":"max-video-preview:-1"},"canonical":"https:\/\/blumiz.com\/fr\/produit\/blunt-juicy-jays-original-cannabis-gout-blunt-x2\/","og_locale":"fr_FR","og_type":"article","og_title":"Blunt - Saveur originale de cannabis - Original - Juicy Jay's - x 2 Blunt","og_description":"Blunt - Saveur originale de cannabis - Original - Juicy Jay's - x 2 Blunt Blumiz - Premium CBD","og_url":"https:\/\/blumiz.com\/fr\/produit\/blunt-juicy-jays-original-cannabis-gout-blunt-x2\/","og_site_name":"Blumiz - Premium CBD","article_modified_time":"2025-12-11T15:09:44+00:00","og_image":[{"width":600,"height":600,"url":"https:\/\/blumiz.com\/wp-content\/uploads\/2022\/09\/Juicy-Jays-Hemp-Wraps-Blunt-Original-Blunt-mit-einfachem-Cannabis-Geschmack.webp","type":"image\/webp"}],"twitter_card":"summary_large_image","twitter_misc":{"Prix":"1,90&nbsp;&euro;","Disponibilit\u00e9":"En stock"},"schema":{"@context":"https:\/\/schema.org","@graph":[{"@type":"WebPage","@id":"https:\/\/blumiz.com\/fr\/produit\/blunt-juicy-jays-original-cannabis-gout-blunt-x2\/","url":"https:\/\/blumiz.com\/fr\/produit\/blunt-juicy-jays-original-cannabis-gout-blunt-x2\/","name":"Blunt - Saveur originale de cannabis - Original - Juicy Jay's - x 2 Blunt - Blumiz - Premium CBD","isPartOf":{"@id":"https:\/\/blumiz.com\/fr\/#website"},"primaryImageOfPage":{"@id":"https:\/\/blumiz.com\/fr\/produit\/blunt-juicy-jays-original-cannabis-gout-blunt-x2\/#primaryimage"},"image":{"@id":"https:\/\/blumiz.com\/fr\/produit\/blunt-juicy-jays-original-cannabis-gout-blunt-x2\/#primaryimage"},"thumbnailUrl":"https:\/\/blumiz.com\/wp-content\/uploads\/2022\/09\/Juicy-Jays-Hemp-Wraps-Blunt-Original-Blunt-mit-einfachem-Cannabis-Geschmack.webp","datePublished":"2022-09-07T07:24:04+00:00","dateModified":"2025-12-11T15:09:44+00:00","description":"Blunt - Saveur originale de cannabis - Original - Juicy Jay's - x 2 Blunt - Blumiz - Premium CBD","breadcrumb":{"@id":"https:\/\/blumiz.com\/fr\/produit\/blunt-juicy-jays-original-cannabis-gout-blunt-x2\/#breadcrumb"},"inLanguage":"fr-FR","potentialAction":[{"@type":"ReadAction","target":["https:\/\/blumiz.com\/fr\/produit\/blunt-juicy-jays-original-cannabis-gout-blunt-x2\/"]}]},{"@type":"ImageObject","inLanguage":"fr-FR","@id":"https:\/\/blumiz.com\/fr\/produit\/blunt-juicy-jays-original-cannabis-gout-blunt-x2\/#primaryimage","url":"https:\/\/blumiz.com\/wp-content\/uploads\/2022\/09\/Juicy-Jays-Hemp-Wraps-Blunt-Original-Blunt-mit-einfachem-Cannabis-Geschmack.webp","contentUrl":"https:\/\/blumiz.com\/wp-content\/uploads\/2022\/09\/Juicy-Jays-Hemp-Wraps-Blunt-Original-Blunt-mit-einfachem-Cannabis-Geschmack.webp","width":600,"height":600},{"@type":"BreadcrumbList","@id":"https:\/\/blumiz.com\/fr\/produit\/blunt-juicy-jays-original-cannabis-gout-blunt-x2\/#breadcrumb","itemListElement":[{"@type":"ListItem","position":1,"name":"Blumiz","item":"https:\/\/blumiz.com\/fr\/"},{"@type":"ListItem","position":2,"name":"CBD Shop","item":"https:\/\/blumiz.com\/fr\/acheter-cbd-shop\/"},{"@type":"ListItem","position":3,"name":"HeadShop","item":"https:\/\/blumiz.com\/fr\/category\/headshop\/"},{"@type":"ListItem","position":4,"name":"Blunt &#8211; Saveur originale de cannabis &#8211; Original &#8211; Juicy Jay&#8217;s &#8211; x 2 Blunt"}]},{"@type":"WebSite","@id":"https:\/\/blumiz.com\/fr\/#website","url":"https:\/\/blumiz.com\/fr\/","name":"Blumiz - Premium CBD","description":"Blumiz, Cannabis specialist","publisher":{"@id":"https:\/\/blumiz.com\/fr\/#organization"},"alternateName":"Blumiz","potentialAction":[{"@type":"SearchAction","target":{"@type":"EntryPoint","urlTemplate":"https:\/\/blumiz.com\/fr\/?s={search_term_string}"},"query-input":{"@type":"PropertyValueSpecification","valueRequired":true,"valueName":"search_term_string"}}],"inLanguage":"fr-FR"},{"@type":"Organization","@id":"https:\/\/blumiz.com\/fr\/#organization","name":"Blumiz CBD","alternateName":"Blumiz","url":"https:\/\/blumiz.com\/fr\/","logo":{"@type":"ImageObject","inLanguage":"fr-FR","@id":"https:\/\/blumiz.com\/fr\/#\/schema\/logo\/image\/","url":"https:\/\/blumiz.com\/wp-content\/uploads\/2026\/02\/cropped-Blumiz-CBD-logo.webp","contentUrl":"https:\/\/blumiz.com\/wp-content\/uploads\/2026\/02\/cropped-Blumiz-CBD-logo.webp","width":2547,"height":778,"caption":"Blumiz CBD"},"image":{"@id":"https:\/\/blumiz.com\/fr\/#\/schema\/logo\/image\/"}}]},"product_price_amount":"1.90","product_price_currency":"EUR","og_availability":"instock","product_availability":"instock","product_retailer_item_id":"3797","product_condition":"new"},"_links":{"self":[{"href":"https:\/\/blumiz.com\/fr\/wp-json\/wp\/v2\/product\/8066","targetHints":{"allow":["GET"]}}],"collection":[{"href":"https:\/\/blumiz.com\/fr\/wp-json\/wp\/v2\/product"}],"about":[{"href":"https:\/\/blumiz.com\/fr\/wp-json\/wp\/v2\/types\/product"}],"replies":[{"embeddable":true,"href":"https:\/\/blumiz.com\/fr\/wp-json\/wp\/v2\/comments?post=8066"}],"version-history":[{"count":0,"href":"https:\/\/blumiz.com\/fr\/wp-json\/wp\/v2\/product\/8066\/revisions"}],"wp:featuredmedia":[{"embeddable":true,"href":"https:\/\/blumiz.com\/fr\/wp-json\/wp\/v2\/media\/6760"}],"wp:attachment":[{"href":"https:\/\/blumiz.com\/fr\/wp-json\/wp\/v2\/media?parent=8066"}],"wp:term":[{"taxonomy":"product_brand","embeddable":true,"href":"https:\/\/blumiz.com\/fr\/wp-json\/wp\/v2\/product_brand?post=8066"},{"taxonomy":"product_cat","embeddable":true,"href":"https:\/\/blumiz.com\/fr\/wp-json\/wp\/v2\/product_cat?post=8066"},{"taxonomy":"product_tag","embeddable":true,"href":"https:\/\/blumiz.com\/fr\/wp-json\/wp\/v2\/product_tag?post=8066"}],"curies":[{"name":"wp","href":"https:\/\/api.w.org\/{rel}","templated":true}]}}