{"id":8078,"date":"2020-09-07T07:13:42","date_gmt":"2020-09-07T06:13:42","guid":{"rendered":"https:\/\/blumiz.com\/produkt\/balance-numerique-new-mexico-01-g-600-g\/"},"modified":"2025-08-05T09:16:21","modified_gmt":"2025-08-05T08:16:21","slug":"balance-digitale-new-mexico-01-g-600-g","status":"publish","type":"product","link":"https:\/\/blumiz.com\/fr\/produit\/balance-digitale-new-mexico-01-g-600-g\/","title":{"rendered":"Balance num\u00e9rique Boston 0,1 g &#8211; 100 g"},"content":{"rendered":"<p>Description<br \/>\nDes mesures pr\u00e9cises en un clin d&#8217;\u0153il !<\/p>\n<p>L&#8217;\u00e9chelle num\u00e9rique USA Weight Boston 0,1 g &#8211; 100 g a un design moderne, une surface en verre \u00e9l\u00e9gante et un \u00e9cran LCD facile \u00e0 lire. Ses capteurs avanc\u00e9s de haute pr\u00e9cision fournissent des mesures pr\u00e9cises dans diff\u00e9rents modes. La balance dispose d&#8217;une fonction de tare qui d\u00e9duit le poids du r\u00e9cipient.<\/p>\n<p>Il est fabriqu\u00e9 en acier inoxydable et peut peser simultan\u00e9ment jusqu&#8217;\u00e0 100 g d&#8217;objets. elle dispose de fonctions suppl\u00e9mentaires telles que le tarage, l&#8217;arr\u00eat automatique, l&#8217;affichage du niveau de la batterie et la mise en attente. La balance dispose \u00e9galement d&#8217;un arr\u00eat automatique apr\u00e8s 2 minutes d&#8217;inactivit\u00e9 et la balance est aliment\u00e9e par 2 piles AAA (fournies). Cette balance multifonctionnelle de haute pr\u00e9cision de 2 \u00d7 2 pieds est fabriqu\u00e9e en plastique ABS de haute qualit\u00e9 et en verre tremp\u00e9. Il est tr\u00e8s facile \u00e0 utiliser et peut donner des r\u00e9sultats imm\u00e9diats. Cette balance est utilis\u00e9e pour peser des choses \u00e0 la maison, \u00e0 la clinique ou au cabinet m\u00e9dical, o\u00f9 que vous alliez.<\/p>\n<p>Cette balance num\u00e9rique peut \u00eatre utilis\u00e9e pour peser le caf\u00e9, les herbes, les \u00e9pices, le th\u00e9, les m\u00e9dicaments, les bijoux, l&#8217;or et les m\u00e9taux pr\u00e9cieux et d&#8217;autres petits objets.<\/p>\n","protected":false},"excerpt":{"rendered":"<h2>BALANCE \u00c9LECTRONIQUE BOSTON | 0,01 &#8211; 100g<\/h2>\n<p>Un poids pr\u00e9cis peut s&#8217;av\u00e9rer indispensable lorsque l&#8217;on joue avec des herbes s\u00e8ches. Gr\u00e2ce \u00e0 cela, vous pouvez choisir librement diff\u00e9rentes proportions de votre mat\u00e9riau pr\u00e9f\u00e9r\u00e9 et r\u00e9aliser exactement les assemblages que vous souhaitez. Pour \u00e9viter les erreurs et les pannes, choisissez des appareils fiables comme la balance \u00e9lectronique 0,01-100g Boston. Au premier coup d&#8217;\u0153il, on constate que ce poids diff\u00e8re quelque peu des autres mod\u00e8les. La taille l\u00e9g\u00e8rement plus grande permet de peser plus de mati\u00e8re s\u00e8che en m\u00eame temps, ce qui en fait une solution beaucoup plus pragmatique et rapide. Ce mod\u00e8le est \u00e9galement extr\u00eamement pr\u00e9cis puisqu&#8217;il vous indique le poids avec une pr\u00e9cision d&#8217;un centi\u00e8me de gramme !<\/p>\n","protected":false},"featured_media":6755,"comment_status":"open","ping_status":"closed","template":"","meta":{"site-sidebar-layout":"default","site-content-layout":"default","ast-site-content-layout":"default","site-content-style":"default","site-sidebar-style":"default","ast-global-header-display":"","ast-banner-title-visibility":"","ast-main-header-display":"","ast-hfb-above-header-display":"","ast-hfb-below-header-display":"","ast-hfb-mobile-header-display":"","site-post-title":"","ast-breadcrumbs-content":"","ast-featured-img":"","footer-sml-layout":"","ast-disable-related-posts":"","theme-transparent-header-meta":"default","adv-header-id-meta":"","stick-header-meta":"default","header-above-stick-meta":"","header-main-stick-meta":"","header-below-stick-meta":"","astra-migrate-meta-layouts":"default","ast-page-background-enabled":"default","ast-page-background-meta":{"desktop":{"background-color":"","background-image":"","background-repeat":"repeat","background-position":"center center","background-size":"auto","background-attachment":"scroll","background-type":"","background-media":"","overlay-type":"","overlay-color":"","overlay-opacity":"","overlay-gradient":""},"tablet":{"background-color":"","background-image":"","background-repeat":"repeat","background-position":"center center","background-size":"auto","background-attachment":"scroll","background-type":"","background-media":"","overlay-type":"","overlay-color":"","overlay-opacity":"","overlay-gradient":""},"mobile":{"background-color":"","background-image":"","background-repeat":"repeat","background-position":"center center","background-size":"auto","background-attachment":"scroll","background-type":"","background-media":"","overlay-type":"","overlay-color":"","overlay-opacity":"","overlay-gradient":""}},"ast-content-background-meta":{"desktop":{"background-color":"var(--ast-global-color-5)","background-image":"","background-repeat":"repeat","background-position":"center center","background-size":"auto","background-attachment":"scroll","background-type":"","background-media":"","overlay-type":"","overlay-color":"","overlay-opacity":"","overlay-gradient":""},"tablet":{"background-color":"var(--ast-global-color-5)","background-image":"","background-repeat":"repeat","background-position":"center center","background-size":"auto","background-attachment":"scroll","background-type":"","background-media":"","overlay-type":"","overlay-color":"","overlay-opacity":"","overlay-gradient":""},"mobile":{"background-color":"var(--ast-global-color-5)","background-image":"","background-repeat":"repeat","background-position":"center center","background-size":"auto","background-attachment":"scroll","background-type":"","background-media":"","overlay-type":"","overlay-color":"","overlay-opacity":"","overlay-gradient":""}}},"product_brand":[],"product_cat":[177],"product_tag":[],"class_list":{"0":"post-8078","1":"product","2":"type-product","3":"status-publish","4":"has-post-thumbnail","6":"product_cat-headshop","7":"desktop-align-left","8":"tablet-align-center","9":"mobile-align-left","10":"ast-product-gallery-layout-vertical","11":"ast-product-gallery-with-no-image","12":"ast-magnify-disabled","13":"ast-product-tabs-layout-horizontal","15":"first","16":"instock","17":"taxable","18":"shipping-taxable","19":"purchasable","20":"product-type-simple"},"yoast_head":"<!-- This site is optimized with the Yoast SEO Premium plugin v27.2 (Yoast SEO v27.4) - https:\/\/yoast.com\/product\/yoast-seo-premium-wordpress\/ -->\n<title>Balance num\u00e9rique Boston 0,1 g - 100 g - Blumiz - Premium CBD<\/title>\n<meta name=\"description\" content=\"Balance num\u00e9rique Boston 0,1 g - 100 g - Blumiz - Premium CBD\" \/>\n<meta name=\"robots\" content=\"index, follow, max-snippet:-1, max-image-preview:large, max-video-preview:-1\" \/>\n<link rel=\"canonical\" href=\"https:\/\/blumiz.com\/fr\/produit\/balance-digitale-new-mexico-01-g-600-g\/\" \/>\n<meta property=\"og:locale\" content=\"fr_FR\" \/>\n<meta property=\"og:type\" content=\"article\" \/>\n<meta property=\"og:title\" content=\"Balance num\u00e9rique Boston 0,1 g - 100 g\" \/>\n<meta property=\"og:description\" content=\"Balance num\u00e9rique Boston 0,1 g - 100 g Blumiz - Premium CBD\" \/>\n<meta property=\"og:url\" content=\"https:\/\/blumiz.com\/fr\/produit\/balance-digitale-new-mexico-01-g-600-g\/\" \/>\n<meta property=\"og:site_name\" content=\"Blumiz - Premium CBD\" \/>\n<meta property=\"article:modified_time\" content=\"2025-08-05T08:16:21+00:00\" \/>\n<meta property=\"og:image\" content=\"https:\/\/blumiz.com\/wp-content\/uploads\/2022\/09\/Gewicht-Digitalwaage-New-Mexico-01-g-\u2013-600-g.webp\" \/>\n\t<meta property=\"og:image:width\" content=\"600\" \/>\n\t<meta property=\"og:image:height\" content=\"600\" \/>\n\t<meta property=\"og:image:type\" content=\"image\/webp\" \/>\n<meta name=\"twitter:card\" content=\"summary_large_image\" \/>\n<meta name=\"twitter:label1\" content=\"Prix\" \/>\n\t<meta name=\"twitter:data1\" content=\"9,90&nbsp;&euro;\" \/>\n\t<meta name=\"twitter:label2\" content=\"Disponibilit\u00e9\" \/>\n\t<meta name=\"twitter:data2\" content=\"En stock\" \/>\n<script type=\"application\/ld+json\" class=\"yoast-schema-graph\">{\"@context\":\"https:\\\/\\\/schema.org\",\"@graph\":[{\"@type\":\"WebPage\",\"@id\":\"https:\\\/\\\/blumiz.com\\\/fr\\\/produit\\\/balance-digitale-new-mexico-01-g-600-g\\\/\",\"url\":\"https:\\\/\\\/blumiz.com\\\/fr\\\/produit\\\/balance-digitale-new-mexico-01-g-600-g\\\/\",\"name\":\"Balance num\u00e9rique Boston 0,1 g - 100 g - Blumiz - Premium CBD\",\"isPartOf\":{\"@id\":\"https:\\\/\\\/blumiz.com\\\/fr\\\/#website\"},\"primaryImageOfPage\":{\"@id\":\"https:\\\/\\\/blumiz.com\\\/fr\\\/produit\\\/balance-digitale-new-mexico-01-g-600-g\\\/#primaryimage\"},\"image\":{\"@id\":\"https:\\\/\\\/blumiz.com\\\/fr\\\/produit\\\/balance-digitale-new-mexico-01-g-600-g\\\/#primaryimage\"},\"thumbnailUrl\":\"https:\\\/\\\/blumiz.com\\\/wp-content\\\/uploads\\\/2022\\\/09\\\/Gewicht-Digitalwaage-New-Mexico-01-g-\u2013-600-g.webp\",\"datePublished\":\"2020-09-07T06:13:42+00:00\",\"dateModified\":\"2025-08-05T08:16:21+00:00\",\"description\":\"Balance num\u00e9rique Boston 0,1 g - 100 g - Blumiz - Premium CBD\",\"breadcrumb\":{\"@id\":\"https:\\\/\\\/blumiz.com\\\/fr\\\/produit\\\/balance-digitale-new-mexico-01-g-600-g\\\/#breadcrumb\"},\"inLanguage\":\"fr-FR\",\"potentialAction\":[{\"@type\":\"ReadAction\",\"target\":[\"https:\\\/\\\/blumiz.com\\\/fr\\\/produit\\\/balance-digitale-new-mexico-01-g-600-g\\\/\"]}]},{\"@type\":\"ImageObject\",\"inLanguage\":\"fr-FR\",\"@id\":\"https:\\\/\\\/blumiz.com\\\/fr\\\/produit\\\/balance-digitale-new-mexico-01-g-600-g\\\/#primaryimage\",\"url\":\"https:\\\/\\\/blumiz.com\\\/wp-content\\\/uploads\\\/2022\\\/09\\\/Gewicht-Digitalwaage-New-Mexico-01-g-\u2013-600-g.webp\",\"contentUrl\":\"https:\\\/\\\/blumiz.com\\\/wp-content\\\/uploads\\\/2022\\\/09\\\/Gewicht-Digitalwaage-New-Mexico-01-g-\u2013-600-g.webp\",\"width\":600,\"height\":600},{\"@type\":\"BreadcrumbList\",\"@id\":\"https:\\\/\\\/blumiz.com\\\/fr\\\/produit\\\/balance-digitale-new-mexico-01-g-600-g\\\/#breadcrumb\",\"itemListElement\":[{\"@type\":\"ListItem\",\"position\":1,\"name\":\"Blumiz\",\"item\":\"https:\\\/\\\/blumiz.com\\\/fr\\\/\"},{\"@type\":\"ListItem\",\"position\":2,\"name\":\"CBD Shop\",\"item\":\"https:\\\/\\\/blumiz.com\\\/fr\\\/acheter-cbd-shop\\\/\"},{\"@type\":\"ListItem\",\"position\":3,\"name\":\"HeadShop\",\"item\":\"https:\\\/\\\/blumiz.com\\\/fr\\\/category\\\/headshop\\\/\"},{\"@type\":\"ListItem\",\"position\":4,\"name\":\"Balance num\u00e9rique Boston 0,1 g &#8211; 100 g\"}]},{\"@type\":\"WebSite\",\"@id\":\"https:\\\/\\\/blumiz.com\\\/fr\\\/#website\",\"url\":\"https:\\\/\\\/blumiz.com\\\/fr\\\/\",\"name\":\"Blumiz - Premium CBD\",\"description\":\"Blumiz, Cannabis specialist\",\"publisher\":{\"@id\":\"https:\\\/\\\/blumiz.com\\\/fr\\\/#organization\"},\"alternateName\":\"Blumiz\",\"potentialAction\":[{\"@type\":\"SearchAction\",\"target\":{\"@type\":\"EntryPoint\",\"urlTemplate\":\"https:\\\/\\\/blumiz.com\\\/fr\\\/?s={search_term_string}\"},\"query-input\":{\"@type\":\"PropertyValueSpecification\",\"valueRequired\":true,\"valueName\":\"search_term_string\"}}],\"inLanguage\":\"fr-FR\"},{\"@type\":\"Organization\",\"@id\":\"https:\\\/\\\/blumiz.com\\\/fr\\\/#organization\",\"name\":\"Blumiz CBD\",\"alternateName\":\"Blumiz\",\"url\":\"https:\\\/\\\/blumiz.com\\\/fr\\\/\",\"logo\":{\"@type\":\"ImageObject\",\"inLanguage\":\"fr-FR\",\"@id\":\"https:\\\/\\\/blumiz.com\\\/fr\\\/#\\\/schema\\\/logo\\\/image\\\/\",\"url\":\"https:\\\/\\\/blumiz.com\\\/wp-content\\\/uploads\\\/2026\\\/02\\\/cropped-Blumiz-CBD-logo.webp\",\"contentUrl\":\"https:\\\/\\\/blumiz.com\\\/wp-content\\\/uploads\\\/2026\\\/02\\\/cropped-Blumiz-CBD-logo.webp\",\"width\":2547,\"height\":778,\"caption\":\"Blumiz CBD\"},\"image\":{\"@id\":\"https:\\\/\\\/blumiz.com\\\/fr\\\/#\\\/schema\\\/logo\\\/image\\\/\"}}]}<\/script>\n<meta property=\"product:price:amount\" content=\"9.90\" \/>\n<meta property=\"product:price:currency\" content=\"EUR\" \/>\n<meta property=\"og:availability\" content=\"instock\" \/>\n<meta property=\"product:availability\" content=\"instock\" \/>\n<meta property=\"product:retailer_item_id\" content=\"52854\" \/>\n<meta property=\"product:condition\" content=\"new\" \/>\n<!-- \/ Yoast SEO Premium plugin. -->","yoast_head_json":{"title":"Balance num\u00e9rique Boston 0,1 g - 100 g - Blumiz - Premium CBD","description":"Balance num\u00e9rique Boston 0,1 g - 100 g - Blumiz - Premium CBD","robots":{"index":"index","follow":"follow","max-snippet":"max-snippet:-1","max-image-preview":"max-image-preview:large","max-video-preview":"max-video-preview:-1"},"canonical":"https:\/\/blumiz.com\/fr\/produit\/balance-digitale-new-mexico-01-g-600-g\/","og_locale":"fr_FR","og_type":"article","og_title":"Balance num\u00e9rique Boston 0,1 g - 100 g","og_description":"Balance num\u00e9rique Boston 0,1 g - 100 g Blumiz - Premium CBD","og_url":"https:\/\/blumiz.com\/fr\/produit\/balance-digitale-new-mexico-01-g-600-g\/","og_site_name":"Blumiz - Premium CBD","article_modified_time":"2025-08-05T08:16:21+00:00","og_image":[{"width":600,"height":600,"url":"https:\/\/blumiz.com\/wp-content\/uploads\/2022\/09\/Gewicht-Digitalwaage-New-Mexico-01-g-\u2013-600-g.webp","type":"image\/webp"}],"twitter_card":"summary_large_image","twitter_misc":{"Prix":"9,90&nbsp;&euro;","Disponibilit\u00e9":"En stock"},"schema":{"@context":"https:\/\/schema.org","@graph":[{"@type":"WebPage","@id":"https:\/\/blumiz.com\/fr\/produit\/balance-digitale-new-mexico-01-g-600-g\/","url":"https:\/\/blumiz.com\/fr\/produit\/balance-digitale-new-mexico-01-g-600-g\/","name":"Balance num\u00e9rique Boston 0,1 g - 100 g - Blumiz - Premium CBD","isPartOf":{"@id":"https:\/\/blumiz.com\/fr\/#website"},"primaryImageOfPage":{"@id":"https:\/\/blumiz.com\/fr\/produit\/balance-digitale-new-mexico-01-g-600-g\/#primaryimage"},"image":{"@id":"https:\/\/blumiz.com\/fr\/produit\/balance-digitale-new-mexico-01-g-600-g\/#primaryimage"},"thumbnailUrl":"https:\/\/blumiz.com\/wp-content\/uploads\/2022\/09\/Gewicht-Digitalwaage-New-Mexico-01-g-\u2013-600-g.webp","datePublished":"2020-09-07T06:13:42+00:00","dateModified":"2025-08-05T08:16:21+00:00","description":"Balance num\u00e9rique Boston 0,1 g - 100 g - Blumiz - Premium CBD","breadcrumb":{"@id":"https:\/\/blumiz.com\/fr\/produit\/balance-digitale-new-mexico-01-g-600-g\/#breadcrumb"},"inLanguage":"fr-FR","potentialAction":[{"@type":"ReadAction","target":["https:\/\/blumiz.com\/fr\/produit\/balance-digitale-new-mexico-01-g-600-g\/"]}]},{"@type":"ImageObject","inLanguage":"fr-FR","@id":"https:\/\/blumiz.com\/fr\/produit\/balance-digitale-new-mexico-01-g-600-g\/#primaryimage","url":"https:\/\/blumiz.com\/wp-content\/uploads\/2022\/09\/Gewicht-Digitalwaage-New-Mexico-01-g-\u2013-600-g.webp","contentUrl":"https:\/\/blumiz.com\/wp-content\/uploads\/2022\/09\/Gewicht-Digitalwaage-New-Mexico-01-g-\u2013-600-g.webp","width":600,"height":600},{"@type":"BreadcrumbList","@id":"https:\/\/blumiz.com\/fr\/produit\/balance-digitale-new-mexico-01-g-600-g\/#breadcrumb","itemListElement":[{"@type":"ListItem","position":1,"name":"Blumiz","item":"https:\/\/blumiz.com\/fr\/"},{"@type":"ListItem","position":2,"name":"CBD Shop","item":"https:\/\/blumiz.com\/fr\/acheter-cbd-shop\/"},{"@type":"ListItem","position":3,"name":"HeadShop","item":"https:\/\/blumiz.com\/fr\/category\/headshop\/"},{"@type":"ListItem","position":4,"name":"Balance num\u00e9rique Boston 0,1 g &#8211; 100 g"}]},{"@type":"WebSite","@id":"https:\/\/blumiz.com\/fr\/#website","url":"https:\/\/blumiz.com\/fr\/","name":"Blumiz - Premium CBD","description":"Blumiz, Cannabis specialist","publisher":{"@id":"https:\/\/blumiz.com\/fr\/#organization"},"alternateName":"Blumiz","potentialAction":[{"@type":"SearchAction","target":{"@type":"EntryPoint","urlTemplate":"https:\/\/blumiz.com\/fr\/?s={search_term_string}"},"query-input":{"@type":"PropertyValueSpecification","valueRequired":true,"valueName":"search_term_string"}}],"inLanguage":"fr-FR"},{"@type":"Organization","@id":"https:\/\/blumiz.com\/fr\/#organization","name":"Blumiz CBD","alternateName":"Blumiz","url":"https:\/\/blumiz.com\/fr\/","logo":{"@type":"ImageObject","inLanguage":"fr-FR","@id":"https:\/\/blumiz.com\/fr\/#\/schema\/logo\/image\/","url":"https:\/\/blumiz.com\/wp-content\/uploads\/2026\/02\/cropped-Blumiz-CBD-logo.webp","contentUrl":"https:\/\/blumiz.com\/wp-content\/uploads\/2026\/02\/cropped-Blumiz-CBD-logo.webp","width":2547,"height":778,"caption":"Blumiz CBD"},"image":{"@id":"https:\/\/blumiz.com\/fr\/#\/schema\/logo\/image\/"}}]},"product_price_amount":"9.90","product_price_currency":"EUR","og_availability":"instock","product_availability":"instock","product_retailer_item_id":"52854","product_condition":"new"},"_links":{"self":[{"href":"https:\/\/blumiz.com\/fr\/wp-json\/wp\/v2\/product\/8078","targetHints":{"allow":["GET"]}}],"collection":[{"href":"https:\/\/blumiz.com\/fr\/wp-json\/wp\/v2\/product"}],"about":[{"href":"https:\/\/blumiz.com\/fr\/wp-json\/wp\/v2\/types\/product"}],"replies":[{"embeddable":true,"href":"https:\/\/blumiz.com\/fr\/wp-json\/wp\/v2\/comments?post=8078"}],"version-history":[{"count":0,"href":"https:\/\/blumiz.com\/fr\/wp-json\/wp\/v2\/product\/8078\/revisions"}],"wp:featuredmedia":[{"embeddable":true,"href":"https:\/\/blumiz.com\/fr\/wp-json\/wp\/v2\/media\/6755"}],"wp:attachment":[{"href":"https:\/\/blumiz.com\/fr\/wp-json\/wp\/v2\/media?parent=8078"}],"wp:term":[{"taxonomy":"product_brand","embeddable":true,"href":"https:\/\/blumiz.com\/fr\/wp-json\/wp\/v2\/product_brand?post=8078"},{"taxonomy":"product_cat","embeddable":true,"href":"https:\/\/blumiz.com\/fr\/wp-json\/wp\/v2\/product_cat?post=8078"},{"taxonomy":"product_tag","embeddable":true,"href":"https:\/\/blumiz.com\/fr\/wp-json\/wp\/v2\/product_tag?post=8078"}],"curies":[{"name":"wp","href":"https:\/\/api.w.org\/{rel}","templated":true}]}}