{"id":8086,"date":"2022-09-07T08:04:02","date_gmt":"2022-09-07T07:04:02","guid":{"rendered":"https:\/\/blumiz.com\/produkt\/blunt-juicy-jays-gout-de-cannabis-tropical-x-2-blunt\/"},"modified":"2025-08-11T17:55:08","modified_gmt":"2025-08-11T16:55:08","slug":"blunt-juicy-jays-gout-de-cannabis-tropical-x-2-blunt","status":"publish","type":"product","link":"https:\/\/blumiz.com\/fr\/produit\/blunt-juicy-jays-gout-de-cannabis-tropical-x-2-blunt\/","title":{"rendered":"Blunt &#8211; Go\u00fbt de cannabis tropical &#8211; Tropical &#8211; Juicy Jay&#8217;s &#8211; x 2 Blunt"},"content":{"rendered":"<h2>Description Blunt &#8211; Go\u00fbt de cannabis tropical &#8211; Tropical &#8211; Juicy Jay&#8217;s &#8211; x 2 Blunt<\/h2>\n<p>Juicy Jay&#8217;s Hemp Wraps Blunt Tropical \u00e9tait d\u00e9j\u00e0 connu dans le monde entier pour ses savoureux wraps, mais ils en ont encore rajout\u00e9 une couche ! Ce processus secret d&#8217;intensification est r\u00e9alis\u00e9 en R\u00e9publique dominicaine dans des conditions id\u00e9ales pour le tabac, afin de garantir que les wraps Juicy Jay restent humides et savoureux (contrairement \u00e0 d&#8217;autres wraps secs). La m\u00e9thode caract\u00e9ristique de go\u00fbt triple dip est utilis\u00e9e pour produire les Juicy Jay&#8217;s Wraps.Jay&#8217;s Hemp Wraps Blunt Tropical Wraps sont riches en go\u00fbt et id\u00e9ales pour une exp\u00e9rience de fumer un cigare frais. En raison de la m\u00e9thode unique de saveur triple dip, ces wraps blunt \u00e0 combustion lente de R\u00e9publique dominicaine fournissent sans aucun doute un coup de go\u00fbt. Le double cigare humide Tropical Passion Juicy est emball\u00e9 dans un sachet en plastique refermable.<\/p>\n<p>Juicy Jay vend une grande vari\u00e9t\u00e9 de papiers \u00e0 cigarettes aromatis\u00e9s, de rouleaux et de blunts de cigares. Les blunts aromatis\u00e9s de Jay ne sont rien d&#8217;autre qu&#8217;une petite b\u00eate qui peut vous emmener dans un voyage fou. Les Juicy Jay Hemp Cigar Blunts disposent de diff\u00e9rents ar\u00f4mes que chaque fumeur sent et go\u00fbte diff\u00e9remment. Pour ceux qui souhaitent arr\u00eater de fumer, ces blunts sont compos\u00e9s de chanvre bio et ne contiennent ni tabac ni nicotine.<\/p>\n<p>Principales caract\u00e9ristiques du produit<\/p>\n<p>Wraps par paquet : 2 wraps de chanvre pur pour profiter de la fum\u00e9e. Go\u00fbt : Le Juicy Jay Tropical Wrap offre une combinaison bizarre de saveurs qui vous \u00e9tonnera, car chaque personne qui le sent obtient sa propre essence. Le go\u00fbt de ces blunts am\u00e9liore votre exp\u00e9rience de fumeur tout en stimulant votre sens de l&#8217;odorat. \u00c0 chaque bouff\u00e9e, l&#8217;ar\u00f4me laisse un arri\u00e8re-go\u00fbt agr\u00e9able.<br \/>\nJuicy Jay a une grande fa\u00e7on de rendre ses enveloppes de fum\u00e9e blonde juteuses et d\u00e9licieuses. Ces blunts \u00e0 fumer sont fabriqu\u00e9s avec un syst\u00e8me d&#8217;ar\u00f4me triple dip. Chaque papier \u00e0 cigarette \u00e9mouss\u00e9 est plong\u00e9 et tremp\u00e9 pour lui donner le go\u00fbt n\u00e9cessaire \u00e0 une exp\u00e9rience de tabagisme inoubliable.<\/p>\n<p>Fabriqu\u00e9 \u00e0 partir de chanvre pur : Juicy Jay fabrique tous ses papiers \u00e0 cigarettes et ses papiers blunt-wrap \u00e0 partir de fibres naturelles respectueuses de l&#8217;environnement. Chaque Juicy Hemp Wrap Blunt est fabriqu\u00e9 \u00e0 partir de chanvre pur et offre \u00e0 chaque utilisateur une excellente exp\u00e9rience de tabagisme. Gomme \u00e0 sucre naturelle : la bande de gomme contenue dans le papier blunt-wrap aromatis\u00e9 est obtenue naturellement \u00e0 partir de plantes.<br \/>\nBr\u00fble lentement et uniform\u00e9ment : comme les blunts de cigares sont plus \u00e9pais que le papier \u00e0 cigarette et ont une texture rugueuse partout, ils br\u00fblent lentement et uniform\u00e9ment, ce qui laisse aux fumeurs suffisamment de temps pour appr\u00e9cier et compl\u00e9ter le blunt. Emballage refermable Zip-Lock : l&#8217;emballage contient deux blunts qui, une fois ouverts, peuvent \u00eatre referm\u00e9s dans l&#8217;emballage refermable Zip-Lock. Ce sac \u00e0 fermeture \u00e9clair contribue \u00e0 pr\u00e9server la fra\u00eecheur et le go\u00fbt du blunt gauche.<\/p>\n","protected":false},"excerpt":{"rendered":"<h2>Paquet de 2 blunts de chanvre de la marque Juicy Tropical Passion saveur :<\/h2>\n<p>Profitez de toute l&#8217;intensit\u00e9 de son parfum de fruit de la passion gr\u00e2ce \u00e0 son sachet herm\u00e9tique et refermable ! Faciles \u00e0 rouler, elles ont un aspect collant.<\/p>\n<p>Linge de lit de taille king-size. Ne contient pas de TABAC<\/p>\n<p>&nbsp;<\/p>\n","protected":false},"featured_media":6762,"comment_status":"open","ping_status":"closed","template":"","meta":{"site-sidebar-layout":"default","site-content-layout":"default","ast-site-content-layout":"default","site-content-style":"default","site-sidebar-style":"default","ast-global-header-display":"","ast-banner-title-visibility":"","ast-main-header-display":"","ast-hfb-above-header-display":"","ast-hfb-below-header-display":"","ast-hfb-mobile-header-display":"","site-post-title":"","ast-breadcrumbs-content":"","ast-featured-img":"","footer-sml-layout":"","ast-disable-related-posts":"","theme-transparent-header-meta":"default","adv-header-id-meta":"","stick-header-meta":"default","header-above-stick-meta":"","header-main-stick-meta":"","header-below-stick-meta":"","astra-migrate-meta-layouts":"default","ast-page-background-enabled":"default","ast-page-background-meta":{"desktop":{"background-color":"","background-image":"","background-repeat":"repeat","background-position":"center center","background-size":"auto","background-attachment":"scroll","background-type":"","background-media":"","overlay-type":"","overlay-color":"","overlay-opacity":"","overlay-gradient":""},"tablet":{"background-color":"","background-image":"","background-repeat":"repeat","background-position":"center center","background-size":"auto","background-attachment":"scroll","background-type":"","background-media":"","overlay-type":"","overlay-color":"","overlay-opacity":"","overlay-gradient":""},"mobile":{"background-color":"","background-image":"","background-repeat":"repeat","background-position":"center center","background-size":"auto","background-attachment":"scroll","background-type":"","background-media":"","overlay-type":"","overlay-color":"","overlay-opacity":"","overlay-gradient":""}},"ast-content-background-meta":{"desktop":{"background-color":"var(--ast-global-color-5)","background-image":"","background-repeat":"repeat","background-position":"center center","background-size":"auto","background-attachment":"scroll","background-type":"","background-media":"","overlay-type":"","overlay-color":"","overlay-opacity":"","overlay-gradient":""},"tablet":{"background-color":"var(--ast-global-color-5)","background-image":"","background-repeat":"repeat","background-position":"center center","background-size":"auto","background-attachment":"scroll","background-type":"","background-media":"","overlay-type":"","overlay-color":"","overlay-opacity":"","overlay-gradient":""},"mobile":{"background-color":"var(--ast-global-color-5)","background-image":"","background-repeat":"repeat","background-position":"center center","background-size":"auto","background-attachment":"scroll","background-type":"","background-media":"","overlay-type":"","overlay-color":"","overlay-opacity":"","overlay-gradient":""}}},"product_brand":[],"product_cat":[177],"product_tag":[],"class_list":{"0":"post-8086","1":"product","2":"type-product","3":"status-publish","4":"has-post-thumbnail","6":"product_cat-headshop","7":"desktop-align-left","8":"tablet-align-center","9":"mobile-align-left","10":"ast-product-gallery-layout-vertical","11":"ast-magnify-disabled","12":"ast-product-tabs-layout-horizontal","14":"first","15":"instock","16":"taxable","17":"shipping-taxable","18":"purchasable","19":"product-type-simple"},"yoast_head":"<!-- This site is optimized with the Yoast SEO Premium plugin v27.2 (Yoast SEO v27.4) - https:\/\/yoast.com\/product\/yoast-seo-premium-wordpress\/ -->\n<title>Blumiz &#8211; Premium CBD<\/title>\n<meta name=\"description\" content=\"Blunt - Go\u00fbt de cannabis tropical - Tropical - Juicy Jay&#039;s - x 2 Blunt %%page% - Blumiz - Premium CBD Headshop, livraison rapide et meilleur prix\" \/>\n<meta name=\"robots\" content=\"index, follow, max-snippet:-1, max-image-preview:large, max-video-preview:-1\" \/>\n<link rel=\"canonical\" href=\"https:\/\/blumiz.com\/fr\/produit\/blunt-juicy-jays-gout-de-cannabis-tropical-x-2-blunt\/\" \/>\n<meta property=\"og:locale\" content=\"fr_FR\" \/>\n<meta property=\"og:type\" content=\"article\" \/>\n<meta property=\"og:title\" content=\"Blunt - Go\u00fbt de cannabis tropical - Tropical - Juicy Jay&#039;s - x 2 Blunt\" \/>\n<meta property=\"og:description\" content=\"Blunt - Go\u00fbt de cannabis tropical - Tropical - Juicy Jay&#039;s - x 2 Blunt Blumiz - Premium CBD\" \/>\n<meta property=\"og:url\" content=\"https:\/\/blumiz.com\/fr\/produit\/blunt-juicy-jays-gout-de-cannabis-tropical-x-2-blunt\/\" \/>\n<meta property=\"og:site_name\" content=\"Blumiz - Premium CBD\" \/>\n<meta property=\"article:modified_time\" content=\"2025-08-11T16:55:08+00:00\" \/>\n<meta property=\"og:image\" content=\"https:\/\/blumiz.com\/wp-content\/uploads\/2022\/09\/Juicy-Jays-Hemp-Wraps-Blunt-Tropical-Cannabisgeschmack-Tropical-Passion.webp\" \/>\n\t<meta property=\"og:image:width\" content=\"600\" \/>\n\t<meta property=\"og:image:height\" content=\"600\" \/>\n\t<meta property=\"og:image:type\" content=\"image\/webp\" \/>\n<meta name=\"twitter:card\" content=\"summary_large_image\" \/>\n<meta name=\"twitter:label1\" content=\"Prix\" \/>\n\t<meta name=\"twitter:data1\" content=\"1,90&nbsp;&euro;\" \/>\n\t<meta name=\"twitter:label2\" content=\"Disponibilit\u00e9\" \/>\n\t<meta name=\"twitter:data2\" content=\"En stock\" \/>\n<script type=\"application\/ld+json\" class=\"yoast-schema-graph\">{\"@context\":\"https:\\\/\\\/schema.org\",\"@graph\":[{\"@type\":\"WebPage\",\"@id\":\"https:\\\/\\\/blumiz.com\\\/fr\\\/produit\\\/blunt-juicy-jays-gout-de-cannabis-tropical-x-2-blunt\\\/\",\"url\":\"https:\\\/\\\/blumiz.com\\\/fr\\\/produit\\\/blunt-juicy-jays-gout-de-cannabis-tropical-x-2-blunt\\\/\",\"name\":\"\",\"isPartOf\":{\"@id\":\"https:\\\/\\\/blumiz.com\\\/fr\\\/#website\"},\"primaryImageOfPage\":{\"@id\":\"https:\\\/\\\/blumiz.com\\\/fr\\\/produit\\\/blunt-juicy-jays-gout-de-cannabis-tropical-x-2-blunt\\\/#primaryimage\"},\"image\":{\"@id\":\"https:\\\/\\\/blumiz.com\\\/fr\\\/produit\\\/blunt-juicy-jays-gout-de-cannabis-tropical-x-2-blunt\\\/#primaryimage\"},\"thumbnailUrl\":\"https:\\\/\\\/blumiz.com\\\/wp-content\\\/uploads\\\/2022\\\/09\\\/Juicy-Jays-Hemp-Wraps-Blunt-Tropical-Cannabisgeschmack-Tropical-Passion.webp\",\"datePublished\":\"2022-09-07T07:04:02+00:00\",\"dateModified\":\"2025-08-11T16:55:08+00:00\",\"description\":\"Blunt - Go\u00fbt de cannabis tropical - Tropical - Juicy Jay's - x 2 Blunt %%page% - Blumiz - Premium CBD Headshop, livraison rapide et meilleur prix\",\"breadcrumb\":{\"@id\":\"https:\\\/\\\/blumiz.com\\\/fr\\\/produit\\\/blunt-juicy-jays-gout-de-cannabis-tropical-x-2-blunt\\\/#breadcrumb\"},\"inLanguage\":\"fr-FR\",\"potentialAction\":[{\"@type\":\"ReadAction\",\"target\":[\"https:\\\/\\\/blumiz.com\\\/fr\\\/produit\\\/blunt-juicy-jays-gout-de-cannabis-tropical-x-2-blunt\\\/\"]}]},{\"@type\":\"ImageObject\",\"inLanguage\":\"fr-FR\",\"@id\":\"https:\\\/\\\/blumiz.com\\\/fr\\\/produit\\\/blunt-juicy-jays-gout-de-cannabis-tropical-x-2-blunt\\\/#primaryimage\",\"url\":\"https:\\\/\\\/blumiz.com\\\/wp-content\\\/uploads\\\/2022\\\/09\\\/Juicy-Jays-Hemp-Wraps-Blunt-Tropical-Cannabisgeschmack-Tropical-Passion.webp\",\"contentUrl\":\"https:\\\/\\\/blumiz.com\\\/wp-content\\\/uploads\\\/2022\\\/09\\\/Juicy-Jays-Hemp-Wraps-Blunt-Tropical-Cannabisgeschmack-Tropical-Passion.webp\",\"width\":600,\"height\":600},{\"@type\":\"BreadcrumbList\",\"@id\":\"https:\\\/\\\/blumiz.com\\\/fr\\\/produit\\\/blunt-juicy-jays-gout-de-cannabis-tropical-x-2-blunt\\\/#breadcrumb\",\"itemListElement\":[{\"@type\":\"ListItem\",\"position\":1,\"name\":\"Blumiz\",\"item\":\"https:\\\/\\\/blumiz.com\\\/fr\\\/\"},{\"@type\":\"ListItem\",\"position\":2,\"name\":\"CBD Shop\",\"item\":\"https:\\\/\\\/blumiz.com\\\/fr\\\/acheter-cbd-shop\\\/\"},{\"@type\":\"ListItem\",\"position\":3,\"name\":\"HeadShop\",\"item\":\"https:\\\/\\\/blumiz.com\\\/fr\\\/category\\\/headshop\\\/\"},{\"@type\":\"ListItem\",\"position\":4,\"name\":\"Blunt &#8211; Go\u00fbt de cannabis tropical &#8211; Tropical &#8211; Juicy Jay&#8217;s &#8211; x 2 Blunt\"}]},{\"@type\":\"WebSite\",\"@id\":\"https:\\\/\\\/blumiz.com\\\/fr\\\/#website\",\"url\":\"https:\\\/\\\/blumiz.com\\\/fr\\\/\",\"name\":\"Blumiz - Premium CBD\",\"description\":\"Blumiz, Cannabis specialist\",\"publisher\":{\"@id\":\"https:\\\/\\\/blumiz.com\\\/fr\\\/#organization\"},\"alternateName\":\"Blumiz\",\"potentialAction\":[{\"@type\":\"SearchAction\",\"target\":{\"@type\":\"EntryPoint\",\"urlTemplate\":\"https:\\\/\\\/blumiz.com\\\/fr\\\/?s={search_term_string}\"},\"query-input\":{\"@type\":\"PropertyValueSpecification\",\"valueRequired\":true,\"valueName\":\"search_term_string\"}}],\"inLanguage\":\"fr-FR\"},{\"@type\":\"Organization\",\"@id\":\"https:\\\/\\\/blumiz.com\\\/fr\\\/#organization\",\"name\":\"Blumiz CBD\",\"alternateName\":\"Blumiz\",\"url\":\"https:\\\/\\\/blumiz.com\\\/fr\\\/\",\"logo\":{\"@type\":\"ImageObject\",\"inLanguage\":\"fr-FR\",\"@id\":\"https:\\\/\\\/blumiz.com\\\/fr\\\/#\\\/schema\\\/logo\\\/image\\\/\",\"url\":\"https:\\\/\\\/blumiz.com\\\/wp-content\\\/uploads\\\/2026\\\/02\\\/cropped-Blumiz-CBD-logo.webp\",\"contentUrl\":\"https:\\\/\\\/blumiz.com\\\/wp-content\\\/uploads\\\/2026\\\/02\\\/cropped-Blumiz-CBD-logo.webp\",\"width\":2547,\"height\":778,\"caption\":\"Blumiz CBD\"},\"image\":{\"@id\":\"https:\\\/\\\/blumiz.com\\\/fr\\\/#\\\/schema\\\/logo\\\/image\\\/\"}}]}<\/script>\n<meta property=\"product:price:amount\" content=\"1.90\" \/>\n<meta property=\"product:price:currency\" content=\"EUR\" \/>\n<meta property=\"og:availability\" content=\"instock\" \/>\n<meta property=\"product:availability\" content=\"instock\" \/>\n<meta property=\"product:retailer_item_id\" content=\"676978\" \/>\n<meta property=\"product:condition\" content=\"new\" \/>\n<!-- \/ Yoast SEO Premium plugin. -->","yoast_head_json":{"title":"Blumiz &#8211; Premium CBD","description":"Blunt - Go\u00fbt de cannabis tropical - Tropical - Juicy Jay's - x 2 Blunt %%page% - Blumiz - Premium CBD Headshop, livraison rapide et meilleur prix","robots":{"index":"index","follow":"follow","max-snippet":"max-snippet:-1","max-image-preview":"max-image-preview:large","max-video-preview":"max-video-preview:-1"},"canonical":"https:\/\/blumiz.com\/fr\/produit\/blunt-juicy-jays-gout-de-cannabis-tropical-x-2-blunt\/","og_locale":"fr_FR","og_type":"article","og_title":"Blunt - Go\u00fbt de cannabis tropical - Tropical - Juicy Jay's - x 2 Blunt","og_description":"Blunt - Go\u00fbt de cannabis tropical - Tropical - Juicy Jay's - x 2 Blunt Blumiz - Premium CBD","og_url":"https:\/\/blumiz.com\/fr\/produit\/blunt-juicy-jays-gout-de-cannabis-tropical-x-2-blunt\/","og_site_name":"Blumiz - Premium CBD","article_modified_time":"2025-08-11T16:55:08+00:00","og_image":[{"width":600,"height":600,"url":"https:\/\/blumiz.com\/wp-content\/uploads\/2022\/09\/Juicy-Jays-Hemp-Wraps-Blunt-Tropical-Cannabisgeschmack-Tropical-Passion.webp","type":"image\/webp"}],"twitter_card":"summary_large_image","twitter_misc":{"Prix":"1,90&nbsp;&euro;","Disponibilit\u00e9":"En stock"},"schema":{"@context":"https:\/\/schema.org","@graph":[{"@type":"WebPage","@id":"https:\/\/blumiz.com\/fr\/produit\/blunt-juicy-jays-gout-de-cannabis-tropical-x-2-blunt\/","url":"https:\/\/blumiz.com\/fr\/produit\/blunt-juicy-jays-gout-de-cannabis-tropical-x-2-blunt\/","name":"","isPartOf":{"@id":"https:\/\/blumiz.com\/fr\/#website"},"primaryImageOfPage":{"@id":"https:\/\/blumiz.com\/fr\/produit\/blunt-juicy-jays-gout-de-cannabis-tropical-x-2-blunt\/#primaryimage"},"image":{"@id":"https:\/\/blumiz.com\/fr\/produit\/blunt-juicy-jays-gout-de-cannabis-tropical-x-2-blunt\/#primaryimage"},"thumbnailUrl":"https:\/\/blumiz.com\/wp-content\/uploads\/2022\/09\/Juicy-Jays-Hemp-Wraps-Blunt-Tropical-Cannabisgeschmack-Tropical-Passion.webp","datePublished":"2022-09-07T07:04:02+00:00","dateModified":"2025-08-11T16:55:08+00:00","description":"Blunt - Go\u00fbt de cannabis tropical - Tropical - Juicy Jay's - x 2 Blunt %%page% - Blumiz - Premium CBD Headshop, livraison rapide et meilleur prix","breadcrumb":{"@id":"https:\/\/blumiz.com\/fr\/produit\/blunt-juicy-jays-gout-de-cannabis-tropical-x-2-blunt\/#breadcrumb"},"inLanguage":"fr-FR","potentialAction":[{"@type":"ReadAction","target":["https:\/\/blumiz.com\/fr\/produit\/blunt-juicy-jays-gout-de-cannabis-tropical-x-2-blunt\/"]}]},{"@type":"ImageObject","inLanguage":"fr-FR","@id":"https:\/\/blumiz.com\/fr\/produit\/blunt-juicy-jays-gout-de-cannabis-tropical-x-2-blunt\/#primaryimage","url":"https:\/\/blumiz.com\/wp-content\/uploads\/2022\/09\/Juicy-Jays-Hemp-Wraps-Blunt-Tropical-Cannabisgeschmack-Tropical-Passion.webp","contentUrl":"https:\/\/blumiz.com\/wp-content\/uploads\/2022\/09\/Juicy-Jays-Hemp-Wraps-Blunt-Tropical-Cannabisgeschmack-Tropical-Passion.webp","width":600,"height":600},{"@type":"BreadcrumbList","@id":"https:\/\/blumiz.com\/fr\/produit\/blunt-juicy-jays-gout-de-cannabis-tropical-x-2-blunt\/#breadcrumb","itemListElement":[{"@type":"ListItem","position":1,"name":"Blumiz","item":"https:\/\/blumiz.com\/fr\/"},{"@type":"ListItem","position":2,"name":"CBD Shop","item":"https:\/\/blumiz.com\/fr\/acheter-cbd-shop\/"},{"@type":"ListItem","position":3,"name":"HeadShop","item":"https:\/\/blumiz.com\/fr\/category\/headshop\/"},{"@type":"ListItem","position":4,"name":"Blunt &#8211; Go\u00fbt de cannabis tropical &#8211; Tropical &#8211; Juicy Jay&#8217;s &#8211; x 2 Blunt"}]},{"@type":"WebSite","@id":"https:\/\/blumiz.com\/fr\/#website","url":"https:\/\/blumiz.com\/fr\/","name":"Blumiz - Premium CBD","description":"Blumiz, Cannabis specialist","publisher":{"@id":"https:\/\/blumiz.com\/fr\/#organization"},"alternateName":"Blumiz","potentialAction":[{"@type":"SearchAction","target":{"@type":"EntryPoint","urlTemplate":"https:\/\/blumiz.com\/fr\/?s={search_term_string}"},"query-input":{"@type":"PropertyValueSpecification","valueRequired":true,"valueName":"search_term_string"}}],"inLanguage":"fr-FR"},{"@type":"Organization","@id":"https:\/\/blumiz.com\/fr\/#organization","name":"Blumiz CBD","alternateName":"Blumiz","url":"https:\/\/blumiz.com\/fr\/","logo":{"@type":"ImageObject","inLanguage":"fr-FR","@id":"https:\/\/blumiz.com\/fr\/#\/schema\/logo\/image\/","url":"https:\/\/blumiz.com\/wp-content\/uploads\/2026\/02\/cropped-Blumiz-CBD-logo.webp","contentUrl":"https:\/\/blumiz.com\/wp-content\/uploads\/2026\/02\/cropped-Blumiz-CBD-logo.webp","width":2547,"height":778,"caption":"Blumiz CBD"},"image":{"@id":"https:\/\/blumiz.com\/fr\/#\/schema\/logo\/image\/"}}]},"product_price_amount":"1.90","product_price_currency":"EUR","og_availability":"instock","product_availability":"instock","product_retailer_item_id":"676978","product_condition":"new"},"_links":{"self":[{"href":"https:\/\/blumiz.com\/fr\/wp-json\/wp\/v2\/product\/8086","targetHints":{"allow":["GET"]}}],"collection":[{"href":"https:\/\/blumiz.com\/fr\/wp-json\/wp\/v2\/product"}],"about":[{"href":"https:\/\/blumiz.com\/fr\/wp-json\/wp\/v2\/types\/product"}],"replies":[{"embeddable":true,"href":"https:\/\/blumiz.com\/fr\/wp-json\/wp\/v2\/comments?post=8086"}],"version-history":[{"count":0,"href":"https:\/\/blumiz.com\/fr\/wp-json\/wp\/v2\/product\/8086\/revisions"}],"wp:featuredmedia":[{"embeddable":true,"href":"https:\/\/blumiz.com\/fr\/wp-json\/wp\/v2\/media\/6762"}],"wp:attachment":[{"href":"https:\/\/blumiz.com\/fr\/wp-json\/wp\/v2\/media?parent=8086"}],"wp:term":[{"taxonomy":"product_brand","embeddable":true,"href":"https:\/\/blumiz.com\/fr\/wp-json\/wp\/v2\/product_brand?post=8086"},{"taxonomy":"product_cat","embeddable":true,"href":"https:\/\/blumiz.com\/fr\/wp-json\/wp\/v2\/product_cat?post=8086"},{"taxonomy":"product_tag","embeddable":true,"href":"https:\/\/blumiz.com\/fr\/wp-json\/wp\/v2\/product_tag?post=8086"}],"curies":[{"name":"wp","href":"https:\/\/api.w.org\/{rel}","templated":true}]}}