{"id":8089,"date":"2022-09-07T07:52:24","date_gmt":"2022-09-07T06:52:24","guid":{"rendered":"https:\/\/blumiz.com\/produkt\/4-pieces-grinder-en-alu-champ-high-40mm-qualite-premium\/"},"modified":"2025-10-07T09:46:23","modified_gmt":"2025-10-07T08:46:23","slug":"grinder-acheter-4-pieces-alu-champ-haute-60mm-qualite-premium","status":"publish","type":"product","link":"https:\/\/blumiz.com\/fr\/produit\/grinder-acheter-4-pieces-alu-champ-haute-60mm-qualite-premium\/","title":{"rendered":"GRINDER &#8211; 4-PARTIES &#8211; ALU-CHAMP HIGH 60mm &#8211; Qualit\u00e9 Premium"},"content":{"rendered":"<h2>Achetez un grinder de qualit\u00e9 pour m\u00e9langer votre herbe pr\u00e9f\u00e9r\u00e9e :<\/h2>\n<p>Achetez un grinder de qualit\u00e9 pour votre herbe pr\u00e9f\u00e9r\u00e9e.<\/p>\n<p>Qui pourrait r\u00e9sister \u00e0 ce magnifique grinder en aluminium aux lignes courbes et aux couleurs vives ?<\/p>\n<p>Le grinder de la marque Champ High, compos\u00e9 de 4 pi\u00e8ces, vous permet de broyer et d&#8217;\u00e9craser efficacement votre tabac. Il se compose des \u00e9l\u00e9ments suivants : une chambre de broyage, un niveau avec tamis et un bac de r\u00e9cup\u00e9ration.<\/p>\n<p>Il est petit, l\u00e9ger, peut \u00eatre emport\u00e9 partout et se glisse parfaitement dans une poche.<\/p>\n<p>Le couvercle est magn\u00e9tique et une spatule en plastique est fournie pour gratter les particules fines.<\/p>\n<p>diam\u00e8tre : 5 cm<\/p>\n<p>hauteur : 6 cm<\/p>\n<p>&nbsp;<\/p>\n","protected":false},"excerpt":{"rendered":"<h2>Grinder en aluminium de haute qualit\u00e9 en 4 parties<\/h2>\n<p>&nbsp;<\/p>\n","protected":false},"featured_media":6739,"comment_status":"open","ping_status":"closed","template":"","meta":{"site-sidebar-layout":"default","site-content-layout":"default","ast-site-content-layout":"default","site-content-style":"default","site-sidebar-style":"default","ast-global-header-display":"","ast-banner-title-visibility":"","ast-main-header-display":"","ast-hfb-above-header-display":"","ast-hfb-below-header-display":"","ast-hfb-mobile-header-display":"","site-post-title":"","ast-breadcrumbs-content":"","ast-featured-img":"","footer-sml-layout":"","ast-disable-related-posts":"","theme-transparent-header-meta":"default","adv-header-id-meta":"","stick-header-meta":"default","header-above-stick-meta":"","header-main-stick-meta":"","header-below-stick-meta":"","astra-migrate-meta-layouts":"default","ast-page-background-enabled":"default","ast-page-background-meta":{"desktop":{"background-color":"","background-image":"","background-repeat":"repeat","background-position":"center center","background-size":"auto","background-attachment":"scroll","background-type":"","background-media":"","overlay-type":"","overlay-color":"","overlay-opacity":"","overlay-gradient":""},"tablet":{"background-color":"","background-image":"","background-repeat":"repeat","background-position":"center center","background-size":"auto","background-attachment":"scroll","background-type":"","background-media":"","overlay-type":"","overlay-color":"","overlay-opacity":"","overlay-gradient":""},"mobile":{"background-color":"","background-image":"","background-repeat":"repeat","background-position":"center center","background-size":"auto","background-attachment":"scroll","background-type":"","background-media":"","overlay-type":"","overlay-color":"","overlay-opacity":"","overlay-gradient":""}},"ast-content-background-meta":{"desktop":{"background-color":"var(--ast-global-color-5)","background-image":"","background-repeat":"repeat","background-position":"center center","background-size":"auto","background-attachment":"scroll","background-type":"","background-media":"","overlay-type":"","overlay-color":"","overlay-opacity":"","overlay-gradient":""},"tablet":{"background-color":"var(--ast-global-color-5)","background-image":"","background-repeat":"repeat","background-position":"center center","background-size":"auto","background-attachment":"scroll","background-type":"","background-media":"","overlay-type":"","overlay-color":"","overlay-opacity":"","overlay-gradient":""},"mobile":{"background-color":"var(--ast-global-color-5)","background-image":"","background-repeat":"repeat","background-position":"center center","background-size":"auto","background-attachment":"scroll","background-type":"","background-media":"","overlay-type":"","overlay-color":"","overlay-opacity":"","overlay-gradient":""}}},"product_brand":[],"product_cat":[177],"product_tag":[],"class_list":{"0":"post-8089","1":"product","2":"type-product","3":"status-publish","4":"has-post-thumbnail","6":"product_cat-headshop","7":"desktop-align-left","8":"tablet-align-center","9":"mobile-align-left","10":"ast-product-gallery-layout-vertical","11":"ast-product-gallery-with-no-image","12":"ast-magnify-disabled","13":"ast-product-tabs-layout-horizontal","15":"first","16":"instock","17":"taxable","18":"shipping-taxable","19":"purchasable","20":"product-type-simple"},"yoast_head":"<!-- This site is optimized with the Yoast SEO Premium plugin v27.2 (Yoast SEO v27.4) - https:\/\/yoast.com\/product\/yoast-seo-premium-wordpress\/ -->\n<title>Acheter Grinder - 4 PARTIES - ALU CHAMP HIGH 60mm<\/title>\n<meta name=\"description\" content=\"Acheter Grinder - ALU - 4-PARTIES CHAMP HIGH 60mm - Qualit\u00e9 Premium - Blumiz - Premium CBD - Livraison discr\u00e8te et rapide - CBD et plus\" \/>\n<meta name=\"robots\" content=\"index, follow, max-snippet:-1, max-image-preview:large, max-video-preview:-1\" \/>\n<link rel=\"canonical\" href=\"https:\/\/blumiz.com\/fr\/produit\/grinder-acheter-4-pieces-alu-champ-haute-60mm-qualite-premium\/\" \/>\n<meta property=\"og:locale\" content=\"fr_FR\" \/>\n<meta property=\"og:type\" content=\"article\" \/>\n<meta property=\"og:title\" content=\"GRINDER - 4-PARTIES - ALU-CHAMP HIGH 60mm - Qualit\u00e9 Premium\" \/>\n<meta property=\"og:description\" content=\"GRINDER - 4-PARTIES - ALU-CHAMP HIGH 60mm - Qualit\u00e9 Premium Blumiz - Premium CBD\" \/>\n<meta property=\"og:url\" content=\"https:\/\/blumiz.com\/fr\/produit\/grinder-acheter-4-pieces-alu-champ-haute-60mm-qualite-premium\/\" \/>\n<meta property=\"og:site_name\" content=\"Blumiz - Premium CBD\" \/>\n<meta property=\"article:modified_time\" content=\"2025-10-07T08:46:23+00:00\" \/>\n<meta property=\"og:image\" content=\"https:\/\/blumiz.com\/wp-content\/uploads\/2022\/09\/Champ-High-Egg-Aluminium-Grinder-4-Teile-\u2013-40mm.webp\" \/>\n\t<meta property=\"og:image:width\" content=\"600\" \/>\n\t<meta property=\"og:image:height\" content=\"600\" \/>\n\t<meta property=\"og:image:type\" content=\"image\/webp\" \/>\n<meta name=\"twitter:card\" content=\"summary_large_image\" \/>\n<meta name=\"twitter:label1\" content=\"Prix\" \/>\n\t<meta name=\"twitter:data1\" content=\"18,90&nbsp;&euro;\" \/>\n\t<meta name=\"twitter:label2\" content=\"Disponibilit\u00e9\" \/>\n\t<meta name=\"twitter:data2\" content=\"En stock\" \/>\n<script type=\"application\/ld+json\" class=\"yoast-schema-graph\">{\"@context\":\"https:\\\/\\\/schema.org\",\"@graph\":[{\"@type\":\"WebPage\",\"@id\":\"https:\\\/\\\/blumiz.com\\\/fr\\\/produit\\\/grinder-acheter-4-pieces-alu-champ-haute-60mm-qualite-premium\\\/\",\"url\":\"https:\\\/\\\/blumiz.com\\\/fr\\\/produit\\\/grinder-acheter-4-pieces-alu-champ-haute-60mm-qualite-premium\\\/\",\"name\":\"Acheter Grinder - 4 PARTIES - ALU CHAMP HIGH 60mm\",\"isPartOf\":{\"@id\":\"https:\\\/\\\/blumiz.com\\\/fr\\\/#website\"},\"primaryImageOfPage\":{\"@id\":\"https:\\\/\\\/blumiz.com\\\/fr\\\/produit\\\/grinder-acheter-4-pieces-alu-champ-haute-60mm-qualite-premium\\\/#primaryimage\"},\"image\":{\"@id\":\"https:\\\/\\\/blumiz.com\\\/fr\\\/produit\\\/grinder-acheter-4-pieces-alu-champ-haute-60mm-qualite-premium\\\/#primaryimage\"},\"thumbnailUrl\":\"https:\\\/\\\/blumiz.com\\\/wp-content\\\/uploads\\\/2022\\\/09\\\/Champ-High-Egg-Aluminium-Grinder-4-Teile-\u2013-40mm.webp\",\"datePublished\":\"2022-09-07T06:52:24+00:00\",\"dateModified\":\"2025-10-07T08:46:23+00:00\",\"description\":\"Acheter Grinder - ALU - 4-PARTIES CHAMP HIGH 60mm - Qualit\u00e9 Premium - Blumiz - Premium CBD - Livraison discr\u00e8te et rapide - CBD et plus\",\"breadcrumb\":{\"@id\":\"https:\\\/\\\/blumiz.com\\\/fr\\\/produit\\\/grinder-acheter-4-pieces-alu-champ-haute-60mm-qualite-premium\\\/#breadcrumb\"},\"inLanguage\":\"fr-FR\",\"potentialAction\":[{\"@type\":\"ReadAction\",\"target\":[\"https:\\\/\\\/blumiz.com\\\/fr\\\/produit\\\/grinder-acheter-4-pieces-alu-champ-haute-60mm-qualite-premium\\\/\"]}]},{\"@type\":\"ImageObject\",\"inLanguage\":\"fr-FR\",\"@id\":\"https:\\\/\\\/blumiz.com\\\/fr\\\/produit\\\/grinder-acheter-4-pieces-alu-champ-haute-60mm-qualite-premium\\\/#primaryimage\",\"url\":\"https:\\\/\\\/blumiz.com\\\/wp-content\\\/uploads\\\/2022\\\/09\\\/Champ-High-Egg-Aluminium-Grinder-4-Teile-\u2013-40mm.webp\",\"contentUrl\":\"https:\\\/\\\/blumiz.com\\\/wp-content\\\/uploads\\\/2022\\\/09\\\/Champ-High-Egg-Aluminium-Grinder-4-Teile-\u2013-40mm.webp\",\"width\":600,\"height\":600},{\"@type\":\"BreadcrumbList\",\"@id\":\"https:\\\/\\\/blumiz.com\\\/fr\\\/produit\\\/grinder-acheter-4-pieces-alu-champ-haute-60mm-qualite-premium\\\/#breadcrumb\",\"itemListElement\":[{\"@type\":\"ListItem\",\"position\":1,\"name\":\"Blumiz\",\"item\":\"https:\\\/\\\/blumiz.com\\\/fr\\\/\"},{\"@type\":\"ListItem\",\"position\":2,\"name\":\"CBD Shop\",\"item\":\"https:\\\/\\\/blumiz.com\\\/fr\\\/acheter-cbd-shop\\\/\"},{\"@type\":\"ListItem\",\"position\":3,\"name\":\"HeadShop\",\"item\":\"https:\\\/\\\/blumiz.com\\\/fr\\\/category\\\/headshop\\\/\"},{\"@type\":\"ListItem\",\"position\":4,\"name\":\"GRINDER &#8211; 4-PARTIES &#8211; ALU-CHAMP HIGH 60mm &#8211; Qualit\u00e9 Premium\"}]},{\"@type\":\"WebSite\",\"@id\":\"https:\\\/\\\/blumiz.com\\\/fr\\\/#website\",\"url\":\"https:\\\/\\\/blumiz.com\\\/fr\\\/\",\"name\":\"Blumiz - Premium CBD\",\"description\":\"Blumiz, Cannabis specialist\",\"publisher\":{\"@id\":\"https:\\\/\\\/blumiz.com\\\/fr\\\/#organization\"},\"alternateName\":\"Blumiz\",\"potentialAction\":[{\"@type\":\"SearchAction\",\"target\":{\"@type\":\"EntryPoint\",\"urlTemplate\":\"https:\\\/\\\/blumiz.com\\\/fr\\\/?s={search_term_string}\"},\"query-input\":{\"@type\":\"PropertyValueSpecification\",\"valueRequired\":true,\"valueName\":\"search_term_string\"}}],\"inLanguage\":\"fr-FR\"},{\"@type\":\"Organization\",\"@id\":\"https:\\\/\\\/blumiz.com\\\/fr\\\/#organization\",\"name\":\"Blumiz CBD\",\"alternateName\":\"Blumiz\",\"url\":\"https:\\\/\\\/blumiz.com\\\/fr\\\/\",\"logo\":{\"@type\":\"ImageObject\",\"inLanguage\":\"fr-FR\",\"@id\":\"https:\\\/\\\/blumiz.com\\\/fr\\\/#\\\/schema\\\/logo\\\/image\\\/\",\"url\":\"https:\\\/\\\/blumiz.com\\\/wp-content\\\/uploads\\\/2026\\\/02\\\/cropped-Blumiz-CBD-logo.webp\",\"contentUrl\":\"https:\\\/\\\/blumiz.com\\\/wp-content\\\/uploads\\\/2026\\\/02\\\/cropped-Blumiz-CBD-logo.webp\",\"width\":2547,\"height\":778,\"caption\":\"Blumiz CBD\"},\"image\":{\"@id\":\"https:\\\/\\\/blumiz.com\\\/fr\\\/#\\\/schema\\\/logo\\\/image\\\/\"}}]}<\/script>\n<meta property=\"product:price:amount\" content=\"18.90\" \/>\n<meta property=\"product:price:currency\" content=\"EUR\" \/>\n<meta property=\"og:availability\" content=\"instock\" \/>\n<meta property=\"product:availability\" content=\"instock\" \/>\n<meta property=\"product:retailer_item_id\" content=\"164894\" \/>\n<meta property=\"product:condition\" content=\"new\" \/>\n<!-- \/ Yoast SEO Premium plugin. -->","yoast_head_json":{"title":"Acheter Grinder - 4 PARTIES - ALU CHAMP HIGH 60mm","description":"Acheter Grinder - ALU - 4-PARTIES CHAMP HIGH 60mm - Qualit\u00e9 Premium - Blumiz - Premium CBD - Livraison discr\u00e8te et rapide - CBD et plus","robots":{"index":"index","follow":"follow","max-snippet":"max-snippet:-1","max-image-preview":"max-image-preview:large","max-video-preview":"max-video-preview:-1"},"canonical":"https:\/\/blumiz.com\/fr\/produit\/grinder-acheter-4-pieces-alu-champ-haute-60mm-qualite-premium\/","og_locale":"fr_FR","og_type":"article","og_title":"GRINDER - 4-PARTIES - ALU-CHAMP HIGH 60mm - Qualit\u00e9 Premium","og_description":"GRINDER - 4-PARTIES - ALU-CHAMP HIGH 60mm - Qualit\u00e9 Premium Blumiz - Premium CBD","og_url":"https:\/\/blumiz.com\/fr\/produit\/grinder-acheter-4-pieces-alu-champ-haute-60mm-qualite-premium\/","og_site_name":"Blumiz - Premium CBD","article_modified_time":"2025-10-07T08:46:23+00:00","og_image":[{"width":600,"height":600,"url":"https:\/\/blumiz.com\/wp-content\/uploads\/2022\/09\/Champ-High-Egg-Aluminium-Grinder-4-Teile-\u2013-40mm.webp","type":"image\/webp"}],"twitter_card":"summary_large_image","twitter_misc":{"Prix":"18,90&nbsp;&euro;","Disponibilit\u00e9":"En stock"},"schema":{"@context":"https:\/\/schema.org","@graph":[{"@type":"WebPage","@id":"https:\/\/blumiz.com\/fr\/produit\/grinder-acheter-4-pieces-alu-champ-haute-60mm-qualite-premium\/","url":"https:\/\/blumiz.com\/fr\/produit\/grinder-acheter-4-pieces-alu-champ-haute-60mm-qualite-premium\/","name":"Acheter Grinder - 4 PARTIES - ALU CHAMP HIGH 60mm","isPartOf":{"@id":"https:\/\/blumiz.com\/fr\/#website"},"primaryImageOfPage":{"@id":"https:\/\/blumiz.com\/fr\/produit\/grinder-acheter-4-pieces-alu-champ-haute-60mm-qualite-premium\/#primaryimage"},"image":{"@id":"https:\/\/blumiz.com\/fr\/produit\/grinder-acheter-4-pieces-alu-champ-haute-60mm-qualite-premium\/#primaryimage"},"thumbnailUrl":"https:\/\/blumiz.com\/wp-content\/uploads\/2022\/09\/Champ-High-Egg-Aluminium-Grinder-4-Teile-\u2013-40mm.webp","datePublished":"2022-09-07T06:52:24+00:00","dateModified":"2025-10-07T08:46:23+00:00","description":"Acheter Grinder - ALU - 4-PARTIES CHAMP HIGH 60mm - Qualit\u00e9 Premium - Blumiz - Premium CBD - Livraison discr\u00e8te et rapide - CBD et plus","breadcrumb":{"@id":"https:\/\/blumiz.com\/fr\/produit\/grinder-acheter-4-pieces-alu-champ-haute-60mm-qualite-premium\/#breadcrumb"},"inLanguage":"fr-FR","potentialAction":[{"@type":"ReadAction","target":["https:\/\/blumiz.com\/fr\/produit\/grinder-acheter-4-pieces-alu-champ-haute-60mm-qualite-premium\/"]}]},{"@type":"ImageObject","inLanguage":"fr-FR","@id":"https:\/\/blumiz.com\/fr\/produit\/grinder-acheter-4-pieces-alu-champ-haute-60mm-qualite-premium\/#primaryimage","url":"https:\/\/blumiz.com\/wp-content\/uploads\/2022\/09\/Champ-High-Egg-Aluminium-Grinder-4-Teile-\u2013-40mm.webp","contentUrl":"https:\/\/blumiz.com\/wp-content\/uploads\/2022\/09\/Champ-High-Egg-Aluminium-Grinder-4-Teile-\u2013-40mm.webp","width":600,"height":600},{"@type":"BreadcrumbList","@id":"https:\/\/blumiz.com\/fr\/produit\/grinder-acheter-4-pieces-alu-champ-haute-60mm-qualite-premium\/#breadcrumb","itemListElement":[{"@type":"ListItem","position":1,"name":"Blumiz","item":"https:\/\/blumiz.com\/fr\/"},{"@type":"ListItem","position":2,"name":"CBD Shop","item":"https:\/\/blumiz.com\/fr\/acheter-cbd-shop\/"},{"@type":"ListItem","position":3,"name":"HeadShop","item":"https:\/\/blumiz.com\/fr\/category\/headshop\/"},{"@type":"ListItem","position":4,"name":"GRINDER &#8211; 4-PARTIES &#8211; ALU-CHAMP HIGH 60mm &#8211; Qualit\u00e9 Premium"}]},{"@type":"WebSite","@id":"https:\/\/blumiz.com\/fr\/#website","url":"https:\/\/blumiz.com\/fr\/","name":"Blumiz - Premium CBD","description":"Blumiz, Cannabis specialist","publisher":{"@id":"https:\/\/blumiz.com\/fr\/#organization"},"alternateName":"Blumiz","potentialAction":[{"@type":"SearchAction","target":{"@type":"EntryPoint","urlTemplate":"https:\/\/blumiz.com\/fr\/?s={search_term_string}"},"query-input":{"@type":"PropertyValueSpecification","valueRequired":true,"valueName":"search_term_string"}}],"inLanguage":"fr-FR"},{"@type":"Organization","@id":"https:\/\/blumiz.com\/fr\/#organization","name":"Blumiz CBD","alternateName":"Blumiz","url":"https:\/\/blumiz.com\/fr\/","logo":{"@type":"ImageObject","inLanguage":"fr-FR","@id":"https:\/\/blumiz.com\/fr\/#\/schema\/logo\/image\/","url":"https:\/\/blumiz.com\/wp-content\/uploads\/2026\/02\/cropped-Blumiz-CBD-logo.webp","contentUrl":"https:\/\/blumiz.com\/wp-content\/uploads\/2026\/02\/cropped-Blumiz-CBD-logo.webp","width":2547,"height":778,"caption":"Blumiz CBD"},"image":{"@id":"https:\/\/blumiz.com\/fr\/#\/schema\/logo\/image\/"}}]},"product_price_amount":"18.90","product_price_currency":"EUR","og_availability":"instock","product_availability":"instock","product_retailer_item_id":"164894","product_condition":"new"},"_links":{"self":[{"href":"https:\/\/blumiz.com\/fr\/wp-json\/wp\/v2\/product\/8089","targetHints":{"allow":["GET"]}}],"collection":[{"href":"https:\/\/blumiz.com\/fr\/wp-json\/wp\/v2\/product"}],"about":[{"href":"https:\/\/blumiz.com\/fr\/wp-json\/wp\/v2\/types\/product"}],"replies":[{"embeddable":true,"href":"https:\/\/blumiz.com\/fr\/wp-json\/wp\/v2\/comments?post=8089"}],"version-history":[{"count":0,"href":"https:\/\/blumiz.com\/fr\/wp-json\/wp\/v2\/product\/8089\/revisions"}],"wp:featuredmedia":[{"embeddable":true,"href":"https:\/\/blumiz.com\/fr\/wp-json\/wp\/v2\/media\/6739"}],"wp:attachment":[{"href":"https:\/\/blumiz.com\/fr\/wp-json\/wp\/v2\/media?parent=8089"}],"wp:term":[{"taxonomy":"product_brand","embeddable":true,"href":"https:\/\/blumiz.com\/fr\/wp-json\/wp\/v2\/product_brand?post=8089"},{"taxonomy":"product_cat","embeddable":true,"href":"https:\/\/blumiz.com\/fr\/wp-json\/wp\/v2\/product_cat?post=8089"},{"taxonomy":"product_tag","embeddable":true,"href":"https:\/\/blumiz.com\/fr\/wp-json\/wp\/v2\/product_tag?post=8089"}],"curies":[{"name":"wp","href":"https:\/\/api.w.org\/{rel}","templated":true}]}}