{"id":8093,"date":"2022-09-07T08:12:41","date_gmt":"2022-09-07T07:12:41","guid":{"rendered":"https:\/\/blumiz.com\/produkt\/blunt-juicy-jays-infuse-purple-gelato-saveur-cannabis-blunt-x2\/"},"modified":"2025-08-11T17:55:00","modified_gmt":"2025-08-11T16:55:00","slug":"blunt-juicy-jays-infused-purple-gelato-cannabis-gout-blunt-x2","status":"publish","type":"product","link":"https:\/\/blumiz.com\/fr\/produit\/blunt-juicy-jays-infused-purple-gelato-cannabis-gout-blunt-x2\/","title":{"rendered":"Blunt &#8211; Infus\u00e9 Purple Gelato Cannabis-Geschmack &#8211; Purple Wave &#8211; Juicy Jay&#8217;s &#8211; x 2 Blunt"},"content":{"rendered":"<h2>Blunt &#8211; Infus\u00e9 Purple Gelato Cannabis-Geschmack &#8211; Purple Wave &#8211; Juicy Jay&#8217;s &#8211; x 2 Blunt<\/h2>\n<p>Juicy Jay&#8217;s est connu pour son large assortiment de feuilles aromatis\u00e9es, de feuilles sur un rouleau et de sachets pr\u00e9-roul\u00e9s, mais il domine \u00e9galement le secteur des wraps naturels. Les wraps de Juicy Jay sont assaisonn\u00e9s avec leur fameux proc\u00e9d\u00e9 de saveur triple dip et scell\u00e9s de mani\u00e8re extra-forte pour la fra\u00eecheur ! Chaque paquet contient deux wraps. Ce produit ne contient ni tabac ni nicotine.<\/p>\n<p>Des terp\u00e8nes au go\u00fbt fabuleux !<\/p>\n<p>Une version am\u00e9lior\u00e9e des wraps au chanvre Juicy Jay ! Des terp\u00e8nes sont vers\u00e9s dans ces wraps au chanvre incroyablement savoureux et enrichis en terp\u00e8nes, ce qui en fait une option particuli\u00e8rement aromatique et savoureuse pour tourner un wrap bien gras. Les wraps au chanvre Juicy Jay ont \u00e9t\u00e9 mis \u00e0 jour ! Les terp\u00e8nes sont incorpor\u00e9s dans ces wraps au chanvre enrichis en terp\u00e8nes, ce qui leur conf\u00e8re une option exceptionnellement aromatique et savoureuse pour rouler un wrap gras. Les gars derri\u00e8re Juicy Jay&#8217;s Papers ont invent\u00e9 les wraps au chanvre pour rendre le rouler d&#8217;une cigarette rapide facile et agr\u00e9able. Tout ce qui vient de Juicy Jay est garanti excellent. Juicy Jay&#8217;s est connu pour ses d\u00e9licieux et savoureux papers et wraps, mais ils sont all\u00e9s encore plus loin en ajoutant encore PLUS de saveur !<\/p>\n<p>Contient 2 wraps par paquet<br \/>\nFabriqu\u00e9 \u00e0 partir de chanvre torr\u00e9fi\u00e9 100 % naturel<br \/>\nTerp\u00e8nes am\u00e9lior\u00e9s<br \/>\nEnrichi en terp\u00e8nes pour am\u00e9liorer les ar\u00f4mes et l&#8217;exp\u00e9rience de fumer<br \/>\nProfil des terp\u00e8nes : Purple Gelato (Purple Wave)<br \/>\nCe produit ne contient pas de THC, CBD ou tabac.<br \/>\nBr\u00fble lentement et donne satisfaction<br \/>\nExp\u00e9rience de fumer am\u00e9lior\u00e9e<br \/>\nScell\u00e9 pour une fra\u00eecheur garantie<\/p>\n","protected":false},"excerpt":{"rendered":"<h2>Paquet de 2 blunts de chanvre au go\u00fbt de gelato purple, enrichis de terp\u00e8nes<\/h2>\n<p>Profitez de toute l&#8217;intensit\u00e9 de son parfum de fruit de la passion gr\u00e2ce \u00e0 son sachet herm\u00e9tique et refermable ! Faciles \u00e0 rouler, elles ont un aspect collant.<\/p>\n<p>Linge de lit de taille king-size. Ne contient pas de TABAC<\/p>\n<p>&nbsp;<\/p>\n","protected":false},"featured_media":6763,"comment_status":"open","ping_status":"closed","template":"","meta":{"site-sidebar-layout":"default","site-content-layout":"default","ast-site-content-layout":"default","site-content-style":"default","site-sidebar-style":"default","ast-global-header-display":"","ast-banner-title-visibility":"","ast-main-header-display":"","ast-hfb-above-header-display":"","ast-hfb-below-header-display":"","ast-hfb-mobile-header-display":"","site-post-title":"","ast-breadcrumbs-content":"","ast-featured-img":"","footer-sml-layout":"","ast-disable-related-posts":"","theme-transparent-header-meta":"default","adv-header-id-meta":"","stick-header-meta":"default","header-above-stick-meta":"","header-main-stick-meta":"","header-below-stick-meta":"","astra-migrate-meta-layouts":"default","ast-page-background-enabled":"default","ast-page-background-meta":{"desktop":{"background-color":"","background-image":"","background-repeat":"repeat","background-position":"center center","background-size":"auto","background-attachment":"scroll","background-type":"","background-media":"","overlay-type":"","overlay-color":"","overlay-opacity":"","overlay-gradient":""},"tablet":{"background-color":"","background-image":"","background-repeat":"repeat","background-position":"center center","background-size":"auto","background-attachment":"scroll","background-type":"","background-media":"","overlay-type":"","overlay-color":"","overlay-opacity":"","overlay-gradient":""},"mobile":{"background-color":"","background-image":"","background-repeat":"repeat","background-position":"center center","background-size":"auto","background-attachment":"scroll","background-type":"","background-media":"","overlay-type":"","overlay-color":"","overlay-opacity":"","overlay-gradient":""}},"ast-content-background-meta":{"desktop":{"background-color":"var(--ast-global-color-5)","background-image":"","background-repeat":"repeat","background-position":"center center","background-size":"auto","background-attachment":"scroll","background-type":"","background-media":"","overlay-type":"","overlay-color":"","overlay-opacity":"","overlay-gradient":""},"tablet":{"background-color":"var(--ast-global-color-5)","background-image":"","background-repeat":"repeat","background-position":"center center","background-size":"auto","background-attachment":"scroll","background-type":"","background-media":"","overlay-type":"","overlay-color":"","overlay-opacity":"","overlay-gradient":""},"mobile":{"background-color":"var(--ast-global-color-5)","background-image":"","background-repeat":"repeat","background-position":"center center","background-size":"auto","background-attachment":"scroll","background-type":"","background-media":"","overlay-type":"","overlay-color":"","overlay-opacity":"","overlay-gradient":""}}},"product_brand":[],"product_cat":[177],"product_tag":[],"class_list":{"0":"post-8093","1":"product","2":"type-product","3":"status-publish","4":"has-post-thumbnail","6":"product_cat-headshop","7":"desktop-align-left","8":"tablet-align-center","9":"mobile-align-left","10":"ast-product-gallery-layout-vertical","11":"ast-magnify-disabled","12":"ast-product-tabs-layout-horizontal","14":"first","15":"instock","16":"taxable","17":"shipping-taxable","18":"purchasable","19":"product-type-simple"},"yoast_head":"<!-- This site is optimized with the Yoast SEO Premium plugin v27.2 (Yoast SEO v27.4) - https:\/\/yoast.com\/product\/yoast-seo-premium-wordpress\/ -->\n<title>Blunt - Infus\u00e9 Purple Gelato Cannabis-Geschmack - Purple Wave - Juicy Jay&#039;s - x 2 Blunt - Blumiz - Premium CBD<\/title>\n<meta name=\"description\" content=\"Blunt - Infus\u00e9 Purple Gelato Cannabis-Geschmack - Purple Wave - Juicy Jay&#039;s - x 2 Blunt - Blumiz - Premium CBD\" \/>\n<meta name=\"robots\" content=\"index, follow, max-snippet:-1, max-image-preview:large, max-video-preview:-1\" \/>\n<link rel=\"canonical\" href=\"https:\/\/blumiz.com\/fr\/produit\/blunt-juicy-jays-infused-purple-gelato-cannabis-gout-blunt-x2\/\" \/>\n<meta property=\"og:locale\" content=\"fr_FR\" \/>\n<meta property=\"og:type\" content=\"article\" \/>\n<meta property=\"og:title\" content=\"Blunt - Infus\u00e9 Purple Gelato Cannabis-Geschmack - Purple Wave - Juicy Jay&#039;s - x 2 Blunt\" \/>\n<meta property=\"og:description\" content=\"Blunt - Infus\u00e9 Purple Gelato Cannabis-Geschmack - Purple Wave - Juicy Jay&#039;s - x 2 Blunt Blumiz - Premium CBD\" \/>\n<meta property=\"og:url\" content=\"https:\/\/blumiz.com\/fr\/produit\/blunt-juicy-jays-infused-purple-gelato-cannabis-gout-blunt-x2\/\" \/>\n<meta property=\"og:site_name\" content=\"Blumiz - Premium CBD\" \/>\n<meta property=\"article:modified_time\" content=\"2025-08-11T16:55:00+00:00\" \/>\n<meta property=\"og:image\" content=\"https:\/\/blumiz.com\/wp-content\/uploads\/2022\/09\/Juicy-Jays-Hemp-Wraps-Purple-Wave-Purple-Gelato-mit-angereicherten-Terpenen-25-Stu\u0308ckDisplay.webp\" \/>\n\t<meta property=\"og:image:width\" content=\"600\" \/>\n\t<meta property=\"og:image:height\" content=\"600\" \/>\n\t<meta property=\"og:image:type\" content=\"image\/webp\" \/>\n<meta name=\"twitter:card\" content=\"summary_large_image\" \/>\n<meta name=\"twitter:label1\" content=\"Prix\" \/>\n\t<meta name=\"twitter:data1\" content=\"1,90&nbsp;&euro;\" \/>\n\t<meta name=\"twitter:label2\" content=\"Disponibilit\u00e9\" \/>\n\t<meta name=\"twitter:data2\" content=\"En stock\" \/>\n<script type=\"application\/ld+json\" class=\"yoast-schema-graph\">{\"@context\":\"https:\\\/\\\/schema.org\",\"@graph\":[{\"@type\":\"WebPage\",\"@id\":\"https:\\\/\\\/blumiz.com\\\/fr\\\/produit\\\/blunt-juicy-jays-infused-purple-gelato-cannabis-gout-blunt-x2\\\/\",\"url\":\"https:\\\/\\\/blumiz.com\\\/fr\\\/produit\\\/blunt-juicy-jays-infused-purple-gelato-cannabis-gout-blunt-x2\\\/\",\"name\":\"Blunt - Infus\u00e9 Purple Gelato Cannabis-Geschmack - Purple Wave - Juicy Jay's - x 2 Blunt - Blumiz - Premium CBD\",\"isPartOf\":{\"@id\":\"https:\\\/\\\/blumiz.com\\\/fr\\\/#website\"},\"primaryImageOfPage\":{\"@id\":\"https:\\\/\\\/blumiz.com\\\/fr\\\/produit\\\/blunt-juicy-jays-infused-purple-gelato-cannabis-gout-blunt-x2\\\/#primaryimage\"},\"image\":{\"@id\":\"https:\\\/\\\/blumiz.com\\\/fr\\\/produit\\\/blunt-juicy-jays-infused-purple-gelato-cannabis-gout-blunt-x2\\\/#primaryimage\"},\"thumbnailUrl\":\"https:\\\/\\\/blumiz.com\\\/wp-content\\\/uploads\\\/2022\\\/09\\\/Juicy-Jays-Hemp-Wraps-Purple-Wave-Purple-Gelato-mit-angereicherten-Terpenen-25-Stu\u0308ckDisplay.webp\",\"datePublished\":\"2022-09-07T07:12:41+00:00\",\"dateModified\":\"2025-08-11T16:55:00+00:00\",\"description\":\"Blunt - Infus\u00e9 Purple Gelato Cannabis-Geschmack - Purple Wave - Juicy Jay's - x 2 Blunt - Blumiz - Premium CBD\",\"breadcrumb\":{\"@id\":\"https:\\\/\\\/blumiz.com\\\/fr\\\/produit\\\/blunt-juicy-jays-infused-purple-gelato-cannabis-gout-blunt-x2\\\/#breadcrumb\"},\"inLanguage\":\"fr-FR\",\"potentialAction\":[{\"@type\":\"ReadAction\",\"target\":[\"https:\\\/\\\/blumiz.com\\\/fr\\\/produit\\\/blunt-juicy-jays-infused-purple-gelato-cannabis-gout-blunt-x2\\\/\"]}]},{\"@type\":\"ImageObject\",\"inLanguage\":\"fr-FR\",\"@id\":\"https:\\\/\\\/blumiz.com\\\/fr\\\/produit\\\/blunt-juicy-jays-infused-purple-gelato-cannabis-gout-blunt-x2\\\/#primaryimage\",\"url\":\"https:\\\/\\\/blumiz.com\\\/wp-content\\\/uploads\\\/2022\\\/09\\\/Juicy-Jays-Hemp-Wraps-Purple-Wave-Purple-Gelato-mit-angereicherten-Terpenen-25-Stu\u0308ckDisplay.webp\",\"contentUrl\":\"https:\\\/\\\/blumiz.com\\\/wp-content\\\/uploads\\\/2022\\\/09\\\/Juicy-Jays-Hemp-Wraps-Purple-Wave-Purple-Gelato-mit-angereicherten-Terpenen-25-Stu\u0308ckDisplay.webp\",\"width\":600,\"height\":600},{\"@type\":\"BreadcrumbList\",\"@id\":\"https:\\\/\\\/blumiz.com\\\/fr\\\/produit\\\/blunt-juicy-jays-infused-purple-gelato-cannabis-gout-blunt-x2\\\/#breadcrumb\",\"itemListElement\":[{\"@type\":\"ListItem\",\"position\":1,\"name\":\"Blumiz\",\"item\":\"https:\\\/\\\/blumiz.com\\\/fr\\\/\"},{\"@type\":\"ListItem\",\"position\":2,\"name\":\"CBD Shop\",\"item\":\"https:\\\/\\\/blumiz.com\\\/fr\\\/acheter-cbd-shop\\\/\"},{\"@type\":\"ListItem\",\"position\":3,\"name\":\"HeadShop\",\"item\":\"https:\\\/\\\/blumiz.com\\\/fr\\\/category\\\/headshop\\\/\"},{\"@type\":\"ListItem\",\"position\":4,\"name\":\"Blunt &#8211; Infus\u00e9 Purple Gelato Cannabis-Geschmack &#8211; Purple Wave &#8211; Juicy Jay&#8217;s &#8211; x 2 Blunt\"}]},{\"@type\":\"WebSite\",\"@id\":\"https:\\\/\\\/blumiz.com\\\/fr\\\/#website\",\"url\":\"https:\\\/\\\/blumiz.com\\\/fr\\\/\",\"name\":\"Blumiz - Premium CBD\",\"description\":\"Blumiz, Cannabis specialist\",\"publisher\":{\"@id\":\"https:\\\/\\\/blumiz.com\\\/fr\\\/#organization\"},\"alternateName\":\"Blumiz\",\"potentialAction\":[{\"@type\":\"SearchAction\",\"target\":{\"@type\":\"EntryPoint\",\"urlTemplate\":\"https:\\\/\\\/blumiz.com\\\/fr\\\/?s={search_term_string}\"},\"query-input\":{\"@type\":\"PropertyValueSpecification\",\"valueRequired\":true,\"valueName\":\"search_term_string\"}}],\"inLanguage\":\"fr-FR\"},{\"@type\":\"Organization\",\"@id\":\"https:\\\/\\\/blumiz.com\\\/fr\\\/#organization\",\"name\":\"Blumiz CBD\",\"alternateName\":\"Blumiz\",\"url\":\"https:\\\/\\\/blumiz.com\\\/fr\\\/\",\"logo\":{\"@type\":\"ImageObject\",\"inLanguage\":\"fr-FR\",\"@id\":\"https:\\\/\\\/blumiz.com\\\/fr\\\/#\\\/schema\\\/logo\\\/image\\\/\",\"url\":\"https:\\\/\\\/blumiz.com\\\/wp-content\\\/uploads\\\/2026\\\/02\\\/cropped-Blumiz-CBD-logo.webp\",\"contentUrl\":\"https:\\\/\\\/blumiz.com\\\/wp-content\\\/uploads\\\/2026\\\/02\\\/cropped-Blumiz-CBD-logo.webp\",\"width\":2547,\"height\":778,\"caption\":\"Blumiz CBD\"},\"image\":{\"@id\":\"https:\\\/\\\/blumiz.com\\\/fr\\\/#\\\/schema\\\/logo\\\/image\\\/\"}}]}<\/script>\n<meta property=\"product:price:amount\" content=\"1.90\" \/>\n<meta property=\"product:price:currency\" content=\"EUR\" \/>\n<meta property=\"og:availability\" content=\"instock\" \/>\n<meta property=\"product:availability\" content=\"instock\" \/>\n<meta property=\"product:retailer_item_id\" content=\"6955\" \/>\n<meta property=\"product:condition\" content=\"new\" \/>\n<!-- \/ Yoast SEO Premium plugin. -->","yoast_head_json":{"title":"Blunt - Infus\u00e9 Purple Gelato Cannabis-Geschmack - Purple Wave - Juicy Jay's - x 2 Blunt - Blumiz - Premium CBD","description":"Blunt - Infus\u00e9 Purple Gelato Cannabis-Geschmack - Purple Wave - Juicy Jay's - x 2 Blunt - Blumiz - Premium CBD","robots":{"index":"index","follow":"follow","max-snippet":"max-snippet:-1","max-image-preview":"max-image-preview:large","max-video-preview":"max-video-preview:-1"},"canonical":"https:\/\/blumiz.com\/fr\/produit\/blunt-juicy-jays-infused-purple-gelato-cannabis-gout-blunt-x2\/","og_locale":"fr_FR","og_type":"article","og_title":"Blunt - Infus\u00e9 Purple Gelato Cannabis-Geschmack - Purple Wave - Juicy Jay's - x 2 Blunt","og_description":"Blunt - Infus\u00e9 Purple Gelato Cannabis-Geschmack - Purple Wave - Juicy Jay's - x 2 Blunt Blumiz - Premium CBD","og_url":"https:\/\/blumiz.com\/fr\/produit\/blunt-juicy-jays-infused-purple-gelato-cannabis-gout-blunt-x2\/","og_site_name":"Blumiz - Premium CBD","article_modified_time":"2025-08-11T16:55:00+00:00","og_image":[{"width":600,"height":600,"url":"https:\/\/blumiz.com\/wp-content\/uploads\/2022\/09\/Juicy-Jays-Hemp-Wraps-Purple-Wave-Purple-Gelato-mit-angereicherten-Terpenen-25-Stu\u0308ckDisplay.webp","type":"image\/webp"}],"twitter_card":"summary_large_image","twitter_misc":{"Prix":"1,90&nbsp;&euro;","Disponibilit\u00e9":"En stock"},"schema":{"@context":"https:\/\/schema.org","@graph":[{"@type":"WebPage","@id":"https:\/\/blumiz.com\/fr\/produit\/blunt-juicy-jays-infused-purple-gelato-cannabis-gout-blunt-x2\/","url":"https:\/\/blumiz.com\/fr\/produit\/blunt-juicy-jays-infused-purple-gelato-cannabis-gout-blunt-x2\/","name":"Blunt - Infus\u00e9 Purple Gelato Cannabis-Geschmack - Purple Wave - Juicy Jay's - x 2 Blunt - Blumiz - Premium CBD","isPartOf":{"@id":"https:\/\/blumiz.com\/fr\/#website"},"primaryImageOfPage":{"@id":"https:\/\/blumiz.com\/fr\/produit\/blunt-juicy-jays-infused-purple-gelato-cannabis-gout-blunt-x2\/#primaryimage"},"image":{"@id":"https:\/\/blumiz.com\/fr\/produit\/blunt-juicy-jays-infused-purple-gelato-cannabis-gout-blunt-x2\/#primaryimage"},"thumbnailUrl":"https:\/\/blumiz.com\/wp-content\/uploads\/2022\/09\/Juicy-Jays-Hemp-Wraps-Purple-Wave-Purple-Gelato-mit-angereicherten-Terpenen-25-Stu\u0308ckDisplay.webp","datePublished":"2022-09-07T07:12:41+00:00","dateModified":"2025-08-11T16:55:00+00:00","description":"Blunt - Infus\u00e9 Purple Gelato Cannabis-Geschmack - Purple Wave - Juicy Jay's - x 2 Blunt - Blumiz - Premium CBD","breadcrumb":{"@id":"https:\/\/blumiz.com\/fr\/produit\/blunt-juicy-jays-infused-purple-gelato-cannabis-gout-blunt-x2\/#breadcrumb"},"inLanguage":"fr-FR","potentialAction":[{"@type":"ReadAction","target":["https:\/\/blumiz.com\/fr\/produit\/blunt-juicy-jays-infused-purple-gelato-cannabis-gout-blunt-x2\/"]}]},{"@type":"ImageObject","inLanguage":"fr-FR","@id":"https:\/\/blumiz.com\/fr\/produit\/blunt-juicy-jays-infused-purple-gelato-cannabis-gout-blunt-x2\/#primaryimage","url":"https:\/\/blumiz.com\/wp-content\/uploads\/2022\/09\/Juicy-Jays-Hemp-Wraps-Purple-Wave-Purple-Gelato-mit-angereicherten-Terpenen-25-Stu\u0308ckDisplay.webp","contentUrl":"https:\/\/blumiz.com\/wp-content\/uploads\/2022\/09\/Juicy-Jays-Hemp-Wraps-Purple-Wave-Purple-Gelato-mit-angereicherten-Terpenen-25-Stu\u0308ckDisplay.webp","width":600,"height":600},{"@type":"BreadcrumbList","@id":"https:\/\/blumiz.com\/fr\/produit\/blunt-juicy-jays-infused-purple-gelato-cannabis-gout-blunt-x2\/#breadcrumb","itemListElement":[{"@type":"ListItem","position":1,"name":"Blumiz","item":"https:\/\/blumiz.com\/fr\/"},{"@type":"ListItem","position":2,"name":"CBD Shop","item":"https:\/\/blumiz.com\/fr\/acheter-cbd-shop\/"},{"@type":"ListItem","position":3,"name":"HeadShop","item":"https:\/\/blumiz.com\/fr\/category\/headshop\/"},{"@type":"ListItem","position":4,"name":"Blunt &#8211; Infus\u00e9 Purple Gelato Cannabis-Geschmack &#8211; Purple Wave &#8211; Juicy Jay&#8217;s &#8211; x 2 Blunt"}]},{"@type":"WebSite","@id":"https:\/\/blumiz.com\/fr\/#website","url":"https:\/\/blumiz.com\/fr\/","name":"Blumiz - Premium CBD","description":"Blumiz, Cannabis specialist","publisher":{"@id":"https:\/\/blumiz.com\/fr\/#organization"},"alternateName":"Blumiz","potentialAction":[{"@type":"SearchAction","target":{"@type":"EntryPoint","urlTemplate":"https:\/\/blumiz.com\/fr\/?s={search_term_string}"},"query-input":{"@type":"PropertyValueSpecification","valueRequired":true,"valueName":"search_term_string"}}],"inLanguage":"fr-FR"},{"@type":"Organization","@id":"https:\/\/blumiz.com\/fr\/#organization","name":"Blumiz CBD","alternateName":"Blumiz","url":"https:\/\/blumiz.com\/fr\/","logo":{"@type":"ImageObject","inLanguage":"fr-FR","@id":"https:\/\/blumiz.com\/fr\/#\/schema\/logo\/image\/","url":"https:\/\/blumiz.com\/wp-content\/uploads\/2026\/02\/cropped-Blumiz-CBD-logo.webp","contentUrl":"https:\/\/blumiz.com\/wp-content\/uploads\/2026\/02\/cropped-Blumiz-CBD-logo.webp","width":2547,"height":778,"caption":"Blumiz CBD"},"image":{"@id":"https:\/\/blumiz.com\/fr\/#\/schema\/logo\/image\/"}}]},"product_price_amount":"1.90","product_price_currency":"EUR","og_availability":"instock","product_availability":"instock","product_retailer_item_id":"6955","product_condition":"new"},"_links":{"self":[{"href":"https:\/\/blumiz.com\/fr\/wp-json\/wp\/v2\/product\/8093","targetHints":{"allow":["GET"]}}],"collection":[{"href":"https:\/\/blumiz.com\/fr\/wp-json\/wp\/v2\/product"}],"about":[{"href":"https:\/\/blumiz.com\/fr\/wp-json\/wp\/v2\/types\/product"}],"replies":[{"embeddable":true,"href":"https:\/\/blumiz.com\/fr\/wp-json\/wp\/v2\/comments?post=8093"}],"version-history":[{"count":0,"href":"https:\/\/blumiz.com\/fr\/wp-json\/wp\/v2\/product\/8093\/revisions"}],"wp:featuredmedia":[{"embeddable":true,"href":"https:\/\/blumiz.com\/fr\/wp-json\/wp\/v2\/media\/6763"}],"wp:attachment":[{"href":"https:\/\/blumiz.com\/fr\/wp-json\/wp\/v2\/media?parent=8093"}],"wp:term":[{"taxonomy":"product_brand","embeddable":true,"href":"https:\/\/blumiz.com\/fr\/wp-json\/wp\/v2\/product_brand?post=8093"},{"taxonomy":"product_cat","embeddable":true,"href":"https:\/\/blumiz.com\/fr\/wp-json\/wp\/v2\/product_cat?post=8093"},{"taxonomy":"product_tag","embeddable":true,"href":"https:\/\/blumiz.com\/fr\/wp-json\/wp\/v2\/product_tag?post=8093"}],"curies":[{"name":"wp","href":"https:\/\/api.w.org\/{rel}","templated":true}]}}